{"id":51113,"date":"2024-12-13T15:05:47","date_gmt":"2024-12-13T13:05:47","guid":{"rendered":"https:\/\/colibri-jewels.eu\/?post_type=product&#038;p=51113"},"modified":"2025-05-23T21:10:34","modified_gmt":"2025-05-23T18:10:34","slug":"riippuvat-hopeiset-korvakorut-kultalevyilla-daisy","status":"publish","type":"product","link":"https:\/\/colibri-jewels.eu\/fi\/tuote\/riippuvat-hopeiset-korvakorut-kultalevyilla-daisy\/","title":{"rendered":"Riippuvat hopeiset korvakorut kultalevyill\u00e4 &#8221;Daisy&#8221;"},"content":{"rendered":"<p>N\u00e4m\u00e4 elegantit hopeiset korvakorut kultauksilla ilment\u00e4v\u00e4t hienostunutta makua ja tyylitajua. Yl\u00e4osassa on s\u00e4ihkyv\u00e4 zirkonia, josta laskeutuu herkk\u00e4 pisara, jota koristaa toinen pieni kivi. Muotoilun t\u00e4ydent\u00e4v\u00e4t kultaiset yksityiskohdat, jotka tuovat l\u00e4mpim\u00e4n s\u00e4dehtiv\u00e4n lis\u00e4n.<\/p>\n<p>T\u00e4ydelliset niin arkeen kuin erityisiin tilaisuuksiin, n\u00e4m\u00e4 korvakorut tuovat ripauksen hienostuneisuutta tyyliisi. Ajaton muotoilu ja korkealaatuinen k\u00e4sity\u00f6 tekev\u00e4t niist\u00e4 monipuolisen asusteen, joka korostaa kauneuttasi ja yksil\u00f6llisyytt\u00e4si.<\/p>\n<p>Hemmottele itse\u00e4si tai l\u00e4heist\u00e4si t\u00e4ll\u00e4 upealla korulla, joka symboloi eleganssia ja harmoniaa!<\/p>\n","protected":false},"excerpt":{"rendered":"<p>Kultalevyupotusten paino 0,18 g.<\/p>\n<p>Korvakorujen keskim\u00e4\u00e4r\u00e4inen paino 3,82 g, kokonaispituus \u2013 4 cm.<\/p>\n","protected":false},"featured_media":51114,"comment_status":"open","ping_status":"closed","template":"","meta":[],"etheme_brands":[],"product_brand":[],"product_cat":[987],"product_tag":[],"class_list":{"0":"post-51113","1":"product","2":"type-product","3":"status-publish","4":"has-post-thumbnail","6":"product_cat-korvakorut","8":"first","9":"instock","10":"shipping-taxable","11":"purchasable","12":"product-type-simple"},"acf":[],"yoast_head":"<!-- This site is optimized with the Yoast SEO Premium plugin v26.5 (Yoast SEO v26.8) - https:\/\/yoast.com\/product\/yoast-seo-premium-wordpress\/ -->\n<title>Riippuvat hopeiset korvakorut kultalevyill\u00e4 &quot;Daisy&quot; - Colibri jewels<\/title>\n<meta name=\"robots\" content=\"index, follow, max-snippet:-1, max-image-preview:large, max-video-preview:-1\" \/>\n<link rel=\"canonical\" href=\"https:\/\/colibri-jewels.eu\/fi\/tuote\/riippuvat-hopeiset-korvakorut-kultalevyilla-daisy\/\" \/>\n<meta property=\"og:locale\" content=\"fi_FI\" \/>\n<meta property=\"og:type\" content=\"article\" \/>\n<meta property=\"og:title\" content=\"Riippuvat hopeiset korvakorut kultalevyill\u00e4 &quot;Daisy&quot;\" \/>\n<meta property=\"og:description\" content=\"Kultalevyupotusten paino 0,18 g.  Korvakorujen keskim\u00e4\u00e4r\u00e4inen paino 3,82 g, kokonaispituus \u2013 4 cm.\" \/>\n<meta property=\"og:url\" content=\"https:\/\/colibri-jewels.eu\/fi\/tuote\/riippuvat-hopeiset-korvakorut-kultalevyilla-daisy\/\" \/>\n<meta property=\"og:site_name\" content=\"Colibri jewels\" \/>\n<meta property=\"article:publisher\" content=\"https:\/\/www.facebook.com\/colibri.jewels\" \/>\n<meta property=\"article:modified_time\" content=\"2025-05-23T18:10:34+00:00\" \/>\n<meta property=\"og:image\" content=\"https:\/\/colibri-jewels.eu\/wp-content\/uploads\/2024\/12\/silver-earrings-with-gold-plate-insert-Daisy.jpg\" \/>\n\t<meta property=\"og:image:width\" content=\"1000\" \/>\n\t<meta property=\"og:image:height\" content=\"1000\" \/>\n\t<meta property=\"og:image:type\" content=\"image\/jpeg\" \/>\n<meta name=\"twitter:card\" content=\"summary_large_image\" \/>\n<script type=\"application\/ld+json\" class=\"yoast-schema-graph\">{\"@context\":\"https:\/\/schema.org\",\"@graph\":[{\"@type\":\"WebPage\",\"@id\":\"https:\/\/colibri-jewels.eu\/fi\/tuote\/riippuvat-hopeiset-korvakorut-kultalevyilla-daisy\/\",\"url\":\"https:\/\/colibri-jewels.eu\/fi\/tuote\/riippuvat-hopeiset-korvakorut-kultalevyilla-daisy\/\",\"name\":\"Riippuvat hopeiset korvakorut kultalevyill\u00e4 \\\"Daisy\\\" - Colibri jewels\",\"isPartOf\":{\"@id\":\"https:\/\/colibri-jewels.eu\/fi\/#website\"},\"primaryImageOfPage\":{\"@id\":\"https:\/\/colibri-jewels.eu\/fi\/tuote\/riippuvat-hopeiset-korvakorut-kultalevyilla-daisy\/#primaryimage\"},\"image\":{\"@id\":\"https:\/\/colibri-jewels.eu\/fi\/tuote\/riippuvat-hopeiset-korvakorut-kultalevyilla-daisy\/#primaryimage\"},\"thumbnailUrl\":\"https:\/\/colibri-jewels.eu\/wp-content\/uploads\/2024\/12\/silver-earrings-with-gold-plate-insert-Daisy.jpg\",\"datePublished\":\"2024-12-13T13:05:47+00:00\",\"dateModified\":\"2025-05-23T18:10:34+00:00\",\"breadcrumb\":{\"@id\":\"https:\/\/colibri-jewels.eu\/fi\/tuote\/riippuvat-hopeiset-korvakorut-kultalevyilla-daisy\/#breadcrumb\"},\"inLanguage\":\"fi\",\"potentialAction\":[{\"@type\":\"ReadAction\",\"target\":[\"https:\/\/colibri-jewels.eu\/fi\/tuote\/riippuvat-hopeiset-korvakorut-kultalevyilla-daisy\/\"]}]},{\"@type\":\"ImageObject\",\"inLanguage\":\"fi\",\"@id\":\"https:\/\/colibri-jewels.eu\/fi\/tuote\/riippuvat-hopeiset-korvakorut-kultalevyilla-daisy\/#primaryimage\",\"url\":\"https:\/\/colibri-jewels.eu\/wp-content\/uploads\/2024\/12\/silver-earrings-with-gold-plate-insert-Daisy.jpg\",\"contentUrl\":\"https:\/\/colibri-jewels.eu\/wp-content\/uploads\/2024\/12\/silver-earrings-with-gold-plate-insert-Daisy.jpg\",\"width\":1000,\"height\":1000},{\"@type\":\"BreadcrumbList\",\"@id\":\"https:\/\/colibri-jewels.eu\/fi\/tuote\/riippuvat-hopeiset-korvakorut-kultalevyilla-daisy\/#breadcrumb\",\"itemListElement\":[{\"@type\":\"ListItem\",\"position\":1,\"name\":\"\u0413\u043b\u0430\u0432\u043d\u0430\u044f \u0441\u0442\u0440\u0430\u043d\u0438\u0446\u0430\",\"item\":\"https:\/\/colibri-jewels.eu\/fi\/\"},{\"@type\":\"ListItem\",\"position\":2,\"name\":\"Kauppa\",\"item\":\"https:\/\/colibri-jewels.eu\/fi\/kauppa\/\"},{\"@type\":\"ListItem\",\"position\":3,\"name\":\"Riippuvat hopeiset korvakorut kultalevyill\u00e4 &#8220;Daisy&#8221;\"}]},{\"@type\":\"WebSite\",\"@id\":\"https:\/\/colibri-jewels.eu\/fi\/#website\",\"url\":\"https:\/\/colibri-jewels.eu\/fi\/\",\"name\":\"Colibri jewels\",\"description\":\"jewelry shop\",\"publisher\":{\"@id\":\"https:\/\/colibri-jewels.eu\/fi\/#organization\"},\"potentialAction\":[{\"@type\":\"SearchAction\",\"target\":{\"@type\":\"EntryPoint\",\"urlTemplate\":\"https:\/\/colibri-jewels.eu\/fi\/?s={search_term_string}\"},\"query-input\":{\"@type\":\"PropertyValueSpecification\",\"valueRequired\":true,\"valueName\":\"search_term_string\"}}],\"inLanguage\":\"fi\"},{\"@type\":\"Organization\",\"@id\":\"https:\/\/colibri-jewels.eu\/fi\/#organization\",\"name\":\"O\u00dc Colibri\",\"url\":\"https:\/\/colibri-jewels.eu\/fi\/\",\"logo\":{\"@type\":\"ImageObject\",\"inLanguage\":\"fi\",\"@id\":\"https:\/\/colibri-jewels.eu\/fi\/#\/schema\/logo\/image\/\",\"url\":\"https:\/\/dev.colibri-jewels.eu\/wp-content\/uploads\/2021\/03\/colibri.png\",\"contentUrl\":\"https:\/\/dev.colibri-jewels.eu\/wp-content\/uploads\/2021\/03\/colibri.png\",\"width\":227,\"height\":130,\"caption\":\"O\u00dc Colibri\"},\"image\":{\"@id\":\"https:\/\/colibri-jewels.eu\/fi\/#\/schema\/logo\/image\/\"},\"sameAs\":[\"https:\/\/www.facebook.com\/colibri.jewels\",\"https:\/\/www.instagram.com\/colibri.jewels\",\"https:\/\/www.tiktok.com\/colibri.jewels\"]}]}<\/script>\n<!-- \/ Yoast SEO Premium plugin. -->","yoast_head_json":{"title":"Riippuvat hopeiset korvakorut kultalevyill\u00e4 \"Daisy\" - Colibri jewels","robots":{"index":"index","follow":"follow","max-snippet":"max-snippet:-1","max-image-preview":"max-image-preview:large","max-video-preview":"max-video-preview:-1"},"canonical":"https:\/\/colibri-jewels.eu\/fi\/tuote\/riippuvat-hopeiset-korvakorut-kultalevyilla-daisy\/","og_locale":"fi_FI","og_type":"article","og_title":"Riippuvat hopeiset korvakorut kultalevyill\u00e4 \"Daisy\"","og_description":"Kultalevyupotusten paino 0,18 g.  Korvakorujen keskim\u00e4\u00e4r\u00e4inen paino 3,82 g, kokonaispituus \u2013 4 cm.","og_url":"https:\/\/colibri-jewels.eu\/fi\/tuote\/riippuvat-hopeiset-korvakorut-kultalevyilla-daisy\/","og_site_name":"Colibri jewels","article_publisher":"https:\/\/www.facebook.com\/colibri.jewels","article_modified_time":"2025-05-23T18:10:34+00:00","og_image":[{"width":1000,"height":1000,"url":"https:\/\/colibri-jewels.eu\/wp-content\/uploads\/2024\/12\/silver-earrings-with-gold-plate-insert-Daisy.jpg","type":"image\/jpeg"}],"twitter_card":"summary_large_image","schema":{"@context":"https:\/\/schema.org","@graph":[{"@type":"WebPage","@id":"https:\/\/colibri-jewels.eu\/fi\/tuote\/riippuvat-hopeiset-korvakorut-kultalevyilla-daisy\/","url":"https:\/\/colibri-jewels.eu\/fi\/tuote\/riippuvat-hopeiset-korvakorut-kultalevyilla-daisy\/","name":"Riippuvat hopeiset korvakorut kultalevyill\u00e4 \"Daisy\" - Colibri jewels","isPartOf":{"@id":"https:\/\/colibri-jewels.eu\/fi\/#website"},"primaryImageOfPage":{"@id":"https:\/\/colibri-jewels.eu\/fi\/tuote\/riippuvat-hopeiset-korvakorut-kultalevyilla-daisy\/#primaryimage"},"image":{"@id":"https:\/\/colibri-jewels.eu\/fi\/tuote\/riippuvat-hopeiset-korvakorut-kultalevyilla-daisy\/#primaryimage"},"thumbnailUrl":"https:\/\/colibri-jewels.eu\/wp-content\/uploads\/2024\/12\/silver-earrings-with-gold-plate-insert-Daisy.jpg","datePublished":"2024-12-13T13:05:47+00:00","dateModified":"2025-05-23T18:10:34+00:00","breadcrumb":{"@id":"https:\/\/colibri-jewels.eu\/fi\/tuote\/riippuvat-hopeiset-korvakorut-kultalevyilla-daisy\/#breadcrumb"},"inLanguage":"fi","potentialAction":[{"@type":"ReadAction","target":["https:\/\/colibri-jewels.eu\/fi\/tuote\/riippuvat-hopeiset-korvakorut-kultalevyilla-daisy\/"]}]},{"@type":"ImageObject","inLanguage":"fi","@id":"https:\/\/colibri-jewels.eu\/fi\/tuote\/riippuvat-hopeiset-korvakorut-kultalevyilla-daisy\/#primaryimage","url":"https:\/\/colibri-jewels.eu\/wp-content\/uploads\/2024\/12\/silver-earrings-with-gold-plate-insert-Daisy.jpg","contentUrl":"https:\/\/colibri-jewels.eu\/wp-content\/uploads\/2024\/12\/silver-earrings-with-gold-plate-insert-Daisy.jpg","width":1000,"height":1000},{"@type":"BreadcrumbList","@id":"https:\/\/colibri-jewels.eu\/fi\/tuote\/riippuvat-hopeiset-korvakorut-kultalevyilla-daisy\/#breadcrumb","itemListElement":[{"@type":"ListItem","position":1,"name":"\u0413\u043b\u0430\u0432\u043d\u0430\u044f \u0441\u0442\u0440\u0430\u043d\u0438\u0446\u0430","item":"https:\/\/colibri-jewels.eu\/fi\/"},{"@type":"ListItem","position":2,"name":"Kauppa","item":"https:\/\/colibri-jewels.eu\/fi\/kauppa\/"},{"@type":"ListItem","position":3,"name":"Riippuvat hopeiset korvakorut kultalevyill\u00e4 &#8220;Daisy&#8221;"}]},{"@type":"WebSite","@id":"https:\/\/colibri-jewels.eu\/fi\/#website","url":"https:\/\/colibri-jewels.eu\/fi\/","name":"Colibri jewels","description":"jewelry shop","publisher":{"@id":"https:\/\/colibri-jewels.eu\/fi\/#organization"},"potentialAction":[{"@type":"SearchAction","target":{"@type":"EntryPoint","urlTemplate":"https:\/\/colibri-jewels.eu\/fi\/?s={search_term_string}"},"query-input":{"@type":"PropertyValueSpecification","valueRequired":true,"valueName":"search_term_string"}}],"inLanguage":"fi"},{"@type":"Organization","@id":"https:\/\/colibri-jewels.eu\/fi\/#organization","name":"O\u00dc Colibri","url":"https:\/\/colibri-jewels.eu\/fi\/","logo":{"@type":"ImageObject","inLanguage":"fi","@id":"https:\/\/colibri-jewels.eu\/fi\/#\/schema\/logo\/image\/","url":"https:\/\/dev.colibri-jewels.eu\/wp-content\/uploads\/2021\/03\/colibri.png","contentUrl":"https:\/\/dev.colibri-jewels.eu\/wp-content\/uploads\/2021\/03\/colibri.png","width":227,"height":130,"caption":"O\u00dc Colibri"},"image":{"@id":"https:\/\/colibri-jewels.eu\/fi\/#\/schema\/logo\/image\/"},"sameAs":["https:\/\/www.facebook.com\/colibri.jewels","https:\/\/www.instagram.com\/colibri.jewels","https:\/\/www.tiktok.com\/colibri.jewels"]}]}},"_links":{"self":[{"href":"https:\/\/colibri-jewels.eu\/fi\/wp-json\/wp\/v2\/product\/51113","targetHints":{"allow":["GET"]}}],"collection":[{"href":"https:\/\/colibri-jewels.eu\/fi\/wp-json\/wp\/v2\/product"}],"about":[{"href":"https:\/\/colibri-jewels.eu\/fi\/wp-json\/wp\/v2\/types\/product"}],"replies":[{"embeddable":true,"href":"https:\/\/colibri-jewels.eu\/fi\/wp-json\/wp\/v2\/comments?post=51113"}],"version-history":[{"count":0,"href":"https:\/\/colibri-jewels.eu\/fi\/wp-json\/wp\/v2\/product\/51113\/revisions"}],"wp:featuredmedia":[{"embeddable":true,"href":"https:\/\/colibri-jewels.eu\/fi\/wp-json\/wp\/v2\/media\/51114"}],"wp:attachment":[{"href":"https:\/\/colibri-jewels.eu\/fi\/wp-json\/wp\/v2\/media?parent=51113"}],"wp:term":[{"taxonomy":"brand","embeddable":true,"href":"https:\/\/colibri-jewels.eu\/fi\/wp-json\/wp\/v2\/etheme_brands?post=51113"},{"taxonomy":"product_brand","embeddable":true,"href":"https:\/\/colibri-jewels.eu\/fi\/wp-json\/wp\/v2\/product_brand?post=51113"},{"taxonomy":"product_cat","embeddable":true,"href":"https:\/\/colibri-jewels.eu\/fi\/wp-json\/wp\/v2\/product_cat?post=51113"},{"taxonomy":"product_tag","embeddable":true,"href":"https:\/\/colibri-jewels.eu\/fi\/wp-json\/wp\/v2\/product_tag?post=51113"}],"curies":[{"name":"wp","href":"https:\/\/api.w.org\/{rel}","templated":true}]}}