{"id":51115,"date":"2024-12-13T12:20:24","date_gmt":"2024-12-13T10:20:24","guid":{"rendered":"https:\/\/colibri-jewels.eu\/?post_type=product&#038;p=51115"},"modified":"2025-05-23T21:10:41","modified_gmt":"2025-05-23T18:10:41","slug":"riippuvat-ja-roikkuvat-hopeiset-korvakorut-saihkyvilla-kristalleilla-ja-kultalevyilla-viktoria","status":"publish","type":"product","link":"https:\/\/colibri-jewels.eu\/fi\/tuote\/riippuvat-ja-roikkuvat-hopeiset-korvakorut-saihkyvilla-kristalleilla-ja-kultalevyilla-viktoria\/","title":{"rendered":"Riippuvat ja roikkuvat hopeiset korvakorut s\u00e4ihkyvill\u00e4 kristalleilla ja kultalevyill\u00e4 &#8221;Viktoria&#8221;"},"content":{"rendered":"<p>N\u00e4m\u00e4 roikkuvat hopeiset korvakorut, joissa on s\u00e4ihkyv\u00e4t pisaranmuotoiset kristallit ja kultalevyt &#8221;Viktoria&#8221;, tulevat varmasti yhdeksi suosikeistasi! Elegantti kiilto, hell\u00e4t kristallipisarat ja yl\u00e4osan kultalevyupotus tekev\u00e4t niist\u00e4 sopivan asusteen l\u00e4hes mihin tahansa tilaisuuteen! K\u00e4yt\u00e4 niit\u00e4 esimerkiksi helminauhan kanssa cocktailtilaisuuksiin sopivana koruvaihtoehtona tai jonkin lakonisen riipuksen kanssa arkiel\u00e4m\u00e4ss\u00e4.<\/p>\n<p>&nbsp;<\/p>\n","protected":false},"excerpt":{"rendered":"<p>Kultalevyupotusten paino 0,08 grammaa.<\/p>\n<p>Korvakorujen keskim\u00e4\u00e4r\u00e4inen paino \u2013 6,77 grammaa, koko \u2013 3 cm.<\/p>\n","protected":false},"featured_media":51116,"comment_status":"open","ping_status":"closed","template":"","meta":[],"etheme_brands":[],"product_brand":[],"product_cat":[987],"product_tag":[],"class_list":{"0":"post-51115","1":"product","2":"type-product","3":"status-publish","4":"has-post-thumbnail","6":"product_cat-korvakorut","8":"first","9":"instock","10":"shipping-taxable","11":"purchasable","12":"product-type-simple"},"acf":[],"yoast_head":"<!-- This site is optimized with the Yoast SEO Premium plugin v26.5 (Yoast SEO v26.8) - https:\/\/yoast.com\/product\/yoast-seo-premium-wordpress\/ -->\n<title>Riippuvat ja roikkuvat hopeiset korvakorut s\u00e4ihkyvill\u00e4 kristalleilla ja kultalevyill\u00e4 &quot;Viktoria&quot; - Colibri jewels<\/title>\n<meta name=\"robots\" content=\"index, follow, max-snippet:-1, max-image-preview:large, max-video-preview:-1\" \/>\n<link rel=\"canonical\" href=\"https:\/\/colibri-jewels.eu\/fi\/tuote\/riippuvat-ja-roikkuvat-hopeiset-korvakorut-saihkyvilla-kristalleilla-ja-kultalevyilla-viktoria\/\" \/>\n<meta property=\"og:locale\" content=\"fi_FI\" \/>\n<meta property=\"og:type\" content=\"article\" \/>\n<meta property=\"og:title\" content=\"Riippuvat ja roikkuvat hopeiset korvakorut s\u00e4ihkyvill\u00e4 kristalleilla ja kultalevyill\u00e4 &quot;Viktoria&quot;\" \/>\n<meta property=\"og:description\" content=\"Kultalevyupotusten paino 0,08 grammaa.  Korvakorujen keskim\u00e4\u00e4r\u00e4inen paino \u2013 6,77 grammaa, koko \u2013 3 cm.\" \/>\n<meta property=\"og:url\" content=\"https:\/\/colibri-jewels.eu\/fi\/tuote\/riippuvat-ja-roikkuvat-hopeiset-korvakorut-saihkyvilla-kristalleilla-ja-kultalevyilla-viktoria\/\" \/>\n<meta property=\"og:site_name\" content=\"Colibri jewels\" \/>\n<meta property=\"article:publisher\" content=\"https:\/\/www.facebook.com\/colibri.jewels\" \/>\n<meta property=\"article:modified_time\" content=\"2025-05-23T18:10:41+00:00\" \/>\n<meta property=\"og:image\" content=\"https:\/\/colibri-jewels.eu\/wp-content\/uploads\/2024\/12\/silver-earrings-with-gold-plate-insert-Victoria.jpg\" \/>\n\t<meta property=\"og:image:width\" content=\"1000\" \/>\n\t<meta property=\"og:image:height\" content=\"1000\" \/>\n\t<meta property=\"og:image:type\" content=\"image\/jpeg\" \/>\n<meta name=\"twitter:card\" content=\"summary_large_image\" \/>\n<script type=\"application\/ld+json\" class=\"yoast-schema-graph\">{\"@context\":\"https:\/\/schema.org\",\"@graph\":[{\"@type\":\"WebPage\",\"@id\":\"https:\/\/colibri-jewels.eu\/fi\/tuote\/riippuvat-ja-roikkuvat-hopeiset-korvakorut-saihkyvilla-kristalleilla-ja-kultalevyilla-viktoria\/\",\"url\":\"https:\/\/colibri-jewels.eu\/fi\/tuote\/riippuvat-ja-roikkuvat-hopeiset-korvakorut-saihkyvilla-kristalleilla-ja-kultalevyilla-viktoria\/\",\"name\":\"Riippuvat ja roikkuvat hopeiset korvakorut s\u00e4ihkyvill\u00e4 kristalleilla ja kultalevyill\u00e4 \\\"Viktoria\\\" - Colibri jewels\",\"isPartOf\":{\"@id\":\"https:\/\/colibri-jewels.eu\/fi\/#website\"},\"primaryImageOfPage\":{\"@id\":\"https:\/\/colibri-jewels.eu\/fi\/tuote\/riippuvat-ja-roikkuvat-hopeiset-korvakorut-saihkyvilla-kristalleilla-ja-kultalevyilla-viktoria\/#primaryimage\"},\"image\":{\"@id\":\"https:\/\/colibri-jewels.eu\/fi\/tuote\/riippuvat-ja-roikkuvat-hopeiset-korvakorut-saihkyvilla-kristalleilla-ja-kultalevyilla-viktoria\/#primaryimage\"},\"thumbnailUrl\":\"https:\/\/colibri-jewels.eu\/wp-content\/uploads\/2024\/12\/silver-earrings-with-gold-plate-insert-Victoria.jpg\",\"datePublished\":\"2024-12-13T10:20:24+00:00\",\"dateModified\":\"2025-05-23T18:10:41+00:00\",\"breadcrumb\":{\"@id\":\"https:\/\/colibri-jewels.eu\/fi\/tuote\/riippuvat-ja-roikkuvat-hopeiset-korvakorut-saihkyvilla-kristalleilla-ja-kultalevyilla-viktoria\/#breadcrumb\"},\"inLanguage\":\"fi\",\"potentialAction\":[{\"@type\":\"ReadAction\",\"target\":[\"https:\/\/colibri-jewels.eu\/fi\/tuote\/riippuvat-ja-roikkuvat-hopeiset-korvakorut-saihkyvilla-kristalleilla-ja-kultalevyilla-viktoria\/\"]}]},{\"@type\":\"ImageObject\",\"inLanguage\":\"fi\",\"@id\":\"https:\/\/colibri-jewels.eu\/fi\/tuote\/riippuvat-ja-roikkuvat-hopeiset-korvakorut-saihkyvilla-kristalleilla-ja-kultalevyilla-viktoria\/#primaryimage\",\"url\":\"https:\/\/colibri-jewels.eu\/wp-content\/uploads\/2024\/12\/silver-earrings-with-gold-plate-insert-Victoria.jpg\",\"contentUrl\":\"https:\/\/colibri-jewels.eu\/wp-content\/uploads\/2024\/12\/silver-earrings-with-gold-plate-insert-Victoria.jpg\",\"width\":1000,\"height\":1000},{\"@type\":\"BreadcrumbList\",\"@id\":\"https:\/\/colibri-jewels.eu\/fi\/tuote\/riippuvat-ja-roikkuvat-hopeiset-korvakorut-saihkyvilla-kristalleilla-ja-kultalevyilla-viktoria\/#breadcrumb\",\"itemListElement\":[{\"@type\":\"ListItem\",\"position\":1,\"name\":\"\u0413\u043b\u0430\u0432\u043d\u0430\u044f \u0441\u0442\u0440\u0430\u043d\u0438\u0446\u0430\",\"item\":\"https:\/\/colibri-jewels.eu\/fi\/\"},{\"@type\":\"ListItem\",\"position\":2,\"name\":\"Kauppa\",\"item\":\"https:\/\/colibri-jewels.eu\/fi\/kauppa\/\"},{\"@type\":\"ListItem\",\"position\":3,\"name\":\"Riippuvat ja roikkuvat hopeiset korvakorut s\u00e4ihkyvill\u00e4 kristalleilla ja kultalevyill\u00e4 &#8220;Viktoria&#8221;\"}]},{\"@type\":\"WebSite\",\"@id\":\"https:\/\/colibri-jewels.eu\/fi\/#website\",\"url\":\"https:\/\/colibri-jewels.eu\/fi\/\",\"name\":\"Colibri jewels\",\"description\":\"jewelry shop\",\"publisher\":{\"@id\":\"https:\/\/colibri-jewels.eu\/fi\/#organization\"},\"potentialAction\":[{\"@type\":\"SearchAction\",\"target\":{\"@type\":\"EntryPoint\",\"urlTemplate\":\"https:\/\/colibri-jewels.eu\/fi\/?s={search_term_string}\"},\"query-input\":{\"@type\":\"PropertyValueSpecification\",\"valueRequired\":true,\"valueName\":\"search_term_string\"}}],\"inLanguage\":\"fi\"},{\"@type\":\"Organization\",\"@id\":\"https:\/\/colibri-jewels.eu\/fi\/#organization\",\"name\":\"O\u00dc Colibri\",\"url\":\"https:\/\/colibri-jewels.eu\/fi\/\",\"logo\":{\"@type\":\"ImageObject\",\"inLanguage\":\"fi\",\"@id\":\"https:\/\/colibri-jewels.eu\/fi\/#\/schema\/logo\/image\/\",\"url\":\"https:\/\/dev.colibri-jewels.eu\/wp-content\/uploads\/2021\/03\/colibri.png\",\"contentUrl\":\"https:\/\/dev.colibri-jewels.eu\/wp-content\/uploads\/2021\/03\/colibri.png\",\"width\":227,\"height\":130,\"caption\":\"O\u00dc Colibri\"},\"image\":{\"@id\":\"https:\/\/colibri-jewels.eu\/fi\/#\/schema\/logo\/image\/\"},\"sameAs\":[\"https:\/\/www.facebook.com\/colibri.jewels\",\"https:\/\/www.instagram.com\/colibri.jewels\",\"https:\/\/www.tiktok.com\/colibri.jewels\"]}]}<\/script>\n<!-- \/ Yoast SEO Premium plugin. -->","yoast_head_json":{"title":"Riippuvat ja roikkuvat hopeiset korvakorut s\u00e4ihkyvill\u00e4 kristalleilla ja kultalevyill\u00e4 \"Viktoria\" - Colibri jewels","robots":{"index":"index","follow":"follow","max-snippet":"max-snippet:-1","max-image-preview":"max-image-preview:large","max-video-preview":"max-video-preview:-1"},"canonical":"https:\/\/colibri-jewels.eu\/fi\/tuote\/riippuvat-ja-roikkuvat-hopeiset-korvakorut-saihkyvilla-kristalleilla-ja-kultalevyilla-viktoria\/","og_locale":"fi_FI","og_type":"article","og_title":"Riippuvat ja roikkuvat hopeiset korvakorut s\u00e4ihkyvill\u00e4 kristalleilla ja kultalevyill\u00e4 \"Viktoria\"","og_description":"Kultalevyupotusten paino 0,08 grammaa.  Korvakorujen keskim\u00e4\u00e4r\u00e4inen paino \u2013 6,77 grammaa, koko \u2013 3 cm.","og_url":"https:\/\/colibri-jewels.eu\/fi\/tuote\/riippuvat-ja-roikkuvat-hopeiset-korvakorut-saihkyvilla-kristalleilla-ja-kultalevyilla-viktoria\/","og_site_name":"Colibri jewels","article_publisher":"https:\/\/www.facebook.com\/colibri.jewels","article_modified_time":"2025-05-23T18:10:41+00:00","og_image":[{"width":1000,"height":1000,"url":"https:\/\/colibri-jewels.eu\/wp-content\/uploads\/2024\/12\/silver-earrings-with-gold-plate-insert-Victoria.jpg","type":"image\/jpeg"}],"twitter_card":"summary_large_image","schema":{"@context":"https:\/\/schema.org","@graph":[{"@type":"WebPage","@id":"https:\/\/colibri-jewels.eu\/fi\/tuote\/riippuvat-ja-roikkuvat-hopeiset-korvakorut-saihkyvilla-kristalleilla-ja-kultalevyilla-viktoria\/","url":"https:\/\/colibri-jewels.eu\/fi\/tuote\/riippuvat-ja-roikkuvat-hopeiset-korvakorut-saihkyvilla-kristalleilla-ja-kultalevyilla-viktoria\/","name":"Riippuvat ja roikkuvat hopeiset korvakorut s\u00e4ihkyvill\u00e4 kristalleilla ja kultalevyill\u00e4 \"Viktoria\" - Colibri jewels","isPartOf":{"@id":"https:\/\/colibri-jewels.eu\/fi\/#website"},"primaryImageOfPage":{"@id":"https:\/\/colibri-jewels.eu\/fi\/tuote\/riippuvat-ja-roikkuvat-hopeiset-korvakorut-saihkyvilla-kristalleilla-ja-kultalevyilla-viktoria\/#primaryimage"},"image":{"@id":"https:\/\/colibri-jewels.eu\/fi\/tuote\/riippuvat-ja-roikkuvat-hopeiset-korvakorut-saihkyvilla-kristalleilla-ja-kultalevyilla-viktoria\/#primaryimage"},"thumbnailUrl":"https:\/\/colibri-jewels.eu\/wp-content\/uploads\/2024\/12\/silver-earrings-with-gold-plate-insert-Victoria.jpg","datePublished":"2024-12-13T10:20:24+00:00","dateModified":"2025-05-23T18:10:41+00:00","breadcrumb":{"@id":"https:\/\/colibri-jewels.eu\/fi\/tuote\/riippuvat-ja-roikkuvat-hopeiset-korvakorut-saihkyvilla-kristalleilla-ja-kultalevyilla-viktoria\/#breadcrumb"},"inLanguage":"fi","potentialAction":[{"@type":"ReadAction","target":["https:\/\/colibri-jewels.eu\/fi\/tuote\/riippuvat-ja-roikkuvat-hopeiset-korvakorut-saihkyvilla-kristalleilla-ja-kultalevyilla-viktoria\/"]}]},{"@type":"ImageObject","inLanguage":"fi","@id":"https:\/\/colibri-jewels.eu\/fi\/tuote\/riippuvat-ja-roikkuvat-hopeiset-korvakorut-saihkyvilla-kristalleilla-ja-kultalevyilla-viktoria\/#primaryimage","url":"https:\/\/colibri-jewels.eu\/wp-content\/uploads\/2024\/12\/silver-earrings-with-gold-plate-insert-Victoria.jpg","contentUrl":"https:\/\/colibri-jewels.eu\/wp-content\/uploads\/2024\/12\/silver-earrings-with-gold-plate-insert-Victoria.jpg","width":1000,"height":1000},{"@type":"BreadcrumbList","@id":"https:\/\/colibri-jewels.eu\/fi\/tuote\/riippuvat-ja-roikkuvat-hopeiset-korvakorut-saihkyvilla-kristalleilla-ja-kultalevyilla-viktoria\/#breadcrumb","itemListElement":[{"@type":"ListItem","position":1,"name":"\u0413\u043b\u0430\u0432\u043d\u0430\u044f \u0441\u0442\u0440\u0430\u043d\u0438\u0446\u0430","item":"https:\/\/colibri-jewels.eu\/fi\/"},{"@type":"ListItem","position":2,"name":"Kauppa","item":"https:\/\/colibri-jewels.eu\/fi\/kauppa\/"},{"@type":"ListItem","position":3,"name":"Riippuvat ja roikkuvat hopeiset korvakorut s\u00e4ihkyvill\u00e4 kristalleilla ja kultalevyill\u00e4 &#8220;Viktoria&#8221;"}]},{"@type":"WebSite","@id":"https:\/\/colibri-jewels.eu\/fi\/#website","url":"https:\/\/colibri-jewels.eu\/fi\/","name":"Colibri jewels","description":"jewelry shop","publisher":{"@id":"https:\/\/colibri-jewels.eu\/fi\/#organization"},"potentialAction":[{"@type":"SearchAction","target":{"@type":"EntryPoint","urlTemplate":"https:\/\/colibri-jewels.eu\/fi\/?s={search_term_string}"},"query-input":{"@type":"PropertyValueSpecification","valueRequired":true,"valueName":"search_term_string"}}],"inLanguage":"fi"},{"@type":"Organization","@id":"https:\/\/colibri-jewels.eu\/fi\/#organization","name":"O\u00dc Colibri","url":"https:\/\/colibri-jewels.eu\/fi\/","logo":{"@type":"ImageObject","inLanguage":"fi","@id":"https:\/\/colibri-jewels.eu\/fi\/#\/schema\/logo\/image\/","url":"https:\/\/dev.colibri-jewels.eu\/wp-content\/uploads\/2021\/03\/colibri.png","contentUrl":"https:\/\/dev.colibri-jewels.eu\/wp-content\/uploads\/2021\/03\/colibri.png","width":227,"height":130,"caption":"O\u00dc Colibri"},"image":{"@id":"https:\/\/colibri-jewels.eu\/fi\/#\/schema\/logo\/image\/"},"sameAs":["https:\/\/www.facebook.com\/colibri.jewels","https:\/\/www.instagram.com\/colibri.jewels","https:\/\/www.tiktok.com\/colibri.jewels"]}]}},"_links":{"self":[{"href":"https:\/\/colibri-jewels.eu\/fi\/wp-json\/wp\/v2\/product\/51115","targetHints":{"allow":["GET"]}}],"collection":[{"href":"https:\/\/colibri-jewels.eu\/fi\/wp-json\/wp\/v2\/product"}],"about":[{"href":"https:\/\/colibri-jewels.eu\/fi\/wp-json\/wp\/v2\/types\/product"}],"replies":[{"embeddable":true,"href":"https:\/\/colibri-jewels.eu\/fi\/wp-json\/wp\/v2\/comments?post=51115"}],"version-history":[{"count":0,"href":"https:\/\/colibri-jewels.eu\/fi\/wp-json\/wp\/v2\/product\/51115\/revisions"}],"wp:featuredmedia":[{"embeddable":true,"href":"https:\/\/colibri-jewels.eu\/fi\/wp-json\/wp\/v2\/media\/51116"}],"wp:attachment":[{"href":"https:\/\/colibri-jewels.eu\/fi\/wp-json\/wp\/v2\/media?parent=51115"}],"wp:term":[{"taxonomy":"brand","embeddable":true,"href":"https:\/\/colibri-jewels.eu\/fi\/wp-json\/wp\/v2\/etheme_brands?post=51115"},{"taxonomy":"product_brand","embeddable":true,"href":"https:\/\/colibri-jewels.eu\/fi\/wp-json\/wp\/v2\/product_brand?post=51115"},{"taxonomy":"product_cat","embeddable":true,"href":"https:\/\/colibri-jewels.eu\/fi\/wp-json\/wp\/v2\/product_cat?post=51115"},{"taxonomy":"product_tag","embeddable":true,"href":"https:\/\/colibri-jewels.eu\/fi\/wp-json\/wp\/v2\/product_tag?post=51115"}],"curies":[{"name":"wp","href":"https:\/\/api.w.org\/{rel}","templated":true}]}}