{"id":51150,"date":"2024-12-12T18:38:43","date_gmt":"2024-12-12T16:38:43","guid":{"rendered":"https:\/\/colibri-jewels.eu\/?post_type=product&#038;p=51150"},"modified":"2025-05-23T23:40:34","modified_gmt":"2025-05-23T20:40:34","slug":"hopeinen-muuntuva-sormus-kultaisella-upotuksella-charlie","status":"publish","type":"product","link":"https:\/\/colibri-jewels.eu\/fi\/tuote\/hopeinen-muuntuva-sormus-kultaisella-upotuksella-charlie\/","title":{"rendered":"hopeinen muuntuva sormus kultaisella upotuksella &#8221;Charlie&#8221;"},"content":{"rendered":"<p>Hopeasormus, joka muuntuu lis\u00e4\u00e4m\u00e4ll\u00e4 yhden lis\u00e4\u00e4 keskelle! Tai jopa yhdist\u00e4m\u00e4ll\u00e4 sen &#8221;Kiara&#8221;-sormuksen kanssa, jolloin se n\u00e4ytt\u00e4\u00e4 todella upealta!<\/p>\n<p>Kultaisen upotuksen paino 0,06 grammaa (14 kt kultaa).<\/p>\n<p>Kokonaispaino 3,86 g.<\/p>\n<p>Koon voi my\u00f6s tilata, valmistus kest\u00e4\u00e4 4\u20135 viikkoa.<\/p>\n","protected":false},"excerpt":{"rendered":"<p>Hopeasormus, joka muuntuu lis\u00e4\u00e4m\u00e4ll\u00e4 yhden lis\u00e4\u00e4 keskelle! Tai jopa yhdist\u00e4m\u00e4ll\u00e4 sen &#8221;Kiara&#8221;-sormuksen kanssa, jolloin se n\u00e4ytt\u00e4\u00e4 todella upealta! Kultaisen upotuksen paino 0,06 grammaa (14 kt&#8230;<\/p>\n","protected":false},"featured_media":51151,"comment_status":"open","ping_status":"closed","template":"","meta":[],"etheme_brands":[],"product_brand":[],"product_cat":[990],"product_tag":[],"class_list":{"0":"post-51150","1":"product","2":"type-product","3":"status-publish","4":"has-post-thumbnail","6":"product_cat-sormukset","8":"first","9":"instock","10":"shipping-taxable","11":"purchasable","12":"product-type-simple"},"acf":[],"yoast_head":"<!-- This site is optimized with the Yoast SEO Premium plugin v26.5 (Yoast SEO v26.8) - https:\/\/yoast.com\/product\/yoast-seo-premium-wordpress\/ -->\n<title>hopeinen muuntuva sormus kultaisella upotuksella &quot;Charlie&quot; - Colibri jewels<\/title>\n<meta name=\"robots\" content=\"index, follow, max-snippet:-1, max-image-preview:large, max-video-preview:-1\" \/>\n<link rel=\"canonical\" href=\"https:\/\/colibri-jewels.eu\/fi\/tuote\/hopeinen-muuntuva-sormus-kultaisella-upotuksella-charlie\/\" \/>\n<meta property=\"og:locale\" content=\"fi_FI\" \/>\n<meta property=\"og:type\" content=\"article\" \/>\n<meta property=\"og:title\" content=\"hopeinen muuntuva sormus kultaisella upotuksella &quot;Charlie&quot;\" \/>\n<meta property=\"og:description\" content=\"Hopeasormus, joka muuntuu lis\u00e4\u00e4m\u00e4ll\u00e4 yhden lis\u00e4\u00e4 keskelle! Tai jopa yhdist\u00e4m\u00e4ll\u00e4 sen &#8221;Kiara&#8221;-sormuksen kanssa, jolloin se n\u00e4ytt\u00e4\u00e4 todella upealta! Kultaisen upotuksen paino 0,06 grammaa (14 kt...\" \/>\n<meta property=\"og:url\" content=\"https:\/\/colibri-jewels.eu\/fi\/tuote\/hopeinen-muuntuva-sormus-kultaisella-upotuksella-charlie\/\" \/>\n<meta property=\"og:site_name\" content=\"Colibri jewels\" \/>\n<meta property=\"article:publisher\" content=\"https:\/\/www.facebook.com\/colibri.jewels\" \/>\n<meta property=\"article:modified_time\" content=\"2025-05-23T20:40:34+00:00\" \/>\n<meta property=\"og:image\" content=\"https:\/\/colibri-jewels.eu\/wp-content\/uploads\/2024\/12\/silver-ring-with-gold-plate-insert-Charlie.jpg\" \/>\n\t<meta property=\"og:image:width\" content=\"1000\" \/>\n\t<meta property=\"og:image:height\" content=\"1000\" \/>\n\t<meta property=\"og:image:type\" content=\"image\/jpeg\" \/>\n<meta name=\"twitter:card\" content=\"summary_large_image\" \/>\n<script type=\"application\/ld+json\" class=\"yoast-schema-graph\">{\"@context\":\"https:\/\/schema.org\",\"@graph\":[{\"@type\":\"WebPage\",\"@id\":\"https:\/\/colibri-jewels.eu\/fi\/tuote\/hopeinen-muuntuva-sormus-kultaisella-upotuksella-charlie\/\",\"url\":\"https:\/\/colibri-jewels.eu\/fi\/tuote\/hopeinen-muuntuva-sormus-kultaisella-upotuksella-charlie\/\",\"name\":\"hopeinen muuntuva sormus kultaisella upotuksella \\\"Charlie\\\" - Colibri jewels\",\"isPartOf\":{\"@id\":\"https:\/\/colibri-jewels.eu\/fi\/#website\"},\"primaryImageOfPage\":{\"@id\":\"https:\/\/colibri-jewels.eu\/fi\/tuote\/hopeinen-muuntuva-sormus-kultaisella-upotuksella-charlie\/#primaryimage\"},\"image\":{\"@id\":\"https:\/\/colibri-jewels.eu\/fi\/tuote\/hopeinen-muuntuva-sormus-kultaisella-upotuksella-charlie\/#primaryimage\"},\"thumbnailUrl\":\"https:\/\/colibri-jewels.eu\/wp-content\/uploads\/2024\/12\/silver-ring-with-gold-plate-insert-Charlie.jpg\",\"datePublished\":\"2024-12-12T16:38:43+00:00\",\"dateModified\":\"2025-05-23T20:40:34+00:00\",\"breadcrumb\":{\"@id\":\"https:\/\/colibri-jewels.eu\/fi\/tuote\/hopeinen-muuntuva-sormus-kultaisella-upotuksella-charlie\/#breadcrumb\"},\"inLanguage\":\"fi\",\"potentialAction\":[{\"@type\":\"ReadAction\",\"target\":[\"https:\/\/colibri-jewels.eu\/fi\/tuote\/hopeinen-muuntuva-sormus-kultaisella-upotuksella-charlie\/\"]}]},{\"@type\":\"ImageObject\",\"inLanguage\":\"fi\",\"@id\":\"https:\/\/colibri-jewels.eu\/fi\/tuote\/hopeinen-muuntuva-sormus-kultaisella-upotuksella-charlie\/#primaryimage\",\"url\":\"https:\/\/colibri-jewels.eu\/wp-content\/uploads\/2024\/12\/silver-ring-with-gold-plate-insert-Charlie.jpg\",\"contentUrl\":\"https:\/\/colibri-jewels.eu\/wp-content\/uploads\/2024\/12\/silver-ring-with-gold-plate-insert-Charlie.jpg\",\"width\":1000,\"height\":1000},{\"@type\":\"BreadcrumbList\",\"@id\":\"https:\/\/colibri-jewels.eu\/fi\/tuote\/hopeinen-muuntuva-sormus-kultaisella-upotuksella-charlie\/#breadcrumb\",\"itemListElement\":[{\"@type\":\"ListItem\",\"position\":1,\"name\":\"\u0413\u043b\u0430\u0432\u043d\u0430\u044f \u0441\u0442\u0440\u0430\u043d\u0438\u0446\u0430\",\"item\":\"https:\/\/colibri-jewels.eu\/fi\/\"},{\"@type\":\"ListItem\",\"position\":2,\"name\":\"Kauppa\",\"item\":\"https:\/\/colibri-jewels.eu\/fi\/kauppa\/\"},{\"@type\":\"ListItem\",\"position\":3,\"name\":\"hopeinen muuntuva sormus kultaisella upotuksella &#8220;Charlie&#8221;\"}]},{\"@type\":\"WebSite\",\"@id\":\"https:\/\/colibri-jewels.eu\/fi\/#website\",\"url\":\"https:\/\/colibri-jewels.eu\/fi\/\",\"name\":\"Colibri jewels\",\"description\":\"jewelry shop\",\"publisher\":{\"@id\":\"https:\/\/colibri-jewels.eu\/fi\/#organization\"},\"potentialAction\":[{\"@type\":\"SearchAction\",\"target\":{\"@type\":\"EntryPoint\",\"urlTemplate\":\"https:\/\/colibri-jewels.eu\/fi\/?s={search_term_string}\"},\"query-input\":{\"@type\":\"PropertyValueSpecification\",\"valueRequired\":true,\"valueName\":\"search_term_string\"}}],\"inLanguage\":\"fi\"},{\"@type\":\"Organization\",\"@id\":\"https:\/\/colibri-jewels.eu\/fi\/#organization\",\"name\":\"O\u00dc Colibri\",\"url\":\"https:\/\/colibri-jewels.eu\/fi\/\",\"logo\":{\"@type\":\"ImageObject\",\"inLanguage\":\"fi\",\"@id\":\"https:\/\/colibri-jewels.eu\/fi\/#\/schema\/logo\/image\/\",\"url\":\"https:\/\/dev.colibri-jewels.eu\/wp-content\/uploads\/2021\/03\/colibri.png\",\"contentUrl\":\"https:\/\/dev.colibri-jewels.eu\/wp-content\/uploads\/2021\/03\/colibri.png\",\"width\":227,\"height\":130,\"caption\":\"O\u00dc Colibri\"},\"image\":{\"@id\":\"https:\/\/colibri-jewels.eu\/fi\/#\/schema\/logo\/image\/\"},\"sameAs\":[\"https:\/\/www.facebook.com\/colibri.jewels\",\"https:\/\/www.instagram.com\/colibri.jewels\",\"https:\/\/www.tiktok.com\/colibri.jewels\"]}]}<\/script>\n<!-- \/ Yoast SEO Premium plugin. -->","yoast_head_json":{"title":"hopeinen muuntuva sormus kultaisella upotuksella \"Charlie\" - Colibri jewels","robots":{"index":"index","follow":"follow","max-snippet":"max-snippet:-1","max-image-preview":"max-image-preview:large","max-video-preview":"max-video-preview:-1"},"canonical":"https:\/\/colibri-jewels.eu\/fi\/tuote\/hopeinen-muuntuva-sormus-kultaisella-upotuksella-charlie\/","og_locale":"fi_FI","og_type":"article","og_title":"hopeinen muuntuva sormus kultaisella upotuksella \"Charlie\"","og_description":"Hopeasormus, joka muuntuu lis\u00e4\u00e4m\u00e4ll\u00e4 yhden lis\u00e4\u00e4 keskelle! Tai jopa yhdist\u00e4m\u00e4ll\u00e4 sen &#8221;Kiara&#8221;-sormuksen kanssa, jolloin se n\u00e4ytt\u00e4\u00e4 todella upealta! Kultaisen upotuksen paino 0,06 grammaa (14 kt...","og_url":"https:\/\/colibri-jewels.eu\/fi\/tuote\/hopeinen-muuntuva-sormus-kultaisella-upotuksella-charlie\/","og_site_name":"Colibri jewels","article_publisher":"https:\/\/www.facebook.com\/colibri.jewels","article_modified_time":"2025-05-23T20:40:34+00:00","og_image":[{"width":1000,"height":1000,"url":"https:\/\/colibri-jewels.eu\/wp-content\/uploads\/2024\/12\/silver-ring-with-gold-plate-insert-Charlie.jpg","type":"image\/jpeg"}],"twitter_card":"summary_large_image","schema":{"@context":"https:\/\/schema.org","@graph":[{"@type":"WebPage","@id":"https:\/\/colibri-jewels.eu\/fi\/tuote\/hopeinen-muuntuva-sormus-kultaisella-upotuksella-charlie\/","url":"https:\/\/colibri-jewels.eu\/fi\/tuote\/hopeinen-muuntuva-sormus-kultaisella-upotuksella-charlie\/","name":"hopeinen muuntuva sormus kultaisella upotuksella \"Charlie\" - Colibri jewels","isPartOf":{"@id":"https:\/\/colibri-jewels.eu\/fi\/#website"},"primaryImageOfPage":{"@id":"https:\/\/colibri-jewels.eu\/fi\/tuote\/hopeinen-muuntuva-sormus-kultaisella-upotuksella-charlie\/#primaryimage"},"image":{"@id":"https:\/\/colibri-jewels.eu\/fi\/tuote\/hopeinen-muuntuva-sormus-kultaisella-upotuksella-charlie\/#primaryimage"},"thumbnailUrl":"https:\/\/colibri-jewels.eu\/wp-content\/uploads\/2024\/12\/silver-ring-with-gold-plate-insert-Charlie.jpg","datePublished":"2024-12-12T16:38:43+00:00","dateModified":"2025-05-23T20:40:34+00:00","breadcrumb":{"@id":"https:\/\/colibri-jewels.eu\/fi\/tuote\/hopeinen-muuntuva-sormus-kultaisella-upotuksella-charlie\/#breadcrumb"},"inLanguage":"fi","potentialAction":[{"@type":"ReadAction","target":["https:\/\/colibri-jewels.eu\/fi\/tuote\/hopeinen-muuntuva-sormus-kultaisella-upotuksella-charlie\/"]}]},{"@type":"ImageObject","inLanguage":"fi","@id":"https:\/\/colibri-jewels.eu\/fi\/tuote\/hopeinen-muuntuva-sormus-kultaisella-upotuksella-charlie\/#primaryimage","url":"https:\/\/colibri-jewels.eu\/wp-content\/uploads\/2024\/12\/silver-ring-with-gold-plate-insert-Charlie.jpg","contentUrl":"https:\/\/colibri-jewels.eu\/wp-content\/uploads\/2024\/12\/silver-ring-with-gold-plate-insert-Charlie.jpg","width":1000,"height":1000},{"@type":"BreadcrumbList","@id":"https:\/\/colibri-jewels.eu\/fi\/tuote\/hopeinen-muuntuva-sormus-kultaisella-upotuksella-charlie\/#breadcrumb","itemListElement":[{"@type":"ListItem","position":1,"name":"\u0413\u043b\u0430\u0432\u043d\u0430\u044f \u0441\u0442\u0440\u0430\u043d\u0438\u0446\u0430","item":"https:\/\/colibri-jewels.eu\/fi\/"},{"@type":"ListItem","position":2,"name":"Kauppa","item":"https:\/\/colibri-jewels.eu\/fi\/kauppa\/"},{"@type":"ListItem","position":3,"name":"hopeinen muuntuva sormus kultaisella upotuksella &#8220;Charlie&#8221;"}]},{"@type":"WebSite","@id":"https:\/\/colibri-jewels.eu\/fi\/#website","url":"https:\/\/colibri-jewels.eu\/fi\/","name":"Colibri jewels","description":"jewelry shop","publisher":{"@id":"https:\/\/colibri-jewels.eu\/fi\/#organization"},"potentialAction":[{"@type":"SearchAction","target":{"@type":"EntryPoint","urlTemplate":"https:\/\/colibri-jewels.eu\/fi\/?s={search_term_string}"},"query-input":{"@type":"PropertyValueSpecification","valueRequired":true,"valueName":"search_term_string"}}],"inLanguage":"fi"},{"@type":"Organization","@id":"https:\/\/colibri-jewels.eu\/fi\/#organization","name":"O\u00dc Colibri","url":"https:\/\/colibri-jewels.eu\/fi\/","logo":{"@type":"ImageObject","inLanguage":"fi","@id":"https:\/\/colibri-jewels.eu\/fi\/#\/schema\/logo\/image\/","url":"https:\/\/dev.colibri-jewels.eu\/wp-content\/uploads\/2021\/03\/colibri.png","contentUrl":"https:\/\/dev.colibri-jewels.eu\/wp-content\/uploads\/2021\/03\/colibri.png","width":227,"height":130,"caption":"O\u00dc Colibri"},"image":{"@id":"https:\/\/colibri-jewels.eu\/fi\/#\/schema\/logo\/image\/"},"sameAs":["https:\/\/www.facebook.com\/colibri.jewels","https:\/\/www.instagram.com\/colibri.jewels","https:\/\/www.tiktok.com\/colibri.jewels"]}]}},"_links":{"self":[{"href":"https:\/\/colibri-jewels.eu\/fi\/wp-json\/wp\/v2\/product\/51150","targetHints":{"allow":["GET"]}}],"collection":[{"href":"https:\/\/colibri-jewels.eu\/fi\/wp-json\/wp\/v2\/product"}],"about":[{"href":"https:\/\/colibri-jewels.eu\/fi\/wp-json\/wp\/v2\/types\/product"}],"replies":[{"embeddable":true,"href":"https:\/\/colibri-jewels.eu\/fi\/wp-json\/wp\/v2\/comments?post=51150"}],"version-history":[{"count":0,"href":"https:\/\/colibri-jewels.eu\/fi\/wp-json\/wp\/v2\/product\/51150\/revisions"}],"wp:featuredmedia":[{"embeddable":true,"href":"https:\/\/colibri-jewels.eu\/fi\/wp-json\/wp\/v2\/media\/51151"}],"wp:attachment":[{"href":"https:\/\/colibri-jewels.eu\/fi\/wp-json\/wp\/v2\/media?parent=51150"}],"wp:term":[{"taxonomy":"brand","embeddable":true,"href":"https:\/\/colibri-jewels.eu\/fi\/wp-json\/wp\/v2\/etheme_brands?post=51150"},{"taxonomy":"product_brand","embeddable":true,"href":"https:\/\/colibri-jewels.eu\/fi\/wp-json\/wp\/v2\/product_brand?post=51150"},{"taxonomy":"product_cat","embeddable":true,"href":"https:\/\/colibri-jewels.eu\/fi\/wp-json\/wp\/v2\/product_cat?post=51150"},{"taxonomy":"product_tag","embeddable":true,"href":"https:\/\/colibri-jewels.eu\/fi\/wp-json\/wp\/v2\/product_tag?post=51150"}],"curies":[{"name":"wp","href":"https:\/\/api.w.org\/{rel}","templated":true}]}}