{"id":51170,"date":"2024-12-04T18:37:28","date_gmt":"2024-12-04T16:37:28","guid":{"rendered":"https:\/\/colibri-jewels.eu\/?post_type=product&#038;p=51170"},"modified":"2025-05-23T23:42:02","modified_gmt":"2025-05-23T20:42:02","slug":"valkokultaiset-sydanleikatut-lab-timantti-korvanapit-amaya","status":"publish","type":"product","link":"https:\/\/colibri-jewels.eu\/fi\/tuote\/valkokultaiset-sydanleikatut-lab-timantti-korvanapit-amaya\/","title":{"rendered":"Valkokultaiset syd\u00e4nleikatut lab timantti -korvanapit &#8221;Amaya&#8221;"},"content":{"rendered":"<p>Hemmottele itse\u00e4si n\u00e4iden upeiden nappikorvakorujen eleganssilla ja romantiikalla. Ne on valmistettu 14 karaatin valkokullasta, ja niiss\u00e4 on kaksi s\u00e4ihkyv\u00e4\u00e4 syd\u00e4nleikattua lab timanttia, jotka vangitsevat valon kauniisti lis\u00e4ten ripauksen hienostuneisuutta ja vieh\u00e4tyst\u00e4 ulkon\u00e4k\u00f6\u00f6si.<\/p>\n<p>Lab timantit ovat kemiallisilta, fysikaalisilta ja optisilta ominaisuuksiltaan identtisi\u00e4 luonnollisten timanttien kanssa. Ne ovat tietoinen valinta, arvostettu moitteettomasta loistostaan ja eettisest\u00e4 alkuper\u00e4st\u00e4\u00e4n, luotu ilman ymp\u00e4rist\u00f6haittoja.<\/p>\n<p>Turvallinen kierrelukitus varmistaa mukavan istuvuuden ja pit\u00e4\u00e4 korvakorut t\u00e4ydellisesti paikoillaan, antaen sinun loistaa itsevarmasti joka hetkess\u00e4.<\/p>\n<p><strong>T\u00e4rkeimm\u00e4t ominaisuudet:<\/strong><\/p>\n<ul>\n<li><strong>Materiaali<\/strong>: 14K valkokulta.<\/li>\n<li><strong>Jalokivet:<\/strong> Lab-kasvatetut timantit<\/li>\n<li><strong>Hionta<\/strong>: Syd\u00e4n.<\/li>\n<li><strong>Karaattipaino<\/strong>: 2 karaattia (1 karaatti kummassakin).<\/li>\n<li><strong>Kiinnitys:<\/strong> Kierrelukitus.<\/li>\n<\/ul>\n<p><strong>Miksi valita n\u00e4m\u00e4 korvakorut?<\/strong><\/p>\n<ul>\n<li>Romanttinen muotoilu symboloi rakkautta ja kiintymyst\u00e4.<\/li>\n<li>T\u00e4ysin identtinen luonnollisten timanttien kanssa.<\/li>\n<li>Eettinen ja ymp\u00e4rist\u00f6yst\u00e4v\u00e4llinen alkuper\u00e4.<\/li>\n<li>Ajaton lahja erityisiin hetkiin tai rakkaudenosoituksiin.<\/li>\n<\/ul>\n<p>Nimelt\u00e4\u00e4n <strong data-start=\"1103\" data-end=\"1112\">Amaya<\/strong>, mik\u00e4 tarkoittaa &#8221;<em data-start=\"1122\" data-end=\"1137\">y\u00f6nsadetta<\/em>&#8221;, n\u00e4m\u00e4 korvakorut vangitsevat mysteerin, hell\u00e4varaisuuden ja ohikiit\u00e4vien mutta unohtumattomien hetkien olemuksen. Anna niiden tulla rakkaimpien tunteidesi merkiksi \u2013 t\u00e4ydellinen yhdistelm\u00e4 eleganssia, romantiikkaa ja moderneja arvoja.<\/p>\n<p>Tilaa t\u00e4ydellinen lahjasi Colibrilta, valmistamme sen sinulle 3\u20134 viikossa.<\/p>\n","protected":false},"excerpt":{"rendered":"<p>Arvioitu paino: 3,0 g.<\/p>\n<p>Syd\u00e4nleikatut lab timantit: 2 ct (noin 6*6 mm)<\/p>\n<p>Valkokultaa 14 kt.<\/p>\n","protected":false},"featured_media":51171,"comment_status":"open","ping_status":"closed","template":"","meta":[],"etheme_brands":[],"product_brand":[],"product_cat":[987],"product_tag":[994,1256,1004,1001,999],"class_list":{"0":"post-51170","1":"product","2":"type-product","3":"status-publish","4":"has-post-thumbnail","6":"product_cat-korvakorut","7":"product_tag-klassiset","8":"product_tag-lab-timantit","9":"product_tag-romanttiset","10":"product_tag-sydan","11":"product_tag-yksinoikeudella","13":"first","14":"onbackorder","15":"shipping-taxable","16":"purchasable","17":"product-type-simple"},"acf":[],"yoast_head":"<!-- This site is optimized with the Yoast SEO Premium plugin v26.5 (Yoast SEO v26.8) - https:\/\/yoast.com\/product\/yoast-seo-premium-wordpress\/ -->\n<title>Valkokultaiset syd\u00e4nleikatut lab timantti -korvanapit &quot;Amaya&quot; - Colibri jewels<\/title>\n<meta name=\"description\" content=\"Romanttiset valkokultaiset nappikorvakorut, joissa 2 karaatin syd\u00e4nleikatut lab timantit. Ajaton rakkauden ja eleganssin symboli, t\u00e4ydellinen kaikkiin erityisiin hetkiin.\" \/>\n<meta name=\"robots\" content=\"index, follow, max-snippet:-1, max-image-preview:large, max-video-preview:-1\" \/>\n<link rel=\"canonical\" href=\"https:\/\/colibri-jewels.eu\/fi\/tuote\/valkokultaiset-sydanleikatut-lab-timantti-korvanapit-amaya\/\" \/>\n<meta property=\"og:locale\" content=\"fi_FI\" \/>\n<meta property=\"og:type\" content=\"article\" \/>\n<meta property=\"og:title\" content=\"Valkokultaiset syd\u00e4nleikatut lab timantti -korvanapit &quot;Amaya&quot;\" \/>\n<meta property=\"og:description\" content=\"Romanttiset valkokultaiset nappikorvakorut, joissa 2 karaatin syd\u00e4nleikatut lab timantit. Ajaton rakkauden ja eleganssin symboli, t\u00e4ydellinen kaikkiin erityisiin hetkiin.\" \/>\n<meta property=\"og:url\" content=\"https:\/\/colibri-jewels.eu\/fi\/tuote\/valkokultaiset-sydanleikatut-lab-timantti-korvanapit-amaya\/\" \/>\n<meta property=\"og:site_name\" content=\"Colibri jewels\" \/>\n<meta property=\"article:publisher\" content=\"https:\/\/www.facebook.com\/colibri.jewels\" \/>\n<meta property=\"article:modified_time\" content=\"2025-05-23T20:42:02+00:00\" \/>\n<meta property=\"og:image\" content=\"https:\/\/colibri-jewels.eu\/wp-content\/uploads\/2024\/12\/lab-diamond-heart-shape-white-gold-earrings.jpg\" \/>\n\t<meta property=\"og:image:width\" content=\"1000\" \/>\n\t<meta property=\"og:image:height\" content=\"1000\" \/>\n\t<meta property=\"og:image:type\" content=\"image\/jpeg\" \/>\n<meta name=\"twitter:card\" content=\"summary_large_image\" \/>\n<meta name=\"twitter:label1\" content=\"Arvioitu lukuaika\" \/>\n\t<meta name=\"twitter:data1\" content=\"1 minuutti\" \/>\n<script type=\"application\/ld+json\" class=\"yoast-schema-graph\">{\"@context\":\"https:\/\/schema.org\",\"@graph\":[{\"@type\":\"WebPage\",\"@id\":\"https:\/\/colibri-jewels.eu\/fi\/tuote\/valkokultaiset-sydanleikatut-lab-timantti-korvanapit-amaya\/\",\"url\":\"https:\/\/colibri-jewels.eu\/fi\/tuote\/valkokultaiset-sydanleikatut-lab-timantti-korvanapit-amaya\/\",\"name\":\"Valkokultaiset syd\u00e4nleikatut lab timantti -korvanapit \\\"Amaya\\\" - Colibri jewels\",\"isPartOf\":{\"@id\":\"https:\/\/colibri-jewels.eu\/fi\/#website\"},\"primaryImageOfPage\":{\"@id\":\"https:\/\/colibri-jewels.eu\/fi\/tuote\/valkokultaiset-sydanleikatut-lab-timantti-korvanapit-amaya\/#primaryimage\"},\"image\":{\"@id\":\"https:\/\/colibri-jewels.eu\/fi\/tuote\/valkokultaiset-sydanleikatut-lab-timantti-korvanapit-amaya\/#primaryimage\"},\"thumbnailUrl\":\"https:\/\/colibri-jewels.eu\/wp-content\/uploads\/2024\/12\/lab-diamond-heart-shape-white-gold-earrings.jpg\",\"datePublished\":\"2024-12-04T16:37:28+00:00\",\"dateModified\":\"2025-05-23T20:42:02+00:00\",\"description\":\"Romanttiset valkokultaiset nappikorvakorut, joissa 2 karaatin syd\u00e4nleikatut lab timantit. Ajaton rakkauden ja eleganssin symboli, t\u00e4ydellinen kaikkiin erityisiin hetkiin.\",\"breadcrumb\":{\"@id\":\"https:\/\/colibri-jewels.eu\/fi\/tuote\/valkokultaiset-sydanleikatut-lab-timantti-korvanapit-amaya\/#breadcrumb\"},\"inLanguage\":\"fi\",\"potentialAction\":[{\"@type\":\"ReadAction\",\"target\":[\"https:\/\/colibri-jewels.eu\/fi\/tuote\/valkokultaiset-sydanleikatut-lab-timantti-korvanapit-amaya\/\"]}]},{\"@type\":\"ImageObject\",\"inLanguage\":\"fi\",\"@id\":\"https:\/\/colibri-jewels.eu\/fi\/tuote\/valkokultaiset-sydanleikatut-lab-timantti-korvanapit-amaya\/#primaryimage\",\"url\":\"https:\/\/colibri-jewels.eu\/wp-content\/uploads\/2024\/12\/lab-diamond-heart-shape-white-gold-earrings.jpg\",\"contentUrl\":\"https:\/\/colibri-jewels.eu\/wp-content\/uploads\/2024\/12\/lab-diamond-heart-shape-white-gold-earrings.jpg\",\"width\":1000,\"height\":1000},{\"@type\":\"BreadcrumbList\",\"@id\":\"https:\/\/colibri-jewels.eu\/fi\/tuote\/valkokultaiset-sydanleikatut-lab-timantti-korvanapit-amaya\/#breadcrumb\",\"itemListElement\":[{\"@type\":\"ListItem\",\"position\":1,\"name\":\"\u0413\u043b\u0430\u0432\u043d\u0430\u044f \u0441\u0442\u0440\u0430\u043d\u0438\u0446\u0430\",\"item\":\"https:\/\/colibri-jewels.eu\/fi\/\"},{\"@type\":\"ListItem\",\"position\":2,\"name\":\"Kauppa\",\"item\":\"https:\/\/colibri-jewels.eu\/fi\/kauppa\/\"},{\"@type\":\"ListItem\",\"position\":3,\"name\":\"Valkokultaiset syd\u00e4nleikatut lab timantti -korvanapit &#8220;Amaya&#8221;\"}]},{\"@type\":\"WebSite\",\"@id\":\"https:\/\/colibri-jewels.eu\/fi\/#website\",\"url\":\"https:\/\/colibri-jewels.eu\/fi\/\",\"name\":\"Colibri jewels\",\"description\":\"jewelry shop\",\"publisher\":{\"@id\":\"https:\/\/colibri-jewels.eu\/fi\/#organization\"},\"potentialAction\":[{\"@type\":\"SearchAction\",\"target\":{\"@type\":\"EntryPoint\",\"urlTemplate\":\"https:\/\/colibri-jewels.eu\/fi\/?s={search_term_string}\"},\"query-input\":{\"@type\":\"PropertyValueSpecification\",\"valueRequired\":true,\"valueName\":\"search_term_string\"}}],\"inLanguage\":\"fi\"},{\"@type\":\"Organization\",\"@id\":\"https:\/\/colibri-jewels.eu\/fi\/#organization\",\"name\":\"O\u00dc Colibri\",\"url\":\"https:\/\/colibri-jewels.eu\/fi\/\",\"logo\":{\"@type\":\"ImageObject\",\"inLanguage\":\"fi\",\"@id\":\"https:\/\/colibri-jewels.eu\/fi\/#\/schema\/logo\/image\/\",\"url\":\"https:\/\/dev.colibri-jewels.eu\/wp-content\/uploads\/2021\/03\/colibri.png\",\"contentUrl\":\"https:\/\/dev.colibri-jewels.eu\/wp-content\/uploads\/2021\/03\/colibri.png\",\"width\":227,\"height\":130,\"caption\":\"O\u00dc Colibri\"},\"image\":{\"@id\":\"https:\/\/colibri-jewels.eu\/fi\/#\/schema\/logo\/image\/\"},\"sameAs\":[\"https:\/\/www.facebook.com\/colibri.jewels\",\"https:\/\/www.instagram.com\/colibri.jewels\",\"https:\/\/www.tiktok.com\/colibri.jewels\"]}]}<\/script>\n<!-- \/ Yoast SEO Premium plugin. -->","yoast_head_json":{"title":"Valkokultaiset syd\u00e4nleikatut lab timantti -korvanapit \"Amaya\" - Colibri jewels","description":"Romanttiset valkokultaiset nappikorvakorut, joissa 2 karaatin syd\u00e4nleikatut lab timantit. Ajaton rakkauden ja eleganssin symboli, t\u00e4ydellinen kaikkiin erityisiin hetkiin.","robots":{"index":"index","follow":"follow","max-snippet":"max-snippet:-1","max-image-preview":"max-image-preview:large","max-video-preview":"max-video-preview:-1"},"canonical":"https:\/\/colibri-jewels.eu\/fi\/tuote\/valkokultaiset-sydanleikatut-lab-timantti-korvanapit-amaya\/","og_locale":"fi_FI","og_type":"article","og_title":"Valkokultaiset syd\u00e4nleikatut lab timantti -korvanapit \"Amaya\"","og_description":"Romanttiset valkokultaiset nappikorvakorut, joissa 2 karaatin syd\u00e4nleikatut lab timantit. Ajaton rakkauden ja eleganssin symboli, t\u00e4ydellinen kaikkiin erityisiin hetkiin.","og_url":"https:\/\/colibri-jewels.eu\/fi\/tuote\/valkokultaiset-sydanleikatut-lab-timantti-korvanapit-amaya\/","og_site_name":"Colibri jewels","article_publisher":"https:\/\/www.facebook.com\/colibri.jewels","article_modified_time":"2025-05-23T20:42:02+00:00","og_image":[{"width":1000,"height":1000,"url":"https:\/\/colibri-jewels.eu\/wp-content\/uploads\/2024\/12\/lab-diamond-heart-shape-white-gold-earrings.jpg","type":"image\/jpeg"}],"twitter_card":"summary_large_image","twitter_misc":{"Arvioitu lukuaika":"1 minuutti"},"schema":{"@context":"https:\/\/schema.org","@graph":[{"@type":"WebPage","@id":"https:\/\/colibri-jewels.eu\/fi\/tuote\/valkokultaiset-sydanleikatut-lab-timantti-korvanapit-amaya\/","url":"https:\/\/colibri-jewels.eu\/fi\/tuote\/valkokultaiset-sydanleikatut-lab-timantti-korvanapit-amaya\/","name":"Valkokultaiset syd\u00e4nleikatut lab timantti -korvanapit \"Amaya\" - Colibri jewels","isPartOf":{"@id":"https:\/\/colibri-jewels.eu\/fi\/#website"},"primaryImageOfPage":{"@id":"https:\/\/colibri-jewels.eu\/fi\/tuote\/valkokultaiset-sydanleikatut-lab-timantti-korvanapit-amaya\/#primaryimage"},"image":{"@id":"https:\/\/colibri-jewels.eu\/fi\/tuote\/valkokultaiset-sydanleikatut-lab-timantti-korvanapit-amaya\/#primaryimage"},"thumbnailUrl":"https:\/\/colibri-jewels.eu\/wp-content\/uploads\/2024\/12\/lab-diamond-heart-shape-white-gold-earrings.jpg","datePublished":"2024-12-04T16:37:28+00:00","dateModified":"2025-05-23T20:42:02+00:00","description":"Romanttiset valkokultaiset nappikorvakorut, joissa 2 karaatin syd\u00e4nleikatut lab timantit. Ajaton rakkauden ja eleganssin symboli, t\u00e4ydellinen kaikkiin erityisiin hetkiin.","breadcrumb":{"@id":"https:\/\/colibri-jewels.eu\/fi\/tuote\/valkokultaiset-sydanleikatut-lab-timantti-korvanapit-amaya\/#breadcrumb"},"inLanguage":"fi","potentialAction":[{"@type":"ReadAction","target":["https:\/\/colibri-jewels.eu\/fi\/tuote\/valkokultaiset-sydanleikatut-lab-timantti-korvanapit-amaya\/"]}]},{"@type":"ImageObject","inLanguage":"fi","@id":"https:\/\/colibri-jewels.eu\/fi\/tuote\/valkokultaiset-sydanleikatut-lab-timantti-korvanapit-amaya\/#primaryimage","url":"https:\/\/colibri-jewels.eu\/wp-content\/uploads\/2024\/12\/lab-diamond-heart-shape-white-gold-earrings.jpg","contentUrl":"https:\/\/colibri-jewels.eu\/wp-content\/uploads\/2024\/12\/lab-diamond-heart-shape-white-gold-earrings.jpg","width":1000,"height":1000},{"@type":"BreadcrumbList","@id":"https:\/\/colibri-jewels.eu\/fi\/tuote\/valkokultaiset-sydanleikatut-lab-timantti-korvanapit-amaya\/#breadcrumb","itemListElement":[{"@type":"ListItem","position":1,"name":"\u0413\u043b\u0430\u0432\u043d\u0430\u044f \u0441\u0442\u0440\u0430\u043d\u0438\u0446\u0430","item":"https:\/\/colibri-jewels.eu\/fi\/"},{"@type":"ListItem","position":2,"name":"Kauppa","item":"https:\/\/colibri-jewels.eu\/fi\/kauppa\/"},{"@type":"ListItem","position":3,"name":"Valkokultaiset syd\u00e4nleikatut lab timantti -korvanapit &#8220;Amaya&#8221;"}]},{"@type":"WebSite","@id":"https:\/\/colibri-jewels.eu\/fi\/#website","url":"https:\/\/colibri-jewels.eu\/fi\/","name":"Colibri jewels","description":"jewelry shop","publisher":{"@id":"https:\/\/colibri-jewels.eu\/fi\/#organization"},"potentialAction":[{"@type":"SearchAction","target":{"@type":"EntryPoint","urlTemplate":"https:\/\/colibri-jewels.eu\/fi\/?s={search_term_string}"},"query-input":{"@type":"PropertyValueSpecification","valueRequired":true,"valueName":"search_term_string"}}],"inLanguage":"fi"},{"@type":"Organization","@id":"https:\/\/colibri-jewels.eu\/fi\/#organization","name":"O\u00dc Colibri","url":"https:\/\/colibri-jewels.eu\/fi\/","logo":{"@type":"ImageObject","inLanguage":"fi","@id":"https:\/\/colibri-jewels.eu\/fi\/#\/schema\/logo\/image\/","url":"https:\/\/dev.colibri-jewels.eu\/wp-content\/uploads\/2021\/03\/colibri.png","contentUrl":"https:\/\/dev.colibri-jewels.eu\/wp-content\/uploads\/2021\/03\/colibri.png","width":227,"height":130,"caption":"O\u00dc Colibri"},"image":{"@id":"https:\/\/colibri-jewels.eu\/fi\/#\/schema\/logo\/image\/"},"sameAs":["https:\/\/www.facebook.com\/colibri.jewels","https:\/\/www.instagram.com\/colibri.jewels","https:\/\/www.tiktok.com\/colibri.jewels"]}]}},"_links":{"self":[{"href":"https:\/\/colibri-jewels.eu\/fi\/wp-json\/wp\/v2\/product\/51170","targetHints":{"allow":["GET"]}}],"collection":[{"href":"https:\/\/colibri-jewels.eu\/fi\/wp-json\/wp\/v2\/product"}],"about":[{"href":"https:\/\/colibri-jewels.eu\/fi\/wp-json\/wp\/v2\/types\/product"}],"replies":[{"embeddable":true,"href":"https:\/\/colibri-jewels.eu\/fi\/wp-json\/wp\/v2\/comments?post=51170"}],"version-history":[{"count":0,"href":"https:\/\/colibri-jewels.eu\/fi\/wp-json\/wp\/v2\/product\/51170\/revisions"}],"wp:featuredmedia":[{"embeddable":true,"href":"https:\/\/colibri-jewels.eu\/fi\/wp-json\/wp\/v2\/media\/51171"}],"wp:attachment":[{"href":"https:\/\/colibri-jewels.eu\/fi\/wp-json\/wp\/v2\/media?parent=51170"}],"wp:term":[{"taxonomy":"brand","embeddable":true,"href":"https:\/\/colibri-jewels.eu\/fi\/wp-json\/wp\/v2\/etheme_brands?post=51170"},{"taxonomy":"product_brand","embeddable":true,"href":"https:\/\/colibri-jewels.eu\/fi\/wp-json\/wp\/v2\/product_brand?post=51170"},{"taxonomy":"product_cat","embeddable":true,"href":"https:\/\/colibri-jewels.eu\/fi\/wp-json\/wp\/v2\/product_cat?post=51170"},{"taxonomy":"product_tag","embeddable":true,"href":"https:\/\/colibri-jewels.eu\/fi\/wp-json\/wp\/v2\/product_tag?post=51170"}],"curies":[{"name":"wp","href":"https:\/\/api.w.org\/{rel}","templated":true}]}}