{"id":51219,"date":"2024-10-28T18:17:59","date_gmt":"2024-10-28T16:17:59","guid":{"rendered":"https:\/\/colibri-jewels.eu\/?post_type=product&#038;p=51219"},"modified":"2025-05-23T23:46:06","modified_gmt":"2025-05-23T20:46:06","slug":"kasityona-tehty-design-helmikaulakoru-muuntaja-celine","status":"publish","type":"product","link":"https:\/\/colibri-jewels.eu\/fi\/tuote\/kasityona-tehty-design-helmikaulakoru-muuntaja-celine\/","title":{"rendered":"K\u00e4sity\u00f6n\u00e4 tehty design-helmikaulakoru-muuntaja &#8221;C\u00e9line&#8221;"},"content":{"rendered":"<p>Ylellinen k\u00e4sity\u00f6kokoelma, suunniteltu erityisesti Colibri Jewelsille.<\/p>\n<p>Koe t\u00e4m\u00e4n hienon muunnettavan kaulakorun eleganssi ja monipuolisuus. Kaulakorussa on kolme helmirivi\u00e4, joita voi k\u00e4ytt\u00e4\u00e4 yksitt\u00e4in yksinkertaisen, klassisen ilmeen luomiseksi tai yhdess\u00e4 kerrostettuna, mik\u00e4 lis\u00e4\u00e4 asuusi hienostuneisuutta ja eksklusiivista tyyli\u00e4. Kaulakorua koristavat herk\u00e4t hopeiset yksityiskohdat, joissa on vieh\u00e4tt\u00e4vi\u00e4 kolibreja, jotka tuovat luonnollista kauneutta ulkon\u00e4k\u00f6\u00f6si. Yhdess\u00e4 riveist\u00e4 on irrotettava kolibri-riipus, jonka avulla voit mukauttaa tyyli\u00e4si entisest\u00e4\u00e4n. Olitpa menossa erityiseen tilaisuuteen tai haluat lis\u00e4t\u00e4 ripauksen tyyli\u00e4 arkipukeutumiseesi, t\u00e4m\u00e4 muunnettava helmikaulakoru k\u00e4\u00e4nt\u00e4\u00e4 varmasti katseita ja lumoaa.<\/p>\n","protected":false},"excerpt":{"rendered":"<p>Ylellinen k\u00e4sity\u00f6kokoelma, suunniteltu erityisesti Colibri Jewelsille. Koe t\u00e4m\u00e4n hienon muunnettavan kaulakorun eleganssi ja monipuolisuus. Kaulakorussa on kolme helmirivi\u00e4, joita voi k\u00e4ytt\u00e4\u00e4 yksitt\u00e4in yksinkertaisen, klassisen ilmeen&#8230;<\/p>\n","protected":false},"featured_media":51220,"comment_status":"open","ping_status":"closed","template":"","meta":[],"etheme_brands":[],"product_brand":[],"product_cat":[989],"product_tag":[999],"class_list":{"0":"post-51219","1":"product","2":"type-product","3":"status-publish","4":"has-post-thumbnail","6":"product_cat-kaulakorut-ja-riipukset","7":"product_tag-yksinoikeudella","9":"first","10":"instock","11":"shipping-taxable","12":"purchasable","13":"product-type-simple"},"acf":[],"yoast_head":"<!-- This site is optimized with the Yoast SEO Premium plugin v26.5 (Yoast SEO v26.8) - https:\/\/yoast.com\/product\/yoast-seo-premium-wordpress\/ -->\n<title>K\u00e4sity\u00f6n\u00e4 tehty design-helmikaulakoru-muuntaja &quot;C\u00e9line&quot; - Colibri jewels<\/title>\n<meta name=\"robots\" content=\"index, follow, max-snippet:-1, max-image-preview:large, max-video-preview:-1\" \/>\n<link rel=\"canonical\" href=\"https:\/\/colibri-jewels.eu\/fi\/tuote\/kasityona-tehty-design-helmikaulakoru-muuntaja-celine\/\" \/>\n<meta property=\"og:locale\" content=\"fi_FI\" \/>\n<meta property=\"og:type\" content=\"article\" \/>\n<meta property=\"og:title\" content=\"K\u00e4sity\u00f6n\u00e4 tehty design-helmikaulakoru-muuntaja &quot;C\u00e9line&quot;\" \/>\n<meta property=\"og:description\" content=\"Ylellinen k\u00e4sity\u00f6kokoelma, suunniteltu erityisesti Colibri Jewelsille. Koe t\u00e4m\u00e4n hienon muunnettavan kaulakorun eleganssi ja monipuolisuus. Kaulakorussa on kolme helmirivi\u00e4, joita voi k\u00e4ytt\u00e4\u00e4 yksitt\u00e4in yksinkertaisen, klassisen ilmeen...\" \/>\n<meta property=\"og:url\" content=\"https:\/\/colibri-jewels.eu\/fi\/tuote\/kasityona-tehty-design-helmikaulakoru-muuntaja-celine\/\" \/>\n<meta property=\"og:site_name\" content=\"Colibri jewels\" \/>\n<meta property=\"article:publisher\" content=\"https:\/\/www.facebook.com\/colibri.jewels\" \/>\n<meta property=\"article:modified_time\" content=\"2025-05-23T20:46:06+00:00\" \/>\n<meta property=\"og:image\" content=\"https:\/\/colibri-jewels.eu\/wp-content\/uploads\/2024\/10\/pearl-necklace-Celine.jpg\" \/>\n\t<meta property=\"og:image:width\" content=\"1000\" \/>\n\t<meta property=\"og:image:height\" content=\"1000\" \/>\n\t<meta property=\"og:image:type\" content=\"image\/jpeg\" \/>\n<meta name=\"twitter:card\" content=\"summary_large_image\" \/>\n<script type=\"application\/ld+json\" class=\"yoast-schema-graph\">{\"@context\":\"https:\/\/schema.org\",\"@graph\":[{\"@type\":\"WebPage\",\"@id\":\"https:\/\/colibri-jewels.eu\/fi\/tuote\/kasityona-tehty-design-helmikaulakoru-muuntaja-celine\/\",\"url\":\"https:\/\/colibri-jewels.eu\/fi\/tuote\/kasityona-tehty-design-helmikaulakoru-muuntaja-celine\/\",\"name\":\"K\u00e4sity\u00f6n\u00e4 tehty design-helmikaulakoru-muuntaja \\\"C\u00e9line\\\" - Colibri jewels\",\"isPartOf\":{\"@id\":\"https:\/\/colibri-jewels.eu\/fi\/#website\"},\"primaryImageOfPage\":{\"@id\":\"https:\/\/colibri-jewels.eu\/fi\/tuote\/kasityona-tehty-design-helmikaulakoru-muuntaja-celine\/#primaryimage\"},\"image\":{\"@id\":\"https:\/\/colibri-jewels.eu\/fi\/tuote\/kasityona-tehty-design-helmikaulakoru-muuntaja-celine\/#primaryimage\"},\"thumbnailUrl\":\"https:\/\/colibri-jewels.eu\/wp-content\/uploads\/2024\/10\/pearl-necklace-Celine.jpg\",\"datePublished\":\"2024-10-28T16:17:59+00:00\",\"dateModified\":\"2025-05-23T20:46:06+00:00\",\"breadcrumb\":{\"@id\":\"https:\/\/colibri-jewels.eu\/fi\/tuote\/kasityona-tehty-design-helmikaulakoru-muuntaja-celine\/#breadcrumb\"},\"inLanguage\":\"fi\",\"potentialAction\":[{\"@type\":\"ReadAction\",\"target\":[\"https:\/\/colibri-jewels.eu\/fi\/tuote\/kasityona-tehty-design-helmikaulakoru-muuntaja-celine\/\"]}]},{\"@type\":\"ImageObject\",\"inLanguage\":\"fi\",\"@id\":\"https:\/\/colibri-jewels.eu\/fi\/tuote\/kasityona-tehty-design-helmikaulakoru-muuntaja-celine\/#primaryimage\",\"url\":\"https:\/\/colibri-jewels.eu\/wp-content\/uploads\/2024\/10\/pearl-necklace-Celine.jpg\",\"contentUrl\":\"https:\/\/colibri-jewels.eu\/wp-content\/uploads\/2024\/10\/pearl-necklace-Celine.jpg\",\"width\":1000,\"height\":1000},{\"@type\":\"BreadcrumbList\",\"@id\":\"https:\/\/colibri-jewels.eu\/fi\/tuote\/kasityona-tehty-design-helmikaulakoru-muuntaja-celine\/#breadcrumb\",\"itemListElement\":[{\"@type\":\"ListItem\",\"position\":1,\"name\":\"\u0413\u043b\u0430\u0432\u043d\u0430\u044f \u0441\u0442\u0440\u0430\u043d\u0438\u0446\u0430\",\"item\":\"https:\/\/colibri-jewels.eu\/fi\/\"},{\"@type\":\"ListItem\",\"position\":2,\"name\":\"Kauppa\",\"item\":\"https:\/\/colibri-jewels.eu\/fi\/kauppa\/\"},{\"@type\":\"ListItem\",\"position\":3,\"name\":\"K\u00e4sity\u00f6n\u00e4 tehty design-helmikaulakoru-muuntaja &#8220;C\u00e9line&#8221;\"}]},{\"@type\":\"WebSite\",\"@id\":\"https:\/\/colibri-jewels.eu\/fi\/#website\",\"url\":\"https:\/\/colibri-jewels.eu\/fi\/\",\"name\":\"Colibri jewels\",\"description\":\"jewelry shop\",\"publisher\":{\"@id\":\"https:\/\/colibri-jewels.eu\/fi\/#organization\"},\"potentialAction\":[{\"@type\":\"SearchAction\",\"target\":{\"@type\":\"EntryPoint\",\"urlTemplate\":\"https:\/\/colibri-jewels.eu\/fi\/?s={search_term_string}\"},\"query-input\":{\"@type\":\"PropertyValueSpecification\",\"valueRequired\":true,\"valueName\":\"search_term_string\"}}],\"inLanguage\":\"fi\"},{\"@type\":\"Organization\",\"@id\":\"https:\/\/colibri-jewels.eu\/fi\/#organization\",\"name\":\"O\u00dc Colibri\",\"url\":\"https:\/\/colibri-jewels.eu\/fi\/\",\"logo\":{\"@type\":\"ImageObject\",\"inLanguage\":\"fi\",\"@id\":\"https:\/\/colibri-jewels.eu\/fi\/#\/schema\/logo\/image\/\",\"url\":\"https:\/\/dev.colibri-jewels.eu\/wp-content\/uploads\/2021\/03\/colibri.png\",\"contentUrl\":\"https:\/\/dev.colibri-jewels.eu\/wp-content\/uploads\/2021\/03\/colibri.png\",\"width\":227,\"height\":130,\"caption\":\"O\u00dc Colibri\"},\"image\":{\"@id\":\"https:\/\/colibri-jewels.eu\/fi\/#\/schema\/logo\/image\/\"},\"sameAs\":[\"https:\/\/www.facebook.com\/colibri.jewels\",\"https:\/\/www.instagram.com\/colibri.jewels\",\"https:\/\/www.tiktok.com\/colibri.jewels\"]}]}<\/script>\n<!-- \/ Yoast SEO Premium plugin. -->","yoast_head_json":{"title":"K\u00e4sity\u00f6n\u00e4 tehty design-helmikaulakoru-muuntaja \"C\u00e9line\" - Colibri jewels","robots":{"index":"index","follow":"follow","max-snippet":"max-snippet:-1","max-image-preview":"max-image-preview:large","max-video-preview":"max-video-preview:-1"},"canonical":"https:\/\/colibri-jewels.eu\/fi\/tuote\/kasityona-tehty-design-helmikaulakoru-muuntaja-celine\/","og_locale":"fi_FI","og_type":"article","og_title":"K\u00e4sity\u00f6n\u00e4 tehty design-helmikaulakoru-muuntaja \"C\u00e9line\"","og_description":"Ylellinen k\u00e4sity\u00f6kokoelma, suunniteltu erityisesti Colibri Jewelsille. Koe t\u00e4m\u00e4n hienon muunnettavan kaulakorun eleganssi ja monipuolisuus. Kaulakorussa on kolme helmirivi\u00e4, joita voi k\u00e4ytt\u00e4\u00e4 yksitt\u00e4in yksinkertaisen, klassisen ilmeen...","og_url":"https:\/\/colibri-jewels.eu\/fi\/tuote\/kasityona-tehty-design-helmikaulakoru-muuntaja-celine\/","og_site_name":"Colibri jewels","article_publisher":"https:\/\/www.facebook.com\/colibri.jewels","article_modified_time":"2025-05-23T20:46:06+00:00","og_image":[{"width":1000,"height":1000,"url":"https:\/\/colibri-jewels.eu\/wp-content\/uploads\/2024\/10\/pearl-necklace-Celine.jpg","type":"image\/jpeg"}],"twitter_card":"summary_large_image","schema":{"@context":"https:\/\/schema.org","@graph":[{"@type":"WebPage","@id":"https:\/\/colibri-jewels.eu\/fi\/tuote\/kasityona-tehty-design-helmikaulakoru-muuntaja-celine\/","url":"https:\/\/colibri-jewels.eu\/fi\/tuote\/kasityona-tehty-design-helmikaulakoru-muuntaja-celine\/","name":"K\u00e4sity\u00f6n\u00e4 tehty design-helmikaulakoru-muuntaja \"C\u00e9line\" - Colibri jewels","isPartOf":{"@id":"https:\/\/colibri-jewels.eu\/fi\/#website"},"primaryImageOfPage":{"@id":"https:\/\/colibri-jewels.eu\/fi\/tuote\/kasityona-tehty-design-helmikaulakoru-muuntaja-celine\/#primaryimage"},"image":{"@id":"https:\/\/colibri-jewels.eu\/fi\/tuote\/kasityona-tehty-design-helmikaulakoru-muuntaja-celine\/#primaryimage"},"thumbnailUrl":"https:\/\/colibri-jewels.eu\/wp-content\/uploads\/2024\/10\/pearl-necklace-Celine.jpg","datePublished":"2024-10-28T16:17:59+00:00","dateModified":"2025-05-23T20:46:06+00:00","breadcrumb":{"@id":"https:\/\/colibri-jewels.eu\/fi\/tuote\/kasityona-tehty-design-helmikaulakoru-muuntaja-celine\/#breadcrumb"},"inLanguage":"fi","potentialAction":[{"@type":"ReadAction","target":["https:\/\/colibri-jewels.eu\/fi\/tuote\/kasityona-tehty-design-helmikaulakoru-muuntaja-celine\/"]}]},{"@type":"ImageObject","inLanguage":"fi","@id":"https:\/\/colibri-jewels.eu\/fi\/tuote\/kasityona-tehty-design-helmikaulakoru-muuntaja-celine\/#primaryimage","url":"https:\/\/colibri-jewels.eu\/wp-content\/uploads\/2024\/10\/pearl-necklace-Celine.jpg","contentUrl":"https:\/\/colibri-jewels.eu\/wp-content\/uploads\/2024\/10\/pearl-necklace-Celine.jpg","width":1000,"height":1000},{"@type":"BreadcrumbList","@id":"https:\/\/colibri-jewels.eu\/fi\/tuote\/kasityona-tehty-design-helmikaulakoru-muuntaja-celine\/#breadcrumb","itemListElement":[{"@type":"ListItem","position":1,"name":"\u0413\u043b\u0430\u0432\u043d\u0430\u044f \u0441\u0442\u0440\u0430\u043d\u0438\u0446\u0430","item":"https:\/\/colibri-jewels.eu\/fi\/"},{"@type":"ListItem","position":2,"name":"Kauppa","item":"https:\/\/colibri-jewels.eu\/fi\/kauppa\/"},{"@type":"ListItem","position":3,"name":"K\u00e4sity\u00f6n\u00e4 tehty design-helmikaulakoru-muuntaja &#8220;C\u00e9line&#8221;"}]},{"@type":"WebSite","@id":"https:\/\/colibri-jewels.eu\/fi\/#website","url":"https:\/\/colibri-jewels.eu\/fi\/","name":"Colibri jewels","description":"jewelry shop","publisher":{"@id":"https:\/\/colibri-jewels.eu\/fi\/#organization"},"potentialAction":[{"@type":"SearchAction","target":{"@type":"EntryPoint","urlTemplate":"https:\/\/colibri-jewels.eu\/fi\/?s={search_term_string}"},"query-input":{"@type":"PropertyValueSpecification","valueRequired":true,"valueName":"search_term_string"}}],"inLanguage":"fi"},{"@type":"Organization","@id":"https:\/\/colibri-jewels.eu\/fi\/#organization","name":"O\u00dc Colibri","url":"https:\/\/colibri-jewels.eu\/fi\/","logo":{"@type":"ImageObject","inLanguage":"fi","@id":"https:\/\/colibri-jewels.eu\/fi\/#\/schema\/logo\/image\/","url":"https:\/\/dev.colibri-jewels.eu\/wp-content\/uploads\/2021\/03\/colibri.png","contentUrl":"https:\/\/dev.colibri-jewels.eu\/wp-content\/uploads\/2021\/03\/colibri.png","width":227,"height":130,"caption":"O\u00dc Colibri"},"image":{"@id":"https:\/\/colibri-jewels.eu\/fi\/#\/schema\/logo\/image\/"},"sameAs":["https:\/\/www.facebook.com\/colibri.jewels","https:\/\/www.instagram.com\/colibri.jewels","https:\/\/www.tiktok.com\/colibri.jewels"]}]}},"_links":{"self":[{"href":"https:\/\/colibri-jewels.eu\/fi\/wp-json\/wp\/v2\/product\/51219","targetHints":{"allow":["GET"]}}],"collection":[{"href":"https:\/\/colibri-jewels.eu\/fi\/wp-json\/wp\/v2\/product"}],"about":[{"href":"https:\/\/colibri-jewels.eu\/fi\/wp-json\/wp\/v2\/types\/product"}],"replies":[{"embeddable":true,"href":"https:\/\/colibri-jewels.eu\/fi\/wp-json\/wp\/v2\/comments?post=51219"}],"version-history":[{"count":0,"href":"https:\/\/colibri-jewels.eu\/fi\/wp-json\/wp\/v2\/product\/51219\/revisions"}],"wp:featuredmedia":[{"embeddable":true,"href":"https:\/\/colibri-jewels.eu\/fi\/wp-json\/wp\/v2\/media\/51220"}],"wp:attachment":[{"href":"https:\/\/colibri-jewels.eu\/fi\/wp-json\/wp\/v2\/media?parent=51219"}],"wp:term":[{"taxonomy":"brand","embeddable":true,"href":"https:\/\/colibri-jewels.eu\/fi\/wp-json\/wp\/v2\/etheme_brands?post=51219"},{"taxonomy":"product_brand","embeddable":true,"href":"https:\/\/colibri-jewels.eu\/fi\/wp-json\/wp\/v2\/product_brand?post=51219"},{"taxonomy":"product_cat","embeddable":true,"href":"https:\/\/colibri-jewels.eu\/fi\/wp-json\/wp\/v2\/product_cat?post=51219"},{"taxonomy":"product_tag","embeddable":true,"href":"https:\/\/colibri-jewels.eu\/fi\/wp-json\/wp\/v2\/product_tag?post=51219"}],"curies":[{"name":"wp","href":"https:\/\/api.w.org\/{rel}","templated":true}]}}