{"id":51394,"date":"2024-09-24T18:10:18","date_gmt":"2024-09-24T15:10:18","guid":{"rendered":"https:\/\/colibri-jewels.eu\/?post_type=product&#038;p=51394"},"modified":"2025-05-24T18:44:27","modified_gmt":"2025-05-24T15:44:27","slug":"brutaali-hopeariipus-kulmahammas","status":"publish","type":"product","link":"https:\/\/colibri-jewels.eu\/fi\/tuote\/brutaali-hopeariipus-kulmahammas\/","title":{"rendered":"Brutaali hopeariipus &#8221;Kulmahammas&#8221;"},"content":{"rendered":"<p>T\u00e4m\u00e4 hopeariipus on tyylitelty Kulmahammas, brutaali symboli miehen syv\u00e4lle k\u00e4tketyist\u00e4 mets\u00e4st\u00e4j\u00e4vaistoista, miehest\u00e4, joka on valmis puolustamaan perhett\u00e4\u00e4n milloin tahansa. Laadukkaasta sterlinghopeasta valmistettu riipus yhdist\u00e4\u00e4 sile\u00e4n kiillotetun pinnan monimutkaisiin etnisiin kuvioihin luoden ainutlaatuisen kontrastin. Heimokuvioinnit korostavat seikkailun ja rohkeuden henke\u00e4, mik\u00e4 tekee t\u00e4st\u00e4 riipuksesta t\u00e4ydellisen asusteen itsevarmoille miehille. Yksinkertaisen suoran ripustuslenkin ansiosta se on helppo ripustaa ketjuun tai naruun.<\/p>\n<p>Sterlinghopeaa, musta rodiumpinnoite.<\/p>\n<p>Riipuksen pituus on 5 cm.<\/p>\n","protected":false},"excerpt":{"rendered":"<p>T\u00e4m\u00e4 hopeariipus on tyylitelty Kulmahammas, brutaali symboli miehen syv\u00e4lle k\u00e4tketyist\u00e4 mets\u00e4st\u00e4j\u00e4vaistoista, miehest\u00e4, joka on valmis puolustamaan perhett\u00e4\u00e4n milloin tahansa. Laadukkaasta sterlinghopeasta valmistettu riipus yhdist\u00e4\u00e4 sile\u00e4n&#8230;<\/p>\n","protected":false},"featured_media":51395,"comment_status":"open","ping_status":"closed","template":"","meta":[],"etheme_brands":[],"product_brand":[],"product_cat":[989],"product_tag":[1003],"class_list":{"0":"post-51394","1":"product","2":"type-product","3":"status-publish","4":"has-post-thumbnail","6":"product_cat-kaulakorut-ja-riipukset","7":"product_tag-miesten-korut","9":"first","10":"instock","11":"shipping-taxable","12":"purchasable","13":"product-type-simple"},"acf":[],"yoast_head":"<!-- This site is optimized with the Yoast SEO Premium plugin v26.5 (Yoast SEO v26.8) - https:\/\/yoast.com\/product\/yoast-seo-premium-wordpress\/ -->\n<title>Brutaali hopeariipus &quot;Kulmahammas&quot; - Colibri jewels<\/title>\n<meta name=\"robots\" content=\"index, follow, max-snippet:-1, max-image-preview:large, max-video-preview:-1\" \/>\n<link rel=\"canonical\" href=\"https:\/\/colibri-jewels.eu\/fi\/tuote\/brutaali-hopeariipus-kulmahammas\/\" \/>\n<meta property=\"og:locale\" content=\"fi_FI\" \/>\n<meta property=\"og:type\" content=\"article\" \/>\n<meta property=\"og:title\" content=\"Brutaali hopeariipus &quot;Kulmahammas&quot;\" \/>\n<meta property=\"og:description\" content=\"T\u00e4m\u00e4 hopeariipus on tyylitelty Kulmahammas, brutaali symboli miehen syv\u00e4lle k\u00e4tketyist\u00e4 mets\u00e4st\u00e4j\u00e4vaistoista, miehest\u00e4, joka on valmis puolustamaan perhett\u00e4\u00e4n milloin tahansa. Laadukkaasta sterlinghopeasta valmistettu riipus yhdist\u00e4\u00e4 sile\u00e4n...\" \/>\n<meta property=\"og:url\" content=\"https:\/\/colibri-jewels.eu\/fi\/tuote\/brutaali-hopeariipus-kulmahammas\/\" \/>\n<meta property=\"og:site_name\" content=\"Colibri jewels\" \/>\n<meta property=\"article:publisher\" content=\"https:\/\/www.facebook.com\/colibri.jewels\" \/>\n<meta property=\"article:modified_time\" content=\"2025-05-24T15:44:27+00:00\" \/>\n<meta property=\"og:image\" content=\"https:\/\/colibri-jewels.eu\/wp-content\/uploads\/2024\/09\/2173-silver-pendant-fang.jpg\" \/>\n\t<meta property=\"og:image:width\" content=\"1000\" \/>\n\t<meta property=\"og:image:height\" content=\"1000\" \/>\n\t<meta property=\"og:image:type\" content=\"image\/jpeg\" \/>\n<meta name=\"twitter:card\" content=\"summary_large_image\" \/>\n<script type=\"application\/ld+json\" class=\"yoast-schema-graph\">{\"@context\":\"https:\/\/schema.org\",\"@graph\":[{\"@type\":\"WebPage\",\"@id\":\"https:\/\/colibri-jewels.eu\/fi\/tuote\/brutaali-hopeariipus-kulmahammas\/\",\"url\":\"https:\/\/colibri-jewels.eu\/fi\/tuote\/brutaali-hopeariipus-kulmahammas\/\",\"name\":\"Brutaali hopeariipus \\\"Kulmahammas\\\" - Colibri jewels\",\"isPartOf\":{\"@id\":\"https:\/\/colibri-jewels.eu\/fi\/#website\"},\"primaryImageOfPage\":{\"@id\":\"https:\/\/colibri-jewels.eu\/fi\/tuote\/brutaali-hopeariipus-kulmahammas\/#primaryimage\"},\"image\":{\"@id\":\"https:\/\/colibri-jewels.eu\/fi\/tuote\/brutaali-hopeariipus-kulmahammas\/#primaryimage\"},\"thumbnailUrl\":\"https:\/\/colibri-jewels.eu\/wp-content\/uploads\/2024\/09\/2173-silver-pendant-fang.jpg\",\"datePublished\":\"2024-09-24T15:10:18+00:00\",\"dateModified\":\"2025-05-24T15:44:27+00:00\",\"breadcrumb\":{\"@id\":\"https:\/\/colibri-jewels.eu\/fi\/tuote\/brutaali-hopeariipus-kulmahammas\/#breadcrumb\"},\"inLanguage\":\"fi\",\"potentialAction\":[{\"@type\":\"ReadAction\",\"target\":[\"https:\/\/colibri-jewels.eu\/fi\/tuote\/brutaali-hopeariipus-kulmahammas\/\"]}]},{\"@type\":\"ImageObject\",\"inLanguage\":\"fi\",\"@id\":\"https:\/\/colibri-jewels.eu\/fi\/tuote\/brutaali-hopeariipus-kulmahammas\/#primaryimage\",\"url\":\"https:\/\/colibri-jewels.eu\/wp-content\/uploads\/2024\/09\/2173-silver-pendant-fang.jpg\",\"contentUrl\":\"https:\/\/colibri-jewels.eu\/wp-content\/uploads\/2024\/09\/2173-silver-pendant-fang.jpg\",\"width\":1000,\"height\":1000},{\"@type\":\"BreadcrumbList\",\"@id\":\"https:\/\/colibri-jewels.eu\/fi\/tuote\/brutaali-hopeariipus-kulmahammas\/#breadcrumb\",\"itemListElement\":[{\"@type\":\"ListItem\",\"position\":1,\"name\":\"\u0413\u043b\u0430\u0432\u043d\u0430\u044f \u0441\u0442\u0440\u0430\u043d\u0438\u0446\u0430\",\"item\":\"https:\/\/colibri-jewels.eu\/fi\/\"},{\"@type\":\"ListItem\",\"position\":2,\"name\":\"Kauppa\",\"item\":\"https:\/\/colibri-jewels.eu\/fi\/kauppa\/\"},{\"@type\":\"ListItem\",\"position\":3,\"name\":\"Brutaali hopeariipus &#8220;Kulmahammas&#8221;\"}]},{\"@type\":\"WebSite\",\"@id\":\"https:\/\/colibri-jewels.eu\/fi\/#website\",\"url\":\"https:\/\/colibri-jewels.eu\/fi\/\",\"name\":\"Colibri jewels\",\"description\":\"jewelry shop\",\"publisher\":{\"@id\":\"https:\/\/colibri-jewels.eu\/fi\/#organization\"},\"potentialAction\":[{\"@type\":\"SearchAction\",\"target\":{\"@type\":\"EntryPoint\",\"urlTemplate\":\"https:\/\/colibri-jewels.eu\/fi\/?s={search_term_string}\"},\"query-input\":{\"@type\":\"PropertyValueSpecification\",\"valueRequired\":true,\"valueName\":\"search_term_string\"}}],\"inLanguage\":\"fi\"},{\"@type\":\"Organization\",\"@id\":\"https:\/\/colibri-jewels.eu\/fi\/#organization\",\"name\":\"O\u00dc Colibri\",\"url\":\"https:\/\/colibri-jewels.eu\/fi\/\",\"logo\":{\"@type\":\"ImageObject\",\"inLanguage\":\"fi\",\"@id\":\"https:\/\/colibri-jewels.eu\/fi\/#\/schema\/logo\/image\/\",\"url\":\"https:\/\/dev.colibri-jewels.eu\/wp-content\/uploads\/2021\/03\/colibri.png\",\"contentUrl\":\"https:\/\/dev.colibri-jewels.eu\/wp-content\/uploads\/2021\/03\/colibri.png\",\"width\":227,\"height\":130,\"caption\":\"O\u00dc Colibri\"},\"image\":{\"@id\":\"https:\/\/colibri-jewels.eu\/fi\/#\/schema\/logo\/image\/\"},\"sameAs\":[\"https:\/\/www.facebook.com\/colibri.jewels\",\"https:\/\/www.instagram.com\/colibri.jewels\",\"https:\/\/www.tiktok.com\/colibri.jewels\"]}]}<\/script>\n<!-- \/ Yoast SEO Premium plugin. -->","yoast_head_json":{"title":"Brutaali hopeariipus \"Kulmahammas\" - Colibri jewels","robots":{"index":"index","follow":"follow","max-snippet":"max-snippet:-1","max-image-preview":"max-image-preview:large","max-video-preview":"max-video-preview:-1"},"canonical":"https:\/\/colibri-jewels.eu\/fi\/tuote\/brutaali-hopeariipus-kulmahammas\/","og_locale":"fi_FI","og_type":"article","og_title":"Brutaali hopeariipus \"Kulmahammas\"","og_description":"T\u00e4m\u00e4 hopeariipus on tyylitelty Kulmahammas, brutaali symboli miehen syv\u00e4lle k\u00e4tketyist\u00e4 mets\u00e4st\u00e4j\u00e4vaistoista, miehest\u00e4, joka on valmis puolustamaan perhett\u00e4\u00e4n milloin tahansa. Laadukkaasta sterlinghopeasta valmistettu riipus yhdist\u00e4\u00e4 sile\u00e4n...","og_url":"https:\/\/colibri-jewels.eu\/fi\/tuote\/brutaali-hopeariipus-kulmahammas\/","og_site_name":"Colibri jewels","article_publisher":"https:\/\/www.facebook.com\/colibri.jewels","article_modified_time":"2025-05-24T15:44:27+00:00","og_image":[{"width":1000,"height":1000,"url":"https:\/\/colibri-jewels.eu\/wp-content\/uploads\/2024\/09\/2173-silver-pendant-fang.jpg","type":"image\/jpeg"}],"twitter_card":"summary_large_image","schema":{"@context":"https:\/\/schema.org","@graph":[{"@type":"WebPage","@id":"https:\/\/colibri-jewels.eu\/fi\/tuote\/brutaali-hopeariipus-kulmahammas\/","url":"https:\/\/colibri-jewels.eu\/fi\/tuote\/brutaali-hopeariipus-kulmahammas\/","name":"Brutaali hopeariipus \"Kulmahammas\" - Colibri jewels","isPartOf":{"@id":"https:\/\/colibri-jewels.eu\/fi\/#website"},"primaryImageOfPage":{"@id":"https:\/\/colibri-jewels.eu\/fi\/tuote\/brutaali-hopeariipus-kulmahammas\/#primaryimage"},"image":{"@id":"https:\/\/colibri-jewels.eu\/fi\/tuote\/brutaali-hopeariipus-kulmahammas\/#primaryimage"},"thumbnailUrl":"https:\/\/colibri-jewels.eu\/wp-content\/uploads\/2024\/09\/2173-silver-pendant-fang.jpg","datePublished":"2024-09-24T15:10:18+00:00","dateModified":"2025-05-24T15:44:27+00:00","breadcrumb":{"@id":"https:\/\/colibri-jewels.eu\/fi\/tuote\/brutaali-hopeariipus-kulmahammas\/#breadcrumb"},"inLanguage":"fi","potentialAction":[{"@type":"ReadAction","target":["https:\/\/colibri-jewels.eu\/fi\/tuote\/brutaali-hopeariipus-kulmahammas\/"]}]},{"@type":"ImageObject","inLanguage":"fi","@id":"https:\/\/colibri-jewels.eu\/fi\/tuote\/brutaali-hopeariipus-kulmahammas\/#primaryimage","url":"https:\/\/colibri-jewels.eu\/wp-content\/uploads\/2024\/09\/2173-silver-pendant-fang.jpg","contentUrl":"https:\/\/colibri-jewels.eu\/wp-content\/uploads\/2024\/09\/2173-silver-pendant-fang.jpg","width":1000,"height":1000},{"@type":"BreadcrumbList","@id":"https:\/\/colibri-jewels.eu\/fi\/tuote\/brutaali-hopeariipus-kulmahammas\/#breadcrumb","itemListElement":[{"@type":"ListItem","position":1,"name":"\u0413\u043b\u0430\u0432\u043d\u0430\u044f \u0441\u0442\u0440\u0430\u043d\u0438\u0446\u0430","item":"https:\/\/colibri-jewels.eu\/fi\/"},{"@type":"ListItem","position":2,"name":"Kauppa","item":"https:\/\/colibri-jewels.eu\/fi\/kauppa\/"},{"@type":"ListItem","position":3,"name":"Brutaali hopeariipus &#8220;Kulmahammas&#8221;"}]},{"@type":"WebSite","@id":"https:\/\/colibri-jewels.eu\/fi\/#website","url":"https:\/\/colibri-jewels.eu\/fi\/","name":"Colibri jewels","description":"jewelry shop","publisher":{"@id":"https:\/\/colibri-jewels.eu\/fi\/#organization"},"potentialAction":[{"@type":"SearchAction","target":{"@type":"EntryPoint","urlTemplate":"https:\/\/colibri-jewels.eu\/fi\/?s={search_term_string}"},"query-input":{"@type":"PropertyValueSpecification","valueRequired":true,"valueName":"search_term_string"}}],"inLanguage":"fi"},{"@type":"Organization","@id":"https:\/\/colibri-jewels.eu\/fi\/#organization","name":"O\u00dc Colibri","url":"https:\/\/colibri-jewels.eu\/fi\/","logo":{"@type":"ImageObject","inLanguage":"fi","@id":"https:\/\/colibri-jewels.eu\/fi\/#\/schema\/logo\/image\/","url":"https:\/\/dev.colibri-jewels.eu\/wp-content\/uploads\/2021\/03\/colibri.png","contentUrl":"https:\/\/dev.colibri-jewels.eu\/wp-content\/uploads\/2021\/03\/colibri.png","width":227,"height":130,"caption":"O\u00dc Colibri"},"image":{"@id":"https:\/\/colibri-jewels.eu\/fi\/#\/schema\/logo\/image\/"},"sameAs":["https:\/\/www.facebook.com\/colibri.jewels","https:\/\/www.instagram.com\/colibri.jewels","https:\/\/www.tiktok.com\/colibri.jewels"]}]}},"_links":{"self":[{"href":"https:\/\/colibri-jewels.eu\/fi\/wp-json\/wp\/v2\/product\/51394","targetHints":{"allow":["GET"]}}],"collection":[{"href":"https:\/\/colibri-jewels.eu\/fi\/wp-json\/wp\/v2\/product"}],"about":[{"href":"https:\/\/colibri-jewels.eu\/fi\/wp-json\/wp\/v2\/types\/product"}],"replies":[{"embeddable":true,"href":"https:\/\/colibri-jewels.eu\/fi\/wp-json\/wp\/v2\/comments?post=51394"}],"version-history":[{"count":0,"href":"https:\/\/colibri-jewels.eu\/fi\/wp-json\/wp\/v2\/product\/51394\/revisions"}],"wp:featuredmedia":[{"embeddable":true,"href":"https:\/\/colibri-jewels.eu\/fi\/wp-json\/wp\/v2\/media\/51395"}],"wp:attachment":[{"href":"https:\/\/colibri-jewels.eu\/fi\/wp-json\/wp\/v2\/media?parent=51394"}],"wp:term":[{"taxonomy":"brand","embeddable":true,"href":"https:\/\/colibri-jewels.eu\/fi\/wp-json\/wp\/v2\/etheme_brands?post=51394"},{"taxonomy":"product_brand","embeddable":true,"href":"https:\/\/colibri-jewels.eu\/fi\/wp-json\/wp\/v2\/product_brand?post=51394"},{"taxonomy":"product_cat","embeddable":true,"href":"https:\/\/colibri-jewels.eu\/fi\/wp-json\/wp\/v2\/product_cat?post=51394"},{"taxonomy":"product_tag","embeddable":true,"href":"https:\/\/colibri-jewels.eu\/fi\/wp-json\/wp\/v2\/product_tag?post=51394"}],"curies":[{"name":"wp","href":"https:\/\/api.w.org\/{rel}","templated":true}]}}