{"id":51437,"date":"2024-08-06T21:54:29","date_gmt":"2024-08-06T18:54:29","guid":{"rendered":"https:\/\/colibri-jewels.eu\/?post_type=product&#038;p=51437"},"modified":"2025-05-24T18:48:06","modified_gmt":"2025-05-24T15:48:06","slug":"vintage-tyylinen-niukka-sormus-mustalla-aventuriinilla-kairon-yo","status":"publish","type":"product","link":"https:\/\/colibri-jewels.eu\/fi\/tuote\/vintage-tyylinen-niukka-sormus-mustalla-aventuriinilla-kairon-yo\/","title":{"rendered":"Vintage-tyylinen niukka sormus mustalla aventuriinilla &#8221;Kairon y\u00f6&#8221;"},"content":{"rendered":"<p>T\u00e4m\u00e4 musta synteettinen aventuriini on leikattu erityisesti k\u00e4sin t\u00e4t\u00e4 setti\u00e4 varten. Sen kimalteet loistavat hiljaa kuin t\u00e4hdet kaukaisessa galaksissa. Sormuksen niukka muoto saa sen n\u00e4ytt\u00e4m\u00e4\u00e4n silt\u00e4 kuin se olisi per\u00e4isin suoraan jonkun perint\u00f6aarteistosta. Katso my\u00f6s setin muut osat \u2013 riipus ja korvakorut.<\/p>\n<p>Sterlinghopeaa Varastossa oleva koko 17,0.<\/p>\n<p>Sormuksen paino 6,33 g.<\/p>\n<p>&nbsp;<\/p>\n","protected":false},"excerpt":{"rendered":"<p>T\u00e4m\u00e4 musta synteettinen aventuriini on leikattu erityisesti k\u00e4sin t\u00e4t\u00e4 setti\u00e4 varten. Sen kimalteet loistavat hiljaa kuin t\u00e4hdet kaukaisessa galaksissa. Sormuksen niukka muoto saa sen n\u00e4ytt\u00e4m\u00e4\u00e4n&#8230;<\/p>\n","protected":false},"featured_media":51438,"comment_status":"open","ping_status":"closed","template":"","meta":[],"etheme_brands":[],"product_brand":[],"product_cat":[990],"product_tag":[],"class_list":{"0":"post-51437","1":"product","2":"type-product","3":"status-publish","4":"has-post-thumbnail","6":"product_cat-sormukset","8":"first","9":"instock","10":"shipping-taxable","11":"purchasable","12":"product-type-simple"},"acf":[],"yoast_head":"<!-- This site is optimized with the Yoast SEO Premium plugin v26.5 (Yoast SEO v26.8) - https:\/\/yoast.com\/product\/yoast-seo-premium-wordpress\/ -->\n<title>Vintage-tyylinen niukka sormus mustalla aventuriinilla &quot;Kairon y\u00f6&quot; - Colibri jewels<\/title>\n<meta name=\"robots\" content=\"index, follow, max-snippet:-1, max-image-preview:large, max-video-preview:-1\" \/>\n<link rel=\"canonical\" href=\"https:\/\/colibri-jewels.eu\/fi\/tuote\/vintage-tyylinen-niukka-sormus-mustalla-aventuriinilla-kairon-yo\/\" \/>\n<meta property=\"og:locale\" content=\"fi_FI\" \/>\n<meta property=\"og:type\" content=\"article\" \/>\n<meta property=\"og:title\" content=\"Vintage-tyylinen niukka sormus mustalla aventuriinilla &quot;Kairon y\u00f6&quot;\" \/>\n<meta property=\"og:description\" content=\"T\u00e4m\u00e4 musta synteettinen aventuriini on leikattu erityisesti k\u00e4sin t\u00e4t\u00e4 setti\u00e4 varten. Sen kimalteet loistavat hiljaa kuin t\u00e4hdet kaukaisessa galaksissa. Sormuksen niukka muoto saa sen n\u00e4ytt\u00e4m\u00e4\u00e4n...\" \/>\n<meta property=\"og:url\" content=\"https:\/\/colibri-jewels.eu\/fi\/tuote\/vintage-tyylinen-niukka-sormus-mustalla-aventuriinilla-kairon-yo\/\" \/>\n<meta property=\"og:site_name\" content=\"Colibri jewels\" \/>\n<meta property=\"article:publisher\" content=\"https:\/\/www.facebook.com\/colibri.jewels\" \/>\n<meta property=\"article:modified_time\" content=\"2025-05-24T15:48:06+00:00\" \/>\n<meta property=\"og:image\" content=\"https:\/\/colibri-jewels.eu\/wp-content\/uploads\/2024\/08\/black-aventurine-ring-night-of-cairo-1.jpg\" \/>\n\t<meta property=\"og:image:width\" content=\"1000\" \/>\n\t<meta property=\"og:image:height\" content=\"1000\" \/>\n\t<meta property=\"og:image:type\" content=\"image\/jpeg\" \/>\n<meta name=\"twitter:card\" content=\"summary_large_image\" \/>\n<script type=\"application\/ld+json\" class=\"yoast-schema-graph\">{\"@context\":\"https:\/\/schema.org\",\"@graph\":[{\"@type\":\"WebPage\",\"@id\":\"https:\/\/colibri-jewels.eu\/fi\/tuote\/vintage-tyylinen-niukka-sormus-mustalla-aventuriinilla-kairon-yo\/\",\"url\":\"https:\/\/colibri-jewels.eu\/fi\/tuote\/vintage-tyylinen-niukka-sormus-mustalla-aventuriinilla-kairon-yo\/\",\"name\":\"Vintage-tyylinen niukka sormus mustalla aventuriinilla \\\"Kairon y\u00f6\\\" - Colibri jewels\",\"isPartOf\":{\"@id\":\"https:\/\/colibri-jewels.eu\/fi\/#website\"},\"primaryImageOfPage\":{\"@id\":\"https:\/\/colibri-jewels.eu\/fi\/tuote\/vintage-tyylinen-niukka-sormus-mustalla-aventuriinilla-kairon-yo\/#primaryimage\"},\"image\":{\"@id\":\"https:\/\/colibri-jewels.eu\/fi\/tuote\/vintage-tyylinen-niukka-sormus-mustalla-aventuriinilla-kairon-yo\/#primaryimage\"},\"thumbnailUrl\":\"https:\/\/colibri-jewels.eu\/wp-content\/uploads\/2024\/08\/black-aventurine-ring-night-of-cairo-1.jpg\",\"datePublished\":\"2024-08-06T18:54:29+00:00\",\"dateModified\":\"2025-05-24T15:48:06+00:00\",\"breadcrumb\":{\"@id\":\"https:\/\/colibri-jewels.eu\/fi\/tuote\/vintage-tyylinen-niukka-sormus-mustalla-aventuriinilla-kairon-yo\/#breadcrumb\"},\"inLanguage\":\"fi\",\"potentialAction\":[{\"@type\":\"ReadAction\",\"target\":[\"https:\/\/colibri-jewels.eu\/fi\/tuote\/vintage-tyylinen-niukka-sormus-mustalla-aventuriinilla-kairon-yo\/\"]}]},{\"@type\":\"ImageObject\",\"inLanguage\":\"fi\",\"@id\":\"https:\/\/colibri-jewels.eu\/fi\/tuote\/vintage-tyylinen-niukka-sormus-mustalla-aventuriinilla-kairon-yo\/#primaryimage\",\"url\":\"https:\/\/colibri-jewels.eu\/wp-content\/uploads\/2024\/08\/black-aventurine-ring-night-of-cairo-1.jpg\",\"contentUrl\":\"https:\/\/colibri-jewels.eu\/wp-content\/uploads\/2024\/08\/black-aventurine-ring-night-of-cairo-1.jpg\",\"width\":1000,\"height\":1000},{\"@type\":\"BreadcrumbList\",\"@id\":\"https:\/\/colibri-jewels.eu\/fi\/tuote\/vintage-tyylinen-niukka-sormus-mustalla-aventuriinilla-kairon-yo\/#breadcrumb\",\"itemListElement\":[{\"@type\":\"ListItem\",\"position\":1,\"name\":\"\u0413\u043b\u0430\u0432\u043d\u0430\u044f \u0441\u0442\u0440\u0430\u043d\u0438\u0446\u0430\",\"item\":\"https:\/\/colibri-jewels.eu\/fi\/\"},{\"@type\":\"ListItem\",\"position\":2,\"name\":\"Kauppa\",\"item\":\"https:\/\/colibri-jewels.eu\/fi\/kauppa\/\"},{\"@type\":\"ListItem\",\"position\":3,\"name\":\"Vintage-tyylinen niukka sormus mustalla aventuriinilla &#8220;Kairon y\u00f6&#8221;\"}]},{\"@type\":\"WebSite\",\"@id\":\"https:\/\/colibri-jewels.eu\/fi\/#website\",\"url\":\"https:\/\/colibri-jewels.eu\/fi\/\",\"name\":\"Colibri jewels\",\"description\":\"jewelry shop\",\"publisher\":{\"@id\":\"https:\/\/colibri-jewels.eu\/fi\/#organization\"},\"potentialAction\":[{\"@type\":\"SearchAction\",\"target\":{\"@type\":\"EntryPoint\",\"urlTemplate\":\"https:\/\/colibri-jewels.eu\/fi\/?s={search_term_string}\"},\"query-input\":{\"@type\":\"PropertyValueSpecification\",\"valueRequired\":true,\"valueName\":\"search_term_string\"}}],\"inLanguage\":\"fi\"},{\"@type\":\"Organization\",\"@id\":\"https:\/\/colibri-jewels.eu\/fi\/#organization\",\"name\":\"O\u00dc Colibri\",\"url\":\"https:\/\/colibri-jewels.eu\/fi\/\",\"logo\":{\"@type\":\"ImageObject\",\"inLanguage\":\"fi\",\"@id\":\"https:\/\/colibri-jewels.eu\/fi\/#\/schema\/logo\/image\/\",\"url\":\"https:\/\/dev.colibri-jewels.eu\/wp-content\/uploads\/2021\/03\/colibri.png\",\"contentUrl\":\"https:\/\/dev.colibri-jewels.eu\/wp-content\/uploads\/2021\/03\/colibri.png\",\"width\":227,\"height\":130,\"caption\":\"O\u00dc Colibri\"},\"image\":{\"@id\":\"https:\/\/colibri-jewels.eu\/fi\/#\/schema\/logo\/image\/\"},\"sameAs\":[\"https:\/\/www.facebook.com\/colibri.jewels\",\"https:\/\/www.instagram.com\/colibri.jewels\",\"https:\/\/www.tiktok.com\/colibri.jewels\"]}]}<\/script>\n<!-- \/ Yoast SEO Premium plugin. -->","yoast_head_json":{"title":"Vintage-tyylinen niukka sormus mustalla aventuriinilla \"Kairon y\u00f6\" - Colibri jewels","robots":{"index":"index","follow":"follow","max-snippet":"max-snippet:-1","max-image-preview":"max-image-preview:large","max-video-preview":"max-video-preview:-1"},"canonical":"https:\/\/colibri-jewels.eu\/fi\/tuote\/vintage-tyylinen-niukka-sormus-mustalla-aventuriinilla-kairon-yo\/","og_locale":"fi_FI","og_type":"article","og_title":"Vintage-tyylinen niukka sormus mustalla aventuriinilla \"Kairon y\u00f6\"","og_description":"T\u00e4m\u00e4 musta synteettinen aventuriini on leikattu erityisesti k\u00e4sin t\u00e4t\u00e4 setti\u00e4 varten. Sen kimalteet loistavat hiljaa kuin t\u00e4hdet kaukaisessa galaksissa. Sormuksen niukka muoto saa sen n\u00e4ytt\u00e4m\u00e4\u00e4n...","og_url":"https:\/\/colibri-jewels.eu\/fi\/tuote\/vintage-tyylinen-niukka-sormus-mustalla-aventuriinilla-kairon-yo\/","og_site_name":"Colibri jewels","article_publisher":"https:\/\/www.facebook.com\/colibri.jewels","article_modified_time":"2025-05-24T15:48:06+00:00","og_image":[{"width":1000,"height":1000,"url":"https:\/\/colibri-jewels.eu\/wp-content\/uploads\/2024\/08\/black-aventurine-ring-night-of-cairo-1.jpg","type":"image\/jpeg"}],"twitter_card":"summary_large_image","schema":{"@context":"https:\/\/schema.org","@graph":[{"@type":"WebPage","@id":"https:\/\/colibri-jewels.eu\/fi\/tuote\/vintage-tyylinen-niukka-sormus-mustalla-aventuriinilla-kairon-yo\/","url":"https:\/\/colibri-jewels.eu\/fi\/tuote\/vintage-tyylinen-niukka-sormus-mustalla-aventuriinilla-kairon-yo\/","name":"Vintage-tyylinen niukka sormus mustalla aventuriinilla \"Kairon y\u00f6\" - Colibri jewels","isPartOf":{"@id":"https:\/\/colibri-jewels.eu\/fi\/#website"},"primaryImageOfPage":{"@id":"https:\/\/colibri-jewels.eu\/fi\/tuote\/vintage-tyylinen-niukka-sormus-mustalla-aventuriinilla-kairon-yo\/#primaryimage"},"image":{"@id":"https:\/\/colibri-jewels.eu\/fi\/tuote\/vintage-tyylinen-niukka-sormus-mustalla-aventuriinilla-kairon-yo\/#primaryimage"},"thumbnailUrl":"https:\/\/colibri-jewels.eu\/wp-content\/uploads\/2024\/08\/black-aventurine-ring-night-of-cairo-1.jpg","datePublished":"2024-08-06T18:54:29+00:00","dateModified":"2025-05-24T15:48:06+00:00","breadcrumb":{"@id":"https:\/\/colibri-jewels.eu\/fi\/tuote\/vintage-tyylinen-niukka-sormus-mustalla-aventuriinilla-kairon-yo\/#breadcrumb"},"inLanguage":"fi","potentialAction":[{"@type":"ReadAction","target":["https:\/\/colibri-jewels.eu\/fi\/tuote\/vintage-tyylinen-niukka-sormus-mustalla-aventuriinilla-kairon-yo\/"]}]},{"@type":"ImageObject","inLanguage":"fi","@id":"https:\/\/colibri-jewels.eu\/fi\/tuote\/vintage-tyylinen-niukka-sormus-mustalla-aventuriinilla-kairon-yo\/#primaryimage","url":"https:\/\/colibri-jewels.eu\/wp-content\/uploads\/2024\/08\/black-aventurine-ring-night-of-cairo-1.jpg","contentUrl":"https:\/\/colibri-jewels.eu\/wp-content\/uploads\/2024\/08\/black-aventurine-ring-night-of-cairo-1.jpg","width":1000,"height":1000},{"@type":"BreadcrumbList","@id":"https:\/\/colibri-jewels.eu\/fi\/tuote\/vintage-tyylinen-niukka-sormus-mustalla-aventuriinilla-kairon-yo\/#breadcrumb","itemListElement":[{"@type":"ListItem","position":1,"name":"\u0413\u043b\u0430\u0432\u043d\u0430\u044f \u0441\u0442\u0440\u0430\u043d\u0438\u0446\u0430","item":"https:\/\/colibri-jewels.eu\/fi\/"},{"@type":"ListItem","position":2,"name":"Kauppa","item":"https:\/\/colibri-jewels.eu\/fi\/kauppa\/"},{"@type":"ListItem","position":3,"name":"Vintage-tyylinen niukka sormus mustalla aventuriinilla &#8220;Kairon y\u00f6&#8221;"}]},{"@type":"WebSite","@id":"https:\/\/colibri-jewels.eu\/fi\/#website","url":"https:\/\/colibri-jewels.eu\/fi\/","name":"Colibri jewels","description":"jewelry shop","publisher":{"@id":"https:\/\/colibri-jewels.eu\/fi\/#organization"},"potentialAction":[{"@type":"SearchAction","target":{"@type":"EntryPoint","urlTemplate":"https:\/\/colibri-jewels.eu\/fi\/?s={search_term_string}"},"query-input":{"@type":"PropertyValueSpecification","valueRequired":true,"valueName":"search_term_string"}}],"inLanguage":"fi"},{"@type":"Organization","@id":"https:\/\/colibri-jewels.eu\/fi\/#organization","name":"O\u00dc Colibri","url":"https:\/\/colibri-jewels.eu\/fi\/","logo":{"@type":"ImageObject","inLanguage":"fi","@id":"https:\/\/colibri-jewels.eu\/fi\/#\/schema\/logo\/image\/","url":"https:\/\/dev.colibri-jewels.eu\/wp-content\/uploads\/2021\/03\/colibri.png","contentUrl":"https:\/\/dev.colibri-jewels.eu\/wp-content\/uploads\/2021\/03\/colibri.png","width":227,"height":130,"caption":"O\u00dc Colibri"},"image":{"@id":"https:\/\/colibri-jewels.eu\/fi\/#\/schema\/logo\/image\/"},"sameAs":["https:\/\/www.facebook.com\/colibri.jewels","https:\/\/www.instagram.com\/colibri.jewels","https:\/\/www.tiktok.com\/colibri.jewels"]}]}},"_links":{"self":[{"href":"https:\/\/colibri-jewels.eu\/fi\/wp-json\/wp\/v2\/product\/51437","targetHints":{"allow":["GET"]}}],"collection":[{"href":"https:\/\/colibri-jewels.eu\/fi\/wp-json\/wp\/v2\/product"}],"about":[{"href":"https:\/\/colibri-jewels.eu\/fi\/wp-json\/wp\/v2\/types\/product"}],"replies":[{"embeddable":true,"href":"https:\/\/colibri-jewels.eu\/fi\/wp-json\/wp\/v2\/comments?post=51437"}],"version-history":[{"count":0,"href":"https:\/\/colibri-jewels.eu\/fi\/wp-json\/wp\/v2\/product\/51437\/revisions"}],"wp:featuredmedia":[{"embeddable":true,"href":"https:\/\/colibri-jewels.eu\/fi\/wp-json\/wp\/v2\/media\/51438"}],"wp:attachment":[{"href":"https:\/\/colibri-jewels.eu\/fi\/wp-json\/wp\/v2\/media?parent=51437"}],"wp:term":[{"taxonomy":"brand","embeddable":true,"href":"https:\/\/colibri-jewels.eu\/fi\/wp-json\/wp\/v2\/etheme_brands?post=51437"},{"taxonomy":"product_brand","embeddable":true,"href":"https:\/\/colibri-jewels.eu\/fi\/wp-json\/wp\/v2\/product_brand?post=51437"},{"taxonomy":"product_cat","embeddable":true,"href":"https:\/\/colibri-jewels.eu\/fi\/wp-json\/wp\/v2\/product_cat?post=51437"},{"taxonomy":"product_tag","embeddable":true,"href":"https:\/\/colibri-jewels.eu\/fi\/wp-json\/wp\/v2\/product_tag?post=51437"}],"curies":[{"name":"wp","href":"https:\/\/api.w.org\/{rel}","templated":true}]}}