{"id":51623,"date":"2024-07-16T11:40:40","date_gmt":"2024-07-16T08:40:40","guid":{"rendered":"https:\/\/colibri-jewels.eu\/?post_type=product&#038;p=51623"},"modified":"2025-05-24T23:56:04","modified_gmt":"2025-05-24T20:56:04","slug":"valkokultaiset-timanttikorvakorut-e-6688","status":"publish","type":"product","link":"https:\/\/colibri-jewels.eu\/fi\/tuote\/valkokultaiset-timanttikorvakorut-e-6688\/","title":{"rendered":"Valkokultaiset timanttikorvakorut E-6688"},"content":{"rendered":"<p>Ytimekk\u00e4\u00e4t, mutta hienostuneet korvakorut ovat t\u00e4rke\u00e4 osa naisen lookia. Ne t\u00e4ydent\u00e4v\u00e4t t\u00e4ydellisen yhdistelm\u00e4n tyylik\u00e4st\u00e4 asua, n\u00e4ytt\u00e4v\u00e4\u00e4 meikki\u00e4 ja hiuksia sek\u00e4 erityist\u00e4 naisellista vieh\u00e4tyst\u00e4, joka voi lumota kenet tahansa. Pienet &#8221;vadelmanpunaiset&#8221; korvakorut eiv\u00e4t v\u00e4litt\u00f6m\u00e4sti kiinnit\u00e4 huomiota eiv\u00e4tk\u00e4 n\u00e4yt\u00e4 liian r\u00e4ikeilt\u00e4, mutta jossain vaiheessa ne korostavat vaikuttavasti omistajansa makua \u2013 eleganttia ja arvokasta. 14 t\u00e4yshiontahiontadiamondia, yhteispaino 0,20 karaattia, on koottu herk\u00e4n kukan muotoon. Jalostettu valkokulta 585 yhdistyy sulavasti timantteihin, luoden tyylikk\u00e4\u00e4n, ajattoman kokonaisuuden, jossa on ripaus kuninkaallista muotia.<\/p>\n<p>Valkokulta on universaali yhteensopivuudeltaan erilaisiin ulkon\u00e4k\u00f6tyyppeihin, mutta on syyt\u00e4 huomioida, ett\u00e4 punahiuksiset tai tummatukkaiset, vaaleansilm\u00e4iset ja vaaleaihoiset tyt\u00f6t voivat t\u00e4llaisilla koruilla tuoda esiin uusia kauneutensa puolia. Kultakorvakorut lis\u00e4\u00e4v\u00e4t vieh\u00e4tyst\u00e4 mihin tahansa asuun, ja kun kyseess\u00e4 on kylm\u00e4 valkoinen metalli kimaltavien timanttien kanssa, virheen tekemisen riski\u00e4 ei ole.<\/p>\n<p>T\u00e4m\u00e4n tyyppiset kukkakorvakorut sopivat kaikille kasvonmuodoille \u2014 ovaalille, neli\u00f6lle, syd\u00e4menmuotoiselle tai py\u00f6re\u00e4lle. N\u00e4m\u00e4 korut ovat itsess\u00e4\u00e4n riitt\u00e4vi\u00e4 ja kykenev\u00e4t vangitsemaan katseita miss\u00e4 tahansa asukokonaisuudessa \u2014 arjessa tai juhlassa. Hienovaraiset korvakorut voivat sopivasti korostaa omistajansa hyv\u00e4\u00e4 makua tiukassa bisnes-lookissa, ja yhdess\u00e4 tyylikk\u00e4\u00e4n riipuksen kanssa ne muodostavat elegantin pohjan illanviettoon.<\/p>\n<p>Korvakorut sointuvat kauniisti siististi ker\u00e4ttyyn kampaukseen, jossa hennosti laineilevat kiharat erottuvat nutturan p\u00e4\u00e4lt\u00e4. Samalla miniatuuriset korut eiv\u00e4t huku edes pitkiss\u00e4, laskeutuvissa hiuksissa \u2013 yksi taitava ele, kun kiharat siirret\u00e4\u00e4n korvan taakse, ja muiden katseet kiinnittyv\u00e4t timanttikorvakoruihisi.<\/p>\n<p>Kun lahjoitat n\u00e4m\u00e4 kultaiset korvakorut, joissa on 14 timanttia, ei ole ep\u00e4ilyst\u00e4k\u00e4\u00e4n siit\u00e4, ett\u00e4 tytt\u00f6si tulee olemaan ilahtunut. Hienostuneet, ajankohtaiset ja arvokkaat korut ovat upean muotoilun omaavia ja mukavat k\u00e4ytt\u00e4\u00e4. Universaali nappikiinnitys on helppo k\u00e4ytt\u00e4\u00e4, korut voi riisua ja pukea ilman apua, ja kiinnitys on tarpeeksi turvallinen, jotta korujen katoamisesta ei tarvitse huolehtia. Paino 1,41 g ei tunnu korvassa lainkaan.<\/p>\n<p>Timanttikorut ovat valinta kirkkaalle ja vahvalle persoonalle, joka tiet\u00e4\u00e4 mit\u00e4 el\u00e4m\u00e4lt\u00e4\u00e4n haluaa ja on valmis n\u00e4ytt\u00e4m\u00e4\u00e4n sen muille. H\u00e4n selvi\u00e4\u00e4 mist\u00e4 tahansa haasteesta, ja voittuaan ne t\u00e4llainen nainen pysyy aina huipulla. H\u00e4nen vieh\u00e4tyksens\u00e4 tuntuu alitajuisesti; h\u00e4n ei paljasta kaikkia korttejaan kerralla, vaan valloittaa ymp\u00e4rill\u00e4\u00e4n olevat itsevarmasti ja johdonmukaisesti voimallaan, joka yhdistyy h\u00e4mm\u00e4stytt\u00e4v\u00e4ll\u00e4 tavalla naiselliseen lempeyteen ja charmiiin. T\u00e4llaiselle naiselle timanttikorvakorut, joissa on lakoninen ja hillitty mutta uskomattoman elegantti muotoilu, ovat t\u00e4ydellinen valinta. Anna naisellesi mahdollisuus avautua ja valloittaa maailma kuin t\u00e4m\u00e4 kukka timanttikoruissa.<\/p>\n<p>Jokainen valmistamamme koru on takuulla laadukas ja ainutlaatuisen designin omaava. Toimitukset tehd\u00e4\u00e4n maailmanlaajuisesti, ja jokaiselle asiakkaalle tarjotaan edulliset ehdot. Ostamalla suoraan valmistajalta voit olla varma hinnan ja palvelun laadun oikeutuksesta. Luomme jokaisen korun syd\u00e4mell\u00e4 ja haluamme todella, ett\u00e4 se tuo parhaat tunteet kauniille naisille.<\/p>\n","protected":false},"excerpt":{"rendered":"<p>Timanttikoruyhdistelm\u00e4, koottu yhdeksi kukaksi.<br \/>\n14 kappaletta briljanttihiottuja timantteja, yhteispaino 0,20 ct.<\/p>\n<p>Korvakorun paino: 1,41 g<br \/>\nValkokulta 14 kt.<\/p>\n<p>Saatavilla my\u00f6s s\u00f6p\u00f6 koruun sopiva riipus.<\/p>\n","protected":false},"featured_media":51624,"comment_status":"open","ping_status":"closed","template":"","meta":[],"etheme_brands":[],"product_brand":[],"product_cat":[987],"product_tag":[],"class_list":{"0":"post-51623","1":"product","2":"type-product","3":"status-publish","4":"has-post-thumbnail","6":"product_cat-korvakorut","8":"first","9":"instock","10":"shipping-taxable","11":"purchasable","12":"product-type-simple"},"acf":[],"yoast_head":"<!-- This site is optimized with the Yoast SEO Premium plugin v26.5 (Yoast SEO v26.8) - https:\/\/yoast.com\/product\/yoast-seo-premium-wordpress\/ -->\n<title>Valkokultaiset timanttikorvakorut E-6688 - Colibri jewels<\/title>\n<meta name=\"robots\" content=\"index, follow, max-snippet:-1, max-image-preview:large, max-video-preview:-1\" \/>\n<link rel=\"canonical\" href=\"https:\/\/colibri-jewels.eu\/fi\/tuote\/valkokultaiset-timanttikorvakorut-e-6688\/\" \/>\n<meta property=\"og:locale\" content=\"fi_FI\" \/>\n<meta property=\"og:type\" content=\"article\" \/>\n<meta property=\"og:title\" content=\"Valkokultaiset timanttikorvakorut E-6688\" \/>\n<meta property=\"og:description\" content=\"Timanttikoruyhdistelm\u00e4, koottu yhdeksi kukaksi. 14 kappaletta briljanttihiottuja timantteja, yhteispaino 0,20 ct.  Korvakorun paino: 1,41 g Valkokulta 14 kt.  Saatavilla my\u00f6s s\u00f6p\u00f6 koruun sopiva riipus.\" \/>\n<meta property=\"og:url\" content=\"https:\/\/colibri-jewels.eu\/fi\/tuote\/valkokultaiset-timanttikorvakorut-e-6688\/\" \/>\n<meta property=\"og:site_name\" content=\"Colibri jewels\" \/>\n<meta property=\"article:publisher\" content=\"https:\/\/www.facebook.com\/colibri.jewels\" \/>\n<meta property=\"article:modified_time\" content=\"2025-05-24T20:56:04+00:00\" \/>\n<meta property=\"og:image\" content=\"https:\/\/colibri-jewels.eu\/wp-content\/uploads\/2022\/05\/ED-6688web.jpg\" \/>\n\t<meta property=\"og:image:width\" content=\"1000\" \/>\n\t<meta property=\"og:image:height\" content=\"1000\" \/>\n\t<meta property=\"og:image:type\" content=\"image\/jpeg\" \/>\n<meta name=\"twitter:card\" content=\"summary_large_image\" \/>\n<meta name=\"twitter:label1\" content=\"Arvioitu lukuaika\" \/>\n\t<meta name=\"twitter:data1\" content=\"2 minuutti\" \/>\n<script type=\"application\/ld+json\" class=\"yoast-schema-graph\">{\"@context\":\"https:\/\/schema.org\",\"@graph\":[{\"@type\":\"WebPage\",\"@id\":\"https:\/\/colibri-jewels.eu\/fi\/tuote\/valkokultaiset-timanttikorvakorut-e-6688\/\",\"url\":\"https:\/\/colibri-jewels.eu\/fi\/tuote\/valkokultaiset-timanttikorvakorut-e-6688\/\",\"name\":\"Valkokultaiset timanttikorvakorut E-6688 - Colibri jewels\",\"isPartOf\":{\"@id\":\"https:\/\/colibri-jewels.eu\/fi\/#website\"},\"primaryImageOfPage\":{\"@id\":\"https:\/\/colibri-jewels.eu\/fi\/tuote\/valkokultaiset-timanttikorvakorut-e-6688\/#primaryimage\"},\"image\":{\"@id\":\"https:\/\/colibri-jewels.eu\/fi\/tuote\/valkokultaiset-timanttikorvakorut-e-6688\/#primaryimage\"},\"thumbnailUrl\":\"https:\/\/colibri-jewels.eu\/wp-content\/uploads\/2022\/05\/ED-6688web.jpg\",\"datePublished\":\"2024-07-16T08:40:40+00:00\",\"dateModified\":\"2025-05-24T20:56:04+00:00\",\"breadcrumb\":{\"@id\":\"https:\/\/colibri-jewels.eu\/fi\/tuote\/valkokultaiset-timanttikorvakorut-e-6688\/#breadcrumb\"},\"inLanguage\":\"fi\",\"potentialAction\":[{\"@type\":\"ReadAction\",\"target\":[\"https:\/\/colibri-jewels.eu\/fi\/tuote\/valkokultaiset-timanttikorvakorut-e-6688\/\"]}]},{\"@type\":\"ImageObject\",\"inLanguage\":\"fi\",\"@id\":\"https:\/\/colibri-jewels.eu\/fi\/tuote\/valkokultaiset-timanttikorvakorut-e-6688\/#primaryimage\",\"url\":\"https:\/\/colibri-jewels.eu\/wp-content\/uploads\/2022\/05\/ED-6688web.jpg\",\"contentUrl\":\"https:\/\/colibri-jewels.eu\/wp-content\/uploads\/2022\/05\/ED-6688web.jpg\",\"width\":1000,\"height\":1000},{\"@type\":\"BreadcrumbList\",\"@id\":\"https:\/\/colibri-jewels.eu\/fi\/tuote\/valkokultaiset-timanttikorvakorut-e-6688\/#breadcrumb\",\"itemListElement\":[{\"@type\":\"ListItem\",\"position\":1,\"name\":\"\u0413\u043b\u0430\u0432\u043d\u0430\u044f \u0441\u0442\u0440\u0430\u043d\u0438\u0446\u0430\",\"item\":\"https:\/\/colibri-jewels.eu\/fi\/\"},{\"@type\":\"ListItem\",\"position\":2,\"name\":\"Kauppa\",\"item\":\"https:\/\/colibri-jewels.eu\/fi\/kauppa\/\"},{\"@type\":\"ListItem\",\"position\":3,\"name\":\"Valkokultaiset timanttikorvakorut E-6688\"}]},{\"@type\":\"WebSite\",\"@id\":\"https:\/\/colibri-jewels.eu\/fi\/#website\",\"url\":\"https:\/\/colibri-jewels.eu\/fi\/\",\"name\":\"Colibri jewels\",\"description\":\"jewelry shop\",\"publisher\":{\"@id\":\"https:\/\/colibri-jewels.eu\/fi\/#organization\"},\"potentialAction\":[{\"@type\":\"SearchAction\",\"target\":{\"@type\":\"EntryPoint\",\"urlTemplate\":\"https:\/\/colibri-jewels.eu\/fi\/?s={search_term_string}\"},\"query-input\":{\"@type\":\"PropertyValueSpecification\",\"valueRequired\":true,\"valueName\":\"search_term_string\"}}],\"inLanguage\":\"fi\"},{\"@type\":\"Organization\",\"@id\":\"https:\/\/colibri-jewels.eu\/fi\/#organization\",\"name\":\"O\u00dc Colibri\",\"url\":\"https:\/\/colibri-jewels.eu\/fi\/\",\"logo\":{\"@type\":\"ImageObject\",\"inLanguage\":\"fi\",\"@id\":\"https:\/\/colibri-jewels.eu\/fi\/#\/schema\/logo\/image\/\",\"url\":\"https:\/\/dev.colibri-jewels.eu\/wp-content\/uploads\/2021\/03\/colibri.png\",\"contentUrl\":\"https:\/\/dev.colibri-jewels.eu\/wp-content\/uploads\/2021\/03\/colibri.png\",\"width\":227,\"height\":130,\"caption\":\"O\u00dc Colibri\"},\"image\":{\"@id\":\"https:\/\/colibri-jewels.eu\/fi\/#\/schema\/logo\/image\/\"},\"sameAs\":[\"https:\/\/www.facebook.com\/colibri.jewels\",\"https:\/\/www.instagram.com\/colibri.jewels\",\"https:\/\/www.tiktok.com\/colibri.jewels\"]}]}<\/script>\n<!-- \/ Yoast SEO Premium plugin. -->","yoast_head_json":{"title":"Valkokultaiset timanttikorvakorut E-6688 - Colibri jewels","robots":{"index":"index","follow":"follow","max-snippet":"max-snippet:-1","max-image-preview":"max-image-preview:large","max-video-preview":"max-video-preview:-1"},"canonical":"https:\/\/colibri-jewels.eu\/fi\/tuote\/valkokultaiset-timanttikorvakorut-e-6688\/","og_locale":"fi_FI","og_type":"article","og_title":"Valkokultaiset timanttikorvakorut E-6688","og_description":"Timanttikoruyhdistelm\u00e4, koottu yhdeksi kukaksi. 14 kappaletta briljanttihiottuja timantteja, yhteispaino 0,20 ct.  Korvakorun paino: 1,41 g Valkokulta 14 kt.  Saatavilla my\u00f6s s\u00f6p\u00f6 koruun sopiva riipus.","og_url":"https:\/\/colibri-jewels.eu\/fi\/tuote\/valkokultaiset-timanttikorvakorut-e-6688\/","og_site_name":"Colibri jewels","article_publisher":"https:\/\/www.facebook.com\/colibri.jewels","article_modified_time":"2025-05-24T20:56:04+00:00","og_image":[{"width":1000,"height":1000,"url":"https:\/\/colibri-jewels.eu\/wp-content\/uploads\/2022\/05\/ED-6688web.jpg","type":"image\/jpeg"}],"twitter_card":"summary_large_image","twitter_misc":{"Arvioitu lukuaika":"2 minuutti"},"schema":{"@context":"https:\/\/schema.org","@graph":[{"@type":"WebPage","@id":"https:\/\/colibri-jewels.eu\/fi\/tuote\/valkokultaiset-timanttikorvakorut-e-6688\/","url":"https:\/\/colibri-jewels.eu\/fi\/tuote\/valkokultaiset-timanttikorvakorut-e-6688\/","name":"Valkokultaiset timanttikorvakorut E-6688 - Colibri jewels","isPartOf":{"@id":"https:\/\/colibri-jewels.eu\/fi\/#website"},"primaryImageOfPage":{"@id":"https:\/\/colibri-jewels.eu\/fi\/tuote\/valkokultaiset-timanttikorvakorut-e-6688\/#primaryimage"},"image":{"@id":"https:\/\/colibri-jewels.eu\/fi\/tuote\/valkokultaiset-timanttikorvakorut-e-6688\/#primaryimage"},"thumbnailUrl":"https:\/\/colibri-jewels.eu\/wp-content\/uploads\/2022\/05\/ED-6688web.jpg","datePublished":"2024-07-16T08:40:40+00:00","dateModified":"2025-05-24T20:56:04+00:00","breadcrumb":{"@id":"https:\/\/colibri-jewels.eu\/fi\/tuote\/valkokultaiset-timanttikorvakorut-e-6688\/#breadcrumb"},"inLanguage":"fi","potentialAction":[{"@type":"ReadAction","target":["https:\/\/colibri-jewels.eu\/fi\/tuote\/valkokultaiset-timanttikorvakorut-e-6688\/"]}]},{"@type":"ImageObject","inLanguage":"fi","@id":"https:\/\/colibri-jewels.eu\/fi\/tuote\/valkokultaiset-timanttikorvakorut-e-6688\/#primaryimage","url":"https:\/\/colibri-jewels.eu\/wp-content\/uploads\/2022\/05\/ED-6688web.jpg","contentUrl":"https:\/\/colibri-jewels.eu\/wp-content\/uploads\/2022\/05\/ED-6688web.jpg","width":1000,"height":1000},{"@type":"BreadcrumbList","@id":"https:\/\/colibri-jewels.eu\/fi\/tuote\/valkokultaiset-timanttikorvakorut-e-6688\/#breadcrumb","itemListElement":[{"@type":"ListItem","position":1,"name":"\u0413\u043b\u0430\u0432\u043d\u0430\u044f \u0441\u0442\u0440\u0430\u043d\u0438\u0446\u0430","item":"https:\/\/colibri-jewels.eu\/fi\/"},{"@type":"ListItem","position":2,"name":"Kauppa","item":"https:\/\/colibri-jewels.eu\/fi\/kauppa\/"},{"@type":"ListItem","position":3,"name":"Valkokultaiset timanttikorvakorut E-6688"}]},{"@type":"WebSite","@id":"https:\/\/colibri-jewels.eu\/fi\/#website","url":"https:\/\/colibri-jewels.eu\/fi\/","name":"Colibri jewels","description":"jewelry shop","publisher":{"@id":"https:\/\/colibri-jewels.eu\/fi\/#organization"},"potentialAction":[{"@type":"SearchAction","target":{"@type":"EntryPoint","urlTemplate":"https:\/\/colibri-jewels.eu\/fi\/?s={search_term_string}"},"query-input":{"@type":"PropertyValueSpecification","valueRequired":true,"valueName":"search_term_string"}}],"inLanguage":"fi"},{"@type":"Organization","@id":"https:\/\/colibri-jewels.eu\/fi\/#organization","name":"O\u00dc Colibri","url":"https:\/\/colibri-jewels.eu\/fi\/","logo":{"@type":"ImageObject","inLanguage":"fi","@id":"https:\/\/colibri-jewels.eu\/fi\/#\/schema\/logo\/image\/","url":"https:\/\/dev.colibri-jewels.eu\/wp-content\/uploads\/2021\/03\/colibri.png","contentUrl":"https:\/\/dev.colibri-jewels.eu\/wp-content\/uploads\/2021\/03\/colibri.png","width":227,"height":130,"caption":"O\u00dc Colibri"},"image":{"@id":"https:\/\/colibri-jewels.eu\/fi\/#\/schema\/logo\/image\/"},"sameAs":["https:\/\/www.facebook.com\/colibri.jewels","https:\/\/www.instagram.com\/colibri.jewels","https:\/\/www.tiktok.com\/colibri.jewels"]}]}},"_links":{"self":[{"href":"https:\/\/colibri-jewels.eu\/fi\/wp-json\/wp\/v2\/product\/51623","targetHints":{"allow":["GET"]}}],"collection":[{"href":"https:\/\/colibri-jewels.eu\/fi\/wp-json\/wp\/v2\/product"}],"about":[{"href":"https:\/\/colibri-jewels.eu\/fi\/wp-json\/wp\/v2\/types\/product"}],"replies":[{"embeddable":true,"href":"https:\/\/colibri-jewels.eu\/fi\/wp-json\/wp\/v2\/comments?post=51623"}],"version-history":[{"count":0,"href":"https:\/\/colibri-jewels.eu\/fi\/wp-json\/wp\/v2\/product\/51623\/revisions"}],"wp:featuredmedia":[{"embeddable":true,"href":"https:\/\/colibri-jewels.eu\/fi\/wp-json\/wp\/v2\/media\/51624"}],"wp:attachment":[{"href":"https:\/\/colibri-jewels.eu\/fi\/wp-json\/wp\/v2\/media?parent=51623"}],"wp:term":[{"taxonomy":"brand","embeddable":true,"href":"https:\/\/colibri-jewels.eu\/fi\/wp-json\/wp\/v2\/etheme_brands?post=51623"},{"taxonomy":"product_brand","embeddable":true,"href":"https:\/\/colibri-jewels.eu\/fi\/wp-json\/wp\/v2\/product_brand?post=51623"},{"taxonomy":"product_cat","embeddable":true,"href":"https:\/\/colibri-jewels.eu\/fi\/wp-json\/wp\/v2\/product_cat?post=51623"},{"taxonomy":"product_tag","embeddable":true,"href":"https:\/\/colibri-jewels.eu\/fi\/wp-json\/wp\/v2\/product_tag?post=51623"}],"curies":[{"name":"wp","href":"https:\/\/api.w.org\/{rel}","templated":true}]}}