{"id":51626,"date":"2024-07-15T23:01:20","date_gmt":"2024-07-15T20:01:20","guid":{"rendered":"https:\/\/colibri-jewels.eu\/?post_type=product&#038;p=51626"},"modified":"2025-05-24T23:56:10","modified_gmt":"2025-05-24T20:56:10","slug":"loistava-hopeariipus-ihailua-sankareille","status":"publish","type":"product","link":"https:\/\/colibri-jewels.eu\/fi\/tuote\/loistava-hopeariipus-ihailua-sankareille\/","title":{"rendered":"Loistava hopeariipus &#8221;Ihailua sankareille&#8221;"},"content":{"rendered":"<p>T\u00e4m\u00e4 upea hopeariipus kantaa vahvaa vastausta iskulauseeseen \u201dSlava Ukraini\u201d (Kunnia Ukrainalle) \u2013 \u201dIhailua sankareille!\u201d Riipukseen on kaiverrettu taidokkaasti sanat, jotka symboloivat sek\u00e4 voimaa ett\u00e4 kest\u00e4vyytt\u00e4. T\u00e4m\u00e4 lause on ylitt\u00e4nyt alkuper\u00e4ns\u00e4 ja muodostunut toivon majakaksi sek\u00e4 vapaustaistelun symboliksi Ven\u00e4j\u00e4n hy\u00f6kk\u00e4yksen j\u00e4lkeen. Jokainen kirjain on mestarillisesti muotoiltu muodostaen Ukrainan kansallisen tunnuksen, kolminuolen, heijastaen horjumatonta henke\u00e4 niist\u00e4, jotka seisovat vapauden ja suvereniteetin puolesta. K\u00e4yt\u00e4 t\u00e4t\u00e4 riipusta ylpe\u00e4n\u00e4 solidaarisuuden osoituksena sek\u00e4 kunnianosoituksena rauhan ja itsen\u00e4isyyden kest\u00e4v\u00e4lle tavoitteelle.<\/p>\n<p>Riipus on melko suuri, valmistettu sterling-hopeasta ja p\u00e4\u00e4llystetty rodiumilla.<\/p>\n<p>Riipuksen keskim\u00e4\u00e4r\u00e4inen paino on 6,60 g.<\/p>\n","protected":false},"excerpt":{"rendered":"<p>T\u00e4m\u00e4 upea hopeariipus kantaa vahvaa vastausta iskulauseeseen \u201dSlava Ukraini\u201d (Kunnia Ukrainalle) \u2013 \u201dIhailua sankareille!\u201d Riipukseen on kaiverrettu taidokkaasti sanat, jotka symboloivat sek\u00e4 voimaa ett\u00e4 kest\u00e4vyytt\u00e4&#8230;.<\/p>\n","protected":false},"featured_media":51627,"comment_status":"open","ping_status":"closed","template":"","meta":[],"etheme_brands":[],"product_brand":[],"product_cat":[989],"product_tag":[1010],"class_list":{"0":"post-51626","1":"product","2":"type-product","3":"status-publish","4":"has-post-thumbnail","6":"product_cat-kaulakorut-ja-riipukset","7":"product_tag-ukrainan-symbolit","9":"first","10":"instock","11":"shipping-taxable","12":"purchasable","13":"product-type-simple"},"acf":[],"yoast_head":"<!-- This site is optimized with the Yoast SEO Premium plugin v26.5 (Yoast SEO v26.8) - https:\/\/yoast.com\/product\/yoast-seo-premium-wordpress\/ -->\n<title>Loistava hopeariipus &quot;Ihailua sankareille&quot; - Colibri jewels<\/title>\n<meta name=\"robots\" content=\"index, follow, max-snippet:-1, max-image-preview:large, max-video-preview:-1\" \/>\n<link rel=\"canonical\" href=\"https:\/\/colibri-jewels.eu\/fi\/tuote\/loistava-hopeariipus-ihailua-sankareille\/\" \/>\n<meta property=\"og:locale\" content=\"fi_FI\" \/>\n<meta property=\"og:type\" content=\"article\" \/>\n<meta property=\"og:title\" content=\"Loistava hopeariipus &quot;Ihailua sankareille&quot;\" \/>\n<meta property=\"og:description\" content=\"T\u00e4m\u00e4 upea hopeariipus kantaa vahvaa vastausta iskulauseeseen \u201dSlava Ukraini\u201d (Kunnia Ukrainalle) \u2013 \u201dIhailua sankareille!\u201d Riipukseen on kaiverrettu taidokkaasti sanat, jotka symboloivat sek\u00e4 voimaa ett\u00e4 kest\u00e4vyytt\u00e4....\" \/>\n<meta property=\"og:url\" content=\"https:\/\/colibri-jewels.eu\/fi\/tuote\/loistava-hopeariipus-ihailua-sankareille\/\" \/>\n<meta property=\"og:site_name\" content=\"Colibri jewels\" \/>\n<meta property=\"article:publisher\" content=\"https:\/\/www.facebook.com\/colibri.jewels\" \/>\n<meta property=\"article:modified_time\" content=\"2025-05-24T20:56:10+00:00\" \/>\n<meta property=\"og:image\" content=\"https:\/\/colibri-jewels.eu\/wp-content\/uploads\/2024\/07\/big-silver-pendant-with-trident-awe-to-heroes.jpg\" \/>\n\t<meta property=\"og:image:width\" content=\"1000\" \/>\n\t<meta property=\"og:image:height\" content=\"1000\" \/>\n\t<meta property=\"og:image:type\" content=\"image\/jpeg\" \/>\n<meta name=\"twitter:card\" content=\"summary_large_image\" \/>\n<meta name=\"twitter:label1\" content=\"Arvioitu lukuaika\" \/>\n\t<meta name=\"twitter:data1\" content=\"1 minuutti\" \/>\n<script type=\"application\/ld+json\" class=\"yoast-schema-graph\">{\"@context\":\"https:\/\/schema.org\",\"@graph\":[{\"@type\":\"WebPage\",\"@id\":\"https:\/\/colibri-jewels.eu\/fi\/tuote\/loistava-hopeariipus-ihailua-sankareille\/\",\"url\":\"https:\/\/colibri-jewels.eu\/fi\/tuote\/loistava-hopeariipus-ihailua-sankareille\/\",\"name\":\"Loistava hopeariipus \\\"Ihailua sankareille\\\" - Colibri jewels\",\"isPartOf\":{\"@id\":\"https:\/\/colibri-jewels.eu\/fi\/#website\"},\"primaryImageOfPage\":{\"@id\":\"https:\/\/colibri-jewels.eu\/fi\/tuote\/loistava-hopeariipus-ihailua-sankareille\/#primaryimage\"},\"image\":{\"@id\":\"https:\/\/colibri-jewels.eu\/fi\/tuote\/loistava-hopeariipus-ihailua-sankareille\/#primaryimage\"},\"thumbnailUrl\":\"https:\/\/colibri-jewels.eu\/wp-content\/uploads\/2024\/07\/big-silver-pendant-with-trident-awe-to-heroes.jpg\",\"datePublished\":\"2024-07-15T20:01:20+00:00\",\"dateModified\":\"2025-05-24T20:56:10+00:00\",\"breadcrumb\":{\"@id\":\"https:\/\/colibri-jewels.eu\/fi\/tuote\/loistava-hopeariipus-ihailua-sankareille\/#breadcrumb\"},\"inLanguage\":\"fi\",\"potentialAction\":[{\"@type\":\"ReadAction\",\"target\":[\"https:\/\/colibri-jewels.eu\/fi\/tuote\/loistava-hopeariipus-ihailua-sankareille\/\"]}]},{\"@type\":\"ImageObject\",\"inLanguage\":\"fi\",\"@id\":\"https:\/\/colibri-jewels.eu\/fi\/tuote\/loistava-hopeariipus-ihailua-sankareille\/#primaryimage\",\"url\":\"https:\/\/colibri-jewels.eu\/wp-content\/uploads\/2024\/07\/big-silver-pendant-with-trident-awe-to-heroes.jpg\",\"contentUrl\":\"https:\/\/colibri-jewels.eu\/wp-content\/uploads\/2024\/07\/big-silver-pendant-with-trident-awe-to-heroes.jpg\",\"width\":1000,\"height\":1000},{\"@type\":\"BreadcrumbList\",\"@id\":\"https:\/\/colibri-jewels.eu\/fi\/tuote\/loistava-hopeariipus-ihailua-sankareille\/#breadcrumb\",\"itemListElement\":[{\"@type\":\"ListItem\",\"position\":1,\"name\":\"\u0413\u043b\u0430\u0432\u043d\u0430\u044f \u0441\u0442\u0440\u0430\u043d\u0438\u0446\u0430\",\"item\":\"https:\/\/colibri-jewels.eu\/fi\/\"},{\"@type\":\"ListItem\",\"position\":2,\"name\":\"Kauppa\",\"item\":\"https:\/\/colibri-jewels.eu\/fi\/kauppa\/\"},{\"@type\":\"ListItem\",\"position\":3,\"name\":\"Loistava hopeariipus &#8220;Ihailua sankareille&#8221;\"}]},{\"@type\":\"WebSite\",\"@id\":\"https:\/\/colibri-jewels.eu\/fi\/#website\",\"url\":\"https:\/\/colibri-jewels.eu\/fi\/\",\"name\":\"Colibri jewels\",\"description\":\"jewelry shop\",\"publisher\":{\"@id\":\"https:\/\/colibri-jewels.eu\/fi\/#organization\"},\"potentialAction\":[{\"@type\":\"SearchAction\",\"target\":{\"@type\":\"EntryPoint\",\"urlTemplate\":\"https:\/\/colibri-jewels.eu\/fi\/?s={search_term_string}\"},\"query-input\":{\"@type\":\"PropertyValueSpecification\",\"valueRequired\":true,\"valueName\":\"search_term_string\"}}],\"inLanguage\":\"fi\"},{\"@type\":\"Organization\",\"@id\":\"https:\/\/colibri-jewels.eu\/fi\/#organization\",\"name\":\"O\u00dc Colibri\",\"url\":\"https:\/\/colibri-jewels.eu\/fi\/\",\"logo\":{\"@type\":\"ImageObject\",\"inLanguage\":\"fi\",\"@id\":\"https:\/\/colibri-jewels.eu\/fi\/#\/schema\/logo\/image\/\",\"url\":\"https:\/\/dev.colibri-jewels.eu\/wp-content\/uploads\/2021\/03\/colibri.png\",\"contentUrl\":\"https:\/\/dev.colibri-jewels.eu\/wp-content\/uploads\/2021\/03\/colibri.png\",\"width\":227,\"height\":130,\"caption\":\"O\u00dc Colibri\"},\"image\":{\"@id\":\"https:\/\/colibri-jewels.eu\/fi\/#\/schema\/logo\/image\/\"},\"sameAs\":[\"https:\/\/www.facebook.com\/colibri.jewels\",\"https:\/\/www.instagram.com\/colibri.jewels\",\"https:\/\/www.tiktok.com\/colibri.jewels\"]}]}<\/script>\n<!-- \/ Yoast SEO Premium plugin. -->","yoast_head_json":{"title":"Loistava hopeariipus \"Ihailua sankareille\" - Colibri jewels","robots":{"index":"index","follow":"follow","max-snippet":"max-snippet:-1","max-image-preview":"max-image-preview:large","max-video-preview":"max-video-preview:-1"},"canonical":"https:\/\/colibri-jewels.eu\/fi\/tuote\/loistava-hopeariipus-ihailua-sankareille\/","og_locale":"fi_FI","og_type":"article","og_title":"Loistava hopeariipus \"Ihailua sankareille\"","og_description":"T\u00e4m\u00e4 upea hopeariipus kantaa vahvaa vastausta iskulauseeseen \u201dSlava Ukraini\u201d (Kunnia Ukrainalle) \u2013 \u201dIhailua sankareille!\u201d Riipukseen on kaiverrettu taidokkaasti sanat, jotka symboloivat sek\u00e4 voimaa ett\u00e4 kest\u00e4vyytt\u00e4....","og_url":"https:\/\/colibri-jewels.eu\/fi\/tuote\/loistava-hopeariipus-ihailua-sankareille\/","og_site_name":"Colibri jewels","article_publisher":"https:\/\/www.facebook.com\/colibri.jewels","article_modified_time":"2025-05-24T20:56:10+00:00","og_image":[{"width":1000,"height":1000,"url":"https:\/\/colibri-jewels.eu\/wp-content\/uploads\/2024\/07\/big-silver-pendant-with-trident-awe-to-heroes.jpg","type":"image\/jpeg"}],"twitter_card":"summary_large_image","twitter_misc":{"Arvioitu lukuaika":"1 minuutti"},"schema":{"@context":"https:\/\/schema.org","@graph":[{"@type":"WebPage","@id":"https:\/\/colibri-jewels.eu\/fi\/tuote\/loistava-hopeariipus-ihailua-sankareille\/","url":"https:\/\/colibri-jewels.eu\/fi\/tuote\/loistava-hopeariipus-ihailua-sankareille\/","name":"Loistava hopeariipus \"Ihailua sankareille\" - Colibri jewels","isPartOf":{"@id":"https:\/\/colibri-jewels.eu\/fi\/#website"},"primaryImageOfPage":{"@id":"https:\/\/colibri-jewels.eu\/fi\/tuote\/loistava-hopeariipus-ihailua-sankareille\/#primaryimage"},"image":{"@id":"https:\/\/colibri-jewels.eu\/fi\/tuote\/loistava-hopeariipus-ihailua-sankareille\/#primaryimage"},"thumbnailUrl":"https:\/\/colibri-jewels.eu\/wp-content\/uploads\/2024\/07\/big-silver-pendant-with-trident-awe-to-heroes.jpg","datePublished":"2024-07-15T20:01:20+00:00","dateModified":"2025-05-24T20:56:10+00:00","breadcrumb":{"@id":"https:\/\/colibri-jewels.eu\/fi\/tuote\/loistava-hopeariipus-ihailua-sankareille\/#breadcrumb"},"inLanguage":"fi","potentialAction":[{"@type":"ReadAction","target":["https:\/\/colibri-jewels.eu\/fi\/tuote\/loistava-hopeariipus-ihailua-sankareille\/"]}]},{"@type":"ImageObject","inLanguage":"fi","@id":"https:\/\/colibri-jewels.eu\/fi\/tuote\/loistava-hopeariipus-ihailua-sankareille\/#primaryimage","url":"https:\/\/colibri-jewels.eu\/wp-content\/uploads\/2024\/07\/big-silver-pendant-with-trident-awe-to-heroes.jpg","contentUrl":"https:\/\/colibri-jewels.eu\/wp-content\/uploads\/2024\/07\/big-silver-pendant-with-trident-awe-to-heroes.jpg","width":1000,"height":1000},{"@type":"BreadcrumbList","@id":"https:\/\/colibri-jewels.eu\/fi\/tuote\/loistava-hopeariipus-ihailua-sankareille\/#breadcrumb","itemListElement":[{"@type":"ListItem","position":1,"name":"\u0413\u043b\u0430\u0432\u043d\u0430\u044f \u0441\u0442\u0440\u0430\u043d\u0438\u0446\u0430","item":"https:\/\/colibri-jewels.eu\/fi\/"},{"@type":"ListItem","position":2,"name":"Kauppa","item":"https:\/\/colibri-jewels.eu\/fi\/kauppa\/"},{"@type":"ListItem","position":3,"name":"Loistava hopeariipus &#8220;Ihailua sankareille&#8221;"}]},{"@type":"WebSite","@id":"https:\/\/colibri-jewels.eu\/fi\/#website","url":"https:\/\/colibri-jewels.eu\/fi\/","name":"Colibri jewels","description":"jewelry shop","publisher":{"@id":"https:\/\/colibri-jewels.eu\/fi\/#organization"},"potentialAction":[{"@type":"SearchAction","target":{"@type":"EntryPoint","urlTemplate":"https:\/\/colibri-jewels.eu\/fi\/?s={search_term_string}"},"query-input":{"@type":"PropertyValueSpecification","valueRequired":true,"valueName":"search_term_string"}}],"inLanguage":"fi"},{"@type":"Organization","@id":"https:\/\/colibri-jewels.eu\/fi\/#organization","name":"O\u00dc Colibri","url":"https:\/\/colibri-jewels.eu\/fi\/","logo":{"@type":"ImageObject","inLanguage":"fi","@id":"https:\/\/colibri-jewels.eu\/fi\/#\/schema\/logo\/image\/","url":"https:\/\/dev.colibri-jewels.eu\/wp-content\/uploads\/2021\/03\/colibri.png","contentUrl":"https:\/\/dev.colibri-jewels.eu\/wp-content\/uploads\/2021\/03\/colibri.png","width":227,"height":130,"caption":"O\u00dc Colibri"},"image":{"@id":"https:\/\/colibri-jewels.eu\/fi\/#\/schema\/logo\/image\/"},"sameAs":["https:\/\/www.facebook.com\/colibri.jewels","https:\/\/www.instagram.com\/colibri.jewels","https:\/\/www.tiktok.com\/colibri.jewels"]}]}},"_links":{"self":[{"href":"https:\/\/colibri-jewels.eu\/fi\/wp-json\/wp\/v2\/product\/51626","targetHints":{"allow":["GET"]}}],"collection":[{"href":"https:\/\/colibri-jewels.eu\/fi\/wp-json\/wp\/v2\/product"}],"about":[{"href":"https:\/\/colibri-jewels.eu\/fi\/wp-json\/wp\/v2\/types\/product"}],"replies":[{"embeddable":true,"href":"https:\/\/colibri-jewels.eu\/fi\/wp-json\/wp\/v2\/comments?post=51626"}],"version-history":[{"count":0,"href":"https:\/\/colibri-jewels.eu\/fi\/wp-json\/wp\/v2\/product\/51626\/revisions"}],"wp:featuredmedia":[{"embeddable":true,"href":"https:\/\/colibri-jewels.eu\/fi\/wp-json\/wp\/v2\/media\/51627"}],"wp:attachment":[{"href":"https:\/\/colibri-jewels.eu\/fi\/wp-json\/wp\/v2\/media?parent=51626"}],"wp:term":[{"taxonomy":"brand","embeddable":true,"href":"https:\/\/colibri-jewels.eu\/fi\/wp-json\/wp\/v2\/etheme_brands?post=51626"},{"taxonomy":"product_brand","embeddable":true,"href":"https:\/\/colibri-jewels.eu\/fi\/wp-json\/wp\/v2\/product_brand?post=51626"},{"taxonomy":"product_cat","embeddable":true,"href":"https:\/\/colibri-jewels.eu\/fi\/wp-json\/wp\/v2\/product_cat?post=51626"},{"taxonomy":"product_tag","embeddable":true,"href":"https:\/\/colibri-jewels.eu\/fi\/wp-json\/wp\/v2\/product_tag?post=51626"}],"curies":[{"name":"wp","href":"https:\/\/api.w.org\/{rel}","templated":true}]}}