{"id":51638,"date":"2024-07-15T18:32:03","date_gmt":"2024-07-15T15:32:03","guid":{"rendered":"https:\/\/colibri-jewels.eu\/?post_type=product&#038;p=51638"},"modified":"2025-05-24T23:57:37","modified_gmt":"2025-05-24T20:57:37","slug":"kirkas-kultainen-sormus-jossa-peridootti-seka-laboratoriossa-kasvatetut-keltaiset-ja-vaaleanpunaiset-safiirit-r-8249","status":"publish","type":"product","link":"https:\/\/colibri-jewels.eu\/fi\/tuote\/kirkas-kultainen-sormus-jossa-peridootti-seka-laboratoriossa-kasvatetut-keltaiset-ja-vaaleanpunaiset-safiirit-r-8249\/","title":{"rendered":"Kirkas kultainen sormus, jossa peridootti sek\u00e4 laboratoriossa kasvatetut keltaiset ja vaaleanpunaiset safiirit R-8249"},"content":{"rendered":"<p>Syleile kev\u00e4\u00e4n olemusta t\u00e4m\u00e4n lumoavan kultaisen sormuksen kautta, joka on luonnon loiston ja jalokivisepp\u00e4taidon sinfonia. Kolme hentoa jalokive\u00e4 muodostavat koostumuksen, joka koskettaa syd\u00e4nt\u00e4si: eloisa vihre\u00e4 peridootti, laboratoriossa kasvatettu vaaleanpunainen morganitti ja keltainen safiiri, joiden v\u00e4rit kukkivat kuin herkk\u00e4 kukka-asetelma.<\/p>\n<p>Luonnollinen peridootti, vehre\u00e4 s\u00e4vy, joka muistuttaa uusia lehti\u00e4, symboloi uudistumista ja kasvua. Vaaleanpunainen morganitti tuo mieleen kirsikankukkien hennon punan, kun taas keltainen safiiri hehkuu aamun auringon l\u00e4mm\u00f6ss\u00e4. Yhdess\u00e4 ne muodostavat kultaan kiedotun kukkakimpun, ajattoman kunnianosoituksen rakkauden kukoistavalle kauneudelle.<\/p>\n<p>T\u00e4m\u00e4 sormus ei ole pelkk\u00e4 koru; se on rakkaustarina, kerrottu jalokivien ja kullan kielell\u00e4, t\u00e4ydellinen niille, jotka vaalivat romantiikkaa ja kev\u00e4\u00e4n uudistumista.<\/p>\n","protected":false},"excerpt":{"rendered":"<p>Keltakulta 14 kt.<br \/>\nVihre\u00e4 luonnon peridotti 1,42 ct<br \/>\nKasvatettu vaaleanpunainen safiiri morganitin s\u00e4vyss\u00e4 1,08 ct<br \/>\nKasvatettu keltainen safiiri 2,20 ct<br \/>\nSormuksen koko 17,0<br \/>\nSormuksen paino 4,60 g.<\/p>\n","protected":false},"featured_media":51639,"comment_status":"open","ping_status":"closed","template":"","meta":[],"etheme_brands":[],"product_brand":[],"product_cat":[990],"product_tag":[],"class_list":{"0":"post-51638","1":"product","2":"type-product","3":"status-publish","4":"has-post-thumbnail","6":"product_cat-sormukset","8":"first","9":"instock","10":"shipping-taxable","11":"purchasable","12":"product-type-simple"},"acf":[],"yoast_head":"<!-- This site is optimized with the Yoast SEO Premium plugin v26.5 (Yoast SEO v26.8) - https:\/\/yoast.com\/product\/yoast-seo-premium-wordpress\/ -->\n<title>Kirkas kultainen sormus, jossa peridootti sek\u00e4 laboratoriossa kasvatetut keltaiset ja vaaleanpunaiset safiirit R-8249 - Colibri jewels<\/title>\n<meta name=\"robots\" content=\"index, follow, max-snippet:-1, max-image-preview:large, max-video-preview:-1\" \/>\n<link rel=\"canonical\" href=\"https:\/\/colibri-jewels.eu\/fi\/tuote\/kirkas-kultainen-sormus-jossa-peridootti-seka-laboratoriossa-kasvatetut-keltaiset-ja-vaaleanpunaiset-safiirit-r-8249\/\" \/>\n<meta property=\"og:locale\" content=\"fi_FI\" \/>\n<meta property=\"og:type\" content=\"article\" \/>\n<meta property=\"og:title\" content=\"Kirkas kultainen sormus, jossa peridootti sek\u00e4 laboratoriossa kasvatetut keltaiset ja vaaleanpunaiset safiirit R-8249\" \/>\n<meta property=\"og:description\" content=\"Keltakulta 14 kt. Vihre\u00e4 luonnon peridotti 1,42 ct Kasvatettu vaaleanpunainen safiiri morganitin s\u00e4vyss\u00e4 1,08 ct Kasvatettu keltainen safiiri 2,20 ct Sormuksen koko 17,0 Sormuksen paino 4,60 g.\" \/>\n<meta property=\"og:url\" content=\"https:\/\/colibri-jewels.eu\/fi\/tuote\/kirkas-kultainen-sormus-jossa-peridootti-seka-laboratoriossa-kasvatetut-keltaiset-ja-vaaleanpunaiset-safiirit-r-8249\/\" \/>\n<meta property=\"og:site_name\" content=\"Colibri jewels\" \/>\n<meta property=\"article:publisher\" content=\"https:\/\/www.facebook.com\/colibri.jewels\" \/>\n<meta property=\"article:modified_time\" content=\"2025-05-24T20:57:37+00:00\" \/>\n<meta property=\"og:image\" content=\"https:\/\/colibri-jewels.eu\/wp-content\/uploads\/2024\/06\/bright-golden-ring-with-big-stones-R-8249-1.jpg\" \/>\n\t<meta property=\"og:image:width\" content=\"1000\" \/>\n\t<meta property=\"og:image:height\" content=\"1000\" \/>\n\t<meta property=\"og:image:type\" content=\"image\/jpeg\" \/>\n<meta name=\"twitter:card\" content=\"summary_large_image\" \/>\n<meta name=\"twitter:label1\" content=\"Arvioitu lukuaika\" \/>\n\t<meta name=\"twitter:data1\" content=\"1 minuutti\" \/>\n<script type=\"application\/ld+json\" class=\"yoast-schema-graph\">{\"@context\":\"https:\/\/schema.org\",\"@graph\":[{\"@type\":\"WebPage\",\"@id\":\"https:\/\/colibri-jewels.eu\/fi\/tuote\/kirkas-kultainen-sormus-jossa-peridootti-seka-laboratoriossa-kasvatetut-keltaiset-ja-vaaleanpunaiset-safiirit-r-8249\/\",\"url\":\"https:\/\/colibri-jewels.eu\/fi\/tuote\/kirkas-kultainen-sormus-jossa-peridootti-seka-laboratoriossa-kasvatetut-keltaiset-ja-vaaleanpunaiset-safiirit-r-8249\/\",\"name\":\"Kirkas kultainen sormus, jossa peridootti sek\u00e4 laboratoriossa kasvatetut keltaiset ja vaaleanpunaiset safiirit R-8249 - Colibri jewels\",\"isPartOf\":{\"@id\":\"https:\/\/colibri-jewels.eu\/fi\/#website\"},\"primaryImageOfPage\":{\"@id\":\"https:\/\/colibri-jewels.eu\/fi\/tuote\/kirkas-kultainen-sormus-jossa-peridootti-seka-laboratoriossa-kasvatetut-keltaiset-ja-vaaleanpunaiset-safiirit-r-8249\/#primaryimage\"},\"image\":{\"@id\":\"https:\/\/colibri-jewels.eu\/fi\/tuote\/kirkas-kultainen-sormus-jossa-peridootti-seka-laboratoriossa-kasvatetut-keltaiset-ja-vaaleanpunaiset-safiirit-r-8249\/#primaryimage\"},\"thumbnailUrl\":\"https:\/\/colibri-jewels.eu\/wp-content\/uploads\/2024\/06\/bright-golden-ring-with-big-stones-R-8249-1.jpg\",\"datePublished\":\"2024-07-15T15:32:03+00:00\",\"dateModified\":\"2025-05-24T20:57:37+00:00\",\"breadcrumb\":{\"@id\":\"https:\/\/colibri-jewels.eu\/fi\/tuote\/kirkas-kultainen-sormus-jossa-peridootti-seka-laboratoriossa-kasvatetut-keltaiset-ja-vaaleanpunaiset-safiirit-r-8249\/#breadcrumb\"},\"inLanguage\":\"fi\",\"potentialAction\":[{\"@type\":\"ReadAction\",\"target\":[\"https:\/\/colibri-jewels.eu\/fi\/tuote\/kirkas-kultainen-sormus-jossa-peridootti-seka-laboratoriossa-kasvatetut-keltaiset-ja-vaaleanpunaiset-safiirit-r-8249\/\"]}]},{\"@type\":\"ImageObject\",\"inLanguage\":\"fi\",\"@id\":\"https:\/\/colibri-jewels.eu\/fi\/tuote\/kirkas-kultainen-sormus-jossa-peridootti-seka-laboratoriossa-kasvatetut-keltaiset-ja-vaaleanpunaiset-safiirit-r-8249\/#primaryimage\",\"url\":\"https:\/\/colibri-jewels.eu\/wp-content\/uploads\/2024\/06\/bright-golden-ring-with-big-stones-R-8249-1.jpg\",\"contentUrl\":\"https:\/\/colibri-jewels.eu\/wp-content\/uploads\/2024\/06\/bright-golden-ring-with-big-stones-R-8249-1.jpg\",\"width\":1000,\"height\":1000},{\"@type\":\"BreadcrumbList\",\"@id\":\"https:\/\/colibri-jewels.eu\/fi\/tuote\/kirkas-kultainen-sormus-jossa-peridootti-seka-laboratoriossa-kasvatetut-keltaiset-ja-vaaleanpunaiset-safiirit-r-8249\/#breadcrumb\",\"itemListElement\":[{\"@type\":\"ListItem\",\"position\":1,\"name\":\"\u0413\u043b\u0430\u0432\u043d\u0430\u044f \u0441\u0442\u0440\u0430\u043d\u0438\u0446\u0430\",\"item\":\"https:\/\/colibri-jewels.eu\/fi\/\"},{\"@type\":\"ListItem\",\"position\":2,\"name\":\"Kauppa\",\"item\":\"https:\/\/colibri-jewels.eu\/fi\/kauppa\/\"},{\"@type\":\"ListItem\",\"position\":3,\"name\":\"Kirkas kultainen sormus, jossa peridootti sek\u00e4 laboratoriossa kasvatetut keltaiset ja vaaleanpunaiset safiirit R-8249\"}]},{\"@type\":\"WebSite\",\"@id\":\"https:\/\/colibri-jewels.eu\/fi\/#website\",\"url\":\"https:\/\/colibri-jewels.eu\/fi\/\",\"name\":\"Colibri jewels\",\"description\":\"jewelry shop\",\"publisher\":{\"@id\":\"https:\/\/colibri-jewels.eu\/fi\/#organization\"},\"potentialAction\":[{\"@type\":\"SearchAction\",\"target\":{\"@type\":\"EntryPoint\",\"urlTemplate\":\"https:\/\/colibri-jewels.eu\/fi\/?s={search_term_string}\"},\"query-input\":{\"@type\":\"PropertyValueSpecification\",\"valueRequired\":true,\"valueName\":\"search_term_string\"}}],\"inLanguage\":\"fi\"},{\"@type\":\"Organization\",\"@id\":\"https:\/\/colibri-jewels.eu\/fi\/#organization\",\"name\":\"O\u00dc Colibri\",\"url\":\"https:\/\/colibri-jewels.eu\/fi\/\",\"logo\":{\"@type\":\"ImageObject\",\"inLanguage\":\"fi\",\"@id\":\"https:\/\/colibri-jewels.eu\/fi\/#\/schema\/logo\/image\/\",\"url\":\"https:\/\/dev.colibri-jewels.eu\/wp-content\/uploads\/2021\/03\/colibri.png\",\"contentUrl\":\"https:\/\/dev.colibri-jewels.eu\/wp-content\/uploads\/2021\/03\/colibri.png\",\"width\":227,\"height\":130,\"caption\":\"O\u00dc Colibri\"},\"image\":{\"@id\":\"https:\/\/colibri-jewels.eu\/fi\/#\/schema\/logo\/image\/\"},\"sameAs\":[\"https:\/\/www.facebook.com\/colibri.jewels\",\"https:\/\/www.instagram.com\/colibri.jewels\",\"https:\/\/www.tiktok.com\/colibri.jewels\"]}]}<\/script>\n<!-- \/ Yoast SEO Premium plugin. -->","yoast_head_json":{"title":"Kirkas kultainen sormus, jossa peridootti sek\u00e4 laboratoriossa kasvatetut keltaiset ja vaaleanpunaiset safiirit R-8249 - Colibri jewels","robots":{"index":"index","follow":"follow","max-snippet":"max-snippet:-1","max-image-preview":"max-image-preview:large","max-video-preview":"max-video-preview:-1"},"canonical":"https:\/\/colibri-jewels.eu\/fi\/tuote\/kirkas-kultainen-sormus-jossa-peridootti-seka-laboratoriossa-kasvatetut-keltaiset-ja-vaaleanpunaiset-safiirit-r-8249\/","og_locale":"fi_FI","og_type":"article","og_title":"Kirkas kultainen sormus, jossa peridootti sek\u00e4 laboratoriossa kasvatetut keltaiset ja vaaleanpunaiset safiirit R-8249","og_description":"Keltakulta 14 kt. Vihre\u00e4 luonnon peridotti 1,42 ct Kasvatettu vaaleanpunainen safiiri morganitin s\u00e4vyss\u00e4 1,08 ct Kasvatettu keltainen safiiri 2,20 ct Sormuksen koko 17,0 Sormuksen paino 4,60 g.","og_url":"https:\/\/colibri-jewels.eu\/fi\/tuote\/kirkas-kultainen-sormus-jossa-peridootti-seka-laboratoriossa-kasvatetut-keltaiset-ja-vaaleanpunaiset-safiirit-r-8249\/","og_site_name":"Colibri jewels","article_publisher":"https:\/\/www.facebook.com\/colibri.jewels","article_modified_time":"2025-05-24T20:57:37+00:00","og_image":[{"width":1000,"height":1000,"url":"https:\/\/colibri-jewels.eu\/wp-content\/uploads\/2024\/06\/bright-golden-ring-with-big-stones-R-8249-1.jpg","type":"image\/jpeg"}],"twitter_card":"summary_large_image","twitter_misc":{"Arvioitu lukuaika":"1 minuutti"},"schema":{"@context":"https:\/\/schema.org","@graph":[{"@type":"WebPage","@id":"https:\/\/colibri-jewels.eu\/fi\/tuote\/kirkas-kultainen-sormus-jossa-peridootti-seka-laboratoriossa-kasvatetut-keltaiset-ja-vaaleanpunaiset-safiirit-r-8249\/","url":"https:\/\/colibri-jewels.eu\/fi\/tuote\/kirkas-kultainen-sormus-jossa-peridootti-seka-laboratoriossa-kasvatetut-keltaiset-ja-vaaleanpunaiset-safiirit-r-8249\/","name":"Kirkas kultainen sormus, jossa peridootti sek\u00e4 laboratoriossa kasvatetut keltaiset ja vaaleanpunaiset safiirit R-8249 - Colibri jewels","isPartOf":{"@id":"https:\/\/colibri-jewels.eu\/fi\/#website"},"primaryImageOfPage":{"@id":"https:\/\/colibri-jewels.eu\/fi\/tuote\/kirkas-kultainen-sormus-jossa-peridootti-seka-laboratoriossa-kasvatetut-keltaiset-ja-vaaleanpunaiset-safiirit-r-8249\/#primaryimage"},"image":{"@id":"https:\/\/colibri-jewels.eu\/fi\/tuote\/kirkas-kultainen-sormus-jossa-peridootti-seka-laboratoriossa-kasvatetut-keltaiset-ja-vaaleanpunaiset-safiirit-r-8249\/#primaryimage"},"thumbnailUrl":"https:\/\/colibri-jewels.eu\/wp-content\/uploads\/2024\/06\/bright-golden-ring-with-big-stones-R-8249-1.jpg","datePublished":"2024-07-15T15:32:03+00:00","dateModified":"2025-05-24T20:57:37+00:00","breadcrumb":{"@id":"https:\/\/colibri-jewels.eu\/fi\/tuote\/kirkas-kultainen-sormus-jossa-peridootti-seka-laboratoriossa-kasvatetut-keltaiset-ja-vaaleanpunaiset-safiirit-r-8249\/#breadcrumb"},"inLanguage":"fi","potentialAction":[{"@type":"ReadAction","target":["https:\/\/colibri-jewels.eu\/fi\/tuote\/kirkas-kultainen-sormus-jossa-peridootti-seka-laboratoriossa-kasvatetut-keltaiset-ja-vaaleanpunaiset-safiirit-r-8249\/"]}]},{"@type":"ImageObject","inLanguage":"fi","@id":"https:\/\/colibri-jewels.eu\/fi\/tuote\/kirkas-kultainen-sormus-jossa-peridootti-seka-laboratoriossa-kasvatetut-keltaiset-ja-vaaleanpunaiset-safiirit-r-8249\/#primaryimage","url":"https:\/\/colibri-jewels.eu\/wp-content\/uploads\/2024\/06\/bright-golden-ring-with-big-stones-R-8249-1.jpg","contentUrl":"https:\/\/colibri-jewels.eu\/wp-content\/uploads\/2024\/06\/bright-golden-ring-with-big-stones-R-8249-1.jpg","width":1000,"height":1000},{"@type":"BreadcrumbList","@id":"https:\/\/colibri-jewels.eu\/fi\/tuote\/kirkas-kultainen-sormus-jossa-peridootti-seka-laboratoriossa-kasvatetut-keltaiset-ja-vaaleanpunaiset-safiirit-r-8249\/#breadcrumb","itemListElement":[{"@type":"ListItem","position":1,"name":"\u0413\u043b\u0430\u0432\u043d\u0430\u044f \u0441\u0442\u0440\u0430\u043d\u0438\u0446\u0430","item":"https:\/\/colibri-jewels.eu\/fi\/"},{"@type":"ListItem","position":2,"name":"Kauppa","item":"https:\/\/colibri-jewels.eu\/fi\/kauppa\/"},{"@type":"ListItem","position":3,"name":"Kirkas kultainen sormus, jossa peridootti sek\u00e4 laboratoriossa kasvatetut keltaiset ja vaaleanpunaiset safiirit R-8249"}]},{"@type":"WebSite","@id":"https:\/\/colibri-jewels.eu\/fi\/#website","url":"https:\/\/colibri-jewels.eu\/fi\/","name":"Colibri jewels","description":"jewelry shop","publisher":{"@id":"https:\/\/colibri-jewels.eu\/fi\/#organization"},"potentialAction":[{"@type":"SearchAction","target":{"@type":"EntryPoint","urlTemplate":"https:\/\/colibri-jewels.eu\/fi\/?s={search_term_string}"},"query-input":{"@type":"PropertyValueSpecification","valueRequired":true,"valueName":"search_term_string"}}],"inLanguage":"fi"},{"@type":"Organization","@id":"https:\/\/colibri-jewels.eu\/fi\/#organization","name":"O\u00dc Colibri","url":"https:\/\/colibri-jewels.eu\/fi\/","logo":{"@type":"ImageObject","inLanguage":"fi","@id":"https:\/\/colibri-jewels.eu\/fi\/#\/schema\/logo\/image\/","url":"https:\/\/dev.colibri-jewels.eu\/wp-content\/uploads\/2021\/03\/colibri.png","contentUrl":"https:\/\/dev.colibri-jewels.eu\/wp-content\/uploads\/2021\/03\/colibri.png","width":227,"height":130,"caption":"O\u00dc Colibri"},"image":{"@id":"https:\/\/colibri-jewels.eu\/fi\/#\/schema\/logo\/image\/"},"sameAs":["https:\/\/www.facebook.com\/colibri.jewels","https:\/\/www.instagram.com\/colibri.jewels","https:\/\/www.tiktok.com\/colibri.jewels"]}]}},"_links":{"self":[{"href":"https:\/\/colibri-jewels.eu\/fi\/wp-json\/wp\/v2\/product\/51638","targetHints":{"allow":["GET"]}}],"collection":[{"href":"https:\/\/colibri-jewels.eu\/fi\/wp-json\/wp\/v2\/product"}],"about":[{"href":"https:\/\/colibri-jewels.eu\/fi\/wp-json\/wp\/v2\/types\/product"}],"replies":[{"embeddable":true,"href":"https:\/\/colibri-jewels.eu\/fi\/wp-json\/wp\/v2\/comments?post=51638"}],"version-history":[{"count":0,"href":"https:\/\/colibri-jewels.eu\/fi\/wp-json\/wp\/v2\/product\/51638\/revisions"}],"wp:featuredmedia":[{"embeddable":true,"href":"https:\/\/colibri-jewels.eu\/fi\/wp-json\/wp\/v2\/media\/51639"}],"wp:attachment":[{"href":"https:\/\/colibri-jewels.eu\/fi\/wp-json\/wp\/v2\/media?parent=51638"}],"wp:term":[{"taxonomy":"brand","embeddable":true,"href":"https:\/\/colibri-jewels.eu\/fi\/wp-json\/wp\/v2\/etheme_brands?post=51638"},{"taxonomy":"product_brand","embeddable":true,"href":"https:\/\/colibri-jewels.eu\/fi\/wp-json\/wp\/v2\/product_brand?post=51638"},{"taxonomy":"product_cat","embeddable":true,"href":"https:\/\/colibri-jewels.eu\/fi\/wp-json\/wp\/v2\/product_cat?post=51638"},{"taxonomy":"product_tag","embeddable":true,"href":"https:\/\/colibri-jewels.eu\/fi\/wp-json\/wp\/v2\/product_tag?post=51638"}],"curies":[{"name":"wp","href":"https:\/\/api.w.org\/{rel}","templated":true}]}}