{"id":51826,"date":"2024-04-04T13:50:18","date_gmt":"2024-04-04T10:50:18","guid":{"rendered":"https:\/\/colibri-jewels.eu\/?post_type=product&#038;p=51826"},"modified":"2025-05-25T23:04:49","modified_gmt":"2025-05-25T20:04:49","slug":"hopeinen-viron-trikolori-riipus-paaskylla-p-7994","status":"publish","type":"product","link":"https:\/\/colibri-jewels.eu\/fi\/tuote\/hopeinen-viron-trikolori-riipus-paaskylla-p-7994\/","title":{"rendered":"Hopeinen Viron trikolori -riipus p\u00e4\u00e4skyll\u00e4 P-7994"},"content":{"rendered":"<div class=\"w-full text-token-text-primary\" data-testid=\"conversation-turn-3\">\n<div class=\"px-4 py-2 justify-center text-base md:gap-6 m-auto\">\n<div class=\"flex flex-1 text-base mx-auto gap-3 md:px-5 lg:px-1 xl:px-5 md:max-w-3xl lg:max-w-[40rem] xl:max-w-[48rem] group final-completion\">\n<div class=\"relative flex w-full flex-col agent-turn\">\n<div class=\"flex-col gap-1 md:gap-3\">\n<div class=\"flex flex-grow flex-col max-w-full\">\n<div class=\"min-h-[20px] text-message flex flex-col items-start gap-3 whitespace-pre-wrap break-words [.text-message+&amp;]:mt-5 overflow-x-auto\" data-message-author-role=\"assistant\" data-message-id=\"96f1e0d0-660a-4b13-a7f6-5a6f8775dff7\">\n<div class=\"markdown prose w-full break-words dark:prose-invert light\">\n<p>Tutustu Viron perinn\u00f6n olemukseen hienolla hopeisella riipuksellamme, joka on kunnianosoitus kansakunnan rikkaalle symboliikalle. Tarkkuudella valmistettu riipuksemme esittelee elegantin origami-tyylisen p\u00e4\u00e4skysen, joka nousee sulavasti s\u00e4teilev\u00e4n ympyr\u00e4n sis\u00e4ll\u00e4. Ympyr\u00e4\u00e4 koristaa trapetsihiotut kristallit Viron lipun v\u00e4reiss\u00e4.<\/p>\n<p>Olemme asettaneet t\u00e4m\u00e4n linnun lent\u00e4m\u00e4\u00e4n korkealle, taivaalle. Koska ne lent\u00e4v\u00e4t korkealla vain silloin, kun taivas on sininen ja turvallinen. Me kaikki haluamme taivaamme olevan turvallinen ja rauhallinen.<\/p>\n<p>Jokainen katse vangitsee perinteen ja yhten\u00e4isyyden hengen, tehden siit\u00e4 ajattoman, vaalittavan korun. Lis\u00e4\u00e4 ripaus Viroa tyyliisi ja omaksu kulttuurinen vieh\u00e4tys Viron symbolit -kokoelman riipuksellamme jo t\u00e4n\u00e4\u00e4n.<\/p>\n<p>Sterling-hopeaa, rodiumpinnoite. K\u00e4sity\u00f6t\u00e4.<\/p>\n<\/div>\n<\/div>\n<\/div>\n<\/div>\n<\/div>\n<\/div>\n<\/div>\n<\/div>\n","protected":false},"excerpt":{"rendered":"<p>Erityisesti Viroa varten luotu riipus kansallissymbolilla \u2013 p\u00e4\u00e4skyll\u00e4, jota ymp\u00e4r\u00f6iv\u00e4t Viron v\u00e4rit.<\/p>\n<p>Sterlinghopeaa K\u00e4sity\u00f6t\u00e4.<\/p>\n","protected":false},"featured_media":51827,"comment_status":"open","ping_status":"closed","template":"","meta":[],"etheme_brands":[],"product_brand":[],"product_cat":[989],"product_tag":[998],"class_list":{"0":"post-51826","1":"product","2":"type-product","3":"status-publish","4":"has-post-thumbnail","6":"product_cat-kaulakorut-ja-riipukset","7":"product_tag-viron-symbolit","9":"first","10":"instock","11":"shipping-taxable","12":"purchasable","13":"product-type-simple"},"acf":[],"yoast_head":"<!-- This site is optimized with the Yoast SEO Premium plugin v26.5 (Yoast SEO v26.8) - https:\/\/yoast.com\/product\/yoast-seo-premium-wordpress\/ -->\n<title>Hopeinen Viron trikolori -riipus p\u00e4\u00e4skyll\u00e4 P-7994 - Colibri jewels<\/title>\n<meta name=\"description\" content=\"Hopeinen riipus, jonka voit ostaa verkkokaupastamme, Viron kansallissymbolien kokoelmasta. Origami-tyylinen p\u00e4\u00e4sky, jota ymp\u00e4r\u00f6iv\u00e4t sinimusta-valkoiset trapetsin muotoiset kristallit. K\u00e4sity\u00f6t\u00e4.\" \/>\n<meta name=\"robots\" content=\"index, follow, max-snippet:-1, max-image-preview:large, max-video-preview:-1\" \/>\n<link rel=\"canonical\" href=\"https:\/\/colibri-jewels.eu\/fi\/tuote\/hopeinen-viron-trikolori-riipus-paaskylla-p-7994\/\" \/>\n<meta property=\"og:locale\" content=\"fi_FI\" \/>\n<meta property=\"og:type\" content=\"article\" \/>\n<meta property=\"og:title\" content=\"Hopeinen Viron trikolori -riipus p\u00e4\u00e4skyll\u00e4 P-7994\" \/>\n<meta property=\"og:description\" content=\"Hopeinen riipus, jonka voit ostaa verkkokaupastamme, Viron kansallissymbolien kokoelmasta. Origami-tyylinen p\u00e4\u00e4sky, jota ymp\u00e4r\u00f6iv\u00e4t sinimusta-valkoiset trapetsin muotoiset kristallit. K\u00e4sity\u00f6t\u00e4.\" \/>\n<meta property=\"og:url\" content=\"https:\/\/colibri-jewels.eu\/fi\/tuote\/hopeinen-viron-trikolori-riipus-paaskylla-p-7994\/\" \/>\n<meta property=\"og:site_name\" content=\"Colibri jewels\" \/>\n<meta property=\"article:publisher\" content=\"https:\/\/www.facebook.com\/colibri.jewels\" \/>\n<meta property=\"article:modified_time\" content=\"2025-05-25T20:04:49+00:00\" \/>\n<meta property=\"og:image\" content=\"https:\/\/colibri-jewels.eu\/wp-content\/uploads\/2022\/05\/PCz-7994web.jpg\" \/>\n\t<meta property=\"og:image:width\" content=\"1000\" \/>\n\t<meta property=\"og:image:height\" content=\"1000\" \/>\n\t<meta property=\"og:image:type\" content=\"image\/jpeg\" \/>\n<meta name=\"twitter:card\" content=\"summary_large_image\" \/>\n<meta name=\"twitter:label1\" content=\"Arvioitu lukuaika\" \/>\n\t<meta name=\"twitter:data1\" content=\"1 minuutti\" \/>\n<script type=\"application\/ld+json\" class=\"yoast-schema-graph\">{\"@context\":\"https:\/\/schema.org\",\"@graph\":[{\"@type\":\"WebPage\",\"@id\":\"https:\/\/colibri-jewels.eu\/fi\/tuote\/hopeinen-viron-trikolori-riipus-paaskylla-p-7994\/\",\"url\":\"https:\/\/colibri-jewels.eu\/fi\/tuote\/hopeinen-viron-trikolori-riipus-paaskylla-p-7994\/\",\"name\":\"Hopeinen Viron trikolori -riipus p\u00e4\u00e4skyll\u00e4 P-7994 - Colibri jewels\",\"isPartOf\":{\"@id\":\"https:\/\/colibri-jewels.eu\/fi\/#website\"},\"primaryImageOfPage\":{\"@id\":\"https:\/\/colibri-jewels.eu\/fi\/tuote\/hopeinen-viron-trikolori-riipus-paaskylla-p-7994\/#primaryimage\"},\"image\":{\"@id\":\"https:\/\/colibri-jewels.eu\/fi\/tuote\/hopeinen-viron-trikolori-riipus-paaskylla-p-7994\/#primaryimage\"},\"thumbnailUrl\":\"https:\/\/colibri-jewels.eu\/wp-content\/uploads\/2022\/05\/PCz-7994web.jpg\",\"datePublished\":\"2024-04-04T10:50:18+00:00\",\"dateModified\":\"2025-05-25T20:04:49+00:00\",\"description\":\"Hopeinen riipus, jonka voit ostaa verkkokaupastamme, Viron kansallissymbolien kokoelmasta. Origami-tyylinen p\u00e4\u00e4sky, jota ymp\u00e4r\u00f6iv\u00e4t sinimusta-valkoiset trapetsin muotoiset kristallit. K\u00e4sity\u00f6t\u00e4.\",\"breadcrumb\":{\"@id\":\"https:\/\/colibri-jewels.eu\/fi\/tuote\/hopeinen-viron-trikolori-riipus-paaskylla-p-7994\/#breadcrumb\"},\"inLanguage\":\"fi\",\"potentialAction\":[{\"@type\":\"ReadAction\",\"target\":[\"https:\/\/colibri-jewels.eu\/fi\/tuote\/hopeinen-viron-trikolori-riipus-paaskylla-p-7994\/\"]}]},{\"@type\":\"ImageObject\",\"inLanguage\":\"fi\",\"@id\":\"https:\/\/colibri-jewels.eu\/fi\/tuote\/hopeinen-viron-trikolori-riipus-paaskylla-p-7994\/#primaryimage\",\"url\":\"https:\/\/colibri-jewels.eu\/wp-content\/uploads\/2022\/05\/PCz-7994web.jpg\",\"contentUrl\":\"https:\/\/colibri-jewels.eu\/wp-content\/uploads\/2022\/05\/PCz-7994web.jpg\",\"width\":1000,\"height\":1000},{\"@type\":\"BreadcrumbList\",\"@id\":\"https:\/\/colibri-jewels.eu\/fi\/tuote\/hopeinen-viron-trikolori-riipus-paaskylla-p-7994\/#breadcrumb\",\"itemListElement\":[{\"@type\":\"ListItem\",\"position\":1,\"name\":\"\u0413\u043b\u0430\u0432\u043d\u0430\u044f \u0441\u0442\u0440\u0430\u043d\u0438\u0446\u0430\",\"item\":\"https:\/\/colibri-jewels.eu\/fi\/\"},{\"@type\":\"ListItem\",\"position\":2,\"name\":\"Kauppa\",\"item\":\"https:\/\/colibri-jewels.eu\/fi\/kauppa\/\"},{\"@type\":\"ListItem\",\"position\":3,\"name\":\"Hopeinen Viron trikolori -riipus p\u00e4\u00e4skyll\u00e4 P-7994\"}]},{\"@type\":\"WebSite\",\"@id\":\"https:\/\/colibri-jewels.eu\/fi\/#website\",\"url\":\"https:\/\/colibri-jewels.eu\/fi\/\",\"name\":\"Colibri jewels\",\"description\":\"jewelry shop\",\"publisher\":{\"@id\":\"https:\/\/colibri-jewels.eu\/fi\/#organization\"},\"potentialAction\":[{\"@type\":\"SearchAction\",\"target\":{\"@type\":\"EntryPoint\",\"urlTemplate\":\"https:\/\/colibri-jewels.eu\/fi\/?s={search_term_string}\"},\"query-input\":{\"@type\":\"PropertyValueSpecification\",\"valueRequired\":true,\"valueName\":\"search_term_string\"}}],\"inLanguage\":\"fi\"},{\"@type\":\"Organization\",\"@id\":\"https:\/\/colibri-jewels.eu\/fi\/#organization\",\"name\":\"O\u00dc Colibri\",\"url\":\"https:\/\/colibri-jewels.eu\/fi\/\",\"logo\":{\"@type\":\"ImageObject\",\"inLanguage\":\"fi\",\"@id\":\"https:\/\/colibri-jewels.eu\/fi\/#\/schema\/logo\/image\/\",\"url\":\"https:\/\/dev.colibri-jewels.eu\/wp-content\/uploads\/2021\/03\/colibri.png\",\"contentUrl\":\"https:\/\/dev.colibri-jewels.eu\/wp-content\/uploads\/2021\/03\/colibri.png\",\"width\":227,\"height\":130,\"caption\":\"O\u00dc Colibri\"},\"image\":{\"@id\":\"https:\/\/colibri-jewels.eu\/fi\/#\/schema\/logo\/image\/\"},\"sameAs\":[\"https:\/\/www.facebook.com\/colibri.jewels\",\"https:\/\/www.instagram.com\/colibri.jewels\",\"https:\/\/www.tiktok.com\/colibri.jewels\"]}]}<\/script>\n<!-- \/ Yoast SEO Premium plugin. -->","yoast_head_json":{"title":"Hopeinen Viron trikolori -riipus p\u00e4\u00e4skyll\u00e4 P-7994 - Colibri jewels","description":"Hopeinen riipus, jonka voit ostaa verkkokaupastamme, Viron kansallissymbolien kokoelmasta. Origami-tyylinen p\u00e4\u00e4sky, jota ymp\u00e4r\u00f6iv\u00e4t sinimusta-valkoiset trapetsin muotoiset kristallit. K\u00e4sity\u00f6t\u00e4.","robots":{"index":"index","follow":"follow","max-snippet":"max-snippet:-1","max-image-preview":"max-image-preview:large","max-video-preview":"max-video-preview:-1"},"canonical":"https:\/\/colibri-jewels.eu\/fi\/tuote\/hopeinen-viron-trikolori-riipus-paaskylla-p-7994\/","og_locale":"fi_FI","og_type":"article","og_title":"Hopeinen Viron trikolori -riipus p\u00e4\u00e4skyll\u00e4 P-7994","og_description":"Hopeinen riipus, jonka voit ostaa verkkokaupastamme, Viron kansallissymbolien kokoelmasta. Origami-tyylinen p\u00e4\u00e4sky, jota ymp\u00e4r\u00f6iv\u00e4t sinimusta-valkoiset trapetsin muotoiset kristallit. K\u00e4sity\u00f6t\u00e4.","og_url":"https:\/\/colibri-jewels.eu\/fi\/tuote\/hopeinen-viron-trikolori-riipus-paaskylla-p-7994\/","og_site_name":"Colibri jewels","article_publisher":"https:\/\/www.facebook.com\/colibri.jewels","article_modified_time":"2025-05-25T20:04:49+00:00","og_image":[{"width":1000,"height":1000,"url":"https:\/\/colibri-jewels.eu\/wp-content\/uploads\/2022\/05\/PCz-7994web.jpg","type":"image\/jpeg"}],"twitter_card":"summary_large_image","twitter_misc":{"Arvioitu lukuaika":"1 minuutti"},"schema":{"@context":"https:\/\/schema.org","@graph":[{"@type":"WebPage","@id":"https:\/\/colibri-jewels.eu\/fi\/tuote\/hopeinen-viron-trikolori-riipus-paaskylla-p-7994\/","url":"https:\/\/colibri-jewels.eu\/fi\/tuote\/hopeinen-viron-trikolori-riipus-paaskylla-p-7994\/","name":"Hopeinen Viron trikolori -riipus p\u00e4\u00e4skyll\u00e4 P-7994 - Colibri jewels","isPartOf":{"@id":"https:\/\/colibri-jewels.eu\/fi\/#website"},"primaryImageOfPage":{"@id":"https:\/\/colibri-jewels.eu\/fi\/tuote\/hopeinen-viron-trikolori-riipus-paaskylla-p-7994\/#primaryimage"},"image":{"@id":"https:\/\/colibri-jewels.eu\/fi\/tuote\/hopeinen-viron-trikolori-riipus-paaskylla-p-7994\/#primaryimage"},"thumbnailUrl":"https:\/\/colibri-jewels.eu\/wp-content\/uploads\/2022\/05\/PCz-7994web.jpg","datePublished":"2024-04-04T10:50:18+00:00","dateModified":"2025-05-25T20:04:49+00:00","description":"Hopeinen riipus, jonka voit ostaa verkkokaupastamme, Viron kansallissymbolien kokoelmasta. Origami-tyylinen p\u00e4\u00e4sky, jota ymp\u00e4r\u00f6iv\u00e4t sinimusta-valkoiset trapetsin muotoiset kristallit. K\u00e4sity\u00f6t\u00e4.","breadcrumb":{"@id":"https:\/\/colibri-jewels.eu\/fi\/tuote\/hopeinen-viron-trikolori-riipus-paaskylla-p-7994\/#breadcrumb"},"inLanguage":"fi","potentialAction":[{"@type":"ReadAction","target":["https:\/\/colibri-jewels.eu\/fi\/tuote\/hopeinen-viron-trikolori-riipus-paaskylla-p-7994\/"]}]},{"@type":"ImageObject","inLanguage":"fi","@id":"https:\/\/colibri-jewels.eu\/fi\/tuote\/hopeinen-viron-trikolori-riipus-paaskylla-p-7994\/#primaryimage","url":"https:\/\/colibri-jewels.eu\/wp-content\/uploads\/2022\/05\/PCz-7994web.jpg","contentUrl":"https:\/\/colibri-jewels.eu\/wp-content\/uploads\/2022\/05\/PCz-7994web.jpg","width":1000,"height":1000},{"@type":"BreadcrumbList","@id":"https:\/\/colibri-jewels.eu\/fi\/tuote\/hopeinen-viron-trikolori-riipus-paaskylla-p-7994\/#breadcrumb","itemListElement":[{"@type":"ListItem","position":1,"name":"\u0413\u043b\u0430\u0432\u043d\u0430\u044f \u0441\u0442\u0440\u0430\u043d\u0438\u0446\u0430","item":"https:\/\/colibri-jewels.eu\/fi\/"},{"@type":"ListItem","position":2,"name":"Kauppa","item":"https:\/\/colibri-jewels.eu\/fi\/kauppa\/"},{"@type":"ListItem","position":3,"name":"Hopeinen Viron trikolori -riipus p\u00e4\u00e4skyll\u00e4 P-7994"}]},{"@type":"WebSite","@id":"https:\/\/colibri-jewels.eu\/fi\/#website","url":"https:\/\/colibri-jewels.eu\/fi\/","name":"Colibri jewels","description":"jewelry shop","publisher":{"@id":"https:\/\/colibri-jewels.eu\/fi\/#organization"},"potentialAction":[{"@type":"SearchAction","target":{"@type":"EntryPoint","urlTemplate":"https:\/\/colibri-jewels.eu\/fi\/?s={search_term_string}"},"query-input":{"@type":"PropertyValueSpecification","valueRequired":true,"valueName":"search_term_string"}}],"inLanguage":"fi"},{"@type":"Organization","@id":"https:\/\/colibri-jewels.eu\/fi\/#organization","name":"O\u00dc Colibri","url":"https:\/\/colibri-jewels.eu\/fi\/","logo":{"@type":"ImageObject","inLanguage":"fi","@id":"https:\/\/colibri-jewels.eu\/fi\/#\/schema\/logo\/image\/","url":"https:\/\/dev.colibri-jewels.eu\/wp-content\/uploads\/2021\/03\/colibri.png","contentUrl":"https:\/\/dev.colibri-jewels.eu\/wp-content\/uploads\/2021\/03\/colibri.png","width":227,"height":130,"caption":"O\u00dc Colibri"},"image":{"@id":"https:\/\/colibri-jewels.eu\/fi\/#\/schema\/logo\/image\/"},"sameAs":["https:\/\/www.facebook.com\/colibri.jewels","https:\/\/www.instagram.com\/colibri.jewels","https:\/\/www.tiktok.com\/colibri.jewels"]}]}},"_links":{"self":[{"href":"https:\/\/colibri-jewels.eu\/fi\/wp-json\/wp\/v2\/product\/51826","targetHints":{"allow":["GET"]}}],"collection":[{"href":"https:\/\/colibri-jewels.eu\/fi\/wp-json\/wp\/v2\/product"}],"about":[{"href":"https:\/\/colibri-jewels.eu\/fi\/wp-json\/wp\/v2\/types\/product"}],"replies":[{"embeddable":true,"href":"https:\/\/colibri-jewels.eu\/fi\/wp-json\/wp\/v2\/comments?post=51826"}],"version-history":[{"count":0,"href":"https:\/\/colibri-jewels.eu\/fi\/wp-json\/wp\/v2\/product\/51826\/revisions"}],"wp:featuredmedia":[{"embeddable":true,"href":"https:\/\/colibri-jewels.eu\/fi\/wp-json\/wp\/v2\/media\/51827"}],"wp:attachment":[{"href":"https:\/\/colibri-jewels.eu\/fi\/wp-json\/wp\/v2\/media?parent=51826"}],"wp:term":[{"taxonomy":"brand","embeddable":true,"href":"https:\/\/colibri-jewels.eu\/fi\/wp-json\/wp\/v2\/etheme_brands?post=51826"},{"taxonomy":"product_brand","embeddable":true,"href":"https:\/\/colibri-jewels.eu\/fi\/wp-json\/wp\/v2\/product_brand?post=51826"},{"taxonomy":"product_cat","embeddable":true,"href":"https:\/\/colibri-jewels.eu\/fi\/wp-json\/wp\/v2\/product_cat?post=51826"},{"taxonomy":"product_tag","embeddable":true,"href":"https:\/\/colibri-jewels.eu\/fi\/wp-json\/wp\/v2\/product_tag?post=51826"}],"curies":[{"name":"wp","href":"https:\/\/api.w.org\/{rel}","templated":true}]}}