{"id":51887,"date":"2024-04-01T18:16:51","date_gmt":"2024-04-01T15:16:51","guid":{"rendered":"https:\/\/colibri-jewels.eu\/?post_type=product&#038;p=51887"},"modified":"2025-05-25T23:04:55","modified_gmt":"2025-05-25T20:04:55","slug":"toteemiriipus-kettu-p-8203","status":"publish","type":"product","link":"https:\/\/colibri-jewels.eu\/fi\/tuote\/toteemiriipus-kettu-p-8203\/","title":{"rendered":"Toteemiriipus &#8221;Kettu&#8221; P-8203"},"content":{"rendered":"<p>Uusi kauan odotettu toteemiriipus &#8221;Kettu&#8221; toteemikokoelman jatkona. Hopeaa, kullattu, mustattu, rodiumpinnoitettu. K\u00e4sity\u00f6t\u00e4, tekij\u00e4n luonnos.<\/p>\n<p>Kettu on perhekeskeinen olento. Ketut el\u00e4v\u00e4t yleens\u00e4 pieniss\u00e4 ryhmiss\u00e4, vain harvat kettulajit el\u00e4v\u00e4t yksin\u00e4ist\u00e4 el\u00e4m\u00e4\u00e4. Ketulla on suhteellisen pieni ruumis, mutta sen valtava p\u00f6rr\u00f6inen h\u00e4nt\u00e4 lis\u00e4\u00e4 volyymia ja vaikuttavuutta sen ulkon\u00e4k\u00f6\u00f6n \u2013 kettu saattaa ensisilm\u00e4yksell\u00e4 vaikuttaa paljon suuremmalta kuin se todellisuudessa onkaan. Kettu tekee vaikutuksen, eik\u00e4 sill\u00e4 ole t\u00e4ss\u00e4 vertaista. Kettu on petoel\u00e4in, ja sill\u00e4 on luonnollisesti ter\u00e4v\u00e4t kulmahampaat, joten sen kanssa ei kannata leikki\u00e4 \u2013 se osaa puolustaa itse\u00e4\u00e4n ja perhett\u00e4\u00e4n. Ketulla on kyky kutistua pienimp\u00e4\u00e4n mahdolliseen kokoon voidakseen livahtaa ahtaimpaan koloon, jonne kukaan ei p\u00e4\u00e4se. Se yksinkertaisesti h\u00e4mm\u00e4stytt\u00e4\u00e4 oveluudellaan ja kekseli\u00e4isyydell\u00e4\u00e4n jokaisen, joka uskaltaa asettua sille vastustamaan. Mutta yleisesti ottaen kettu mieluummin v\u00e4ltt\u00e4\u00e4 kaikkia konfliktitilanteita, vaikka todelliseen yhteenottoon tullessaan se puolustaa oikeuksiaan loppuun asti. Muuten, liike-el\u00e4m\u00e4ss\u00e4 t\u00e4m\u00e4n el\u00e4imen toteemi auttaa ker\u00e4\u00e4m\u00e4\u00e4n t\u00e4rke\u00e4\u00e4 tietoa. Kettu-toteemi suojelee markkinoijia.<br \/>\nKettu-ihmiset sopeutuvat hyvin uusiin ymp\u00e4rist\u00f6ihin, he ovat tasapainoisia, heill\u00e4 on yleens\u00e4 miellytt\u00e4v\u00e4 ulkon\u00e4k\u00f6, ja heid\u00e4n hymyns\u00e4 on yksinkertaisesti vastustamaton. Kettu-ihmiset ovat \u00e4lykk\u00e4it\u00e4, nopeita\u00e4lyisi\u00e4 ja ovelia. Heid\u00e4n liikkeens\u00e4 ovat sulavia. Heill\u00e4 on hyvin kehittynyt kuudes aisti. Kettu-ihmiset tarkkailevat tiiviisti kaikkea tapahtuvaa, eiv\u00e4tk\u00e4 menet\u00e4 pienint\u00e4k\u00e4\u00e4n yksityiskohtaa. He tekev\u00e4t t\u00e4rkeit\u00e4 p\u00e4\u00e4t\u00f6ksi\u00e4 nopeasti ja helposti.<br \/>\nKettu on naamioinnin mestari. Sen ei maksa mit\u00e4\u00e4n pukeutua toisen hahmoon ja pett\u00e4\u00e4 vastustajaansa. Kettu on ihanteellinen strategi, se on varma itsest\u00e4\u00e4n ja kyvyist\u00e4\u00e4n, seisoo vakaasti jaloillaan. Sit\u00e4 on l\u00e4hes mahdotonta h\u00e4mment\u00e4\u00e4 \u2013 \u00e4l\u00e4 edes yrit\u00e4. T\u00e4m\u00e4 on hyvin viisas olento. Mutta sill\u00e4 on my\u00f6s negatiivisia puolia, kuten petollisuus, tietty pinnallisuus arvioinneissa ja kaksinaamaisuus. Kettu silloin t\u00e4ll\u00f6in pett\u00e4\u00e4. Se ei yksinkertaisesti voi kuvitella itse\u00e4\u00e4n ilman sit\u00e4.<br \/>\nKettu toteemina opettaa havaitsemaan visuaalista tietoa, pit\u00e4en sit\u00e4 \u00e4\u00e4nt\u00e4 tai jotain muuta parempana. Kettu opettaa my\u00f6s pysym\u00e4\u00e4n varjoissa toistaiseksi, olemaan n\u00e4kym\u00e4t\u00f6n, olemaan loistamatta ja olemaan er\u00e4\u00e4nlainen harmaa eminenssi. Kettu-toteemi voi suojella sinua ovelilta, ketterilt\u00e4 ja ylimielisilt\u00e4 ihmisilt\u00e4, jotka vain haluavat k\u00e4ytt\u00e4\u00e4 sinua hyv\u00e4kseen eiv\u00e4tk\u00e4 anna mit\u00e4\u00e4n vastineeksi. Kettu ei koskaan anna sinun &#8221;pyyhki\u00e4 jalkojasi&#8221; siihen. Kettu tunnistaa helposti muiden todelliset aikeet, jolloin se varoittaa vaarasta. Kettu-ihmiset ratkaisevat helposti kaikki ongelmat eiv\u00e4tk\u00e4 pelk\u00e4\u00e4 osallistua riskialttiisiin hankkeisiin.<br \/>\nKettu-toteemi on maailmojen ja todellisuuksien matkaaja. Se antaa kyvyn n\u00e4hd\u00e4 toinen maailma ja kommunikoida henkien kanssa. Ja ketun h\u00e4nt\u00e4, joka auttaa t\u00e4t\u00e4 el\u00e4int\u00e4 s\u00e4ilytt\u00e4m\u00e4\u00e4n tasapainonsa mets\u00e4st\u00e4ess\u00e4, antaa sinulle kyvyn nopeasti j\u00e4rjest\u00e4\u00e4 el\u00e4m\u00e4ss\u00e4si kaiken sen, mik\u00e4 uskaltaa menn\u00e4 pieleen. Kettu opettaa my\u00f6s olemaan joustava, arvioimaan kaikki mahdolliset tapahtumien lopputulokset ennen mink\u00e4\u00e4nlaisia eleit\u00e4.<br \/>\nJos toteemisi on kettu, sinulla on erinomaiset puhetaidot ja voit puhua sujuvasti melkein mist\u00e4 tahansa aiheesta tehden pysyv\u00e4n vaikutuksen keskustelukumppaniisi. Jos matkustat perheesi kanssa, k\u00e4\u00e4nny ketun puoleen saadaksesi apua, ja t\u00e4m\u00e4 toteemi suojelee sinua kaikilta matkan vaikeuksilta. Oletko pulassa? Kutsu kettu, niin se auttaa sinua livahtamaan pois aivan viime hetkell\u00e4. Kettu neuvoo sinua k\u00e4\u00e4nt\u00e4m\u00e4\u00e4n tilanteen eduksesi, h\u00e4mment\u00e4en kaikkia ja kaikkea, ja selviytym\u00e4\u00e4n siit\u00e4 kunnialla j\u00e4tt\u00e4en kaikki nuolemaan n\u00e4ppej\u00e4\u00e4n.<\/p>\n","protected":false},"excerpt":{"rendered":"<p>Perinteinen &#8221;Kettu&#8221;-toteemiriipus<\/p>\n<p>Sterlinghopeaa, mustattu, kullattu. K\u00e4sity\u00f6t\u00e4.<\/p>\n","protected":false},"featured_media":51888,"comment_status":"open","ping_status":"closed","template":"","meta":[],"etheme_brands":[],"product_brand":[],"product_cat":[989],"product_tag":[],"class_list":{"0":"post-51887","1":"product","2":"type-product","3":"status-publish","4":"has-post-thumbnail","6":"product_cat-kaulakorut-ja-riipukset","8":"first","9":"instock","10":"shipping-taxable","11":"purchasable","12":"product-type-simple"},"acf":[],"yoast_head":"<!-- This site is optimized with the Yoast SEO Premium plugin v26.5 (Yoast SEO v26.8) - https:\/\/yoast.com\/product\/yoast-seo-premium-wordpress\/ -->\n<title>Toteemiriipus &quot;Kettu&quot; P-8203 - Colibri jewels<\/title>\n<meta name=\"robots\" content=\"index, follow, max-snippet:-1, max-image-preview:large, max-video-preview:-1\" \/>\n<link rel=\"canonical\" href=\"https:\/\/colibri-jewels.eu\/fi\/tuote\/toteemiriipus-kettu-p-8203\/\" \/>\n<meta property=\"og:locale\" content=\"fi_FI\" \/>\n<meta property=\"og:type\" content=\"article\" \/>\n<meta property=\"og:title\" content=\"Toteemiriipus &quot;Kettu&quot; P-8203\" \/>\n<meta property=\"og:description\" content=\"Perinteinen &quot;Kettu&quot;-toteemiriipus  Sterlinghopeaa, mustattu, kullattu. K\u00e4sity\u00f6t\u00e4.\" \/>\n<meta property=\"og:url\" content=\"https:\/\/colibri-jewels.eu\/fi\/tuote\/toteemiriipus-kettu-p-8203\/\" \/>\n<meta property=\"og:site_name\" content=\"Colibri jewels\" \/>\n<meta property=\"article:publisher\" content=\"https:\/\/www.facebook.com\/colibri.jewels\" \/>\n<meta property=\"article:modified_time\" content=\"2025-05-25T20:04:55+00:00\" \/>\n<meta property=\"og:image\" content=\"https:\/\/colibri-jewels.eu\/wp-content\/uploads\/2024\/04\/silver-totem-pendant-fox-P-8203.jpg\" \/>\n\t<meta property=\"og:image:width\" content=\"1000\" \/>\n\t<meta property=\"og:image:height\" content=\"1000\" \/>\n\t<meta property=\"og:image:type\" content=\"image\/jpeg\" \/>\n<meta name=\"twitter:card\" content=\"summary_large_image\" \/>\n<meta name=\"twitter:label1\" content=\"Arvioitu lukuaika\" \/>\n\t<meta name=\"twitter:data1\" content=\"3 minuutti\" \/>\n<script type=\"application\/ld+json\" class=\"yoast-schema-graph\">{\"@context\":\"https:\/\/schema.org\",\"@graph\":[{\"@type\":\"WebPage\",\"@id\":\"https:\/\/colibri-jewels.eu\/fi\/tuote\/toteemiriipus-kettu-p-8203\/\",\"url\":\"https:\/\/colibri-jewels.eu\/fi\/tuote\/toteemiriipus-kettu-p-8203\/\",\"name\":\"Toteemiriipus \\\"Kettu\\\" P-8203 - Colibri jewels\",\"isPartOf\":{\"@id\":\"https:\/\/colibri-jewels.eu\/fi\/#website\"},\"primaryImageOfPage\":{\"@id\":\"https:\/\/colibri-jewels.eu\/fi\/tuote\/toteemiriipus-kettu-p-8203\/#primaryimage\"},\"image\":{\"@id\":\"https:\/\/colibri-jewels.eu\/fi\/tuote\/toteemiriipus-kettu-p-8203\/#primaryimage\"},\"thumbnailUrl\":\"https:\/\/colibri-jewels.eu\/wp-content\/uploads\/2024\/04\/silver-totem-pendant-fox-P-8203.jpg\",\"datePublished\":\"2024-04-01T15:16:51+00:00\",\"dateModified\":\"2025-05-25T20:04:55+00:00\",\"breadcrumb\":{\"@id\":\"https:\/\/colibri-jewels.eu\/fi\/tuote\/toteemiriipus-kettu-p-8203\/#breadcrumb\"},\"inLanguage\":\"fi\",\"potentialAction\":[{\"@type\":\"ReadAction\",\"target\":[\"https:\/\/colibri-jewels.eu\/fi\/tuote\/toteemiriipus-kettu-p-8203\/\"]}]},{\"@type\":\"ImageObject\",\"inLanguage\":\"fi\",\"@id\":\"https:\/\/colibri-jewels.eu\/fi\/tuote\/toteemiriipus-kettu-p-8203\/#primaryimage\",\"url\":\"https:\/\/colibri-jewels.eu\/wp-content\/uploads\/2024\/04\/silver-totem-pendant-fox-P-8203.jpg\",\"contentUrl\":\"https:\/\/colibri-jewels.eu\/wp-content\/uploads\/2024\/04\/silver-totem-pendant-fox-P-8203.jpg\",\"width\":1000,\"height\":1000},{\"@type\":\"BreadcrumbList\",\"@id\":\"https:\/\/colibri-jewels.eu\/fi\/tuote\/toteemiriipus-kettu-p-8203\/#breadcrumb\",\"itemListElement\":[{\"@type\":\"ListItem\",\"position\":1,\"name\":\"\u0413\u043b\u0430\u0432\u043d\u0430\u044f \u0441\u0442\u0440\u0430\u043d\u0438\u0446\u0430\",\"item\":\"https:\/\/colibri-jewels.eu\/fi\/\"},{\"@type\":\"ListItem\",\"position\":2,\"name\":\"Kauppa\",\"item\":\"https:\/\/colibri-jewels.eu\/fi\/kauppa\/\"},{\"@type\":\"ListItem\",\"position\":3,\"name\":\"Toteemiriipus &#8220;Kettu&#8221; P-8203\"}]},{\"@type\":\"WebSite\",\"@id\":\"https:\/\/colibri-jewels.eu\/fi\/#website\",\"url\":\"https:\/\/colibri-jewels.eu\/fi\/\",\"name\":\"Colibri jewels\",\"description\":\"jewelry shop\",\"publisher\":{\"@id\":\"https:\/\/colibri-jewels.eu\/fi\/#organization\"},\"potentialAction\":[{\"@type\":\"SearchAction\",\"target\":{\"@type\":\"EntryPoint\",\"urlTemplate\":\"https:\/\/colibri-jewels.eu\/fi\/?s={search_term_string}\"},\"query-input\":{\"@type\":\"PropertyValueSpecification\",\"valueRequired\":true,\"valueName\":\"search_term_string\"}}],\"inLanguage\":\"fi\"},{\"@type\":\"Organization\",\"@id\":\"https:\/\/colibri-jewels.eu\/fi\/#organization\",\"name\":\"O\u00dc Colibri\",\"url\":\"https:\/\/colibri-jewels.eu\/fi\/\",\"logo\":{\"@type\":\"ImageObject\",\"inLanguage\":\"fi\",\"@id\":\"https:\/\/colibri-jewels.eu\/fi\/#\/schema\/logo\/image\/\",\"url\":\"https:\/\/dev.colibri-jewels.eu\/wp-content\/uploads\/2021\/03\/colibri.png\",\"contentUrl\":\"https:\/\/dev.colibri-jewels.eu\/wp-content\/uploads\/2021\/03\/colibri.png\",\"width\":227,\"height\":130,\"caption\":\"O\u00dc Colibri\"},\"image\":{\"@id\":\"https:\/\/colibri-jewels.eu\/fi\/#\/schema\/logo\/image\/\"},\"sameAs\":[\"https:\/\/www.facebook.com\/colibri.jewels\",\"https:\/\/www.instagram.com\/colibri.jewels\",\"https:\/\/www.tiktok.com\/colibri.jewels\"]}]}<\/script>\n<!-- \/ Yoast SEO Premium plugin. -->","yoast_head_json":{"title":"Toteemiriipus \"Kettu\" P-8203 - Colibri jewels","robots":{"index":"index","follow":"follow","max-snippet":"max-snippet:-1","max-image-preview":"max-image-preview:large","max-video-preview":"max-video-preview:-1"},"canonical":"https:\/\/colibri-jewels.eu\/fi\/tuote\/toteemiriipus-kettu-p-8203\/","og_locale":"fi_FI","og_type":"article","og_title":"Toteemiriipus \"Kettu\" P-8203","og_description":"Perinteinen \"Kettu\"-toteemiriipus  Sterlinghopeaa, mustattu, kullattu. K\u00e4sity\u00f6t\u00e4.","og_url":"https:\/\/colibri-jewels.eu\/fi\/tuote\/toteemiriipus-kettu-p-8203\/","og_site_name":"Colibri jewels","article_publisher":"https:\/\/www.facebook.com\/colibri.jewels","article_modified_time":"2025-05-25T20:04:55+00:00","og_image":[{"width":1000,"height":1000,"url":"https:\/\/colibri-jewels.eu\/wp-content\/uploads\/2024\/04\/silver-totem-pendant-fox-P-8203.jpg","type":"image\/jpeg"}],"twitter_card":"summary_large_image","twitter_misc":{"Arvioitu lukuaika":"3 minuutti"},"schema":{"@context":"https:\/\/schema.org","@graph":[{"@type":"WebPage","@id":"https:\/\/colibri-jewels.eu\/fi\/tuote\/toteemiriipus-kettu-p-8203\/","url":"https:\/\/colibri-jewels.eu\/fi\/tuote\/toteemiriipus-kettu-p-8203\/","name":"Toteemiriipus \"Kettu\" P-8203 - Colibri jewels","isPartOf":{"@id":"https:\/\/colibri-jewels.eu\/fi\/#website"},"primaryImageOfPage":{"@id":"https:\/\/colibri-jewels.eu\/fi\/tuote\/toteemiriipus-kettu-p-8203\/#primaryimage"},"image":{"@id":"https:\/\/colibri-jewels.eu\/fi\/tuote\/toteemiriipus-kettu-p-8203\/#primaryimage"},"thumbnailUrl":"https:\/\/colibri-jewels.eu\/wp-content\/uploads\/2024\/04\/silver-totem-pendant-fox-P-8203.jpg","datePublished":"2024-04-01T15:16:51+00:00","dateModified":"2025-05-25T20:04:55+00:00","breadcrumb":{"@id":"https:\/\/colibri-jewels.eu\/fi\/tuote\/toteemiriipus-kettu-p-8203\/#breadcrumb"},"inLanguage":"fi","potentialAction":[{"@type":"ReadAction","target":["https:\/\/colibri-jewels.eu\/fi\/tuote\/toteemiriipus-kettu-p-8203\/"]}]},{"@type":"ImageObject","inLanguage":"fi","@id":"https:\/\/colibri-jewels.eu\/fi\/tuote\/toteemiriipus-kettu-p-8203\/#primaryimage","url":"https:\/\/colibri-jewels.eu\/wp-content\/uploads\/2024\/04\/silver-totem-pendant-fox-P-8203.jpg","contentUrl":"https:\/\/colibri-jewels.eu\/wp-content\/uploads\/2024\/04\/silver-totem-pendant-fox-P-8203.jpg","width":1000,"height":1000},{"@type":"BreadcrumbList","@id":"https:\/\/colibri-jewels.eu\/fi\/tuote\/toteemiriipus-kettu-p-8203\/#breadcrumb","itemListElement":[{"@type":"ListItem","position":1,"name":"\u0413\u043b\u0430\u0432\u043d\u0430\u044f \u0441\u0442\u0440\u0430\u043d\u0438\u0446\u0430","item":"https:\/\/colibri-jewels.eu\/fi\/"},{"@type":"ListItem","position":2,"name":"Kauppa","item":"https:\/\/colibri-jewels.eu\/fi\/kauppa\/"},{"@type":"ListItem","position":3,"name":"Toteemiriipus &#8220;Kettu&#8221; P-8203"}]},{"@type":"WebSite","@id":"https:\/\/colibri-jewels.eu\/fi\/#website","url":"https:\/\/colibri-jewels.eu\/fi\/","name":"Colibri jewels","description":"jewelry shop","publisher":{"@id":"https:\/\/colibri-jewels.eu\/fi\/#organization"},"potentialAction":[{"@type":"SearchAction","target":{"@type":"EntryPoint","urlTemplate":"https:\/\/colibri-jewels.eu\/fi\/?s={search_term_string}"},"query-input":{"@type":"PropertyValueSpecification","valueRequired":true,"valueName":"search_term_string"}}],"inLanguage":"fi"},{"@type":"Organization","@id":"https:\/\/colibri-jewels.eu\/fi\/#organization","name":"O\u00dc Colibri","url":"https:\/\/colibri-jewels.eu\/fi\/","logo":{"@type":"ImageObject","inLanguage":"fi","@id":"https:\/\/colibri-jewels.eu\/fi\/#\/schema\/logo\/image\/","url":"https:\/\/dev.colibri-jewels.eu\/wp-content\/uploads\/2021\/03\/colibri.png","contentUrl":"https:\/\/dev.colibri-jewels.eu\/wp-content\/uploads\/2021\/03\/colibri.png","width":227,"height":130,"caption":"O\u00dc Colibri"},"image":{"@id":"https:\/\/colibri-jewels.eu\/fi\/#\/schema\/logo\/image\/"},"sameAs":["https:\/\/www.facebook.com\/colibri.jewels","https:\/\/www.instagram.com\/colibri.jewels","https:\/\/www.tiktok.com\/colibri.jewels"]}]}},"_links":{"self":[{"href":"https:\/\/colibri-jewels.eu\/fi\/wp-json\/wp\/v2\/product\/51887","targetHints":{"allow":["GET"]}}],"collection":[{"href":"https:\/\/colibri-jewels.eu\/fi\/wp-json\/wp\/v2\/product"}],"about":[{"href":"https:\/\/colibri-jewels.eu\/fi\/wp-json\/wp\/v2\/types\/product"}],"replies":[{"embeddable":true,"href":"https:\/\/colibri-jewels.eu\/fi\/wp-json\/wp\/v2\/comments?post=51887"}],"version-history":[{"count":0,"href":"https:\/\/colibri-jewels.eu\/fi\/wp-json\/wp\/v2\/product\/51887\/revisions"}],"wp:featuredmedia":[{"embeddable":true,"href":"https:\/\/colibri-jewels.eu\/fi\/wp-json\/wp\/v2\/media\/51888"}],"wp:attachment":[{"href":"https:\/\/colibri-jewels.eu\/fi\/wp-json\/wp\/v2\/media?parent=51887"}],"wp:term":[{"taxonomy":"brand","embeddable":true,"href":"https:\/\/colibri-jewels.eu\/fi\/wp-json\/wp\/v2\/etheme_brands?post=51887"},{"taxonomy":"product_brand","embeddable":true,"href":"https:\/\/colibri-jewels.eu\/fi\/wp-json\/wp\/v2\/product_brand?post=51887"},{"taxonomy":"product_cat","embeddable":true,"href":"https:\/\/colibri-jewels.eu\/fi\/wp-json\/wp\/v2\/product_cat?post=51887"},{"taxonomy":"product_tag","embeddable":true,"href":"https:\/\/colibri-jewels.eu\/fi\/wp-json\/wp\/v2\/product_tag?post=51887"}],"curies":[{"name":"wp","href":"https:\/\/api.w.org\/{rel}","templated":true}]}}