{"id":51916,"date":"2024-03-23T22:40:33","date_gmt":"2024-03-23T20:40:33","guid":{"rendered":"https:\/\/colibri-jewels.eu\/?post_type=product&#038;p=51916"},"modified":"2025-05-25T23:06:55","modified_gmt":"2025-05-25T20:06:55","slug":"kultainen-irlantilaistyylinen-sormus-ja-peridootti-jalokivi-r-8252","status":"publish","type":"product","link":"https:\/\/colibri-jewels.eu\/fi\/tuote\/kultainen-irlantilaistyylinen-sormus-ja-peridootti-jalokivi-r-8252\/","title":{"rendered":"Kultainen irlantilaistyylinen sormus ja peridootti-jalokivi R-8252"},"content":{"rendered":"<p>Koristele itsesi t\u00e4m\u00e4n hienon kultaisen sormuksen eleganssilla, jossa on lumoava peridootti-jalokivi, joka vangitsee luonnon kauneuden olemuksen. Peridotin eloisa vihre\u00e4 s\u00e4vy muistuttaa Irlannin lumoavia maisemia tarjoten ripauksen mystiikkaa ja vieh\u00e4tyst\u00e4. Monimutkaisesti suunniteltu sormus on koristeltu ikonisella triquetra-symbolilla, kelttil\u00e4isell\u00e4 vieh\u00e4tyksell\u00e4, joka kietoo yhteen irlantilaisen legendan ja taiteellisuuden.<\/p>\n<p>Triquetra, joka tunnetaan my\u00f6s kolminaisuussolmuna, sis\u00e4lt\u00e4\u00e4 syv\u00e4\u00e4 merkityst\u00e4 kelttil\u00e4isess\u00e4 kulttuurissa. Se edustaa kolmen erillisen mutta toisiinsa liittyv\u00e4n kokonaisuuden vuorovaikutusta \u2013 usein tulkittuna maana, meren\u00e4 ja taivaana tai el\u00e4m\u00e4n\u00e4, kuolemana ja uudestisyntymisen\u00e4. Nykyaikana se on alkanut symboloida my\u00f6s rakkautta, kunniaa ja suojaa, mik\u00e4 tekee t\u00e4st\u00e4 sormuksesta muutakin kuin pelk\u00e4n korun, syvempien tunteiden merkin.<\/p>\n<p>Jokainen t\u00e4m\u00e4n kultaisen mestariteoksen kaarre ja kierre kertoo tarinaa; se on irlantilaisen perinn\u00f6n tunnus, johon on yhdistetty nykyaikaista k\u00e4sity\u00f6taitoa. Peridotin \u2013 jonka uskotaan tuovan onnea ja rauhaa \u2013 yhdist\u00e4minen muinaiseen Triquetra-symboliin luo mystiikan auraa kantajansa ymp\u00e4rille.<\/p>\n<p>T\u00e4m\u00e4 sormus ei ole vain asuste; se on el\u00e4mys \u2013 matka irlantilaisiin legendoihin, jossa jokainen vilkaisu sen kimaltelevaan peridoottiin tuo sinut l\u00e4hemm\u00e4s kasteen peitt\u00e4mi\u00e4 kumpuilevia kukkuloita aamun pehme\u00e4ss\u00e4 hehkussa. Se on enemm\u00e4n kuin koru; se on kullalla kudottu tarina \u2013 vuosisatojen l\u00e4pi kerrottu satu, joka l\u00f6yt\u00e4\u00e4 paikkansa nykymaailmassa.<\/p>\n","protected":false},"excerpt":{"rendered":"<p>Keltaista kultaa 14 kt.<\/p>\n<p>Peridootti 0,55 ct (6*4 mm).<\/p>\n<p>Sormuksen paino 2,17 g.<\/p>\n","protected":false},"featured_media":51879,"comment_status":"open","ping_status":"closed","template":"","meta":[],"etheme_brands":[],"product_brand":[],"product_cat":[990],"product_tag":[],"class_list":{"0":"post-51916","1":"product","2":"type-product","3":"status-publish","4":"has-post-thumbnail","6":"product_cat-sormukset","8":"first","9":"instock","10":"shipping-taxable","11":"purchasable","12":"product-type-simple"},"acf":[],"yoast_head":"<!-- This site is optimized with the Yoast SEO Premium plugin v26.5 (Yoast SEO v26.8) - https:\/\/yoast.com\/product\/yoast-seo-premium-wordpress\/ -->\n<title>Kultainen irlantilaistyylinen sormus ja peridootti-jalokivi R-8252 - Colibri jewels<\/title>\n<meta name=\"robots\" content=\"index, follow, max-snippet:-1, max-image-preview:large, max-video-preview:-1\" \/>\n<link rel=\"canonical\" href=\"https:\/\/colibri-jewels.eu\/fi\/tuote\/kultainen-irlantilaistyylinen-sormus-ja-peridootti-jalokivi-r-8252\/\" \/>\n<meta property=\"og:locale\" content=\"fi_FI\" \/>\n<meta property=\"og:type\" content=\"article\" \/>\n<meta property=\"og:title\" content=\"Kultainen irlantilaistyylinen sormus ja peridootti-jalokivi R-8252\" \/>\n<meta property=\"og:description\" content=\"Keltaista kultaa 14 kt.  Peridootti 0,55 ct (6*4 mm).  Sormuksen paino 2,17 g.\" \/>\n<meta property=\"og:url\" content=\"https:\/\/colibri-jewels.eu\/fi\/tuote\/kultainen-irlantilaistyylinen-sormus-ja-peridootti-jalokivi-r-8252\/\" \/>\n<meta property=\"og:site_name\" content=\"Colibri jewels\" \/>\n<meta property=\"article:publisher\" content=\"https:\/\/www.facebook.com\/colibri.jewels\" \/>\n<meta property=\"article:modified_time\" content=\"2025-05-25T20:06:55+00:00\" \/>\n<meta property=\"og:image\" content=\"https:\/\/colibri-jewels.eu\/wp-content\/uploads\/2023\/10\/golden-ring-with-Triquetra-peridot-oval-R-8252.jpg\" \/>\n\t<meta property=\"og:image:width\" content=\"1000\" \/>\n\t<meta property=\"og:image:height\" content=\"1000\" \/>\n\t<meta property=\"og:image:type\" content=\"image\/jpeg\" \/>\n<meta name=\"twitter:card\" content=\"summary_large_image\" \/>\n<meta name=\"twitter:label1\" content=\"Arvioitu lukuaika\" \/>\n\t<meta name=\"twitter:data1\" content=\"1 minuutti\" \/>\n<script type=\"application\/ld+json\" class=\"yoast-schema-graph\">{\"@context\":\"https:\/\/schema.org\",\"@graph\":[{\"@type\":\"WebPage\",\"@id\":\"https:\/\/colibri-jewels.eu\/fi\/tuote\/kultainen-irlantilaistyylinen-sormus-ja-peridootti-jalokivi-r-8252\/\",\"url\":\"https:\/\/colibri-jewels.eu\/fi\/tuote\/kultainen-irlantilaistyylinen-sormus-ja-peridootti-jalokivi-r-8252\/\",\"name\":\"Kultainen irlantilaistyylinen sormus ja peridootti-jalokivi R-8252 - Colibri jewels\",\"isPartOf\":{\"@id\":\"https:\/\/colibri-jewels.eu\/fi\/#website\"},\"primaryImageOfPage\":{\"@id\":\"https:\/\/colibri-jewels.eu\/fi\/tuote\/kultainen-irlantilaistyylinen-sormus-ja-peridootti-jalokivi-r-8252\/#primaryimage\"},\"image\":{\"@id\":\"https:\/\/colibri-jewels.eu\/fi\/tuote\/kultainen-irlantilaistyylinen-sormus-ja-peridootti-jalokivi-r-8252\/#primaryimage\"},\"thumbnailUrl\":\"https:\/\/colibri-jewels.eu\/wp-content\/uploads\/2023\/10\/golden-ring-with-Triquetra-peridot-oval-R-8252.jpg\",\"datePublished\":\"2024-03-23T20:40:33+00:00\",\"dateModified\":\"2025-05-25T20:06:55+00:00\",\"breadcrumb\":{\"@id\":\"https:\/\/colibri-jewels.eu\/fi\/tuote\/kultainen-irlantilaistyylinen-sormus-ja-peridootti-jalokivi-r-8252\/#breadcrumb\"},\"inLanguage\":\"fi\",\"potentialAction\":[{\"@type\":\"ReadAction\",\"target\":[\"https:\/\/colibri-jewels.eu\/fi\/tuote\/kultainen-irlantilaistyylinen-sormus-ja-peridootti-jalokivi-r-8252\/\"]}]},{\"@type\":\"ImageObject\",\"inLanguage\":\"fi\",\"@id\":\"https:\/\/colibri-jewels.eu\/fi\/tuote\/kultainen-irlantilaistyylinen-sormus-ja-peridootti-jalokivi-r-8252\/#primaryimage\",\"url\":\"https:\/\/colibri-jewels.eu\/wp-content\/uploads\/2023\/10\/golden-ring-with-Triquetra-peridot-oval-R-8252.jpg\",\"contentUrl\":\"https:\/\/colibri-jewels.eu\/wp-content\/uploads\/2023\/10\/golden-ring-with-Triquetra-peridot-oval-R-8252.jpg\",\"width\":1000,\"height\":1000},{\"@type\":\"BreadcrumbList\",\"@id\":\"https:\/\/colibri-jewels.eu\/fi\/tuote\/kultainen-irlantilaistyylinen-sormus-ja-peridootti-jalokivi-r-8252\/#breadcrumb\",\"itemListElement\":[{\"@type\":\"ListItem\",\"position\":1,\"name\":\"\u0413\u043b\u0430\u0432\u043d\u0430\u044f \u0441\u0442\u0440\u0430\u043d\u0438\u0446\u0430\",\"item\":\"https:\/\/colibri-jewels.eu\/fi\/\"},{\"@type\":\"ListItem\",\"position\":2,\"name\":\"Kauppa\",\"item\":\"https:\/\/colibri-jewels.eu\/fi\/kauppa\/\"},{\"@type\":\"ListItem\",\"position\":3,\"name\":\"Kultainen irlantilaistyylinen sormus ja peridootti-jalokivi R-8252\"}]},{\"@type\":\"WebSite\",\"@id\":\"https:\/\/colibri-jewels.eu\/fi\/#website\",\"url\":\"https:\/\/colibri-jewels.eu\/fi\/\",\"name\":\"Colibri jewels\",\"description\":\"jewelry shop\",\"publisher\":{\"@id\":\"https:\/\/colibri-jewels.eu\/fi\/#organization\"},\"potentialAction\":[{\"@type\":\"SearchAction\",\"target\":{\"@type\":\"EntryPoint\",\"urlTemplate\":\"https:\/\/colibri-jewels.eu\/fi\/?s={search_term_string}\"},\"query-input\":{\"@type\":\"PropertyValueSpecification\",\"valueRequired\":true,\"valueName\":\"search_term_string\"}}],\"inLanguage\":\"fi\"},{\"@type\":\"Organization\",\"@id\":\"https:\/\/colibri-jewels.eu\/fi\/#organization\",\"name\":\"O\u00dc Colibri\",\"url\":\"https:\/\/colibri-jewels.eu\/fi\/\",\"logo\":{\"@type\":\"ImageObject\",\"inLanguage\":\"fi\",\"@id\":\"https:\/\/colibri-jewels.eu\/fi\/#\/schema\/logo\/image\/\",\"url\":\"https:\/\/dev.colibri-jewels.eu\/wp-content\/uploads\/2021\/03\/colibri.png\",\"contentUrl\":\"https:\/\/dev.colibri-jewels.eu\/wp-content\/uploads\/2021\/03\/colibri.png\",\"width\":227,\"height\":130,\"caption\":\"O\u00dc Colibri\"},\"image\":{\"@id\":\"https:\/\/colibri-jewels.eu\/fi\/#\/schema\/logo\/image\/\"},\"sameAs\":[\"https:\/\/www.facebook.com\/colibri.jewels\",\"https:\/\/www.instagram.com\/colibri.jewels\",\"https:\/\/www.tiktok.com\/colibri.jewels\"]}]}<\/script>\n<!-- \/ Yoast SEO Premium plugin. -->","yoast_head_json":{"title":"Kultainen irlantilaistyylinen sormus ja peridootti-jalokivi R-8252 - Colibri jewels","robots":{"index":"index","follow":"follow","max-snippet":"max-snippet:-1","max-image-preview":"max-image-preview:large","max-video-preview":"max-video-preview:-1"},"canonical":"https:\/\/colibri-jewels.eu\/fi\/tuote\/kultainen-irlantilaistyylinen-sormus-ja-peridootti-jalokivi-r-8252\/","og_locale":"fi_FI","og_type":"article","og_title":"Kultainen irlantilaistyylinen sormus ja peridootti-jalokivi R-8252","og_description":"Keltaista kultaa 14 kt.  Peridootti 0,55 ct (6*4 mm).  Sormuksen paino 2,17 g.","og_url":"https:\/\/colibri-jewels.eu\/fi\/tuote\/kultainen-irlantilaistyylinen-sormus-ja-peridootti-jalokivi-r-8252\/","og_site_name":"Colibri jewels","article_publisher":"https:\/\/www.facebook.com\/colibri.jewels","article_modified_time":"2025-05-25T20:06:55+00:00","og_image":[{"width":1000,"height":1000,"url":"https:\/\/colibri-jewels.eu\/wp-content\/uploads\/2023\/10\/golden-ring-with-Triquetra-peridot-oval-R-8252.jpg","type":"image\/jpeg"}],"twitter_card":"summary_large_image","twitter_misc":{"Arvioitu lukuaika":"1 minuutti"},"schema":{"@context":"https:\/\/schema.org","@graph":[{"@type":"WebPage","@id":"https:\/\/colibri-jewels.eu\/fi\/tuote\/kultainen-irlantilaistyylinen-sormus-ja-peridootti-jalokivi-r-8252\/","url":"https:\/\/colibri-jewels.eu\/fi\/tuote\/kultainen-irlantilaistyylinen-sormus-ja-peridootti-jalokivi-r-8252\/","name":"Kultainen irlantilaistyylinen sormus ja peridootti-jalokivi R-8252 - Colibri jewels","isPartOf":{"@id":"https:\/\/colibri-jewels.eu\/fi\/#website"},"primaryImageOfPage":{"@id":"https:\/\/colibri-jewels.eu\/fi\/tuote\/kultainen-irlantilaistyylinen-sormus-ja-peridootti-jalokivi-r-8252\/#primaryimage"},"image":{"@id":"https:\/\/colibri-jewels.eu\/fi\/tuote\/kultainen-irlantilaistyylinen-sormus-ja-peridootti-jalokivi-r-8252\/#primaryimage"},"thumbnailUrl":"https:\/\/colibri-jewels.eu\/wp-content\/uploads\/2023\/10\/golden-ring-with-Triquetra-peridot-oval-R-8252.jpg","datePublished":"2024-03-23T20:40:33+00:00","dateModified":"2025-05-25T20:06:55+00:00","breadcrumb":{"@id":"https:\/\/colibri-jewels.eu\/fi\/tuote\/kultainen-irlantilaistyylinen-sormus-ja-peridootti-jalokivi-r-8252\/#breadcrumb"},"inLanguage":"fi","potentialAction":[{"@type":"ReadAction","target":["https:\/\/colibri-jewels.eu\/fi\/tuote\/kultainen-irlantilaistyylinen-sormus-ja-peridootti-jalokivi-r-8252\/"]}]},{"@type":"ImageObject","inLanguage":"fi","@id":"https:\/\/colibri-jewels.eu\/fi\/tuote\/kultainen-irlantilaistyylinen-sormus-ja-peridootti-jalokivi-r-8252\/#primaryimage","url":"https:\/\/colibri-jewels.eu\/wp-content\/uploads\/2023\/10\/golden-ring-with-Triquetra-peridot-oval-R-8252.jpg","contentUrl":"https:\/\/colibri-jewels.eu\/wp-content\/uploads\/2023\/10\/golden-ring-with-Triquetra-peridot-oval-R-8252.jpg","width":1000,"height":1000},{"@type":"BreadcrumbList","@id":"https:\/\/colibri-jewels.eu\/fi\/tuote\/kultainen-irlantilaistyylinen-sormus-ja-peridootti-jalokivi-r-8252\/#breadcrumb","itemListElement":[{"@type":"ListItem","position":1,"name":"\u0413\u043b\u0430\u0432\u043d\u0430\u044f \u0441\u0442\u0440\u0430\u043d\u0438\u0446\u0430","item":"https:\/\/colibri-jewels.eu\/fi\/"},{"@type":"ListItem","position":2,"name":"Kauppa","item":"https:\/\/colibri-jewels.eu\/fi\/kauppa\/"},{"@type":"ListItem","position":3,"name":"Kultainen irlantilaistyylinen sormus ja peridootti-jalokivi R-8252"}]},{"@type":"WebSite","@id":"https:\/\/colibri-jewels.eu\/fi\/#website","url":"https:\/\/colibri-jewels.eu\/fi\/","name":"Colibri jewels","description":"jewelry shop","publisher":{"@id":"https:\/\/colibri-jewels.eu\/fi\/#organization"},"potentialAction":[{"@type":"SearchAction","target":{"@type":"EntryPoint","urlTemplate":"https:\/\/colibri-jewels.eu\/fi\/?s={search_term_string}"},"query-input":{"@type":"PropertyValueSpecification","valueRequired":true,"valueName":"search_term_string"}}],"inLanguage":"fi"},{"@type":"Organization","@id":"https:\/\/colibri-jewels.eu\/fi\/#organization","name":"O\u00dc Colibri","url":"https:\/\/colibri-jewels.eu\/fi\/","logo":{"@type":"ImageObject","inLanguage":"fi","@id":"https:\/\/colibri-jewels.eu\/fi\/#\/schema\/logo\/image\/","url":"https:\/\/dev.colibri-jewels.eu\/wp-content\/uploads\/2021\/03\/colibri.png","contentUrl":"https:\/\/dev.colibri-jewels.eu\/wp-content\/uploads\/2021\/03\/colibri.png","width":227,"height":130,"caption":"O\u00dc Colibri"},"image":{"@id":"https:\/\/colibri-jewels.eu\/fi\/#\/schema\/logo\/image\/"},"sameAs":["https:\/\/www.facebook.com\/colibri.jewels","https:\/\/www.instagram.com\/colibri.jewels","https:\/\/www.tiktok.com\/colibri.jewels"]}]}},"_links":{"self":[{"href":"https:\/\/colibri-jewels.eu\/fi\/wp-json\/wp\/v2\/product\/51916","targetHints":{"allow":["GET"]}}],"collection":[{"href":"https:\/\/colibri-jewels.eu\/fi\/wp-json\/wp\/v2\/product"}],"about":[{"href":"https:\/\/colibri-jewels.eu\/fi\/wp-json\/wp\/v2\/types\/product"}],"replies":[{"embeddable":true,"href":"https:\/\/colibri-jewels.eu\/fi\/wp-json\/wp\/v2\/comments?post=51916"}],"version-history":[{"count":0,"href":"https:\/\/colibri-jewels.eu\/fi\/wp-json\/wp\/v2\/product\/51916\/revisions"}],"wp:featuredmedia":[{"embeddable":true,"href":"https:\/\/colibri-jewels.eu\/fi\/wp-json\/wp\/v2\/media\/51879"}],"wp:attachment":[{"href":"https:\/\/colibri-jewels.eu\/fi\/wp-json\/wp\/v2\/media?parent=51916"}],"wp:term":[{"taxonomy":"brand","embeddable":true,"href":"https:\/\/colibri-jewels.eu\/fi\/wp-json\/wp\/v2\/etheme_brands?post=51916"},{"taxonomy":"product_brand","embeddable":true,"href":"https:\/\/colibri-jewels.eu\/fi\/wp-json\/wp\/v2\/product_brand?post=51916"},{"taxonomy":"product_cat","embeddable":true,"href":"https:\/\/colibri-jewels.eu\/fi\/wp-json\/wp\/v2\/product_cat?post=51916"},{"taxonomy":"product_tag","embeddable":true,"href":"https:\/\/colibri-jewels.eu\/fi\/wp-json\/wp\/v2\/product_tag?post=51916"}],"curies":[{"name":"wp","href":"https:\/\/api.w.org\/{rel}","templated":true}]}}