{"id":51959,"date":"2024-03-02T20:56:52","date_gmt":"2024-03-02T18:56:52","guid":{"rendered":"https:\/\/colibri-jewels.eu\/?post_type=product&#038;p=51959"},"modified":"2025-05-25T23:09:24","modified_gmt":"2025-05-25T20:09:24","slug":"riimullinen-suojeluripustin-jaakilpi","status":"publish","type":"product","link":"https:\/\/colibri-jewels.eu\/fi\/tuote\/riimullinen-suojeluripustin-jaakilpi\/","title":{"rendered":"Riimullinen suojeluripustin &#8221;J\u00e4\u00e4kilpi&#8221;"},"content":{"rendered":"<p>J\u00c4\u00c4KILPI &#8211; Riimullinen amuletti<br \/>\nRiimukaava perustuu auringon symboliin Sonnenrad. T\u00e4m\u00e4 symboli ei kuvaa pelk\u00e4st\u00e4\u00e4n aurinkoa, vaan koko universumia, ja se tarkoittaa, ett\u00e4 pimeyden j\u00e4lkeen koittaa aina aamunkoitto. Sen kahdeksalla s\u00e4teell\u00e4 on sijoitettuna useita riimuja:  <\/p>\n<p>Isa-riimu, joka edustaa pys\u00e4ytt\u00e4mist\u00e4 ja j\u00e4\u00e4dytt\u00e4mist\u00e4 \u2013 negatiivisuuden, vahingon, pahan silm\u00e4n ja kaiken muun haitallisen vaikutuksen torjumiseksi.<\/p>\n<p>Hagalaz-riimu, joka tuhoaa negatiivisuuden.<\/p>\n<p>Turisaz-riimu, joka palauttaa negatiivisuuden takaisin l\u00e4hett\u00e4j\u00e4lleen.<\/p>\n<p>Amuletin takana on Triquetra \u2013 voimakas muinainen symboli, joka yhdist\u00e4\u00e4 el\u00e4m\u00e4\u00e4 antavat luonnon elementit, rinnakkaiset maailmat Midgardin, Asgardin ja Utgardin sek\u00e4 ihmisen kolme p\u00e4\u00e4olemusta \u2013 h\u00e4nen ruumiinsa, sielunsa ja sis\u00e4isen henkens\u00e4.<\/p>\n<p>Amuletti on valmistettu sterling-hopeasta, ja siin\u00e4 on mustaus sek\u00e4 kullanpinnoitus.<\/p>\n<p>Sterlinghopeaa<\/p>\n","protected":false},"excerpt":{"rendered":"<p>Sterlinghopeaa, mustattu, kullattu.<\/p>\n","protected":false},"featured_media":51960,"comment_status":"open","ping_status":"closed","template":"","meta":[],"etheme_brands":[],"product_brand":[],"product_cat":[989],"product_tag":[1005],"class_list":{"0":"post-51959","1":"product","2":"type-product","3":"status-publish","4":"has-post-thumbnail","6":"product_cat-kaulakorut-ja-riipukset","7":"product_tag-riimukorut","9":"first","10":"instock","11":"shipping-taxable","12":"purchasable","13":"product-type-simple"},"acf":[],"yoast_head":"<!-- This site is optimized with the Yoast SEO Premium plugin v26.5 (Yoast SEO v26.8) - https:\/\/yoast.com\/product\/yoast-seo-premium-wordpress\/ -->\n<title>Riimullinen suojeluripustin &quot;J\u00e4\u00e4kilpi&quot; - Colibri jewels<\/title>\n<meta name=\"robots\" content=\"index, follow, max-snippet:-1, max-image-preview:large, max-video-preview:-1\" \/>\n<link rel=\"canonical\" href=\"https:\/\/colibri-jewels.eu\/fi\/tuote\/riimullinen-suojeluripustin-jaakilpi\/\" \/>\n<meta property=\"og:locale\" content=\"fi_FI\" \/>\n<meta property=\"og:type\" content=\"article\" \/>\n<meta property=\"og:title\" content=\"Riimullinen suojeluripustin &quot;J\u00e4\u00e4kilpi&quot;\" \/>\n<meta property=\"og:description\" content=\"Sterlinghopeaa, mustattu, kullattu.\" \/>\n<meta property=\"og:url\" content=\"https:\/\/colibri-jewels.eu\/fi\/tuote\/riimullinen-suojeluripustin-jaakilpi\/\" \/>\n<meta property=\"og:site_name\" content=\"Colibri jewels\" \/>\n<meta property=\"article:publisher\" content=\"https:\/\/www.facebook.com\/colibri.jewels\" \/>\n<meta property=\"article:modified_time\" content=\"2025-05-25T20:09:24+00:00\" \/>\n<meta property=\"og:image\" content=\"https:\/\/colibri-jewels.eu\/wp-content\/uploads\/2024\/03\/P-8243-Ice-Shield-silver-runic-amulet.jpg\" \/>\n\t<meta property=\"og:image:width\" content=\"1000\" \/>\n\t<meta property=\"og:image:height\" content=\"1000\" \/>\n\t<meta property=\"og:image:type\" content=\"image\/jpeg\" \/>\n<meta name=\"twitter:card\" content=\"summary_large_image\" \/>\n<meta name=\"twitter:label1\" content=\"Arvioitu lukuaika\" \/>\n\t<meta name=\"twitter:data1\" content=\"1 minuutti\" \/>\n<script type=\"application\/ld+json\" class=\"yoast-schema-graph\">{\"@context\":\"https:\/\/schema.org\",\"@graph\":[{\"@type\":\"WebPage\",\"@id\":\"https:\/\/colibri-jewels.eu\/fi\/tuote\/riimullinen-suojeluripustin-jaakilpi\/\",\"url\":\"https:\/\/colibri-jewels.eu\/fi\/tuote\/riimullinen-suojeluripustin-jaakilpi\/\",\"name\":\"Riimullinen suojeluripustin \\\"J\u00e4\u00e4kilpi\\\" - Colibri jewels\",\"isPartOf\":{\"@id\":\"https:\/\/colibri-jewels.eu\/fi\/#website\"},\"primaryImageOfPage\":{\"@id\":\"https:\/\/colibri-jewels.eu\/fi\/tuote\/riimullinen-suojeluripustin-jaakilpi\/#primaryimage\"},\"image\":{\"@id\":\"https:\/\/colibri-jewels.eu\/fi\/tuote\/riimullinen-suojeluripustin-jaakilpi\/#primaryimage\"},\"thumbnailUrl\":\"https:\/\/colibri-jewels.eu\/wp-content\/uploads\/2024\/03\/P-8243-Ice-Shield-silver-runic-amulet.jpg\",\"datePublished\":\"2024-03-02T18:56:52+00:00\",\"dateModified\":\"2025-05-25T20:09:24+00:00\",\"breadcrumb\":{\"@id\":\"https:\/\/colibri-jewels.eu\/fi\/tuote\/riimullinen-suojeluripustin-jaakilpi\/#breadcrumb\"},\"inLanguage\":\"fi\",\"potentialAction\":[{\"@type\":\"ReadAction\",\"target\":[\"https:\/\/colibri-jewels.eu\/fi\/tuote\/riimullinen-suojeluripustin-jaakilpi\/\"]}]},{\"@type\":\"ImageObject\",\"inLanguage\":\"fi\",\"@id\":\"https:\/\/colibri-jewels.eu\/fi\/tuote\/riimullinen-suojeluripustin-jaakilpi\/#primaryimage\",\"url\":\"https:\/\/colibri-jewels.eu\/wp-content\/uploads\/2024\/03\/P-8243-Ice-Shield-silver-runic-amulet.jpg\",\"contentUrl\":\"https:\/\/colibri-jewels.eu\/wp-content\/uploads\/2024\/03\/P-8243-Ice-Shield-silver-runic-amulet.jpg\",\"width\":1000,\"height\":1000},{\"@type\":\"BreadcrumbList\",\"@id\":\"https:\/\/colibri-jewels.eu\/fi\/tuote\/riimullinen-suojeluripustin-jaakilpi\/#breadcrumb\",\"itemListElement\":[{\"@type\":\"ListItem\",\"position\":1,\"name\":\"\u0413\u043b\u0430\u0432\u043d\u0430\u044f \u0441\u0442\u0440\u0430\u043d\u0438\u0446\u0430\",\"item\":\"https:\/\/colibri-jewels.eu\/fi\/\"},{\"@type\":\"ListItem\",\"position\":2,\"name\":\"Kauppa\",\"item\":\"https:\/\/colibri-jewels.eu\/fi\/kauppa\/\"},{\"@type\":\"ListItem\",\"position\":3,\"name\":\"Riimullinen suojeluripustin &#8220;J\u00e4\u00e4kilpi&#8221;\"}]},{\"@type\":\"WebSite\",\"@id\":\"https:\/\/colibri-jewels.eu\/fi\/#website\",\"url\":\"https:\/\/colibri-jewels.eu\/fi\/\",\"name\":\"Colibri jewels\",\"description\":\"jewelry shop\",\"publisher\":{\"@id\":\"https:\/\/colibri-jewels.eu\/fi\/#organization\"},\"potentialAction\":[{\"@type\":\"SearchAction\",\"target\":{\"@type\":\"EntryPoint\",\"urlTemplate\":\"https:\/\/colibri-jewels.eu\/fi\/?s={search_term_string}\"},\"query-input\":{\"@type\":\"PropertyValueSpecification\",\"valueRequired\":true,\"valueName\":\"search_term_string\"}}],\"inLanguage\":\"fi\"},{\"@type\":\"Organization\",\"@id\":\"https:\/\/colibri-jewels.eu\/fi\/#organization\",\"name\":\"O\u00dc Colibri\",\"url\":\"https:\/\/colibri-jewels.eu\/fi\/\",\"logo\":{\"@type\":\"ImageObject\",\"inLanguage\":\"fi\",\"@id\":\"https:\/\/colibri-jewels.eu\/fi\/#\/schema\/logo\/image\/\",\"url\":\"https:\/\/dev.colibri-jewels.eu\/wp-content\/uploads\/2021\/03\/colibri.png\",\"contentUrl\":\"https:\/\/dev.colibri-jewels.eu\/wp-content\/uploads\/2021\/03\/colibri.png\",\"width\":227,\"height\":130,\"caption\":\"O\u00dc Colibri\"},\"image\":{\"@id\":\"https:\/\/colibri-jewels.eu\/fi\/#\/schema\/logo\/image\/\"},\"sameAs\":[\"https:\/\/www.facebook.com\/colibri.jewels\",\"https:\/\/www.instagram.com\/colibri.jewels\",\"https:\/\/www.tiktok.com\/colibri.jewels\"]}]}<\/script>\n<!-- \/ Yoast SEO Premium plugin. -->","yoast_head_json":{"title":"Riimullinen suojeluripustin \"J\u00e4\u00e4kilpi\" - Colibri jewels","robots":{"index":"index","follow":"follow","max-snippet":"max-snippet:-1","max-image-preview":"max-image-preview:large","max-video-preview":"max-video-preview:-1"},"canonical":"https:\/\/colibri-jewels.eu\/fi\/tuote\/riimullinen-suojeluripustin-jaakilpi\/","og_locale":"fi_FI","og_type":"article","og_title":"Riimullinen suojeluripustin \"J\u00e4\u00e4kilpi\"","og_description":"Sterlinghopeaa, mustattu, kullattu.","og_url":"https:\/\/colibri-jewels.eu\/fi\/tuote\/riimullinen-suojeluripustin-jaakilpi\/","og_site_name":"Colibri jewels","article_publisher":"https:\/\/www.facebook.com\/colibri.jewels","article_modified_time":"2025-05-25T20:09:24+00:00","og_image":[{"width":1000,"height":1000,"url":"https:\/\/colibri-jewels.eu\/wp-content\/uploads\/2024\/03\/P-8243-Ice-Shield-silver-runic-amulet.jpg","type":"image\/jpeg"}],"twitter_card":"summary_large_image","twitter_misc":{"Arvioitu lukuaika":"1 minuutti"},"schema":{"@context":"https:\/\/schema.org","@graph":[{"@type":"WebPage","@id":"https:\/\/colibri-jewels.eu\/fi\/tuote\/riimullinen-suojeluripustin-jaakilpi\/","url":"https:\/\/colibri-jewels.eu\/fi\/tuote\/riimullinen-suojeluripustin-jaakilpi\/","name":"Riimullinen suojeluripustin \"J\u00e4\u00e4kilpi\" - Colibri jewels","isPartOf":{"@id":"https:\/\/colibri-jewels.eu\/fi\/#website"},"primaryImageOfPage":{"@id":"https:\/\/colibri-jewels.eu\/fi\/tuote\/riimullinen-suojeluripustin-jaakilpi\/#primaryimage"},"image":{"@id":"https:\/\/colibri-jewels.eu\/fi\/tuote\/riimullinen-suojeluripustin-jaakilpi\/#primaryimage"},"thumbnailUrl":"https:\/\/colibri-jewels.eu\/wp-content\/uploads\/2024\/03\/P-8243-Ice-Shield-silver-runic-amulet.jpg","datePublished":"2024-03-02T18:56:52+00:00","dateModified":"2025-05-25T20:09:24+00:00","breadcrumb":{"@id":"https:\/\/colibri-jewels.eu\/fi\/tuote\/riimullinen-suojeluripustin-jaakilpi\/#breadcrumb"},"inLanguage":"fi","potentialAction":[{"@type":"ReadAction","target":["https:\/\/colibri-jewels.eu\/fi\/tuote\/riimullinen-suojeluripustin-jaakilpi\/"]}]},{"@type":"ImageObject","inLanguage":"fi","@id":"https:\/\/colibri-jewels.eu\/fi\/tuote\/riimullinen-suojeluripustin-jaakilpi\/#primaryimage","url":"https:\/\/colibri-jewels.eu\/wp-content\/uploads\/2024\/03\/P-8243-Ice-Shield-silver-runic-amulet.jpg","contentUrl":"https:\/\/colibri-jewels.eu\/wp-content\/uploads\/2024\/03\/P-8243-Ice-Shield-silver-runic-amulet.jpg","width":1000,"height":1000},{"@type":"BreadcrumbList","@id":"https:\/\/colibri-jewels.eu\/fi\/tuote\/riimullinen-suojeluripustin-jaakilpi\/#breadcrumb","itemListElement":[{"@type":"ListItem","position":1,"name":"\u0413\u043b\u0430\u0432\u043d\u0430\u044f \u0441\u0442\u0440\u0430\u043d\u0438\u0446\u0430","item":"https:\/\/colibri-jewels.eu\/fi\/"},{"@type":"ListItem","position":2,"name":"Kauppa","item":"https:\/\/colibri-jewels.eu\/fi\/kauppa\/"},{"@type":"ListItem","position":3,"name":"Riimullinen suojeluripustin &#8220;J\u00e4\u00e4kilpi&#8221;"}]},{"@type":"WebSite","@id":"https:\/\/colibri-jewels.eu\/fi\/#website","url":"https:\/\/colibri-jewels.eu\/fi\/","name":"Colibri jewels","description":"jewelry shop","publisher":{"@id":"https:\/\/colibri-jewels.eu\/fi\/#organization"},"potentialAction":[{"@type":"SearchAction","target":{"@type":"EntryPoint","urlTemplate":"https:\/\/colibri-jewels.eu\/fi\/?s={search_term_string}"},"query-input":{"@type":"PropertyValueSpecification","valueRequired":true,"valueName":"search_term_string"}}],"inLanguage":"fi"},{"@type":"Organization","@id":"https:\/\/colibri-jewels.eu\/fi\/#organization","name":"O\u00dc Colibri","url":"https:\/\/colibri-jewels.eu\/fi\/","logo":{"@type":"ImageObject","inLanguage":"fi","@id":"https:\/\/colibri-jewels.eu\/fi\/#\/schema\/logo\/image\/","url":"https:\/\/dev.colibri-jewels.eu\/wp-content\/uploads\/2021\/03\/colibri.png","contentUrl":"https:\/\/dev.colibri-jewels.eu\/wp-content\/uploads\/2021\/03\/colibri.png","width":227,"height":130,"caption":"O\u00dc Colibri"},"image":{"@id":"https:\/\/colibri-jewels.eu\/fi\/#\/schema\/logo\/image\/"},"sameAs":["https:\/\/www.facebook.com\/colibri.jewels","https:\/\/www.instagram.com\/colibri.jewels","https:\/\/www.tiktok.com\/colibri.jewels"]}]}},"_links":{"self":[{"href":"https:\/\/colibri-jewels.eu\/fi\/wp-json\/wp\/v2\/product\/51959","targetHints":{"allow":["GET"]}}],"collection":[{"href":"https:\/\/colibri-jewels.eu\/fi\/wp-json\/wp\/v2\/product"}],"about":[{"href":"https:\/\/colibri-jewels.eu\/fi\/wp-json\/wp\/v2\/types\/product"}],"replies":[{"embeddable":true,"href":"https:\/\/colibri-jewels.eu\/fi\/wp-json\/wp\/v2\/comments?post=51959"}],"version-history":[{"count":0,"href":"https:\/\/colibri-jewels.eu\/fi\/wp-json\/wp\/v2\/product\/51959\/revisions"}],"wp:featuredmedia":[{"embeddable":true,"href":"https:\/\/colibri-jewels.eu\/fi\/wp-json\/wp\/v2\/media\/51960"}],"wp:attachment":[{"href":"https:\/\/colibri-jewels.eu\/fi\/wp-json\/wp\/v2\/media?parent=51959"}],"wp:term":[{"taxonomy":"brand","embeddable":true,"href":"https:\/\/colibri-jewels.eu\/fi\/wp-json\/wp\/v2\/etheme_brands?post=51959"},{"taxonomy":"product_brand","embeddable":true,"href":"https:\/\/colibri-jewels.eu\/fi\/wp-json\/wp\/v2\/product_brand?post=51959"},{"taxonomy":"product_cat","embeddable":true,"href":"https:\/\/colibri-jewels.eu\/fi\/wp-json\/wp\/v2\/product_cat?post=51959"},{"taxonomy":"product_tag","embeddable":true,"href":"https:\/\/colibri-jewels.eu\/fi\/wp-json\/wp\/v2\/product_tag?post=51959"}],"curies":[{"name":"wp","href":"https:\/\/api.w.org\/{rel}","templated":true}]}}