{"id":52071,"date":"2024-01-31T18:27:07","date_gmt":"2024-01-31T16:27:07","guid":{"rendered":"https:\/\/colibri-jewels.eu\/?post_type=product&#038;p=52071"},"modified":"2025-05-26T18:51:20","modified_gmt":"2025-05-26T15:51:20","slug":"legendaarinen-lohikaarme-upea-hopeasormus","status":"publish","type":"product","link":"https:\/\/colibri-jewels.eu\/fi\/tuote\/legendaarinen-lohikaarme-upea-hopeasormus\/","title":{"rendered":"&#8221;Legendaarinen Lohik\u00e4\u00e4rme&#8221; upea hopeasormus"},"content":{"rendered":"<p>Lohik\u00e4\u00e4rmeit\u00e4 ymp\u00e4r\u00f6i runsaasti legendoja. Ne kuvataan usein satukirjojen roistoina, jotka vartioivat prinsessoja ja polttavat kokonaisia kaupunkeja. Joissakin kulttuureissa lohik\u00e4\u00e4rmeiden uskotaan voivan hallita s\u00e4\u00e4t\u00e4 ja tuoda myrskyj\u00e4. Lohik\u00e4\u00e4rmeet yhdistet\u00e4\u00e4n usein elementaaliseen tuleen. Tuli on tuhoava voima, mutta se on my\u00f6s uudistava ja elvytt\u00e4v\u00e4 voima. Lohik\u00e4\u00e4rmeet voidaan yhdist\u00e4\u00e4 kuolemaan ja tuhoon sek\u00e4 uudestisyntymiseen ja puhdistukseen.<\/p>\n<p>Lohik\u00e4\u00e4rme henkiel\u00e4imen\u00e4 edustaa usein voimaa, viisautta, vakaumusta, rohkeutta, uskollisuutta ja innostusta.<\/p>\n<p>Yst\u00e4v\u00e4ni tulevat usein luokseni kysym\u00e4\u00e4n neuvoa. T\u00e4m\u00e4 on yleist\u00e4 niille, joilla on lohik\u00e4\u00e4rmeenergiaa. Ihmiset tuntevat luontaista vetovoimaa viisauttasi kohtaan ja luottavat harkintakykyysi. N\u00e4et molemmat puolet jokaisesta tilanteesta ja pystyt antamaan oikeudenmukaisen arvion. Olet my\u00f6s erinomainen sovittelija, joka usein pystyy laukaisemaan j\u00e4nnittyneit\u00e4 tilanteita rauhallisella k\u00e4yt\u00f6ksell\u00e4si.<\/p>\n<p>Jos sinulla on lohik\u00e4\u00e4rme henkiel\u00e4imen\u00e4, olet \u00e4lyk\u00e4s, rohkea ja voit voittaa mink\u00e4 tahansa el\u00e4m\u00e4si esteen. Olet itsevarma ja aina valmis kaikkeen, mit\u00e4 eteesi tulee. Toiset j\u00e4tt\u00e4v\u00e4t huomaamatta asioita, jotka sin\u00e4 havaitset heti; intuitiosi ei koskaan johda sinua harhaan. Lohik\u00e4\u00e4rmeill\u00e4 on my\u00f6s suuri k\u00e4rsiv\u00e4llisyys, mik\u00e4 on v\u00e4ltt\u00e4m\u00e4t\u00f6nt\u00e4 tavoitteitasi tavoitellessa.<\/p>\n<p>Lohik\u00e4\u00e4rme on monissa kulttuureissa my\u00f6s onnen symboli. Jos sinulla on t\u00e4m\u00e4 henkiel\u00e4in, hyv\u00e4t asiat tulevat luoksesi nopeasti. Sinulla saattaa olla luontainen lahjakkuus tai kyky ansaita rahaa. Olipa miten tahansa, sinun tulisi olla kiitollinen hyv\u00e4st\u00e4 onnestasi ja k\u00e4ytt\u00e4\u00e4 sit\u00e4 muiden auttamiseen.<\/p>\n<p>Olemme luoneet t\u00e4m\u00e4n upean sormuksen lent\u00e4v\u00e4ll\u00e4 lohik\u00e4\u00e4rmeell\u00e4 voiman symbolina. Olkoon se henkil\u00f6kohtainen suojelijasi, mahtava ja onnekas. Eritt\u00e4in yksityiskohtainen, painava sormus (keskim\u00e4\u00e4r\u00e4inen paino 16-20 g). Kysy kokoasi, jos meill\u00e4 ei ole sinun kokoasi.<\/p>\n<p>&nbsp;<\/p>\n<p>&nbsp;<\/p>\n","protected":false},"excerpt":{"rendered":"<p>Sterlinghopeaa K\u00e4sity\u00f6t\u00e4<\/p>\n","protected":false},"featured_media":52072,"comment_status":"open","ping_status":"closed","template":"","meta":[],"etheme_brands":[],"product_brand":[],"product_cat":[990],"product_tag":[992,1003,999],"class_list":{"0":"post-52071","1":"product","2":"type-product","3":"status-publish","4":"has-post-thumbnail","6":"product_cat-sormukset","7":"product_tag-elainaiheiset","8":"product_tag-miesten-korut","9":"product_tag-yksinoikeudella","11":"first","12":"instock","13":"shipping-taxable","14":"purchasable","15":"product-type-variable"},"acf":[],"yoast_head":"<!-- This site is optimized with the Yoast SEO Premium plugin v26.5 (Yoast SEO v26.8) - https:\/\/yoast.com\/product\/yoast-seo-premium-wordpress\/ -->\n<title>&quot;Legendaarinen Lohik\u00e4\u00e4rme&quot; upea hopeasormus - Colibri jewels<\/title>\n<meta name=\"robots\" content=\"index, follow, max-snippet:-1, max-image-preview:large, max-video-preview:-1\" \/>\n<link rel=\"canonical\" href=\"https:\/\/colibri-jewels.eu\/fi\/tuote\/legendaarinen-lohikaarme-upea-hopeasormus\/\" \/>\n<meta property=\"og:locale\" content=\"fi_FI\" \/>\n<meta property=\"og:type\" content=\"article\" \/>\n<meta property=\"og:title\" content=\"&quot;Legendaarinen Lohik\u00e4\u00e4rme&quot; upea hopeasormus\" \/>\n<meta property=\"og:description\" content=\"Sterlinghopeaa K\u00e4sity\u00f6t\u00e4\" \/>\n<meta property=\"og:url\" content=\"https:\/\/colibri-jewels.eu\/fi\/tuote\/legendaarinen-lohikaarme-upea-hopeasormus\/\" \/>\n<meta property=\"og:site_name\" content=\"Colibri jewels\" \/>\n<meta property=\"article:publisher\" content=\"https:\/\/www.facebook.com\/colibri.jewels\" \/>\n<meta property=\"article:modified_time\" content=\"2025-05-26T15:51:20+00:00\" \/>\n<meta property=\"og:image\" content=\"https:\/\/colibri-jewels.eu\/wp-content\/uploads\/2024\/01\/sterling-silver-flying-dragon-ring-5.jpg\" \/>\n\t<meta property=\"og:image:width\" content=\"1000\" \/>\n\t<meta property=\"og:image:height\" content=\"1000\" \/>\n\t<meta property=\"og:image:type\" content=\"image\/jpeg\" \/>\n<meta name=\"twitter:card\" content=\"summary_large_image\" \/>\n<meta name=\"twitter:label1\" content=\"Arvioitu lukuaika\" \/>\n\t<meta name=\"twitter:data1\" content=\"1 minuutti\" \/>\n<script type=\"application\/ld+json\" class=\"yoast-schema-graph\">{\"@context\":\"https:\/\/schema.org\",\"@graph\":[{\"@type\":\"WebPage\",\"@id\":\"https:\/\/colibri-jewels.eu\/fi\/tuote\/legendaarinen-lohikaarme-upea-hopeasormus\/\",\"url\":\"https:\/\/colibri-jewels.eu\/fi\/tuote\/legendaarinen-lohikaarme-upea-hopeasormus\/\",\"name\":\"\\\"Legendaarinen Lohik\u00e4\u00e4rme\\\" upea hopeasormus - Colibri jewels\",\"isPartOf\":{\"@id\":\"https:\/\/colibri-jewels.eu\/fi\/#website\"},\"primaryImageOfPage\":{\"@id\":\"https:\/\/colibri-jewels.eu\/fi\/tuote\/legendaarinen-lohikaarme-upea-hopeasormus\/#primaryimage\"},\"image\":{\"@id\":\"https:\/\/colibri-jewels.eu\/fi\/tuote\/legendaarinen-lohikaarme-upea-hopeasormus\/#primaryimage\"},\"thumbnailUrl\":\"https:\/\/colibri-jewels.eu\/wp-content\/uploads\/2024\/01\/sterling-silver-flying-dragon-ring-5.jpg\",\"datePublished\":\"2024-01-31T16:27:07+00:00\",\"dateModified\":\"2025-05-26T15:51:20+00:00\",\"breadcrumb\":{\"@id\":\"https:\/\/colibri-jewels.eu\/fi\/tuote\/legendaarinen-lohikaarme-upea-hopeasormus\/#breadcrumb\"},\"inLanguage\":\"fi\",\"potentialAction\":[{\"@type\":\"ReadAction\",\"target\":[\"https:\/\/colibri-jewels.eu\/fi\/tuote\/legendaarinen-lohikaarme-upea-hopeasormus\/\"]}]},{\"@type\":\"ImageObject\",\"inLanguage\":\"fi\",\"@id\":\"https:\/\/colibri-jewels.eu\/fi\/tuote\/legendaarinen-lohikaarme-upea-hopeasormus\/#primaryimage\",\"url\":\"https:\/\/colibri-jewels.eu\/wp-content\/uploads\/2024\/01\/sterling-silver-flying-dragon-ring-5.jpg\",\"contentUrl\":\"https:\/\/colibri-jewels.eu\/wp-content\/uploads\/2024\/01\/sterling-silver-flying-dragon-ring-5.jpg\",\"width\":1000,\"height\":1000},{\"@type\":\"BreadcrumbList\",\"@id\":\"https:\/\/colibri-jewels.eu\/fi\/tuote\/legendaarinen-lohikaarme-upea-hopeasormus\/#breadcrumb\",\"itemListElement\":[{\"@type\":\"ListItem\",\"position\":1,\"name\":\"\u0413\u043b\u0430\u0432\u043d\u0430\u044f \u0441\u0442\u0440\u0430\u043d\u0438\u0446\u0430\",\"item\":\"https:\/\/colibri-jewels.eu\/fi\/\"},{\"@type\":\"ListItem\",\"position\":2,\"name\":\"Kauppa\",\"item\":\"https:\/\/colibri-jewels.eu\/fi\/kauppa\/\"},{\"@type\":\"ListItem\",\"position\":3,\"name\":\"&#8220;Legendaarinen Lohik\u00e4\u00e4rme&#8221; upea hopeasormus\"}]},{\"@type\":\"WebSite\",\"@id\":\"https:\/\/colibri-jewels.eu\/fi\/#website\",\"url\":\"https:\/\/colibri-jewels.eu\/fi\/\",\"name\":\"Colibri jewels\",\"description\":\"jewelry shop\",\"publisher\":{\"@id\":\"https:\/\/colibri-jewels.eu\/fi\/#organization\"},\"potentialAction\":[{\"@type\":\"SearchAction\",\"target\":{\"@type\":\"EntryPoint\",\"urlTemplate\":\"https:\/\/colibri-jewels.eu\/fi\/?s={search_term_string}\"},\"query-input\":{\"@type\":\"PropertyValueSpecification\",\"valueRequired\":true,\"valueName\":\"search_term_string\"}}],\"inLanguage\":\"fi\"},{\"@type\":\"Organization\",\"@id\":\"https:\/\/colibri-jewels.eu\/fi\/#organization\",\"name\":\"O\u00dc Colibri\",\"url\":\"https:\/\/colibri-jewels.eu\/fi\/\",\"logo\":{\"@type\":\"ImageObject\",\"inLanguage\":\"fi\",\"@id\":\"https:\/\/colibri-jewels.eu\/fi\/#\/schema\/logo\/image\/\",\"url\":\"https:\/\/dev.colibri-jewels.eu\/wp-content\/uploads\/2021\/03\/colibri.png\",\"contentUrl\":\"https:\/\/dev.colibri-jewels.eu\/wp-content\/uploads\/2021\/03\/colibri.png\",\"width\":227,\"height\":130,\"caption\":\"O\u00dc Colibri\"},\"image\":{\"@id\":\"https:\/\/colibri-jewels.eu\/fi\/#\/schema\/logo\/image\/\"},\"sameAs\":[\"https:\/\/www.facebook.com\/colibri.jewels\",\"https:\/\/www.instagram.com\/colibri.jewels\",\"https:\/\/www.tiktok.com\/colibri.jewels\"]}]}<\/script>\n<!-- \/ Yoast SEO Premium plugin. -->","yoast_head_json":{"title":"\"Legendaarinen Lohik\u00e4\u00e4rme\" upea hopeasormus - Colibri jewels","robots":{"index":"index","follow":"follow","max-snippet":"max-snippet:-1","max-image-preview":"max-image-preview:large","max-video-preview":"max-video-preview:-1"},"canonical":"https:\/\/colibri-jewels.eu\/fi\/tuote\/legendaarinen-lohikaarme-upea-hopeasormus\/","og_locale":"fi_FI","og_type":"article","og_title":"\"Legendaarinen Lohik\u00e4\u00e4rme\" upea hopeasormus","og_description":"Sterlinghopeaa K\u00e4sity\u00f6t\u00e4","og_url":"https:\/\/colibri-jewels.eu\/fi\/tuote\/legendaarinen-lohikaarme-upea-hopeasormus\/","og_site_name":"Colibri jewels","article_publisher":"https:\/\/www.facebook.com\/colibri.jewels","article_modified_time":"2025-05-26T15:51:20+00:00","og_image":[{"width":1000,"height":1000,"url":"https:\/\/colibri-jewels.eu\/wp-content\/uploads\/2024\/01\/sterling-silver-flying-dragon-ring-5.jpg","type":"image\/jpeg"}],"twitter_card":"summary_large_image","twitter_misc":{"Arvioitu lukuaika":"1 minuutti"},"schema":{"@context":"https:\/\/schema.org","@graph":[{"@type":"WebPage","@id":"https:\/\/colibri-jewels.eu\/fi\/tuote\/legendaarinen-lohikaarme-upea-hopeasormus\/","url":"https:\/\/colibri-jewels.eu\/fi\/tuote\/legendaarinen-lohikaarme-upea-hopeasormus\/","name":"\"Legendaarinen Lohik\u00e4\u00e4rme\" upea hopeasormus - Colibri jewels","isPartOf":{"@id":"https:\/\/colibri-jewels.eu\/fi\/#website"},"primaryImageOfPage":{"@id":"https:\/\/colibri-jewels.eu\/fi\/tuote\/legendaarinen-lohikaarme-upea-hopeasormus\/#primaryimage"},"image":{"@id":"https:\/\/colibri-jewels.eu\/fi\/tuote\/legendaarinen-lohikaarme-upea-hopeasormus\/#primaryimage"},"thumbnailUrl":"https:\/\/colibri-jewels.eu\/wp-content\/uploads\/2024\/01\/sterling-silver-flying-dragon-ring-5.jpg","datePublished":"2024-01-31T16:27:07+00:00","dateModified":"2025-05-26T15:51:20+00:00","breadcrumb":{"@id":"https:\/\/colibri-jewels.eu\/fi\/tuote\/legendaarinen-lohikaarme-upea-hopeasormus\/#breadcrumb"},"inLanguage":"fi","potentialAction":[{"@type":"ReadAction","target":["https:\/\/colibri-jewels.eu\/fi\/tuote\/legendaarinen-lohikaarme-upea-hopeasormus\/"]}]},{"@type":"ImageObject","inLanguage":"fi","@id":"https:\/\/colibri-jewels.eu\/fi\/tuote\/legendaarinen-lohikaarme-upea-hopeasormus\/#primaryimage","url":"https:\/\/colibri-jewels.eu\/wp-content\/uploads\/2024\/01\/sterling-silver-flying-dragon-ring-5.jpg","contentUrl":"https:\/\/colibri-jewels.eu\/wp-content\/uploads\/2024\/01\/sterling-silver-flying-dragon-ring-5.jpg","width":1000,"height":1000},{"@type":"BreadcrumbList","@id":"https:\/\/colibri-jewels.eu\/fi\/tuote\/legendaarinen-lohikaarme-upea-hopeasormus\/#breadcrumb","itemListElement":[{"@type":"ListItem","position":1,"name":"\u0413\u043b\u0430\u0432\u043d\u0430\u044f \u0441\u0442\u0440\u0430\u043d\u0438\u0446\u0430","item":"https:\/\/colibri-jewels.eu\/fi\/"},{"@type":"ListItem","position":2,"name":"Kauppa","item":"https:\/\/colibri-jewels.eu\/fi\/kauppa\/"},{"@type":"ListItem","position":3,"name":"&#8220;Legendaarinen Lohik\u00e4\u00e4rme&#8221; upea hopeasormus"}]},{"@type":"WebSite","@id":"https:\/\/colibri-jewels.eu\/fi\/#website","url":"https:\/\/colibri-jewels.eu\/fi\/","name":"Colibri jewels","description":"jewelry shop","publisher":{"@id":"https:\/\/colibri-jewels.eu\/fi\/#organization"},"potentialAction":[{"@type":"SearchAction","target":{"@type":"EntryPoint","urlTemplate":"https:\/\/colibri-jewels.eu\/fi\/?s={search_term_string}"},"query-input":{"@type":"PropertyValueSpecification","valueRequired":true,"valueName":"search_term_string"}}],"inLanguage":"fi"},{"@type":"Organization","@id":"https:\/\/colibri-jewels.eu\/fi\/#organization","name":"O\u00dc Colibri","url":"https:\/\/colibri-jewels.eu\/fi\/","logo":{"@type":"ImageObject","inLanguage":"fi","@id":"https:\/\/colibri-jewels.eu\/fi\/#\/schema\/logo\/image\/","url":"https:\/\/dev.colibri-jewels.eu\/wp-content\/uploads\/2021\/03\/colibri.png","contentUrl":"https:\/\/dev.colibri-jewels.eu\/wp-content\/uploads\/2021\/03\/colibri.png","width":227,"height":130,"caption":"O\u00dc Colibri"},"image":{"@id":"https:\/\/colibri-jewels.eu\/fi\/#\/schema\/logo\/image\/"},"sameAs":["https:\/\/www.facebook.com\/colibri.jewels","https:\/\/www.instagram.com\/colibri.jewels","https:\/\/www.tiktok.com\/colibri.jewels"]}]}},"_links":{"self":[{"href":"https:\/\/colibri-jewels.eu\/fi\/wp-json\/wp\/v2\/product\/52071","targetHints":{"allow":["GET"]}}],"collection":[{"href":"https:\/\/colibri-jewels.eu\/fi\/wp-json\/wp\/v2\/product"}],"about":[{"href":"https:\/\/colibri-jewels.eu\/fi\/wp-json\/wp\/v2\/types\/product"}],"replies":[{"embeddable":true,"href":"https:\/\/colibri-jewels.eu\/fi\/wp-json\/wp\/v2\/comments?post=52071"}],"version-history":[{"count":0,"href":"https:\/\/colibri-jewels.eu\/fi\/wp-json\/wp\/v2\/product\/52071\/revisions"}],"wp:featuredmedia":[{"embeddable":true,"href":"https:\/\/colibri-jewels.eu\/fi\/wp-json\/wp\/v2\/media\/52072"}],"wp:attachment":[{"href":"https:\/\/colibri-jewels.eu\/fi\/wp-json\/wp\/v2\/media?parent=52071"}],"wp:term":[{"taxonomy":"brand","embeddable":true,"href":"https:\/\/colibri-jewels.eu\/fi\/wp-json\/wp\/v2\/etheme_brands?post=52071"},{"taxonomy":"product_brand","embeddable":true,"href":"https:\/\/colibri-jewels.eu\/fi\/wp-json\/wp\/v2\/product_brand?post=52071"},{"taxonomy":"product_cat","embeddable":true,"href":"https:\/\/colibri-jewels.eu\/fi\/wp-json\/wp\/v2\/product_cat?post=52071"},{"taxonomy":"product_tag","embeddable":true,"href":"https:\/\/colibri-jewels.eu\/fi\/wp-json\/wp\/v2\/product_tag?post=52071"}],"curies":[{"name":"wp","href":"https:\/\/api.w.org\/{rel}","templated":true}]}}