{"id":52155,"date":"2024-01-10T10:29:27","date_gmt":"2024-01-10T08:29:27","guid":{"rendered":"https:\/\/colibri-jewels.eu\/?post_type=product&#038;p=52155"},"modified":"2025-05-26T23:36:55","modified_gmt":"2025-05-26T20:36:55","slug":"meditatiivinen-tanssiva-kristalli-riipus-p-7898","status":"publish","type":"product","link":"https:\/\/colibri-jewels.eu\/fi\/tuote\/meditatiivinen-tanssiva-kristalli-riipus-p-7898\/","title":{"rendered":"Meditatiivinen Tanssiva Kristalli -riipus P-7898"},"content":{"rendered":"<p>Tekij\u00e4n &#8221;tanssivat kristallit&#8221; -sarja meditaatioon ja riimukirjaimiin ty\u00f6skentelyyn. Kristallien v\u00e4rit vastaavat chakrojen v\u00e4rej\u00e4, valitse tarvitsemasi v\u00e4rin mukavuuden vuoksi keskittymiseen.<\/p>\n<p>Kristalli on kiinnitetty siten, ett\u00e4 se liikkuessa jatkuvasti &#8221;tanssii&#8221;, mik\u00e4 ohjaa siten pois tarpeetonta huomiota sen kantajan silmist\u00e4.<\/p>\n<p>Kristalli on suuri, halkaisijaltaan 10 mm, kirkas ja vastaa luonnonmineraalien v\u00e4rej\u00e4.<\/p>\n<p>T\u00e4ysi riimukehr\u00e4 ymp\u00e4r\u00f6i kristallia, ja riipuksen sivulla on Aurinkokeh\u00e4n symboli.<\/p>\n<p>Riipuksen keskim\u00e4\u00e4r\u00e4inen paino 7,5\u20138,5 g. Sterlinghopeaa, rodiumpinnoite.<\/p>\n<p>&nbsp;<\/p>\n<p>&nbsp;<\/p>\n<p>&nbsp;<\/p>\n<p>&nbsp;<\/p>\n<p>&nbsp;<\/p>\n<p>&nbsp;<\/p>\n<p>&nbsp;<\/p>\n","protected":false},"excerpt":{"rendered":"<p>Tekij\u00e4n &#8221;tanssivat kristallit&#8221; -sarja meditaatioon ja riimukirjaimiin ty\u00f6skentelyyn. Kristallien v\u00e4rit vastaavat chakrojen v\u00e4rej\u00e4, valitse tarvitsemasi v\u00e4rin mukavuuden vuoksi keskittymiseen.<\/p>\n<p>Kristalli on kiinnitetty siten, ett\u00e4 se liikkuessa jatkuvasti &#8221;tanssii&#8221;, mik\u00e4 ohjaa siten pois tarpeetonta huomiota sen kantajan silmist\u00e4.<\/p>\n<p>Kristalli on suuri, halkaisijaltaan 10 mm, kirkas ja vastaa luonnonmineraalien v\u00e4rej\u00e4.<\/p>\n<p>T\u00e4ysi riimukehr\u00e4 ymp\u00e4r\u00f6i kristallia, ja riipuksen sivulla on Aurinkokeh\u00e4n symboli.<\/p>\n<p>&nbsp;<\/p>\n","protected":false},"featured_media":52156,"comment_status":"open","ping_status":"closed","template":"","meta":[],"etheme_brands":[],"product_brand":[],"product_cat":[989],"product_tag":[1005],"class_list":{"0":"post-52155","1":"product","2":"type-product","3":"status-publish","4":"has-post-thumbnail","6":"product_cat-kaulakorut-ja-riipukset","7":"product_tag-riimukorut","9":"first","10":"instock","11":"shipping-taxable","12":"purchasable","13":"product-type-variable"},"acf":[],"yoast_head":"<!-- This site is optimized with the Yoast SEO Premium plugin v26.5 (Yoast SEO v26.8) - https:\/\/yoast.com\/product\/yoast-seo-premium-wordpress\/ -->\n<title>Meditatiivinen Tanssiva Kristalli -riipus P-7898 - Colibri jewels<\/title>\n<meta name=\"robots\" content=\"index, follow, max-snippet:-1, max-image-preview:large, max-video-preview:-1\" \/>\n<link rel=\"canonical\" href=\"https:\/\/colibri-jewels.eu\/fi\/tuote\/meditatiivinen-tanssiva-kristalli-riipus-p-7898\/\" \/>\n<meta property=\"og:locale\" content=\"fi_FI\" \/>\n<meta property=\"og:type\" content=\"article\" \/>\n<meta property=\"og:title\" content=\"Meditatiivinen Tanssiva Kristalli -riipus P-7898\" \/>\n<meta property=\"og:description\" content=\"Tekij\u00e4n &quot;tanssivat kristallit&quot; -sarja meditaatioon ja riimukirjaimiin ty\u00f6skentelyyn. Kristallien v\u00e4rit vastaavat chakrojen v\u00e4rej\u00e4, valitse tarvitsemasi v\u00e4rin mukavuuden vuoksi keskittymiseen.  Kristalli on kiinnitetty siten, ett\u00e4 se liikkuessa jatkuvasti &quot;tanssii&quot;, mik\u00e4 ohjaa siten pois tarpeetonta huomiota sen kantajan silmist\u00e4.  Kristalli on suuri, halkaisijaltaan 10 mm, kirkas ja vastaa luonnonmineraalien v\u00e4rej\u00e4.  T\u00e4ysi riimukehr\u00e4 ymp\u00e4r\u00f6i kristallia, ja riipuksen sivulla on Aurinkokeh\u00e4n symboli.  &nbsp;\" \/>\n<meta property=\"og:url\" content=\"https:\/\/colibri-jewels.eu\/fi\/tuote\/meditatiivinen-tanssiva-kristalli-riipus-p-7898\/\" \/>\n<meta property=\"og:site_name\" content=\"Colibri jewels\" \/>\n<meta property=\"article:publisher\" content=\"https:\/\/www.facebook.com\/colibri.jewels\" \/>\n<meta property=\"article:modified_time\" content=\"2025-05-26T20:36:55+00:00\" \/>\n<meta property=\"og:image\" content=\"https:\/\/colibri-jewels.eu\/wp-content\/uploads\/2021\/03\/p7898web.jpg\" \/>\n\t<meta property=\"og:image:width\" content=\"1000\" \/>\n\t<meta property=\"og:image:height\" content=\"1000\" \/>\n\t<meta property=\"og:image:type\" content=\"image\/jpeg\" \/>\n<meta name=\"twitter:card\" content=\"summary_large_image\" \/>\n<script type=\"application\/ld+json\" class=\"yoast-schema-graph\">{\"@context\":\"https:\/\/schema.org\",\"@graph\":[{\"@type\":\"WebPage\",\"@id\":\"https:\/\/colibri-jewels.eu\/fi\/tuote\/meditatiivinen-tanssiva-kristalli-riipus-p-7898\/\",\"url\":\"https:\/\/colibri-jewels.eu\/fi\/tuote\/meditatiivinen-tanssiva-kristalli-riipus-p-7898\/\",\"name\":\"Meditatiivinen Tanssiva Kristalli -riipus P-7898 - Colibri jewels\",\"isPartOf\":{\"@id\":\"https:\/\/colibri-jewels.eu\/fi\/#website\"},\"primaryImageOfPage\":{\"@id\":\"https:\/\/colibri-jewels.eu\/fi\/tuote\/meditatiivinen-tanssiva-kristalli-riipus-p-7898\/#primaryimage\"},\"image\":{\"@id\":\"https:\/\/colibri-jewels.eu\/fi\/tuote\/meditatiivinen-tanssiva-kristalli-riipus-p-7898\/#primaryimage\"},\"thumbnailUrl\":\"https:\/\/colibri-jewels.eu\/wp-content\/uploads\/2021\/03\/p7898web.jpg\",\"datePublished\":\"2024-01-10T08:29:27+00:00\",\"dateModified\":\"2025-05-26T20:36:55+00:00\",\"breadcrumb\":{\"@id\":\"https:\/\/colibri-jewels.eu\/fi\/tuote\/meditatiivinen-tanssiva-kristalli-riipus-p-7898\/#breadcrumb\"},\"inLanguage\":\"fi\",\"potentialAction\":[{\"@type\":\"ReadAction\",\"target\":[\"https:\/\/colibri-jewels.eu\/fi\/tuote\/meditatiivinen-tanssiva-kristalli-riipus-p-7898\/\"]}]},{\"@type\":\"ImageObject\",\"inLanguage\":\"fi\",\"@id\":\"https:\/\/colibri-jewels.eu\/fi\/tuote\/meditatiivinen-tanssiva-kristalli-riipus-p-7898\/#primaryimage\",\"url\":\"https:\/\/colibri-jewels.eu\/wp-content\/uploads\/2021\/03\/p7898web.jpg\",\"contentUrl\":\"https:\/\/colibri-jewels.eu\/wp-content\/uploads\/2021\/03\/p7898web.jpg\",\"width\":1000,\"height\":1000},{\"@type\":\"BreadcrumbList\",\"@id\":\"https:\/\/colibri-jewels.eu\/fi\/tuote\/meditatiivinen-tanssiva-kristalli-riipus-p-7898\/#breadcrumb\",\"itemListElement\":[{\"@type\":\"ListItem\",\"position\":1,\"name\":\"\u0413\u043b\u0430\u0432\u043d\u0430\u044f \u0441\u0442\u0440\u0430\u043d\u0438\u0446\u0430\",\"item\":\"https:\/\/colibri-jewels.eu\/fi\/\"},{\"@type\":\"ListItem\",\"position\":2,\"name\":\"Kauppa\",\"item\":\"https:\/\/colibri-jewels.eu\/fi\/kauppa\/\"},{\"@type\":\"ListItem\",\"position\":3,\"name\":\"Meditatiivinen Tanssiva Kristalli -riipus P-7898\"}]},{\"@type\":\"WebSite\",\"@id\":\"https:\/\/colibri-jewels.eu\/fi\/#website\",\"url\":\"https:\/\/colibri-jewels.eu\/fi\/\",\"name\":\"Colibri jewels\",\"description\":\"jewelry shop\",\"publisher\":{\"@id\":\"https:\/\/colibri-jewels.eu\/fi\/#organization\"},\"potentialAction\":[{\"@type\":\"SearchAction\",\"target\":{\"@type\":\"EntryPoint\",\"urlTemplate\":\"https:\/\/colibri-jewels.eu\/fi\/?s={search_term_string}\"},\"query-input\":{\"@type\":\"PropertyValueSpecification\",\"valueRequired\":true,\"valueName\":\"search_term_string\"}}],\"inLanguage\":\"fi\"},{\"@type\":\"Organization\",\"@id\":\"https:\/\/colibri-jewels.eu\/fi\/#organization\",\"name\":\"O\u00dc Colibri\",\"url\":\"https:\/\/colibri-jewels.eu\/fi\/\",\"logo\":{\"@type\":\"ImageObject\",\"inLanguage\":\"fi\",\"@id\":\"https:\/\/colibri-jewels.eu\/fi\/#\/schema\/logo\/image\/\",\"url\":\"https:\/\/dev.colibri-jewels.eu\/wp-content\/uploads\/2021\/03\/colibri.png\",\"contentUrl\":\"https:\/\/dev.colibri-jewels.eu\/wp-content\/uploads\/2021\/03\/colibri.png\",\"width\":227,\"height\":130,\"caption\":\"O\u00dc Colibri\"},\"image\":{\"@id\":\"https:\/\/colibri-jewels.eu\/fi\/#\/schema\/logo\/image\/\"},\"sameAs\":[\"https:\/\/www.facebook.com\/colibri.jewels\",\"https:\/\/www.instagram.com\/colibri.jewels\",\"https:\/\/www.tiktok.com\/colibri.jewels\"]}]}<\/script>\n<!-- \/ Yoast SEO Premium plugin. -->","yoast_head_json":{"title":"Meditatiivinen Tanssiva Kristalli -riipus P-7898 - Colibri jewels","robots":{"index":"index","follow":"follow","max-snippet":"max-snippet:-1","max-image-preview":"max-image-preview:large","max-video-preview":"max-video-preview:-1"},"canonical":"https:\/\/colibri-jewels.eu\/fi\/tuote\/meditatiivinen-tanssiva-kristalli-riipus-p-7898\/","og_locale":"fi_FI","og_type":"article","og_title":"Meditatiivinen Tanssiva Kristalli -riipus P-7898","og_description":"Tekij\u00e4n \"tanssivat kristallit\" -sarja meditaatioon ja riimukirjaimiin ty\u00f6skentelyyn. Kristallien v\u00e4rit vastaavat chakrojen v\u00e4rej\u00e4, valitse tarvitsemasi v\u00e4rin mukavuuden vuoksi keskittymiseen.  Kristalli on kiinnitetty siten, ett\u00e4 se liikkuessa jatkuvasti \"tanssii\", mik\u00e4 ohjaa siten pois tarpeetonta huomiota sen kantajan silmist\u00e4.  Kristalli on suuri, halkaisijaltaan 10 mm, kirkas ja vastaa luonnonmineraalien v\u00e4rej\u00e4.  T\u00e4ysi riimukehr\u00e4 ymp\u00e4r\u00f6i kristallia, ja riipuksen sivulla on Aurinkokeh\u00e4n symboli.  &nbsp;","og_url":"https:\/\/colibri-jewels.eu\/fi\/tuote\/meditatiivinen-tanssiva-kristalli-riipus-p-7898\/","og_site_name":"Colibri jewels","article_publisher":"https:\/\/www.facebook.com\/colibri.jewels","article_modified_time":"2025-05-26T20:36:55+00:00","og_image":[{"width":1000,"height":1000,"url":"https:\/\/colibri-jewels.eu\/wp-content\/uploads\/2021\/03\/p7898web.jpg","type":"image\/jpeg"}],"twitter_card":"summary_large_image","schema":{"@context":"https:\/\/schema.org","@graph":[{"@type":"WebPage","@id":"https:\/\/colibri-jewels.eu\/fi\/tuote\/meditatiivinen-tanssiva-kristalli-riipus-p-7898\/","url":"https:\/\/colibri-jewels.eu\/fi\/tuote\/meditatiivinen-tanssiva-kristalli-riipus-p-7898\/","name":"Meditatiivinen Tanssiva Kristalli -riipus P-7898 - Colibri jewels","isPartOf":{"@id":"https:\/\/colibri-jewels.eu\/fi\/#website"},"primaryImageOfPage":{"@id":"https:\/\/colibri-jewels.eu\/fi\/tuote\/meditatiivinen-tanssiva-kristalli-riipus-p-7898\/#primaryimage"},"image":{"@id":"https:\/\/colibri-jewels.eu\/fi\/tuote\/meditatiivinen-tanssiva-kristalli-riipus-p-7898\/#primaryimage"},"thumbnailUrl":"https:\/\/colibri-jewels.eu\/wp-content\/uploads\/2021\/03\/p7898web.jpg","datePublished":"2024-01-10T08:29:27+00:00","dateModified":"2025-05-26T20:36:55+00:00","breadcrumb":{"@id":"https:\/\/colibri-jewels.eu\/fi\/tuote\/meditatiivinen-tanssiva-kristalli-riipus-p-7898\/#breadcrumb"},"inLanguage":"fi","potentialAction":[{"@type":"ReadAction","target":["https:\/\/colibri-jewels.eu\/fi\/tuote\/meditatiivinen-tanssiva-kristalli-riipus-p-7898\/"]}]},{"@type":"ImageObject","inLanguage":"fi","@id":"https:\/\/colibri-jewels.eu\/fi\/tuote\/meditatiivinen-tanssiva-kristalli-riipus-p-7898\/#primaryimage","url":"https:\/\/colibri-jewels.eu\/wp-content\/uploads\/2021\/03\/p7898web.jpg","contentUrl":"https:\/\/colibri-jewels.eu\/wp-content\/uploads\/2021\/03\/p7898web.jpg","width":1000,"height":1000},{"@type":"BreadcrumbList","@id":"https:\/\/colibri-jewels.eu\/fi\/tuote\/meditatiivinen-tanssiva-kristalli-riipus-p-7898\/#breadcrumb","itemListElement":[{"@type":"ListItem","position":1,"name":"\u0413\u043b\u0430\u0432\u043d\u0430\u044f \u0441\u0442\u0440\u0430\u043d\u0438\u0446\u0430","item":"https:\/\/colibri-jewels.eu\/fi\/"},{"@type":"ListItem","position":2,"name":"Kauppa","item":"https:\/\/colibri-jewels.eu\/fi\/kauppa\/"},{"@type":"ListItem","position":3,"name":"Meditatiivinen Tanssiva Kristalli -riipus P-7898"}]},{"@type":"WebSite","@id":"https:\/\/colibri-jewels.eu\/fi\/#website","url":"https:\/\/colibri-jewels.eu\/fi\/","name":"Colibri jewels","description":"jewelry shop","publisher":{"@id":"https:\/\/colibri-jewels.eu\/fi\/#organization"},"potentialAction":[{"@type":"SearchAction","target":{"@type":"EntryPoint","urlTemplate":"https:\/\/colibri-jewels.eu\/fi\/?s={search_term_string}"},"query-input":{"@type":"PropertyValueSpecification","valueRequired":true,"valueName":"search_term_string"}}],"inLanguage":"fi"},{"@type":"Organization","@id":"https:\/\/colibri-jewels.eu\/fi\/#organization","name":"O\u00dc Colibri","url":"https:\/\/colibri-jewels.eu\/fi\/","logo":{"@type":"ImageObject","inLanguage":"fi","@id":"https:\/\/colibri-jewels.eu\/fi\/#\/schema\/logo\/image\/","url":"https:\/\/dev.colibri-jewels.eu\/wp-content\/uploads\/2021\/03\/colibri.png","contentUrl":"https:\/\/dev.colibri-jewels.eu\/wp-content\/uploads\/2021\/03\/colibri.png","width":227,"height":130,"caption":"O\u00dc Colibri"},"image":{"@id":"https:\/\/colibri-jewels.eu\/fi\/#\/schema\/logo\/image\/"},"sameAs":["https:\/\/www.facebook.com\/colibri.jewels","https:\/\/www.instagram.com\/colibri.jewels","https:\/\/www.tiktok.com\/colibri.jewels"]}]}},"_links":{"self":[{"href":"https:\/\/colibri-jewels.eu\/fi\/wp-json\/wp\/v2\/product\/52155","targetHints":{"allow":["GET"]}}],"collection":[{"href":"https:\/\/colibri-jewels.eu\/fi\/wp-json\/wp\/v2\/product"}],"about":[{"href":"https:\/\/colibri-jewels.eu\/fi\/wp-json\/wp\/v2\/types\/product"}],"replies":[{"embeddable":true,"href":"https:\/\/colibri-jewels.eu\/fi\/wp-json\/wp\/v2\/comments?post=52155"}],"version-history":[{"count":0,"href":"https:\/\/colibri-jewels.eu\/fi\/wp-json\/wp\/v2\/product\/52155\/revisions"}],"wp:featuredmedia":[{"embeddable":true,"href":"https:\/\/colibri-jewels.eu\/fi\/wp-json\/wp\/v2\/media\/52156"}],"wp:attachment":[{"href":"https:\/\/colibri-jewels.eu\/fi\/wp-json\/wp\/v2\/media?parent=52155"}],"wp:term":[{"taxonomy":"brand","embeddable":true,"href":"https:\/\/colibri-jewels.eu\/fi\/wp-json\/wp\/v2\/etheme_brands?post=52155"},{"taxonomy":"product_brand","embeddable":true,"href":"https:\/\/colibri-jewels.eu\/fi\/wp-json\/wp\/v2\/product_brand?post=52155"},{"taxonomy":"product_cat","embeddable":true,"href":"https:\/\/colibri-jewels.eu\/fi\/wp-json\/wp\/v2\/product_cat?post=52155"},{"taxonomy":"product_tag","embeddable":true,"href":"https:\/\/colibri-jewels.eu\/fi\/wp-json\/wp\/v2\/product_tag?post=52155"}],"curies":[{"name":"wp","href":"https:\/\/api.w.org\/{rel}","templated":true}]}}