{"id":52213,"date":"2023-11-27T20:20:19","date_gmt":"2023-11-27T18:20:19","guid":{"rendered":"https:\/\/colibri-jewels.eu\/?post_type=product&#038;p=52213"},"modified":"2025-05-26T23:38:58","modified_gmt":"2025-05-26T20:38:58","slug":"sopoimmat-kultaiset-kolibri-korvakorut-sinisilla-kristalleilla-e-8067","status":"publish","type":"product","link":"https:\/\/colibri-jewels.eu\/fi\/tuote\/sopoimmat-kultaiset-kolibri-korvakorut-sinisilla-kristalleilla-e-8067\/","title":{"rendered":"S\u00f6p\u00f6imm\u00e4t kultaiset &#8221;Kolibri&#8221;-korvakorut sinisill\u00e4 kristalleilla E-8067"},"content":{"rendered":"<p>Pienet Kolibri-linnut kuin korutaideteos. K\u00e4sinhiotut kristallit, kaikki kivet istutettu k\u00e4sin! Uskomattoman s\u00f6p\u00f6t korvakorut!<\/p>\n<p><span style=\"font-size: 16px; letter-spacing: 0px;\">zirkoniat<\/span><\/p>\n<p>Keltaista kultaa, korvakorujen keskim\u00e4\u00e4r\u00e4inen paino 1,60 g.<\/p>\n","protected":false},"excerpt":{"rendered":"<p><span style=\"font-size: 16px; letter-spacing: 0px;\">Zirkoniat<\/span><\/p>\n<p>Keltaista kultaa, korvakorujen keskim\u00e4\u00e4r\u00e4inen paino 1,60 g.<\/p>\n","protected":false},"featured_media":52214,"comment_status":"open","ping_status":"closed","template":"","meta":[],"etheme_brands":[],"product_brand":[],"product_cat":[987],"product_tag":[992,1004],"class_list":{"0":"post-52213","1":"product","2":"type-product","3":"status-publish","4":"has-post-thumbnail","6":"product_cat-korvakorut","7":"product_tag-elainaiheiset","8":"product_tag-romanttiset","10":"first","11":"instock","12":"shipping-taxable","13":"purchasable","14":"product-type-simple"},"acf":[],"yoast_head":"<!-- This site is optimized with the Yoast SEO Premium plugin v26.5 (Yoast SEO v26.8) - https:\/\/yoast.com\/product\/yoast-seo-premium-wordpress\/ -->\n<title>S\u00f6p\u00f6imm\u00e4t kultaiset &quot;Kolibri&quot;-korvakorut sinisill\u00e4 kristalleilla E-8067 - Colibri jewels<\/title>\n<meta name=\"robots\" content=\"index, follow, max-snippet:-1, max-image-preview:large, max-video-preview:-1\" \/>\n<link rel=\"canonical\" href=\"https:\/\/colibri-jewels.eu\/fi\/tuote\/sopoimmat-kultaiset-kolibri-korvakorut-sinisilla-kristalleilla-e-8067\/\" \/>\n<meta property=\"og:locale\" content=\"fi_FI\" \/>\n<meta property=\"og:type\" content=\"article\" \/>\n<meta property=\"og:title\" content=\"S\u00f6p\u00f6imm\u00e4t kultaiset &quot;Kolibri&quot;-korvakorut sinisill\u00e4 kristalleilla E-8067\" \/>\n<meta property=\"og:description\" content=\"Zirkoniat  Keltaista kultaa, korvakorujen keskim\u00e4\u00e4r\u00e4inen paino 1,60 g.\" \/>\n<meta property=\"og:url\" content=\"https:\/\/colibri-jewels.eu\/fi\/tuote\/sopoimmat-kultaiset-kolibri-korvakorut-sinisilla-kristalleilla-e-8067\/\" \/>\n<meta property=\"og:site_name\" content=\"Colibri jewels\" \/>\n<meta property=\"article:publisher\" content=\"https:\/\/www.facebook.com\/colibri.jewels\" \/>\n<meta property=\"article:modified_time\" content=\"2025-05-26T20:38:58+00:00\" \/>\n<meta property=\"og:image\" content=\"https:\/\/colibri-jewels.eu\/wp-content\/uploads\/2023\/09\/golden-thread-earrings-with-colibries-in-blue-1.jpg\" \/>\n\t<meta property=\"og:image:width\" content=\"1000\" \/>\n\t<meta property=\"og:image:height\" content=\"1000\" \/>\n\t<meta property=\"og:image:type\" content=\"image\/jpeg\" \/>\n<meta name=\"twitter:card\" content=\"summary_large_image\" \/>\n<script type=\"application\/ld+json\" class=\"yoast-schema-graph\">{\"@context\":\"https:\/\/schema.org\",\"@graph\":[{\"@type\":\"WebPage\",\"@id\":\"https:\/\/colibri-jewels.eu\/fi\/tuote\/sopoimmat-kultaiset-kolibri-korvakorut-sinisilla-kristalleilla-e-8067\/\",\"url\":\"https:\/\/colibri-jewels.eu\/fi\/tuote\/sopoimmat-kultaiset-kolibri-korvakorut-sinisilla-kristalleilla-e-8067\/\",\"name\":\"S\u00f6p\u00f6imm\u00e4t kultaiset \\\"Kolibri\\\"-korvakorut sinisill\u00e4 kristalleilla E-8067 - Colibri jewels\",\"isPartOf\":{\"@id\":\"https:\/\/colibri-jewels.eu\/fi\/#website\"},\"primaryImageOfPage\":{\"@id\":\"https:\/\/colibri-jewels.eu\/fi\/tuote\/sopoimmat-kultaiset-kolibri-korvakorut-sinisilla-kristalleilla-e-8067\/#primaryimage\"},\"image\":{\"@id\":\"https:\/\/colibri-jewels.eu\/fi\/tuote\/sopoimmat-kultaiset-kolibri-korvakorut-sinisilla-kristalleilla-e-8067\/#primaryimage\"},\"thumbnailUrl\":\"https:\/\/colibri-jewels.eu\/wp-content\/uploads\/2023\/09\/golden-thread-earrings-with-colibries-in-blue-1.jpg\",\"datePublished\":\"2023-11-27T18:20:19+00:00\",\"dateModified\":\"2025-05-26T20:38:58+00:00\",\"breadcrumb\":{\"@id\":\"https:\/\/colibri-jewels.eu\/fi\/tuote\/sopoimmat-kultaiset-kolibri-korvakorut-sinisilla-kristalleilla-e-8067\/#breadcrumb\"},\"inLanguage\":\"fi\",\"potentialAction\":[{\"@type\":\"ReadAction\",\"target\":[\"https:\/\/colibri-jewels.eu\/fi\/tuote\/sopoimmat-kultaiset-kolibri-korvakorut-sinisilla-kristalleilla-e-8067\/\"]}]},{\"@type\":\"ImageObject\",\"inLanguage\":\"fi\",\"@id\":\"https:\/\/colibri-jewels.eu\/fi\/tuote\/sopoimmat-kultaiset-kolibri-korvakorut-sinisilla-kristalleilla-e-8067\/#primaryimage\",\"url\":\"https:\/\/colibri-jewels.eu\/wp-content\/uploads\/2023\/09\/golden-thread-earrings-with-colibries-in-blue-1.jpg\",\"contentUrl\":\"https:\/\/colibri-jewels.eu\/wp-content\/uploads\/2023\/09\/golden-thread-earrings-with-colibries-in-blue-1.jpg\",\"width\":1000,\"height\":1000},{\"@type\":\"BreadcrumbList\",\"@id\":\"https:\/\/colibri-jewels.eu\/fi\/tuote\/sopoimmat-kultaiset-kolibri-korvakorut-sinisilla-kristalleilla-e-8067\/#breadcrumb\",\"itemListElement\":[{\"@type\":\"ListItem\",\"position\":1,\"name\":\"\u0413\u043b\u0430\u0432\u043d\u0430\u044f \u0441\u0442\u0440\u0430\u043d\u0438\u0446\u0430\",\"item\":\"https:\/\/colibri-jewels.eu\/fi\/\"},{\"@type\":\"ListItem\",\"position\":2,\"name\":\"Kauppa\",\"item\":\"https:\/\/colibri-jewels.eu\/fi\/kauppa\/\"},{\"@type\":\"ListItem\",\"position\":3,\"name\":\"S\u00f6p\u00f6imm\u00e4t kultaiset &#8220;Kolibri&#8221;-korvakorut sinisill\u00e4 kristalleilla E-8067\"}]},{\"@type\":\"WebSite\",\"@id\":\"https:\/\/colibri-jewels.eu\/fi\/#website\",\"url\":\"https:\/\/colibri-jewels.eu\/fi\/\",\"name\":\"Colibri jewels\",\"description\":\"jewelry shop\",\"publisher\":{\"@id\":\"https:\/\/colibri-jewels.eu\/fi\/#organization\"},\"potentialAction\":[{\"@type\":\"SearchAction\",\"target\":{\"@type\":\"EntryPoint\",\"urlTemplate\":\"https:\/\/colibri-jewels.eu\/fi\/?s={search_term_string}\"},\"query-input\":{\"@type\":\"PropertyValueSpecification\",\"valueRequired\":true,\"valueName\":\"search_term_string\"}}],\"inLanguage\":\"fi\"},{\"@type\":\"Organization\",\"@id\":\"https:\/\/colibri-jewels.eu\/fi\/#organization\",\"name\":\"O\u00dc Colibri\",\"url\":\"https:\/\/colibri-jewels.eu\/fi\/\",\"logo\":{\"@type\":\"ImageObject\",\"inLanguage\":\"fi\",\"@id\":\"https:\/\/colibri-jewels.eu\/fi\/#\/schema\/logo\/image\/\",\"url\":\"https:\/\/dev.colibri-jewels.eu\/wp-content\/uploads\/2021\/03\/colibri.png\",\"contentUrl\":\"https:\/\/dev.colibri-jewels.eu\/wp-content\/uploads\/2021\/03\/colibri.png\",\"width\":227,\"height\":130,\"caption\":\"O\u00dc Colibri\"},\"image\":{\"@id\":\"https:\/\/colibri-jewels.eu\/fi\/#\/schema\/logo\/image\/\"},\"sameAs\":[\"https:\/\/www.facebook.com\/colibri.jewels\",\"https:\/\/www.instagram.com\/colibri.jewels\",\"https:\/\/www.tiktok.com\/colibri.jewels\"]}]}<\/script>\n<!-- \/ Yoast SEO Premium plugin. -->","yoast_head_json":{"title":"S\u00f6p\u00f6imm\u00e4t kultaiset \"Kolibri\"-korvakorut sinisill\u00e4 kristalleilla E-8067 - Colibri jewels","robots":{"index":"index","follow":"follow","max-snippet":"max-snippet:-1","max-image-preview":"max-image-preview:large","max-video-preview":"max-video-preview:-1"},"canonical":"https:\/\/colibri-jewels.eu\/fi\/tuote\/sopoimmat-kultaiset-kolibri-korvakorut-sinisilla-kristalleilla-e-8067\/","og_locale":"fi_FI","og_type":"article","og_title":"S\u00f6p\u00f6imm\u00e4t kultaiset \"Kolibri\"-korvakorut sinisill\u00e4 kristalleilla E-8067","og_description":"Zirkoniat  Keltaista kultaa, korvakorujen keskim\u00e4\u00e4r\u00e4inen paino 1,60 g.","og_url":"https:\/\/colibri-jewels.eu\/fi\/tuote\/sopoimmat-kultaiset-kolibri-korvakorut-sinisilla-kristalleilla-e-8067\/","og_site_name":"Colibri jewels","article_publisher":"https:\/\/www.facebook.com\/colibri.jewels","article_modified_time":"2025-05-26T20:38:58+00:00","og_image":[{"width":1000,"height":1000,"url":"https:\/\/colibri-jewels.eu\/wp-content\/uploads\/2023\/09\/golden-thread-earrings-with-colibries-in-blue-1.jpg","type":"image\/jpeg"}],"twitter_card":"summary_large_image","schema":{"@context":"https:\/\/schema.org","@graph":[{"@type":"WebPage","@id":"https:\/\/colibri-jewels.eu\/fi\/tuote\/sopoimmat-kultaiset-kolibri-korvakorut-sinisilla-kristalleilla-e-8067\/","url":"https:\/\/colibri-jewels.eu\/fi\/tuote\/sopoimmat-kultaiset-kolibri-korvakorut-sinisilla-kristalleilla-e-8067\/","name":"S\u00f6p\u00f6imm\u00e4t kultaiset \"Kolibri\"-korvakorut sinisill\u00e4 kristalleilla E-8067 - Colibri jewels","isPartOf":{"@id":"https:\/\/colibri-jewels.eu\/fi\/#website"},"primaryImageOfPage":{"@id":"https:\/\/colibri-jewels.eu\/fi\/tuote\/sopoimmat-kultaiset-kolibri-korvakorut-sinisilla-kristalleilla-e-8067\/#primaryimage"},"image":{"@id":"https:\/\/colibri-jewels.eu\/fi\/tuote\/sopoimmat-kultaiset-kolibri-korvakorut-sinisilla-kristalleilla-e-8067\/#primaryimage"},"thumbnailUrl":"https:\/\/colibri-jewels.eu\/wp-content\/uploads\/2023\/09\/golden-thread-earrings-with-colibries-in-blue-1.jpg","datePublished":"2023-11-27T18:20:19+00:00","dateModified":"2025-05-26T20:38:58+00:00","breadcrumb":{"@id":"https:\/\/colibri-jewels.eu\/fi\/tuote\/sopoimmat-kultaiset-kolibri-korvakorut-sinisilla-kristalleilla-e-8067\/#breadcrumb"},"inLanguage":"fi","potentialAction":[{"@type":"ReadAction","target":["https:\/\/colibri-jewels.eu\/fi\/tuote\/sopoimmat-kultaiset-kolibri-korvakorut-sinisilla-kristalleilla-e-8067\/"]}]},{"@type":"ImageObject","inLanguage":"fi","@id":"https:\/\/colibri-jewels.eu\/fi\/tuote\/sopoimmat-kultaiset-kolibri-korvakorut-sinisilla-kristalleilla-e-8067\/#primaryimage","url":"https:\/\/colibri-jewels.eu\/wp-content\/uploads\/2023\/09\/golden-thread-earrings-with-colibries-in-blue-1.jpg","contentUrl":"https:\/\/colibri-jewels.eu\/wp-content\/uploads\/2023\/09\/golden-thread-earrings-with-colibries-in-blue-1.jpg","width":1000,"height":1000},{"@type":"BreadcrumbList","@id":"https:\/\/colibri-jewels.eu\/fi\/tuote\/sopoimmat-kultaiset-kolibri-korvakorut-sinisilla-kristalleilla-e-8067\/#breadcrumb","itemListElement":[{"@type":"ListItem","position":1,"name":"\u0413\u043b\u0430\u0432\u043d\u0430\u044f \u0441\u0442\u0440\u0430\u043d\u0438\u0446\u0430","item":"https:\/\/colibri-jewels.eu\/fi\/"},{"@type":"ListItem","position":2,"name":"Kauppa","item":"https:\/\/colibri-jewels.eu\/fi\/kauppa\/"},{"@type":"ListItem","position":3,"name":"S\u00f6p\u00f6imm\u00e4t kultaiset &#8220;Kolibri&#8221;-korvakorut sinisill\u00e4 kristalleilla E-8067"}]},{"@type":"WebSite","@id":"https:\/\/colibri-jewels.eu\/fi\/#website","url":"https:\/\/colibri-jewels.eu\/fi\/","name":"Colibri jewels","description":"jewelry shop","publisher":{"@id":"https:\/\/colibri-jewels.eu\/fi\/#organization"},"potentialAction":[{"@type":"SearchAction","target":{"@type":"EntryPoint","urlTemplate":"https:\/\/colibri-jewels.eu\/fi\/?s={search_term_string}"},"query-input":{"@type":"PropertyValueSpecification","valueRequired":true,"valueName":"search_term_string"}}],"inLanguage":"fi"},{"@type":"Organization","@id":"https:\/\/colibri-jewels.eu\/fi\/#organization","name":"O\u00dc Colibri","url":"https:\/\/colibri-jewels.eu\/fi\/","logo":{"@type":"ImageObject","inLanguage":"fi","@id":"https:\/\/colibri-jewels.eu\/fi\/#\/schema\/logo\/image\/","url":"https:\/\/dev.colibri-jewels.eu\/wp-content\/uploads\/2021\/03\/colibri.png","contentUrl":"https:\/\/dev.colibri-jewels.eu\/wp-content\/uploads\/2021\/03\/colibri.png","width":227,"height":130,"caption":"O\u00dc Colibri"},"image":{"@id":"https:\/\/colibri-jewels.eu\/fi\/#\/schema\/logo\/image\/"},"sameAs":["https:\/\/www.facebook.com\/colibri.jewels","https:\/\/www.instagram.com\/colibri.jewels","https:\/\/www.tiktok.com\/colibri.jewels"]}]}},"_links":{"self":[{"href":"https:\/\/colibri-jewels.eu\/fi\/wp-json\/wp\/v2\/product\/52213","targetHints":{"allow":["GET"]}}],"collection":[{"href":"https:\/\/colibri-jewels.eu\/fi\/wp-json\/wp\/v2\/product"}],"about":[{"href":"https:\/\/colibri-jewels.eu\/fi\/wp-json\/wp\/v2\/types\/product"}],"replies":[{"embeddable":true,"href":"https:\/\/colibri-jewels.eu\/fi\/wp-json\/wp\/v2\/comments?post=52213"}],"version-history":[{"count":0,"href":"https:\/\/colibri-jewels.eu\/fi\/wp-json\/wp\/v2\/product\/52213\/revisions"}],"wp:featuredmedia":[{"embeddable":true,"href":"https:\/\/colibri-jewels.eu\/fi\/wp-json\/wp\/v2\/media\/52214"}],"wp:attachment":[{"href":"https:\/\/colibri-jewels.eu\/fi\/wp-json\/wp\/v2\/media?parent=52213"}],"wp:term":[{"taxonomy":"brand","embeddable":true,"href":"https:\/\/colibri-jewels.eu\/fi\/wp-json\/wp\/v2\/etheme_brands?post=52213"},{"taxonomy":"product_brand","embeddable":true,"href":"https:\/\/colibri-jewels.eu\/fi\/wp-json\/wp\/v2\/product_brand?post=52213"},{"taxonomy":"product_cat","embeddable":true,"href":"https:\/\/colibri-jewels.eu\/fi\/wp-json\/wp\/v2\/product_cat?post=52213"},{"taxonomy":"product_tag","embeddable":true,"href":"https:\/\/colibri-jewels.eu\/fi\/wp-json\/wp\/v2\/product_tag?post=52213"}],"curies":[{"name":"wp","href":"https:\/\/api.w.org\/{rel}","templated":true}]}}