{"id":52379,"date":"2023-11-03T20:49:02","date_gmt":"2023-11-03T18:49:02","guid":{"rendered":"https:\/\/colibri-jewels.eu\/?post_type=product&#038;p=52379"},"modified":"2025-05-28T20:24:10","modified_gmt":"2025-05-28T17:24:10","slug":"tyylikkaat-hopeiset-mia-bella-korvakorut","status":"publish","type":"product","link":"https:\/\/colibri-jewels.eu\/fi\/tuote\/tyylikkaat-hopeiset-mia-bella-korvakorut\/","title":{"rendered":"Tyylikk\u00e4\u00e4t hopeiset &#8221;Mia Bella&#8221; -korvakorut"},"content":{"rendered":"<p>Minustakin ne n\u00e4ytt\u00e4v\u00e4t Italialta. Ne tuntuvat Italialta. Todella tyylikk\u00e4\u00e4t ja pelkistetyst\u00e4 tyylist\u00e4\u00e4n huolimatta upean n\u00e4k\u00f6iset!<\/p>\n<p>&#8221;IVY&#8221;-tuotemerkin luoma.<\/p>\n<p>Sterling-hopeaa, rodiumpinnoite.<\/p>\n<p>Korvakorujen keskim\u00e4\u00e4r\u00e4inen paino 3,48 g.<\/p>\n","protected":false},"excerpt":{"rendered":"<p>&#8221;IVY&#8221;-tuotemerkin luoma.<\/p>\n<p>Sterlinghopeaa, rodinointi.<\/p>\n<p>Korvakorujen keskim\u00e4\u00e4r\u00e4inen paino 3,48 g.<\/p>\n","protected":false},"featured_media":52380,"comment_status":"open","ping_status":"closed","template":"","meta":[],"etheme_brands":[],"product_brand":[],"product_cat":[987],"product_tag":[1002],"class_list":{"0":"post-52379","1":"product","2":"type-product","3":"status-publish","4":"has-post-thumbnail","6":"product_cat-korvakorut","7":"product_tag-lakoniset","9":"first","10":"outofstock","11":"shipping-taxable","12":"purchasable","13":"product-type-simple"},"acf":[],"yoast_head":"<!-- This site is optimized with the Yoast SEO Premium plugin v26.5 (Yoast SEO v26.8) - https:\/\/yoast.com\/product\/yoast-seo-premium-wordpress\/ -->\n<title>Tyylikk\u00e4\u00e4t hopeiset &quot;Mia Bella&quot; -korvakorut - Colibri jewels<\/title>\n<meta name=\"description\" content=\"Todella tyylikk\u00e4\u00e4t geometriset korvakorut IVY-merkilt\u00e4. Valmistettu hopeasta, saatavana my\u00f6s mustana ja kristallikoristeisena. Osta ne koruliikkeest\u00e4mme Tallinnasta.\" \/>\n<meta name=\"robots\" content=\"index, follow, max-snippet:-1, max-image-preview:large, max-video-preview:-1\" \/>\n<link rel=\"canonical\" href=\"https:\/\/colibri-jewels.eu\/fi\/tuote\/tyylikkaat-hopeiset-mia-bella-korvakorut\/\" \/>\n<meta property=\"og:locale\" content=\"fi_FI\" \/>\n<meta property=\"og:type\" content=\"article\" \/>\n<meta property=\"og:title\" content=\"Tyylikk\u00e4\u00e4t hopeiset &quot;Mia Bella&quot; -korvakorut\" \/>\n<meta property=\"og:description\" content=\"Todella tyylikk\u00e4\u00e4t geometriset korvakorut IVY-merkilt\u00e4. Valmistettu hopeasta, saatavana my\u00f6s mustana ja kristallikoristeisena. Osta ne koruliikkeest\u00e4mme Tallinnasta.\" \/>\n<meta property=\"og:url\" content=\"https:\/\/colibri-jewels.eu\/fi\/tuote\/tyylikkaat-hopeiset-mia-bella-korvakorut\/\" \/>\n<meta property=\"og:site_name\" content=\"Colibri jewels\" \/>\n<meta property=\"article:publisher\" content=\"https:\/\/www.facebook.com\/colibri.jewels\" \/>\n<meta property=\"article:modified_time\" content=\"2025-05-28T17:24:10+00:00\" \/>\n<meta property=\"og:image\" content=\"https:\/\/colibri-jewels.eu\/wp-content\/uploads\/2022\/12\/AG-3.8-1330web.jpg\" \/>\n\t<meta property=\"og:image:width\" content=\"1000\" \/>\n\t<meta property=\"og:image:height\" content=\"1000\" \/>\n\t<meta property=\"og:image:type\" content=\"image\/jpeg\" \/>\n<meta name=\"twitter:card\" content=\"summary_large_image\" \/>\n<script type=\"application\/ld+json\" class=\"yoast-schema-graph\">{\"@context\":\"https:\/\/schema.org\",\"@graph\":[{\"@type\":\"WebPage\",\"@id\":\"https:\/\/colibri-jewels.eu\/fi\/tuote\/tyylikkaat-hopeiset-mia-bella-korvakorut\/\",\"url\":\"https:\/\/colibri-jewels.eu\/fi\/tuote\/tyylikkaat-hopeiset-mia-bella-korvakorut\/\",\"name\":\"Tyylikk\u00e4\u00e4t hopeiset \\\"Mia Bella\\\" -korvakorut - Colibri jewels\",\"isPartOf\":{\"@id\":\"https:\/\/colibri-jewels.eu\/fi\/#website\"},\"primaryImageOfPage\":{\"@id\":\"https:\/\/colibri-jewels.eu\/fi\/tuote\/tyylikkaat-hopeiset-mia-bella-korvakorut\/#primaryimage\"},\"image\":{\"@id\":\"https:\/\/colibri-jewels.eu\/fi\/tuote\/tyylikkaat-hopeiset-mia-bella-korvakorut\/#primaryimage\"},\"thumbnailUrl\":\"https:\/\/colibri-jewels.eu\/wp-content\/uploads\/2022\/12\/AG-3.8-1330web.jpg\",\"datePublished\":\"2023-11-03T18:49:02+00:00\",\"dateModified\":\"2025-05-28T17:24:10+00:00\",\"description\":\"Todella tyylikk\u00e4\u00e4t geometriset korvakorut IVY-merkilt\u00e4. Valmistettu hopeasta, saatavana my\u00f6s mustana ja kristallikoristeisena. Osta ne koruliikkeest\u00e4mme Tallinnasta.\",\"breadcrumb\":{\"@id\":\"https:\/\/colibri-jewels.eu\/fi\/tuote\/tyylikkaat-hopeiset-mia-bella-korvakorut\/#breadcrumb\"},\"inLanguage\":\"fi\",\"potentialAction\":[{\"@type\":\"ReadAction\",\"target\":[\"https:\/\/colibri-jewels.eu\/fi\/tuote\/tyylikkaat-hopeiset-mia-bella-korvakorut\/\"]}]},{\"@type\":\"ImageObject\",\"inLanguage\":\"fi\",\"@id\":\"https:\/\/colibri-jewels.eu\/fi\/tuote\/tyylikkaat-hopeiset-mia-bella-korvakorut\/#primaryimage\",\"url\":\"https:\/\/colibri-jewels.eu\/wp-content\/uploads\/2022\/12\/AG-3.8-1330web.jpg\",\"contentUrl\":\"https:\/\/colibri-jewels.eu\/wp-content\/uploads\/2022\/12\/AG-3.8-1330web.jpg\",\"width\":1000,\"height\":1000},{\"@type\":\"BreadcrumbList\",\"@id\":\"https:\/\/colibri-jewels.eu\/fi\/tuote\/tyylikkaat-hopeiset-mia-bella-korvakorut\/#breadcrumb\",\"itemListElement\":[{\"@type\":\"ListItem\",\"position\":1,\"name\":\"\u0413\u043b\u0430\u0432\u043d\u0430\u044f \u0441\u0442\u0440\u0430\u043d\u0438\u0446\u0430\",\"item\":\"https:\/\/colibri-jewels.eu\/fi\/\"},{\"@type\":\"ListItem\",\"position\":2,\"name\":\"Kauppa\",\"item\":\"https:\/\/colibri-jewels.eu\/fi\/kauppa\/\"},{\"@type\":\"ListItem\",\"position\":3,\"name\":\"Tyylikk\u00e4\u00e4t hopeiset &#8220;Mia Bella&#8221; -korvakorut\"}]},{\"@type\":\"WebSite\",\"@id\":\"https:\/\/colibri-jewels.eu\/fi\/#website\",\"url\":\"https:\/\/colibri-jewels.eu\/fi\/\",\"name\":\"Colibri jewels\",\"description\":\"jewelry shop\",\"publisher\":{\"@id\":\"https:\/\/colibri-jewels.eu\/fi\/#organization\"},\"potentialAction\":[{\"@type\":\"SearchAction\",\"target\":{\"@type\":\"EntryPoint\",\"urlTemplate\":\"https:\/\/colibri-jewels.eu\/fi\/?s={search_term_string}\"},\"query-input\":{\"@type\":\"PropertyValueSpecification\",\"valueRequired\":true,\"valueName\":\"search_term_string\"}}],\"inLanguage\":\"fi\"},{\"@type\":\"Organization\",\"@id\":\"https:\/\/colibri-jewels.eu\/fi\/#organization\",\"name\":\"O\u00dc Colibri\",\"url\":\"https:\/\/colibri-jewels.eu\/fi\/\",\"logo\":{\"@type\":\"ImageObject\",\"inLanguage\":\"fi\",\"@id\":\"https:\/\/colibri-jewels.eu\/fi\/#\/schema\/logo\/image\/\",\"url\":\"https:\/\/dev.colibri-jewels.eu\/wp-content\/uploads\/2021\/03\/colibri.png\",\"contentUrl\":\"https:\/\/dev.colibri-jewels.eu\/wp-content\/uploads\/2021\/03\/colibri.png\",\"width\":227,\"height\":130,\"caption\":\"O\u00dc Colibri\"},\"image\":{\"@id\":\"https:\/\/colibri-jewels.eu\/fi\/#\/schema\/logo\/image\/\"},\"sameAs\":[\"https:\/\/www.facebook.com\/colibri.jewels\",\"https:\/\/www.instagram.com\/colibri.jewels\",\"https:\/\/www.tiktok.com\/colibri.jewels\"]}]}<\/script>\n<!-- \/ Yoast SEO Premium plugin. -->","yoast_head_json":{"title":"Tyylikk\u00e4\u00e4t hopeiset \"Mia Bella\" -korvakorut - Colibri jewels","description":"Todella tyylikk\u00e4\u00e4t geometriset korvakorut IVY-merkilt\u00e4. Valmistettu hopeasta, saatavana my\u00f6s mustana ja kristallikoristeisena. Osta ne koruliikkeest\u00e4mme Tallinnasta.","robots":{"index":"index","follow":"follow","max-snippet":"max-snippet:-1","max-image-preview":"max-image-preview:large","max-video-preview":"max-video-preview:-1"},"canonical":"https:\/\/colibri-jewels.eu\/fi\/tuote\/tyylikkaat-hopeiset-mia-bella-korvakorut\/","og_locale":"fi_FI","og_type":"article","og_title":"Tyylikk\u00e4\u00e4t hopeiset \"Mia Bella\" -korvakorut","og_description":"Todella tyylikk\u00e4\u00e4t geometriset korvakorut IVY-merkilt\u00e4. Valmistettu hopeasta, saatavana my\u00f6s mustana ja kristallikoristeisena. Osta ne koruliikkeest\u00e4mme Tallinnasta.","og_url":"https:\/\/colibri-jewels.eu\/fi\/tuote\/tyylikkaat-hopeiset-mia-bella-korvakorut\/","og_site_name":"Colibri jewels","article_publisher":"https:\/\/www.facebook.com\/colibri.jewels","article_modified_time":"2025-05-28T17:24:10+00:00","og_image":[{"width":1000,"height":1000,"url":"https:\/\/colibri-jewels.eu\/wp-content\/uploads\/2022\/12\/AG-3.8-1330web.jpg","type":"image\/jpeg"}],"twitter_card":"summary_large_image","schema":{"@context":"https:\/\/schema.org","@graph":[{"@type":"WebPage","@id":"https:\/\/colibri-jewels.eu\/fi\/tuote\/tyylikkaat-hopeiset-mia-bella-korvakorut\/","url":"https:\/\/colibri-jewels.eu\/fi\/tuote\/tyylikkaat-hopeiset-mia-bella-korvakorut\/","name":"Tyylikk\u00e4\u00e4t hopeiset \"Mia Bella\" -korvakorut - Colibri jewels","isPartOf":{"@id":"https:\/\/colibri-jewels.eu\/fi\/#website"},"primaryImageOfPage":{"@id":"https:\/\/colibri-jewels.eu\/fi\/tuote\/tyylikkaat-hopeiset-mia-bella-korvakorut\/#primaryimage"},"image":{"@id":"https:\/\/colibri-jewels.eu\/fi\/tuote\/tyylikkaat-hopeiset-mia-bella-korvakorut\/#primaryimage"},"thumbnailUrl":"https:\/\/colibri-jewels.eu\/wp-content\/uploads\/2022\/12\/AG-3.8-1330web.jpg","datePublished":"2023-11-03T18:49:02+00:00","dateModified":"2025-05-28T17:24:10+00:00","description":"Todella tyylikk\u00e4\u00e4t geometriset korvakorut IVY-merkilt\u00e4. Valmistettu hopeasta, saatavana my\u00f6s mustana ja kristallikoristeisena. Osta ne koruliikkeest\u00e4mme Tallinnasta.","breadcrumb":{"@id":"https:\/\/colibri-jewels.eu\/fi\/tuote\/tyylikkaat-hopeiset-mia-bella-korvakorut\/#breadcrumb"},"inLanguage":"fi","potentialAction":[{"@type":"ReadAction","target":["https:\/\/colibri-jewels.eu\/fi\/tuote\/tyylikkaat-hopeiset-mia-bella-korvakorut\/"]}]},{"@type":"ImageObject","inLanguage":"fi","@id":"https:\/\/colibri-jewels.eu\/fi\/tuote\/tyylikkaat-hopeiset-mia-bella-korvakorut\/#primaryimage","url":"https:\/\/colibri-jewels.eu\/wp-content\/uploads\/2022\/12\/AG-3.8-1330web.jpg","contentUrl":"https:\/\/colibri-jewels.eu\/wp-content\/uploads\/2022\/12\/AG-3.8-1330web.jpg","width":1000,"height":1000},{"@type":"BreadcrumbList","@id":"https:\/\/colibri-jewels.eu\/fi\/tuote\/tyylikkaat-hopeiset-mia-bella-korvakorut\/#breadcrumb","itemListElement":[{"@type":"ListItem","position":1,"name":"\u0413\u043b\u0430\u0432\u043d\u0430\u044f \u0441\u0442\u0440\u0430\u043d\u0438\u0446\u0430","item":"https:\/\/colibri-jewels.eu\/fi\/"},{"@type":"ListItem","position":2,"name":"Kauppa","item":"https:\/\/colibri-jewels.eu\/fi\/kauppa\/"},{"@type":"ListItem","position":3,"name":"Tyylikk\u00e4\u00e4t hopeiset &#8220;Mia Bella&#8221; -korvakorut"}]},{"@type":"WebSite","@id":"https:\/\/colibri-jewels.eu\/fi\/#website","url":"https:\/\/colibri-jewels.eu\/fi\/","name":"Colibri jewels","description":"jewelry shop","publisher":{"@id":"https:\/\/colibri-jewels.eu\/fi\/#organization"},"potentialAction":[{"@type":"SearchAction","target":{"@type":"EntryPoint","urlTemplate":"https:\/\/colibri-jewels.eu\/fi\/?s={search_term_string}"},"query-input":{"@type":"PropertyValueSpecification","valueRequired":true,"valueName":"search_term_string"}}],"inLanguage":"fi"},{"@type":"Organization","@id":"https:\/\/colibri-jewels.eu\/fi\/#organization","name":"O\u00dc Colibri","url":"https:\/\/colibri-jewels.eu\/fi\/","logo":{"@type":"ImageObject","inLanguage":"fi","@id":"https:\/\/colibri-jewels.eu\/fi\/#\/schema\/logo\/image\/","url":"https:\/\/dev.colibri-jewels.eu\/wp-content\/uploads\/2021\/03\/colibri.png","contentUrl":"https:\/\/dev.colibri-jewels.eu\/wp-content\/uploads\/2021\/03\/colibri.png","width":227,"height":130,"caption":"O\u00dc Colibri"},"image":{"@id":"https:\/\/colibri-jewels.eu\/fi\/#\/schema\/logo\/image\/"},"sameAs":["https:\/\/www.facebook.com\/colibri.jewels","https:\/\/www.instagram.com\/colibri.jewels","https:\/\/www.tiktok.com\/colibri.jewels"]}]}},"_links":{"self":[{"href":"https:\/\/colibri-jewels.eu\/fi\/wp-json\/wp\/v2\/product\/52379","targetHints":{"allow":["GET"]}}],"collection":[{"href":"https:\/\/colibri-jewels.eu\/fi\/wp-json\/wp\/v2\/product"}],"about":[{"href":"https:\/\/colibri-jewels.eu\/fi\/wp-json\/wp\/v2\/types\/product"}],"replies":[{"embeddable":true,"href":"https:\/\/colibri-jewels.eu\/fi\/wp-json\/wp\/v2\/comments?post=52379"}],"version-history":[{"count":0,"href":"https:\/\/colibri-jewels.eu\/fi\/wp-json\/wp\/v2\/product\/52379\/revisions"}],"wp:featuredmedia":[{"embeddable":true,"href":"https:\/\/colibri-jewels.eu\/fi\/wp-json\/wp\/v2\/media\/52380"}],"wp:attachment":[{"href":"https:\/\/colibri-jewels.eu\/fi\/wp-json\/wp\/v2\/media?parent=52379"}],"wp:term":[{"taxonomy":"brand","embeddable":true,"href":"https:\/\/colibri-jewels.eu\/fi\/wp-json\/wp\/v2\/etheme_brands?post=52379"},{"taxonomy":"product_brand","embeddable":true,"href":"https:\/\/colibri-jewels.eu\/fi\/wp-json\/wp\/v2\/product_brand?post=52379"},{"taxonomy":"product_cat","embeddable":true,"href":"https:\/\/colibri-jewels.eu\/fi\/wp-json\/wp\/v2\/product_cat?post=52379"},{"taxonomy":"product_tag","embeddable":true,"href":"https:\/\/colibri-jewels.eu\/fi\/wp-json\/wp\/v2\/product_tag?post=52379"}],"curies":[{"name":"wp","href":"https:\/\/api.w.org\/{rel}","templated":true}]}}