{"id":52406,"date":"2023-10-26T11:04:13","date_gmt":"2023-10-26T08:04:13","guid":{"rendered":"https:\/\/colibri-jewels.eu\/?post_type=product&#038;p=52406"},"modified":"2025-05-28T22:18:11","modified_gmt":"2025-05-28T19:18:11","slug":"valkokultainen-sormus-sinisilla-topaaseilla-rt-6121w","status":"publish","type":"product","link":"https:\/\/colibri-jewels.eu\/fi\/tuote\/valkokultainen-sormus-sinisilla-topaaseilla-rt-6121w\/","title":{"rendered":"Valkokultainen sormus sinisill\u00e4 topaaseilla RT-6121w"},"content":{"rendered":"<p>T\u00e4m\u00e4 on kaunis valkokultainen topaasikorusetti. Setti sis\u00e4lt\u00e4\u00e4 korvakorut ja sormuksen. Korvakorut ovat pelkistetty\u00e4 tyyli\u00e4, ja niiss\u00e4 on rivi topaaseja etupuolella. Sormus on yksinkertainen, p\u00e4\u00e4ll\u00e4 rivi topaaseja. T\u00e4m\u00e4 setti on t\u00e4ydellinen tuomaan ripauksen eleganssia mihin tahansa asuun. Muotoilu on minimalistinen ja hillitty, mik\u00e4 tekee siit\u00e4 ihanteellisen valinnan niille, jotka pit\u00e4v\u00e4t yksinkertaisista mutta eleganteista koruista.<\/p>\n<p>Sormus setist\u00e4:<\/p>\n<p>paino 2,85 g.<\/p>\n<p>Topaaseja 6 kpl, 1,17 ct.<\/p>\n<p>Sormuksen koko varastossa ___. (Mik\u00e4 tahansa muu koko tai kullan v\u00e4ri on tilattavissa, valmistus kest\u00e4\u00e4 3-4 viikkoa).<\/p>\n","protected":false},"excerpt":{"rendered":"<p>Sormus setist\u00e4:<\/p>\n<p>paino 2,85 g<\/p>\n<p>topaaseja 6 kpl, 1,17 ct<\/p>\n<p>Sormuksen koko varastossa ___. (Mik\u00e4 tahansa muu koko tai kullan v\u00e4ri on tilattavissa, valmistus kest\u00e4\u00e4 3-4 viikkoa).<\/p>\n","protected":false},"featured_media":52407,"comment_status":"open","ping_status":"closed","template":"","meta":[],"etheme_brands":[],"product_brand":[],"product_cat":[990],"product_tag":[1002],"class_list":{"0":"post-52406","1":"product","2":"type-product","3":"status-publish","4":"has-post-thumbnail","6":"product_cat-sormukset","7":"product_tag-lakoniset","9":"first","10":"instock","11":"shipping-taxable","12":"purchasable","13":"product-type-simple"},"acf":[],"yoast_head":"<!-- This site is optimized with the Yoast SEO Premium plugin v26.5 (Yoast SEO v26.8) - https:\/\/yoast.com\/product\/yoast-seo-premium-wordpress\/ -->\n<title>Valkokultainen sormus sinisill\u00e4 topaaseilla RT-6121w - Colibri jewels<\/title>\n<meta name=\"robots\" content=\"index, follow, max-snippet:-1, max-image-preview:large, max-video-preview:-1\" \/>\n<link rel=\"canonical\" href=\"https:\/\/colibri-jewels.eu\/fi\/tuote\/valkokultainen-sormus-sinisilla-topaaseilla-rt-6121w\/\" \/>\n<meta property=\"og:locale\" content=\"fi_FI\" \/>\n<meta property=\"og:type\" content=\"article\" \/>\n<meta property=\"og:title\" content=\"Valkokultainen sormus sinisill\u00e4 topaaseilla RT-6121w\" \/>\n<meta property=\"og:description\" content=\"Sormus setist\u00e4:  paino 2,85 g  topaaseja 6 kpl, 1,17 ct  Sormuksen koko varastossa ___. (Mik\u00e4 tahansa muu koko tai kullan v\u00e4ri on tilattavissa, valmistus kest\u00e4\u00e4 3-4 viikkoa).\" \/>\n<meta property=\"og:url\" content=\"https:\/\/colibri-jewels.eu\/fi\/tuote\/valkokultainen-sormus-sinisilla-topaaseilla-rt-6121w\/\" \/>\n<meta property=\"og:site_name\" content=\"Colibri jewels\" \/>\n<meta property=\"article:publisher\" content=\"https:\/\/www.facebook.com\/colibri.jewels\" \/>\n<meta property=\"article:modified_time\" content=\"2025-05-28T19:18:11+00:00\" \/>\n<meta property=\"og:image\" content=\"https:\/\/colibri-jewels.eu\/wp-content\/uploads\/2023\/10\/white-gold-square-topaz-ring.jpg\" \/>\n\t<meta property=\"og:image:width\" content=\"1000\" \/>\n\t<meta property=\"og:image:height\" content=\"1000\" \/>\n\t<meta property=\"og:image:type\" content=\"image\/jpeg\" \/>\n<meta name=\"twitter:card\" content=\"summary_large_image\" \/>\n<script type=\"application\/ld+json\" class=\"yoast-schema-graph\">{\"@context\":\"https:\/\/schema.org\",\"@graph\":[{\"@type\":\"WebPage\",\"@id\":\"https:\/\/colibri-jewels.eu\/fi\/tuote\/valkokultainen-sormus-sinisilla-topaaseilla-rt-6121w\/\",\"url\":\"https:\/\/colibri-jewels.eu\/fi\/tuote\/valkokultainen-sormus-sinisilla-topaaseilla-rt-6121w\/\",\"name\":\"Valkokultainen sormus sinisill\u00e4 topaaseilla RT-6121w - Colibri jewels\",\"isPartOf\":{\"@id\":\"https:\/\/colibri-jewels.eu\/fi\/#website\"},\"primaryImageOfPage\":{\"@id\":\"https:\/\/colibri-jewels.eu\/fi\/tuote\/valkokultainen-sormus-sinisilla-topaaseilla-rt-6121w\/#primaryimage\"},\"image\":{\"@id\":\"https:\/\/colibri-jewels.eu\/fi\/tuote\/valkokultainen-sormus-sinisilla-topaaseilla-rt-6121w\/#primaryimage\"},\"thumbnailUrl\":\"https:\/\/colibri-jewels.eu\/wp-content\/uploads\/2023\/10\/white-gold-square-topaz-ring.jpg\",\"datePublished\":\"2023-10-26T08:04:13+00:00\",\"dateModified\":\"2025-05-28T19:18:11+00:00\",\"breadcrumb\":{\"@id\":\"https:\/\/colibri-jewels.eu\/fi\/tuote\/valkokultainen-sormus-sinisilla-topaaseilla-rt-6121w\/#breadcrumb\"},\"inLanguage\":\"fi\",\"potentialAction\":[{\"@type\":\"ReadAction\",\"target\":[\"https:\/\/colibri-jewels.eu\/fi\/tuote\/valkokultainen-sormus-sinisilla-topaaseilla-rt-6121w\/\"]}]},{\"@type\":\"ImageObject\",\"inLanguage\":\"fi\",\"@id\":\"https:\/\/colibri-jewels.eu\/fi\/tuote\/valkokultainen-sormus-sinisilla-topaaseilla-rt-6121w\/#primaryimage\",\"url\":\"https:\/\/colibri-jewels.eu\/wp-content\/uploads\/2023\/10\/white-gold-square-topaz-ring.jpg\",\"contentUrl\":\"https:\/\/colibri-jewels.eu\/wp-content\/uploads\/2023\/10\/white-gold-square-topaz-ring.jpg\",\"width\":1000,\"height\":1000},{\"@type\":\"BreadcrumbList\",\"@id\":\"https:\/\/colibri-jewels.eu\/fi\/tuote\/valkokultainen-sormus-sinisilla-topaaseilla-rt-6121w\/#breadcrumb\",\"itemListElement\":[{\"@type\":\"ListItem\",\"position\":1,\"name\":\"\u0413\u043b\u0430\u0432\u043d\u0430\u044f \u0441\u0442\u0440\u0430\u043d\u0438\u0446\u0430\",\"item\":\"https:\/\/colibri-jewels.eu\/fi\/\"},{\"@type\":\"ListItem\",\"position\":2,\"name\":\"Kauppa\",\"item\":\"https:\/\/colibri-jewels.eu\/fi\/kauppa\/\"},{\"@type\":\"ListItem\",\"position\":3,\"name\":\"Valkokultainen sormus sinisill\u00e4 topaaseilla RT-6121w\"}]},{\"@type\":\"WebSite\",\"@id\":\"https:\/\/colibri-jewels.eu\/fi\/#website\",\"url\":\"https:\/\/colibri-jewels.eu\/fi\/\",\"name\":\"Colibri jewels\",\"description\":\"jewelry shop\",\"publisher\":{\"@id\":\"https:\/\/colibri-jewels.eu\/fi\/#organization\"},\"potentialAction\":[{\"@type\":\"SearchAction\",\"target\":{\"@type\":\"EntryPoint\",\"urlTemplate\":\"https:\/\/colibri-jewels.eu\/fi\/?s={search_term_string}\"},\"query-input\":{\"@type\":\"PropertyValueSpecification\",\"valueRequired\":true,\"valueName\":\"search_term_string\"}}],\"inLanguage\":\"fi\"},{\"@type\":\"Organization\",\"@id\":\"https:\/\/colibri-jewels.eu\/fi\/#organization\",\"name\":\"O\u00dc Colibri\",\"url\":\"https:\/\/colibri-jewels.eu\/fi\/\",\"logo\":{\"@type\":\"ImageObject\",\"inLanguage\":\"fi\",\"@id\":\"https:\/\/colibri-jewels.eu\/fi\/#\/schema\/logo\/image\/\",\"url\":\"https:\/\/dev.colibri-jewels.eu\/wp-content\/uploads\/2021\/03\/colibri.png\",\"contentUrl\":\"https:\/\/dev.colibri-jewels.eu\/wp-content\/uploads\/2021\/03\/colibri.png\",\"width\":227,\"height\":130,\"caption\":\"O\u00dc Colibri\"},\"image\":{\"@id\":\"https:\/\/colibri-jewels.eu\/fi\/#\/schema\/logo\/image\/\"},\"sameAs\":[\"https:\/\/www.facebook.com\/colibri.jewels\",\"https:\/\/www.instagram.com\/colibri.jewels\",\"https:\/\/www.tiktok.com\/colibri.jewels\"]}]}<\/script>\n<!-- \/ Yoast SEO Premium plugin. -->","yoast_head_json":{"title":"Valkokultainen sormus sinisill\u00e4 topaaseilla RT-6121w - Colibri jewels","robots":{"index":"index","follow":"follow","max-snippet":"max-snippet:-1","max-image-preview":"max-image-preview:large","max-video-preview":"max-video-preview:-1"},"canonical":"https:\/\/colibri-jewels.eu\/fi\/tuote\/valkokultainen-sormus-sinisilla-topaaseilla-rt-6121w\/","og_locale":"fi_FI","og_type":"article","og_title":"Valkokultainen sormus sinisill\u00e4 topaaseilla RT-6121w","og_description":"Sormus setist\u00e4:  paino 2,85 g  topaaseja 6 kpl, 1,17 ct  Sormuksen koko varastossa ___. (Mik\u00e4 tahansa muu koko tai kullan v\u00e4ri on tilattavissa, valmistus kest\u00e4\u00e4 3-4 viikkoa).","og_url":"https:\/\/colibri-jewels.eu\/fi\/tuote\/valkokultainen-sormus-sinisilla-topaaseilla-rt-6121w\/","og_site_name":"Colibri jewels","article_publisher":"https:\/\/www.facebook.com\/colibri.jewels","article_modified_time":"2025-05-28T19:18:11+00:00","og_image":[{"width":1000,"height":1000,"url":"https:\/\/colibri-jewels.eu\/wp-content\/uploads\/2023\/10\/white-gold-square-topaz-ring.jpg","type":"image\/jpeg"}],"twitter_card":"summary_large_image","schema":{"@context":"https:\/\/schema.org","@graph":[{"@type":"WebPage","@id":"https:\/\/colibri-jewels.eu\/fi\/tuote\/valkokultainen-sormus-sinisilla-topaaseilla-rt-6121w\/","url":"https:\/\/colibri-jewels.eu\/fi\/tuote\/valkokultainen-sormus-sinisilla-topaaseilla-rt-6121w\/","name":"Valkokultainen sormus sinisill\u00e4 topaaseilla RT-6121w - Colibri jewels","isPartOf":{"@id":"https:\/\/colibri-jewels.eu\/fi\/#website"},"primaryImageOfPage":{"@id":"https:\/\/colibri-jewels.eu\/fi\/tuote\/valkokultainen-sormus-sinisilla-topaaseilla-rt-6121w\/#primaryimage"},"image":{"@id":"https:\/\/colibri-jewels.eu\/fi\/tuote\/valkokultainen-sormus-sinisilla-topaaseilla-rt-6121w\/#primaryimage"},"thumbnailUrl":"https:\/\/colibri-jewels.eu\/wp-content\/uploads\/2023\/10\/white-gold-square-topaz-ring.jpg","datePublished":"2023-10-26T08:04:13+00:00","dateModified":"2025-05-28T19:18:11+00:00","breadcrumb":{"@id":"https:\/\/colibri-jewels.eu\/fi\/tuote\/valkokultainen-sormus-sinisilla-topaaseilla-rt-6121w\/#breadcrumb"},"inLanguage":"fi","potentialAction":[{"@type":"ReadAction","target":["https:\/\/colibri-jewels.eu\/fi\/tuote\/valkokultainen-sormus-sinisilla-topaaseilla-rt-6121w\/"]}]},{"@type":"ImageObject","inLanguage":"fi","@id":"https:\/\/colibri-jewels.eu\/fi\/tuote\/valkokultainen-sormus-sinisilla-topaaseilla-rt-6121w\/#primaryimage","url":"https:\/\/colibri-jewels.eu\/wp-content\/uploads\/2023\/10\/white-gold-square-topaz-ring.jpg","contentUrl":"https:\/\/colibri-jewels.eu\/wp-content\/uploads\/2023\/10\/white-gold-square-topaz-ring.jpg","width":1000,"height":1000},{"@type":"BreadcrumbList","@id":"https:\/\/colibri-jewels.eu\/fi\/tuote\/valkokultainen-sormus-sinisilla-topaaseilla-rt-6121w\/#breadcrumb","itemListElement":[{"@type":"ListItem","position":1,"name":"\u0413\u043b\u0430\u0432\u043d\u0430\u044f \u0441\u0442\u0440\u0430\u043d\u0438\u0446\u0430","item":"https:\/\/colibri-jewels.eu\/fi\/"},{"@type":"ListItem","position":2,"name":"Kauppa","item":"https:\/\/colibri-jewels.eu\/fi\/kauppa\/"},{"@type":"ListItem","position":3,"name":"Valkokultainen sormus sinisill\u00e4 topaaseilla RT-6121w"}]},{"@type":"WebSite","@id":"https:\/\/colibri-jewels.eu\/fi\/#website","url":"https:\/\/colibri-jewels.eu\/fi\/","name":"Colibri jewels","description":"jewelry shop","publisher":{"@id":"https:\/\/colibri-jewels.eu\/fi\/#organization"},"potentialAction":[{"@type":"SearchAction","target":{"@type":"EntryPoint","urlTemplate":"https:\/\/colibri-jewels.eu\/fi\/?s={search_term_string}"},"query-input":{"@type":"PropertyValueSpecification","valueRequired":true,"valueName":"search_term_string"}}],"inLanguage":"fi"},{"@type":"Organization","@id":"https:\/\/colibri-jewels.eu\/fi\/#organization","name":"O\u00dc Colibri","url":"https:\/\/colibri-jewels.eu\/fi\/","logo":{"@type":"ImageObject","inLanguage":"fi","@id":"https:\/\/colibri-jewels.eu\/fi\/#\/schema\/logo\/image\/","url":"https:\/\/dev.colibri-jewels.eu\/wp-content\/uploads\/2021\/03\/colibri.png","contentUrl":"https:\/\/dev.colibri-jewels.eu\/wp-content\/uploads\/2021\/03\/colibri.png","width":227,"height":130,"caption":"O\u00dc Colibri"},"image":{"@id":"https:\/\/colibri-jewels.eu\/fi\/#\/schema\/logo\/image\/"},"sameAs":["https:\/\/www.facebook.com\/colibri.jewels","https:\/\/www.instagram.com\/colibri.jewels","https:\/\/www.tiktok.com\/colibri.jewels"]}]}},"_links":{"self":[{"href":"https:\/\/colibri-jewels.eu\/fi\/wp-json\/wp\/v2\/product\/52406","targetHints":{"allow":["GET"]}}],"collection":[{"href":"https:\/\/colibri-jewels.eu\/fi\/wp-json\/wp\/v2\/product"}],"about":[{"href":"https:\/\/colibri-jewels.eu\/fi\/wp-json\/wp\/v2\/types\/product"}],"replies":[{"embeddable":true,"href":"https:\/\/colibri-jewels.eu\/fi\/wp-json\/wp\/v2\/comments?post=52406"}],"version-history":[{"count":0,"href":"https:\/\/colibri-jewels.eu\/fi\/wp-json\/wp\/v2\/product\/52406\/revisions"}],"wp:featuredmedia":[{"embeddable":true,"href":"https:\/\/colibri-jewels.eu\/fi\/wp-json\/wp\/v2\/media\/52407"}],"wp:attachment":[{"href":"https:\/\/colibri-jewels.eu\/fi\/wp-json\/wp\/v2\/media?parent=52406"}],"wp:term":[{"taxonomy":"brand","embeddable":true,"href":"https:\/\/colibri-jewels.eu\/fi\/wp-json\/wp\/v2\/etheme_brands?post=52406"},{"taxonomy":"product_brand","embeddable":true,"href":"https:\/\/colibri-jewels.eu\/fi\/wp-json\/wp\/v2\/product_brand?post=52406"},{"taxonomy":"product_cat","embeddable":true,"href":"https:\/\/colibri-jewels.eu\/fi\/wp-json\/wp\/v2\/product_cat?post=52406"},{"taxonomy":"product_tag","embeddable":true,"href":"https:\/\/colibri-jewels.eu\/fi\/wp-json\/wp\/v2\/product_tag?post=52406"}],"curies":[{"name":"wp","href":"https:\/\/api.w.org\/{rel}","templated":true}]}}