{"id":52408,"date":"2023-10-26T10:42:26","date_gmt":"2023-10-26T07:42:26","guid":{"rendered":"https:\/\/colibri-jewels.eu\/?post_type=product&#038;p=52408"},"modified":"2025-05-28T22:18:19","modified_gmt":"2025-05-28T19:18:19","slug":"valkokultaiset-korvakorut-sinisilla-topaaseilla-et-6122w","status":"publish","type":"product","link":"https:\/\/colibri-jewels.eu\/fi\/tuote\/valkokultaiset-korvakorut-sinisilla-topaaseilla-et-6122w\/","title":{"rendered":"Valkokultaiset korvakorut sinisill\u00e4 topaaseilla ET-6122w"},"content":{"rendered":"<p>T\u00e4m\u00e4 on kaunis valkokultainen topaasikorusetti. Setti sis\u00e4lt\u00e4\u00e4 korvakorut ja sormuksen. Korvakorut ovat pelkistetty\u00e4 tyyli\u00e4, ja niiss\u00e4 on rivi topaaseja etupuolella. Sormus on yksinkertainen, p\u00e4\u00e4ll\u00e4 rivi topaaseja. T\u00e4m\u00e4 setti on t\u00e4ydellinen tuomaan ripauksen eleganssia mihin tahansa asuun. Muotoilu on minimalistinen ja hillitty, mik\u00e4 tekee siit\u00e4 ihanteellisen valinnan niille, jotka pit\u00e4v\u00e4t yksinkertaisista mutta eleganteista koruista.<\/p>\n<p>Korvakorut setist\u00e4:<\/p>\n<p>paino 5,22 g.<\/p>\n<p>Topaaseja 12 kpl, 2,31 ct.<\/p>\n","protected":false},"excerpt":{"rendered":"<p>Korvakorut setist\u00e4:<\/p>\n<p>paino 5,22 g.<\/p>\n<p>topaaseja 12 kpl, 2,31 ct.<\/p>\n","protected":false},"featured_media":52409,"comment_status":"open","ping_status":"closed","template":"","meta":[],"etheme_brands":[],"product_brand":[],"product_cat":[987],"product_tag":[1002],"class_list":{"0":"post-52408","1":"product","2":"type-product","3":"status-publish","4":"has-post-thumbnail","6":"product_cat-korvakorut","7":"product_tag-lakoniset","9":"first","10":"instock","11":"shipping-taxable","12":"purchasable","13":"product-type-simple"},"acf":[],"yoast_head":"<!-- This site is optimized with the Yoast SEO Premium plugin v26.5 (Yoast SEO v26.8) - https:\/\/yoast.com\/product\/yoast-seo-premium-wordpress\/ -->\n<title>Valkokultaiset korvakorut sinisill\u00e4 topaaseilla ET-6122w - Colibri jewels<\/title>\n<meta name=\"robots\" content=\"index, follow, max-snippet:-1, max-image-preview:large, max-video-preview:-1\" \/>\n<link rel=\"canonical\" href=\"https:\/\/colibri-jewels.eu\/fi\/tuote\/valkokultaiset-korvakorut-sinisilla-topaaseilla-et-6122w\/\" \/>\n<meta property=\"og:locale\" content=\"fi_FI\" \/>\n<meta property=\"og:type\" content=\"article\" \/>\n<meta property=\"og:title\" content=\"Valkokultaiset korvakorut sinisill\u00e4 topaaseilla ET-6122w\" \/>\n<meta property=\"og:description\" content=\"Korvakorut setist\u00e4:  paino 5,22 g.  topaaseja 12 kpl, 2,31 ct.\" \/>\n<meta property=\"og:url\" content=\"https:\/\/colibri-jewels.eu\/fi\/tuote\/valkokultaiset-korvakorut-sinisilla-topaaseilla-et-6122w\/\" \/>\n<meta property=\"og:site_name\" content=\"Colibri jewels\" \/>\n<meta property=\"article:publisher\" content=\"https:\/\/www.facebook.com\/colibri.jewels\" \/>\n<meta property=\"article:modified_time\" content=\"2025-05-28T19:18:19+00:00\" \/>\n<meta property=\"og:image\" content=\"https:\/\/colibri-jewels.eu\/wp-content\/uploads\/2023\/10\/white-gold-square-topaz-earrings.jpg\" \/>\n\t<meta property=\"og:image:width\" content=\"1000\" \/>\n\t<meta property=\"og:image:height\" content=\"1000\" \/>\n\t<meta property=\"og:image:type\" content=\"image\/jpeg\" \/>\n<meta name=\"twitter:card\" content=\"summary_large_image\" \/>\n<script type=\"application\/ld+json\" class=\"yoast-schema-graph\">{\"@context\":\"https:\/\/schema.org\",\"@graph\":[{\"@type\":\"WebPage\",\"@id\":\"https:\/\/colibri-jewels.eu\/fi\/tuote\/valkokultaiset-korvakorut-sinisilla-topaaseilla-et-6122w\/\",\"url\":\"https:\/\/colibri-jewels.eu\/fi\/tuote\/valkokultaiset-korvakorut-sinisilla-topaaseilla-et-6122w\/\",\"name\":\"Valkokultaiset korvakorut sinisill\u00e4 topaaseilla ET-6122w - Colibri jewels\",\"isPartOf\":{\"@id\":\"https:\/\/colibri-jewels.eu\/fi\/#website\"},\"primaryImageOfPage\":{\"@id\":\"https:\/\/colibri-jewels.eu\/fi\/tuote\/valkokultaiset-korvakorut-sinisilla-topaaseilla-et-6122w\/#primaryimage\"},\"image\":{\"@id\":\"https:\/\/colibri-jewels.eu\/fi\/tuote\/valkokultaiset-korvakorut-sinisilla-topaaseilla-et-6122w\/#primaryimage\"},\"thumbnailUrl\":\"https:\/\/colibri-jewels.eu\/wp-content\/uploads\/2023\/10\/white-gold-square-topaz-earrings.jpg\",\"datePublished\":\"2023-10-26T07:42:26+00:00\",\"dateModified\":\"2025-05-28T19:18:19+00:00\",\"breadcrumb\":{\"@id\":\"https:\/\/colibri-jewels.eu\/fi\/tuote\/valkokultaiset-korvakorut-sinisilla-topaaseilla-et-6122w\/#breadcrumb\"},\"inLanguage\":\"fi\",\"potentialAction\":[{\"@type\":\"ReadAction\",\"target\":[\"https:\/\/colibri-jewels.eu\/fi\/tuote\/valkokultaiset-korvakorut-sinisilla-topaaseilla-et-6122w\/\"]}]},{\"@type\":\"ImageObject\",\"inLanguage\":\"fi\",\"@id\":\"https:\/\/colibri-jewels.eu\/fi\/tuote\/valkokultaiset-korvakorut-sinisilla-topaaseilla-et-6122w\/#primaryimage\",\"url\":\"https:\/\/colibri-jewels.eu\/wp-content\/uploads\/2023\/10\/white-gold-square-topaz-earrings.jpg\",\"contentUrl\":\"https:\/\/colibri-jewels.eu\/wp-content\/uploads\/2023\/10\/white-gold-square-topaz-earrings.jpg\",\"width\":1000,\"height\":1000},{\"@type\":\"BreadcrumbList\",\"@id\":\"https:\/\/colibri-jewels.eu\/fi\/tuote\/valkokultaiset-korvakorut-sinisilla-topaaseilla-et-6122w\/#breadcrumb\",\"itemListElement\":[{\"@type\":\"ListItem\",\"position\":1,\"name\":\"\u0413\u043b\u0430\u0432\u043d\u0430\u044f \u0441\u0442\u0440\u0430\u043d\u0438\u0446\u0430\",\"item\":\"https:\/\/colibri-jewels.eu\/fi\/\"},{\"@type\":\"ListItem\",\"position\":2,\"name\":\"Kauppa\",\"item\":\"https:\/\/colibri-jewels.eu\/fi\/kauppa\/\"},{\"@type\":\"ListItem\",\"position\":3,\"name\":\"Valkokultaiset korvakorut sinisill\u00e4 topaaseilla ET-6122w\"}]},{\"@type\":\"WebSite\",\"@id\":\"https:\/\/colibri-jewels.eu\/fi\/#website\",\"url\":\"https:\/\/colibri-jewels.eu\/fi\/\",\"name\":\"Colibri jewels\",\"description\":\"jewelry shop\",\"publisher\":{\"@id\":\"https:\/\/colibri-jewels.eu\/fi\/#organization\"},\"potentialAction\":[{\"@type\":\"SearchAction\",\"target\":{\"@type\":\"EntryPoint\",\"urlTemplate\":\"https:\/\/colibri-jewels.eu\/fi\/?s={search_term_string}\"},\"query-input\":{\"@type\":\"PropertyValueSpecification\",\"valueRequired\":true,\"valueName\":\"search_term_string\"}}],\"inLanguage\":\"fi\"},{\"@type\":\"Organization\",\"@id\":\"https:\/\/colibri-jewels.eu\/fi\/#organization\",\"name\":\"O\u00dc Colibri\",\"url\":\"https:\/\/colibri-jewels.eu\/fi\/\",\"logo\":{\"@type\":\"ImageObject\",\"inLanguage\":\"fi\",\"@id\":\"https:\/\/colibri-jewels.eu\/fi\/#\/schema\/logo\/image\/\",\"url\":\"https:\/\/dev.colibri-jewels.eu\/wp-content\/uploads\/2021\/03\/colibri.png\",\"contentUrl\":\"https:\/\/dev.colibri-jewels.eu\/wp-content\/uploads\/2021\/03\/colibri.png\",\"width\":227,\"height\":130,\"caption\":\"O\u00dc Colibri\"},\"image\":{\"@id\":\"https:\/\/colibri-jewels.eu\/fi\/#\/schema\/logo\/image\/\"},\"sameAs\":[\"https:\/\/www.facebook.com\/colibri.jewels\",\"https:\/\/www.instagram.com\/colibri.jewels\",\"https:\/\/www.tiktok.com\/colibri.jewels\"]}]}<\/script>\n<!-- \/ Yoast SEO Premium plugin. -->","yoast_head_json":{"title":"Valkokultaiset korvakorut sinisill\u00e4 topaaseilla ET-6122w - Colibri jewels","robots":{"index":"index","follow":"follow","max-snippet":"max-snippet:-1","max-image-preview":"max-image-preview:large","max-video-preview":"max-video-preview:-1"},"canonical":"https:\/\/colibri-jewels.eu\/fi\/tuote\/valkokultaiset-korvakorut-sinisilla-topaaseilla-et-6122w\/","og_locale":"fi_FI","og_type":"article","og_title":"Valkokultaiset korvakorut sinisill\u00e4 topaaseilla ET-6122w","og_description":"Korvakorut setist\u00e4:  paino 5,22 g.  topaaseja 12 kpl, 2,31 ct.","og_url":"https:\/\/colibri-jewels.eu\/fi\/tuote\/valkokultaiset-korvakorut-sinisilla-topaaseilla-et-6122w\/","og_site_name":"Colibri jewels","article_publisher":"https:\/\/www.facebook.com\/colibri.jewels","article_modified_time":"2025-05-28T19:18:19+00:00","og_image":[{"width":1000,"height":1000,"url":"https:\/\/colibri-jewels.eu\/wp-content\/uploads\/2023\/10\/white-gold-square-topaz-earrings.jpg","type":"image\/jpeg"}],"twitter_card":"summary_large_image","schema":{"@context":"https:\/\/schema.org","@graph":[{"@type":"WebPage","@id":"https:\/\/colibri-jewels.eu\/fi\/tuote\/valkokultaiset-korvakorut-sinisilla-topaaseilla-et-6122w\/","url":"https:\/\/colibri-jewels.eu\/fi\/tuote\/valkokultaiset-korvakorut-sinisilla-topaaseilla-et-6122w\/","name":"Valkokultaiset korvakorut sinisill\u00e4 topaaseilla ET-6122w - Colibri jewels","isPartOf":{"@id":"https:\/\/colibri-jewels.eu\/fi\/#website"},"primaryImageOfPage":{"@id":"https:\/\/colibri-jewels.eu\/fi\/tuote\/valkokultaiset-korvakorut-sinisilla-topaaseilla-et-6122w\/#primaryimage"},"image":{"@id":"https:\/\/colibri-jewels.eu\/fi\/tuote\/valkokultaiset-korvakorut-sinisilla-topaaseilla-et-6122w\/#primaryimage"},"thumbnailUrl":"https:\/\/colibri-jewels.eu\/wp-content\/uploads\/2023\/10\/white-gold-square-topaz-earrings.jpg","datePublished":"2023-10-26T07:42:26+00:00","dateModified":"2025-05-28T19:18:19+00:00","breadcrumb":{"@id":"https:\/\/colibri-jewels.eu\/fi\/tuote\/valkokultaiset-korvakorut-sinisilla-topaaseilla-et-6122w\/#breadcrumb"},"inLanguage":"fi","potentialAction":[{"@type":"ReadAction","target":["https:\/\/colibri-jewels.eu\/fi\/tuote\/valkokultaiset-korvakorut-sinisilla-topaaseilla-et-6122w\/"]}]},{"@type":"ImageObject","inLanguage":"fi","@id":"https:\/\/colibri-jewels.eu\/fi\/tuote\/valkokultaiset-korvakorut-sinisilla-topaaseilla-et-6122w\/#primaryimage","url":"https:\/\/colibri-jewels.eu\/wp-content\/uploads\/2023\/10\/white-gold-square-topaz-earrings.jpg","contentUrl":"https:\/\/colibri-jewels.eu\/wp-content\/uploads\/2023\/10\/white-gold-square-topaz-earrings.jpg","width":1000,"height":1000},{"@type":"BreadcrumbList","@id":"https:\/\/colibri-jewels.eu\/fi\/tuote\/valkokultaiset-korvakorut-sinisilla-topaaseilla-et-6122w\/#breadcrumb","itemListElement":[{"@type":"ListItem","position":1,"name":"\u0413\u043b\u0430\u0432\u043d\u0430\u044f \u0441\u0442\u0440\u0430\u043d\u0438\u0446\u0430","item":"https:\/\/colibri-jewels.eu\/fi\/"},{"@type":"ListItem","position":2,"name":"Kauppa","item":"https:\/\/colibri-jewels.eu\/fi\/kauppa\/"},{"@type":"ListItem","position":3,"name":"Valkokultaiset korvakorut sinisill\u00e4 topaaseilla ET-6122w"}]},{"@type":"WebSite","@id":"https:\/\/colibri-jewels.eu\/fi\/#website","url":"https:\/\/colibri-jewels.eu\/fi\/","name":"Colibri jewels","description":"jewelry shop","publisher":{"@id":"https:\/\/colibri-jewels.eu\/fi\/#organization"},"potentialAction":[{"@type":"SearchAction","target":{"@type":"EntryPoint","urlTemplate":"https:\/\/colibri-jewels.eu\/fi\/?s={search_term_string}"},"query-input":{"@type":"PropertyValueSpecification","valueRequired":true,"valueName":"search_term_string"}}],"inLanguage":"fi"},{"@type":"Organization","@id":"https:\/\/colibri-jewels.eu\/fi\/#organization","name":"O\u00dc Colibri","url":"https:\/\/colibri-jewels.eu\/fi\/","logo":{"@type":"ImageObject","inLanguage":"fi","@id":"https:\/\/colibri-jewels.eu\/fi\/#\/schema\/logo\/image\/","url":"https:\/\/dev.colibri-jewels.eu\/wp-content\/uploads\/2021\/03\/colibri.png","contentUrl":"https:\/\/dev.colibri-jewels.eu\/wp-content\/uploads\/2021\/03\/colibri.png","width":227,"height":130,"caption":"O\u00dc Colibri"},"image":{"@id":"https:\/\/colibri-jewels.eu\/fi\/#\/schema\/logo\/image\/"},"sameAs":["https:\/\/www.facebook.com\/colibri.jewels","https:\/\/www.instagram.com\/colibri.jewels","https:\/\/www.tiktok.com\/colibri.jewels"]}]}},"_links":{"self":[{"href":"https:\/\/colibri-jewels.eu\/fi\/wp-json\/wp\/v2\/product\/52408","targetHints":{"allow":["GET"]}}],"collection":[{"href":"https:\/\/colibri-jewels.eu\/fi\/wp-json\/wp\/v2\/product"}],"about":[{"href":"https:\/\/colibri-jewels.eu\/fi\/wp-json\/wp\/v2\/types\/product"}],"replies":[{"embeddable":true,"href":"https:\/\/colibri-jewels.eu\/fi\/wp-json\/wp\/v2\/comments?post=52408"}],"version-history":[{"count":0,"href":"https:\/\/colibri-jewels.eu\/fi\/wp-json\/wp\/v2\/product\/52408\/revisions"}],"wp:featuredmedia":[{"embeddable":true,"href":"https:\/\/colibri-jewels.eu\/fi\/wp-json\/wp\/v2\/media\/52409"}],"wp:attachment":[{"href":"https:\/\/colibri-jewels.eu\/fi\/wp-json\/wp\/v2\/media?parent=52408"}],"wp:term":[{"taxonomy":"brand","embeddable":true,"href":"https:\/\/colibri-jewels.eu\/fi\/wp-json\/wp\/v2\/etheme_brands?post=52408"},{"taxonomy":"product_brand","embeddable":true,"href":"https:\/\/colibri-jewels.eu\/fi\/wp-json\/wp\/v2\/product_brand?post=52408"},{"taxonomy":"product_cat","embeddable":true,"href":"https:\/\/colibri-jewels.eu\/fi\/wp-json\/wp\/v2\/product_cat?post=52408"},{"taxonomy":"product_tag","embeddable":true,"href":"https:\/\/colibri-jewels.eu\/fi\/wp-json\/wp\/v2\/product_tag?post=52408"}],"curies":[{"name":"wp","href":"https:\/\/api.w.org\/{rel}","templated":true}]}}