{"id":52416,"date":"2023-10-25T21:36:57","date_gmt":"2023-10-25T18:36:57","guid":{"rendered":"https:\/\/colibri-jewels.eu\/?post_type=product&#038;p=52416"},"modified":"2025-05-28T22:18:24","modified_gmt":"2025-05-28T19:18:24","slug":"hopeinen-daavidin-tahti-riipus-mustalla-onyksilla","status":"publish","type":"product","link":"https:\/\/colibri-jewels.eu\/fi\/tuote\/hopeinen-daavidin-tahti-riipus-mustalla-onyksilla\/","title":{"rendered":"Hopeinen &#8221;Daavidin t\u00e4hti&#8221; -riipus mustalla onyksilla"},"content":{"rendered":"<p>Esittelyss\u00e4 Harkovan Korutehtaan &#8221;Daavidin t\u00e4hti&#8221; -riipus:<\/p>\n<p>Paljastamme perinteiden ja eleganssin kiehtovan yhdistelm\u00e4n huolellisesti valmistetulla &#8221;Daavidin t\u00e4hti&#8221; -riipuksellamme. T\u00e4m\u00e4 symboli, joka tunnetaan my\u00f6s nimell\u00e4 Magen David, kantaa rikasta historiaa pyh\u00e4n\u00e4 tunnusmerkkin\u00e4, joka on vuosisatojen ajan symboloinut uskoa, yhten\u00e4isyytt\u00e4 ja suojaa. Sen kuusikulmainen t\u00e4htikuvio on voimakas tasapainon ja yhteyden esitys.<\/p>\n<p>T\u00e4rkeimm\u00e4t ominaisuudet:<\/p>\n<ul>\n<li>Ajaton symboliikka: Daavidin t\u00e4hti on arvostettu tunnusmerkki, joka on t\u00e4ynn\u00e4 historiallista ja hengellist\u00e4 merkityst\u00e4, mik\u00e4 tekee t\u00e4st\u00e4 riipuksesta merkityksellisen ja ajattoman asusteen.<\/li>\n<li>Hienostuneita kontrasteja: Hopeasta valmistetussa riipuksessa on silmiinpist\u00e4v\u00e4 onyksikeskikappale, jota koristavat kirkkaat valkoiset kuutiolliset zirkoniakristallit. Onyksin syv\u00e4n musta s\u00e4vy yhdess\u00e4 kimaltelevien valkoisten kristallien kanssa luo upean ja elegantin koristeen.<\/li>\n<li>Monipuolinen eleganssi: T\u00e4m\u00e4 riipus sopii kaikkiin tilaisuuksiin ja t\u00e4ydent\u00e4\u00e4 niin arki- kuin juhlapukeutumistakin tuoden tyyliisi ripauksen hienostuneisuutta.<\/li>\n<\/ul>\n<p>Harkovan Korutehtaan &#8221;Daavidin t\u00e4hti&#8221; -riipus kunnioittaa perinteit\u00e4 samalla kun se huokuu modernia tyylikkyytt\u00e4. Sen musta v\u00e4ri ja valkoisten kristallien kontrasti tekev\u00e4t siit\u00e4 ajattoman eleganssin symbolin. Lis\u00e4\u00e4 kokoelmaasi ripaus henkisyytt\u00e4 ja tyyli\u00e4 tilaamalla omasi jo t\u00e4n\u00e4\u00e4n. Se on enemm\u00e4n kuin pelkk\u00e4 riipus; se on tarina ja ajaton ilmaisu.<\/p>\n","protected":false},"excerpt":{"rendered":"<p>Sterlinghopeaa.<\/p>\n<p>Kuutiollinen zirkonia, musta onyksi.<\/p>\n","protected":false},"featured_media":52417,"comment_status":"open","ping_status":"closed","template":"","meta":[],"etheme_brands":[],"product_brand":[],"product_cat":[989],"product_tag":[1012],"class_list":{"0":"post-52416","1":"product","2":"type-product","3":"status-publish","4":"has-post-thumbnail","6":"product_cat-kaulakorut-ja-riipukset","7":"product_tag-israelin-symbolit","9":"first","10":"instock","11":"shipping-taxable","12":"purchasable","13":"product-type-simple"},"acf":[],"yoast_head":"<!-- This site is optimized with the Yoast SEO Premium plugin v26.5 (Yoast SEO v26.8) - https:\/\/yoast.com\/product\/yoast-seo-premium-wordpress\/ -->\n<title>Hopeinen &quot;Daavidin t\u00e4hti&quot; -riipus mustalla onyksilla - Colibri jewels<\/title>\n<meta name=\"robots\" content=\"index, follow, max-snippet:-1, max-image-preview:large, max-video-preview:-1\" \/>\n<link rel=\"canonical\" href=\"https:\/\/colibri-jewels.eu\/fi\/tuote\/hopeinen-daavidin-tahti-riipus-mustalla-onyksilla\/\" \/>\n<meta property=\"og:locale\" content=\"fi_FI\" \/>\n<meta property=\"og:type\" content=\"article\" \/>\n<meta property=\"og:title\" content=\"Hopeinen &quot;Daavidin t\u00e4hti&quot; -riipus mustalla onyksilla\" \/>\n<meta property=\"og:description\" content=\"Sterlinghopeaa.  Kuutiollinen zirkonia, musta onyksi.\" \/>\n<meta property=\"og:url\" content=\"https:\/\/colibri-jewels.eu\/fi\/tuote\/hopeinen-daavidin-tahti-riipus-mustalla-onyksilla\/\" \/>\n<meta property=\"og:site_name\" content=\"Colibri jewels\" \/>\n<meta property=\"article:publisher\" content=\"https:\/\/www.facebook.com\/colibri.jewels\" \/>\n<meta property=\"article:modified_time\" content=\"2025-05-28T19:18:24+00:00\" \/>\n<meta property=\"og:image\" content=\"https:\/\/colibri-jewels.eu\/wp-content\/uploads\/2023\/10\/\u0437\u0432\u0435\u0437\u0434\u0430-\u0434\u0430\u0432\u0438\u0434\u0430-\u043e\u043d\u0438\u043a\u0441.jpg\" \/>\n\t<meta property=\"og:image:width\" content=\"1000\" \/>\n\t<meta property=\"og:image:height\" content=\"1000\" \/>\n\t<meta property=\"og:image:type\" content=\"image\/jpeg\" \/>\n<meta name=\"twitter:card\" content=\"summary_large_image\" \/>\n<meta name=\"twitter:label1\" content=\"Arvioitu lukuaika\" \/>\n\t<meta name=\"twitter:data1\" content=\"1 minuutti\" \/>\n<script type=\"application\/ld+json\" class=\"yoast-schema-graph\">{\"@context\":\"https:\/\/schema.org\",\"@graph\":[{\"@type\":\"WebPage\",\"@id\":\"https:\/\/colibri-jewels.eu\/fi\/tuote\/hopeinen-daavidin-tahti-riipus-mustalla-onyksilla\/\",\"url\":\"https:\/\/colibri-jewels.eu\/fi\/tuote\/hopeinen-daavidin-tahti-riipus-mustalla-onyksilla\/\",\"name\":\"Hopeinen \\\"Daavidin t\u00e4hti\\\" -riipus mustalla onyksilla - Colibri jewels\",\"isPartOf\":{\"@id\":\"https:\/\/colibri-jewels.eu\/fi\/#website\"},\"primaryImageOfPage\":{\"@id\":\"https:\/\/colibri-jewels.eu\/fi\/tuote\/hopeinen-daavidin-tahti-riipus-mustalla-onyksilla\/#primaryimage\"},\"image\":{\"@id\":\"https:\/\/colibri-jewels.eu\/fi\/tuote\/hopeinen-daavidin-tahti-riipus-mustalla-onyksilla\/#primaryimage\"},\"thumbnailUrl\":\"https:\/\/colibri-jewels.eu\/wp-content\/uploads\/2023\/10\/\u0437\u0432\u0435\u0437\u0434\u0430-\u0434\u0430\u0432\u0438\u0434\u0430-\u043e\u043d\u0438\u043a\u0441.jpg\",\"datePublished\":\"2023-10-25T18:36:57+00:00\",\"dateModified\":\"2025-05-28T19:18:24+00:00\",\"breadcrumb\":{\"@id\":\"https:\/\/colibri-jewels.eu\/fi\/tuote\/hopeinen-daavidin-tahti-riipus-mustalla-onyksilla\/#breadcrumb\"},\"inLanguage\":\"fi\",\"potentialAction\":[{\"@type\":\"ReadAction\",\"target\":[\"https:\/\/colibri-jewels.eu\/fi\/tuote\/hopeinen-daavidin-tahti-riipus-mustalla-onyksilla\/\"]}]},{\"@type\":\"ImageObject\",\"inLanguage\":\"fi\",\"@id\":\"https:\/\/colibri-jewels.eu\/fi\/tuote\/hopeinen-daavidin-tahti-riipus-mustalla-onyksilla\/#primaryimage\",\"url\":\"https:\/\/colibri-jewels.eu\/wp-content\/uploads\/2023\/10\/\u0437\u0432\u0435\u0437\u0434\u0430-\u0434\u0430\u0432\u0438\u0434\u0430-\u043e\u043d\u0438\u043a\u0441.jpg\",\"contentUrl\":\"https:\/\/colibri-jewels.eu\/wp-content\/uploads\/2023\/10\/\u0437\u0432\u0435\u0437\u0434\u0430-\u0434\u0430\u0432\u0438\u0434\u0430-\u043e\u043d\u0438\u043a\u0441.jpg\",\"width\":1000,\"height\":1000},{\"@type\":\"BreadcrumbList\",\"@id\":\"https:\/\/colibri-jewels.eu\/fi\/tuote\/hopeinen-daavidin-tahti-riipus-mustalla-onyksilla\/#breadcrumb\",\"itemListElement\":[{\"@type\":\"ListItem\",\"position\":1,\"name\":\"\u0413\u043b\u0430\u0432\u043d\u0430\u044f \u0441\u0442\u0440\u0430\u043d\u0438\u0446\u0430\",\"item\":\"https:\/\/colibri-jewels.eu\/fi\/\"},{\"@type\":\"ListItem\",\"position\":2,\"name\":\"Kauppa\",\"item\":\"https:\/\/colibri-jewels.eu\/fi\/kauppa\/\"},{\"@type\":\"ListItem\",\"position\":3,\"name\":\"Hopeinen &#8220;Daavidin t\u00e4hti&#8221; -riipus mustalla onyksilla\"}]},{\"@type\":\"WebSite\",\"@id\":\"https:\/\/colibri-jewels.eu\/fi\/#website\",\"url\":\"https:\/\/colibri-jewels.eu\/fi\/\",\"name\":\"Colibri jewels\",\"description\":\"jewelry shop\",\"publisher\":{\"@id\":\"https:\/\/colibri-jewels.eu\/fi\/#organization\"},\"potentialAction\":[{\"@type\":\"SearchAction\",\"target\":{\"@type\":\"EntryPoint\",\"urlTemplate\":\"https:\/\/colibri-jewels.eu\/fi\/?s={search_term_string}\"},\"query-input\":{\"@type\":\"PropertyValueSpecification\",\"valueRequired\":true,\"valueName\":\"search_term_string\"}}],\"inLanguage\":\"fi\"},{\"@type\":\"Organization\",\"@id\":\"https:\/\/colibri-jewels.eu\/fi\/#organization\",\"name\":\"O\u00dc Colibri\",\"url\":\"https:\/\/colibri-jewels.eu\/fi\/\",\"logo\":{\"@type\":\"ImageObject\",\"inLanguage\":\"fi\",\"@id\":\"https:\/\/colibri-jewels.eu\/fi\/#\/schema\/logo\/image\/\",\"url\":\"https:\/\/dev.colibri-jewels.eu\/wp-content\/uploads\/2021\/03\/colibri.png\",\"contentUrl\":\"https:\/\/dev.colibri-jewels.eu\/wp-content\/uploads\/2021\/03\/colibri.png\",\"width\":227,\"height\":130,\"caption\":\"O\u00dc Colibri\"},\"image\":{\"@id\":\"https:\/\/colibri-jewels.eu\/fi\/#\/schema\/logo\/image\/\"},\"sameAs\":[\"https:\/\/www.facebook.com\/colibri.jewels\",\"https:\/\/www.instagram.com\/colibri.jewels\",\"https:\/\/www.tiktok.com\/colibri.jewels\"]}]}<\/script>\n<!-- \/ Yoast SEO Premium plugin. -->","yoast_head_json":{"title":"Hopeinen \"Daavidin t\u00e4hti\" -riipus mustalla onyksilla - Colibri jewels","robots":{"index":"index","follow":"follow","max-snippet":"max-snippet:-1","max-image-preview":"max-image-preview:large","max-video-preview":"max-video-preview:-1"},"canonical":"https:\/\/colibri-jewels.eu\/fi\/tuote\/hopeinen-daavidin-tahti-riipus-mustalla-onyksilla\/","og_locale":"fi_FI","og_type":"article","og_title":"Hopeinen \"Daavidin t\u00e4hti\" -riipus mustalla onyksilla","og_description":"Sterlinghopeaa.  Kuutiollinen zirkonia, musta onyksi.","og_url":"https:\/\/colibri-jewels.eu\/fi\/tuote\/hopeinen-daavidin-tahti-riipus-mustalla-onyksilla\/","og_site_name":"Colibri jewels","article_publisher":"https:\/\/www.facebook.com\/colibri.jewels","article_modified_time":"2025-05-28T19:18:24+00:00","og_image":[{"width":1000,"height":1000,"url":"https:\/\/colibri-jewels.eu\/wp-content\/uploads\/2023\/10\/\u0437\u0432\u0435\u0437\u0434\u0430-\u0434\u0430\u0432\u0438\u0434\u0430-\u043e\u043d\u0438\u043a\u0441.jpg","type":"image\/jpeg"}],"twitter_card":"summary_large_image","twitter_misc":{"Arvioitu lukuaika":"1 minuutti"},"schema":{"@context":"https:\/\/schema.org","@graph":[{"@type":"WebPage","@id":"https:\/\/colibri-jewels.eu\/fi\/tuote\/hopeinen-daavidin-tahti-riipus-mustalla-onyksilla\/","url":"https:\/\/colibri-jewels.eu\/fi\/tuote\/hopeinen-daavidin-tahti-riipus-mustalla-onyksilla\/","name":"Hopeinen \"Daavidin t\u00e4hti\" -riipus mustalla onyksilla - Colibri jewels","isPartOf":{"@id":"https:\/\/colibri-jewels.eu\/fi\/#website"},"primaryImageOfPage":{"@id":"https:\/\/colibri-jewels.eu\/fi\/tuote\/hopeinen-daavidin-tahti-riipus-mustalla-onyksilla\/#primaryimage"},"image":{"@id":"https:\/\/colibri-jewels.eu\/fi\/tuote\/hopeinen-daavidin-tahti-riipus-mustalla-onyksilla\/#primaryimage"},"thumbnailUrl":"https:\/\/colibri-jewels.eu\/wp-content\/uploads\/2023\/10\/\u0437\u0432\u0435\u0437\u0434\u0430-\u0434\u0430\u0432\u0438\u0434\u0430-\u043e\u043d\u0438\u043a\u0441.jpg","datePublished":"2023-10-25T18:36:57+00:00","dateModified":"2025-05-28T19:18:24+00:00","breadcrumb":{"@id":"https:\/\/colibri-jewels.eu\/fi\/tuote\/hopeinen-daavidin-tahti-riipus-mustalla-onyksilla\/#breadcrumb"},"inLanguage":"fi","potentialAction":[{"@type":"ReadAction","target":["https:\/\/colibri-jewels.eu\/fi\/tuote\/hopeinen-daavidin-tahti-riipus-mustalla-onyksilla\/"]}]},{"@type":"ImageObject","inLanguage":"fi","@id":"https:\/\/colibri-jewels.eu\/fi\/tuote\/hopeinen-daavidin-tahti-riipus-mustalla-onyksilla\/#primaryimage","url":"https:\/\/colibri-jewels.eu\/wp-content\/uploads\/2023\/10\/\u0437\u0432\u0435\u0437\u0434\u0430-\u0434\u0430\u0432\u0438\u0434\u0430-\u043e\u043d\u0438\u043a\u0441.jpg","contentUrl":"https:\/\/colibri-jewels.eu\/wp-content\/uploads\/2023\/10\/\u0437\u0432\u0435\u0437\u0434\u0430-\u0434\u0430\u0432\u0438\u0434\u0430-\u043e\u043d\u0438\u043a\u0441.jpg","width":1000,"height":1000},{"@type":"BreadcrumbList","@id":"https:\/\/colibri-jewels.eu\/fi\/tuote\/hopeinen-daavidin-tahti-riipus-mustalla-onyksilla\/#breadcrumb","itemListElement":[{"@type":"ListItem","position":1,"name":"\u0413\u043b\u0430\u0432\u043d\u0430\u044f \u0441\u0442\u0440\u0430\u043d\u0438\u0446\u0430","item":"https:\/\/colibri-jewels.eu\/fi\/"},{"@type":"ListItem","position":2,"name":"Kauppa","item":"https:\/\/colibri-jewels.eu\/fi\/kauppa\/"},{"@type":"ListItem","position":3,"name":"Hopeinen &#8220;Daavidin t\u00e4hti&#8221; -riipus mustalla onyksilla"}]},{"@type":"WebSite","@id":"https:\/\/colibri-jewels.eu\/fi\/#website","url":"https:\/\/colibri-jewels.eu\/fi\/","name":"Colibri jewels","description":"jewelry shop","publisher":{"@id":"https:\/\/colibri-jewels.eu\/fi\/#organization"},"potentialAction":[{"@type":"SearchAction","target":{"@type":"EntryPoint","urlTemplate":"https:\/\/colibri-jewels.eu\/fi\/?s={search_term_string}"},"query-input":{"@type":"PropertyValueSpecification","valueRequired":true,"valueName":"search_term_string"}}],"inLanguage":"fi"},{"@type":"Organization","@id":"https:\/\/colibri-jewels.eu\/fi\/#organization","name":"O\u00dc Colibri","url":"https:\/\/colibri-jewels.eu\/fi\/","logo":{"@type":"ImageObject","inLanguage":"fi","@id":"https:\/\/colibri-jewels.eu\/fi\/#\/schema\/logo\/image\/","url":"https:\/\/dev.colibri-jewels.eu\/wp-content\/uploads\/2021\/03\/colibri.png","contentUrl":"https:\/\/dev.colibri-jewels.eu\/wp-content\/uploads\/2021\/03\/colibri.png","width":227,"height":130,"caption":"O\u00dc Colibri"},"image":{"@id":"https:\/\/colibri-jewels.eu\/fi\/#\/schema\/logo\/image\/"},"sameAs":["https:\/\/www.facebook.com\/colibri.jewels","https:\/\/www.instagram.com\/colibri.jewels","https:\/\/www.tiktok.com\/colibri.jewels"]}]}},"_links":{"self":[{"href":"https:\/\/colibri-jewels.eu\/fi\/wp-json\/wp\/v2\/product\/52416","targetHints":{"allow":["GET"]}}],"collection":[{"href":"https:\/\/colibri-jewels.eu\/fi\/wp-json\/wp\/v2\/product"}],"about":[{"href":"https:\/\/colibri-jewels.eu\/fi\/wp-json\/wp\/v2\/types\/product"}],"replies":[{"embeddable":true,"href":"https:\/\/colibri-jewels.eu\/fi\/wp-json\/wp\/v2\/comments?post=52416"}],"version-history":[{"count":0,"href":"https:\/\/colibri-jewels.eu\/fi\/wp-json\/wp\/v2\/product\/52416\/revisions"}],"wp:featuredmedia":[{"embeddable":true,"href":"https:\/\/colibri-jewels.eu\/fi\/wp-json\/wp\/v2\/media\/52417"}],"wp:attachment":[{"href":"https:\/\/colibri-jewels.eu\/fi\/wp-json\/wp\/v2\/media?parent=52416"}],"wp:term":[{"taxonomy":"brand","embeddable":true,"href":"https:\/\/colibri-jewels.eu\/fi\/wp-json\/wp\/v2\/etheme_brands?post=52416"},{"taxonomy":"product_brand","embeddable":true,"href":"https:\/\/colibri-jewels.eu\/fi\/wp-json\/wp\/v2\/product_brand?post=52416"},{"taxonomy":"product_cat","embeddable":true,"href":"https:\/\/colibri-jewels.eu\/fi\/wp-json\/wp\/v2\/product_cat?post=52416"},{"taxonomy":"product_tag","embeddable":true,"href":"https:\/\/colibri-jewels.eu\/fi\/wp-json\/wp\/v2\/product_tag?post=52416"}],"curies":[{"name":"wp","href":"https:\/\/api.w.org\/{rel}","templated":true}]}}