{"id":52494,"date":"2023-09-23T17:26:31","date_gmt":"2023-09-23T14:26:31","guid":{"rendered":"https:\/\/colibri-jewels.eu\/?post_type=product&#038;p=52494"},"modified":"2025-05-28T22:24:01","modified_gmt":"2025-05-28T19:24:01","slug":"ainutlaatuinen-hopeinen-raskas-miesten-elamanpuu-sormus","status":"publish","type":"product","link":"https:\/\/colibri-jewels.eu\/fi\/tuote\/ainutlaatuinen-hopeinen-raskas-miesten-elamanpuu-sormus\/","title":{"rendered":"Ainutlaatuinen hopeinen raskas miesten &#8221;El\u00e4m\u00e4npuu&#8221;-sormus"},"content":{"rendered":"<p><strong>L\u00f6yd\u00e4 El\u00e4m\u00e4npuu-hopeisen miesten sormuksemme ajaton vieh\u00e4tys.<\/strong><\/p>\n<p>Kohota tyyli\u00e4si ainutlaatuisella El\u00e4m\u00e4npuu-hopeisella miesten sormuksellamme, mestariteoksella, jossa yhdistyv\u00e4t eleganssi ja symboliikka. Modernille herrasmiehelle suunniteltu poikkeuksellinen sormus on enemm\u00e4n kuin pelkk\u00e4 asuste; se on symboli ainutlaatuisesta tyylist\u00e4si, vahvasta luonteestasi ja omistautumisestasi esi-isiemme perinteille.<\/p>\n<p><strong>El\u00e4m\u00e4npuun legenda<\/strong><\/p>\n<p>Syv\u00e4ll\u00e4 muinaisessa mytologiassa juurtunut El\u00e4m\u00e4npuu edustaa kaikkien el\u00e4vien olentojen keskin\u00e4ist\u00e4 yhteytt\u00e4 ja olemassaolon kiertokulkua. Juuriensa ollessa maassa ja oksien kurkottaessa taivasta kohti, t\u00e4m\u00e4 pyh\u00e4 puu ilment\u00e4\u00e4 luonnon ja maailmankaikkeuden harmoniaa sek\u00e4 symboloi sukupolvien v\u00e4list\u00e4 yhteytt\u00e4.<\/p>\n<p><strong>Hienostunut k\u00e4sity\u00f6taito<\/strong><\/p>\n<p>El\u00e4m\u00e4npuu-hopeinen miesten sormuksemme on taitavien k\u00e4sity\u00f6l\u00e4isten huolellisesti k\u00e4sintekem\u00e4. Massiivisesta hopeasta valmistettu sormus painaa huomattavat 20 grammaa, mik\u00e4 takaa kest\u00e4v\u00e4n laadun, ylellisyyden ja j\u00e4m\u00e4kkyyden.<\/p>\n<p><strong>Vahvuuden ja kasvun symboli<\/strong><\/p>\n<p>T\u00e4m\u00e4n sormuksen paino ei symboloi ainoastaan sen kest\u00e4vyytt\u00e4, vaan my\u00f6s sis\u00e4ist\u00e4 voimaasi ja sitkeytt\u00e4si. Aivan kuten El\u00e4m\u00e4npuu kest\u00e4\u00e4 ajan koetukset, niin kest\u00e4t sin\u00e4kin. T\u00e4m\u00e4 sormus toimii muistutuksena sitoutumisestasi henkil\u00f6kohtaiseen kasvuun ja menestykseen.<\/p>\n<p><strong>Verraton muotoilu<\/strong><\/p>\n<p>Sormuksen pinnalla oleva monimutkainen El\u00e4m\u00e4npuu-reliefikuvio lis\u00e4\u00e4 mystiikkaa ja hienostuneisuutta. Olitpa sitten osallistumassa liiketapaamiseen tai juhlistamassa virstanpylv\u00e4st\u00e4, t\u00e4m\u00e4 sormus t\u00e4ydent\u00e4\u00e4 tyyli\u00e4si ja j\u00e4tt\u00e4\u00e4 pysyv\u00e4n vaikutuksen.<\/p>\n<p><strong>Tee vaikutus<\/strong><\/p>\n<p>Maailmassa, jossa ensivaikutelmat ovat t\u00e4rkeit\u00e4, El\u00e4m\u00e4npuu-hopeinen miesten sormuksemme erottaa sinut tyylikk\u00e4\u00e4n\u00e4 ja merkitt\u00e4v\u00e4n\u00e4 henkil\u00f6n\u00e4. Korosta l\u00e4sn\u00e4oloasi ja anna persoonallisuutesi loistaa t\u00e4m\u00e4n huomattavan korun avulla, joka kertoo tarinaa vahvuudesta, kasvusta ja ajattomasta eleganssista.<\/p>\n<p>Tee El\u00e4m\u00e4npuu-hopeisesta miesten sormuksestamme omasi jo t\u00e4n\u00e4\u00e4n ja koe legendan vieh\u00e4tys sek\u00e4 eleganssin voima k\u00e4dess\u00e4si. Se ei ole vain sormus; se on julkilausuma.<\/p>\n","protected":false},"excerpt":{"rendered":"<p>Sterlinghopeaa.<\/p>\n<p>Arvioitu paino 20 g.<\/p>\n<p>Koot varastossa 19.5 ja 20.5.<\/p>\n","protected":false},"featured_media":52495,"comment_status":"open","ping_status":"closed","template":"","meta":[],"etheme_brands":[],"product_brand":[],"product_cat":[990],"product_tag":[1003,1005],"class_list":{"0":"post-52494","1":"product","2":"type-product","3":"status-publish","4":"has-post-thumbnail","6":"product_cat-sormukset","7":"product_tag-miesten-korut","8":"product_tag-riimukorut","10":"first","11":"instock","12":"shipping-taxable","13":"purchasable","14":"product-type-variable"},"acf":[],"yoast_head":"<!-- This site is optimized with the Yoast SEO Premium plugin v26.5 (Yoast SEO v26.8) - https:\/\/yoast.com\/product\/yoast-seo-premium-wordpress\/ -->\n<title>Ainutlaatuinen hopeinen raskas miesten &quot;El\u00e4m\u00e4npuu&quot;-sormus - Colibri jewels<\/title>\n<meta name=\"robots\" content=\"index, follow, max-snippet:-1, max-image-preview:large, max-video-preview:-1\" \/>\n<link rel=\"canonical\" href=\"https:\/\/colibri-jewels.eu\/fi\/tuote\/ainutlaatuinen-hopeinen-raskas-miesten-elamanpuu-sormus\/\" \/>\n<meta property=\"og:locale\" content=\"fi_FI\" \/>\n<meta property=\"og:type\" content=\"article\" \/>\n<meta property=\"og:title\" content=\"Ainutlaatuinen hopeinen raskas miesten &quot;El\u00e4m\u00e4npuu&quot;-sormus\" \/>\n<meta property=\"og:description\" content=\"Sterlinghopeaa.  Arvioitu paino 20 g.  Koot varastossa 19.5 ja 20.5.\" \/>\n<meta property=\"og:url\" content=\"https:\/\/colibri-jewels.eu\/fi\/tuote\/ainutlaatuinen-hopeinen-raskas-miesten-elamanpuu-sormus\/\" \/>\n<meta property=\"og:site_name\" content=\"Colibri jewels\" \/>\n<meta property=\"article:publisher\" content=\"https:\/\/www.facebook.com\/colibri.jewels\" \/>\n<meta property=\"article:modified_time\" content=\"2025-05-28T19:24:01+00:00\" \/>\n<meta property=\"og:image\" content=\"https:\/\/colibri-jewels.eu\/wp-content\/uploads\/2023\/09\/silver-men-ring-tree-of-life.jpg\" \/>\n\t<meta property=\"og:image:width\" content=\"1000\" \/>\n\t<meta property=\"og:image:height\" content=\"1000\" \/>\n\t<meta property=\"og:image:type\" content=\"image\/jpeg\" \/>\n<meta name=\"twitter:card\" content=\"summary_large_image\" \/>\n<meta name=\"twitter:label1\" content=\"Arvioitu lukuaika\" \/>\n\t<meta name=\"twitter:data1\" content=\"1 minuutti\" \/>\n<script type=\"application\/ld+json\" class=\"yoast-schema-graph\">{\"@context\":\"https:\/\/schema.org\",\"@graph\":[{\"@type\":\"WebPage\",\"@id\":\"https:\/\/colibri-jewels.eu\/fi\/tuote\/ainutlaatuinen-hopeinen-raskas-miesten-elamanpuu-sormus\/\",\"url\":\"https:\/\/colibri-jewels.eu\/fi\/tuote\/ainutlaatuinen-hopeinen-raskas-miesten-elamanpuu-sormus\/\",\"name\":\"Ainutlaatuinen hopeinen raskas miesten \\\"El\u00e4m\u00e4npuu\\\"-sormus - Colibri jewels\",\"isPartOf\":{\"@id\":\"https:\/\/colibri-jewels.eu\/fi\/#website\"},\"primaryImageOfPage\":{\"@id\":\"https:\/\/colibri-jewels.eu\/fi\/tuote\/ainutlaatuinen-hopeinen-raskas-miesten-elamanpuu-sormus\/#primaryimage\"},\"image\":{\"@id\":\"https:\/\/colibri-jewels.eu\/fi\/tuote\/ainutlaatuinen-hopeinen-raskas-miesten-elamanpuu-sormus\/#primaryimage\"},\"thumbnailUrl\":\"https:\/\/colibri-jewels.eu\/wp-content\/uploads\/2023\/09\/silver-men-ring-tree-of-life.jpg\",\"datePublished\":\"2023-09-23T14:26:31+00:00\",\"dateModified\":\"2025-05-28T19:24:01+00:00\",\"breadcrumb\":{\"@id\":\"https:\/\/colibri-jewels.eu\/fi\/tuote\/ainutlaatuinen-hopeinen-raskas-miesten-elamanpuu-sormus\/#breadcrumb\"},\"inLanguage\":\"fi\",\"potentialAction\":[{\"@type\":\"ReadAction\",\"target\":[\"https:\/\/colibri-jewels.eu\/fi\/tuote\/ainutlaatuinen-hopeinen-raskas-miesten-elamanpuu-sormus\/\"]}]},{\"@type\":\"ImageObject\",\"inLanguage\":\"fi\",\"@id\":\"https:\/\/colibri-jewels.eu\/fi\/tuote\/ainutlaatuinen-hopeinen-raskas-miesten-elamanpuu-sormus\/#primaryimage\",\"url\":\"https:\/\/colibri-jewels.eu\/wp-content\/uploads\/2023\/09\/silver-men-ring-tree-of-life.jpg\",\"contentUrl\":\"https:\/\/colibri-jewels.eu\/wp-content\/uploads\/2023\/09\/silver-men-ring-tree-of-life.jpg\",\"width\":1000,\"height\":1000},{\"@type\":\"BreadcrumbList\",\"@id\":\"https:\/\/colibri-jewels.eu\/fi\/tuote\/ainutlaatuinen-hopeinen-raskas-miesten-elamanpuu-sormus\/#breadcrumb\",\"itemListElement\":[{\"@type\":\"ListItem\",\"position\":1,\"name\":\"\u0413\u043b\u0430\u0432\u043d\u0430\u044f \u0441\u0442\u0440\u0430\u043d\u0438\u0446\u0430\",\"item\":\"https:\/\/colibri-jewels.eu\/fi\/\"},{\"@type\":\"ListItem\",\"position\":2,\"name\":\"Kauppa\",\"item\":\"https:\/\/colibri-jewels.eu\/fi\/kauppa\/\"},{\"@type\":\"ListItem\",\"position\":3,\"name\":\"Ainutlaatuinen hopeinen raskas miesten &#8220;El\u00e4m\u00e4npuu&#8221;-sormus\"}]},{\"@type\":\"WebSite\",\"@id\":\"https:\/\/colibri-jewels.eu\/fi\/#website\",\"url\":\"https:\/\/colibri-jewels.eu\/fi\/\",\"name\":\"Colibri jewels\",\"description\":\"jewelry shop\",\"publisher\":{\"@id\":\"https:\/\/colibri-jewels.eu\/fi\/#organization\"},\"potentialAction\":[{\"@type\":\"SearchAction\",\"target\":{\"@type\":\"EntryPoint\",\"urlTemplate\":\"https:\/\/colibri-jewels.eu\/fi\/?s={search_term_string}\"},\"query-input\":{\"@type\":\"PropertyValueSpecification\",\"valueRequired\":true,\"valueName\":\"search_term_string\"}}],\"inLanguage\":\"fi\"},{\"@type\":\"Organization\",\"@id\":\"https:\/\/colibri-jewels.eu\/fi\/#organization\",\"name\":\"O\u00dc Colibri\",\"url\":\"https:\/\/colibri-jewels.eu\/fi\/\",\"logo\":{\"@type\":\"ImageObject\",\"inLanguage\":\"fi\",\"@id\":\"https:\/\/colibri-jewels.eu\/fi\/#\/schema\/logo\/image\/\",\"url\":\"https:\/\/dev.colibri-jewels.eu\/wp-content\/uploads\/2021\/03\/colibri.png\",\"contentUrl\":\"https:\/\/dev.colibri-jewels.eu\/wp-content\/uploads\/2021\/03\/colibri.png\",\"width\":227,\"height\":130,\"caption\":\"O\u00dc Colibri\"},\"image\":{\"@id\":\"https:\/\/colibri-jewels.eu\/fi\/#\/schema\/logo\/image\/\"},\"sameAs\":[\"https:\/\/www.facebook.com\/colibri.jewels\",\"https:\/\/www.instagram.com\/colibri.jewels\",\"https:\/\/www.tiktok.com\/colibri.jewels\"]}]}<\/script>\n<!-- \/ Yoast SEO Premium plugin. -->","yoast_head_json":{"title":"Ainutlaatuinen hopeinen raskas miesten \"El\u00e4m\u00e4npuu\"-sormus - Colibri jewels","robots":{"index":"index","follow":"follow","max-snippet":"max-snippet:-1","max-image-preview":"max-image-preview:large","max-video-preview":"max-video-preview:-1"},"canonical":"https:\/\/colibri-jewels.eu\/fi\/tuote\/ainutlaatuinen-hopeinen-raskas-miesten-elamanpuu-sormus\/","og_locale":"fi_FI","og_type":"article","og_title":"Ainutlaatuinen hopeinen raskas miesten \"El\u00e4m\u00e4npuu\"-sormus","og_description":"Sterlinghopeaa.  Arvioitu paino 20 g.  Koot varastossa 19.5 ja 20.5.","og_url":"https:\/\/colibri-jewels.eu\/fi\/tuote\/ainutlaatuinen-hopeinen-raskas-miesten-elamanpuu-sormus\/","og_site_name":"Colibri jewels","article_publisher":"https:\/\/www.facebook.com\/colibri.jewels","article_modified_time":"2025-05-28T19:24:01+00:00","og_image":[{"width":1000,"height":1000,"url":"https:\/\/colibri-jewels.eu\/wp-content\/uploads\/2023\/09\/silver-men-ring-tree-of-life.jpg","type":"image\/jpeg"}],"twitter_card":"summary_large_image","twitter_misc":{"Arvioitu lukuaika":"1 minuutti"},"schema":{"@context":"https:\/\/schema.org","@graph":[{"@type":"WebPage","@id":"https:\/\/colibri-jewels.eu\/fi\/tuote\/ainutlaatuinen-hopeinen-raskas-miesten-elamanpuu-sormus\/","url":"https:\/\/colibri-jewels.eu\/fi\/tuote\/ainutlaatuinen-hopeinen-raskas-miesten-elamanpuu-sormus\/","name":"Ainutlaatuinen hopeinen raskas miesten \"El\u00e4m\u00e4npuu\"-sormus - Colibri jewels","isPartOf":{"@id":"https:\/\/colibri-jewels.eu\/fi\/#website"},"primaryImageOfPage":{"@id":"https:\/\/colibri-jewels.eu\/fi\/tuote\/ainutlaatuinen-hopeinen-raskas-miesten-elamanpuu-sormus\/#primaryimage"},"image":{"@id":"https:\/\/colibri-jewels.eu\/fi\/tuote\/ainutlaatuinen-hopeinen-raskas-miesten-elamanpuu-sormus\/#primaryimage"},"thumbnailUrl":"https:\/\/colibri-jewels.eu\/wp-content\/uploads\/2023\/09\/silver-men-ring-tree-of-life.jpg","datePublished":"2023-09-23T14:26:31+00:00","dateModified":"2025-05-28T19:24:01+00:00","breadcrumb":{"@id":"https:\/\/colibri-jewels.eu\/fi\/tuote\/ainutlaatuinen-hopeinen-raskas-miesten-elamanpuu-sormus\/#breadcrumb"},"inLanguage":"fi","potentialAction":[{"@type":"ReadAction","target":["https:\/\/colibri-jewels.eu\/fi\/tuote\/ainutlaatuinen-hopeinen-raskas-miesten-elamanpuu-sormus\/"]}]},{"@type":"ImageObject","inLanguage":"fi","@id":"https:\/\/colibri-jewels.eu\/fi\/tuote\/ainutlaatuinen-hopeinen-raskas-miesten-elamanpuu-sormus\/#primaryimage","url":"https:\/\/colibri-jewels.eu\/wp-content\/uploads\/2023\/09\/silver-men-ring-tree-of-life.jpg","contentUrl":"https:\/\/colibri-jewels.eu\/wp-content\/uploads\/2023\/09\/silver-men-ring-tree-of-life.jpg","width":1000,"height":1000},{"@type":"BreadcrumbList","@id":"https:\/\/colibri-jewels.eu\/fi\/tuote\/ainutlaatuinen-hopeinen-raskas-miesten-elamanpuu-sormus\/#breadcrumb","itemListElement":[{"@type":"ListItem","position":1,"name":"\u0413\u043b\u0430\u0432\u043d\u0430\u044f \u0441\u0442\u0440\u0430\u043d\u0438\u0446\u0430","item":"https:\/\/colibri-jewels.eu\/fi\/"},{"@type":"ListItem","position":2,"name":"Kauppa","item":"https:\/\/colibri-jewels.eu\/fi\/kauppa\/"},{"@type":"ListItem","position":3,"name":"Ainutlaatuinen hopeinen raskas miesten &#8220;El\u00e4m\u00e4npuu&#8221;-sormus"}]},{"@type":"WebSite","@id":"https:\/\/colibri-jewels.eu\/fi\/#website","url":"https:\/\/colibri-jewels.eu\/fi\/","name":"Colibri jewels","description":"jewelry shop","publisher":{"@id":"https:\/\/colibri-jewels.eu\/fi\/#organization"},"potentialAction":[{"@type":"SearchAction","target":{"@type":"EntryPoint","urlTemplate":"https:\/\/colibri-jewels.eu\/fi\/?s={search_term_string}"},"query-input":{"@type":"PropertyValueSpecification","valueRequired":true,"valueName":"search_term_string"}}],"inLanguage":"fi"},{"@type":"Organization","@id":"https:\/\/colibri-jewels.eu\/fi\/#organization","name":"O\u00dc Colibri","url":"https:\/\/colibri-jewels.eu\/fi\/","logo":{"@type":"ImageObject","inLanguage":"fi","@id":"https:\/\/colibri-jewels.eu\/fi\/#\/schema\/logo\/image\/","url":"https:\/\/dev.colibri-jewels.eu\/wp-content\/uploads\/2021\/03\/colibri.png","contentUrl":"https:\/\/dev.colibri-jewels.eu\/wp-content\/uploads\/2021\/03\/colibri.png","width":227,"height":130,"caption":"O\u00dc Colibri"},"image":{"@id":"https:\/\/colibri-jewels.eu\/fi\/#\/schema\/logo\/image\/"},"sameAs":["https:\/\/www.facebook.com\/colibri.jewels","https:\/\/www.instagram.com\/colibri.jewels","https:\/\/www.tiktok.com\/colibri.jewels"]}]}},"_links":{"self":[{"href":"https:\/\/colibri-jewels.eu\/fi\/wp-json\/wp\/v2\/product\/52494","targetHints":{"allow":["GET"]}}],"collection":[{"href":"https:\/\/colibri-jewels.eu\/fi\/wp-json\/wp\/v2\/product"}],"about":[{"href":"https:\/\/colibri-jewels.eu\/fi\/wp-json\/wp\/v2\/types\/product"}],"replies":[{"embeddable":true,"href":"https:\/\/colibri-jewels.eu\/fi\/wp-json\/wp\/v2\/comments?post=52494"}],"version-history":[{"count":0,"href":"https:\/\/colibri-jewels.eu\/fi\/wp-json\/wp\/v2\/product\/52494\/revisions"}],"wp:featuredmedia":[{"embeddable":true,"href":"https:\/\/colibri-jewels.eu\/fi\/wp-json\/wp\/v2\/media\/52495"}],"wp:attachment":[{"href":"https:\/\/colibri-jewels.eu\/fi\/wp-json\/wp\/v2\/media?parent=52494"}],"wp:term":[{"taxonomy":"brand","embeddable":true,"href":"https:\/\/colibri-jewels.eu\/fi\/wp-json\/wp\/v2\/etheme_brands?post=52494"},{"taxonomy":"product_brand","embeddable":true,"href":"https:\/\/colibri-jewels.eu\/fi\/wp-json\/wp\/v2\/product_brand?post=52494"},{"taxonomy":"product_cat","embeddable":true,"href":"https:\/\/colibri-jewels.eu\/fi\/wp-json\/wp\/v2\/product_cat?post=52494"},{"taxonomy":"product_tag","embeddable":true,"href":"https:\/\/colibri-jewels.eu\/fi\/wp-json\/wp\/v2\/product_tag?post=52494"}],"curies":[{"name":"wp","href":"https:\/\/api.w.org\/{rel}","templated":true}]}}