{"id":52573,"date":"2023-08-09T12:11:14","date_gmt":"2023-08-09T09:11:14","guid":{"rendered":"https:\/\/colibri-jewels.eu\/?post_type=product&#038;p=52573"},"modified":"2025-05-28T23:07:53","modified_gmt":"2025-05-28T20:07:53","slug":"hopeinen-rannekoru-korpin-paakallo-nahkanauhalla","status":"publish","type":"product","link":"https:\/\/colibri-jewels.eu\/fi\/tuote\/hopeinen-rannekoru-korpin-paakallo-nahkanauhalla\/","title":{"rendered":"Hopeinen rannekoru &#8221;Korpin p\u00e4\u00e4kallo&#8221; nahkanauhalla"},"content":{"rendered":"<p>Korpit yhdistet\u00e4\u00e4n usein monenlaisiin merkityksiin eri kulttuureissa, mukaan lukien \u00e4lykkyys, viisaus, mysteeri, muodonmuutos sek\u00e4 el\u00e4m\u00e4n ja kuoleman v\u00e4linen yhteys. Olemme k\u00e4ytt\u00e4neet maailman myyttisimpien korppien symbolia \u2013 yht\u00e4 Odinin korpeista. Tarina kertoo, ett\u00e4 ne olivat Odinin apulaisia, h\u00e4nen silm\u00e4ns\u00e4 ja korvansa, jotka tiesiv\u00e4t kaiken, mit\u00e4 jumalten ja ihmisten maailmassa tapahtui. Olemme koristelleet korpin skandinaavisella kuviolla lis\u00e4t\u00e4ksemme erityist\u00e4 paikallista vieh\u00e4tyst\u00e4.<\/p>\n<p>Olemme tehneet t\u00e4m\u00e4n rannekorun, jonka keskipisteen\u00e4 on korpin p\u00e4\u00e4kallo, jotta voit k\u00e4ytt\u00e4\u00e4 sit\u00e4 mink\u00e4 tahansa tyylin kanssa. Se on hyv\u00e4 lis\u00e4 kellojesi rinnalle tai voit k\u00e4ytt\u00e4\u00e4 sit\u00e4 erikseen.<\/p>\n<p>T\u00e4m\u00e4 rannekoru voidaan valmistaa miss\u00e4 tahansa koossa, ilmoita meille vain ranteesi tarkka koko. Voit k\u00e4ytt\u00e4\u00e4 sit\u00e4 mink\u00e4 tahansa asusi kanssa &#8211; T-paidasta bisnestyyliseen paitaan. Lis\u00e4\u00e4 hieman kapinaa arkilookiisi!<\/p>\n<p>K\u00e4sity\u00f6n\u00e4 valmistettu korkealaatuinen hopea, kaikki pienet yksityiskohdat huolellisesti kiillotettu ja mustattu kontrastin lis\u00e4\u00e4miseksi. Nahkajohto on mustaa, mutta halutessasi voimme tehd\u00e4 sen my\u00f6s toisessa v\u00e4riss\u00e4.<\/p>\n<p>&nbsp;<\/p>\n","protected":false},"excerpt":{"rendered":"<p>Hopean paino 18,1 g.<\/p>\n<p>&nbsp;<\/p>\n","protected":false},"featured_media":52574,"comment_status":"open","ping_status":"closed","template":"","meta":[],"etheme_brands":[],"product_brand":[],"product_cat":[985],"product_tag":[992,1003],"class_list":{"0":"post-52573","1":"product","2":"type-product","3":"status-publish","4":"has-post-thumbnail","6":"product_cat-rannekorut","7":"product_tag-elainaiheiset","8":"product_tag-miesten-korut","10":"first","11":"instock","12":"shipping-taxable","13":"purchasable","14":"product-type-simple"},"acf":[],"yoast_head":"<!-- This site is optimized with the Yoast SEO Premium plugin v26.5 (Yoast SEO v26.8) - https:\/\/yoast.com\/product\/yoast-seo-premium-wordpress\/ -->\n<title>Hopeinen rannekoru &quot;Korpin p\u00e4\u00e4kallo&quot; nahkanauhalla - Colibri jewels<\/title>\n<meta name=\"robots\" content=\"index, follow, max-snippet:-1, max-image-preview:large, max-video-preview:-1\" \/>\n<link rel=\"canonical\" href=\"https:\/\/colibri-jewels.eu\/fi\/tuote\/hopeinen-rannekoru-korpin-paakallo-nahkanauhalla\/\" \/>\n<meta property=\"og:locale\" content=\"fi_FI\" \/>\n<meta property=\"og:type\" content=\"article\" \/>\n<meta property=\"og:title\" content=\"Hopeinen rannekoru &quot;Korpin p\u00e4\u00e4kallo&quot; nahkanauhalla\" \/>\n<meta property=\"og:description\" content=\"Hopean paino 18,1 g.  &nbsp;\" \/>\n<meta property=\"og:url\" content=\"https:\/\/colibri-jewels.eu\/fi\/tuote\/hopeinen-rannekoru-korpin-paakallo-nahkanauhalla\/\" \/>\n<meta property=\"og:site_name\" content=\"Colibri jewels\" \/>\n<meta property=\"article:publisher\" content=\"https:\/\/www.facebook.com\/colibri.jewels\" \/>\n<meta property=\"article:modified_time\" content=\"2025-05-28T20:07:53+00:00\" \/>\n<meta property=\"og:image\" content=\"https:\/\/colibri-jewels.eu\/wp-content\/uploads\/2023\/08\/silver-bracelet-with-raven-scull-on-a-leather-cord.jpg\" \/>\n\t<meta property=\"og:image:width\" content=\"1000\" \/>\n\t<meta property=\"og:image:height\" content=\"1000\" \/>\n\t<meta property=\"og:image:type\" content=\"image\/jpeg\" \/>\n<meta name=\"twitter:card\" content=\"summary_large_image\" \/>\n<meta name=\"twitter:label1\" content=\"Arvioitu lukuaika\" \/>\n\t<meta name=\"twitter:data1\" content=\"1 minuutti\" \/>\n<script type=\"application\/ld+json\" class=\"yoast-schema-graph\">{\"@context\":\"https:\/\/schema.org\",\"@graph\":[{\"@type\":\"WebPage\",\"@id\":\"https:\/\/colibri-jewels.eu\/fi\/tuote\/hopeinen-rannekoru-korpin-paakallo-nahkanauhalla\/\",\"url\":\"https:\/\/colibri-jewels.eu\/fi\/tuote\/hopeinen-rannekoru-korpin-paakallo-nahkanauhalla\/\",\"name\":\"Hopeinen rannekoru \\\"Korpin p\u00e4\u00e4kallo\\\" nahkanauhalla - Colibri jewels\",\"isPartOf\":{\"@id\":\"https:\/\/colibri-jewels.eu\/fi\/#website\"},\"primaryImageOfPage\":{\"@id\":\"https:\/\/colibri-jewels.eu\/fi\/tuote\/hopeinen-rannekoru-korpin-paakallo-nahkanauhalla\/#primaryimage\"},\"image\":{\"@id\":\"https:\/\/colibri-jewels.eu\/fi\/tuote\/hopeinen-rannekoru-korpin-paakallo-nahkanauhalla\/#primaryimage\"},\"thumbnailUrl\":\"https:\/\/colibri-jewels.eu\/wp-content\/uploads\/2023\/08\/silver-bracelet-with-raven-scull-on-a-leather-cord.jpg\",\"datePublished\":\"2023-08-09T09:11:14+00:00\",\"dateModified\":\"2025-05-28T20:07:53+00:00\",\"breadcrumb\":{\"@id\":\"https:\/\/colibri-jewels.eu\/fi\/tuote\/hopeinen-rannekoru-korpin-paakallo-nahkanauhalla\/#breadcrumb\"},\"inLanguage\":\"fi\",\"potentialAction\":[{\"@type\":\"ReadAction\",\"target\":[\"https:\/\/colibri-jewels.eu\/fi\/tuote\/hopeinen-rannekoru-korpin-paakallo-nahkanauhalla\/\"]}]},{\"@type\":\"ImageObject\",\"inLanguage\":\"fi\",\"@id\":\"https:\/\/colibri-jewels.eu\/fi\/tuote\/hopeinen-rannekoru-korpin-paakallo-nahkanauhalla\/#primaryimage\",\"url\":\"https:\/\/colibri-jewels.eu\/wp-content\/uploads\/2023\/08\/silver-bracelet-with-raven-scull-on-a-leather-cord.jpg\",\"contentUrl\":\"https:\/\/colibri-jewels.eu\/wp-content\/uploads\/2023\/08\/silver-bracelet-with-raven-scull-on-a-leather-cord.jpg\",\"width\":1000,\"height\":1000},{\"@type\":\"BreadcrumbList\",\"@id\":\"https:\/\/colibri-jewels.eu\/fi\/tuote\/hopeinen-rannekoru-korpin-paakallo-nahkanauhalla\/#breadcrumb\",\"itemListElement\":[{\"@type\":\"ListItem\",\"position\":1,\"name\":\"\u0413\u043b\u0430\u0432\u043d\u0430\u044f \u0441\u0442\u0440\u0430\u043d\u0438\u0446\u0430\",\"item\":\"https:\/\/colibri-jewels.eu\/fi\/\"},{\"@type\":\"ListItem\",\"position\":2,\"name\":\"Kauppa\",\"item\":\"https:\/\/colibri-jewels.eu\/fi\/kauppa\/\"},{\"@type\":\"ListItem\",\"position\":3,\"name\":\"Hopeinen rannekoru &#8220;Korpin p\u00e4\u00e4kallo&#8221; nahkanauhalla\"}]},{\"@type\":\"WebSite\",\"@id\":\"https:\/\/colibri-jewels.eu\/fi\/#website\",\"url\":\"https:\/\/colibri-jewels.eu\/fi\/\",\"name\":\"Colibri jewels\",\"description\":\"jewelry shop\",\"publisher\":{\"@id\":\"https:\/\/colibri-jewels.eu\/fi\/#organization\"},\"potentialAction\":[{\"@type\":\"SearchAction\",\"target\":{\"@type\":\"EntryPoint\",\"urlTemplate\":\"https:\/\/colibri-jewels.eu\/fi\/?s={search_term_string}\"},\"query-input\":{\"@type\":\"PropertyValueSpecification\",\"valueRequired\":true,\"valueName\":\"search_term_string\"}}],\"inLanguage\":\"fi\"},{\"@type\":\"Organization\",\"@id\":\"https:\/\/colibri-jewels.eu\/fi\/#organization\",\"name\":\"O\u00dc Colibri\",\"url\":\"https:\/\/colibri-jewels.eu\/fi\/\",\"logo\":{\"@type\":\"ImageObject\",\"inLanguage\":\"fi\",\"@id\":\"https:\/\/colibri-jewels.eu\/fi\/#\/schema\/logo\/image\/\",\"url\":\"https:\/\/dev.colibri-jewels.eu\/wp-content\/uploads\/2021\/03\/colibri.png\",\"contentUrl\":\"https:\/\/dev.colibri-jewels.eu\/wp-content\/uploads\/2021\/03\/colibri.png\",\"width\":227,\"height\":130,\"caption\":\"O\u00dc Colibri\"},\"image\":{\"@id\":\"https:\/\/colibri-jewels.eu\/fi\/#\/schema\/logo\/image\/\"},\"sameAs\":[\"https:\/\/www.facebook.com\/colibri.jewels\",\"https:\/\/www.instagram.com\/colibri.jewels\",\"https:\/\/www.tiktok.com\/colibri.jewels\"]}]}<\/script>\n<!-- \/ Yoast SEO Premium plugin. -->","yoast_head_json":{"title":"Hopeinen rannekoru \"Korpin p\u00e4\u00e4kallo\" nahkanauhalla - Colibri jewels","robots":{"index":"index","follow":"follow","max-snippet":"max-snippet:-1","max-image-preview":"max-image-preview:large","max-video-preview":"max-video-preview:-1"},"canonical":"https:\/\/colibri-jewels.eu\/fi\/tuote\/hopeinen-rannekoru-korpin-paakallo-nahkanauhalla\/","og_locale":"fi_FI","og_type":"article","og_title":"Hopeinen rannekoru \"Korpin p\u00e4\u00e4kallo\" nahkanauhalla","og_description":"Hopean paino 18,1 g.  &nbsp;","og_url":"https:\/\/colibri-jewels.eu\/fi\/tuote\/hopeinen-rannekoru-korpin-paakallo-nahkanauhalla\/","og_site_name":"Colibri jewels","article_publisher":"https:\/\/www.facebook.com\/colibri.jewels","article_modified_time":"2025-05-28T20:07:53+00:00","og_image":[{"width":1000,"height":1000,"url":"https:\/\/colibri-jewels.eu\/wp-content\/uploads\/2023\/08\/silver-bracelet-with-raven-scull-on-a-leather-cord.jpg","type":"image\/jpeg"}],"twitter_card":"summary_large_image","twitter_misc":{"Arvioitu lukuaika":"1 minuutti"},"schema":{"@context":"https:\/\/schema.org","@graph":[{"@type":"WebPage","@id":"https:\/\/colibri-jewels.eu\/fi\/tuote\/hopeinen-rannekoru-korpin-paakallo-nahkanauhalla\/","url":"https:\/\/colibri-jewels.eu\/fi\/tuote\/hopeinen-rannekoru-korpin-paakallo-nahkanauhalla\/","name":"Hopeinen rannekoru \"Korpin p\u00e4\u00e4kallo\" nahkanauhalla - Colibri jewels","isPartOf":{"@id":"https:\/\/colibri-jewels.eu\/fi\/#website"},"primaryImageOfPage":{"@id":"https:\/\/colibri-jewels.eu\/fi\/tuote\/hopeinen-rannekoru-korpin-paakallo-nahkanauhalla\/#primaryimage"},"image":{"@id":"https:\/\/colibri-jewels.eu\/fi\/tuote\/hopeinen-rannekoru-korpin-paakallo-nahkanauhalla\/#primaryimage"},"thumbnailUrl":"https:\/\/colibri-jewels.eu\/wp-content\/uploads\/2023\/08\/silver-bracelet-with-raven-scull-on-a-leather-cord.jpg","datePublished":"2023-08-09T09:11:14+00:00","dateModified":"2025-05-28T20:07:53+00:00","breadcrumb":{"@id":"https:\/\/colibri-jewels.eu\/fi\/tuote\/hopeinen-rannekoru-korpin-paakallo-nahkanauhalla\/#breadcrumb"},"inLanguage":"fi","potentialAction":[{"@type":"ReadAction","target":["https:\/\/colibri-jewels.eu\/fi\/tuote\/hopeinen-rannekoru-korpin-paakallo-nahkanauhalla\/"]}]},{"@type":"ImageObject","inLanguage":"fi","@id":"https:\/\/colibri-jewels.eu\/fi\/tuote\/hopeinen-rannekoru-korpin-paakallo-nahkanauhalla\/#primaryimage","url":"https:\/\/colibri-jewels.eu\/wp-content\/uploads\/2023\/08\/silver-bracelet-with-raven-scull-on-a-leather-cord.jpg","contentUrl":"https:\/\/colibri-jewels.eu\/wp-content\/uploads\/2023\/08\/silver-bracelet-with-raven-scull-on-a-leather-cord.jpg","width":1000,"height":1000},{"@type":"BreadcrumbList","@id":"https:\/\/colibri-jewels.eu\/fi\/tuote\/hopeinen-rannekoru-korpin-paakallo-nahkanauhalla\/#breadcrumb","itemListElement":[{"@type":"ListItem","position":1,"name":"\u0413\u043b\u0430\u0432\u043d\u0430\u044f \u0441\u0442\u0440\u0430\u043d\u0438\u0446\u0430","item":"https:\/\/colibri-jewels.eu\/fi\/"},{"@type":"ListItem","position":2,"name":"Kauppa","item":"https:\/\/colibri-jewels.eu\/fi\/kauppa\/"},{"@type":"ListItem","position":3,"name":"Hopeinen rannekoru &#8220;Korpin p\u00e4\u00e4kallo&#8221; nahkanauhalla"}]},{"@type":"WebSite","@id":"https:\/\/colibri-jewels.eu\/fi\/#website","url":"https:\/\/colibri-jewels.eu\/fi\/","name":"Colibri jewels","description":"jewelry shop","publisher":{"@id":"https:\/\/colibri-jewels.eu\/fi\/#organization"},"potentialAction":[{"@type":"SearchAction","target":{"@type":"EntryPoint","urlTemplate":"https:\/\/colibri-jewels.eu\/fi\/?s={search_term_string}"},"query-input":{"@type":"PropertyValueSpecification","valueRequired":true,"valueName":"search_term_string"}}],"inLanguage":"fi"},{"@type":"Organization","@id":"https:\/\/colibri-jewels.eu\/fi\/#organization","name":"O\u00dc Colibri","url":"https:\/\/colibri-jewels.eu\/fi\/","logo":{"@type":"ImageObject","inLanguage":"fi","@id":"https:\/\/colibri-jewels.eu\/fi\/#\/schema\/logo\/image\/","url":"https:\/\/dev.colibri-jewels.eu\/wp-content\/uploads\/2021\/03\/colibri.png","contentUrl":"https:\/\/dev.colibri-jewels.eu\/wp-content\/uploads\/2021\/03\/colibri.png","width":227,"height":130,"caption":"O\u00dc Colibri"},"image":{"@id":"https:\/\/colibri-jewels.eu\/fi\/#\/schema\/logo\/image\/"},"sameAs":["https:\/\/www.facebook.com\/colibri.jewels","https:\/\/www.instagram.com\/colibri.jewels","https:\/\/www.tiktok.com\/colibri.jewels"]}]}},"_links":{"self":[{"href":"https:\/\/colibri-jewels.eu\/fi\/wp-json\/wp\/v2\/product\/52573","targetHints":{"allow":["GET"]}}],"collection":[{"href":"https:\/\/colibri-jewels.eu\/fi\/wp-json\/wp\/v2\/product"}],"about":[{"href":"https:\/\/colibri-jewels.eu\/fi\/wp-json\/wp\/v2\/types\/product"}],"replies":[{"embeddable":true,"href":"https:\/\/colibri-jewels.eu\/fi\/wp-json\/wp\/v2\/comments?post=52573"}],"version-history":[{"count":0,"href":"https:\/\/colibri-jewels.eu\/fi\/wp-json\/wp\/v2\/product\/52573\/revisions"}],"wp:featuredmedia":[{"embeddable":true,"href":"https:\/\/colibri-jewels.eu\/fi\/wp-json\/wp\/v2\/media\/52574"}],"wp:attachment":[{"href":"https:\/\/colibri-jewels.eu\/fi\/wp-json\/wp\/v2\/media?parent=52573"}],"wp:term":[{"taxonomy":"brand","embeddable":true,"href":"https:\/\/colibri-jewels.eu\/fi\/wp-json\/wp\/v2\/etheme_brands?post=52573"},{"taxonomy":"product_brand","embeddable":true,"href":"https:\/\/colibri-jewels.eu\/fi\/wp-json\/wp\/v2\/product_brand?post=52573"},{"taxonomy":"product_cat","embeddable":true,"href":"https:\/\/colibri-jewels.eu\/fi\/wp-json\/wp\/v2\/product_cat?post=52573"},{"taxonomy":"product_tag","embeddable":true,"href":"https:\/\/colibri-jewels.eu\/fi\/wp-json\/wp\/v2\/product_tag?post=52573"}],"curies":[{"name":"wp","href":"https:\/\/api.w.org\/{rel}","templated":true}]}}