{"id":52577,"date":"2023-08-09T11:55:34","date_gmt":"2023-08-09T08:55:34","guid":{"rendered":"https:\/\/colibri-jewels.eu\/?post_type=product&#038;p=52577"},"modified":"2025-05-28T23:07:58","modified_gmt":"2025-05-28T20:07:58","slug":"hopeinen-rannekoru-siipi-nahkanauhalla-skandinaavisesta-kokoelmasta","status":"publish","type":"product","link":"https:\/\/colibri-jewels.eu\/fi\/tuote\/hopeinen-rannekoru-siipi-nahkanauhalla-skandinaavisesta-kokoelmasta\/","title":{"rendered":"Hopeinen rannekoru &#8221;Siipi&#8221; nahkanauhalla skandinaavisesta kokoelmasta"},"content":{"rendered":"<p>Esittelyss\u00e4 uusi &#8221;Siipi&#8221;-rannekorumme &#8221;Siivet&#8221;-sarjasta, rajattoman pyrkimyksen ja halun omaksua el\u00e4m\u00e4nmatka sulavasti symboli. Nahkanauhalle asetettu ja koristeellisilla elementeill\u00e4 lis\u00e4tty &#8211; t\u00e4m\u00e4 elegantti siipi yhdist\u00e4\u00e4 keveyden ja raakuuden, legendat ja siipien syv\u00e4n symboliikan sek\u00e4 arkityylin. Itse siipi on monimutkaisesti yksityiskohtainen ja koristeltu skandinaavisella kuviolla, huolellisesti muotoiltu vangitsemaan lennon ja vapauden olemus.<\/p>\n<p>Siipi\u00e4 on kunnioitettu eri kulttuureissa ihmishengen vapauden kaipuun edustajina. T\u00e4m\u00e4 rannekoru ilment\u00e4\u00e4 niiden henke\u00e4, jotka uskaltavat unelmoida ja irtautua el\u00e4m\u00e4n rajoituksista. Siipi symboloi rohkeutta levitt\u00e4\u00e4 siipens\u00e4 ja kohota, j\u00e4tt\u00e4en taakseen menneisyyden painon ja omaksuen tulevaisuuden, joka on t\u00e4ynn\u00e4 \u00e4\u00e4rett\u00f6mi\u00e4 mahdollisuuksia.<\/p>\n<p>Sterlinghopeasta valmistettu rannekoru huokuu eteerist\u00e4 loistoa, joka t\u00e4ydent\u00e4\u00e4 kantajansa luonnollista kauneutta korostaen ranteesi eleganssia. Sen herk\u00e4t kaaret ja tummasti hohtava pinta tuovat mieleen keveyden ja sulavuuden tunteen muistuttaen meit\u00e4 jokaisen yksil\u00f6n sis\u00e4ll\u00e4 piilev\u00e4st\u00e4 hauraasta kauneudesta.<\/p>\n<p>Kun kannat &#8221;Siipi&#8221;-rannekorua tai -kaulakorua, anna sen toimia muistutuksena pyrkimyksist\u00e4si ja voimasta tavoitella niit\u00e4 pelottomasti. Omaksu muutoksen muutosvoima ja henkinen ohjaus, joka johtaa sinut kohti unelmiasi.<\/p>\n<p>Jokainen rannekoru on huolellisesti k\u00e4sintehty, mik\u00e4 tekee siit\u00e4 ainutlaatuisen ja merkityksellisen vaalittavan korun. Se on kauniisti pakattu, joten se on ihanteellinen lahja niille, jotka inspiroivat sinua kohoamaan ja saavuttamaan uusia korkeuksia.<\/p>\n<p>Vapauta sis\u00e4inen vapaudenhenkesi ja korista itsesi &#8217;Wing&#8217;-rannekorulla tai -kaulakorulla \u2013 se on osoitus matkastasi, kest\u00e4vyydest\u00e4si ja loputtomista mahdollisuuksista, jotka odottavat sinua.<\/p>\n<p>&nbsp;<\/p>\n","protected":false},"excerpt":{"rendered":"<p>Esittelyss\u00e4 uusi &#8221;Siipi&#8221;-rannekorumme &#8221;Siivet&#8221;-sarjasta, rajattoman pyrkimyksen ja halun omaksua el\u00e4m\u00e4nmatka sulavasti symboli. Nahkanauhalle asetettu ja koristeellisilla elementeill\u00e4 lis\u00e4tty &#8211; t\u00e4m\u00e4 elegantti siipi yhdist\u00e4\u00e4 keveyden ja&#8230;<\/p>\n","protected":false},"featured_media":52578,"comment_status":"open","ping_status":"closed","template":"","meta":[],"etheme_brands":[],"product_brand":[],"product_cat":[985],"product_tag":[1003],"class_list":{"0":"post-52577","1":"product","2":"type-product","3":"status-publish","4":"has-post-thumbnail","6":"product_cat-rannekorut","7":"product_tag-miesten-korut","9":"first","10":"instock","11":"shipping-taxable","12":"purchasable","13":"product-type-simple"},"acf":[],"yoast_head":"<!-- This site is optimized with the Yoast SEO Premium plugin v26.5 (Yoast SEO v26.8) - https:\/\/yoast.com\/product\/yoast-seo-premium-wordpress\/ -->\n<title>Hopeinen rannekoru &quot;Siipi&quot; nahkanauhalla skandinaavisesta kokoelmasta - Colibri jewels<\/title>\n<meta name=\"robots\" content=\"index, follow, max-snippet:-1, max-image-preview:large, max-video-preview:-1\" \/>\n<link rel=\"canonical\" href=\"https:\/\/colibri-jewels.eu\/fi\/tuote\/hopeinen-rannekoru-siipi-nahkanauhalla-skandinaavisesta-kokoelmasta\/\" \/>\n<meta property=\"og:locale\" content=\"fi_FI\" \/>\n<meta property=\"og:type\" content=\"article\" \/>\n<meta property=\"og:title\" content=\"Hopeinen rannekoru &quot;Siipi&quot; nahkanauhalla skandinaavisesta kokoelmasta\" \/>\n<meta property=\"og:description\" content=\"Esittelyss\u00e4 uusi &#8221;Siipi&#8221;-rannekorumme &#8221;Siivet&#8221;-sarjasta, rajattoman pyrkimyksen ja halun omaksua el\u00e4m\u00e4nmatka sulavasti symboli. Nahkanauhalle asetettu ja koristeellisilla elementeill\u00e4 lis\u00e4tty &#8211; t\u00e4m\u00e4 elegantti siipi yhdist\u00e4\u00e4 keveyden ja...\" \/>\n<meta property=\"og:url\" content=\"https:\/\/colibri-jewels.eu\/fi\/tuote\/hopeinen-rannekoru-siipi-nahkanauhalla-skandinaavisesta-kokoelmasta\/\" \/>\n<meta property=\"og:site_name\" content=\"Colibri jewels\" \/>\n<meta property=\"article:publisher\" content=\"https:\/\/www.facebook.com\/colibri.jewels\" \/>\n<meta property=\"article:modified_time\" content=\"2025-05-28T20:07:58+00:00\" \/>\n<meta property=\"og:image\" content=\"https:\/\/colibri-jewels.eu\/wp-content\/uploads\/2023\/08\/silver-wing-bracelet-on-leather-cord2.jpg\" \/>\n\t<meta property=\"og:image:width\" content=\"1000\" \/>\n\t<meta property=\"og:image:height\" content=\"1000\" \/>\n\t<meta property=\"og:image:type\" content=\"image\/jpeg\" \/>\n<meta name=\"twitter:card\" content=\"summary_large_image\" \/>\n<meta name=\"twitter:label1\" content=\"Arvioitu lukuaika\" \/>\n\t<meta name=\"twitter:data1\" content=\"1 minuutti\" \/>\n<script type=\"application\/ld+json\" class=\"yoast-schema-graph\">{\"@context\":\"https:\/\/schema.org\",\"@graph\":[{\"@type\":\"WebPage\",\"@id\":\"https:\/\/colibri-jewels.eu\/fi\/tuote\/hopeinen-rannekoru-siipi-nahkanauhalla-skandinaavisesta-kokoelmasta\/\",\"url\":\"https:\/\/colibri-jewels.eu\/fi\/tuote\/hopeinen-rannekoru-siipi-nahkanauhalla-skandinaavisesta-kokoelmasta\/\",\"name\":\"Hopeinen rannekoru \\\"Siipi\\\" nahkanauhalla skandinaavisesta kokoelmasta - Colibri jewels\",\"isPartOf\":{\"@id\":\"https:\/\/colibri-jewels.eu\/fi\/#website\"},\"primaryImageOfPage\":{\"@id\":\"https:\/\/colibri-jewels.eu\/fi\/tuote\/hopeinen-rannekoru-siipi-nahkanauhalla-skandinaavisesta-kokoelmasta\/#primaryimage\"},\"image\":{\"@id\":\"https:\/\/colibri-jewels.eu\/fi\/tuote\/hopeinen-rannekoru-siipi-nahkanauhalla-skandinaavisesta-kokoelmasta\/#primaryimage\"},\"thumbnailUrl\":\"https:\/\/colibri-jewels.eu\/wp-content\/uploads\/2023\/08\/silver-wing-bracelet-on-leather-cord2.jpg\",\"datePublished\":\"2023-08-09T08:55:34+00:00\",\"dateModified\":\"2025-05-28T20:07:58+00:00\",\"breadcrumb\":{\"@id\":\"https:\/\/colibri-jewels.eu\/fi\/tuote\/hopeinen-rannekoru-siipi-nahkanauhalla-skandinaavisesta-kokoelmasta\/#breadcrumb\"},\"inLanguage\":\"fi\",\"potentialAction\":[{\"@type\":\"ReadAction\",\"target\":[\"https:\/\/colibri-jewels.eu\/fi\/tuote\/hopeinen-rannekoru-siipi-nahkanauhalla-skandinaavisesta-kokoelmasta\/\"]}]},{\"@type\":\"ImageObject\",\"inLanguage\":\"fi\",\"@id\":\"https:\/\/colibri-jewels.eu\/fi\/tuote\/hopeinen-rannekoru-siipi-nahkanauhalla-skandinaavisesta-kokoelmasta\/#primaryimage\",\"url\":\"https:\/\/colibri-jewels.eu\/wp-content\/uploads\/2023\/08\/silver-wing-bracelet-on-leather-cord2.jpg\",\"contentUrl\":\"https:\/\/colibri-jewels.eu\/wp-content\/uploads\/2023\/08\/silver-wing-bracelet-on-leather-cord2.jpg\",\"width\":1000,\"height\":1000},{\"@type\":\"BreadcrumbList\",\"@id\":\"https:\/\/colibri-jewels.eu\/fi\/tuote\/hopeinen-rannekoru-siipi-nahkanauhalla-skandinaavisesta-kokoelmasta\/#breadcrumb\",\"itemListElement\":[{\"@type\":\"ListItem\",\"position\":1,\"name\":\"\u0413\u043b\u0430\u0432\u043d\u0430\u044f \u0441\u0442\u0440\u0430\u043d\u0438\u0446\u0430\",\"item\":\"https:\/\/colibri-jewels.eu\/fi\/\"},{\"@type\":\"ListItem\",\"position\":2,\"name\":\"Kauppa\",\"item\":\"https:\/\/colibri-jewels.eu\/fi\/kauppa\/\"},{\"@type\":\"ListItem\",\"position\":3,\"name\":\"Hopeinen rannekoru &#8220;Siipi&#8221; nahkanauhalla skandinaavisesta kokoelmasta\"}]},{\"@type\":\"WebSite\",\"@id\":\"https:\/\/colibri-jewels.eu\/fi\/#website\",\"url\":\"https:\/\/colibri-jewels.eu\/fi\/\",\"name\":\"Colibri jewels\",\"description\":\"jewelry shop\",\"publisher\":{\"@id\":\"https:\/\/colibri-jewels.eu\/fi\/#organization\"},\"potentialAction\":[{\"@type\":\"SearchAction\",\"target\":{\"@type\":\"EntryPoint\",\"urlTemplate\":\"https:\/\/colibri-jewels.eu\/fi\/?s={search_term_string}\"},\"query-input\":{\"@type\":\"PropertyValueSpecification\",\"valueRequired\":true,\"valueName\":\"search_term_string\"}}],\"inLanguage\":\"fi\"},{\"@type\":\"Organization\",\"@id\":\"https:\/\/colibri-jewels.eu\/fi\/#organization\",\"name\":\"O\u00dc Colibri\",\"url\":\"https:\/\/colibri-jewels.eu\/fi\/\",\"logo\":{\"@type\":\"ImageObject\",\"inLanguage\":\"fi\",\"@id\":\"https:\/\/colibri-jewels.eu\/fi\/#\/schema\/logo\/image\/\",\"url\":\"https:\/\/dev.colibri-jewels.eu\/wp-content\/uploads\/2021\/03\/colibri.png\",\"contentUrl\":\"https:\/\/dev.colibri-jewels.eu\/wp-content\/uploads\/2021\/03\/colibri.png\",\"width\":227,\"height\":130,\"caption\":\"O\u00dc Colibri\"},\"image\":{\"@id\":\"https:\/\/colibri-jewels.eu\/fi\/#\/schema\/logo\/image\/\"},\"sameAs\":[\"https:\/\/www.facebook.com\/colibri.jewels\",\"https:\/\/www.instagram.com\/colibri.jewels\",\"https:\/\/www.tiktok.com\/colibri.jewels\"]}]}<\/script>\n<!-- \/ Yoast SEO Premium plugin. -->","yoast_head_json":{"title":"Hopeinen rannekoru \"Siipi\" nahkanauhalla skandinaavisesta kokoelmasta - Colibri jewels","robots":{"index":"index","follow":"follow","max-snippet":"max-snippet:-1","max-image-preview":"max-image-preview:large","max-video-preview":"max-video-preview:-1"},"canonical":"https:\/\/colibri-jewels.eu\/fi\/tuote\/hopeinen-rannekoru-siipi-nahkanauhalla-skandinaavisesta-kokoelmasta\/","og_locale":"fi_FI","og_type":"article","og_title":"Hopeinen rannekoru \"Siipi\" nahkanauhalla skandinaavisesta kokoelmasta","og_description":"Esittelyss\u00e4 uusi &#8221;Siipi&#8221;-rannekorumme &#8221;Siivet&#8221;-sarjasta, rajattoman pyrkimyksen ja halun omaksua el\u00e4m\u00e4nmatka sulavasti symboli. Nahkanauhalle asetettu ja koristeellisilla elementeill\u00e4 lis\u00e4tty &#8211; t\u00e4m\u00e4 elegantti siipi yhdist\u00e4\u00e4 keveyden ja...","og_url":"https:\/\/colibri-jewels.eu\/fi\/tuote\/hopeinen-rannekoru-siipi-nahkanauhalla-skandinaavisesta-kokoelmasta\/","og_site_name":"Colibri jewels","article_publisher":"https:\/\/www.facebook.com\/colibri.jewels","article_modified_time":"2025-05-28T20:07:58+00:00","og_image":[{"width":1000,"height":1000,"url":"https:\/\/colibri-jewels.eu\/wp-content\/uploads\/2023\/08\/silver-wing-bracelet-on-leather-cord2.jpg","type":"image\/jpeg"}],"twitter_card":"summary_large_image","twitter_misc":{"Arvioitu lukuaika":"1 minuutti"},"schema":{"@context":"https:\/\/schema.org","@graph":[{"@type":"WebPage","@id":"https:\/\/colibri-jewels.eu\/fi\/tuote\/hopeinen-rannekoru-siipi-nahkanauhalla-skandinaavisesta-kokoelmasta\/","url":"https:\/\/colibri-jewels.eu\/fi\/tuote\/hopeinen-rannekoru-siipi-nahkanauhalla-skandinaavisesta-kokoelmasta\/","name":"Hopeinen rannekoru \"Siipi\" nahkanauhalla skandinaavisesta kokoelmasta - Colibri jewels","isPartOf":{"@id":"https:\/\/colibri-jewels.eu\/fi\/#website"},"primaryImageOfPage":{"@id":"https:\/\/colibri-jewels.eu\/fi\/tuote\/hopeinen-rannekoru-siipi-nahkanauhalla-skandinaavisesta-kokoelmasta\/#primaryimage"},"image":{"@id":"https:\/\/colibri-jewels.eu\/fi\/tuote\/hopeinen-rannekoru-siipi-nahkanauhalla-skandinaavisesta-kokoelmasta\/#primaryimage"},"thumbnailUrl":"https:\/\/colibri-jewels.eu\/wp-content\/uploads\/2023\/08\/silver-wing-bracelet-on-leather-cord2.jpg","datePublished":"2023-08-09T08:55:34+00:00","dateModified":"2025-05-28T20:07:58+00:00","breadcrumb":{"@id":"https:\/\/colibri-jewels.eu\/fi\/tuote\/hopeinen-rannekoru-siipi-nahkanauhalla-skandinaavisesta-kokoelmasta\/#breadcrumb"},"inLanguage":"fi","potentialAction":[{"@type":"ReadAction","target":["https:\/\/colibri-jewels.eu\/fi\/tuote\/hopeinen-rannekoru-siipi-nahkanauhalla-skandinaavisesta-kokoelmasta\/"]}]},{"@type":"ImageObject","inLanguage":"fi","@id":"https:\/\/colibri-jewels.eu\/fi\/tuote\/hopeinen-rannekoru-siipi-nahkanauhalla-skandinaavisesta-kokoelmasta\/#primaryimage","url":"https:\/\/colibri-jewels.eu\/wp-content\/uploads\/2023\/08\/silver-wing-bracelet-on-leather-cord2.jpg","contentUrl":"https:\/\/colibri-jewels.eu\/wp-content\/uploads\/2023\/08\/silver-wing-bracelet-on-leather-cord2.jpg","width":1000,"height":1000},{"@type":"BreadcrumbList","@id":"https:\/\/colibri-jewels.eu\/fi\/tuote\/hopeinen-rannekoru-siipi-nahkanauhalla-skandinaavisesta-kokoelmasta\/#breadcrumb","itemListElement":[{"@type":"ListItem","position":1,"name":"\u0413\u043b\u0430\u0432\u043d\u0430\u044f \u0441\u0442\u0440\u0430\u043d\u0438\u0446\u0430","item":"https:\/\/colibri-jewels.eu\/fi\/"},{"@type":"ListItem","position":2,"name":"Kauppa","item":"https:\/\/colibri-jewels.eu\/fi\/kauppa\/"},{"@type":"ListItem","position":3,"name":"Hopeinen rannekoru &#8220;Siipi&#8221; nahkanauhalla skandinaavisesta kokoelmasta"}]},{"@type":"WebSite","@id":"https:\/\/colibri-jewels.eu\/fi\/#website","url":"https:\/\/colibri-jewels.eu\/fi\/","name":"Colibri jewels","description":"jewelry shop","publisher":{"@id":"https:\/\/colibri-jewels.eu\/fi\/#organization"},"potentialAction":[{"@type":"SearchAction","target":{"@type":"EntryPoint","urlTemplate":"https:\/\/colibri-jewels.eu\/fi\/?s={search_term_string}"},"query-input":{"@type":"PropertyValueSpecification","valueRequired":true,"valueName":"search_term_string"}}],"inLanguage":"fi"},{"@type":"Organization","@id":"https:\/\/colibri-jewels.eu\/fi\/#organization","name":"O\u00dc Colibri","url":"https:\/\/colibri-jewels.eu\/fi\/","logo":{"@type":"ImageObject","inLanguage":"fi","@id":"https:\/\/colibri-jewels.eu\/fi\/#\/schema\/logo\/image\/","url":"https:\/\/dev.colibri-jewels.eu\/wp-content\/uploads\/2021\/03\/colibri.png","contentUrl":"https:\/\/dev.colibri-jewels.eu\/wp-content\/uploads\/2021\/03\/colibri.png","width":227,"height":130,"caption":"O\u00dc Colibri"},"image":{"@id":"https:\/\/colibri-jewels.eu\/fi\/#\/schema\/logo\/image\/"},"sameAs":["https:\/\/www.facebook.com\/colibri.jewels","https:\/\/www.instagram.com\/colibri.jewels","https:\/\/www.tiktok.com\/colibri.jewels"]}]}},"_links":{"self":[{"href":"https:\/\/colibri-jewels.eu\/fi\/wp-json\/wp\/v2\/product\/52577","targetHints":{"allow":["GET"]}}],"collection":[{"href":"https:\/\/colibri-jewels.eu\/fi\/wp-json\/wp\/v2\/product"}],"about":[{"href":"https:\/\/colibri-jewels.eu\/fi\/wp-json\/wp\/v2\/types\/product"}],"replies":[{"embeddable":true,"href":"https:\/\/colibri-jewels.eu\/fi\/wp-json\/wp\/v2\/comments?post=52577"}],"version-history":[{"count":0,"href":"https:\/\/colibri-jewels.eu\/fi\/wp-json\/wp\/v2\/product\/52577\/revisions"}],"wp:featuredmedia":[{"embeddable":true,"href":"https:\/\/colibri-jewels.eu\/fi\/wp-json\/wp\/v2\/media\/52578"}],"wp:attachment":[{"href":"https:\/\/colibri-jewels.eu\/fi\/wp-json\/wp\/v2\/media?parent=52577"}],"wp:term":[{"taxonomy":"brand","embeddable":true,"href":"https:\/\/colibri-jewels.eu\/fi\/wp-json\/wp\/v2\/etheme_brands?post=52577"},{"taxonomy":"product_brand","embeddable":true,"href":"https:\/\/colibri-jewels.eu\/fi\/wp-json\/wp\/v2\/product_brand?post=52577"},{"taxonomy":"product_cat","embeddable":true,"href":"https:\/\/colibri-jewels.eu\/fi\/wp-json\/wp\/v2\/product_cat?post=52577"},{"taxonomy":"product_tag","embeddable":true,"href":"https:\/\/colibri-jewels.eu\/fi\/wp-json\/wp\/v2\/product_tag?post=52577"}],"curies":[{"name":"wp","href":"https:\/\/api.w.org\/{rel}","templated":true}]}}