{"id":52594,"date":"2025-05-25T22:14:03","date_gmt":"2025-05-25T19:14:03","guid":{"rendered":"https:\/\/colibri-jewels.eu\/?post_type=product&#038;p=52594"},"modified":"2025-05-30T15:16:27","modified_gmt":"2025-05-30T12:16:27","slug":"hopeinen-riipus-kultaisella-upotuksella-elaman-mandala","status":"publish","type":"product","link":"https:\/\/colibri-jewels.eu\/fi\/tuote\/hopeinen-riipus-kultaisella-upotuksella-elaman-mandala\/","title":{"rendered":"Hopeinen riipus kultaisella upotuksella &#8221;El\u00e4m\u00e4n Mandala&#8221;"},"content":{"rendered":"<p>\u2728 <strong data-start=\"493\" data-end=\"512\">El\u00e4m\u00e4n Mandala<\/strong> \u2013 harmonian, liikkeen ja loputtoman matkan symboli. Sen keskell\u00e4 loistaa aamuauringon kulta, <strong data-start=\"634\" data-end=\"654\">9 karaatin kultaisessa upotuksessa<\/strong>, muistuttaen ikuisesta energiasta ja uudistumisen voimasta. Sen ymp\u00e4rill\u00e4 oleva hopeinen kuvio muodostaa kohtalon py\u00f6r\u00e4n, joka kutoo tasapainon ja viisauden merkkej\u00e4. T\u00e4st\u00e4 riipuksesta tulee sinun talismanisi, joka auttaa sinua l\u00f6yt\u00e4m\u00e4\u00e4n polkusi ja kulkemaan kohti unelmiasi luottavaisesti.<\/p>\n","protected":false},"excerpt":{"rendered":"<p>Hopeaa 925*, riipuksen kokonaispaino 3,22 g.<\/p>\n<p>Kultainen levyupotus &#8211; kultaa 375* &#8211; 0,10 g.<\/p>\n","protected":false},"featured_media":52595,"comment_status":"open","ping_status":"closed","template":"","meta":[],"etheme_brands":[],"product_brand":[],"product_cat":[989],"product_tag":[1005],"class_list":{"0":"post-52594","1":"product","2":"type-product","3":"status-publish","4":"has-post-thumbnail","6":"product_cat-kaulakorut-ja-riipukset","7":"product_tag-riimukorut","9":"first","10":"instock","11":"shipping-taxable","12":"purchasable","13":"product-type-simple"},"acf":[],"yoast_head":"<!-- This site is optimized with the Yoast SEO Premium plugin v26.5 (Yoast SEO v26.8) - https:\/\/yoast.com\/product\/yoast-seo-premium-wordpress\/ -->\n<title>Hopeinen riipus kultaisella upotuksella &quot;El\u00e4m\u00e4n Mandala&quot; - Colibri jewels<\/title>\n<meta name=\"robots\" content=\"index, follow, max-snippet:-1, max-image-preview:large, max-video-preview:-1\" \/>\n<link rel=\"canonical\" href=\"https:\/\/colibri-jewels.eu\/fi\/tuote\/hopeinen-riipus-kultaisella-upotuksella-elaman-mandala\/\" \/>\n<meta property=\"og:locale\" content=\"fi_FI\" \/>\n<meta property=\"og:type\" content=\"article\" \/>\n<meta property=\"og:title\" content=\"Hopeinen riipus kultaisella upotuksella &quot;El\u00e4m\u00e4n Mandala&quot;\" \/>\n<meta property=\"og:description\" content=\"Hopeaa 925*, riipuksen kokonaispaino 3,22 g.  Kultainen levyupotus - kultaa 375* - 0,10 g.\" \/>\n<meta property=\"og:url\" content=\"https:\/\/colibri-jewels.eu\/fi\/tuote\/hopeinen-riipus-kultaisella-upotuksella-elaman-mandala\/\" \/>\n<meta property=\"og:site_name\" content=\"Colibri jewels\" \/>\n<meta property=\"article:publisher\" content=\"https:\/\/www.facebook.com\/colibri.jewels\" \/>\n<meta property=\"article:modified_time\" content=\"2025-05-30T12:16:27+00:00\" \/>\n<meta property=\"og:image\" content=\"https:\/\/colibri-jewels.eu\/wp-content\/uploads\/2025\/03\/1607-silver-pendant-with-golden-plate-insert-Mandala-of-Life.jpg\" \/>\n\t<meta property=\"og:image:width\" content=\"1000\" \/>\n\t<meta property=\"og:image:height\" content=\"1000\" \/>\n\t<meta property=\"og:image:type\" content=\"image\/jpeg\" \/>\n<meta name=\"twitter:card\" content=\"summary_large_image\" \/>\n<script type=\"application\/ld+json\" class=\"yoast-schema-graph\">{\"@context\":\"https:\/\/schema.org\",\"@graph\":[{\"@type\":\"WebPage\",\"@id\":\"https:\/\/colibri-jewels.eu\/fi\/tuote\/hopeinen-riipus-kultaisella-upotuksella-elaman-mandala\/\",\"url\":\"https:\/\/colibri-jewels.eu\/fi\/tuote\/hopeinen-riipus-kultaisella-upotuksella-elaman-mandala\/\",\"name\":\"Hopeinen riipus kultaisella upotuksella \\\"El\u00e4m\u00e4n Mandala\\\" - Colibri jewels\",\"isPartOf\":{\"@id\":\"https:\/\/colibri-jewels.eu\/fi\/#website\"},\"primaryImageOfPage\":{\"@id\":\"https:\/\/colibri-jewels.eu\/fi\/tuote\/hopeinen-riipus-kultaisella-upotuksella-elaman-mandala\/#primaryimage\"},\"image\":{\"@id\":\"https:\/\/colibri-jewels.eu\/fi\/tuote\/hopeinen-riipus-kultaisella-upotuksella-elaman-mandala\/#primaryimage\"},\"thumbnailUrl\":\"https:\/\/colibri-jewels.eu\/wp-content\/uploads\/2025\/03\/1607-silver-pendant-with-golden-plate-insert-Mandala-of-Life.jpg\",\"datePublished\":\"2025-05-25T19:14:03+00:00\",\"dateModified\":\"2025-05-30T12:16:27+00:00\",\"breadcrumb\":{\"@id\":\"https:\/\/colibri-jewels.eu\/fi\/tuote\/hopeinen-riipus-kultaisella-upotuksella-elaman-mandala\/#breadcrumb\"},\"inLanguage\":\"fi\",\"potentialAction\":[{\"@type\":\"ReadAction\",\"target\":[\"https:\/\/colibri-jewels.eu\/fi\/tuote\/hopeinen-riipus-kultaisella-upotuksella-elaman-mandala\/\"]}]},{\"@type\":\"ImageObject\",\"inLanguage\":\"fi\",\"@id\":\"https:\/\/colibri-jewels.eu\/fi\/tuote\/hopeinen-riipus-kultaisella-upotuksella-elaman-mandala\/#primaryimage\",\"url\":\"https:\/\/colibri-jewels.eu\/wp-content\/uploads\/2025\/03\/1607-silver-pendant-with-golden-plate-insert-Mandala-of-Life.jpg\",\"contentUrl\":\"https:\/\/colibri-jewels.eu\/wp-content\/uploads\/2025\/03\/1607-silver-pendant-with-golden-plate-insert-Mandala-of-Life.jpg\",\"width\":1000,\"height\":1000},{\"@type\":\"BreadcrumbList\",\"@id\":\"https:\/\/colibri-jewels.eu\/fi\/tuote\/hopeinen-riipus-kultaisella-upotuksella-elaman-mandala\/#breadcrumb\",\"itemListElement\":[{\"@type\":\"ListItem\",\"position\":1,\"name\":\"\u0413\u043b\u0430\u0432\u043d\u0430\u044f \u0441\u0442\u0440\u0430\u043d\u0438\u0446\u0430\",\"item\":\"https:\/\/colibri-jewels.eu\/fi\/\"},{\"@type\":\"ListItem\",\"position\":2,\"name\":\"Kauppa\",\"item\":\"https:\/\/colibri-jewels.eu\/fi\/kauppa\/\"},{\"@type\":\"ListItem\",\"position\":3,\"name\":\"Hopeinen riipus kultaisella upotuksella &#8220;El\u00e4m\u00e4n Mandala&#8221;\"}]},{\"@type\":\"WebSite\",\"@id\":\"https:\/\/colibri-jewels.eu\/fi\/#website\",\"url\":\"https:\/\/colibri-jewels.eu\/fi\/\",\"name\":\"Colibri jewels\",\"description\":\"jewelry shop\",\"publisher\":{\"@id\":\"https:\/\/colibri-jewels.eu\/fi\/#organization\"},\"potentialAction\":[{\"@type\":\"SearchAction\",\"target\":{\"@type\":\"EntryPoint\",\"urlTemplate\":\"https:\/\/colibri-jewels.eu\/fi\/?s={search_term_string}\"},\"query-input\":{\"@type\":\"PropertyValueSpecification\",\"valueRequired\":true,\"valueName\":\"search_term_string\"}}],\"inLanguage\":\"fi\"},{\"@type\":\"Organization\",\"@id\":\"https:\/\/colibri-jewels.eu\/fi\/#organization\",\"name\":\"O\u00dc Colibri\",\"url\":\"https:\/\/colibri-jewels.eu\/fi\/\",\"logo\":{\"@type\":\"ImageObject\",\"inLanguage\":\"fi\",\"@id\":\"https:\/\/colibri-jewels.eu\/fi\/#\/schema\/logo\/image\/\",\"url\":\"https:\/\/dev.colibri-jewels.eu\/wp-content\/uploads\/2021\/03\/colibri.png\",\"contentUrl\":\"https:\/\/dev.colibri-jewels.eu\/wp-content\/uploads\/2021\/03\/colibri.png\",\"width\":227,\"height\":130,\"caption\":\"O\u00dc Colibri\"},\"image\":{\"@id\":\"https:\/\/colibri-jewels.eu\/fi\/#\/schema\/logo\/image\/\"},\"sameAs\":[\"https:\/\/www.facebook.com\/colibri.jewels\",\"https:\/\/www.instagram.com\/colibri.jewels\",\"https:\/\/www.tiktok.com\/colibri.jewels\"]}]}<\/script>\n<!-- \/ Yoast SEO Premium plugin. -->","yoast_head_json":{"title":"Hopeinen riipus kultaisella upotuksella \"El\u00e4m\u00e4n Mandala\" - Colibri jewels","robots":{"index":"index","follow":"follow","max-snippet":"max-snippet:-1","max-image-preview":"max-image-preview:large","max-video-preview":"max-video-preview:-1"},"canonical":"https:\/\/colibri-jewels.eu\/fi\/tuote\/hopeinen-riipus-kultaisella-upotuksella-elaman-mandala\/","og_locale":"fi_FI","og_type":"article","og_title":"Hopeinen riipus kultaisella upotuksella \"El\u00e4m\u00e4n Mandala\"","og_description":"Hopeaa 925*, riipuksen kokonaispaino 3,22 g.  Kultainen levyupotus - kultaa 375* - 0,10 g.","og_url":"https:\/\/colibri-jewels.eu\/fi\/tuote\/hopeinen-riipus-kultaisella-upotuksella-elaman-mandala\/","og_site_name":"Colibri jewels","article_publisher":"https:\/\/www.facebook.com\/colibri.jewels","article_modified_time":"2025-05-30T12:16:27+00:00","og_image":[{"width":1000,"height":1000,"url":"https:\/\/colibri-jewels.eu\/wp-content\/uploads\/2025\/03\/1607-silver-pendant-with-golden-plate-insert-Mandala-of-Life.jpg","type":"image\/jpeg"}],"twitter_card":"summary_large_image","schema":{"@context":"https:\/\/schema.org","@graph":[{"@type":"WebPage","@id":"https:\/\/colibri-jewels.eu\/fi\/tuote\/hopeinen-riipus-kultaisella-upotuksella-elaman-mandala\/","url":"https:\/\/colibri-jewels.eu\/fi\/tuote\/hopeinen-riipus-kultaisella-upotuksella-elaman-mandala\/","name":"Hopeinen riipus kultaisella upotuksella \"El\u00e4m\u00e4n Mandala\" - Colibri jewels","isPartOf":{"@id":"https:\/\/colibri-jewels.eu\/fi\/#website"},"primaryImageOfPage":{"@id":"https:\/\/colibri-jewels.eu\/fi\/tuote\/hopeinen-riipus-kultaisella-upotuksella-elaman-mandala\/#primaryimage"},"image":{"@id":"https:\/\/colibri-jewels.eu\/fi\/tuote\/hopeinen-riipus-kultaisella-upotuksella-elaman-mandala\/#primaryimage"},"thumbnailUrl":"https:\/\/colibri-jewels.eu\/wp-content\/uploads\/2025\/03\/1607-silver-pendant-with-golden-plate-insert-Mandala-of-Life.jpg","datePublished":"2025-05-25T19:14:03+00:00","dateModified":"2025-05-30T12:16:27+00:00","breadcrumb":{"@id":"https:\/\/colibri-jewels.eu\/fi\/tuote\/hopeinen-riipus-kultaisella-upotuksella-elaman-mandala\/#breadcrumb"},"inLanguage":"fi","potentialAction":[{"@type":"ReadAction","target":["https:\/\/colibri-jewels.eu\/fi\/tuote\/hopeinen-riipus-kultaisella-upotuksella-elaman-mandala\/"]}]},{"@type":"ImageObject","inLanguage":"fi","@id":"https:\/\/colibri-jewels.eu\/fi\/tuote\/hopeinen-riipus-kultaisella-upotuksella-elaman-mandala\/#primaryimage","url":"https:\/\/colibri-jewels.eu\/wp-content\/uploads\/2025\/03\/1607-silver-pendant-with-golden-plate-insert-Mandala-of-Life.jpg","contentUrl":"https:\/\/colibri-jewels.eu\/wp-content\/uploads\/2025\/03\/1607-silver-pendant-with-golden-plate-insert-Mandala-of-Life.jpg","width":1000,"height":1000},{"@type":"BreadcrumbList","@id":"https:\/\/colibri-jewels.eu\/fi\/tuote\/hopeinen-riipus-kultaisella-upotuksella-elaman-mandala\/#breadcrumb","itemListElement":[{"@type":"ListItem","position":1,"name":"\u0413\u043b\u0430\u0432\u043d\u0430\u044f \u0441\u0442\u0440\u0430\u043d\u0438\u0446\u0430","item":"https:\/\/colibri-jewels.eu\/fi\/"},{"@type":"ListItem","position":2,"name":"Kauppa","item":"https:\/\/colibri-jewels.eu\/fi\/kauppa\/"},{"@type":"ListItem","position":3,"name":"Hopeinen riipus kultaisella upotuksella &#8220;El\u00e4m\u00e4n Mandala&#8221;"}]},{"@type":"WebSite","@id":"https:\/\/colibri-jewels.eu\/fi\/#website","url":"https:\/\/colibri-jewels.eu\/fi\/","name":"Colibri jewels","description":"jewelry shop","publisher":{"@id":"https:\/\/colibri-jewels.eu\/fi\/#organization"},"potentialAction":[{"@type":"SearchAction","target":{"@type":"EntryPoint","urlTemplate":"https:\/\/colibri-jewels.eu\/fi\/?s={search_term_string}"},"query-input":{"@type":"PropertyValueSpecification","valueRequired":true,"valueName":"search_term_string"}}],"inLanguage":"fi"},{"@type":"Organization","@id":"https:\/\/colibri-jewels.eu\/fi\/#organization","name":"O\u00dc Colibri","url":"https:\/\/colibri-jewels.eu\/fi\/","logo":{"@type":"ImageObject","inLanguage":"fi","@id":"https:\/\/colibri-jewels.eu\/fi\/#\/schema\/logo\/image\/","url":"https:\/\/dev.colibri-jewels.eu\/wp-content\/uploads\/2021\/03\/colibri.png","contentUrl":"https:\/\/dev.colibri-jewels.eu\/wp-content\/uploads\/2021\/03\/colibri.png","width":227,"height":130,"caption":"O\u00dc Colibri"},"image":{"@id":"https:\/\/colibri-jewels.eu\/fi\/#\/schema\/logo\/image\/"},"sameAs":["https:\/\/www.facebook.com\/colibri.jewels","https:\/\/www.instagram.com\/colibri.jewels","https:\/\/www.tiktok.com\/colibri.jewels"]}]}},"_links":{"self":[{"href":"https:\/\/colibri-jewels.eu\/fi\/wp-json\/wp\/v2\/product\/52594","targetHints":{"allow":["GET"]}}],"collection":[{"href":"https:\/\/colibri-jewels.eu\/fi\/wp-json\/wp\/v2\/product"}],"about":[{"href":"https:\/\/colibri-jewels.eu\/fi\/wp-json\/wp\/v2\/types\/product"}],"replies":[{"embeddable":true,"href":"https:\/\/colibri-jewels.eu\/fi\/wp-json\/wp\/v2\/comments?post=52594"}],"version-history":[{"count":0,"href":"https:\/\/colibri-jewels.eu\/fi\/wp-json\/wp\/v2\/product\/52594\/revisions"}],"wp:featuredmedia":[{"embeddable":true,"href":"https:\/\/colibri-jewels.eu\/fi\/wp-json\/wp\/v2\/media\/52595"}],"wp:attachment":[{"href":"https:\/\/colibri-jewels.eu\/fi\/wp-json\/wp\/v2\/media?parent=52594"}],"wp:term":[{"taxonomy":"brand","embeddable":true,"href":"https:\/\/colibri-jewels.eu\/fi\/wp-json\/wp\/v2\/etheme_brands?post=52594"},{"taxonomy":"product_brand","embeddable":true,"href":"https:\/\/colibri-jewels.eu\/fi\/wp-json\/wp\/v2\/product_brand?post=52594"},{"taxonomy":"product_cat","embeddable":true,"href":"https:\/\/colibri-jewels.eu\/fi\/wp-json\/wp\/v2\/product_cat?post=52594"},{"taxonomy":"product_tag","embeddable":true,"href":"https:\/\/colibri-jewels.eu\/fi\/wp-json\/wp\/v2\/product_tag?post=52594"}],"curies":[{"name":"wp","href":"https:\/\/api.w.org\/{rel}","templated":true}]}}