{"id":52681,"date":"2025-06-01T21:05:53","date_gmt":"2025-06-01T18:05:53","guid":{"rendered":"https:\/\/colibri-jewels.eu\/?post_type=product&#038;p=52681"},"modified":"2025-06-11T14:41:58","modified_gmt":"2025-06-11T11:41:58","slug":"laboroiduilla-timanteilla-nastakorvakorut-2x05-ct-14k-valkokulta","status":"publish","type":"product","link":"https:\/\/colibri-jewels.eu\/fi\/tuote\/laboroiduilla-timanteilla-nastakorvakorut-2x05-ct-14k-valkokulta\/","title":{"rendered":"Laboroiduilla timanteilla nastakorvakorut 2\u00d70,5 ct \u2013 14K valkokulta"},"content":{"rendered":"<h3 data-start=\"191\" data-end=\"231\">\ud83d\udc8e Ajattoman tyylikk\u00e4\u00e4t ja huolellisesti viimeistellyt<\/h3>\n<p data-start=\"233\" data-end=\"492\">N\u00e4m\u00e4 klassiset nastakorvakorut sopivat sinulle, joka arvostat pelkistetty\u00e4 muotoilua ja maksimaalista s\u00e4ihkett\u00e4. Jokaisessa korussa on <strong data-start=\"367\" data-end=\"396\">0,50 karaatin laboratoriotimantti<\/strong>, v\u00e4ri <strong data-start=\"404\" data-end=\"409\">E<\/strong>, puhtaus <strong data-start=\"419\" data-end=\"427\">VVS1<\/strong>, <strong data-start=\"449\" data-end=\"468\">kiinnitetty turvallisesti ruuvilukolla.<\/strong> <\/p>\n<p data-start=\"494\" data-end=\"705\">Korvakorut on valmistettu <strong data-start=\"505\" data-end=\"523\">14 karaatin valkokullasta<\/strong>, joka korostaa timanttien kirkasta loistoa. Molemmat kivet ovat <strong data-start=\"598\" data-end=\"615\">IGI-sertifioituja<\/strong> ja niihin on kaiverrettu <strong data-start=\"636\" data-end=\"668\">yksil\u00f6llinen tunnistenumero<\/strong> rungon reunoille. <\/p>\n<p>&nbsp;<\/p>\n<p data-start=\"707\" data-end=\"795\">T\u00e4ydellinen valinta arkeen tai lahjaksi \u2013 yksinkertainen, mutta vaikuttava.<\/p>\n","protected":false},"excerpt":{"rendered":"<h3 data-start=\"802\" data-end=\"828\">\ud83d\udccb <strong data-start=\"809\" data-end=\"828\">Tiedot:<\/strong><\/h3>\n<ul data-start=\"830\" data-end=\"1265\">\n<li data-start=\"830\" data-end=\"865\">\n<p data-start=\"832\" data-end=\"865\"><strong data-start=\"832\" data-end=\"849\">Tuotetyyppi:<\/strong> nastakorvakorut (ruuvikiinnitys)<\/p>\n<\/li>\n<li data-start=\"866\" data-end=\"889\">\n<p data-start=\"868\" data-end=\"889\"><strong data-start=\"868\" data-end=\"878\">Metalli:<\/strong> 14K kulta<\/p>\n<\/li>\n<li data-start=\"890\" data-end=\"916\">\n<p data-start=\"892\" data-end=\"916\"><strong data-start=\"892\" data-end=\"908\">V\u00e4ri:<\/strong> valkokulta<\/p>\n<\/li>\n<li data-start=\"917\" data-end=\"949\">\n<p data-start=\"919\" data-end=\"949\"><strong data-start=\"919\" data-end=\"936\">Kiinnitys:<\/strong> ruuvi (screw-back)<\/p>\n<\/li>\n<li data-start=\"950\" data-end=\"1191\">\n<p data-start=\"952\" data-end=\"970\"><strong data-start=\"952\" data-end=\"968\">Timantit:<\/strong><\/p>\n<ul data-start=\"973\" data-end=\"1191\">\n<li data-start=\"973\" data-end=\"995\">\n<p data-start=\"975\" data-end=\"995\">Laboratoriotimantit<\/p>\n<\/li>\n<li data-start=\"998\" data-end=\"1013\">\n<p data-start=\"1000\" data-end=\"1013\">M\u00e4\u00e4r\u00e4: 2<\/p>\n<\/li>\n<li data-start=\"1016\" data-end=\"1046\">\n<p data-start=\"1018\" data-end=\"1046\">Paino: 0,50 ct \/ timantti<\/p>\n<\/li>\n<li data-start=\"1049\" data-end=\"1061\">\n<p data-start=\"1051\" data-end=\"1061\">V\u00e4ri: E<\/p>\n<\/li>\n<li data-start=\"1064\" data-end=\"1081\">\n<p data-start=\"1066\" data-end=\"1081\">Puhtaus: VVS1<\/p>\n<\/li>\n<li data-start=\"1084\" data-end=\"1118\">\n<p data-start=\"1086\" data-end=\"1118\">Hionta: 57 fasettia (t\u00e4yshionta)<\/p>\n<\/li>\n<li data-start=\"1121\" data-end=\"1143\">\n<p data-start=\"1123\" data-end=\"1143\">Sertifikaatti: IGI<\/p>\n<\/li>\n<li data-start=\"1146\" data-end=\"1191\">\n<p data-start=\"1148\" data-end=\"1191\">Kaiverrus: yksil\u00f6llinen tunniste rungossa<\/p>\n<\/li>\n<\/ul>\n<\/li>\n<li data-start=\"1192\" data-end=\"1227\">\n<p data-start=\"1194\" data-end=\"1227\"><strong data-start=\"1194\" data-end=\"1217\">Timanttien kokonaispaino:<\/strong> 1,00 ct<\/p>\n<\/li>\n<li data-start=\"1228\" data-end=\"1265\">\n<p data-start=\"1230\" data-end=\"1265\"><strong data-start=\"1230\" data-end=\"1244\">Pakkaus<\/strong>: tyylik\u00e4s lahjarasia sis\u00e4ltyy<\/p>\n<\/li>\n<\/ul>\n<hr data-start=\"1267\" data-end=\"1270\">\n<p>&nbsp;<\/p>\n<p data-start=\"1272\" data-end=\"1355\">\ud83d\udcac <strong data-start=\"1275\" data-end=\"1355\">Saatavilla my\u00f6s suuremmilla kivill\u00e4 \u2013 kysy tarjousta.<\/strong><\/p>\n","protected":false},"featured_media":52601,"comment_status":"open","ping_status":"closed","template":"","meta":[],"etheme_brands":[],"product_brand":[],"product_cat":[987],"product_tag":[994,1256,1002,1007,999],"class_list":{"0":"post-52681","1":"product","2":"type-product","3":"status-publish","4":"has-post-thumbnail","6":"product_cat-korvakorut","7":"product_tag-klassiset","8":"product_tag-lab-timantit","9":"product_tag-lakoniset","10":"product_tag-solitaire-sormus","11":"product_tag-yksinoikeudella","13":"first","14":"onbackorder","15":"shipping-taxable","16":"purchasable","17":"product-type-simple"},"acf":[],"yoast_head":"<!-- This site is optimized with the Yoast SEO Premium plugin v26.5 (Yoast SEO v26.8) - https:\/\/yoast.com\/product\/yoast-seo-premium-wordpress\/ -->\n<title>Nastakorvakorut laboratoriotimanteilla 2\u00d70,5 ct \u2013 14K valkokulta | IGI-sertifioitu<\/title>\n<meta name=\"description\" content=\"Klassiset valkokultaiset timanttinastat laboratoriotimanteilla. 2\u00d70,5 ct, E\/VVS1, IGI-sertifikaatti, kaiverrus, ruuvilukko. T\u00e4ydellinen lahjaidea.\" \/>\n<meta name=\"robots\" content=\"index, follow, max-snippet:-1, max-image-preview:large, max-video-preview:-1\" \/>\n<link rel=\"canonical\" href=\"https:\/\/colibri-jewels.eu\/fi\/tuote\/laboroiduilla-timanteilla-nastakorvakorut-2x05-ct-14k-valkokulta\/\" \/>\n<meta property=\"og:locale\" content=\"fi_FI\" \/>\n<meta property=\"og:type\" content=\"article\" \/>\n<meta property=\"og:title\" content=\"Laboroiduilla timanteilla nastakorvakorut 2\u00d70,5 ct \u2013 14K valkokulta\" \/>\n<meta property=\"og:description\" content=\"Klassiset valkokultaiset timanttinastat laboratoriotimanteilla. 2\u00d70,5 ct, E\/VVS1, IGI-sertifikaatti, kaiverrus, ruuvilukko. T\u00e4ydellinen lahjaidea.\" \/>\n<meta property=\"og:url\" content=\"https:\/\/colibri-jewels.eu\/fi\/tuote\/laboroiduilla-timanteilla-nastakorvakorut-2x05-ct-14k-valkokulta\/\" \/>\n<meta property=\"og:site_name\" content=\"Colibri jewels\" \/>\n<meta property=\"article:publisher\" content=\"https:\/\/www.facebook.com\/colibri.jewels\" \/>\n<meta property=\"article:modified_time\" content=\"2025-06-11T11:41:58+00:00\" \/>\n<meta property=\"og:image\" content=\"https:\/\/colibri-jewels.eu\/wp-content\/uploads\/2025\/05\/white-gold-stud-earrings-with-0.5-ct-lab-diamonds-Celeste-00853.jpg\" \/>\n\t<meta property=\"og:image:width\" content=\"1000\" \/>\n\t<meta property=\"og:image:height\" content=\"1000\" \/>\n\t<meta property=\"og:image:type\" content=\"image\/jpeg\" \/>\n<meta name=\"twitter:card\" content=\"summary_large_image\" \/>\n<script type=\"application\/ld+json\" class=\"yoast-schema-graph\">{\"@context\":\"https:\/\/schema.org\",\"@graph\":[{\"@type\":\"WebPage\",\"@id\":\"https:\/\/colibri-jewels.eu\/fi\/tuote\/laboroiduilla-timanteilla-nastakorvakorut-2x05-ct-14k-valkokulta\/\",\"url\":\"https:\/\/colibri-jewels.eu\/fi\/tuote\/laboroiduilla-timanteilla-nastakorvakorut-2x05-ct-14k-valkokulta\/\",\"name\":\"Nastakorvakorut laboratoriotimanteilla 2\u00d70,5 ct \u2013 14K valkokulta | IGI-sertifioitu\",\"isPartOf\":{\"@id\":\"https:\/\/colibri-jewels.eu\/fi\/#website\"},\"primaryImageOfPage\":{\"@id\":\"https:\/\/colibri-jewels.eu\/fi\/tuote\/laboroiduilla-timanteilla-nastakorvakorut-2x05-ct-14k-valkokulta\/#primaryimage\"},\"image\":{\"@id\":\"https:\/\/colibri-jewels.eu\/fi\/tuote\/laboroiduilla-timanteilla-nastakorvakorut-2x05-ct-14k-valkokulta\/#primaryimage\"},\"thumbnailUrl\":\"https:\/\/colibri-jewels.eu\/wp-content\/uploads\/2025\/05\/white-gold-stud-earrings-with-0.5-ct-lab-diamonds-Celeste-00853.jpg\",\"datePublished\":\"2025-06-01T18:05:53+00:00\",\"dateModified\":\"2025-06-11T11:41:58+00:00\",\"description\":\"Klassiset valkokultaiset timanttinastat laboratoriotimanteilla. 2\u00d70,5 ct, E\/VVS1, IGI-sertifikaatti, kaiverrus, ruuvilukko. T\u00e4ydellinen lahjaidea.\",\"breadcrumb\":{\"@id\":\"https:\/\/colibri-jewels.eu\/fi\/tuote\/laboroiduilla-timanteilla-nastakorvakorut-2x05-ct-14k-valkokulta\/#breadcrumb\"},\"inLanguage\":\"fi\",\"potentialAction\":[{\"@type\":\"ReadAction\",\"target\":[\"https:\/\/colibri-jewels.eu\/fi\/tuote\/laboroiduilla-timanteilla-nastakorvakorut-2x05-ct-14k-valkokulta\/\"]}]},{\"@type\":\"ImageObject\",\"inLanguage\":\"fi\",\"@id\":\"https:\/\/colibri-jewels.eu\/fi\/tuote\/laboroiduilla-timanteilla-nastakorvakorut-2x05-ct-14k-valkokulta\/#primaryimage\",\"url\":\"https:\/\/colibri-jewels.eu\/wp-content\/uploads\/2025\/05\/white-gold-stud-earrings-with-0.5-ct-lab-diamonds-Celeste-00853.jpg\",\"contentUrl\":\"https:\/\/colibri-jewels.eu\/wp-content\/uploads\/2025\/05\/white-gold-stud-earrings-with-0.5-ct-lab-diamonds-Celeste-00853.jpg\",\"width\":1000,\"height\":1000},{\"@type\":\"BreadcrumbList\",\"@id\":\"https:\/\/colibri-jewels.eu\/fi\/tuote\/laboroiduilla-timanteilla-nastakorvakorut-2x05-ct-14k-valkokulta\/#breadcrumb\",\"itemListElement\":[{\"@type\":\"ListItem\",\"position\":1,\"name\":\"\u0413\u043b\u0430\u0432\u043d\u0430\u044f \u0441\u0442\u0440\u0430\u043d\u0438\u0446\u0430\",\"item\":\"https:\/\/colibri-jewels.eu\/fi\/\"},{\"@type\":\"ListItem\",\"position\":2,\"name\":\"Kauppa\",\"item\":\"https:\/\/colibri-jewels.eu\/fi\/kauppa\/\"},{\"@type\":\"ListItem\",\"position\":3,\"name\":\"Laboroiduilla timanteilla nastakorvakorut 2\u00d70,5 ct \u2013 14K valkokulta\"}]},{\"@type\":\"WebSite\",\"@id\":\"https:\/\/colibri-jewels.eu\/fi\/#website\",\"url\":\"https:\/\/colibri-jewels.eu\/fi\/\",\"name\":\"Colibri jewels\",\"description\":\"jewelry shop\",\"publisher\":{\"@id\":\"https:\/\/colibri-jewels.eu\/fi\/#organization\"},\"potentialAction\":[{\"@type\":\"SearchAction\",\"target\":{\"@type\":\"EntryPoint\",\"urlTemplate\":\"https:\/\/colibri-jewels.eu\/fi\/?s={search_term_string}\"},\"query-input\":{\"@type\":\"PropertyValueSpecification\",\"valueRequired\":true,\"valueName\":\"search_term_string\"}}],\"inLanguage\":\"fi\"},{\"@type\":\"Organization\",\"@id\":\"https:\/\/colibri-jewels.eu\/fi\/#organization\",\"name\":\"O\u00dc Colibri\",\"url\":\"https:\/\/colibri-jewels.eu\/fi\/\",\"logo\":{\"@type\":\"ImageObject\",\"inLanguage\":\"fi\",\"@id\":\"https:\/\/colibri-jewels.eu\/fi\/#\/schema\/logo\/image\/\",\"url\":\"https:\/\/dev.colibri-jewels.eu\/wp-content\/uploads\/2021\/03\/colibri.png\",\"contentUrl\":\"https:\/\/dev.colibri-jewels.eu\/wp-content\/uploads\/2021\/03\/colibri.png\",\"width\":227,\"height\":130,\"caption\":\"O\u00dc Colibri\"},\"image\":{\"@id\":\"https:\/\/colibri-jewels.eu\/fi\/#\/schema\/logo\/image\/\"},\"sameAs\":[\"https:\/\/www.facebook.com\/colibri.jewels\",\"https:\/\/www.instagram.com\/colibri.jewels\",\"https:\/\/www.tiktok.com\/colibri.jewels\"]}]}<\/script>\n<!-- \/ Yoast SEO Premium plugin. -->","yoast_head_json":{"title":"Nastakorvakorut laboratoriotimanteilla 2\u00d70,5 ct \u2013 14K valkokulta | IGI-sertifioitu","description":"Klassiset valkokultaiset timanttinastat laboratoriotimanteilla. 2\u00d70,5 ct, E\/VVS1, IGI-sertifikaatti, kaiverrus, ruuvilukko. T\u00e4ydellinen lahjaidea.","robots":{"index":"index","follow":"follow","max-snippet":"max-snippet:-1","max-image-preview":"max-image-preview:large","max-video-preview":"max-video-preview:-1"},"canonical":"https:\/\/colibri-jewels.eu\/fi\/tuote\/laboroiduilla-timanteilla-nastakorvakorut-2x05-ct-14k-valkokulta\/","og_locale":"fi_FI","og_type":"article","og_title":"Laboroiduilla timanteilla nastakorvakorut 2\u00d70,5 ct \u2013 14K valkokulta","og_description":"Klassiset valkokultaiset timanttinastat laboratoriotimanteilla. 2\u00d70,5 ct, E\/VVS1, IGI-sertifikaatti, kaiverrus, ruuvilukko. T\u00e4ydellinen lahjaidea.","og_url":"https:\/\/colibri-jewels.eu\/fi\/tuote\/laboroiduilla-timanteilla-nastakorvakorut-2x05-ct-14k-valkokulta\/","og_site_name":"Colibri jewels","article_publisher":"https:\/\/www.facebook.com\/colibri.jewels","article_modified_time":"2025-06-11T11:41:58+00:00","og_image":[{"width":1000,"height":1000,"url":"https:\/\/colibri-jewels.eu\/wp-content\/uploads\/2025\/05\/white-gold-stud-earrings-with-0.5-ct-lab-diamonds-Celeste-00853.jpg","type":"image\/jpeg"}],"twitter_card":"summary_large_image","schema":{"@context":"https:\/\/schema.org","@graph":[{"@type":"WebPage","@id":"https:\/\/colibri-jewels.eu\/fi\/tuote\/laboroiduilla-timanteilla-nastakorvakorut-2x05-ct-14k-valkokulta\/","url":"https:\/\/colibri-jewels.eu\/fi\/tuote\/laboroiduilla-timanteilla-nastakorvakorut-2x05-ct-14k-valkokulta\/","name":"Nastakorvakorut laboratoriotimanteilla 2\u00d70,5 ct \u2013 14K valkokulta | IGI-sertifioitu","isPartOf":{"@id":"https:\/\/colibri-jewels.eu\/fi\/#website"},"primaryImageOfPage":{"@id":"https:\/\/colibri-jewels.eu\/fi\/tuote\/laboroiduilla-timanteilla-nastakorvakorut-2x05-ct-14k-valkokulta\/#primaryimage"},"image":{"@id":"https:\/\/colibri-jewels.eu\/fi\/tuote\/laboroiduilla-timanteilla-nastakorvakorut-2x05-ct-14k-valkokulta\/#primaryimage"},"thumbnailUrl":"https:\/\/colibri-jewels.eu\/wp-content\/uploads\/2025\/05\/white-gold-stud-earrings-with-0.5-ct-lab-diamonds-Celeste-00853.jpg","datePublished":"2025-06-01T18:05:53+00:00","dateModified":"2025-06-11T11:41:58+00:00","description":"Klassiset valkokultaiset timanttinastat laboratoriotimanteilla. 2\u00d70,5 ct, E\/VVS1, IGI-sertifikaatti, kaiverrus, ruuvilukko. T\u00e4ydellinen lahjaidea.","breadcrumb":{"@id":"https:\/\/colibri-jewels.eu\/fi\/tuote\/laboroiduilla-timanteilla-nastakorvakorut-2x05-ct-14k-valkokulta\/#breadcrumb"},"inLanguage":"fi","potentialAction":[{"@type":"ReadAction","target":["https:\/\/colibri-jewels.eu\/fi\/tuote\/laboroiduilla-timanteilla-nastakorvakorut-2x05-ct-14k-valkokulta\/"]}]},{"@type":"ImageObject","inLanguage":"fi","@id":"https:\/\/colibri-jewels.eu\/fi\/tuote\/laboroiduilla-timanteilla-nastakorvakorut-2x05-ct-14k-valkokulta\/#primaryimage","url":"https:\/\/colibri-jewels.eu\/wp-content\/uploads\/2025\/05\/white-gold-stud-earrings-with-0.5-ct-lab-diamonds-Celeste-00853.jpg","contentUrl":"https:\/\/colibri-jewels.eu\/wp-content\/uploads\/2025\/05\/white-gold-stud-earrings-with-0.5-ct-lab-diamonds-Celeste-00853.jpg","width":1000,"height":1000},{"@type":"BreadcrumbList","@id":"https:\/\/colibri-jewels.eu\/fi\/tuote\/laboroiduilla-timanteilla-nastakorvakorut-2x05-ct-14k-valkokulta\/#breadcrumb","itemListElement":[{"@type":"ListItem","position":1,"name":"\u0413\u043b\u0430\u0432\u043d\u0430\u044f \u0441\u0442\u0440\u0430\u043d\u0438\u0446\u0430","item":"https:\/\/colibri-jewels.eu\/fi\/"},{"@type":"ListItem","position":2,"name":"Kauppa","item":"https:\/\/colibri-jewels.eu\/fi\/kauppa\/"},{"@type":"ListItem","position":3,"name":"Laboroiduilla timanteilla nastakorvakorut 2\u00d70,5 ct \u2013 14K valkokulta"}]},{"@type":"WebSite","@id":"https:\/\/colibri-jewels.eu\/fi\/#website","url":"https:\/\/colibri-jewels.eu\/fi\/","name":"Colibri jewels","description":"jewelry shop","publisher":{"@id":"https:\/\/colibri-jewels.eu\/fi\/#organization"},"potentialAction":[{"@type":"SearchAction","target":{"@type":"EntryPoint","urlTemplate":"https:\/\/colibri-jewels.eu\/fi\/?s={search_term_string}"},"query-input":{"@type":"PropertyValueSpecification","valueRequired":true,"valueName":"search_term_string"}}],"inLanguage":"fi"},{"@type":"Organization","@id":"https:\/\/colibri-jewels.eu\/fi\/#organization","name":"O\u00dc Colibri","url":"https:\/\/colibri-jewels.eu\/fi\/","logo":{"@type":"ImageObject","inLanguage":"fi","@id":"https:\/\/colibri-jewels.eu\/fi\/#\/schema\/logo\/image\/","url":"https:\/\/dev.colibri-jewels.eu\/wp-content\/uploads\/2021\/03\/colibri.png","contentUrl":"https:\/\/dev.colibri-jewels.eu\/wp-content\/uploads\/2021\/03\/colibri.png","width":227,"height":130,"caption":"O\u00dc Colibri"},"image":{"@id":"https:\/\/colibri-jewels.eu\/fi\/#\/schema\/logo\/image\/"},"sameAs":["https:\/\/www.facebook.com\/colibri.jewels","https:\/\/www.instagram.com\/colibri.jewels","https:\/\/www.tiktok.com\/colibri.jewels"]}]}},"_links":{"self":[{"href":"https:\/\/colibri-jewels.eu\/fi\/wp-json\/wp\/v2\/product\/52681","targetHints":{"allow":["GET"]}}],"collection":[{"href":"https:\/\/colibri-jewels.eu\/fi\/wp-json\/wp\/v2\/product"}],"about":[{"href":"https:\/\/colibri-jewels.eu\/fi\/wp-json\/wp\/v2\/types\/product"}],"replies":[{"embeddable":true,"href":"https:\/\/colibri-jewels.eu\/fi\/wp-json\/wp\/v2\/comments?post=52681"}],"version-history":[{"count":0,"href":"https:\/\/colibri-jewels.eu\/fi\/wp-json\/wp\/v2\/product\/52681\/revisions"}],"wp:featuredmedia":[{"embeddable":true,"href":"https:\/\/colibri-jewels.eu\/fi\/wp-json\/wp\/v2\/media\/52601"}],"wp:attachment":[{"href":"https:\/\/colibri-jewels.eu\/fi\/wp-json\/wp\/v2\/media?parent=52681"}],"wp:term":[{"taxonomy":"brand","embeddable":true,"href":"https:\/\/colibri-jewels.eu\/fi\/wp-json\/wp\/v2\/etheme_brands?post=52681"},{"taxonomy":"product_brand","embeddable":true,"href":"https:\/\/colibri-jewels.eu\/fi\/wp-json\/wp\/v2\/product_brand?post=52681"},{"taxonomy":"product_cat","embeddable":true,"href":"https:\/\/colibri-jewels.eu\/fi\/wp-json\/wp\/v2\/product_cat?post=52681"},{"taxonomy":"product_tag","embeddable":true,"href":"https:\/\/colibri-jewels.eu\/fi\/wp-json\/wp\/v2\/product_tag?post=52681"}],"curies":[{"name":"wp","href":"https:\/\/api.w.org\/{rel}","templated":true}]}}