{"id":52710,"date":"2023-07-20T11:04:42","date_gmt":"2023-07-20T08:04:42","guid":{"rendered":"https:\/\/colibri-jewels.eu\/?post_type=product&#038;p=52710"},"modified":"2025-06-01T23:40:54","modified_gmt":"2025-06-01T20:40:54","slug":"hopeinen-choker-kaulakoru-siipi-skandinaavisesta-kokoelmasta","status":"publish","type":"product","link":"https:\/\/colibri-jewels.eu\/fi\/tuote\/hopeinen-choker-kaulakoru-siipi-skandinaavisesta-kokoelmasta\/","title":{"rendered":"Hopeinen choker-kaulakoru &#8221;Siipi&#8221; skandinaavisesta kokoelmasta"},"content":{"rendered":"<p>Esittelyss\u00e4 uusi &#8221;Siipi&#8221;-kaulakorumme, rajattoman pyrkimyksen ja halun omaksua el\u00e4m\u00e4nmatka sulavasti symboli. Valmistettu karussa biker-tyyliss\u00e4 mustalla nahkany\u00f6rill\u00e4 &#8211; t\u00e4m\u00e4 choker yhdist\u00e4\u00e4 keveyden ja raakuuden, legendat ja siipien syv\u00e4n symboliikan sek\u00e4 arkityylin. Kaulakorussa on herkk\u00e4, monimutkaisesti yksityiskohtainen siipi, joka on koristeltu skandinaavisella kuviolla, huolellisesti muotoiltu vangitsemaan lennon ja vapauden olemus.<\/p>\n<p>Siipi\u00e4 on kunnioitettu eri kulttuureissa ihmishengen vapauden kaipuun edustajina. T\u00e4m\u00e4 choker-kaulakoru ilment\u00e4\u00e4 niiden henke\u00e4, jotka uskaltavat unelmoida ja irtautua el\u00e4m\u00e4n rajoituksista. Siipi symboloi rohkeutta levitt\u00e4\u00e4 siipens\u00e4 ja kohota, j\u00e4tt\u00e4en taakseen menneisyyden painon ja omaksuen tulevaisuuden, joka on t\u00e4ynn\u00e4 \u00e4\u00e4rett\u00f6mi\u00e4 mahdollisuuksia.<\/p>\n<p>Sterlinghopeasta valmistettu kaulakoru huokuu eteerist\u00e4 loistoa, joka t\u00e4ydent\u00e4\u00e4 kantajansa luonnollista kauneutta. Sen elegantit kaaret ja tummasti hohtava pinta tuovat mieleen keveyden ja sulavuuden tunteen muistuttaen meit\u00e4 jokaisen yksil\u00f6n sis\u00e4ll\u00e4 piilev\u00e4st\u00e4 hauraasta kauneudesta.<\/p>\n<p>Kun kannat &#8221;Siipi&#8221;-kaulakorua, anna sen toimia muistutuksena pyrkimyksist\u00e4si ja voimasta tavoitella niit\u00e4 pelottomasti. Omaksu muutoksen muutosvoima ja henkinen ohjaus, joka johtaa sinut kohti unelmiasi.<\/p>\n<p>Jokainen kaulakoru on huolellisesti k\u00e4sintehty, mik\u00e4 tekee siit\u00e4 ainutlaatuisen ja merkityksellisen vaalittavan korun. Se on kauniisti pakattu, joten se on ihanteellinen lahja niille, jotka inspiroivat sinua kohoamaan ja saavuttamaan uusia korkeuksia.<\/p>\n<p>Vapauta sis\u00e4inen vapauden henkesi ja koristele itsesi &#8221;Siipi&#8221;-kaulakorulla \u2013 todiste matkastasi, sitkeydest\u00e4si ja loputtomista mahdollisuuksista, jotka odottavat.<\/p>\n<p>&nbsp;<\/p>\n","protected":false},"excerpt":{"rendered":"<p>Esittelyss\u00e4 uusi &#8221;Siipi&#8221;-kaulakorumme, rajattoman pyrkimyksen ja halun omaksua el\u00e4m\u00e4nmatka sulavasti symboli. Valmistettu karussa biker-tyyliss\u00e4 mustalla nahkany\u00f6rill\u00e4 &#8211; t\u00e4m\u00e4 choker yhdist\u00e4\u00e4 keveyden ja raakuuden, legendat ja&#8230;<\/p>\n","protected":false},"featured_media":52711,"comment_status":"open","ping_status":"closed","template":"","meta":[],"etheme_brands":[],"product_brand":[],"product_cat":[989],"product_tag":[],"class_list":{"0":"post-52710","1":"product","2":"type-product","3":"status-publish","4":"has-post-thumbnail","6":"product_cat-kaulakorut-ja-riipukset","8":"first","9":"instock","10":"shipping-taxable","11":"purchasable","12":"product-type-simple"},"acf":[],"yoast_head":"<!-- This site is optimized with the Yoast SEO Premium plugin v26.5 (Yoast SEO v26.8) - https:\/\/yoast.com\/product\/yoast-seo-premium-wordpress\/ -->\n<title>Hopeinen choker-kaulakoru &quot;Siipi&quot; skandinaavisesta kokoelmasta - Colibri jewels<\/title>\n<meta name=\"robots\" content=\"index, follow, max-snippet:-1, max-image-preview:large, max-video-preview:-1\" \/>\n<link rel=\"canonical\" href=\"https:\/\/colibri-jewels.eu\/fi\/tuote\/hopeinen-choker-kaulakoru-siipi-skandinaavisesta-kokoelmasta\/\" \/>\n<meta property=\"og:locale\" content=\"fi_FI\" \/>\n<meta property=\"og:type\" content=\"article\" \/>\n<meta property=\"og:title\" content=\"Hopeinen choker-kaulakoru &quot;Siipi&quot; skandinaavisesta kokoelmasta\" \/>\n<meta property=\"og:description\" content=\"Esittelyss\u00e4 uusi &#8221;Siipi&#8221;-kaulakorumme, rajattoman pyrkimyksen ja halun omaksua el\u00e4m\u00e4nmatka sulavasti symboli. Valmistettu karussa biker-tyyliss\u00e4 mustalla nahkany\u00f6rill\u00e4 &#8211; t\u00e4m\u00e4 choker yhdist\u00e4\u00e4 keveyden ja raakuuden, legendat ja...\" \/>\n<meta property=\"og:url\" content=\"https:\/\/colibri-jewels.eu\/fi\/tuote\/hopeinen-choker-kaulakoru-siipi-skandinaavisesta-kokoelmasta\/\" \/>\n<meta property=\"og:site_name\" content=\"Colibri jewels\" \/>\n<meta property=\"article:publisher\" content=\"https:\/\/www.facebook.com\/colibri.jewels\" \/>\n<meta property=\"article:modified_time\" content=\"2025-06-01T20:40:54+00:00\" \/>\n<meta property=\"og:image\" content=\"https:\/\/colibri-jewels.eu\/wp-content\/uploads\/2023\/07\/silver-wing-necklace-on-leather-cord1.jpg\" \/>\n\t<meta property=\"og:image:width\" content=\"1000\" \/>\n\t<meta property=\"og:image:height\" content=\"1000\" \/>\n\t<meta property=\"og:image:type\" content=\"image\/jpeg\" \/>\n<meta name=\"twitter:card\" content=\"summary_large_image\" \/>\n<meta name=\"twitter:label1\" content=\"Arvioitu lukuaika\" \/>\n\t<meta name=\"twitter:data1\" content=\"1 minuutti\" \/>\n<script type=\"application\/ld+json\" class=\"yoast-schema-graph\">{\"@context\":\"https:\/\/schema.org\",\"@graph\":[{\"@type\":\"WebPage\",\"@id\":\"https:\/\/colibri-jewels.eu\/fi\/tuote\/hopeinen-choker-kaulakoru-siipi-skandinaavisesta-kokoelmasta\/\",\"url\":\"https:\/\/colibri-jewels.eu\/fi\/tuote\/hopeinen-choker-kaulakoru-siipi-skandinaavisesta-kokoelmasta\/\",\"name\":\"Hopeinen choker-kaulakoru \\\"Siipi\\\" skandinaavisesta kokoelmasta - Colibri jewels\",\"isPartOf\":{\"@id\":\"https:\/\/colibri-jewels.eu\/fi\/#website\"},\"primaryImageOfPage\":{\"@id\":\"https:\/\/colibri-jewels.eu\/fi\/tuote\/hopeinen-choker-kaulakoru-siipi-skandinaavisesta-kokoelmasta\/#primaryimage\"},\"image\":{\"@id\":\"https:\/\/colibri-jewels.eu\/fi\/tuote\/hopeinen-choker-kaulakoru-siipi-skandinaavisesta-kokoelmasta\/#primaryimage\"},\"thumbnailUrl\":\"https:\/\/colibri-jewels.eu\/wp-content\/uploads\/2023\/07\/silver-wing-necklace-on-leather-cord1.jpg\",\"datePublished\":\"2023-07-20T08:04:42+00:00\",\"dateModified\":\"2025-06-01T20:40:54+00:00\",\"breadcrumb\":{\"@id\":\"https:\/\/colibri-jewels.eu\/fi\/tuote\/hopeinen-choker-kaulakoru-siipi-skandinaavisesta-kokoelmasta\/#breadcrumb\"},\"inLanguage\":\"fi\",\"potentialAction\":[{\"@type\":\"ReadAction\",\"target\":[\"https:\/\/colibri-jewels.eu\/fi\/tuote\/hopeinen-choker-kaulakoru-siipi-skandinaavisesta-kokoelmasta\/\"]}]},{\"@type\":\"ImageObject\",\"inLanguage\":\"fi\",\"@id\":\"https:\/\/colibri-jewels.eu\/fi\/tuote\/hopeinen-choker-kaulakoru-siipi-skandinaavisesta-kokoelmasta\/#primaryimage\",\"url\":\"https:\/\/colibri-jewels.eu\/wp-content\/uploads\/2023\/07\/silver-wing-necklace-on-leather-cord1.jpg\",\"contentUrl\":\"https:\/\/colibri-jewels.eu\/wp-content\/uploads\/2023\/07\/silver-wing-necklace-on-leather-cord1.jpg\",\"width\":1000,\"height\":1000},{\"@type\":\"BreadcrumbList\",\"@id\":\"https:\/\/colibri-jewels.eu\/fi\/tuote\/hopeinen-choker-kaulakoru-siipi-skandinaavisesta-kokoelmasta\/#breadcrumb\",\"itemListElement\":[{\"@type\":\"ListItem\",\"position\":1,\"name\":\"\u0413\u043b\u0430\u0432\u043d\u0430\u044f \u0441\u0442\u0440\u0430\u043d\u0438\u0446\u0430\",\"item\":\"https:\/\/colibri-jewels.eu\/fi\/\"},{\"@type\":\"ListItem\",\"position\":2,\"name\":\"Kauppa\",\"item\":\"https:\/\/colibri-jewels.eu\/fi\/kauppa\/\"},{\"@type\":\"ListItem\",\"position\":3,\"name\":\"Hopeinen choker-kaulakoru &#8220;Siipi&#8221; skandinaavisesta kokoelmasta\"}]},{\"@type\":\"WebSite\",\"@id\":\"https:\/\/colibri-jewels.eu\/fi\/#website\",\"url\":\"https:\/\/colibri-jewels.eu\/fi\/\",\"name\":\"Colibri jewels\",\"description\":\"jewelry shop\",\"publisher\":{\"@id\":\"https:\/\/colibri-jewels.eu\/fi\/#organization\"},\"potentialAction\":[{\"@type\":\"SearchAction\",\"target\":{\"@type\":\"EntryPoint\",\"urlTemplate\":\"https:\/\/colibri-jewels.eu\/fi\/?s={search_term_string}\"},\"query-input\":{\"@type\":\"PropertyValueSpecification\",\"valueRequired\":true,\"valueName\":\"search_term_string\"}}],\"inLanguage\":\"fi\"},{\"@type\":\"Organization\",\"@id\":\"https:\/\/colibri-jewels.eu\/fi\/#organization\",\"name\":\"O\u00dc Colibri\",\"url\":\"https:\/\/colibri-jewels.eu\/fi\/\",\"logo\":{\"@type\":\"ImageObject\",\"inLanguage\":\"fi\",\"@id\":\"https:\/\/colibri-jewels.eu\/fi\/#\/schema\/logo\/image\/\",\"url\":\"https:\/\/dev.colibri-jewels.eu\/wp-content\/uploads\/2021\/03\/colibri.png\",\"contentUrl\":\"https:\/\/dev.colibri-jewels.eu\/wp-content\/uploads\/2021\/03\/colibri.png\",\"width\":227,\"height\":130,\"caption\":\"O\u00dc Colibri\"},\"image\":{\"@id\":\"https:\/\/colibri-jewels.eu\/fi\/#\/schema\/logo\/image\/\"},\"sameAs\":[\"https:\/\/www.facebook.com\/colibri.jewels\",\"https:\/\/www.instagram.com\/colibri.jewels\",\"https:\/\/www.tiktok.com\/colibri.jewels\"]}]}<\/script>\n<!-- \/ Yoast SEO Premium plugin. -->","yoast_head_json":{"title":"Hopeinen choker-kaulakoru \"Siipi\" skandinaavisesta kokoelmasta - Colibri jewels","robots":{"index":"index","follow":"follow","max-snippet":"max-snippet:-1","max-image-preview":"max-image-preview:large","max-video-preview":"max-video-preview:-1"},"canonical":"https:\/\/colibri-jewels.eu\/fi\/tuote\/hopeinen-choker-kaulakoru-siipi-skandinaavisesta-kokoelmasta\/","og_locale":"fi_FI","og_type":"article","og_title":"Hopeinen choker-kaulakoru \"Siipi\" skandinaavisesta kokoelmasta","og_description":"Esittelyss\u00e4 uusi &#8221;Siipi&#8221;-kaulakorumme, rajattoman pyrkimyksen ja halun omaksua el\u00e4m\u00e4nmatka sulavasti symboli. Valmistettu karussa biker-tyyliss\u00e4 mustalla nahkany\u00f6rill\u00e4 &#8211; t\u00e4m\u00e4 choker yhdist\u00e4\u00e4 keveyden ja raakuuden, legendat ja...","og_url":"https:\/\/colibri-jewels.eu\/fi\/tuote\/hopeinen-choker-kaulakoru-siipi-skandinaavisesta-kokoelmasta\/","og_site_name":"Colibri jewels","article_publisher":"https:\/\/www.facebook.com\/colibri.jewels","article_modified_time":"2025-06-01T20:40:54+00:00","og_image":[{"width":1000,"height":1000,"url":"https:\/\/colibri-jewels.eu\/wp-content\/uploads\/2023\/07\/silver-wing-necklace-on-leather-cord1.jpg","type":"image\/jpeg"}],"twitter_card":"summary_large_image","twitter_misc":{"Arvioitu lukuaika":"1 minuutti"},"schema":{"@context":"https:\/\/schema.org","@graph":[{"@type":"WebPage","@id":"https:\/\/colibri-jewels.eu\/fi\/tuote\/hopeinen-choker-kaulakoru-siipi-skandinaavisesta-kokoelmasta\/","url":"https:\/\/colibri-jewels.eu\/fi\/tuote\/hopeinen-choker-kaulakoru-siipi-skandinaavisesta-kokoelmasta\/","name":"Hopeinen choker-kaulakoru \"Siipi\" skandinaavisesta kokoelmasta - Colibri jewels","isPartOf":{"@id":"https:\/\/colibri-jewels.eu\/fi\/#website"},"primaryImageOfPage":{"@id":"https:\/\/colibri-jewels.eu\/fi\/tuote\/hopeinen-choker-kaulakoru-siipi-skandinaavisesta-kokoelmasta\/#primaryimage"},"image":{"@id":"https:\/\/colibri-jewels.eu\/fi\/tuote\/hopeinen-choker-kaulakoru-siipi-skandinaavisesta-kokoelmasta\/#primaryimage"},"thumbnailUrl":"https:\/\/colibri-jewels.eu\/wp-content\/uploads\/2023\/07\/silver-wing-necklace-on-leather-cord1.jpg","datePublished":"2023-07-20T08:04:42+00:00","dateModified":"2025-06-01T20:40:54+00:00","breadcrumb":{"@id":"https:\/\/colibri-jewels.eu\/fi\/tuote\/hopeinen-choker-kaulakoru-siipi-skandinaavisesta-kokoelmasta\/#breadcrumb"},"inLanguage":"fi","potentialAction":[{"@type":"ReadAction","target":["https:\/\/colibri-jewels.eu\/fi\/tuote\/hopeinen-choker-kaulakoru-siipi-skandinaavisesta-kokoelmasta\/"]}]},{"@type":"ImageObject","inLanguage":"fi","@id":"https:\/\/colibri-jewels.eu\/fi\/tuote\/hopeinen-choker-kaulakoru-siipi-skandinaavisesta-kokoelmasta\/#primaryimage","url":"https:\/\/colibri-jewels.eu\/wp-content\/uploads\/2023\/07\/silver-wing-necklace-on-leather-cord1.jpg","contentUrl":"https:\/\/colibri-jewels.eu\/wp-content\/uploads\/2023\/07\/silver-wing-necklace-on-leather-cord1.jpg","width":1000,"height":1000},{"@type":"BreadcrumbList","@id":"https:\/\/colibri-jewels.eu\/fi\/tuote\/hopeinen-choker-kaulakoru-siipi-skandinaavisesta-kokoelmasta\/#breadcrumb","itemListElement":[{"@type":"ListItem","position":1,"name":"\u0413\u043b\u0430\u0432\u043d\u0430\u044f \u0441\u0442\u0440\u0430\u043d\u0438\u0446\u0430","item":"https:\/\/colibri-jewels.eu\/fi\/"},{"@type":"ListItem","position":2,"name":"Kauppa","item":"https:\/\/colibri-jewels.eu\/fi\/kauppa\/"},{"@type":"ListItem","position":3,"name":"Hopeinen choker-kaulakoru &#8220;Siipi&#8221; skandinaavisesta kokoelmasta"}]},{"@type":"WebSite","@id":"https:\/\/colibri-jewels.eu\/fi\/#website","url":"https:\/\/colibri-jewels.eu\/fi\/","name":"Colibri jewels","description":"jewelry shop","publisher":{"@id":"https:\/\/colibri-jewels.eu\/fi\/#organization"},"potentialAction":[{"@type":"SearchAction","target":{"@type":"EntryPoint","urlTemplate":"https:\/\/colibri-jewels.eu\/fi\/?s={search_term_string}"},"query-input":{"@type":"PropertyValueSpecification","valueRequired":true,"valueName":"search_term_string"}}],"inLanguage":"fi"},{"@type":"Organization","@id":"https:\/\/colibri-jewels.eu\/fi\/#organization","name":"O\u00dc Colibri","url":"https:\/\/colibri-jewels.eu\/fi\/","logo":{"@type":"ImageObject","inLanguage":"fi","@id":"https:\/\/colibri-jewels.eu\/fi\/#\/schema\/logo\/image\/","url":"https:\/\/dev.colibri-jewels.eu\/wp-content\/uploads\/2021\/03\/colibri.png","contentUrl":"https:\/\/dev.colibri-jewels.eu\/wp-content\/uploads\/2021\/03\/colibri.png","width":227,"height":130,"caption":"O\u00dc Colibri"},"image":{"@id":"https:\/\/colibri-jewels.eu\/fi\/#\/schema\/logo\/image\/"},"sameAs":["https:\/\/www.facebook.com\/colibri.jewels","https:\/\/www.instagram.com\/colibri.jewels","https:\/\/www.tiktok.com\/colibri.jewels"]}]}},"_links":{"self":[{"href":"https:\/\/colibri-jewels.eu\/fi\/wp-json\/wp\/v2\/product\/52710","targetHints":{"allow":["GET"]}}],"collection":[{"href":"https:\/\/colibri-jewels.eu\/fi\/wp-json\/wp\/v2\/product"}],"about":[{"href":"https:\/\/colibri-jewels.eu\/fi\/wp-json\/wp\/v2\/types\/product"}],"replies":[{"embeddable":true,"href":"https:\/\/colibri-jewels.eu\/fi\/wp-json\/wp\/v2\/comments?post=52710"}],"version-history":[{"count":0,"href":"https:\/\/colibri-jewels.eu\/fi\/wp-json\/wp\/v2\/product\/52710\/revisions"}],"wp:featuredmedia":[{"embeddable":true,"href":"https:\/\/colibri-jewels.eu\/fi\/wp-json\/wp\/v2\/media\/52711"}],"wp:attachment":[{"href":"https:\/\/colibri-jewels.eu\/fi\/wp-json\/wp\/v2\/media?parent=52710"}],"wp:term":[{"taxonomy":"brand","embeddable":true,"href":"https:\/\/colibri-jewels.eu\/fi\/wp-json\/wp\/v2\/etheme_brands?post=52710"},{"taxonomy":"product_brand","embeddable":true,"href":"https:\/\/colibri-jewels.eu\/fi\/wp-json\/wp\/v2\/product_brand?post=52710"},{"taxonomy":"product_cat","embeddable":true,"href":"https:\/\/colibri-jewels.eu\/fi\/wp-json\/wp\/v2\/product_cat?post=52710"},{"taxonomy":"product_tag","embeddable":true,"href":"https:\/\/colibri-jewels.eu\/fi\/wp-json\/wp\/v2\/product_tag?post=52710"}],"curies":[{"name":"wp","href":"https:\/\/api.w.org\/{rel}","templated":true}]}}