{"id":52803,"date":"2023-06-09T21:22:37","date_gmt":"2023-06-09T18:22:37","guid":{"rendered":"https:\/\/colibri-jewels.eu\/?post_type=product&#038;p=52803"},"modified":"2025-06-01T23:48:41","modified_gmt":"2025-06-01T20:48:41","slug":"ainutlaatuinen-hopeinen-kaulakoru-aegishjalmur","status":"publish","type":"product","link":"https:\/\/colibri-jewels.eu\/fi\/tuote\/ainutlaatuinen-hopeinen-kaulakoru-aegishjalmur\/","title":{"rendered":"Ainutlaatuinen hopeinen kaulakoru &#8221;Aegishjalmur&#8221;"},"content":{"rendered":"<p>Esittelyss\u00e4 tyylik\u00e4s ja brutaali hopeinen kaulakoru nahkany\u00f6rill\u00e4: skandinaavinen ikoni.<\/p>\n<p>Korosta tyyli\u00e4si upealla hopeisella nahkany\u00f6risell\u00e4 kaulakorullamme, joka on hieno taidonn\u00e4yte ja saanut inspiraationsa Aegishjalmur-symbolin raa&#8217;asta voimasta ja mystiikasta. T\u00e4m\u00e4 huolellisesti yksityiskohtia my\u00f6ten valmistettu kaulakoru yhdist\u00e4\u00e4 saumattomasti tyylin ja brutaaliuden, tehden siit\u00e4 t\u00e4ydellisen asusteen niin arkisiin t-paitoihin kuin muodollisempaan pukeutumiseenkin.<\/p>\n<p>T\u00e4m\u00e4n kiehtovan kaulakorun ytimess\u00e4 on Aegishjalmur-symboli \u2013 voimakas tunnus, joka ilment\u00e4\u00e4 lujuutta, rohkeutta ja horjumatonta henke\u00e4. Upeasta hopeasta valmistetun symbolin monimutkaiset yksityiskohdat ja vaikuttava olemus luovat vangitsevan keskipisteen. Kun kannat t\u00e4t\u00e4 kaulakorua, olkoon se jatkuva muistutus sis\u00e4isest\u00e4 sitkeydest\u00e4si ja p\u00e4\u00e4tt\u00e4v\u00e4isyydest\u00e4si, antaen sinulle voimaa voittaa kaikki eteesi tulevat haasteet.<\/p>\n<p>Hopeisen riipuksen ja pehme\u00e4n nahkany\u00f6rin rinnakkainasettelu luo rohkean kontrastin, joka huokuu sek\u00e4 karuutta ett\u00e4 hienostuneisuutta. Pehme\u00e4, aito nahka tuntuu mukavalta p\u00e4\u00e4ll\u00e4, mik\u00e4 tekee siit\u00e4 sopivan jokap\u00e4iv\u00e4iseen k\u00e4ytt\u00f6\u00f6n. Valitsitpa yhdist\u00e4\u00e4 sen rentoon t-paitaan tai juhlavampaan paitaan, t\u00e4m\u00e4 kaulakoru lis\u00e4\u00e4 vaivattomasti ripauksen brutaalia eleganssia mihin tahansa asuun.<\/p>\n<p>\u00c4\u00e4rimm\u00e4isell\u00e4 tarkkuudella valmistettu hopeinen nahkany\u00f6rinen kaulakorumme on osoitus korkeimmista laatustandardeista. Sen valmistuksessa k\u00e4ytetyt ensiluokkaiset materiaalit takaavat kest\u00e4vyyden ja pitk\u00e4ik\u00e4isyyden, mahdollistaen t\u00e4m\u00e4n korun nauttimisen l\u00e4pi el\u00e4m\u00e4n. Jokainen yksityiskohta on huolellisesti ty\u00f6stetty, varmistaen, ett\u00e4 jokainen kaulakoru on todellinen taideteos.<\/p>\n<p>Ota vastaan skandinaavisen kokoelman vieh\u00e4tys hopeisella nahkany\u00f6risell\u00e4 kaulakorullamme. Anna Aegishjalmur-symbolin tulla vaikuttavaksi heijastukseksi voimastasi ja tyylist\u00e4si. Tilaa omasi jo t\u00e4n\u00e4\u00e4n ja koe brutaalin eleganssin ja ajattoman muodin yhdistyminen. Kohota ulkon\u00e4k\u00f6\u00e4si, tee vaikutus ja p\u00e4\u00e4st\u00e4 sis\u00e4inen voimasi valloilleen.<\/p>\n","protected":false},"excerpt":{"rendered":"<p>Esittelyss\u00e4 tyylik\u00e4s ja brutaali hopeinen kaulakoru nahkany\u00f6rill\u00e4: skandinaavinen ikoni. Korosta tyyli\u00e4si upealla hopeisella nahkany\u00f6risell\u00e4 kaulakorullamme, joka on hieno taidonn\u00e4yte ja saanut inspiraationsa Aegishjalmur-symbolin raa&#8217;asta voimasta&#8230;<\/p>\n","protected":false},"featured_media":52804,"comment_status":"open","ping_status":"closed","template":"","meta":[],"etheme_brands":[],"product_brand":[],"product_cat":[989],"product_tag":[1003,1005],"class_list":{"0":"post-52803","1":"product","2":"type-product","3":"status-publish","4":"has-post-thumbnail","6":"product_cat-kaulakorut-ja-riipukset","7":"product_tag-miesten-korut","8":"product_tag-riimukorut","10":"first","11":"instock","12":"shipping-taxable","13":"purchasable","14":"product-type-simple"},"acf":[],"yoast_head":"<!-- This site is optimized with the Yoast SEO Premium plugin v26.5 (Yoast SEO v26.8) - https:\/\/yoast.com\/product\/yoast-seo-premium-wordpress\/ -->\n<title>Ainutlaatuinen hopeinen kaulakoru &quot;Aegishjalmur&quot; - Colibri jewels<\/title>\n<meta name=\"robots\" content=\"index, follow, max-snippet:-1, max-image-preview:large, max-video-preview:-1\" \/>\n<link rel=\"canonical\" href=\"https:\/\/colibri-jewels.eu\/fi\/tuote\/ainutlaatuinen-hopeinen-kaulakoru-aegishjalmur\/\" \/>\n<meta property=\"og:locale\" content=\"fi_FI\" \/>\n<meta property=\"og:type\" content=\"article\" \/>\n<meta property=\"og:title\" content=\"Ainutlaatuinen hopeinen kaulakoru &quot;Aegishjalmur&quot;\" \/>\n<meta property=\"og:description\" content=\"Esittelyss\u00e4 tyylik\u00e4s ja brutaali hopeinen kaulakoru nahkany\u00f6rill\u00e4: skandinaavinen ikoni. Korosta tyyli\u00e4si upealla hopeisella nahkany\u00f6risell\u00e4 kaulakorullamme, joka on hieno taidonn\u00e4yte ja saanut inspiraationsa Aegishjalmur-symbolin raa&#8217;asta voimasta...\" \/>\n<meta property=\"og:url\" content=\"https:\/\/colibri-jewels.eu\/fi\/tuote\/ainutlaatuinen-hopeinen-kaulakoru-aegishjalmur\/\" \/>\n<meta property=\"og:site_name\" content=\"Colibri jewels\" \/>\n<meta property=\"article:publisher\" content=\"https:\/\/www.facebook.com\/colibri.jewels\" \/>\n<meta property=\"article:modified_time\" content=\"2025-06-01T20:48:41+00:00\" \/>\n<meta property=\"og:image\" content=\"https:\/\/colibri-jewels.eu\/wp-content\/uploads\/2023\/06\/brutal-men-silver-and-leather-necklace-with-aegishialmur-2.jpg\" \/>\n\t<meta property=\"og:image:width\" content=\"1000\" \/>\n\t<meta property=\"og:image:height\" content=\"1000\" \/>\n\t<meta property=\"og:image:type\" content=\"image\/jpeg\" \/>\n<meta name=\"twitter:card\" content=\"summary_large_image\" \/>\n<meta name=\"twitter:label1\" content=\"Arvioitu lukuaika\" \/>\n\t<meta name=\"twitter:data1\" content=\"1 minuutti\" \/>\n<script type=\"application\/ld+json\" class=\"yoast-schema-graph\">{\"@context\":\"https:\/\/schema.org\",\"@graph\":[{\"@type\":\"WebPage\",\"@id\":\"https:\/\/colibri-jewels.eu\/fi\/tuote\/ainutlaatuinen-hopeinen-kaulakoru-aegishjalmur\/\",\"url\":\"https:\/\/colibri-jewels.eu\/fi\/tuote\/ainutlaatuinen-hopeinen-kaulakoru-aegishjalmur\/\",\"name\":\"Ainutlaatuinen hopeinen kaulakoru \\\"Aegishjalmur\\\" - Colibri jewels\",\"isPartOf\":{\"@id\":\"https:\/\/colibri-jewels.eu\/fi\/#website\"},\"primaryImageOfPage\":{\"@id\":\"https:\/\/colibri-jewels.eu\/fi\/tuote\/ainutlaatuinen-hopeinen-kaulakoru-aegishjalmur\/#primaryimage\"},\"image\":{\"@id\":\"https:\/\/colibri-jewels.eu\/fi\/tuote\/ainutlaatuinen-hopeinen-kaulakoru-aegishjalmur\/#primaryimage\"},\"thumbnailUrl\":\"https:\/\/colibri-jewels.eu\/wp-content\/uploads\/2023\/06\/brutal-men-silver-and-leather-necklace-with-aegishialmur-2.jpg\",\"datePublished\":\"2023-06-09T18:22:37+00:00\",\"dateModified\":\"2025-06-01T20:48:41+00:00\",\"breadcrumb\":{\"@id\":\"https:\/\/colibri-jewels.eu\/fi\/tuote\/ainutlaatuinen-hopeinen-kaulakoru-aegishjalmur\/#breadcrumb\"},\"inLanguage\":\"fi\",\"potentialAction\":[{\"@type\":\"ReadAction\",\"target\":[\"https:\/\/colibri-jewels.eu\/fi\/tuote\/ainutlaatuinen-hopeinen-kaulakoru-aegishjalmur\/\"]}]},{\"@type\":\"ImageObject\",\"inLanguage\":\"fi\",\"@id\":\"https:\/\/colibri-jewels.eu\/fi\/tuote\/ainutlaatuinen-hopeinen-kaulakoru-aegishjalmur\/#primaryimage\",\"url\":\"https:\/\/colibri-jewels.eu\/wp-content\/uploads\/2023\/06\/brutal-men-silver-and-leather-necklace-with-aegishialmur-2.jpg\",\"contentUrl\":\"https:\/\/colibri-jewels.eu\/wp-content\/uploads\/2023\/06\/brutal-men-silver-and-leather-necklace-with-aegishialmur-2.jpg\",\"width\":1000,\"height\":1000},{\"@type\":\"BreadcrumbList\",\"@id\":\"https:\/\/colibri-jewels.eu\/fi\/tuote\/ainutlaatuinen-hopeinen-kaulakoru-aegishjalmur\/#breadcrumb\",\"itemListElement\":[{\"@type\":\"ListItem\",\"position\":1,\"name\":\"\u0413\u043b\u0430\u0432\u043d\u0430\u044f \u0441\u0442\u0440\u0430\u043d\u0438\u0446\u0430\",\"item\":\"https:\/\/colibri-jewels.eu\/fi\/\"},{\"@type\":\"ListItem\",\"position\":2,\"name\":\"Kauppa\",\"item\":\"https:\/\/colibri-jewels.eu\/fi\/kauppa\/\"},{\"@type\":\"ListItem\",\"position\":3,\"name\":\"Ainutlaatuinen hopeinen kaulakoru &#8220;Aegishjalmur&#8221;\"}]},{\"@type\":\"WebSite\",\"@id\":\"https:\/\/colibri-jewels.eu\/fi\/#website\",\"url\":\"https:\/\/colibri-jewels.eu\/fi\/\",\"name\":\"Colibri jewels\",\"description\":\"jewelry shop\",\"publisher\":{\"@id\":\"https:\/\/colibri-jewels.eu\/fi\/#organization\"},\"potentialAction\":[{\"@type\":\"SearchAction\",\"target\":{\"@type\":\"EntryPoint\",\"urlTemplate\":\"https:\/\/colibri-jewels.eu\/fi\/?s={search_term_string}\"},\"query-input\":{\"@type\":\"PropertyValueSpecification\",\"valueRequired\":true,\"valueName\":\"search_term_string\"}}],\"inLanguage\":\"fi\"},{\"@type\":\"Organization\",\"@id\":\"https:\/\/colibri-jewels.eu\/fi\/#organization\",\"name\":\"O\u00dc Colibri\",\"url\":\"https:\/\/colibri-jewels.eu\/fi\/\",\"logo\":{\"@type\":\"ImageObject\",\"inLanguage\":\"fi\",\"@id\":\"https:\/\/colibri-jewels.eu\/fi\/#\/schema\/logo\/image\/\",\"url\":\"https:\/\/dev.colibri-jewels.eu\/wp-content\/uploads\/2021\/03\/colibri.png\",\"contentUrl\":\"https:\/\/dev.colibri-jewels.eu\/wp-content\/uploads\/2021\/03\/colibri.png\",\"width\":227,\"height\":130,\"caption\":\"O\u00dc Colibri\"},\"image\":{\"@id\":\"https:\/\/colibri-jewels.eu\/fi\/#\/schema\/logo\/image\/\"},\"sameAs\":[\"https:\/\/www.facebook.com\/colibri.jewels\",\"https:\/\/www.instagram.com\/colibri.jewels\",\"https:\/\/www.tiktok.com\/colibri.jewels\"]}]}<\/script>\n<!-- \/ Yoast SEO Premium plugin. -->","yoast_head_json":{"title":"Ainutlaatuinen hopeinen kaulakoru \"Aegishjalmur\" - Colibri jewels","robots":{"index":"index","follow":"follow","max-snippet":"max-snippet:-1","max-image-preview":"max-image-preview:large","max-video-preview":"max-video-preview:-1"},"canonical":"https:\/\/colibri-jewels.eu\/fi\/tuote\/ainutlaatuinen-hopeinen-kaulakoru-aegishjalmur\/","og_locale":"fi_FI","og_type":"article","og_title":"Ainutlaatuinen hopeinen kaulakoru \"Aegishjalmur\"","og_description":"Esittelyss\u00e4 tyylik\u00e4s ja brutaali hopeinen kaulakoru nahkany\u00f6rill\u00e4: skandinaavinen ikoni. Korosta tyyli\u00e4si upealla hopeisella nahkany\u00f6risell\u00e4 kaulakorullamme, joka on hieno taidonn\u00e4yte ja saanut inspiraationsa Aegishjalmur-symbolin raa&#8217;asta voimasta...","og_url":"https:\/\/colibri-jewels.eu\/fi\/tuote\/ainutlaatuinen-hopeinen-kaulakoru-aegishjalmur\/","og_site_name":"Colibri jewels","article_publisher":"https:\/\/www.facebook.com\/colibri.jewels","article_modified_time":"2025-06-01T20:48:41+00:00","og_image":[{"width":1000,"height":1000,"url":"https:\/\/colibri-jewels.eu\/wp-content\/uploads\/2023\/06\/brutal-men-silver-and-leather-necklace-with-aegishialmur-2.jpg","type":"image\/jpeg"}],"twitter_card":"summary_large_image","twitter_misc":{"Arvioitu lukuaika":"1 minuutti"},"schema":{"@context":"https:\/\/schema.org","@graph":[{"@type":"WebPage","@id":"https:\/\/colibri-jewels.eu\/fi\/tuote\/ainutlaatuinen-hopeinen-kaulakoru-aegishjalmur\/","url":"https:\/\/colibri-jewels.eu\/fi\/tuote\/ainutlaatuinen-hopeinen-kaulakoru-aegishjalmur\/","name":"Ainutlaatuinen hopeinen kaulakoru \"Aegishjalmur\" - Colibri jewels","isPartOf":{"@id":"https:\/\/colibri-jewels.eu\/fi\/#website"},"primaryImageOfPage":{"@id":"https:\/\/colibri-jewels.eu\/fi\/tuote\/ainutlaatuinen-hopeinen-kaulakoru-aegishjalmur\/#primaryimage"},"image":{"@id":"https:\/\/colibri-jewels.eu\/fi\/tuote\/ainutlaatuinen-hopeinen-kaulakoru-aegishjalmur\/#primaryimage"},"thumbnailUrl":"https:\/\/colibri-jewels.eu\/wp-content\/uploads\/2023\/06\/brutal-men-silver-and-leather-necklace-with-aegishialmur-2.jpg","datePublished":"2023-06-09T18:22:37+00:00","dateModified":"2025-06-01T20:48:41+00:00","breadcrumb":{"@id":"https:\/\/colibri-jewels.eu\/fi\/tuote\/ainutlaatuinen-hopeinen-kaulakoru-aegishjalmur\/#breadcrumb"},"inLanguage":"fi","potentialAction":[{"@type":"ReadAction","target":["https:\/\/colibri-jewels.eu\/fi\/tuote\/ainutlaatuinen-hopeinen-kaulakoru-aegishjalmur\/"]}]},{"@type":"ImageObject","inLanguage":"fi","@id":"https:\/\/colibri-jewels.eu\/fi\/tuote\/ainutlaatuinen-hopeinen-kaulakoru-aegishjalmur\/#primaryimage","url":"https:\/\/colibri-jewels.eu\/wp-content\/uploads\/2023\/06\/brutal-men-silver-and-leather-necklace-with-aegishialmur-2.jpg","contentUrl":"https:\/\/colibri-jewels.eu\/wp-content\/uploads\/2023\/06\/brutal-men-silver-and-leather-necklace-with-aegishialmur-2.jpg","width":1000,"height":1000},{"@type":"BreadcrumbList","@id":"https:\/\/colibri-jewels.eu\/fi\/tuote\/ainutlaatuinen-hopeinen-kaulakoru-aegishjalmur\/#breadcrumb","itemListElement":[{"@type":"ListItem","position":1,"name":"\u0413\u043b\u0430\u0432\u043d\u0430\u044f \u0441\u0442\u0440\u0430\u043d\u0438\u0446\u0430","item":"https:\/\/colibri-jewels.eu\/fi\/"},{"@type":"ListItem","position":2,"name":"Kauppa","item":"https:\/\/colibri-jewels.eu\/fi\/kauppa\/"},{"@type":"ListItem","position":3,"name":"Ainutlaatuinen hopeinen kaulakoru &#8220;Aegishjalmur&#8221;"}]},{"@type":"WebSite","@id":"https:\/\/colibri-jewels.eu\/fi\/#website","url":"https:\/\/colibri-jewels.eu\/fi\/","name":"Colibri jewels","description":"jewelry shop","publisher":{"@id":"https:\/\/colibri-jewels.eu\/fi\/#organization"},"potentialAction":[{"@type":"SearchAction","target":{"@type":"EntryPoint","urlTemplate":"https:\/\/colibri-jewels.eu\/fi\/?s={search_term_string}"},"query-input":{"@type":"PropertyValueSpecification","valueRequired":true,"valueName":"search_term_string"}}],"inLanguage":"fi"},{"@type":"Organization","@id":"https:\/\/colibri-jewels.eu\/fi\/#organization","name":"O\u00dc Colibri","url":"https:\/\/colibri-jewels.eu\/fi\/","logo":{"@type":"ImageObject","inLanguage":"fi","@id":"https:\/\/colibri-jewels.eu\/fi\/#\/schema\/logo\/image\/","url":"https:\/\/dev.colibri-jewels.eu\/wp-content\/uploads\/2021\/03\/colibri.png","contentUrl":"https:\/\/dev.colibri-jewels.eu\/wp-content\/uploads\/2021\/03\/colibri.png","width":227,"height":130,"caption":"O\u00dc Colibri"},"image":{"@id":"https:\/\/colibri-jewels.eu\/fi\/#\/schema\/logo\/image\/"},"sameAs":["https:\/\/www.facebook.com\/colibri.jewels","https:\/\/www.instagram.com\/colibri.jewels","https:\/\/www.tiktok.com\/colibri.jewels"]}]}},"_links":{"self":[{"href":"https:\/\/colibri-jewels.eu\/fi\/wp-json\/wp\/v2\/product\/52803","targetHints":{"allow":["GET"]}}],"collection":[{"href":"https:\/\/colibri-jewels.eu\/fi\/wp-json\/wp\/v2\/product"}],"about":[{"href":"https:\/\/colibri-jewels.eu\/fi\/wp-json\/wp\/v2\/types\/product"}],"replies":[{"embeddable":true,"href":"https:\/\/colibri-jewels.eu\/fi\/wp-json\/wp\/v2\/comments?post=52803"}],"version-history":[{"count":0,"href":"https:\/\/colibri-jewels.eu\/fi\/wp-json\/wp\/v2\/product\/52803\/revisions"}],"wp:featuredmedia":[{"embeddable":true,"href":"https:\/\/colibri-jewels.eu\/fi\/wp-json\/wp\/v2\/media\/52804"}],"wp:attachment":[{"href":"https:\/\/colibri-jewels.eu\/fi\/wp-json\/wp\/v2\/media?parent=52803"}],"wp:term":[{"taxonomy":"brand","embeddable":true,"href":"https:\/\/colibri-jewels.eu\/fi\/wp-json\/wp\/v2\/etheme_brands?post=52803"},{"taxonomy":"product_brand","embeddable":true,"href":"https:\/\/colibri-jewels.eu\/fi\/wp-json\/wp\/v2\/product_brand?post=52803"},{"taxonomy":"product_cat","embeddable":true,"href":"https:\/\/colibri-jewels.eu\/fi\/wp-json\/wp\/v2\/product_cat?post=52803"},{"taxonomy":"product_tag","embeddable":true,"href":"https:\/\/colibri-jewels.eu\/fi\/wp-json\/wp\/v2\/product_tag?post=52803"}],"curies":[{"name":"wp","href":"https:\/\/api.w.org\/{rel}","templated":true}]}}