{"id":52813,"date":"2023-06-09T20:57:35","date_gmt":"2023-06-09T17:57:35","guid":{"rendered":"https:\/\/colibri-jewels.eu\/?post_type=product&#038;p=52813"},"modified":"2025-06-01T23:48:45","modified_gmt":"2025-06-01T20:48:45","slug":"hopeinen-rannekoru-skandinaavisesta-kauhun-kypara-mallistosta","status":"publish","type":"product","link":"https:\/\/colibri-jewels.eu\/fi\/tuote\/hopeinen-rannekoru-skandinaavisesta-kauhun-kypara-mallistosta\/","title":{"rendered":"Hopeinen rannekoru skandinaavisesta &#8221;Kauhun kyp\u00e4r\u00e4&#8221; -mallistosta"},"content":{"rendered":"<p>Esittelyss\u00e4 ainutlaatuinen k\u00e4sintehty rannekoru: rohkea voiman ja tyylin symboli.<\/p>\n<p>P\u00e4\u00e4st\u00e4 sis\u00e4inen soturisi valloilleen ainutlaatuisella k\u00e4sintehdyll\u00e4 rannekorullamme \u2013 pienemm\u00e4ll\u00e4, mutta yht\u00e4 vaikuttavalla versiolla sen valtavasta vastineesta. T\u00e4m\u00e4 rannekoru, jota koristaa Aegishjalmur-symboli, huokuu voimaa ja sitkeytt\u00e4, mik\u00e4 tekee siit\u00e4 t\u00e4ydellisen valinnan niille, jotka omaksuvat brutaalin tyylin. T\u00e4ydellisyyteen hiottu koru sopii sek\u00e4 herroille ett\u00e4 naisille, jotka haluavat tehd\u00e4 rohkean vaikutuksen koruillaan.<\/p>\n<p>T\u00e4m\u00e4n merkitt\u00e4v\u00e4n rannekorun ytimess\u00e4 on Aegishjalmur-symboli \u2013 tunnus, joka ilment\u00e4\u00e4 voimaa, rohkeutta ja soturien horjumatonta henke\u00e4. T\u00e4m\u00e4 tunnus, joka on huolellisesti valmistettu monimutkaisilla yksityiskohdilla ja vaikuttavalla ulkomuodolla, toimii jatkuvana muistutuksena lannistumattomasta tahdostasi ja p\u00e4\u00e4tt\u00e4v\u00e4isyydest\u00e4si voittaa kaikki eteesi tulevat haasteet. Vankalla olemuksellaan se her\u00e4tt\u00e4\u00e4 huomiota ja huokuu pelottomuuden auraa.<\/p>\n<p>Tyylikkyytt\u00e4 ja mukavuutta silm\u00e4ll\u00e4 pit\u00e4en suunniteltu rannekorun pienempi versio sopii t\u00e4ydellisesti henkil\u00f6ille, jotka suosivat hienovaraisempaa ilmett\u00e4 brutaalia estetiikkaa silti omaksuen. Sen hillitty koko mahdollistaa vaivattoman k\u00e4yt\u00f6n ja tarjoaa mukavan istuvuuden niin arkeen kuin erityistilaisuuksiinkin. Valmistuksen yksityiskohtiin kiinnitetty huomio varmistaa, ett\u00e4 t\u00e4m\u00e4n rannekorun jokainen osa heijastaa korkeimpia laatustandardeja.<\/p>\n<p>T\u00e4m\u00e4 ainutlaatuinen k\u00e4sintehty rannekoru on osoitus voiman ja tyylin yhdistymisest\u00e4. Sen kiehtova muotoilu t\u00e4ydent\u00e4\u00e4 monenlaisia asuja arkipukeutumisesta juhlavampiin kokonaisuuksiin. Se on vaikuttava asuste, joka lis\u00e4\u00e4 s\u00e4rm\u00e4\u00e4 ulkon\u00e4k\u00f6\u00f6si ja tekee pysyv\u00e4n vaikutuksen minne ikin\u00e4 menetkin.<\/p>\n<p>Intohimolla ja asiantuntemuksella valmistettu k\u00e4sintehty rannekoru on todellinen taideteos. Jokainen yksityiskohta on huolellisesti ty\u00f6stetty k\u00e4ytt\u00e4en ensiluokkaisia materiaaleja kest\u00e4vyyden ja pitk\u00e4ik\u00e4isyyden varmistamiseksi. Sitoutuminen erinomaisuuteen paistaa l\u00e4pi jokaisesta yksityiskohdasta, tehden t\u00e4st\u00e4 korusta arvokkaan lis\u00e4n korukokoelmaasi.<\/p>\n<p>Ota vastaan voiman ja tyylin vieh\u00e4tys ainutlaatuisella k\u00e4sintehdyll\u00e4 rannekorullamme. Olitpa sitten herrasmies, joka etsii rohkeaa asustetta, tai nainen, joka suosii ripauksen brutaalia eleganssia, t\u00e4m\u00e4 rannekoru on suunniteltu tekem\u00e4\u00e4n vaikutuksen. Tilaa omasi jo t\u00e4n\u00e4\u00e4n ja anna Aegishjalmur-symbolin heijastaa horjumatonta p\u00e4\u00e4tt\u00e4v\u00e4isyytt\u00e4si ja per\u00e4\u00e4nantamatonta henke\u00e4si.<\/p>\n","protected":false},"excerpt":{"rendered":"<p>Esittelyss\u00e4 ainutlaatuinen k\u00e4sintehty rannekoru: rohkea voiman ja tyylin symboli. P\u00e4\u00e4st\u00e4 sis\u00e4inen soturisi valloilleen ainutlaatuisella k\u00e4sintehdyll\u00e4 rannekorullamme \u2013 pienemm\u00e4ll\u00e4, mutta yht\u00e4 vaikuttavalla versiolla sen valtavasta vastineesta&#8230;.<\/p>\n","protected":false},"featured_media":52814,"comment_status":"open","ping_status":"closed","template":"","meta":[],"etheme_brands":[],"product_brand":[],"product_cat":[985],"product_tag":[1003,1005],"class_list":{"0":"post-52813","1":"product","2":"type-product","3":"status-publish","4":"has-post-thumbnail","6":"product_cat-rannekorut","7":"product_tag-miesten-korut","8":"product_tag-riimukorut","10":"first","11":"instock","12":"shipping-taxable","13":"purchasable","14":"product-type-simple"},"acf":[],"yoast_head":"<!-- This site is optimized with the Yoast SEO Premium plugin v26.5 (Yoast SEO v26.8) - https:\/\/yoast.com\/product\/yoast-seo-premium-wordpress\/ -->\n<title>Hopeinen rannekoru skandinaavisesta &quot;Kauhun kyp\u00e4r\u00e4&quot; -mallistosta - Colibri jewels<\/title>\n<meta name=\"robots\" content=\"index, follow, max-snippet:-1, max-image-preview:large, max-video-preview:-1\" \/>\n<link rel=\"canonical\" href=\"https:\/\/colibri-jewels.eu\/fi\/tuote\/hopeinen-rannekoru-skandinaavisesta-kauhun-kypara-mallistosta\/\" \/>\n<meta property=\"og:locale\" content=\"fi_FI\" \/>\n<meta property=\"og:type\" content=\"article\" \/>\n<meta property=\"og:title\" content=\"Hopeinen rannekoru skandinaavisesta &quot;Kauhun kyp\u00e4r\u00e4&quot; -mallistosta\" \/>\n<meta property=\"og:description\" content=\"Esittelyss\u00e4 ainutlaatuinen k\u00e4sintehty rannekoru: rohkea voiman ja tyylin symboli. P\u00e4\u00e4st\u00e4 sis\u00e4inen soturisi valloilleen ainutlaatuisella k\u00e4sintehdyll\u00e4 rannekorullamme \u2013 pienemm\u00e4ll\u00e4, mutta yht\u00e4 vaikuttavalla versiolla sen valtavasta vastineesta....\" \/>\n<meta property=\"og:url\" content=\"https:\/\/colibri-jewels.eu\/fi\/tuote\/hopeinen-rannekoru-skandinaavisesta-kauhun-kypara-mallistosta\/\" \/>\n<meta property=\"og:site_name\" content=\"Colibri jewels\" \/>\n<meta property=\"article:publisher\" content=\"https:\/\/www.facebook.com\/colibri.jewels\" \/>\n<meta property=\"article:modified_time\" content=\"2025-06-01T20:48:45+00:00\" \/>\n<meta property=\"og:image\" content=\"https:\/\/colibri-jewels.eu\/wp-content\/uploads\/2023\/06\/aegivialmur-leather-silver-scandinavian-bracelet.jpg\" \/>\n\t<meta property=\"og:image:width\" content=\"1000\" \/>\n\t<meta property=\"og:image:height\" content=\"1000\" \/>\n\t<meta property=\"og:image:type\" content=\"image\/jpeg\" \/>\n<meta name=\"twitter:card\" content=\"summary_large_image\" \/>\n<meta name=\"twitter:label1\" content=\"Arvioitu lukuaika\" \/>\n\t<meta name=\"twitter:data1\" content=\"2 minuutti\" \/>\n<script type=\"application\/ld+json\" class=\"yoast-schema-graph\">{\"@context\":\"https:\/\/schema.org\",\"@graph\":[{\"@type\":\"WebPage\",\"@id\":\"https:\/\/colibri-jewels.eu\/fi\/tuote\/hopeinen-rannekoru-skandinaavisesta-kauhun-kypara-mallistosta\/\",\"url\":\"https:\/\/colibri-jewels.eu\/fi\/tuote\/hopeinen-rannekoru-skandinaavisesta-kauhun-kypara-mallistosta\/\",\"name\":\"Hopeinen rannekoru skandinaavisesta \\\"Kauhun kyp\u00e4r\u00e4\\\" -mallistosta - Colibri jewels\",\"isPartOf\":{\"@id\":\"https:\/\/colibri-jewels.eu\/fi\/#website\"},\"primaryImageOfPage\":{\"@id\":\"https:\/\/colibri-jewels.eu\/fi\/tuote\/hopeinen-rannekoru-skandinaavisesta-kauhun-kypara-mallistosta\/#primaryimage\"},\"image\":{\"@id\":\"https:\/\/colibri-jewels.eu\/fi\/tuote\/hopeinen-rannekoru-skandinaavisesta-kauhun-kypara-mallistosta\/#primaryimage\"},\"thumbnailUrl\":\"https:\/\/colibri-jewels.eu\/wp-content\/uploads\/2023\/06\/aegivialmur-leather-silver-scandinavian-bracelet.jpg\",\"datePublished\":\"2023-06-09T17:57:35+00:00\",\"dateModified\":\"2025-06-01T20:48:45+00:00\",\"breadcrumb\":{\"@id\":\"https:\/\/colibri-jewels.eu\/fi\/tuote\/hopeinen-rannekoru-skandinaavisesta-kauhun-kypara-mallistosta\/#breadcrumb\"},\"inLanguage\":\"fi\",\"potentialAction\":[{\"@type\":\"ReadAction\",\"target\":[\"https:\/\/colibri-jewels.eu\/fi\/tuote\/hopeinen-rannekoru-skandinaavisesta-kauhun-kypara-mallistosta\/\"]}]},{\"@type\":\"ImageObject\",\"inLanguage\":\"fi\",\"@id\":\"https:\/\/colibri-jewels.eu\/fi\/tuote\/hopeinen-rannekoru-skandinaavisesta-kauhun-kypara-mallistosta\/#primaryimage\",\"url\":\"https:\/\/colibri-jewels.eu\/wp-content\/uploads\/2023\/06\/aegivialmur-leather-silver-scandinavian-bracelet.jpg\",\"contentUrl\":\"https:\/\/colibri-jewels.eu\/wp-content\/uploads\/2023\/06\/aegivialmur-leather-silver-scandinavian-bracelet.jpg\",\"width\":1000,\"height\":1000},{\"@type\":\"BreadcrumbList\",\"@id\":\"https:\/\/colibri-jewels.eu\/fi\/tuote\/hopeinen-rannekoru-skandinaavisesta-kauhun-kypara-mallistosta\/#breadcrumb\",\"itemListElement\":[{\"@type\":\"ListItem\",\"position\":1,\"name\":\"\u0413\u043b\u0430\u0432\u043d\u0430\u044f \u0441\u0442\u0440\u0430\u043d\u0438\u0446\u0430\",\"item\":\"https:\/\/colibri-jewels.eu\/fi\/\"},{\"@type\":\"ListItem\",\"position\":2,\"name\":\"Kauppa\",\"item\":\"https:\/\/colibri-jewels.eu\/fi\/kauppa\/\"},{\"@type\":\"ListItem\",\"position\":3,\"name\":\"Hopeinen rannekoru skandinaavisesta &#8220;Kauhun kyp\u00e4r\u00e4&#8221; -mallistosta\"}]},{\"@type\":\"WebSite\",\"@id\":\"https:\/\/colibri-jewels.eu\/fi\/#website\",\"url\":\"https:\/\/colibri-jewels.eu\/fi\/\",\"name\":\"Colibri jewels\",\"description\":\"jewelry shop\",\"publisher\":{\"@id\":\"https:\/\/colibri-jewels.eu\/fi\/#organization\"},\"potentialAction\":[{\"@type\":\"SearchAction\",\"target\":{\"@type\":\"EntryPoint\",\"urlTemplate\":\"https:\/\/colibri-jewels.eu\/fi\/?s={search_term_string}\"},\"query-input\":{\"@type\":\"PropertyValueSpecification\",\"valueRequired\":true,\"valueName\":\"search_term_string\"}}],\"inLanguage\":\"fi\"},{\"@type\":\"Organization\",\"@id\":\"https:\/\/colibri-jewels.eu\/fi\/#organization\",\"name\":\"O\u00dc Colibri\",\"url\":\"https:\/\/colibri-jewels.eu\/fi\/\",\"logo\":{\"@type\":\"ImageObject\",\"inLanguage\":\"fi\",\"@id\":\"https:\/\/colibri-jewels.eu\/fi\/#\/schema\/logo\/image\/\",\"url\":\"https:\/\/dev.colibri-jewels.eu\/wp-content\/uploads\/2021\/03\/colibri.png\",\"contentUrl\":\"https:\/\/dev.colibri-jewels.eu\/wp-content\/uploads\/2021\/03\/colibri.png\",\"width\":227,\"height\":130,\"caption\":\"O\u00dc Colibri\"},\"image\":{\"@id\":\"https:\/\/colibri-jewels.eu\/fi\/#\/schema\/logo\/image\/\"},\"sameAs\":[\"https:\/\/www.facebook.com\/colibri.jewels\",\"https:\/\/www.instagram.com\/colibri.jewels\",\"https:\/\/www.tiktok.com\/colibri.jewels\"]}]}<\/script>\n<!-- \/ Yoast SEO Premium plugin. -->","yoast_head_json":{"title":"Hopeinen rannekoru skandinaavisesta \"Kauhun kyp\u00e4r\u00e4\" -mallistosta - Colibri jewels","robots":{"index":"index","follow":"follow","max-snippet":"max-snippet:-1","max-image-preview":"max-image-preview:large","max-video-preview":"max-video-preview:-1"},"canonical":"https:\/\/colibri-jewels.eu\/fi\/tuote\/hopeinen-rannekoru-skandinaavisesta-kauhun-kypara-mallistosta\/","og_locale":"fi_FI","og_type":"article","og_title":"Hopeinen rannekoru skandinaavisesta \"Kauhun kyp\u00e4r\u00e4\" -mallistosta","og_description":"Esittelyss\u00e4 ainutlaatuinen k\u00e4sintehty rannekoru: rohkea voiman ja tyylin symboli. P\u00e4\u00e4st\u00e4 sis\u00e4inen soturisi valloilleen ainutlaatuisella k\u00e4sintehdyll\u00e4 rannekorullamme \u2013 pienemm\u00e4ll\u00e4, mutta yht\u00e4 vaikuttavalla versiolla sen valtavasta vastineesta....","og_url":"https:\/\/colibri-jewels.eu\/fi\/tuote\/hopeinen-rannekoru-skandinaavisesta-kauhun-kypara-mallistosta\/","og_site_name":"Colibri jewels","article_publisher":"https:\/\/www.facebook.com\/colibri.jewels","article_modified_time":"2025-06-01T20:48:45+00:00","og_image":[{"width":1000,"height":1000,"url":"https:\/\/colibri-jewels.eu\/wp-content\/uploads\/2023\/06\/aegivialmur-leather-silver-scandinavian-bracelet.jpg","type":"image\/jpeg"}],"twitter_card":"summary_large_image","twitter_misc":{"Arvioitu lukuaika":"2 minuutti"},"schema":{"@context":"https:\/\/schema.org","@graph":[{"@type":"WebPage","@id":"https:\/\/colibri-jewels.eu\/fi\/tuote\/hopeinen-rannekoru-skandinaavisesta-kauhun-kypara-mallistosta\/","url":"https:\/\/colibri-jewels.eu\/fi\/tuote\/hopeinen-rannekoru-skandinaavisesta-kauhun-kypara-mallistosta\/","name":"Hopeinen rannekoru skandinaavisesta \"Kauhun kyp\u00e4r\u00e4\" -mallistosta - Colibri jewels","isPartOf":{"@id":"https:\/\/colibri-jewels.eu\/fi\/#website"},"primaryImageOfPage":{"@id":"https:\/\/colibri-jewels.eu\/fi\/tuote\/hopeinen-rannekoru-skandinaavisesta-kauhun-kypara-mallistosta\/#primaryimage"},"image":{"@id":"https:\/\/colibri-jewels.eu\/fi\/tuote\/hopeinen-rannekoru-skandinaavisesta-kauhun-kypara-mallistosta\/#primaryimage"},"thumbnailUrl":"https:\/\/colibri-jewels.eu\/wp-content\/uploads\/2023\/06\/aegivialmur-leather-silver-scandinavian-bracelet.jpg","datePublished":"2023-06-09T17:57:35+00:00","dateModified":"2025-06-01T20:48:45+00:00","breadcrumb":{"@id":"https:\/\/colibri-jewels.eu\/fi\/tuote\/hopeinen-rannekoru-skandinaavisesta-kauhun-kypara-mallistosta\/#breadcrumb"},"inLanguage":"fi","potentialAction":[{"@type":"ReadAction","target":["https:\/\/colibri-jewels.eu\/fi\/tuote\/hopeinen-rannekoru-skandinaavisesta-kauhun-kypara-mallistosta\/"]}]},{"@type":"ImageObject","inLanguage":"fi","@id":"https:\/\/colibri-jewels.eu\/fi\/tuote\/hopeinen-rannekoru-skandinaavisesta-kauhun-kypara-mallistosta\/#primaryimage","url":"https:\/\/colibri-jewels.eu\/wp-content\/uploads\/2023\/06\/aegivialmur-leather-silver-scandinavian-bracelet.jpg","contentUrl":"https:\/\/colibri-jewels.eu\/wp-content\/uploads\/2023\/06\/aegivialmur-leather-silver-scandinavian-bracelet.jpg","width":1000,"height":1000},{"@type":"BreadcrumbList","@id":"https:\/\/colibri-jewels.eu\/fi\/tuote\/hopeinen-rannekoru-skandinaavisesta-kauhun-kypara-mallistosta\/#breadcrumb","itemListElement":[{"@type":"ListItem","position":1,"name":"\u0413\u043b\u0430\u0432\u043d\u0430\u044f \u0441\u0442\u0440\u0430\u043d\u0438\u0446\u0430","item":"https:\/\/colibri-jewels.eu\/fi\/"},{"@type":"ListItem","position":2,"name":"Kauppa","item":"https:\/\/colibri-jewels.eu\/fi\/kauppa\/"},{"@type":"ListItem","position":3,"name":"Hopeinen rannekoru skandinaavisesta &#8220;Kauhun kyp\u00e4r\u00e4&#8221; -mallistosta"}]},{"@type":"WebSite","@id":"https:\/\/colibri-jewels.eu\/fi\/#website","url":"https:\/\/colibri-jewels.eu\/fi\/","name":"Colibri jewels","description":"jewelry shop","publisher":{"@id":"https:\/\/colibri-jewels.eu\/fi\/#organization"},"potentialAction":[{"@type":"SearchAction","target":{"@type":"EntryPoint","urlTemplate":"https:\/\/colibri-jewels.eu\/fi\/?s={search_term_string}"},"query-input":{"@type":"PropertyValueSpecification","valueRequired":true,"valueName":"search_term_string"}}],"inLanguage":"fi"},{"@type":"Organization","@id":"https:\/\/colibri-jewels.eu\/fi\/#organization","name":"O\u00dc Colibri","url":"https:\/\/colibri-jewels.eu\/fi\/","logo":{"@type":"ImageObject","inLanguage":"fi","@id":"https:\/\/colibri-jewels.eu\/fi\/#\/schema\/logo\/image\/","url":"https:\/\/dev.colibri-jewels.eu\/wp-content\/uploads\/2021\/03\/colibri.png","contentUrl":"https:\/\/dev.colibri-jewels.eu\/wp-content\/uploads\/2021\/03\/colibri.png","width":227,"height":130,"caption":"O\u00dc Colibri"},"image":{"@id":"https:\/\/colibri-jewels.eu\/fi\/#\/schema\/logo\/image\/"},"sameAs":["https:\/\/www.facebook.com\/colibri.jewels","https:\/\/www.instagram.com\/colibri.jewels","https:\/\/www.tiktok.com\/colibri.jewels"]}]}},"_links":{"self":[{"href":"https:\/\/colibri-jewels.eu\/fi\/wp-json\/wp\/v2\/product\/52813","targetHints":{"allow":["GET"]}}],"collection":[{"href":"https:\/\/colibri-jewels.eu\/fi\/wp-json\/wp\/v2\/product"}],"about":[{"href":"https:\/\/colibri-jewels.eu\/fi\/wp-json\/wp\/v2\/types\/product"}],"replies":[{"embeddable":true,"href":"https:\/\/colibri-jewels.eu\/fi\/wp-json\/wp\/v2\/comments?post=52813"}],"version-history":[{"count":0,"href":"https:\/\/colibri-jewels.eu\/fi\/wp-json\/wp\/v2\/product\/52813\/revisions"}],"wp:featuredmedia":[{"embeddable":true,"href":"https:\/\/colibri-jewels.eu\/fi\/wp-json\/wp\/v2\/media\/52814"}],"wp:attachment":[{"href":"https:\/\/colibri-jewels.eu\/fi\/wp-json\/wp\/v2\/media?parent=52813"}],"wp:term":[{"taxonomy":"brand","embeddable":true,"href":"https:\/\/colibri-jewels.eu\/fi\/wp-json\/wp\/v2\/etheme_brands?post=52813"},{"taxonomy":"product_brand","embeddable":true,"href":"https:\/\/colibri-jewels.eu\/fi\/wp-json\/wp\/v2\/product_brand?post=52813"},{"taxonomy":"product_cat","embeddable":true,"href":"https:\/\/colibri-jewels.eu\/fi\/wp-json\/wp\/v2\/product_cat?post=52813"},{"taxonomy":"product_tag","embeddable":true,"href":"https:\/\/colibri-jewels.eu\/fi\/wp-json\/wp\/v2\/product_tag?post=52813"}],"curies":[{"name":"wp","href":"https:\/\/api.w.org\/{rel}","templated":true}]}}