{"id":52820,"date":"2023-06-09T20:12:50","date_gmt":"2023-06-09T17:12:50","guid":{"rendered":"https:\/\/colibri-jewels.eu\/?post_type=product&#038;p=52820"},"modified":"2025-06-01T23:48:52","modified_gmt":"2025-06-01T20:48:52","slug":"ainutlaatuinen-hopeinen-rannekoru-nahkanyorilla-viikinkilegenda","status":"publish","type":"product","link":"https:\/\/colibri-jewels.eu\/fi\/tuote\/ainutlaatuinen-hopeinen-rannekoru-nahkanyorilla-viikinkilegenda\/","title":{"rendered":"Ainutlaatuinen hopeinen rannekoru nahkany\u00f6rill\u00e4 &#8221;Viikinkilegenda&#8221;"},"content":{"rendered":"<p>Esittelyss\u00e4 ainutlaatuinen k\u00e4sintehty rannekoru: rohkea yhdistelm\u00e4 brutaalia tyyli\u00e4 ja pohjoismaista mytologiaa<\/p>\n<p>Astu raivoisan eleganssin maailmaan ainutlaatuisella k\u00e4sintehdyll\u00e4 rannekorullamme, joka on huolellisesti valmistettu ilment\u00e4m\u00e4\u00e4n brutaalin tyylin ja pohjoismaisen mytologian ydint\u00e4. T\u00e4ss\u00e4 merkitt\u00e4v\u00e4ss\u00e4 korussa yhdistyv\u00e4t ainutlaatuisella tavalla Aegishjalmur-symboli ja Odinin korpit, luoden vaikuttavan muotoilun, joka on sek\u00e4 kiehtova ett\u00e4 symbolinen. Piilotetun lukon ja huomattavan painonsa ansiosta t\u00e4m\u00e4 rannekoru huokuu eksklusiivisuutta ja voimaa.<\/p>\n<p>Aegishjalmur-symboli, joka tunnetaan uhkaavasta vieh\u00e4tyksest\u00e4\u00e4n, toimii t\u00e4m\u00e4n poikkeuksellisen rannekorun keskipisteen\u00e4. Soturien legendaarisista tarinoista ja heid\u00e4n valloittamistaan valtakunnista inspiraationsa saanut kyp\u00e4r\u00e4 edustaa rohkeutta, sitkeytt\u00e4 ja horjumatonta henke\u00e4. Sen vaikuttava olemus, jota koristavat monimutkaiset yksityiskohdat ja raivokas ilme, vangitsee soturin lannistumattoman tahdon ytimen.<\/p>\n<p>Aegishjalmur-symboliin kietoutuvat Odinin korpit, Hugin ja Munin, kunnioittaen muinaisten pohjoismaisten jumalien viisautta ja tietoa. N\u00e4m\u00e4 majesteettiset olennot, jotka on kuvattu huolellisella yksityiskohtien huomioinnilla, symboloivat voiman ja \u00e4lyn liittoa, her\u00e4tt\u00e4en mysteerin ja voiman tunteen, ohjaten sinua el\u00e4m\u00e4n koettelemusten ja vaikeuksien l\u00e4pi.<\/p>\n<p>Yksinomaan poikkeuksellista arvostaville suunniteltu rannekoru ylpeilee muotoilulla, joka erottaa sen tavanomaisesta. Piilotettu lukko luo rannekoruun jatkuvuuden vaikutelman.<\/p>\n<p>T\u00e4m\u00e4n poikkeuksellisen korun brutaali tyyli on suunniteltu olemaan jatkuva muistutus omasta voimastasi ja sitkeydest\u00e4si. Rannekorun paino kuvastaa horjumatonta p\u00e4\u00e4tt\u00e4v\u00e4isyytt\u00e4, jota vaaditaan el\u00e4m\u00e4n haasteisiin suoraan vastaamiseen. T\u00e4m\u00e4 puettava taideteos ei ole pelk\u00e4st\u00e4\u00e4n asuste, vaan symboli sis\u00e4isest\u00e4 soturistasi, valmiina valloittamaan kaikki eteesi tulevat esteet.<\/p>\n<p>Nauti eksklusiivisuuden vieh\u00e4tyksest\u00e4. Anna t\u00e4m\u00e4n k\u00e4sintehdyn rannekorun tulla arvostetuksi lis\u00e4ksi kokoelmaasi, heijastaen ainutlaatuista tyyli\u00e4si ja per\u00e4\u00e4nantamatonta henke\u00e4si. Rohkealla brutaalin estetiikan ja pohjoismaisen mytologian yhdistelm\u00e4ll\u00e4\u00e4n se vangitsee varmasti huomion minne ikin\u00e4 menetkin.<\/p>\n<p>Huomautus: t\u00e4ydellisen koon tilaamiseksi ota meihin yhteytt\u00e4, niin n\u00e4yt\u00e4mme, miten ranteesi mitataan.<\/p>\n<p>Vapauta sis\u00e4inen soturisi, ota vastaan Aegishjalmurin ja Odinin korppien symboliikka, hy\u00f6dynn\u00e4 ikiaikaisten jumalten voimaa. Tilaa ainutlaatuinen k\u00e4sintehty rannekorusi jo t\u00e4n\u00e4\u00e4n ja koe voiman, tyylin ja ajattoman mytologian yhdistyminen.<\/p>\n","protected":false},"excerpt":{"rendered":"<p>Esittelyss\u00e4 ainutlaatuinen k\u00e4sintehty rannekoru: rohkea yhdistelm\u00e4 brutaalia tyyli\u00e4 ja pohjoismaista mytologiaa Astu raivoisan eleganssin maailmaan ainutlaatuisella k\u00e4sintehdyll\u00e4 rannekorullamme, joka on huolellisesti valmistettu ilment\u00e4m\u00e4\u00e4n brutaalin tyylin&#8230;<\/p>\n","protected":false},"featured_media":52821,"comment_status":"open","ping_status":"closed","template":"","meta":[],"etheme_brands":[],"product_brand":[],"product_cat":[985],"product_tag":[992,1003,1005],"class_list":{"0":"post-52820","1":"product","2":"type-product","3":"status-publish","4":"has-post-thumbnail","6":"product_cat-rannekorut","7":"product_tag-elainaiheiset","8":"product_tag-miesten-korut","9":"product_tag-riimukorut","11":"first","12":"instock","13":"shipping-taxable","14":"purchasable","15":"product-type-simple"},"acf":[],"yoast_head":"<!-- This site is optimized with the Yoast SEO Premium plugin v26.5 (Yoast SEO v26.8) - https:\/\/yoast.com\/product\/yoast-seo-premium-wordpress\/ -->\n<title>Ainutlaatuinen hopeinen rannekoru nahkany\u00f6rill\u00e4 &quot;Viikinkilegenda&quot; - Colibri jewels<\/title>\n<meta name=\"robots\" content=\"index, follow, max-snippet:-1, max-image-preview:large, max-video-preview:-1\" \/>\n<link rel=\"canonical\" href=\"https:\/\/colibri-jewels.eu\/fi\/tuote\/ainutlaatuinen-hopeinen-rannekoru-nahkanyorilla-viikinkilegenda\/\" \/>\n<meta property=\"og:locale\" content=\"fi_FI\" \/>\n<meta property=\"og:type\" content=\"article\" \/>\n<meta property=\"og:title\" content=\"Ainutlaatuinen hopeinen rannekoru nahkany\u00f6rill\u00e4 &quot;Viikinkilegenda&quot;\" \/>\n<meta property=\"og:description\" content=\"Esittelyss\u00e4 ainutlaatuinen k\u00e4sintehty rannekoru: rohkea yhdistelm\u00e4 brutaalia tyyli\u00e4 ja pohjoismaista mytologiaa Astu raivoisan eleganssin maailmaan ainutlaatuisella k\u00e4sintehdyll\u00e4 rannekorullamme, joka on huolellisesti valmistettu ilment\u00e4m\u00e4\u00e4n brutaalin tyylin...\" \/>\n<meta property=\"og:url\" content=\"https:\/\/colibri-jewels.eu\/fi\/tuote\/ainutlaatuinen-hopeinen-rannekoru-nahkanyorilla-viikinkilegenda\/\" \/>\n<meta property=\"og:site_name\" content=\"Colibri jewels\" \/>\n<meta property=\"article:publisher\" content=\"https:\/\/www.facebook.com\/colibri.jewels\" \/>\n<meta property=\"article:modified_time\" content=\"2025-06-01T20:48:52+00:00\" \/>\n<meta property=\"og:image\" content=\"https:\/\/colibri-jewels.eu\/wp-content\/uploads\/2023\/06\/aegishialmur-odin-ravens-mens-leather-silver-brutal-bracelet-2.jpg\" \/>\n\t<meta property=\"og:image:width\" content=\"1000\" \/>\n\t<meta property=\"og:image:height\" content=\"1000\" \/>\n\t<meta property=\"og:image:type\" content=\"image\/jpeg\" \/>\n<meta name=\"twitter:card\" content=\"summary_large_image\" \/>\n<meta name=\"twitter:label1\" content=\"Arvioitu lukuaika\" \/>\n\t<meta name=\"twitter:data1\" content=\"2 minuutti\" \/>\n<script type=\"application\/ld+json\" class=\"yoast-schema-graph\">{\"@context\":\"https:\/\/schema.org\",\"@graph\":[{\"@type\":\"WebPage\",\"@id\":\"https:\/\/colibri-jewels.eu\/fi\/tuote\/ainutlaatuinen-hopeinen-rannekoru-nahkanyorilla-viikinkilegenda\/\",\"url\":\"https:\/\/colibri-jewels.eu\/fi\/tuote\/ainutlaatuinen-hopeinen-rannekoru-nahkanyorilla-viikinkilegenda\/\",\"name\":\"Ainutlaatuinen hopeinen rannekoru nahkany\u00f6rill\u00e4 \\\"Viikinkilegenda\\\" - Colibri jewels\",\"isPartOf\":{\"@id\":\"https:\/\/colibri-jewels.eu\/fi\/#website\"},\"primaryImageOfPage\":{\"@id\":\"https:\/\/colibri-jewels.eu\/fi\/tuote\/ainutlaatuinen-hopeinen-rannekoru-nahkanyorilla-viikinkilegenda\/#primaryimage\"},\"image\":{\"@id\":\"https:\/\/colibri-jewels.eu\/fi\/tuote\/ainutlaatuinen-hopeinen-rannekoru-nahkanyorilla-viikinkilegenda\/#primaryimage\"},\"thumbnailUrl\":\"https:\/\/colibri-jewels.eu\/wp-content\/uploads\/2023\/06\/aegishialmur-odin-ravens-mens-leather-silver-brutal-bracelet-2.jpg\",\"datePublished\":\"2023-06-09T17:12:50+00:00\",\"dateModified\":\"2025-06-01T20:48:52+00:00\",\"breadcrumb\":{\"@id\":\"https:\/\/colibri-jewels.eu\/fi\/tuote\/ainutlaatuinen-hopeinen-rannekoru-nahkanyorilla-viikinkilegenda\/#breadcrumb\"},\"inLanguage\":\"fi\",\"potentialAction\":[{\"@type\":\"ReadAction\",\"target\":[\"https:\/\/colibri-jewels.eu\/fi\/tuote\/ainutlaatuinen-hopeinen-rannekoru-nahkanyorilla-viikinkilegenda\/\"]}]},{\"@type\":\"ImageObject\",\"inLanguage\":\"fi\",\"@id\":\"https:\/\/colibri-jewels.eu\/fi\/tuote\/ainutlaatuinen-hopeinen-rannekoru-nahkanyorilla-viikinkilegenda\/#primaryimage\",\"url\":\"https:\/\/colibri-jewels.eu\/wp-content\/uploads\/2023\/06\/aegishialmur-odin-ravens-mens-leather-silver-brutal-bracelet-2.jpg\",\"contentUrl\":\"https:\/\/colibri-jewels.eu\/wp-content\/uploads\/2023\/06\/aegishialmur-odin-ravens-mens-leather-silver-brutal-bracelet-2.jpg\",\"width\":1000,\"height\":1000},{\"@type\":\"BreadcrumbList\",\"@id\":\"https:\/\/colibri-jewels.eu\/fi\/tuote\/ainutlaatuinen-hopeinen-rannekoru-nahkanyorilla-viikinkilegenda\/#breadcrumb\",\"itemListElement\":[{\"@type\":\"ListItem\",\"position\":1,\"name\":\"\u0413\u043b\u0430\u0432\u043d\u0430\u044f \u0441\u0442\u0440\u0430\u043d\u0438\u0446\u0430\",\"item\":\"https:\/\/colibri-jewels.eu\/fi\/\"},{\"@type\":\"ListItem\",\"position\":2,\"name\":\"Kauppa\",\"item\":\"https:\/\/colibri-jewels.eu\/fi\/kauppa\/\"},{\"@type\":\"ListItem\",\"position\":3,\"name\":\"Ainutlaatuinen hopeinen rannekoru nahkany\u00f6rill\u00e4 &#8220;Viikinkilegenda&#8221;\"}]},{\"@type\":\"WebSite\",\"@id\":\"https:\/\/colibri-jewels.eu\/fi\/#website\",\"url\":\"https:\/\/colibri-jewels.eu\/fi\/\",\"name\":\"Colibri jewels\",\"description\":\"jewelry shop\",\"publisher\":{\"@id\":\"https:\/\/colibri-jewels.eu\/fi\/#organization\"},\"potentialAction\":[{\"@type\":\"SearchAction\",\"target\":{\"@type\":\"EntryPoint\",\"urlTemplate\":\"https:\/\/colibri-jewels.eu\/fi\/?s={search_term_string}\"},\"query-input\":{\"@type\":\"PropertyValueSpecification\",\"valueRequired\":true,\"valueName\":\"search_term_string\"}}],\"inLanguage\":\"fi\"},{\"@type\":\"Organization\",\"@id\":\"https:\/\/colibri-jewels.eu\/fi\/#organization\",\"name\":\"O\u00dc Colibri\",\"url\":\"https:\/\/colibri-jewels.eu\/fi\/\",\"logo\":{\"@type\":\"ImageObject\",\"inLanguage\":\"fi\",\"@id\":\"https:\/\/colibri-jewels.eu\/fi\/#\/schema\/logo\/image\/\",\"url\":\"https:\/\/dev.colibri-jewels.eu\/wp-content\/uploads\/2021\/03\/colibri.png\",\"contentUrl\":\"https:\/\/dev.colibri-jewels.eu\/wp-content\/uploads\/2021\/03\/colibri.png\",\"width\":227,\"height\":130,\"caption\":\"O\u00dc Colibri\"},\"image\":{\"@id\":\"https:\/\/colibri-jewels.eu\/fi\/#\/schema\/logo\/image\/\"},\"sameAs\":[\"https:\/\/www.facebook.com\/colibri.jewels\",\"https:\/\/www.instagram.com\/colibri.jewels\",\"https:\/\/www.tiktok.com\/colibri.jewels\"]}]}<\/script>\n<!-- \/ Yoast SEO Premium plugin. -->","yoast_head_json":{"title":"Ainutlaatuinen hopeinen rannekoru nahkany\u00f6rill\u00e4 \"Viikinkilegenda\" - Colibri jewels","robots":{"index":"index","follow":"follow","max-snippet":"max-snippet:-1","max-image-preview":"max-image-preview:large","max-video-preview":"max-video-preview:-1"},"canonical":"https:\/\/colibri-jewels.eu\/fi\/tuote\/ainutlaatuinen-hopeinen-rannekoru-nahkanyorilla-viikinkilegenda\/","og_locale":"fi_FI","og_type":"article","og_title":"Ainutlaatuinen hopeinen rannekoru nahkany\u00f6rill\u00e4 \"Viikinkilegenda\"","og_description":"Esittelyss\u00e4 ainutlaatuinen k\u00e4sintehty rannekoru: rohkea yhdistelm\u00e4 brutaalia tyyli\u00e4 ja pohjoismaista mytologiaa Astu raivoisan eleganssin maailmaan ainutlaatuisella k\u00e4sintehdyll\u00e4 rannekorullamme, joka on huolellisesti valmistettu ilment\u00e4m\u00e4\u00e4n brutaalin tyylin...","og_url":"https:\/\/colibri-jewels.eu\/fi\/tuote\/ainutlaatuinen-hopeinen-rannekoru-nahkanyorilla-viikinkilegenda\/","og_site_name":"Colibri jewels","article_publisher":"https:\/\/www.facebook.com\/colibri.jewels","article_modified_time":"2025-06-01T20:48:52+00:00","og_image":[{"width":1000,"height":1000,"url":"https:\/\/colibri-jewels.eu\/wp-content\/uploads\/2023\/06\/aegishialmur-odin-ravens-mens-leather-silver-brutal-bracelet-2.jpg","type":"image\/jpeg"}],"twitter_card":"summary_large_image","twitter_misc":{"Arvioitu lukuaika":"2 minuutti"},"schema":{"@context":"https:\/\/schema.org","@graph":[{"@type":"WebPage","@id":"https:\/\/colibri-jewels.eu\/fi\/tuote\/ainutlaatuinen-hopeinen-rannekoru-nahkanyorilla-viikinkilegenda\/","url":"https:\/\/colibri-jewels.eu\/fi\/tuote\/ainutlaatuinen-hopeinen-rannekoru-nahkanyorilla-viikinkilegenda\/","name":"Ainutlaatuinen hopeinen rannekoru nahkany\u00f6rill\u00e4 \"Viikinkilegenda\" - Colibri jewels","isPartOf":{"@id":"https:\/\/colibri-jewels.eu\/fi\/#website"},"primaryImageOfPage":{"@id":"https:\/\/colibri-jewels.eu\/fi\/tuote\/ainutlaatuinen-hopeinen-rannekoru-nahkanyorilla-viikinkilegenda\/#primaryimage"},"image":{"@id":"https:\/\/colibri-jewels.eu\/fi\/tuote\/ainutlaatuinen-hopeinen-rannekoru-nahkanyorilla-viikinkilegenda\/#primaryimage"},"thumbnailUrl":"https:\/\/colibri-jewels.eu\/wp-content\/uploads\/2023\/06\/aegishialmur-odin-ravens-mens-leather-silver-brutal-bracelet-2.jpg","datePublished":"2023-06-09T17:12:50+00:00","dateModified":"2025-06-01T20:48:52+00:00","breadcrumb":{"@id":"https:\/\/colibri-jewels.eu\/fi\/tuote\/ainutlaatuinen-hopeinen-rannekoru-nahkanyorilla-viikinkilegenda\/#breadcrumb"},"inLanguage":"fi","potentialAction":[{"@type":"ReadAction","target":["https:\/\/colibri-jewels.eu\/fi\/tuote\/ainutlaatuinen-hopeinen-rannekoru-nahkanyorilla-viikinkilegenda\/"]}]},{"@type":"ImageObject","inLanguage":"fi","@id":"https:\/\/colibri-jewels.eu\/fi\/tuote\/ainutlaatuinen-hopeinen-rannekoru-nahkanyorilla-viikinkilegenda\/#primaryimage","url":"https:\/\/colibri-jewels.eu\/wp-content\/uploads\/2023\/06\/aegishialmur-odin-ravens-mens-leather-silver-brutal-bracelet-2.jpg","contentUrl":"https:\/\/colibri-jewels.eu\/wp-content\/uploads\/2023\/06\/aegishialmur-odin-ravens-mens-leather-silver-brutal-bracelet-2.jpg","width":1000,"height":1000},{"@type":"BreadcrumbList","@id":"https:\/\/colibri-jewels.eu\/fi\/tuote\/ainutlaatuinen-hopeinen-rannekoru-nahkanyorilla-viikinkilegenda\/#breadcrumb","itemListElement":[{"@type":"ListItem","position":1,"name":"\u0413\u043b\u0430\u0432\u043d\u0430\u044f \u0441\u0442\u0440\u0430\u043d\u0438\u0446\u0430","item":"https:\/\/colibri-jewels.eu\/fi\/"},{"@type":"ListItem","position":2,"name":"Kauppa","item":"https:\/\/colibri-jewels.eu\/fi\/kauppa\/"},{"@type":"ListItem","position":3,"name":"Ainutlaatuinen hopeinen rannekoru nahkany\u00f6rill\u00e4 &#8220;Viikinkilegenda&#8221;"}]},{"@type":"WebSite","@id":"https:\/\/colibri-jewels.eu\/fi\/#website","url":"https:\/\/colibri-jewels.eu\/fi\/","name":"Colibri jewels","description":"jewelry shop","publisher":{"@id":"https:\/\/colibri-jewels.eu\/fi\/#organization"},"potentialAction":[{"@type":"SearchAction","target":{"@type":"EntryPoint","urlTemplate":"https:\/\/colibri-jewels.eu\/fi\/?s={search_term_string}"},"query-input":{"@type":"PropertyValueSpecification","valueRequired":true,"valueName":"search_term_string"}}],"inLanguage":"fi"},{"@type":"Organization","@id":"https:\/\/colibri-jewels.eu\/fi\/#organization","name":"O\u00dc Colibri","url":"https:\/\/colibri-jewels.eu\/fi\/","logo":{"@type":"ImageObject","inLanguage":"fi","@id":"https:\/\/colibri-jewels.eu\/fi\/#\/schema\/logo\/image\/","url":"https:\/\/dev.colibri-jewels.eu\/wp-content\/uploads\/2021\/03\/colibri.png","contentUrl":"https:\/\/dev.colibri-jewels.eu\/wp-content\/uploads\/2021\/03\/colibri.png","width":227,"height":130,"caption":"O\u00dc Colibri"},"image":{"@id":"https:\/\/colibri-jewels.eu\/fi\/#\/schema\/logo\/image\/"},"sameAs":["https:\/\/www.facebook.com\/colibri.jewels","https:\/\/www.instagram.com\/colibri.jewels","https:\/\/www.tiktok.com\/colibri.jewels"]}]}},"_links":{"self":[{"href":"https:\/\/colibri-jewels.eu\/fi\/wp-json\/wp\/v2\/product\/52820","targetHints":{"allow":["GET"]}}],"collection":[{"href":"https:\/\/colibri-jewels.eu\/fi\/wp-json\/wp\/v2\/product"}],"about":[{"href":"https:\/\/colibri-jewels.eu\/fi\/wp-json\/wp\/v2\/types\/product"}],"replies":[{"embeddable":true,"href":"https:\/\/colibri-jewels.eu\/fi\/wp-json\/wp\/v2\/comments?post=52820"}],"version-history":[{"count":0,"href":"https:\/\/colibri-jewels.eu\/fi\/wp-json\/wp\/v2\/product\/52820\/revisions"}],"wp:featuredmedia":[{"embeddable":true,"href":"https:\/\/colibri-jewels.eu\/fi\/wp-json\/wp\/v2\/media\/52821"}],"wp:attachment":[{"href":"https:\/\/colibri-jewels.eu\/fi\/wp-json\/wp\/v2\/media?parent=52820"}],"wp:term":[{"taxonomy":"brand","embeddable":true,"href":"https:\/\/colibri-jewels.eu\/fi\/wp-json\/wp\/v2\/etheme_brands?post=52820"},{"taxonomy":"product_brand","embeddable":true,"href":"https:\/\/colibri-jewels.eu\/fi\/wp-json\/wp\/v2\/product_brand?post=52820"},{"taxonomy":"product_cat","embeddable":true,"href":"https:\/\/colibri-jewels.eu\/fi\/wp-json\/wp\/v2\/product_cat?post=52820"},{"taxonomy":"product_tag","embeddable":true,"href":"https:\/\/colibri-jewels.eu\/fi\/wp-json\/wp\/v2\/product_tag?post=52820"}],"curies":[{"name":"wp","href":"https:\/\/api.w.org\/{rel}","templated":true}]}}