{"id":52830,"date":"2023-06-09T18:44:26","date_gmt":"2023-06-09T15:44:26","guid":{"rendered":"https:\/\/colibri-jewels.eu\/?post_type=product&#038;p=52830"},"modified":"2025-06-01T23:48:56","modified_gmt":"2025-06-01T20:48:56","slug":"hopeinen-ja-nahkainen-rannekoru-odinin-korpit","status":"publish","type":"product","link":"https:\/\/colibri-jewels.eu\/fi\/tuote\/hopeinen-ja-nahkainen-rannekoru-odinin-korpit\/","title":{"rendered":"Hopeinen ja nahkainen rannekoru &#8221;Odinin korpit&#8221;"},"content":{"rendered":"<p>Esittelyss\u00e4 k\u00e4sintehty hopeinen rannekoru punotulla nahkany\u00f6rill\u00e4: Odinin korppien symboli<\/p>\n<p>Koe pohjoismaisen mytologian ajaton vieh\u00e4tys hienosti muotoillulla k\u00e4sintehdyll\u00e4 hopeisella rannekorullamme punotulla nahkany\u00f6rill\u00e4. T\u00e4m\u00e4 merkitt\u00e4v\u00e4 koru esittelee vangitsevan kuvion, joka on saanut inspiraationsa Odinin korpeista, legendaarisesta symbolista, joka on syv\u00e4ll\u00e4 skandinaavisessa perinteess\u00e4. \u00c4\u00e4rimm\u00e4isell\u00e4 tarkkuudella ja yksityiskohtien huomioinnilla valmistettu rannekoru on osoitus sek\u00e4 rikkaasta perinn\u00f6st\u00e4 ett\u00e4 nykyaikaisista muotitrendeist\u00e4.<\/p>\n<p>T\u00e4m\u00e4n rannekorun ytimess\u00e4 on kiehtova tarina Odinin korpeista \u2013 Huginista ja Muninista. Muinaisen pohjoismaisen mytologian mukaan Odinilla, kaikkivaltiaalla ja jumalten kuninkaalla, oli kaksi korppia, jotka toimivat h\u00e4nen luotettuina sanansaattajinaan ja tiedustelijoinaan. Hugin, joka tarkoittaa &#8221;ajatusta&#8221;, ja Munin, joka tarkoittaa &#8221;muistia&#8221;, lensiv\u00e4t halki laajoja valtakuntia ker\u00e4ten tietoa ja toimittaen sen suoraan Odinille. N\u00e4m\u00e4 mystiset linnut symboloivat viisautta, tietoa ja kaikkivaltiaan itsens\u00e4 kaikkivoivaa luonnetta.<\/p>\n<p>T\u00e4m\u00e4n rannekorun hopeaosan kuvio esitt\u00e4\u00e4 elegantisti Huginin ja Muninin voimakkaan l\u00e4sn\u00e4olon. Monimutkaisella k\u00e4sity\u00f6ll\u00e4 kumpikin korppi her\u00e4\u00e4 eloon, esitellen majesteettiset siipens\u00e4 ja ter\u00e4v\u00e4t, l\u00e4pitunkevat silm\u00e4ns\u00e4. Hopeaosa toimii talismanina, ruumiillistaen n\u00e4ihin jumalallisiin lintuihin liittyv\u00e4n viisauden ja ohjauksen.<\/p>\n<p>T\u00e4m\u00e4 rannekoru on suunniteltu niille, jotka arvostavat sek\u00e4 symboliikkaa ett\u00e4 tyyli\u00e4, ja se yhdist\u00e4\u00e4 vaivattomasti Odinin korppien muinaisen mytologisen merkityksen nykyaikaiseen, monipuoliseen muotoiluun. Punottu nahkany\u00f6ri lis\u00e4\u00e4 ripauksen rustiikkista vieh\u00e4tyst\u00e4 t\u00e4ydent\u00e4en tyylik\u00e4st\u00e4 hopeaosaa ja parantaen rannekorun yleist\u00e4 esteettist\u00e4 vetovoimaa.<\/p>\n<p>Intohimolla ja yksityiskohtiin huomioiden valmistettu k\u00e4sintehty hopeinen rannekoru takaa poikkeuksellisen laadun ja kest\u00e4vyyden. K\u00e4ytetyt materiaalit on valittu huolellisesti takaamaan sek\u00e4 k\u00e4ytt\u00f6mukavuus ett\u00e4 pitk\u00e4ik\u00e4isyys, varmistaen, ett\u00e4 t\u00e4t\u00e4 korua voi k\u00e4ytt\u00e4\u00e4 luottavaisesti vuosia eteenp\u00e4in.<\/p>\n<p>Olitpa pohjoismaisen mytologian fani, ainutlaatuisten ja merkityksellisten korujen yst\u00e4v\u00e4 tai yksinkertaisesti etsim\u00e4ss\u00e4 erottuvaa asustetta ilmaisemaan yksil\u00f6llisyytt\u00e4si, k\u00e4sintehty hopeinen rannekorumme punotulla nahkany\u00f6rill\u00e4 on t\u00e4ydellinen valinta.<\/p>\n<p>Huomautus: rannekorun t\u00e4ydellist\u00e4 istuvuutta varten tarvitsemme tarkan mittasi k\u00e4dest\u00e4si.<\/p>\n<p>Ota legenda omaksesi, koristele itsesi Odinin korpeilla ja anna t\u00e4m\u00e4n ikonisen skandinaavisen symbolin tulla arvostetuksi osaksi henkil\u00f6kohtaista tyyli\u00e4si. Tilaa k\u00e4sintehty hopeinen rannekorumme punotulla nahkany\u00f6rill\u00e4 jo t\u00e4n\u00e4\u00e4n ja l\u00e4hde muinaisen viisauden ja myyttisten tarinoiden inspiroimalle matkalle.<\/p>\n","protected":false},"excerpt":{"rendered":"<p>Varastossa koko 20,5, omasi voidaan valmistaa 1-2 viikossa.<\/p>\n","protected":false},"featured_media":52831,"comment_status":"open","ping_status":"closed","template":"","meta":[],"etheme_brands":[],"product_brand":[],"product_cat":[985],"product_tag":[1003,1005],"class_list":{"0":"post-52830","1":"product","2":"type-product","3":"status-publish","4":"has-post-thumbnail","6":"product_cat-rannekorut","7":"product_tag-miesten-korut","8":"product_tag-riimukorut","10":"first","11":"instock","12":"shipping-taxable","13":"purchasable","14":"product-type-simple"},"acf":[],"yoast_head":"<!-- This site is optimized with the Yoast SEO Premium plugin v26.5 (Yoast SEO v26.8) - https:\/\/yoast.com\/product\/yoast-seo-premium-wordpress\/ -->\n<title>Hopeinen ja nahkainen rannekoru &quot;Odinin korpit&quot; - Colibri jewels<\/title>\n<meta name=\"robots\" content=\"index, follow, max-snippet:-1, max-image-preview:large, max-video-preview:-1\" \/>\n<link rel=\"canonical\" href=\"https:\/\/colibri-jewels.eu\/fi\/tuote\/hopeinen-ja-nahkainen-rannekoru-odinin-korpit\/\" \/>\n<meta property=\"og:locale\" content=\"fi_FI\" \/>\n<meta property=\"og:type\" content=\"article\" \/>\n<meta property=\"og:title\" content=\"Hopeinen ja nahkainen rannekoru &quot;Odinin korpit&quot;\" \/>\n<meta property=\"og:description\" content=\"Varastossa koko 20,5, omasi voidaan valmistaa 1-2 viikossa.\" \/>\n<meta property=\"og:url\" content=\"https:\/\/colibri-jewels.eu\/fi\/tuote\/hopeinen-ja-nahkainen-rannekoru-odinin-korpit\/\" \/>\n<meta property=\"og:site_name\" content=\"Colibri jewels\" \/>\n<meta property=\"article:publisher\" content=\"https:\/\/www.facebook.com\/colibri.jewels\" \/>\n<meta property=\"article:modified_time\" content=\"2025-06-01T20:48:56+00:00\" \/>\n<meta property=\"og:image\" content=\"https:\/\/colibri-jewels.eu\/wp-content\/uploads\/2023\/06\/onin-ravens-leather-silver-bracelet-with-pendant.jpg\" \/>\n\t<meta property=\"og:image:width\" content=\"1000\" \/>\n\t<meta property=\"og:image:height\" content=\"1000\" \/>\n\t<meta property=\"og:image:type\" content=\"image\/jpeg\" \/>\n<meta name=\"twitter:card\" content=\"summary_large_image\" \/>\n<meta name=\"twitter:label1\" content=\"Arvioitu lukuaika\" \/>\n\t<meta name=\"twitter:data1\" content=\"2 minuutti\" \/>\n<script type=\"application\/ld+json\" class=\"yoast-schema-graph\">{\"@context\":\"https:\/\/schema.org\",\"@graph\":[{\"@type\":\"WebPage\",\"@id\":\"https:\/\/colibri-jewels.eu\/fi\/tuote\/hopeinen-ja-nahkainen-rannekoru-odinin-korpit\/\",\"url\":\"https:\/\/colibri-jewels.eu\/fi\/tuote\/hopeinen-ja-nahkainen-rannekoru-odinin-korpit\/\",\"name\":\"Hopeinen ja nahkainen rannekoru \\\"Odinin korpit\\\" - Colibri jewels\",\"isPartOf\":{\"@id\":\"https:\/\/colibri-jewels.eu\/fi\/#website\"},\"primaryImageOfPage\":{\"@id\":\"https:\/\/colibri-jewels.eu\/fi\/tuote\/hopeinen-ja-nahkainen-rannekoru-odinin-korpit\/#primaryimage\"},\"image\":{\"@id\":\"https:\/\/colibri-jewels.eu\/fi\/tuote\/hopeinen-ja-nahkainen-rannekoru-odinin-korpit\/#primaryimage\"},\"thumbnailUrl\":\"https:\/\/colibri-jewels.eu\/wp-content\/uploads\/2023\/06\/onin-ravens-leather-silver-bracelet-with-pendant.jpg\",\"datePublished\":\"2023-06-09T15:44:26+00:00\",\"dateModified\":\"2025-06-01T20:48:56+00:00\",\"breadcrumb\":{\"@id\":\"https:\/\/colibri-jewels.eu\/fi\/tuote\/hopeinen-ja-nahkainen-rannekoru-odinin-korpit\/#breadcrumb\"},\"inLanguage\":\"fi\",\"potentialAction\":[{\"@type\":\"ReadAction\",\"target\":[\"https:\/\/colibri-jewels.eu\/fi\/tuote\/hopeinen-ja-nahkainen-rannekoru-odinin-korpit\/\"]}]},{\"@type\":\"ImageObject\",\"inLanguage\":\"fi\",\"@id\":\"https:\/\/colibri-jewels.eu\/fi\/tuote\/hopeinen-ja-nahkainen-rannekoru-odinin-korpit\/#primaryimage\",\"url\":\"https:\/\/colibri-jewels.eu\/wp-content\/uploads\/2023\/06\/onin-ravens-leather-silver-bracelet-with-pendant.jpg\",\"contentUrl\":\"https:\/\/colibri-jewels.eu\/wp-content\/uploads\/2023\/06\/onin-ravens-leather-silver-bracelet-with-pendant.jpg\",\"width\":1000,\"height\":1000},{\"@type\":\"BreadcrumbList\",\"@id\":\"https:\/\/colibri-jewels.eu\/fi\/tuote\/hopeinen-ja-nahkainen-rannekoru-odinin-korpit\/#breadcrumb\",\"itemListElement\":[{\"@type\":\"ListItem\",\"position\":1,\"name\":\"\u0413\u043b\u0430\u0432\u043d\u0430\u044f \u0441\u0442\u0440\u0430\u043d\u0438\u0446\u0430\",\"item\":\"https:\/\/colibri-jewels.eu\/fi\/\"},{\"@type\":\"ListItem\",\"position\":2,\"name\":\"Kauppa\",\"item\":\"https:\/\/colibri-jewels.eu\/fi\/kauppa\/\"},{\"@type\":\"ListItem\",\"position\":3,\"name\":\"Hopeinen ja nahkainen rannekoru &#8220;Odinin korpit&#8221;\"}]},{\"@type\":\"WebSite\",\"@id\":\"https:\/\/colibri-jewels.eu\/fi\/#website\",\"url\":\"https:\/\/colibri-jewels.eu\/fi\/\",\"name\":\"Colibri jewels\",\"description\":\"jewelry shop\",\"publisher\":{\"@id\":\"https:\/\/colibri-jewels.eu\/fi\/#organization\"},\"potentialAction\":[{\"@type\":\"SearchAction\",\"target\":{\"@type\":\"EntryPoint\",\"urlTemplate\":\"https:\/\/colibri-jewels.eu\/fi\/?s={search_term_string}\"},\"query-input\":{\"@type\":\"PropertyValueSpecification\",\"valueRequired\":true,\"valueName\":\"search_term_string\"}}],\"inLanguage\":\"fi\"},{\"@type\":\"Organization\",\"@id\":\"https:\/\/colibri-jewels.eu\/fi\/#organization\",\"name\":\"O\u00dc Colibri\",\"url\":\"https:\/\/colibri-jewels.eu\/fi\/\",\"logo\":{\"@type\":\"ImageObject\",\"inLanguage\":\"fi\",\"@id\":\"https:\/\/colibri-jewels.eu\/fi\/#\/schema\/logo\/image\/\",\"url\":\"https:\/\/dev.colibri-jewels.eu\/wp-content\/uploads\/2021\/03\/colibri.png\",\"contentUrl\":\"https:\/\/dev.colibri-jewels.eu\/wp-content\/uploads\/2021\/03\/colibri.png\",\"width\":227,\"height\":130,\"caption\":\"O\u00dc Colibri\"},\"image\":{\"@id\":\"https:\/\/colibri-jewels.eu\/fi\/#\/schema\/logo\/image\/\"},\"sameAs\":[\"https:\/\/www.facebook.com\/colibri.jewels\",\"https:\/\/www.instagram.com\/colibri.jewels\",\"https:\/\/www.tiktok.com\/colibri.jewels\"]}]}<\/script>\n<!-- \/ Yoast SEO Premium plugin. -->","yoast_head_json":{"title":"Hopeinen ja nahkainen rannekoru \"Odinin korpit\" - Colibri jewels","robots":{"index":"index","follow":"follow","max-snippet":"max-snippet:-1","max-image-preview":"max-image-preview:large","max-video-preview":"max-video-preview:-1"},"canonical":"https:\/\/colibri-jewels.eu\/fi\/tuote\/hopeinen-ja-nahkainen-rannekoru-odinin-korpit\/","og_locale":"fi_FI","og_type":"article","og_title":"Hopeinen ja nahkainen rannekoru \"Odinin korpit\"","og_description":"Varastossa koko 20,5, omasi voidaan valmistaa 1-2 viikossa.","og_url":"https:\/\/colibri-jewels.eu\/fi\/tuote\/hopeinen-ja-nahkainen-rannekoru-odinin-korpit\/","og_site_name":"Colibri jewels","article_publisher":"https:\/\/www.facebook.com\/colibri.jewels","article_modified_time":"2025-06-01T20:48:56+00:00","og_image":[{"width":1000,"height":1000,"url":"https:\/\/colibri-jewels.eu\/wp-content\/uploads\/2023\/06\/onin-ravens-leather-silver-bracelet-with-pendant.jpg","type":"image\/jpeg"}],"twitter_card":"summary_large_image","twitter_misc":{"Arvioitu lukuaika":"2 minuutti"},"schema":{"@context":"https:\/\/schema.org","@graph":[{"@type":"WebPage","@id":"https:\/\/colibri-jewels.eu\/fi\/tuote\/hopeinen-ja-nahkainen-rannekoru-odinin-korpit\/","url":"https:\/\/colibri-jewels.eu\/fi\/tuote\/hopeinen-ja-nahkainen-rannekoru-odinin-korpit\/","name":"Hopeinen ja nahkainen rannekoru \"Odinin korpit\" - Colibri jewels","isPartOf":{"@id":"https:\/\/colibri-jewels.eu\/fi\/#website"},"primaryImageOfPage":{"@id":"https:\/\/colibri-jewels.eu\/fi\/tuote\/hopeinen-ja-nahkainen-rannekoru-odinin-korpit\/#primaryimage"},"image":{"@id":"https:\/\/colibri-jewels.eu\/fi\/tuote\/hopeinen-ja-nahkainen-rannekoru-odinin-korpit\/#primaryimage"},"thumbnailUrl":"https:\/\/colibri-jewels.eu\/wp-content\/uploads\/2023\/06\/onin-ravens-leather-silver-bracelet-with-pendant.jpg","datePublished":"2023-06-09T15:44:26+00:00","dateModified":"2025-06-01T20:48:56+00:00","breadcrumb":{"@id":"https:\/\/colibri-jewels.eu\/fi\/tuote\/hopeinen-ja-nahkainen-rannekoru-odinin-korpit\/#breadcrumb"},"inLanguage":"fi","potentialAction":[{"@type":"ReadAction","target":["https:\/\/colibri-jewels.eu\/fi\/tuote\/hopeinen-ja-nahkainen-rannekoru-odinin-korpit\/"]}]},{"@type":"ImageObject","inLanguage":"fi","@id":"https:\/\/colibri-jewels.eu\/fi\/tuote\/hopeinen-ja-nahkainen-rannekoru-odinin-korpit\/#primaryimage","url":"https:\/\/colibri-jewels.eu\/wp-content\/uploads\/2023\/06\/onin-ravens-leather-silver-bracelet-with-pendant.jpg","contentUrl":"https:\/\/colibri-jewels.eu\/wp-content\/uploads\/2023\/06\/onin-ravens-leather-silver-bracelet-with-pendant.jpg","width":1000,"height":1000},{"@type":"BreadcrumbList","@id":"https:\/\/colibri-jewels.eu\/fi\/tuote\/hopeinen-ja-nahkainen-rannekoru-odinin-korpit\/#breadcrumb","itemListElement":[{"@type":"ListItem","position":1,"name":"\u0413\u043b\u0430\u0432\u043d\u0430\u044f \u0441\u0442\u0440\u0430\u043d\u0438\u0446\u0430","item":"https:\/\/colibri-jewels.eu\/fi\/"},{"@type":"ListItem","position":2,"name":"Kauppa","item":"https:\/\/colibri-jewels.eu\/fi\/kauppa\/"},{"@type":"ListItem","position":3,"name":"Hopeinen ja nahkainen rannekoru &#8220;Odinin korpit&#8221;"}]},{"@type":"WebSite","@id":"https:\/\/colibri-jewels.eu\/fi\/#website","url":"https:\/\/colibri-jewels.eu\/fi\/","name":"Colibri jewels","description":"jewelry shop","publisher":{"@id":"https:\/\/colibri-jewels.eu\/fi\/#organization"},"potentialAction":[{"@type":"SearchAction","target":{"@type":"EntryPoint","urlTemplate":"https:\/\/colibri-jewels.eu\/fi\/?s={search_term_string}"},"query-input":{"@type":"PropertyValueSpecification","valueRequired":true,"valueName":"search_term_string"}}],"inLanguage":"fi"},{"@type":"Organization","@id":"https:\/\/colibri-jewels.eu\/fi\/#organization","name":"O\u00dc Colibri","url":"https:\/\/colibri-jewels.eu\/fi\/","logo":{"@type":"ImageObject","inLanguage":"fi","@id":"https:\/\/colibri-jewels.eu\/fi\/#\/schema\/logo\/image\/","url":"https:\/\/dev.colibri-jewels.eu\/wp-content\/uploads\/2021\/03\/colibri.png","contentUrl":"https:\/\/dev.colibri-jewels.eu\/wp-content\/uploads\/2021\/03\/colibri.png","width":227,"height":130,"caption":"O\u00dc Colibri"},"image":{"@id":"https:\/\/colibri-jewels.eu\/fi\/#\/schema\/logo\/image\/"},"sameAs":["https:\/\/www.facebook.com\/colibri.jewels","https:\/\/www.instagram.com\/colibri.jewels","https:\/\/www.tiktok.com\/colibri.jewels"]}]}},"_links":{"self":[{"href":"https:\/\/colibri-jewels.eu\/fi\/wp-json\/wp\/v2\/product\/52830","targetHints":{"allow":["GET"]}}],"collection":[{"href":"https:\/\/colibri-jewels.eu\/fi\/wp-json\/wp\/v2\/product"}],"about":[{"href":"https:\/\/colibri-jewels.eu\/fi\/wp-json\/wp\/v2\/types\/product"}],"replies":[{"embeddable":true,"href":"https:\/\/colibri-jewels.eu\/fi\/wp-json\/wp\/v2\/comments?post=52830"}],"version-history":[{"count":0,"href":"https:\/\/colibri-jewels.eu\/fi\/wp-json\/wp\/v2\/product\/52830\/revisions"}],"wp:featuredmedia":[{"embeddable":true,"href":"https:\/\/colibri-jewels.eu\/fi\/wp-json\/wp\/v2\/media\/52831"}],"wp:attachment":[{"href":"https:\/\/colibri-jewels.eu\/fi\/wp-json\/wp\/v2\/media?parent=52830"}],"wp:term":[{"taxonomy":"brand","embeddable":true,"href":"https:\/\/colibri-jewels.eu\/fi\/wp-json\/wp\/v2\/etheme_brands?post=52830"},{"taxonomy":"product_brand","embeddable":true,"href":"https:\/\/colibri-jewels.eu\/fi\/wp-json\/wp\/v2\/product_brand?post=52830"},{"taxonomy":"product_cat","embeddable":true,"href":"https:\/\/colibri-jewels.eu\/fi\/wp-json\/wp\/v2\/product_cat?post=52830"},{"taxonomy":"product_tag","embeddable":true,"href":"https:\/\/colibri-jewels.eu\/fi\/wp-json\/wp\/v2\/product_tag?post=52830"}],"curies":[{"name":"wp","href":"https:\/\/api.w.org\/{rel}","templated":true}]}}