{"id":52921,"date":"2025-06-03T12:12:56","date_gmt":"2025-06-03T09:12:56","guid":{"rendered":"https:\/\/colibri-jewels.eu\/?post_type=product&#038;p=52921"},"modified":"2025-06-10T14:14:47","modified_gmt":"2025-06-10T11:14:47","slug":"valkokultaiset-nappikorvakorut-joissa-106-ct-lab-timantti-celeste","status":"publish","type":"product","link":"https:\/\/colibri-jewels.eu\/fi\/tuote\/valkokultaiset-nappikorvakorut-joissa-106-ct-lab-timantti-celeste\/","title":{"rendered":"Valkokultaiset nappikorvakorut, joissa 1,06 ct lab timantti &#8221;Celeste&#8221;"},"content":{"rendered":"<p data-sourcepos=\"29:1-29:25\"><strong>Celeste-nappikorvakorut<\/strong><\/p>\n<p data-sourcepos=\"31:1-31:364\">Hienostuneet klassiset &#8221;Celeste&#8221;-nappikorvakorut, joissa on kaksi 1,06 karaatin laboratoriotimanttia kummassakin, valmistettu 585 valkokullasta korostaen timanttien t\u00e4ydellist\u00e4 v\u00e4ri\u00e4 ja loistetta. Kummallakin laboratoriotimantilla on korkein v\u00e4riaste D ja puhtausaste VVS1. Molemmat laboratoriotimantit ovat arvostetun IGI:n (Kansainv\u00e4linen Gemmologinen Instituutti) sertifioimia.  <\/p>\n<p data-sourcepos=\"33:1-33:218\">Turvalliset 8 mm:n kierrelukot varmistavat mukavan ja tiiviin istuvuuden korvanlehteen. T\u00e4m\u00e4 muotoilu on erityisen t\u00e4rke\u00e4\u00e4 suuremmilla (1 karaatti ja enemm\u00e4n) timanteilla varustetuissa korvakoruissa, koska se est\u00e4\u00e4 niit\u00e4 k\u00e4\u00e4ntym\u00e4st\u00e4 alasp\u00e4in. <\/p>\n<p data-sourcepos=\"35:1-35:122\">&#8221;Celeste&#8221;-nappikorvakorut ovat t\u00e4ydellinen lis\u00e4 asuusi korostaen hienostuneisuuttasi ja moitteetonta makua.<\/p>\n","protected":false},"excerpt":{"rendered":"<p data-sourcepos=\"37:1-37:19\"><strong>Tekniset tiedot:<\/strong><\/p>\n<ul data-sourcepos=\"38:1-46:0\">\n<li data-sourcepos=\"38:1-38:23\">Metalli: 585 valkokulta<\/li>\n<li data-sourcepos=\"39:1-39:30\">Kivin\u00e4: 2 laboratoriotimanttia<\/li>\n<li data-sourcepos=\"40:1-40:34\">Karaattipaino (kummallakin): 1,06 karaattia<\/li>\n<li data-sourcepos=\"41:1-41:10\">V\u00e4ri: D<\/li>\n<li data-sourcepos=\"42:1-42:15\">Puhtaus: VVS1<\/li>\n<li data-sourcepos=\"43:1-43:20\">Sertifikaatti: IGI<\/li>\n<li data-sourcepos=\"44:1-44:37\">Lukitus: Kierrelukot, halkaisija 8 mm<\/li>\n<li data-sourcepos=\"45:1-46:0\">Keskim\u00e4\u00e4r\u00e4inen parin paino: 2,60 grammaa<\/li>\n<\/ul>\n<p data-sourcepos=\"47:1-47:207\">On mahdollista tilata korvakoruja eri ominaisuuksilla, karaattipainoilla sek\u00e4 eri kultapitoisuuksilla tai -v\u00e4reill\u00e4 varustetuilla timanteilla. Ota yhteytt\u00e4 tilauksen tekemiseksi, toimitusaika on 3-4 viikkoa. <\/p>\n","protected":false},"featured_media":53693,"comment_status":"open","ping_status":"closed","template":"","meta":[],"etheme_brands":[],"product_brand":[],"product_cat":[987],"product_tag":[994,1256,1002,1007,999],"class_list":{"0":"post-52921","1":"product","2":"type-product","3":"status-publish","4":"has-post-thumbnail","6":"product_cat-korvakorut","7":"product_tag-klassiset","8":"product_tag-lab-timantit","9":"product_tag-lakoniset","10":"product_tag-solitaire-sormus","11":"product_tag-yksinoikeudella","13":"first","14":"instock","15":"shipping-taxable","16":"purchasable","17":"product-type-simple"},"acf":[],"yoast_head":"<!-- This site is optimized with the Yoast SEO Premium plugin v26.5 (Yoast SEO v26.8) - https:\/\/yoast.com\/product\/yoast-seo-premium-wordpress\/ -->\n<title>Klassiset nappikorvakorut, joissa pari 1,06 karaatin lab timanttia<\/title>\n<meta name=\"description\" content=\"Tyylikk\u00e4\u00e4t klassiset Celeste-nappikorvakorut 14 karaatin valkokultaa, joissa pari 1,06 karaatin D\/VVS1-luokiteltua IGI-sertifioitua lab timanttia, kierrelukot. Yksil\u00f6lliset tilaukset mahdollisia\" \/>\n<meta name=\"robots\" content=\"index, follow, max-snippet:-1, max-image-preview:large, max-video-preview:-1\" \/>\n<link rel=\"canonical\" href=\"https:\/\/colibri-jewels.eu\/fi\/tuote\/valkokultaiset-nappikorvakorut-joissa-106-ct-lab-timantti-celeste\/\" \/>\n<meta property=\"og:locale\" content=\"fi_FI\" \/>\n<meta property=\"og:type\" content=\"article\" \/>\n<meta property=\"og:title\" content=\"Valkokultaiset nappikorvakorut, joissa 1,06 ct lab timantti &quot;Celeste&quot;\" \/>\n<meta property=\"og:description\" content=\"Tyylikk\u00e4\u00e4t klassiset Celeste-nappikorvakorut 14 karaatin valkokultaa, joissa pari 1,06 karaatin D\/VVS1-luokiteltua IGI-sertifioitua lab timanttia, kierrelukot. Yksil\u00f6lliset tilaukset mahdollisia\" \/>\n<meta property=\"og:url\" content=\"https:\/\/colibri-jewels.eu\/fi\/tuote\/valkokultaiset-nappikorvakorut-joissa-106-ct-lab-timantti-celeste\/\" \/>\n<meta property=\"og:site_name\" content=\"Colibri jewels\" \/>\n<meta property=\"article:publisher\" content=\"https:\/\/www.facebook.com\/colibri.jewels\" \/>\n<meta property=\"article:modified_time\" content=\"2025-06-10T11:14:47+00:00\" \/>\n<meta property=\"og:image\" content=\"https:\/\/colibri-jewels.eu\/wp-content\/uploads\/2025\/06\/white-gold-stud-earrings-with-1-ct-lab-diamond-in-4-prongs-scaled.jpg\" \/>\n\t<meta property=\"og:image:width\" content=\"2560\" \/>\n\t<meta property=\"og:image:height\" content=\"2560\" \/>\n\t<meta property=\"og:image:type\" content=\"image\/jpeg\" \/>\n<meta name=\"twitter:card\" content=\"summary_large_image\" \/>\n<script type=\"application\/ld+json\" class=\"yoast-schema-graph\">{\"@context\":\"https:\/\/schema.org\",\"@graph\":[{\"@type\":\"WebPage\",\"@id\":\"https:\/\/colibri-jewels.eu\/fi\/tuote\/valkokultaiset-nappikorvakorut-joissa-106-ct-lab-timantti-celeste\/\",\"url\":\"https:\/\/colibri-jewels.eu\/fi\/tuote\/valkokultaiset-nappikorvakorut-joissa-106-ct-lab-timantti-celeste\/\",\"name\":\"Klassiset nappikorvakorut, joissa pari 1,06 karaatin lab timanttia\",\"isPartOf\":{\"@id\":\"https:\/\/colibri-jewels.eu\/fi\/#website\"},\"primaryImageOfPage\":{\"@id\":\"https:\/\/colibri-jewels.eu\/fi\/tuote\/valkokultaiset-nappikorvakorut-joissa-106-ct-lab-timantti-celeste\/#primaryimage\"},\"image\":{\"@id\":\"https:\/\/colibri-jewels.eu\/fi\/tuote\/valkokultaiset-nappikorvakorut-joissa-106-ct-lab-timantti-celeste\/#primaryimage\"},\"thumbnailUrl\":\"https:\/\/colibri-jewels.eu\/wp-content\/uploads\/2025\/06\/white-gold-stud-earrings-with-1-ct-lab-diamond-in-4-prongs-scaled.jpg\",\"datePublished\":\"2025-06-03T09:12:56+00:00\",\"dateModified\":\"2025-06-10T11:14:47+00:00\",\"description\":\"Tyylikk\u00e4\u00e4t klassiset Celeste-nappikorvakorut 14 karaatin valkokultaa, joissa pari 1,06 karaatin D\/VVS1-luokiteltua IGI-sertifioitua lab timanttia, kierrelukot. Yksil\u00f6lliset tilaukset mahdollisia\",\"breadcrumb\":{\"@id\":\"https:\/\/colibri-jewels.eu\/fi\/tuote\/valkokultaiset-nappikorvakorut-joissa-106-ct-lab-timantti-celeste\/#breadcrumb\"},\"inLanguage\":\"fi\",\"potentialAction\":[{\"@type\":\"ReadAction\",\"target\":[\"https:\/\/colibri-jewels.eu\/fi\/tuote\/valkokultaiset-nappikorvakorut-joissa-106-ct-lab-timantti-celeste\/\"]}]},{\"@type\":\"ImageObject\",\"inLanguage\":\"fi\",\"@id\":\"https:\/\/colibri-jewels.eu\/fi\/tuote\/valkokultaiset-nappikorvakorut-joissa-106-ct-lab-timantti-celeste\/#primaryimage\",\"url\":\"https:\/\/colibri-jewels.eu\/wp-content\/uploads\/2025\/06\/white-gold-stud-earrings-with-1-ct-lab-diamond-in-4-prongs-scaled.jpg\",\"contentUrl\":\"https:\/\/colibri-jewels.eu\/wp-content\/uploads\/2025\/06\/white-gold-stud-earrings-with-1-ct-lab-diamond-in-4-prongs-scaled.jpg\",\"width\":2560,\"height\":2560},{\"@type\":\"BreadcrumbList\",\"@id\":\"https:\/\/colibri-jewels.eu\/fi\/tuote\/valkokultaiset-nappikorvakorut-joissa-106-ct-lab-timantti-celeste\/#breadcrumb\",\"itemListElement\":[{\"@type\":\"ListItem\",\"position\":1,\"name\":\"\u0413\u043b\u0430\u0432\u043d\u0430\u044f \u0441\u0442\u0440\u0430\u043d\u0438\u0446\u0430\",\"item\":\"https:\/\/colibri-jewels.eu\/fi\/\"},{\"@type\":\"ListItem\",\"position\":2,\"name\":\"Kauppa\",\"item\":\"https:\/\/colibri-jewels.eu\/fi\/kauppa\/\"},{\"@type\":\"ListItem\",\"position\":3,\"name\":\"Valkokultaiset nappikorvakorut, joissa 1,06 ct lab timantti &#8220;Celeste&#8221;\"}]},{\"@type\":\"WebSite\",\"@id\":\"https:\/\/colibri-jewels.eu\/fi\/#website\",\"url\":\"https:\/\/colibri-jewels.eu\/fi\/\",\"name\":\"Colibri jewels\",\"description\":\"jewelry shop\",\"publisher\":{\"@id\":\"https:\/\/colibri-jewels.eu\/fi\/#organization\"},\"potentialAction\":[{\"@type\":\"SearchAction\",\"target\":{\"@type\":\"EntryPoint\",\"urlTemplate\":\"https:\/\/colibri-jewels.eu\/fi\/?s={search_term_string}\"},\"query-input\":{\"@type\":\"PropertyValueSpecification\",\"valueRequired\":true,\"valueName\":\"search_term_string\"}}],\"inLanguage\":\"fi\"},{\"@type\":\"Organization\",\"@id\":\"https:\/\/colibri-jewels.eu\/fi\/#organization\",\"name\":\"O\u00dc Colibri\",\"url\":\"https:\/\/colibri-jewels.eu\/fi\/\",\"logo\":{\"@type\":\"ImageObject\",\"inLanguage\":\"fi\",\"@id\":\"https:\/\/colibri-jewels.eu\/fi\/#\/schema\/logo\/image\/\",\"url\":\"https:\/\/dev.colibri-jewels.eu\/wp-content\/uploads\/2021\/03\/colibri.png\",\"contentUrl\":\"https:\/\/dev.colibri-jewels.eu\/wp-content\/uploads\/2021\/03\/colibri.png\",\"width\":227,\"height\":130,\"caption\":\"O\u00dc Colibri\"},\"image\":{\"@id\":\"https:\/\/colibri-jewels.eu\/fi\/#\/schema\/logo\/image\/\"},\"sameAs\":[\"https:\/\/www.facebook.com\/colibri.jewels\",\"https:\/\/www.instagram.com\/colibri.jewels\",\"https:\/\/www.tiktok.com\/colibri.jewels\"]}]}<\/script>\n<!-- \/ Yoast SEO Premium plugin. -->","yoast_head_json":{"title":"Klassiset nappikorvakorut, joissa pari 1,06 karaatin lab timanttia","description":"Tyylikk\u00e4\u00e4t klassiset Celeste-nappikorvakorut 14 karaatin valkokultaa, joissa pari 1,06 karaatin D\/VVS1-luokiteltua IGI-sertifioitua lab timanttia, kierrelukot. Yksil\u00f6lliset tilaukset mahdollisia","robots":{"index":"index","follow":"follow","max-snippet":"max-snippet:-1","max-image-preview":"max-image-preview:large","max-video-preview":"max-video-preview:-1"},"canonical":"https:\/\/colibri-jewels.eu\/fi\/tuote\/valkokultaiset-nappikorvakorut-joissa-106-ct-lab-timantti-celeste\/","og_locale":"fi_FI","og_type":"article","og_title":"Valkokultaiset nappikorvakorut, joissa 1,06 ct lab timantti \"Celeste\"","og_description":"Tyylikk\u00e4\u00e4t klassiset Celeste-nappikorvakorut 14 karaatin valkokultaa, joissa pari 1,06 karaatin D\/VVS1-luokiteltua IGI-sertifioitua lab timanttia, kierrelukot. Yksil\u00f6lliset tilaukset mahdollisia","og_url":"https:\/\/colibri-jewels.eu\/fi\/tuote\/valkokultaiset-nappikorvakorut-joissa-106-ct-lab-timantti-celeste\/","og_site_name":"Colibri jewels","article_publisher":"https:\/\/www.facebook.com\/colibri.jewels","article_modified_time":"2025-06-10T11:14:47+00:00","og_image":[{"width":2560,"height":2560,"url":"https:\/\/colibri-jewels.eu\/wp-content\/uploads\/2025\/06\/white-gold-stud-earrings-with-1-ct-lab-diamond-in-4-prongs-scaled.jpg","type":"image\/jpeg"}],"twitter_card":"summary_large_image","schema":{"@context":"https:\/\/schema.org","@graph":[{"@type":"WebPage","@id":"https:\/\/colibri-jewels.eu\/fi\/tuote\/valkokultaiset-nappikorvakorut-joissa-106-ct-lab-timantti-celeste\/","url":"https:\/\/colibri-jewels.eu\/fi\/tuote\/valkokultaiset-nappikorvakorut-joissa-106-ct-lab-timantti-celeste\/","name":"Klassiset nappikorvakorut, joissa pari 1,06 karaatin lab timanttia","isPartOf":{"@id":"https:\/\/colibri-jewels.eu\/fi\/#website"},"primaryImageOfPage":{"@id":"https:\/\/colibri-jewels.eu\/fi\/tuote\/valkokultaiset-nappikorvakorut-joissa-106-ct-lab-timantti-celeste\/#primaryimage"},"image":{"@id":"https:\/\/colibri-jewels.eu\/fi\/tuote\/valkokultaiset-nappikorvakorut-joissa-106-ct-lab-timantti-celeste\/#primaryimage"},"thumbnailUrl":"https:\/\/colibri-jewels.eu\/wp-content\/uploads\/2025\/06\/white-gold-stud-earrings-with-1-ct-lab-diamond-in-4-prongs-scaled.jpg","datePublished":"2025-06-03T09:12:56+00:00","dateModified":"2025-06-10T11:14:47+00:00","description":"Tyylikk\u00e4\u00e4t klassiset Celeste-nappikorvakorut 14 karaatin valkokultaa, joissa pari 1,06 karaatin D\/VVS1-luokiteltua IGI-sertifioitua lab timanttia, kierrelukot. Yksil\u00f6lliset tilaukset mahdollisia","breadcrumb":{"@id":"https:\/\/colibri-jewels.eu\/fi\/tuote\/valkokultaiset-nappikorvakorut-joissa-106-ct-lab-timantti-celeste\/#breadcrumb"},"inLanguage":"fi","potentialAction":[{"@type":"ReadAction","target":["https:\/\/colibri-jewels.eu\/fi\/tuote\/valkokultaiset-nappikorvakorut-joissa-106-ct-lab-timantti-celeste\/"]}]},{"@type":"ImageObject","inLanguage":"fi","@id":"https:\/\/colibri-jewels.eu\/fi\/tuote\/valkokultaiset-nappikorvakorut-joissa-106-ct-lab-timantti-celeste\/#primaryimage","url":"https:\/\/colibri-jewels.eu\/wp-content\/uploads\/2025\/06\/white-gold-stud-earrings-with-1-ct-lab-diamond-in-4-prongs-scaled.jpg","contentUrl":"https:\/\/colibri-jewels.eu\/wp-content\/uploads\/2025\/06\/white-gold-stud-earrings-with-1-ct-lab-diamond-in-4-prongs-scaled.jpg","width":2560,"height":2560},{"@type":"BreadcrumbList","@id":"https:\/\/colibri-jewels.eu\/fi\/tuote\/valkokultaiset-nappikorvakorut-joissa-106-ct-lab-timantti-celeste\/#breadcrumb","itemListElement":[{"@type":"ListItem","position":1,"name":"\u0413\u043b\u0430\u0432\u043d\u0430\u044f \u0441\u0442\u0440\u0430\u043d\u0438\u0446\u0430","item":"https:\/\/colibri-jewels.eu\/fi\/"},{"@type":"ListItem","position":2,"name":"Kauppa","item":"https:\/\/colibri-jewels.eu\/fi\/kauppa\/"},{"@type":"ListItem","position":3,"name":"Valkokultaiset nappikorvakorut, joissa 1,06 ct lab timantti &#8220;Celeste&#8221;"}]},{"@type":"WebSite","@id":"https:\/\/colibri-jewels.eu\/fi\/#website","url":"https:\/\/colibri-jewels.eu\/fi\/","name":"Colibri jewels","description":"jewelry shop","publisher":{"@id":"https:\/\/colibri-jewels.eu\/fi\/#organization"},"potentialAction":[{"@type":"SearchAction","target":{"@type":"EntryPoint","urlTemplate":"https:\/\/colibri-jewels.eu\/fi\/?s={search_term_string}"},"query-input":{"@type":"PropertyValueSpecification","valueRequired":true,"valueName":"search_term_string"}}],"inLanguage":"fi"},{"@type":"Organization","@id":"https:\/\/colibri-jewels.eu\/fi\/#organization","name":"O\u00dc Colibri","url":"https:\/\/colibri-jewels.eu\/fi\/","logo":{"@type":"ImageObject","inLanguage":"fi","@id":"https:\/\/colibri-jewels.eu\/fi\/#\/schema\/logo\/image\/","url":"https:\/\/dev.colibri-jewels.eu\/wp-content\/uploads\/2021\/03\/colibri.png","contentUrl":"https:\/\/dev.colibri-jewels.eu\/wp-content\/uploads\/2021\/03\/colibri.png","width":227,"height":130,"caption":"O\u00dc Colibri"},"image":{"@id":"https:\/\/colibri-jewels.eu\/fi\/#\/schema\/logo\/image\/"},"sameAs":["https:\/\/www.facebook.com\/colibri.jewels","https:\/\/www.instagram.com\/colibri.jewels","https:\/\/www.tiktok.com\/colibri.jewels"]}]}},"_links":{"self":[{"href":"https:\/\/colibri-jewels.eu\/fi\/wp-json\/wp\/v2\/product\/52921","targetHints":{"allow":["GET"]}}],"collection":[{"href":"https:\/\/colibri-jewels.eu\/fi\/wp-json\/wp\/v2\/product"}],"about":[{"href":"https:\/\/colibri-jewels.eu\/fi\/wp-json\/wp\/v2\/types\/product"}],"replies":[{"embeddable":true,"href":"https:\/\/colibri-jewels.eu\/fi\/wp-json\/wp\/v2\/comments?post=52921"}],"version-history":[{"count":0,"href":"https:\/\/colibri-jewels.eu\/fi\/wp-json\/wp\/v2\/product\/52921\/revisions"}],"wp:featuredmedia":[{"embeddable":true,"href":"https:\/\/colibri-jewels.eu\/fi\/wp-json\/wp\/v2\/media\/53693"}],"wp:attachment":[{"href":"https:\/\/colibri-jewels.eu\/fi\/wp-json\/wp\/v2\/media?parent=52921"}],"wp:term":[{"taxonomy":"brand","embeddable":true,"href":"https:\/\/colibri-jewels.eu\/fi\/wp-json\/wp\/v2\/etheme_brands?post=52921"},{"taxonomy":"product_brand","embeddable":true,"href":"https:\/\/colibri-jewels.eu\/fi\/wp-json\/wp\/v2\/product_brand?post=52921"},{"taxonomy":"product_cat","embeddable":true,"href":"https:\/\/colibri-jewels.eu\/fi\/wp-json\/wp\/v2\/product_cat?post=52921"},{"taxonomy":"product_tag","embeddable":true,"href":"https:\/\/colibri-jewels.eu\/fi\/wp-json\/wp\/v2\/product_tag?post=52921"}],"curies":[{"name":"wp","href":"https:\/\/api.w.org\/{rel}","templated":true}]}}