{"id":52945,"date":"2023-05-06T10:12:09","date_gmt":"2023-05-06T07:12:09","guid":{"rendered":"https:\/\/colibri-jewels.eu\/?post_type=product&#038;p=52945"},"modified":"2025-06-03T23:29:07","modified_gmt":"2025-06-03T20:29:07","slug":"mainiot-maagiset-riimut-kuumassa-filigraaniemalissa-kasintehty","status":"publish","type":"product","link":"https:\/\/colibri-jewels.eu\/fi\/tuote\/mainiot-maagiset-riimut-kuumassa-filigraaniemalissa-kasintehty\/","title":{"rendered":"Mainiot maagiset riimut kuumassa filigraaniemalissa, k\u00e4sintehty"},"content":{"rendered":"<p>Etsitk\u00f6 ainutlaatuista ja katseenvangitsijaa asustetta, joka varmasti k\u00e4\u00e4nt\u00e4\u00e4 katseet? Eksklusiiviset hopeiset riimuriipuksemme ovat t\u00e4ydellinen valinta. Jokainen riipus on valmistettu k\u00e4sin ikivanhalla kuuman filigraaniemalin korutekniikalla, ja se on todellinen taideteos.<\/p>\n<p>Kuumafiligraaniemali on eritt\u00e4in erikoistunut tekniikka, jossa ohuin hopealanka sulatetaan metalliin ty\u00f6l\u00e4\u00e4ss\u00e4 prosessissa ja sen j\u00e4lkeen levitet\u00e4\u00e4n eriv\u00e4risi\u00e4 emaleita. T\u00e4m\u00e4 tekniikka on erityisen haastava korkeiden l\u00e4mp\u00f6tilojen ja monimutkaisten kuvioiden luomiseen tarvittavan tarkkuuden vuoksi. Se vaatii paljon aikaa ja runsaasti k\u00e4rsiv\u00e4llisyytt\u00e4 ainutlaatuisten kappaleiden luomiseen, jotka ovat sek\u00e4 kauniita ett\u00e4 kest\u00e4vi\u00e4.<\/p>\n<p>Hopeiset riimuriipuksemme ovat erityisen ainutlaatuisia, koska niiss\u00e4 on k\u00e4ytetty vuosisatoja vanhoja symboleja ja kuvioita. Jokainen kappale on uniikki ja kantaa omaa erityist\u00e4 merkityst\u00e4\u00e4n, mik\u00e4 tekee siit\u00e4 voimakkaan ja merkityksellisen asusteen jokaiselle, joka haluaa lis\u00e4t\u00e4 tyyli\u00e4 ja henkisyytt\u00e4 ulkon\u00e4k\u00f6\u00f6ns\u00e4. Voit k\u00e4ytt\u00e4\u00e4 n\u00e4it\u00e4 riipuksia sek\u00e4 kaulaketjussa ett\u00e4 suosikkirannekorussasi.<\/p>\n<p>Etsitp\u00e4 sitten rohkeaa statement-korua tai hienovaraista arkiasustetta, hopeiset riimuriipuksemme tekev\u00e4t varmasti vaikutuksen. Tutustu mallistoomme t\u00e4n\u00e4\u00e4n ja l\u00f6yd\u00e4 kuuman filigraaniemalikoru -tekniikan kauneus ja ainutlaatuisuus.<\/p>\n","protected":false},"excerpt":{"rendered":"<p>Sterlinghopeaa.<\/p>\n<p>Kuuma filigraaniemali.<\/p>\n<p>Olemme valinneet ensimm\u00e4isiksi riimuiksi Fehun, Algizin, Berkanan, Wunjon ja Sowellon, mutta voimme tehd\u00e4 mink\u00e4 tahansa riimun my\u00f6s sinulle.<\/p>\n<p>K\u00e4sity\u00f6t\u00e4. Voidaan luoda sinulle omalla kuviolla.<\/p>\n","protected":false},"featured_media":52946,"comment_status":"open","ping_status":"closed","template":"","meta":[],"etheme_brands":[],"product_brand":[],"product_cat":[989],"product_tag":[1005],"class_list":{"0":"post-52945","1":"product","2":"type-product","3":"status-publish","4":"has-post-thumbnail","6":"product_cat-kaulakorut-ja-riipukset","7":"product_tag-riimukorut","9":"first","10":"instock","11":"shipping-taxable","12":"purchasable","13":"product-type-variable"},"acf":[],"yoast_head":"<!-- This site is optimized with the Yoast SEO Premium plugin v26.5 (Yoast SEO v26.8) - https:\/\/yoast.com\/product\/yoast-seo-premium-wordpress\/ -->\n<title>Mainiot maagiset riimut kuumassa filigraaniemalissa, k\u00e4sintehty - Colibri jewels<\/title>\n<meta name=\"robots\" content=\"index, follow, max-snippet:-1, max-image-preview:large, max-video-preview:-1\" \/>\n<link rel=\"canonical\" href=\"https:\/\/colibri-jewels.eu\/fi\/tuote\/mainiot-maagiset-riimut-kuumassa-filigraaniemalissa-kasintehty\/\" \/>\n<meta property=\"og:locale\" content=\"fi_FI\" \/>\n<meta property=\"og:type\" content=\"article\" \/>\n<meta property=\"og:title\" content=\"Mainiot maagiset riimut kuumassa filigraaniemalissa, k\u00e4sintehty\" \/>\n<meta property=\"og:description\" content=\"Sterlinghopeaa.  Kuuma filigraaniemali.  Olemme valinneet ensimm\u00e4isiksi riimuiksi Fehun, Algizin, Berkanan, Wunjon ja Sowellon, mutta voimme tehd\u00e4 mink\u00e4 tahansa riimun my\u00f6s sinulle.  K\u00e4sity\u00f6t\u00e4. Voidaan luoda sinulle omalla kuviolla.\" \/>\n<meta property=\"og:url\" content=\"https:\/\/colibri-jewels.eu\/fi\/tuote\/mainiot-maagiset-riimut-kuumassa-filigraaniemalissa-kasintehty\/\" \/>\n<meta property=\"og:site_name\" content=\"Colibri jewels\" \/>\n<meta property=\"article:publisher\" content=\"https:\/\/www.facebook.com\/colibri.jewels\" \/>\n<meta property=\"article:modified_time\" content=\"2025-06-03T20:29:07+00:00\" \/>\n<meta property=\"og:image\" content=\"https:\/\/colibri-jewels.eu\/wp-content\/uploads\/2023\/04\/runes.jpg\" \/>\n\t<meta property=\"og:image:width\" content=\"1000\" \/>\n\t<meta property=\"og:image:height\" content=\"1000\" \/>\n\t<meta property=\"og:image:type\" content=\"image\/jpeg\" \/>\n<meta name=\"twitter:card\" content=\"summary_large_image\" \/>\n<meta name=\"twitter:label1\" content=\"Arvioitu lukuaika\" \/>\n\t<meta name=\"twitter:data1\" content=\"1 minuutti\" \/>\n<script type=\"application\/ld+json\" class=\"yoast-schema-graph\">{\"@context\":\"https:\/\/schema.org\",\"@graph\":[{\"@type\":\"WebPage\",\"@id\":\"https:\/\/colibri-jewels.eu\/fi\/tuote\/mainiot-maagiset-riimut-kuumassa-filigraaniemalissa-kasintehty\/\",\"url\":\"https:\/\/colibri-jewels.eu\/fi\/tuote\/mainiot-maagiset-riimut-kuumassa-filigraaniemalissa-kasintehty\/\",\"name\":\"Mainiot maagiset riimut kuumassa filigraaniemalissa, k\u00e4sintehty - Colibri jewels\",\"isPartOf\":{\"@id\":\"https:\/\/colibri-jewels.eu\/fi\/#website\"},\"primaryImageOfPage\":{\"@id\":\"https:\/\/colibri-jewels.eu\/fi\/tuote\/mainiot-maagiset-riimut-kuumassa-filigraaniemalissa-kasintehty\/#primaryimage\"},\"image\":{\"@id\":\"https:\/\/colibri-jewels.eu\/fi\/tuote\/mainiot-maagiset-riimut-kuumassa-filigraaniemalissa-kasintehty\/#primaryimage\"},\"thumbnailUrl\":\"https:\/\/colibri-jewels.eu\/wp-content\/uploads\/2023\/04\/runes.jpg\",\"datePublished\":\"2023-05-06T07:12:09+00:00\",\"dateModified\":\"2025-06-03T20:29:07+00:00\",\"breadcrumb\":{\"@id\":\"https:\/\/colibri-jewels.eu\/fi\/tuote\/mainiot-maagiset-riimut-kuumassa-filigraaniemalissa-kasintehty\/#breadcrumb\"},\"inLanguage\":\"fi\",\"potentialAction\":[{\"@type\":\"ReadAction\",\"target\":[\"https:\/\/colibri-jewels.eu\/fi\/tuote\/mainiot-maagiset-riimut-kuumassa-filigraaniemalissa-kasintehty\/\"]}]},{\"@type\":\"ImageObject\",\"inLanguage\":\"fi\",\"@id\":\"https:\/\/colibri-jewels.eu\/fi\/tuote\/mainiot-maagiset-riimut-kuumassa-filigraaniemalissa-kasintehty\/#primaryimage\",\"url\":\"https:\/\/colibri-jewels.eu\/wp-content\/uploads\/2023\/04\/runes.jpg\",\"contentUrl\":\"https:\/\/colibri-jewels.eu\/wp-content\/uploads\/2023\/04\/runes.jpg\",\"width\":1000,\"height\":1000},{\"@type\":\"BreadcrumbList\",\"@id\":\"https:\/\/colibri-jewels.eu\/fi\/tuote\/mainiot-maagiset-riimut-kuumassa-filigraaniemalissa-kasintehty\/#breadcrumb\",\"itemListElement\":[{\"@type\":\"ListItem\",\"position\":1,\"name\":\"\u0413\u043b\u0430\u0432\u043d\u0430\u044f \u0441\u0442\u0440\u0430\u043d\u0438\u0446\u0430\",\"item\":\"https:\/\/colibri-jewels.eu\/fi\/\"},{\"@type\":\"ListItem\",\"position\":2,\"name\":\"Kauppa\",\"item\":\"https:\/\/colibri-jewels.eu\/fi\/kauppa\/\"},{\"@type\":\"ListItem\",\"position\":3,\"name\":\"Mainiot maagiset riimut kuumassa filigraaniemalissa, k\u00e4sintehty\"}]},{\"@type\":\"WebSite\",\"@id\":\"https:\/\/colibri-jewels.eu\/fi\/#website\",\"url\":\"https:\/\/colibri-jewels.eu\/fi\/\",\"name\":\"Colibri jewels\",\"description\":\"jewelry shop\",\"publisher\":{\"@id\":\"https:\/\/colibri-jewels.eu\/fi\/#organization\"},\"potentialAction\":[{\"@type\":\"SearchAction\",\"target\":{\"@type\":\"EntryPoint\",\"urlTemplate\":\"https:\/\/colibri-jewels.eu\/fi\/?s={search_term_string}\"},\"query-input\":{\"@type\":\"PropertyValueSpecification\",\"valueRequired\":true,\"valueName\":\"search_term_string\"}}],\"inLanguage\":\"fi\"},{\"@type\":\"Organization\",\"@id\":\"https:\/\/colibri-jewels.eu\/fi\/#organization\",\"name\":\"O\u00dc Colibri\",\"url\":\"https:\/\/colibri-jewels.eu\/fi\/\",\"logo\":{\"@type\":\"ImageObject\",\"inLanguage\":\"fi\",\"@id\":\"https:\/\/colibri-jewels.eu\/fi\/#\/schema\/logo\/image\/\",\"url\":\"https:\/\/dev.colibri-jewels.eu\/wp-content\/uploads\/2021\/03\/colibri.png\",\"contentUrl\":\"https:\/\/dev.colibri-jewels.eu\/wp-content\/uploads\/2021\/03\/colibri.png\",\"width\":227,\"height\":130,\"caption\":\"O\u00dc Colibri\"},\"image\":{\"@id\":\"https:\/\/colibri-jewels.eu\/fi\/#\/schema\/logo\/image\/\"},\"sameAs\":[\"https:\/\/www.facebook.com\/colibri.jewels\",\"https:\/\/www.instagram.com\/colibri.jewels\",\"https:\/\/www.tiktok.com\/colibri.jewels\"]}]}<\/script>\n<!-- \/ Yoast SEO Premium plugin. -->","yoast_head_json":{"title":"Mainiot maagiset riimut kuumassa filigraaniemalissa, k\u00e4sintehty - Colibri jewels","robots":{"index":"index","follow":"follow","max-snippet":"max-snippet:-1","max-image-preview":"max-image-preview:large","max-video-preview":"max-video-preview:-1"},"canonical":"https:\/\/colibri-jewels.eu\/fi\/tuote\/mainiot-maagiset-riimut-kuumassa-filigraaniemalissa-kasintehty\/","og_locale":"fi_FI","og_type":"article","og_title":"Mainiot maagiset riimut kuumassa filigraaniemalissa, k\u00e4sintehty","og_description":"Sterlinghopeaa.  Kuuma filigraaniemali.  Olemme valinneet ensimm\u00e4isiksi riimuiksi Fehun, Algizin, Berkanan, Wunjon ja Sowellon, mutta voimme tehd\u00e4 mink\u00e4 tahansa riimun my\u00f6s sinulle.  K\u00e4sity\u00f6t\u00e4. Voidaan luoda sinulle omalla kuviolla.","og_url":"https:\/\/colibri-jewels.eu\/fi\/tuote\/mainiot-maagiset-riimut-kuumassa-filigraaniemalissa-kasintehty\/","og_site_name":"Colibri jewels","article_publisher":"https:\/\/www.facebook.com\/colibri.jewels","article_modified_time":"2025-06-03T20:29:07+00:00","og_image":[{"width":1000,"height":1000,"url":"https:\/\/colibri-jewels.eu\/wp-content\/uploads\/2023\/04\/runes.jpg","type":"image\/jpeg"}],"twitter_card":"summary_large_image","twitter_misc":{"Arvioitu lukuaika":"1 minuutti"},"schema":{"@context":"https:\/\/schema.org","@graph":[{"@type":"WebPage","@id":"https:\/\/colibri-jewels.eu\/fi\/tuote\/mainiot-maagiset-riimut-kuumassa-filigraaniemalissa-kasintehty\/","url":"https:\/\/colibri-jewels.eu\/fi\/tuote\/mainiot-maagiset-riimut-kuumassa-filigraaniemalissa-kasintehty\/","name":"Mainiot maagiset riimut kuumassa filigraaniemalissa, k\u00e4sintehty - Colibri jewels","isPartOf":{"@id":"https:\/\/colibri-jewels.eu\/fi\/#website"},"primaryImageOfPage":{"@id":"https:\/\/colibri-jewels.eu\/fi\/tuote\/mainiot-maagiset-riimut-kuumassa-filigraaniemalissa-kasintehty\/#primaryimage"},"image":{"@id":"https:\/\/colibri-jewels.eu\/fi\/tuote\/mainiot-maagiset-riimut-kuumassa-filigraaniemalissa-kasintehty\/#primaryimage"},"thumbnailUrl":"https:\/\/colibri-jewels.eu\/wp-content\/uploads\/2023\/04\/runes.jpg","datePublished":"2023-05-06T07:12:09+00:00","dateModified":"2025-06-03T20:29:07+00:00","breadcrumb":{"@id":"https:\/\/colibri-jewels.eu\/fi\/tuote\/mainiot-maagiset-riimut-kuumassa-filigraaniemalissa-kasintehty\/#breadcrumb"},"inLanguage":"fi","potentialAction":[{"@type":"ReadAction","target":["https:\/\/colibri-jewels.eu\/fi\/tuote\/mainiot-maagiset-riimut-kuumassa-filigraaniemalissa-kasintehty\/"]}]},{"@type":"ImageObject","inLanguage":"fi","@id":"https:\/\/colibri-jewels.eu\/fi\/tuote\/mainiot-maagiset-riimut-kuumassa-filigraaniemalissa-kasintehty\/#primaryimage","url":"https:\/\/colibri-jewels.eu\/wp-content\/uploads\/2023\/04\/runes.jpg","contentUrl":"https:\/\/colibri-jewels.eu\/wp-content\/uploads\/2023\/04\/runes.jpg","width":1000,"height":1000},{"@type":"BreadcrumbList","@id":"https:\/\/colibri-jewels.eu\/fi\/tuote\/mainiot-maagiset-riimut-kuumassa-filigraaniemalissa-kasintehty\/#breadcrumb","itemListElement":[{"@type":"ListItem","position":1,"name":"\u0413\u043b\u0430\u0432\u043d\u0430\u044f \u0441\u0442\u0440\u0430\u043d\u0438\u0446\u0430","item":"https:\/\/colibri-jewels.eu\/fi\/"},{"@type":"ListItem","position":2,"name":"Kauppa","item":"https:\/\/colibri-jewels.eu\/fi\/kauppa\/"},{"@type":"ListItem","position":3,"name":"Mainiot maagiset riimut kuumassa filigraaniemalissa, k\u00e4sintehty"}]},{"@type":"WebSite","@id":"https:\/\/colibri-jewels.eu\/fi\/#website","url":"https:\/\/colibri-jewels.eu\/fi\/","name":"Colibri jewels","description":"jewelry shop","publisher":{"@id":"https:\/\/colibri-jewels.eu\/fi\/#organization"},"potentialAction":[{"@type":"SearchAction","target":{"@type":"EntryPoint","urlTemplate":"https:\/\/colibri-jewels.eu\/fi\/?s={search_term_string}"},"query-input":{"@type":"PropertyValueSpecification","valueRequired":true,"valueName":"search_term_string"}}],"inLanguage":"fi"},{"@type":"Organization","@id":"https:\/\/colibri-jewels.eu\/fi\/#organization","name":"O\u00dc Colibri","url":"https:\/\/colibri-jewels.eu\/fi\/","logo":{"@type":"ImageObject","inLanguage":"fi","@id":"https:\/\/colibri-jewels.eu\/fi\/#\/schema\/logo\/image\/","url":"https:\/\/dev.colibri-jewels.eu\/wp-content\/uploads\/2021\/03\/colibri.png","contentUrl":"https:\/\/dev.colibri-jewels.eu\/wp-content\/uploads\/2021\/03\/colibri.png","width":227,"height":130,"caption":"O\u00dc Colibri"},"image":{"@id":"https:\/\/colibri-jewels.eu\/fi\/#\/schema\/logo\/image\/"},"sameAs":["https:\/\/www.facebook.com\/colibri.jewels","https:\/\/www.instagram.com\/colibri.jewels","https:\/\/www.tiktok.com\/colibri.jewels"]}]}},"_links":{"self":[{"href":"https:\/\/colibri-jewels.eu\/fi\/wp-json\/wp\/v2\/product\/52945","targetHints":{"allow":["GET"]}}],"collection":[{"href":"https:\/\/colibri-jewels.eu\/fi\/wp-json\/wp\/v2\/product"}],"about":[{"href":"https:\/\/colibri-jewels.eu\/fi\/wp-json\/wp\/v2\/types\/product"}],"replies":[{"embeddable":true,"href":"https:\/\/colibri-jewels.eu\/fi\/wp-json\/wp\/v2\/comments?post=52945"}],"version-history":[{"count":0,"href":"https:\/\/colibri-jewels.eu\/fi\/wp-json\/wp\/v2\/product\/52945\/revisions"}],"wp:featuredmedia":[{"embeddable":true,"href":"https:\/\/colibri-jewels.eu\/fi\/wp-json\/wp\/v2\/media\/52946"}],"wp:attachment":[{"href":"https:\/\/colibri-jewels.eu\/fi\/wp-json\/wp\/v2\/media?parent=52945"}],"wp:term":[{"taxonomy":"brand","embeddable":true,"href":"https:\/\/colibri-jewels.eu\/fi\/wp-json\/wp\/v2\/etheme_brands?post=52945"},{"taxonomy":"product_brand","embeddable":true,"href":"https:\/\/colibri-jewels.eu\/fi\/wp-json\/wp\/v2\/product_brand?post=52945"},{"taxonomy":"product_cat","embeddable":true,"href":"https:\/\/colibri-jewels.eu\/fi\/wp-json\/wp\/v2\/product_cat?post=52945"},{"taxonomy":"product_tag","embeddable":true,"href":"https:\/\/colibri-jewels.eu\/fi\/wp-json\/wp\/v2\/product_tag?post=52945"}],"curies":[{"name":"wp","href":"https:\/\/api.w.org\/{rel}","templated":true}]}}