{"id":52958,"date":"2023-05-02T18:09:18","date_gmt":"2023-05-02T15:09:18","guid":{"rendered":"https:\/\/colibri-jewels.eu\/?post_type=product&#038;p=52958"},"modified":"2025-06-03T23:30:01","modified_gmt":"2025-06-03T20:30:01","slug":"mysteerinen-hopeinen-emaliriipus-walpurgin-yo","status":"publish","type":"product","link":"https:\/\/colibri-jewels.eu\/fi\/tuote\/mysteerinen-hopeinen-emaliriipus-walpurgin-yo\/","title":{"rendered":"Mysteerinen hopeinen emaliriipus &#8221;Walpurgin y\u00f6&#8221;"},"content":{"rendered":"<p>Raskas hopeariipus p\u00e4\u00e4osin mustalla emalilla ja emalilla maalatulla Kuulla.<\/p>\n<p>Riipuksen tarina kertoo Walpurgin y\u00f6n legendasta, jolloin kaikki noidat lent\u00e4v\u00e4t kokoukseen.<\/p>\n<p>Sterling-hopea<\/p>\n<p>Riipuksen kokonaispaino 14,81 g.<\/p>\n","protected":false},"excerpt":{"rendered":"<p>Raskas hopeariipus p\u00e4\u00e4osin mustalla emalilla ja emalilla maalatulla Kuulla. Riipuksen tarina kertoo Walpurgin y\u00f6n legendasta, jolloin kaikki noidat lent\u00e4v\u00e4t kokoukseen. Sterling-hopea Riipuksen kokonaispaino 14,81 g.<\/p>\n","protected":false},"featured_media":52959,"comment_status":"open","ping_status":"closed","template":"","meta":[],"etheme_brands":[],"product_brand":[],"product_cat":[989],"product_tag":[1006],"class_list":{"0":"post-52958","1":"product","2":"type-product","3":"status-publish","4":"has-post-thumbnail","6":"product_cat-kaulakorut-ja-riipukset","7":"product_tag-ale","9":"first","10":"instock","11":"sale","12":"shipping-taxable","13":"purchasable","14":"product-type-simple"},"acf":[],"yoast_head":"<!-- This site is optimized with the Yoast SEO Premium plugin v26.5 (Yoast SEO v26.8) - https:\/\/yoast.com\/product\/yoast-seo-premium-wordpress\/ -->\n<title>Mysteerinen hopeinen emaliriipus &quot;Walpurgin y\u00f6&quot; - Colibri jewels<\/title>\n<meta name=\"robots\" content=\"index, follow, max-snippet:-1, max-image-preview:large, max-video-preview:-1\" \/>\n<link rel=\"canonical\" href=\"https:\/\/colibri-jewels.eu\/fi\/tuote\/mysteerinen-hopeinen-emaliriipus-walpurgin-yo\/\" \/>\n<meta property=\"og:locale\" content=\"fi_FI\" \/>\n<meta property=\"og:type\" content=\"article\" \/>\n<meta property=\"og:title\" content=\"Mysteerinen hopeinen emaliriipus &quot;Walpurgin y\u00f6&quot;\" \/>\n<meta property=\"og:description\" content=\"Raskas hopeariipus p\u00e4\u00e4osin mustalla emalilla ja emalilla maalatulla Kuulla. Riipuksen tarina kertoo Walpurgin y\u00f6n legendasta, jolloin kaikki noidat lent\u00e4v\u00e4t kokoukseen. Sterling-hopea Riipuksen kokonaispaino 14,81 g.\" \/>\n<meta property=\"og:url\" content=\"https:\/\/colibri-jewels.eu\/fi\/tuote\/mysteerinen-hopeinen-emaliriipus-walpurgin-yo\/\" \/>\n<meta property=\"og:site_name\" content=\"Colibri jewels\" \/>\n<meta property=\"article:publisher\" content=\"https:\/\/www.facebook.com\/colibri.jewels\" \/>\n<meta property=\"article:modified_time\" content=\"2025-06-03T20:30:01+00:00\" \/>\n<meta property=\"og:image\" content=\"https:\/\/colibri-jewels.eu\/wp-content\/uploads\/2023\/05\/PCzEnam-00549web.jpg\" \/>\n\t<meta property=\"og:image:width\" content=\"1000\" \/>\n\t<meta property=\"og:image:height\" content=\"1000\" \/>\n\t<meta property=\"og:image:type\" content=\"image\/jpeg\" \/>\n<meta name=\"twitter:card\" content=\"summary_large_image\" \/>\n<script type=\"application\/ld+json\" class=\"yoast-schema-graph\">{\"@context\":\"https:\/\/schema.org\",\"@graph\":[{\"@type\":\"WebPage\",\"@id\":\"https:\/\/colibri-jewels.eu\/fi\/tuote\/mysteerinen-hopeinen-emaliriipus-walpurgin-yo\/\",\"url\":\"https:\/\/colibri-jewels.eu\/fi\/tuote\/mysteerinen-hopeinen-emaliriipus-walpurgin-yo\/\",\"name\":\"Mysteerinen hopeinen emaliriipus \\\"Walpurgin y\u00f6\\\" - Colibri jewels\",\"isPartOf\":{\"@id\":\"https:\/\/colibri-jewels.eu\/fi\/#website\"},\"primaryImageOfPage\":{\"@id\":\"https:\/\/colibri-jewels.eu\/fi\/tuote\/mysteerinen-hopeinen-emaliriipus-walpurgin-yo\/#primaryimage\"},\"image\":{\"@id\":\"https:\/\/colibri-jewels.eu\/fi\/tuote\/mysteerinen-hopeinen-emaliriipus-walpurgin-yo\/#primaryimage\"},\"thumbnailUrl\":\"https:\/\/colibri-jewels.eu\/wp-content\/uploads\/2023\/05\/PCzEnam-00549web.jpg\",\"datePublished\":\"2023-05-02T15:09:18+00:00\",\"dateModified\":\"2025-06-03T20:30:01+00:00\",\"breadcrumb\":{\"@id\":\"https:\/\/colibri-jewels.eu\/fi\/tuote\/mysteerinen-hopeinen-emaliriipus-walpurgin-yo\/#breadcrumb\"},\"inLanguage\":\"fi\",\"potentialAction\":[{\"@type\":\"ReadAction\",\"target\":[\"https:\/\/colibri-jewels.eu\/fi\/tuote\/mysteerinen-hopeinen-emaliriipus-walpurgin-yo\/\"]}]},{\"@type\":\"ImageObject\",\"inLanguage\":\"fi\",\"@id\":\"https:\/\/colibri-jewels.eu\/fi\/tuote\/mysteerinen-hopeinen-emaliriipus-walpurgin-yo\/#primaryimage\",\"url\":\"https:\/\/colibri-jewels.eu\/wp-content\/uploads\/2023\/05\/PCzEnam-00549web.jpg\",\"contentUrl\":\"https:\/\/colibri-jewels.eu\/wp-content\/uploads\/2023\/05\/PCzEnam-00549web.jpg\",\"width\":1000,\"height\":1000},{\"@type\":\"BreadcrumbList\",\"@id\":\"https:\/\/colibri-jewels.eu\/fi\/tuote\/mysteerinen-hopeinen-emaliriipus-walpurgin-yo\/#breadcrumb\",\"itemListElement\":[{\"@type\":\"ListItem\",\"position\":1,\"name\":\"\u0413\u043b\u0430\u0432\u043d\u0430\u044f \u0441\u0442\u0440\u0430\u043d\u0438\u0446\u0430\",\"item\":\"https:\/\/colibri-jewels.eu\/fi\/\"},{\"@type\":\"ListItem\",\"position\":2,\"name\":\"Kauppa\",\"item\":\"https:\/\/colibri-jewels.eu\/fi\/kauppa\/\"},{\"@type\":\"ListItem\",\"position\":3,\"name\":\"Mysteerinen hopeinen emaliriipus &#8220;Walpurgin y\u00f6&#8221;\"}]},{\"@type\":\"WebSite\",\"@id\":\"https:\/\/colibri-jewels.eu\/fi\/#website\",\"url\":\"https:\/\/colibri-jewels.eu\/fi\/\",\"name\":\"Colibri jewels\",\"description\":\"jewelry shop\",\"publisher\":{\"@id\":\"https:\/\/colibri-jewels.eu\/fi\/#organization\"},\"potentialAction\":[{\"@type\":\"SearchAction\",\"target\":{\"@type\":\"EntryPoint\",\"urlTemplate\":\"https:\/\/colibri-jewels.eu\/fi\/?s={search_term_string}\"},\"query-input\":{\"@type\":\"PropertyValueSpecification\",\"valueRequired\":true,\"valueName\":\"search_term_string\"}}],\"inLanguage\":\"fi\"},{\"@type\":\"Organization\",\"@id\":\"https:\/\/colibri-jewels.eu\/fi\/#organization\",\"name\":\"O\u00dc Colibri\",\"url\":\"https:\/\/colibri-jewels.eu\/fi\/\",\"logo\":{\"@type\":\"ImageObject\",\"inLanguage\":\"fi\",\"@id\":\"https:\/\/colibri-jewels.eu\/fi\/#\/schema\/logo\/image\/\",\"url\":\"https:\/\/dev.colibri-jewels.eu\/wp-content\/uploads\/2021\/03\/colibri.png\",\"contentUrl\":\"https:\/\/dev.colibri-jewels.eu\/wp-content\/uploads\/2021\/03\/colibri.png\",\"width\":227,\"height\":130,\"caption\":\"O\u00dc Colibri\"},\"image\":{\"@id\":\"https:\/\/colibri-jewels.eu\/fi\/#\/schema\/logo\/image\/\"},\"sameAs\":[\"https:\/\/www.facebook.com\/colibri.jewels\",\"https:\/\/www.instagram.com\/colibri.jewels\",\"https:\/\/www.tiktok.com\/colibri.jewels\"]}]}<\/script>\n<!-- \/ Yoast SEO Premium plugin. -->","yoast_head_json":{"title":"Mysteerinen hopeinen emaliriipus \"Walpurgin y\u00f6\" - Colibri jewels","robots":{"index":"index","follow":"follow","max-snippet":"max-snippet:-1","max-image-preview":"max-image-preview:large","max-video-preview":"max-video-preview:-1"},"canonical":"https:\/\/colibri-jewels.eu\/fi\/tuote\/mysteerinen-hopeinen-emaliriipus-walpurgin-yo\/","og_locale":"fi_FI","og_type":"article","og_title":"Mysteerinen hopeinen emaliriipus \"Walpurgin y\u00f6\"","og_description":"Raskas hopeariipus p\u00e4\u00e4osin mustalla emalilla ja emalilla maalatulla Kuulla. Riipuksen tarina kertoo Walpurgin y\u00f6n legendasta, jolloin kaikki noidat lent\u00e4v\u00e4t kokoukseen. Sterling-hopea Riipuksen kokonaispaino 14,81 g.","og_url":"https:\/\/colibri-jewels.eu\/fi\/tuote\/mysteerinen-hopeinen-emaliriipus-walpurgin-yo\/","og_site_name":"Colibri jewels","article_publisher":"https:\/\/www.facebook.com\/colibri.jewels","article_modified_time":"2025-06-03T20:30:01+00:00","og_image":[{"width":1000,"height":1000,"url":"https:\/\/colibri-jewels.eu\/wp-content\/uploads\/2023\/05\/PCzEnam-00549web.jpg","type":"image\/jpeg"}],"twitter_card":"summary_large_image","schema":{"@context":"https:\/\/schema.org","@graph":[{"@type":"WebPage","@id":"https:\/\/colibri-jewels.eu\/fi\/tuote\/mysteerinen-hopeinen-emaliriipus-walpurgin-yo\/","url":"https:\/\/colibri-jewels.eu\/fi\/tuote\/mysteerinen-hopeinen-emaliriipus-walpurgin-yo\/","name":"Mysteerinen hopeinen emaliriipus \"Walpurgin y\u00f6\" - Colibri jewels","isPartOf":{"@id":"https:\/\/colibri-jewels.eu\/fi\/#website"},"primaryImageOfPage":{"@id":"https:\/\/colibri-jewels.eu\/fi\/tuote\/mysteerinen-hopeinen-emaliriipus-walpurgin-yo\/#primaryimage"},"image":{"@id":"https:\/\/colibri-jewels.eu\/fi\/tuote\/mysteerinen-hopeinen-emaliriipus-walpurgin-yo\/#primaryimage"},"thumbnailUrl":"https:\/\/colibri-jewels.eu\/wp-content\/uploads\/2023\/05\/PCzEnam-00549web.jpg","datePublished":"2023-05-02T15:09:18+00:00","dateModified":"2025-06-03T20:30:01+00:00","breadcrumb":{"@id":"https:\/\/colibri-jewels.eu\/fi\/tuote\/mysteerinen-hopeinen-emaliriipus-walpurgin-yo\/#breadcrumb"},"inLanguage":"fi","potentialAction":[{"@type":"ReadAction","target":["https:\/\/colibri-jewels.eu\/fi\/tuote\/mysteerinen-hopeinen-emaliriipus-walpurgin-yo\/"]}]},{"@type":"ImageObject","inLanguage":"fi","@id":"https:\/\/colibri-jewels.eu\/fi\/tuote\/mysteerinen-hopeinen-emaliriipus-walpurgin-yo\/#primaryimage","url":"https:\/\/colibri-jewels.eu\/wp-content\/uploads\/2023\/05\/PCzEnam-00549web.jpg","contentUrl":"https:\/\/colibri-jewels.eu\/wp-content\/uploads\/2023\/05\/PCzEnam-00549web.jpg","width":1000,"height":1000},{"@type":"BreadcrumbList","@id":"https:\/\/colibri-jewels.eu\/fi\/tuote\/mysteerinen-hopeinen-emaliriipus-walpurgin-yo\/#breadcrumb","itemListElement":[{"@type":"ListItem","position":1,"name":"\u0413\u043b\u0430\u0432\u043d\u0430\u044f \u0441\u0442\u0440\u0430\u043d\u0438\u0446\u0430","item":"https:\/\/colibri-jewels.eu\/fi\/"},{"@type":"ListItem","position":2,"name":"Kauppa","item":"https:\/\/colibri-jewels.eu\/fi\/kauppa\/"},{"@type":"ListItem","position":3,"name":"Mysteerinen hopeinen emaliriipus &#8220;Walpurgin y\u00f6&#8221;"}]},{"@type":"WebSite","@id":"https:\/\/colibri-jewels.eu\/fi\/#website","url":"https:\/\/colibri-jewels.eu\/fi\/","name":"Colibri jewels","description":"jewelry shop","publisher":{"@id":"https:\/\/colibri-jewels.eu\/fi\/#organization"},"potentialAction":[{"@type":"SearchAction","target":{"@type":"EntryPoint","urlTemplate":"https:\/\/colibri-jewels.eu\/fi\/?s={search_term_string}"},"query-input":{"@type":"PropertyValueSpecification","valueRequired":true,"valueName":"search_term_string"}}],"inLanguage":"fi"},{"@type":"Organization","@id":"https:\/\/colibri-jewels.eu\/fi\/#organization","name":"O\u00dc Colibri","url":"https:\/\/colibri-jewels.eu\/fi\/","logo":{"@type":"ImageObject","inLanguage":"fi","@id":"https:\/\/colibri-jewels.eu\/fi\/#\/schema\/logo\/image\/","url":"https:\/\/dev.colibri-jewels.eu\/wp-content\/uploads\/2021\/03\/colibri.png","contentUrl":"https:\/\/dev.colibri-jewels.eu\/wp-content\/uploads\/2021\/03\/colibri.png","width":227,"height":130,"caption":"O\u00dc Colibri"},"image":{"@id":"https:\/\/colibri-jewels.eu\/fi\/#\/schema\/logo\/image\/"},"sameAs":["https:\/\/www.facebook.com\/colibri.jewels","https:\/\/www.instagram.com\/colibri.jewels","https:\/\/www.tiktok.com\/colibri.jewels"]}]}},"_links":{"self":[{"href":"https:\/\/colibri-jewels.eu\/fi\/wp-json\/wp\/v2\/product\/52958","targetHints":{"allow":["GET"]}}],"collection":[{"href":"https:\/\/colibri-jewels.eu\/fi\/wp-json\/wp\/v2\/product"}],"about":[{"href":"https:\/\/colibri-jewels.eu\/fi\/wp-json\/wp\/v2\/types\/product"}],"replies":[{"embeddable":true,"href":"https:\/\/colibri-jewels.eu\/fi\/wp-json\/wp\/v2\/comments?post=52958"}],"version-history":[{"count":0,"href":"https:\/\/colibri-jewels.eu\/fi\/wp-json\/wp\/v2\/product\/52958\/revisions"}],"wp:featuredmedia":[{"embeddable":true,"href":"https:\/\/colibri-jewels.eu\/fi\/wp-json\/wp\/v2\/media\/52959"}],"wp:attachment":[{"href":"https:\/\/colibri-jewels.eu\/fi\/wp-json\/wp\/v2\/media?parent=52958"}],"wp:term":[{"taxonomy":"brand","embeddable":true,"href":"https:\/\/colibri-jewels.eu\/fi\/wp-json\/wp\/v2\/etheme_brands?post=52958"},{"taxonomy":"product_brand","embeddable":true,"href":"https:\/\/colibri-jewels.eu\/fi\/wp-json\/wp\/v2\/product_brand?post=52958"},{"taxonomy":"product_cat","embeddable":true,"href":"https:\/\/colibri-jewels.eu\/fi\/wp-json\/wp\/v2\/product_cat?post=52958"},{"taxonomy":"product_tag","embeddable":true,"href":"https:\/\/colibri-jewels.eu\/fi\/wp-json\/wp\/v2\/product_tag?post=52958"}],"curies":[{"name":"wp","href":"https:\/\/api.w.org\/{rel}","templated":true}]}}