{"id":53012,"date":"2023-04-07T19:01:11","date_gmt":"2023-04-07T16:01:11","guid":{"rendered":"https:\/\/colibri-jewels.eu\/?post_type=product&#038;p=53012"},"modified":"2025-06-03T23:31:46","modified_gmt":"2025-06-03T20:31:46","slug":"valkokultaiset-korvakorut-sinisilla-topaaseilla-ja-timanteilla-e-6708","status":"publish","type":"product","link":"https:\/\/colibri-jewels.eu\/fi\/tuote\/valkokultaiset-korvakorut-sinisilla-topaaseilla-ja-timanteilla-e-6708\/","title":{"rendered":"Valkokultaiset korvakorut sinisill\u00e4 topaaseilla ja timanteilla E-6708"},"content":{"rendered":"<p>Sek\u00e4 ylellisen kirkkaat ett\u00e4 ylelliset siniset topaasi- ja timanttikorvakorut. Kummassakin korvakorussa on kolme vaakasuoraan asetettua soikeaa sinist\u00e4 topaasia, jotka on j\u00e4rjestetty pystysuoraan toistensa alle, ja kuusi kimaltelevaa timanttia sivuilla. Klassiset englantilaiset lukot tarjoavat turvallisen ja mukavan istuvuuden, tehden n\u00e4ist\u00e4 korvakoruista t\u00e4ydelliset jokap\u00e4iv\u00e4iseen k\u00e4ytt\u00f6\u00f6n tai erityistilaisuuksiin.<\/p>\n<p>N\u00e4iden korvakorujen siniset topaasit valittiin niiden loistavan v\u00e4rin ja kirkkauden vuoksi, luoden timanttien kanssa kirkkaan ja katseenvangitsijan yhdistelm\u00e4n. Jalokivien soikea muoto on sek\u00e4 ajaton ett\u00e4 moderni, tehden n\u00e4ist\u00e4 korvakoruista monipuolisen lis\u00e4n mihin tahansa korukokoelmaan.<\/p>\n<p>N\u00e4ill\u00e4 asiantuntevalla tarkkuudella ja yksityiskohtiin paneutuen valmistetuilla korvakoruilla on valkokultaa, ja ne on suunniteltu kest\u00e4m\u00e4\u00e4n elini\u00e4n. Timantit on istutettu tukevaan kynsi-istutukseen, mik\u00e4 varmistaa, ett\u00e4 ne pysyv\u00e4t paikoillaan ja kimaltavat kirkkaasti jokaisella liikkeell\u00e4.<\/p>\n<p>Sinisen topaasin sanotaan edist\u00e4v\u00e4n rauhaa, rentoutumista ja henkist\u00e4 selkeytt\u00e4, kun taas timantit symboloivat rakkautta, sitoutumista ja voimaa. T\u00e4m\u00e4n tehokkaan jalokiviyhdistelm\u00e4n ansiosta n\u00e4m\u00e4 korvakorut ovat merkityksellinen lahja itsellesi tai rakkaallesi.<\/p>\n<p>lab timantti:lla olemme ylpeit\u00e4 sitoutumisestamme laatuun ja asiakastyytyv\u00e4isyyteen. Voit tehd\u00e4 ostoksia luottavaisin mielin tiet\u00e4en, ett\u00e4 saat kauniin, hyvin valmistetun korun, jota vaalitaan vuosia. Tilaa siniset topaasi- ja timanttikorvakorusi jo t\u00e4n\u00e4\u00e4n ja koe t\u00e4m\u00e4n ajattoman muotoilun kauneus ja eleganssi.<\/p>\n","protected":false},"excerpt":{"rendered":"<p>Siniset topaasit 6 kpl, 1,76 ct.<\/p>\n<p>Timantit 12 kpl, t\u00e4ysi hionta 0,14 ct.<\/p>\n<p>Valkokulta 14 kt.<\/p>\n<p>Korvakorujen paino 3,35 g.<\/p>\n","protected":false},"featured_media":53013,"comment_status":"open","ping_status":"closed","template":"","meta":[],"etheme_brands":[],"product_brand":[],"product_cat":[987],"product_tag":[],"class_list":{"0":"post-53012","1":"product","2":"type-product","3":"status-publish","4":"has-post-thumbnail","6":"product_cat-korvakorut","8":"first","9":"instock","10":"shipping-taxable","11":"purchasable","12":"product-type-simple"},"acf":[],"yoast_head":"<!-- This site is optimized with the Yoast SEO Premium plugin v26.5 (Yoast SEO v26.8) - https:\/\/yoast.com\/product\/yoast-seo-premium-wordpress\/ -->\n<title>Valkokultaiset korvakorut sinisill\u00e4 topaaseilla ja timanteilla E-6708 - Colibri jewels<\/title>\n<meta name=\"robots\" content=\"index, follow, max-snippet:-1, max-image-preview:large, max-video-preview:-1\" \/>\n<link rel=\"canonical\" href=\"https:\/\/colibri-jewels.eu\/fi\/tuote\/valkokultaiset-korvakorut-sinisilla-topaaseilla-ja-timanteilla-e-6708\/\" \/>\n<meta property=\"og:locale\" content=\"fi_FI\" \/>\n<meta property=\"og:type\" content=\"article\" \/>\n<meta property=\"og:title\" content=\"Valkokultaiset korvakorut sinisill\u00e4 topaaseilla ja timanteilla E-6708\" \/>\n<meta property=\"og:description\" content=\"Siniset topaasit 6 kpl, 1,76 ct.  Timantit 12 kpl, t\u00e4ysi hionta 0,14 ct.  Valkokulta 14 kt.  Korvakorujen paino 3,35 g.\" \/>\n<meta property=\"og:url\" content=\"https:\/\/colibri-jewels.eu\/fi\/tuote\/valkokultaiset-korvakorut-sinisilla-topaaseilla-ja-timanteilla-e-6708\/\" \/>\n<meta property=\"og:site_name\" content=\"Colibri jewels\" \/>\n<meta property=\"article:publisher\" content=\"https:\/\/www.facebook.com\/colibri.jewels\" \/>\n<meta property=\"article:modified_time\" content=\"2025-06-03T20:31:46+00:00\" \/>\n<meta property=\"og:image\" content=\"https:\/\/colibri-jewels.eu\/wp-content\/uploads\/2023\/04\/ET-6708web.jpg\" \/>\n\t<meta property=\"og:image:width\" content=\"1000\" \/>\n\t<meta property=\"og:image:height\" content=\"1000\" \/>\n\t<meta property=\"og:image:type\" content=\"image\/jpeg\" \/>\n<meta name=\"twitter:card\" content=\"summary_large_image\" \/>\n<meta name=\"twitter:label1\" content=\"Arvioitu lukuaika\" \/>\n\t<meta name=\"twitter:data1\" content=\"1 minuutti\" \/>\n<script type=\"application\/ld+json\" class=\"yoast-schema-graph\">{\"@context\":\"https:\/\/schema.org\",\"@graph\":[{\"@type\":\"WebPage\",\"@id\":\"https:\/\/colibri-jewels.eu\/fi\/tuote\/valkokultaiset-korvakorut-sinisilla-topaaseilla-ja-timanteilla-e-6708\/\",\"url\":\"https:\/\/colibri-jewels.eu\/fi\/tuote\/valkokultaiset-korvakorut-sinisilla-topaaseilla-ja-timanteilla-e-6708\/\",\"name\":\"Valkokultaiset korvakorut sinisill\u00e4 topaaseilla ja timanteilla E-6708 - Colibri jewels\",\"isPartOf\":{\"@id\":\"https:\/\/colibri-jewels.eu\/fi\/#website\"},\"primaryImageOfPage\":{\"@id\":\"https:\/\/colibri-jewels.eu\/fi\/tuote\/valkokultaiset-korvakorut-sinisilla-topaaseilla-ja-timanteilla-e-6708\/#primaryimage\"},\"image\":{\"@id\":\"https:\/\/colibri-jewels.eu\/fi\/tuote\/valkokultaiset-korvakorut-sinisilla-topaaseilla-ja-timanteilla-e-6708\/#primaryimage\"},\"thumbnailUrl\":\"https:\/\/colibri-jewels.eu\/wp-content\/uploads\/2023\/04\/ET-6708web.jpg\",\"datePublished\":\"2023-04-07T16:01:11+00:00\",\"dateModified\":\"2025-06-03T20:31:46+00:00\",\"breadcrumb\":{\"@id\":\"https:\/\/colibri-jewels.eu\/fi\/tuote\/valkokultaiset-korvakorut-sinisilla-topaaseilla-ja-timanteilla-e-6708\/#breadcrumb\"},\"inLanguage\":\"fi\",\"potentialAction\":[{\"@type\":\"ReadAction\",\"target\":[\"https:\/\/colibri-jewels.eu\/fi\/tuote\/valkokultaiset-korvakorut-sinisilla-topaaseilla-ja-timanteilla-e-6708\/\"]}]},{\"@type\":\"ImageObject\",\"inLanguage\":\"fi\",\"@id\":\"https:\/\/colibri-jewels.eu\/fi\/tuote\/valkokultaiset-korvakorut-sinisilla-topaaseilla-ja-timanteilla-e-6708\/#primaryimage\",\"url\":\"https:\/\/colibri-jewels.eu\/wp-content\/uploads\/2023\/04\/ET-6708web.jpg\",\"contentUrl\":\"https:\/\/colibri-jewels.eu\/wp-content\/uploads\/2023\/04\/ET-6708web.jpg\",\"width\":1000,\"height\":1000},{\"@type\":\"BreadcrumbList\",\"@id\":\"https:\/\/colibri-jewels.eu\/fi\/tuote\/valkokultaiset-korvakorut-sinisilla-topaaseilla-ja-timanteilla-e-6708\/#breadcrumb\",\"itemListElement\":[{\"@type\":\"ListItem\",\"position\":1,\"name\":\"\u0413\u043b\u0430\u0432\u043d\u0430\u044f \u0441\u0442\u0440\u0430\u043d\u0438\u0446\u0430\",\"item\":\"https:\/\/colibri-jewels.eu\/fi\/\"},{\"@type\":\"ListItem\",\"position\":2,\"name\":\"Kauppa\",\"item\":\"https:\/\/colibri-jewels.eu\/fi\/kauppa\/\"},{\"@type\":\"ListItem\",\"position\":3,\"name\":\"Valkokultaiset korvakorut sinisill\u00e4 topaaseilla ja timanteilla E-6708\"}]},{\"@type\":\"WebSite\",\"@id\":\"https:\/\/colibri-jewels.eu\/fi\/#website\",\"url\":\"https:\/\/colibri-jewels.eu\/fi\/\",\"name\":\"Colibri jewels\",\"description\":\"jewelry shop\",\"publisher\":{\"@id\":\"https:\/\/colibri-jewels.eu\/fi\/#organization\"},\"potentialAction\":[{\"@type\":\"SearchAction\",\"target\":{\"@type\":\"EntryPoint\",\"urlTemplate\":\"https:\/\/colibri-jewels.eu\/fi\/?s={search_term_string}\"},\"query-input\":{\"@type\":\"PropertyValueSpecification\",\"valueRequired\":true,\"valueName\":\"search_term_string\"}}],\"inLanguage\":\"fi\"},{\"@type\":\"Organization\",\"@id\":\"https:\/\/colibri-jewels.eu\/fi\/#organization\",\"name\":\"O\u00dc Colibri\",\"url\":\"https:\/\/colibri-jewels.eu\/fi\/\",\"logo\":{\"@type\":\"ImageObject\",\"inLanguage\":\"fi\",\"@id\":\"https:\/\/colibri-jewels.eu\/fi\/#\/schema\/logo\/image\/\",\"url\":\"https:\/\/dev.colibri-jewels.eu\/wp-content\/uploads\/2021\/03\/colibri.png\",\"contentUrl\":\"https:\/\/dev.colibri-jewels.eu\/wp-content\/uploads\/2021\/03\/colibri.png\",\"width\":227,\"height\":130,\"caption\":\"O\u00dc Colibri\"},\"image\":{\"@id\":\"https:\/\/colibri-jewels.eu\/fi\/#\/schema\/logo\/image\/\"},\"sameAs\":[\"https:\/\/www.facebook.com\/colibri.jewels\",\"https:\/\/www.instagram.com\/colibri.jewels\",\"https:\/\/www.tiktok.com\/colibri.jewels\"]}]}<\/script>\n<!-- \/ Yoast SEO Premium plugin. -->","yoast_head_json":{"title":"Valkokultaiset korvakorut sinisill\u00e4 topaaseilla ja timanteilla E-6708 - Colibri jewels","robots":{"index":"index","follow":"follow","max-snippet":"max-snippet:-1","max-image-preview":"max-image-preview:large","max-video-preview":"max-video-preview:-1"},"canonical":"https:\/\/colibri-jewels.eu\/fi\/tuote\/valkokultaiset-korvakorut-sinisilla-topaaseilla-ja-timanteilla-e-6708\/","og_locale":"fi_FI","og_type":"article","og_title":"Valkokultaiset korvakorut sinisill\u00e4 topaaseilla ja timanteilla E-6708","og_description":"Siniset topaasit 6 kpl, 1,76 ct.  Timantit 12 kpl, t\u00e4ysi hionta 0,14 ct.  Valkokulta 14 kt.  Korvakorujen paino 3,35 g.","og_url":"https:\/\/colibri-jewels.eu\/fi\/tuote\/valkokultaiset-korvakorut-sinisilla-topaaseilla-ja-timanteilla-e-6708\/","og_site_name":"Colibri jewels","article_publisher":"https:\/\/www.facebook.com\/colibri.jewels","article_modified_time":"2025-06-03T20:31:46+00:00","og_image":[{"width":1000,"height":1000,"url":"https:\/\/colibri-jewels.eu\/wp-content\/uploads\/2023\/04\/ET-6708web.jpg","type":"image\/jpeg"}],"twitter_card":"summary_large_image","twitter_misc":{"Arvioitu lukuaika":"1 minuutti"},"schema":{"@context":"https:\/\/schema.org","@graph":[{"@type":"WebPage","@id":"https:\/\/colibri-jewels.eu\/fi\/tuote\/valkokultaiset-korvakorut-sinisilla-topaaseilla-ja-timanteilla-e-6708\/","url":"https:\/\/colibri-jewels.eu\/fi\/tuote\/valkokultaiset-korvakorut-sinisilla-topaaseilla-ja-timanteilla-e-6708\/","name":"Valkokultaiset korvakorut sinisill\u00e4 topaaseilla ja timanteilla E-6708 - Colibri jewels","isPartOf":{"@id":"https:\/\/colibri-jewels.eu\/fi\/#website"},"primaryImageOfPage":{"@id":"https:\/\/colibri-jewels.eu\/fi\/tuote\/valkokultaiset-korvakorut-sinisilla-topaaseilla-ja-timanteilla-e-6708\/#primaryimage"},"image":{"@id":"https:\/\/colibri-jewels.eu\/fi\/tuote\/valkokultaiset-korvakorut-sinisilla-topaaseilla-ja-timanteilla-e-6708\/#primaryimage"},"thumbnailUrl":"https:\/\/colibri-jewels.eu\/wp-content\/uploads\/2023\/04\/ET-6708web.jpg","datePublished":"2023-04-07T16:01:11+00:00","dateModified":"2025-06-03T20:31:46+00:00","breadcrumb":{"@id":"https:\/\/colibri-jewels.eu\/fi\/tuote\/valkokultaiset-korvakorut-sinisilla-topaaseilla-ja-timanteilla-e-6708\/#breadcrumb"},"inLanguage":"fi","potentialAction":[{"@type":"ReadAction","target":["https:\/\/colibri-jewels.eu\/fi\/tuote\/valkokultaiset-korvakorut-sinisilla-topaaseilla-ja-timanteilla-e-6708\/"]}]},{"@type":"ImageObject","inLanguage":"fi","@id":"https:\/\/colibri-jewels.eu\/fi\/tuote\/valkokultaiset-korvakorut-sinisilla-topaaseilla-ja-timanteilla-e-6708\/#primaryimage","url":"https:\/\/colibri-jewels.eu\/wp-content\/uploads\/2023\/04\/ET-6708web.jpg","contentUrl":"https:\/\/colibri-jewels.eu\/wp-content\/uploads\/2023\/04\/ET-6708web.jpg","width":1000,"height":1000},{"@type":"BreadcrumbList","@id":"https:\/\/colibri-jewels.eu\/fi\/tuote\/valkokultaiset-korvakorut-sinisilla-topaaseilla-ja-timanteilla-e-6708\/#breadcrumb","itemListElement":[{"@type":"ListItem","position":1,"name":"\u0413\u043b\u0430\u0432\u043d\u0430\u044f \u0441\u0442\u0440\u0430\u043d\u0438\u0446\u0430","item":"https:\/\/colibri-jewels.eu\/fi\/"},{"@type":"ListItem","position":2,"name":"Kauppa","item":"https:\/\/colibri-jewels.eu\/fi\/kauppa\/"},{"@type":"ListItem","position":3,"name":"Valkokultaiset korvakorut sinisill\u00e4 topaaseilla ja timanteilla E-6708"}]},{"@type":"WebSite","@id":"https:\/\/colibri-jewels.eu\/fi\/#website","url":"https:\/\/colibri-jewels.eu\/fi\/","name":"Colibri jewels","description":"jewelry shop","publisher":{"@id":"https:\/\/colibri-jewels.eu\/fi\/#organization"},"potentialAction":[{"@type":"SearchAction","target":{"@type":"EntryPoint","urlTemplate":"https:\/\/colibri-jewels.eu\/fi\/?s={search_term_string}"},"query-input":{"@type":"PropertyValueSpecification","valueRequired":true,"valueName":"search_term_string"}}],"inLanguage":"fi"},{"@type":"Organization","@id":"https:\/\/colibri-jewels.eu\/fi\/#organization","name":"O\u00dc Colibri","url":"https:\/\/colibri-jewels.eu\/fi\/","logo":{"@type":"ImageObject","inLanguage":"fi","@id":"https:\/\/colibri-jewels.eu\/fi\/#\/schema\/logo\/image\/","url":"https:\/\/dev.colibri-jewels.eu\/wp-content\/uploads\/2021\/03\/colibri.png","contentUrl":"https:\/\/dev.colibri-jewels.eu\/wp-content\/uploads\/2021\/03\/colibri.png","width":227,"height":130,"caption":"O\u00dc Colibri"},"image":{"@id":"https:\/\/colibri-jewels.eu\/fi\/#\/schema\/logo\/image\/"},"sameAs":["https:\/\/www.facebook.com\/colibri.jewels","https:\/\/www.instagram.com\/colibri.jewels","https:\/\/www.tiktok.com\/colibri.jewels"]}]}},"_links":{"self":[{"href":"https:\/\/colibri-jewels.eu\/fi\/wp-json\/wp\/v2\/product\/53012","targetHints":{"allow":["GET"]}}],"collection":[{"href":"https:\/\/colibri-jewels.eu\/fi\/wp-json\/wp\/v2\/product"}],"about":[{"href":"https:\/\/colibri-jewels.eu\/fi\/wp-json\/wp\/v2\/types\/product"}],"replies":[{"embeddable":true,"href":"https:\/\/colibri-jewels.eu\/fi\/wp-json\/wp\/v2\/comments?post=53012"}],"version-history":[{"count":0,"href":"https:\/\/colibri-jewels.eu\/fi\/wp-json\/wp\/v2\/product\/53012\/revisions"}],"wp:featuredmedia":[{"embeddable":true,"href":"https:\/\/colibri-jewels.eu\/fi\/wp-json\/wp\/v2\/media\/53013"}],"wp:attachment":[{"href":"https:\/\/colibri-jewels.eu\/fi\/wp-json\/wp\/v2\/media?parent=53012"}],"wp:term":[{"taxonomy":"brand","embeddable":true,"href":"https:\/\/colibri-jewels.eu\/fi\/wp-json\/wp\/v2\/etheme_brands?post=53012"},{"taxonomy":"product_brand","embeddable":true,"href":"https:\/\/colibri-jewels.eu\/fi\/wp-json\/wp\/v2\/product_brand?post=53012"},{"taxonomy":"product_cat","embeddable":true,"href":"https:\/\/colibri-jewels.eu\/fi\/wp-json\/wp\/v2\/product_cat?post=53012"},{"taxonomy":"product_tag","embeddable":true,"href":"https:\/\/colibri-jewels.eu\/fi\/wp-json\/wp\/v2\/product_tag?post=53012"}],"curies":[{"name":"wp","href":"https:\/\/api.w.org\/{rel}","templated":true}]}}