{"id":53208,"date":"2023-03-25T21:41:19","date_gmt":"2023-03-25T19:41:19","guid":{"rendered":"https:\/\/colibri-jewels.eu\/?post_type=product&#038;p=53208"},"modified":"2025-06-04T17:29:15","modified_gmt":"2025-06-04T14:29:15","slug":"hopeiset-korvakorut-laboratoriossa-kasvatetuilla-smaragdeilla-e-6118","status":"publish","type":"product","link":"https:\/\/colibri-jewels.eu\/fi\/tuote\/hopeiset-korvakorut-laboratoriossa-kasvatetuilla-smaragdeilla-e-6118\/","title":{"rendered":"Hopeiset korvakorut laboratoriossa kasvatetuilla smaragdeilla E-6118"},"content":{"rendered":"<p>Kohota korukokoelmaasi hienoilla hopeisilla korvakoruillamme, joissa on upeita laboratoriossa kasvatettuja smaragdeja. Asiantuntevasti valmistetut ja tarkasti istutetut kappaleet k\u00e4\u00e4nt\u00e4v\u00e4t varmasti katseet ja tekev\u00e4t vaikutuksen.<\/p>\n<p>Valmistettu korkealaatuisesta hopeasta, n\u00e4m\u00e4 kappaleet on suunniteltu kest\u00e4m\u00e4\u00e4n ja s\u00e4ilytt\u00e4m\u00e4\u00e4n loistavan kiiltonsa ajan mittaan. Korvakorujen kaareva muotoilu (valitse my\u00f6s sormus settiin) luo n\u00e4ytt\u00e4v\u00e4n ja katseenvangitsijan ilmeen, kun taas laboratoriossa kasvatetut smaragdit lis\u00e4\u00e4v\u00e4t hienostuneisuutta ja eleganssia.<\/p>\n<p>N\u00e4m\u00e4 laboratoriossa kasvatetut smaragdit kasvatetaan ja hiotaan k\u00e4sin Kiovassa, mik\u00e4 varmistaa, ett\u00e4 jokainen kivi on korkeinta laatua ja tarkkuutta. N\u00e4iss\u00e4 kappaleissa k\u00e4ytetty kiskoistutus on monimutkainen ja ep\u00e4tavallinen hopeakoruissa, korostaen hienoa k\u00e4sity\u00f6t\u00e4 ja yksityiskohtiin paneutumista, joka n\u00e4kyy jokaisessa kappaleessa.<\/p>\n<p>Lis\u00e4ksi korvakoruissa on luotettavat klassiset lukot, jotka takaavat turvallisen istuvuuden ja mielenrauhan niit\u00e4 k\u00e4ytett\u00e4ess\u00e4. Pukeuduitpa sitten juhlatilaisuuteen tai lis\u00e4sit ripauksen eleganssia jokap\u00e4iv\u00e4iseen asuusi, n\u00e4m\u00e4 korut tekev\u00e4t varmasti vaikutuksen.<\/p>\n<p>Laboratoriossa kasvatetut smaragdit ovat eettinen ja kest\u00e4v\u00e4 vaihtoehto luonnonjalokiville, ja ne tarjoavat saman upean kauneuden ja loiston ilman korkeita kustannuksia tai ymp\u00e4rist\u00f6vaikutuksia. Lis\u00e4ksi niiden tarkka hionta ja kirkkaus saavat ne varmasti vangitsemaan valon ja kimaltamaan jokaisella liikkeell\u00e4.<\/p>\n<p>Hemmottele itse\u00e4si tai jotakuta erityist\u00e4 n\u00e4ill\u00e4 upeilla hopeisilla korvakoruilla, joissa on laboratoriossa kasvatettuja smaragdeja, ja lis\u00e4\u00e4 ripaus eleganssia ja hienostuneisuutta korukokoelmaasi.<\/p>\n","protected":false},"excerpt":{"rendered":"<p>Sterling-hopeiset korvakorut laboratoriossa kasvatetuilla smaragdeilla.<\/p>\n<p>24 kpl, py\u00f6re\u00e4 briljanttihiottu, kukin 2,0 mm, 0,67 ct.<\/p>\n<p>Korvakorujen paino 4,24 g.<\/p>\n","protected":false},"featured_media":53209,"comment_status":"open","ping_status":"closed","template":"","meta":[],"etheme_brands":[],"product_brand":[],"product_cat":[987],"product_tag":[],"class_list":{"0":"post-53208","1":"product","2":"type-product","3":"status-publish","4":"has-post-thumbnail","6":"product_cat-korvakorut","8":"first","9":"instock","10":"shipping-taxable","11":"purchasable","12":"product-type-simple"},"acf":[],"yoast_head":"<!-- This site is optimized with the Yoast SEO Premium plugin v26.5 (Yoast SEO v26.8) - https:\/\/yoast.com\/product\/yoast-seo-premium-wordpress\/ -->\n<title>Hopeiset korvakorut laboratoriossa kasvatetuilla smaragdeilla E-6118 - Colibri jewels<\/title>\n<meta name=\"robots\" content=\"index, follow, max-snippet:-1, max-image-preview:large, max-video-preview:-1\" \/>\n<link rel=\"canonical\" href=\"https:\/\/colibri-jewels.eu\/fi\/tuote\/hopeiset-korvakorut-laboratoriossa-kasvatetuilla-smaragdeilla-e-6118\/\" \/>\n<meta property=\"og:locale\" content=\"fi_FI\" \/>\n<meta property=\"og:type\" content=\"article\" \/>\n<meta property=\"og:title\" content=\"Hopeiset korvakorut laboratoriossa kasvatetuilla smaragdeilla E-6118\" \/>\n<meta property=\"og:description\" content=\"Sterling-hopeiset korvakorut laboratoriossa kasvatetuilla smaragdeilla.  24 kpl, py\u00f6re\u00e4 briljanttihiottu, kukin 2,0 mm, 0,67 ct.  Korvakorujen paino 4,24 g.\" \/>\n<meta property=\"og:url\" content=\"https:\/\/colibri-jewels.eu\/fi\/tuote\/hopeiset-korvakorut-laboratoriossa-kasvatetuilla-smaragdeilla-e-6118\/\" \/>\n<meta property=\"og:site_name\" content=\"Colibri jewels\" \/>\n<meta property=\"article:publisher\" content=\"https:\/\/www.facebook.com\/colibri.jewels\" \/>\n<meta property=\"article:modified_time\" content=\"2025-06-04T14:29:15+00:00\" \/>\n<meta property=\"og:image\" content=\"https:\/\/colibri-jewels.eu\/wp-content\/uploads\/2023\/03\/ESE-6118web1.jpg\" \/>\n\t<meta property=\"og:image:width\" content=\"1000\" \/>\n\t<meta property=\"og:image:height\" content=\"1000\" \/>\n\t<meta property=\"og:image:type\" content=\"image\/jpeg\" \/>\n<meta name=\"twitter:card\" content=\"summary_large_image\" \/>\n<meta name=\"twitter:label1\" content=\"Arvioitu lukuaika\" \/>\n\t<meta name=\"twitter:data1\" content=\"1 minuutti\" \/>\n<script type=\"application\/ld+json\" class=\"yoast-schema-graph\">{\"@context\":\"https:\/\/schema.org\",\"@graph\":[{\"@type\":\"WebPage\",\"@id\":\"https:\/\/colibri-jewels.eu\/fi\/tuote\/hopeiset-korvakorut-laboratoriossa-kasvatetuilla-smaragdeilla-e-6118\/\",\"url\":\"https:\/\/colibri-jewels.eu\/fi\/tuote\/hopeiset-korvakorut-laboratoriossa-kasvatetuilla-smaragdeilla-e-6118\/\",\"name\":\"Hopeiset korvakorut laboratoriossa kasvatetuilla smaragdeilla E-6118 - Colibri jewels\",\"isPartOf\":{\"@id\":\"https:\/\/colibri-jewels.eu\/fi\/#website\"},\"primaryImageOfPage\":{\"@id\":\"https:\/\/colibri-jewels.eu\/fi\/tuote\/hopeiset-korvakorut-laboratoriossa-kasvatetuilla-smaragdeilla-e-6118\/#primaryimage\"},\"image\":{\"@id\":\"https:\/\/colibri-jewels.eu\/fi\/tuote\/hopeiset-korvakorut-laboratoriossa-kasvatetuilla-smaragdeilla-e-6118\/#primaryimage\"},\"thumbnailUrl\":\"https:\/\/colibri-jewels.eu\/wp-content\/uploads\/2023\/03\/ESE-6118web1.jpg\",\"datePublished\":\"2023-03-25T19:41:19+00:00\",\"dateModified\":\"2025-06-04T14:29:15+00:00\",\"breadcrumb\":{\"@id\":\"https:\/\/colibri-jewels.eu\/fi\/tuote\/hopeiset-korvakorut-laboratoriossa-kasvatetuilla-smaragdeilla-e-6118\/#breadcrumb\"},\"inLanguage\":\"fi\",\"potentialAction\":[{\"@type\":\"ReadAction\",\"target\":[\"https:\/\/colibri-jewels.eu\/fi\/tuote\/hopeiset-korvakorut-laboratoriossa-kasvatetuilla-smaragdeilla-e-6118\/\"]}]},{\"@type\":\"ImageObject\",\"inLanguage\":\"fi\",\"@id\":\"https:\/\/colibri-jewels.eu\/fi\/tuote\/hopeiset-korvakorut-laboratoriossa-kasvatetuilla-smaragdeilla-e-6118\/#primaryimage\",\"url\":\"https:\/\/colibri-jewels.eu\/wp-content\/uploads\/2023\/03\/ESE-6118web1.jpg\",\"contentUrl\":\"https:\/\/colibri-jewels.eu\/wp-content\/uploads\/2023\/03\/ESE-6118web1.jpg\",\"width\":1000,\"height\":1000},{\"@type\":\"BreadcrumbList\",\"@id\":\"https:\/\/colibri-jewels.eu\/fi\/tuote\/hopeiset-korvakorut-laboratoriossa-kasvatetuilla-smaragdeilla-e-6118\/#breadcrumb\",\"itemListElement\":[{\"@type\":\"ListItem\",\"position\":1,\"name\":\"\u0413\u043b\u0430\u0432\u043d\u0430\u044f \u0441\u0442\u0440\u0430\u043d\u0438\u0446\u0430\",\"item\":\"https:\/\/colibri-jewels.eu\/fi\/\"},{\"@type\":\"ListItem\",\"position\":2,\"name\":\"Kauppa\",\"item\":\"https:\/\/colibri-jewels.eu\/fi\/kauppa\/\"},{\"@type\":\"ListItem\",\"position\":3,\"name\":\"Hopeiset korvakorut laboratoriossa kasvatetuilla smaragdeilla E-6118\"}]},{\"@type\":\"WebSite\",\"@id\":\"https:\/\/colibri-jewels.eu\/fi\/#website\",\"url\":\"https:\/\/colibri-jewels.eu\/fi\/\",\"name\":\"Colibri jewels\",\"description\":\"jewelry shop\",\"publisher\":{\"@id\":\"https:\/\/colibri-jewels.eu\/fi\/#organization\"},\"potentialAction\":[{\"@type\":\"SearchAction\",\"target\":{\"@type\":\"EntryPoint\",\"urlTemplate\":\"https:\/\/colibri-jewels.eu\/fi\/?s={search_term_string}\"},\"query-input\":{\"@type\":\"PropertyValueSpecification\",\"valueRequired\":true,\"valueName\":\"search_term_string\"}}],\"inLanguage\":\"fi\"},{\"@type\":\"Organization\",\"@id\":\"https:\/\/colibri-jewels.eu\/fi\/#organization\",\"name\":\"O\u00dc Colibri\",\"url\":\"https:\/\/colibri-jewels.eu\/fi\/\",\"logo\":{\"@type\":\"ImageObject\",\"inLanguage\":\"fi\",\"@id\":\"https:\/\/colibri-jewels.eu\/fi\/#\/schema\/logo\/image\/\",\"url\":\"https:\/\/dev.colibri-jewels.eu\/wp-content\/uploads\/2021\/03\/colibri.png\",\"contentUrl\":\"https:\/\/dev.colibri-jewels.eu\/wp-content\/uploads\/2021\/03\/colibri.png\",\"width\":227,\"height\":130,\"caption\":\"O\u00dc Colibri\"},\"image\":{\"@id\":\"https:\/\/colibri-jewels.eu\/fi\/#\/schema\/logo\/image\/\"},\"sameAs\":[\"https:\/\/www.facebook.com\/colibri.jewels\",\"https:\/\/www.instagram.com\/colibri.jewels\",\"https:\/\/www.tiktok.com\/colibri.jewels\"]}]}<\/script>\n<!-- \/ Yoast SEO Premium plugin. -->","yoast_head_json":{"title":"Hopeiset korvakorut laboratoriossa kasvatetuilla smaragdeilla E-6118 - Colibri jewels","robots":{"index":"index","follow":"follow","max-snippet":"max-snippet:-1","max-image-preview":"max-image-preview:large","max-video-preview":"max-video-preview:-1"},"canonical":"https:\/\/colibri-jewels.eu\/fi\/tuote\/hopeiset-korvakorut-laboratoriossa-kasvatetuilla-smaragdeilla-e-6118\/","og_locale":"fi_FI","og_type":"article","og_title":"Hopeiset korvakorut laboratoriossa kasvatetuilla smaragdeilla E-6118","og_description":"Sterling-hopeiset korvakorut laboratoriossa kasvatetuilla smaragdeilla.  24 kpl, py\u00f6re\u00e4 briljanttihiottu, kukin 2,0 mm, 0,67 ct.  Korvakorujen paino 4,24 g.","og_url":"https:\/\/colibri-jewels.eu\/fi\/tuote\/hopeiset-korvakorut-laboratoriossa-kasvatetuilla-smaragdeilla-e-6118\/","og_site_name":"Colibri jewels","article_publisher":"https:\/\/www.facebook.com\/colibri.jewels","article_modified_time":"2025-06-04T14:29:15+00:00","og_image":[{"width":1000,"height":1000,"url":"https:\/\/colibri-jewels.eu\/wp-content\/uploads\/2023\/03\/ESE-6118web1.jpg","type":"image\/jpeg"}],"twitter_card":"summary_large_image","twitter_misc":{"Arvioitu lukuaika":"1 minuutti"},"schema":{"@context":"https:\/\/schema.org","@graph":[{"@type":"WebPage","@id":"https:\/\/colibri-jewels.eu\/fi\/tuote\/hopeiset-korvakorut-laboratoriossa-kasvatetuilla-smaragdeilla-e-6118\/","url":"https:\/\/colibri-jewels.eu\/fi\/tuote\/hopeiset-korvakorut-laboratoriossa-kasvatetuilla-smaragdeilla-e-6118\/","name":"Hopeiset korvakorut laboratoriossa kasvatetuilla smaragdeilla E-6118 - Colibri jewels","isPartOf":{"@id":"https:\/\/colibri-jewels.eu\/fi\/#website"},"primaryImageOfPage":{"@id":"https:\/\/colibri-jewels.eu\/fi\/tuote\/hopeiset-korvakorut-laboratoriossa-kasvatetuilla-smaragdeilla-e-6118\/#primaryimage"},"image":{"@id":"https:\/\/colibri-jewels.eu\/fi\/tuote\/hopeiset-korvakorut-laboratoriossa-kasvatetuilla-smaragdeilla-e-6118\/#primaryimage"},"thumbnailUrl":"https:\/\/colibri-jewels.eu\/wp-content\/uploads\/2023\/03\/ESE-6118web1.jpg","datePublished":"2023-03-25T19:41:19+00:00","dateModified":"2025-06-04T14:29:15+00:00","breadcrumb":{"@id":"https:\/\/colibri-jewels.eu\/fi\/tuote\/hopeiset-korvakorut-laboratoriossa-kasvatetuilla-smaragdeilla-e-6118\/#breadcrumb"},"inLanguage":"fi","potentialAction":[{"@type":"ReadAction","target":["https:\/\/colibri-jewels.eu\/fi\/tuote\/hopeiset-korvakorut-laboratoriossa-kasvatetuilla-smaragdeilla-e-6118\/"]}]},{"@type":"ImageObject","inLanguage":"fi","@id":"https:\/\/colibri-jewels.eu\/fi\/tuote\/hopeiset-korvakorut-laboratoriossa-kasvatetuilla-smaragdeilla-e-6118\/#primaryimage","url":"https:\/\/colibri-jewels.eu\/wp-content\/uploads\/2023\/03\/ESE-6118web1.jpg","contentUrl":"https:\/\/colibri-jewels.eu\/wp-content\/uploads\/2023\/03\/ESE-6118web1.jpg","width":1000,"height":1000},{"@type":"BreadcrumbList","@id":"https:\/\/colibri-jewels.eu\/fi\/tuote\/hopeiset-korvakorut-laboratoriossa-kasvatetuilla-smaragdeilla-e-6118\/#breadcrumb","itemListElement":[{"@type":"ListItem","position":1,"name":"\u0413\u043b\u0430\u0432\u043d\u0430\u044f \u0441\u0442\u0440\u0430\u043d\u0438\u0446\u0430","item":"https:\/\/colibri-jewels.eu\/fi\/"},{"@type":"ListItem","position":2,"name":"Kauppa","item":"https:\/\/colibri-jewels.eu\/fi\/kauppa\/"},{"@type":"ListItem","position":3,"name":"Hopeiset korvakorut laboratoriossa kasvatetuilla smaragdeilla E-6118"}]},{"@type":"WebSite","@id":"https:\/\/colibri-jewels.eu\/fi\/#website","url":"https:\/\/colibri-jewels.eu\/fi\/","name":"Colibri jewels","description":"jewelry shop","publisher":{"@id":"https:\/\/colibri-jewels.eu\/fi\/#organization"},"potentialAction":[{"@type":"SearchAction","target":{"@type":"EntryPoint","urlTemplate":"https:\/\/colibri-jewels.eu\/fi\/?s={search_term_string}"},"query-input":{"@type":"PropertyValueSpecification","valueRequired":true,"valueName":"search_term_string"}}],"inLanguage":"fi"},{"@type":"Organization","@id":"https:\/\/colibri-jewels.eu\/fi\/#organization","name":"O\u00dc Colibri","url":"https:\/\/colibri-jewels.eu\/fi\/","logo":{"@type":"ImageObject","inLanguage":"fi","@id":"https:\/\/colibri-jewels.eu\/fi\/#\/schema\/logo\/image\/","url":"https:\/\/dev.colibri-jewels.eu\/wp-content\/uploads\/2021\/03\/colibri.png","contentUrl":"https:\/\/dev.colibri-jewels.eu\/wp-content\/uploads\/2021\/03\/colibri.png","width":227,"height":130,"caption":"O\u00dc Colibri"},"image":{"@id":"https:\/\/colibri-jewels.eu\/fi\/#\/schema\/logo\/image\/"},"sameAs":["https:\/\/www.facebook.com\/colibri.jewels","https:\/\/www.instagram.com\/colibri.jewels","https:\/\/www.tiktok.com\/colibri.jewels"]}]}},"_links":{"self":[{"href":"https:\/\/colibri-jewels.eu\/fi\/wp-json\/wp\/v2\/product\/53208","targetHints":{"allow":["GET"]}}],"collection":[{"href":"https:\/\/colibri-jewels.eu\/fi\/wp-json\/wp\/v2\/product"}],"about":[{"href":"https:\/\/colibri-jewels.eu\/fi\/wp-json\/wp\/v2\/types\/product"}],"replies":[{"embeddable":true,"href":"https:\/\/colibri-jewels.eu\/fi\/wp-json\/wp\/v2\/comments?post=53208"}],"version-history":[{"count":0,"href":"https:\/\/colibri-jewels.eu\/fi\/wp-json\/wp\/v2\/product\/53208\/revisions"}],"wp:featuredmedia":[{"embeddable":true,"href":"https:\/\/colibri-jewels.eu\/fi\/wp-json\/wp\/v2\/media\/53209"}],"wp:attachment":[{"href":"https:\/\/colibri-jewels.eu\/fi\/wp-json\/wp\/v2\/media?parent=53208"}],"wp:term":[{"taxonomy":"brand","embeddable":true,"href":"https:\/\/colibri-jewels.eu\/fi\/wp-json\/wp\/v2\/etheme_brands?post=53208"},{"taxonomy":"product_brand","embeddable":true,"href":"https:\/\/colibri-jewels.eu\/fi\/wp-json\/wp\/v2\/product_brand?post=53208"},{"taxonomy":"product_cat","embeddable":true,"href":"https:\/\/colibri-jewels.eu\/fi\/wp-json\/wp\/v2\/product_cat?post=53208"},{"taxonomy":"product_tag","embeddable":true,"href":"https:\/\/colibri-jewels.eu\/fi\/wp-json\/wp\/v2\/product_tag?post=53208"}],"curies":[{"name":"wp","href":"https:\/\/api.w.org\/{rel}","templated":true}]}}