{"id":54101,"date":"2025-06-17T18:31:19","date_gmt":"2025-06-17T15:31:19","guid":{"rendered":"https:\/\/colibri-jewels.eu\/?post_type=product&#038;p=54101"},"modified":"2025-06-17T18:53:39","modified_gmt":"2025-06-17T15:53:39","slug":"papillon-perhoskorvakorut-valkokullasta-laboradiamanteilla","status":"publish","type":"product","link":"https:\/\/colibri-jewels.eu\/fi\/tuote\/papillon-perhoskorvakorut-valkokullasta-laboradiamanteilla\/","title":{"rendered":"&#8221;Papillon&#8221; \u2013 perhoskorvakorut valkokullasta laboradiamanteilla"},"content":{"rendered":"<p data-start=\"643\" data-end=\"871\">Papillon on korvakorupari, jossa yhdistyv\u00e4t keveys ja hienostuneisuus. Kullakin siivell\u00e4 on kaksi laboradiamanttia, joiden hionta on <em data-start=\"799\" data-end=\"809\">marquise<\/em> ja <em data-start=\"814\" data-end=\"820\">pear<\/em> \u2013 kaunis yhdistelm\u00e4, joka kimaltaa valossa kuin perhosen lento. <\/p>\n<p data-start=\"873\" data-end=\"1075\">Korvakorut on valmistettu 14 karaatin (585) valkokullasta ja varustettu kierrelukoilla, jotka takaavat mukavan ja turvallisen k\u00e4yt\u00f6n. Laboradiamantit ovat vastuullinen ja kest\u00e4v\u00e4 vaihtoehto \u2014 yht\u00e4 s\u00e4ihkyv\u00e4t kuin luonnon timantit. <\/p>\n<p data-start=\"1077\" data-end=\"1188\">Mukavat kierrelukot pit\u00e4v\u00e4t korvakorut turvallisesti paikoillaan ja tekev\u00e4t niist\u00e4 t\u00e4ydelliset niin arkeen kuin juhlaan.<\/p>\n<hr data-start=\"1190\" data-end=\"1193\">\n<p data-start=\"1195\" data-end=\"1207\"><strong data-start=\"1195\" data-end=\"1207\">Tiedot:<\/strong><\/p>\n<ul data-start=\"1209\" data-end=\"1420\">\n<li data-start=\"1209\" data-end=\"1243\">\n<p data-start=\"1211\" data-end=\"1243\">Materiaali: 585 valkokulta<\/p>\n<\/li>\n<li data-start=\"1244\" data-end=\"1274\">\n<p data-start=\"1246\" data-end=\"1274\">Kivet: laboradiamantit<\/p>\n<\/li>\n<li data-start=\"1275\" data-end=\"1310\">\n<p data-start=\"1277\" data-end=\"1310\">Hionta: marquise ja pisara (pear)<\/p>\n<\/li>\n<li data-start=\"1311\" data-end=\"1348\">\n<p data-start=\"1313\" data-end=\"1348\">Yhteispaino: 0,49 ct<\/p>\n<\/li>\n<li data-start=\"1349\" data-end=\"1386\">\n<p data-start=\"1351\" data-end=\"1386\">Kiinnitys: kierrelukot (napit)<\/p>\n<\/li>\n<li data-start=\"1387\" data-end=\"1420\">\n<p data-start=\"1389\" data-end=\"1420\">Paino: 1.50 gram<\/p>\n<\/li>\n<\/ul>\n<hr data-start=\"1422\" data-end=\"1425\">\n<p data-start=\"1427\" data-end=\"1627\"><strong data-start=\"1427\" data-end=\"1451\">Miksi valita Papillon:<\/strong><br data-start=\"1451\" data-end=\"1454\">\u2714\ufe0f Hienostunut perhosdesign<br data-start=\"1481\" data-end=\"1484\">\u2714\ufe0f Eettiset laboradiamantit<br data-start=\"1513\" data-end=\"1516\">\u2714\ufe0f Ajaton valkokullan hohde<br data-start=\"1546\" data-end=\"1549\">\u2714\ufe0f Sopii sek\u00e4 arkeen ett\u00e4 juhlaan<br data-start=\"1583\" data-end=\"1586\">\u2714\ufe0f K\u00e4sintehty yksityiskohtia my\u00f6ten<\/p>\n<hr data-start=\"1629\" data-end=\"1632\">\n<p data-start=\"1634\" data-end=\"1793\">\ud83d\udc8e <em data-start=\"1637\" data-end=\"1793\">Papillon tarkoittaa ranskaksi \u201cperhosta\u201d \u2013 muutoksen ja keveyden symbolia. Anna niiden lent\u00e4\u00e4 sieluusi ja muistuttaa sinua kauneudesta ja vapaudesta. <\/em><\/p>\n<p>&nbsp;<\/p>\n<p data-start=\"1795\" data-end=\"1876\">\ud83d\udce6<strong data-start=\"1798\" data-end=\"1831\"> Ilmainen toimitus Suomeen<\/strong>. Toimitus muualle Eurooppaan ja maailmalle saatavilla<\/p>\n","protected":false},"excerpt":{"rendered":"<p data-start=\"1195\" data-end=\"1207\"><strong data-start=\"1195\" data-end=\"1207\">Tiedot:<\/strong><\/p>\n<ul data-start=\"1209\" data-end=\"1420\">\n<li data-start=\"1209\" data-end=\"1243\">\n<p data-start=\"1211\" data-end=\"1243\">Materiaali: 585 valkokulta<\/p>\n<\/li>\n<li data-start=\"1244\" data-end=\"1274\">\n<p data-start=\"1246\" data-end=\"1274\">Kivet: laboradiamantit<\/p>\n<\/li>\n<li data-start=\"1275\" data-end=\"1310\">\n<p data-start=\"1277\" data-end=\"1310\">Hionta: marquise ja pisara (pear)<\/p>\n<\/li>\n<li data-start=\"1311\" data-end=\"1348\">\n<p data-start=\"1313\" data-end=\"1348\">Yhteispaino: 0,49 ct<\/p>\n<\/li>\n<li data-start=\"1349\" data-end=\"1386\">\n<p data-start=\"1351\" data-end=\"1386\">Kiinnitys: kierrelukot (napit)<\/p>\n<\/li>\n<li data-start=\"1387\" data-end=\"1420\">\n<p data-start=\"1389\" data-end=\"1420\">Paino: 1.50 gram<\/p>\n<\/li>\n<\/ul>\n","protected":false},"featured_media":54091,"comment_status":"open","ping_status":"closed","template":"","meta":[],"etheme_brands":[],"product_brand":[],"product_cat":[987],"product_tag":[992,994,1256,1002,1004],"class_list":{"0":"post-54101","1":"product","2":"type-product","3":"status-publish","4":"has-post-thumbnail","6":"product_cat-korvakorut","7":"product_tag-elainaiheiset","8":"product_tag-klassiset","9":"product_tag-lab-timantit","10":"product_tag-lakoniset","11":"product_tag-romanttiset","13":"first","14":"onbackorder","15":"shipping-taxable","16":"purchasable","17":"product-type-simple"},"acf":[],"yoast_head":"<!-- This site is optimized with the Yoast SEO Premium plugin v26.5 (Yoast SEO v26.8) - https:\/\/yoast.com\/product\/yoast-seo-premium-wordpress\/ -->\n<title>Papillon-korvakorut \u2013 Perhosnapit valkokullasta ja laboradiamanteilla | Colibri Jewels<\/title>\n<meta name=\"description\" content=\"Tyylikk\u00e4\u00e4t Papillon-perhoskorvakorut valkokullasta ja laboradiamanteista (0,49 ct). Ilmainen toimitus Suomeen. Tilaa laadukkaat korut verkosta.\" \/>\n<meta name=\"robots\" content=\"index, follow, max-snippet:-1, max-image-preview:large, max-video-preview:-1\" \/>\n<link rel=\"canonical\" href=\"https:\/\/colibri-jewels.eu\/fi\/tuote\/papillon-perhoskorvakorut-valkokullasta-laboradiamanteilla\/\" \/>\n<meta property=\"og:locale\" content=\"fi_FI\" \/>\n<meta property=\"og:type\" content=\"article\" \/>\n<meta property=\"og:title\" content=\"&quot;Papillon&quot; \u2013 perhoskorvakorut valkokullasta laboradiamanteilla\" \/>\n<meta property=\"og:description\" content=\"Tyylikk\u00e4\u00e4t Papillon-perhoskorvakorut valkokullasta ja laboradiamanteista (0,49 ct). Ilmainen toimitus Suomeen. Tilaa laadukkaat korut verkosta.\" \/>\n<meta property=\"og:url\" content=\"https:\/\/colibri-jewels.eu\/fi\/tuote\/papillon-perhoskorvakorut-valkokullasta-laboradiamanteilla\/\" \/>\n<meta property=\"og:site_name\" content=\"Colibri jewels\" \/>\n<meta property=\"article:publisher\" content=\"https:\/\/www.facebook.com\/colibri.jewels\" \/>\n<meta property=\"article:modified_time\" content=\"2025-06-17T15:53:39+00:00\" \/>\n<meta property=\"og:image\" content=\"https:\/\/colibri-jewels.eu\/wp-content\/uploads\/2025\/06\/Butterfly-earrings-in-white-gold-with-lab-grown-diamonds.jpg\" \/>\n\t<meta property=\"og:image:width\" content=\"1000\" \/>\n\t<meta property=\"og:image:height\" content=\"1000\" \/>\n\t<meta property=\"og:image:type\" content=\"image\/jpeg\" \/>\n<meta name=\"twitter:card\" content=\"summary_large_image\" \/>\n<meta name=\"twitter:label1\" content=\"Arvioitu lukuaika\" \/>\n\t<meta name=\"twitter:data1\" content=\"1 minuutti\" \/>\n<script type=\"application\/ld+json\" class=\"yoast-schema-graph\">{\"@context\":\"https:\/\/schema.org\",\"@graph\":[{\"@type\":\"WebPage\",\"@id\":\"https:\/\/colibri-jewels.eu\/fi\/tuote\/papillon-perhoskorvakorut-valkokullasta-laboradiamanteilla\/\",\"url\":\"https:\/\/colibri-jewels.eu\/fi\/tuote\/papillon-perhoskorvakorut-valkokullasta-laboradiamanteilla\/\",\"name\":\"Papillon-korvakorut \u2013 Perhosnapit valkokullasta ja laboradiamanteilla | Colibri Jewels\",\"isPartOf\":{\"@id\":\"https:\/\/colibri-jewels.eu\/fi\/#website\"},\"primaryImageOfPage\":{\"@id\":\"https:\/\/colibri-jewels.eu\/fi\/tuote\/papillon-perhoskorvakorut-valkokullasta-laboradiamanteilla\/#primaryimage\"},\"image\":{\"@id\":\"https:\/\/colibri-jewels.eu\/fi\/tuote\/papillon-perhoskorvakorut-valkokullasta-laboradiamanteilla\/#primaryimage\"},\"thumbnailUrl\":\"https:\/\/colibri-jewels.eu\/wp-content\/uploads\/2025\/06\/Butterfly-earrings-in-white-gold-with-lab-grown-diamonds.jpg\",\"datePublished\":\"2025-06-17T15:31:19+00:00\",\"dateModified\":\"2025-06-17T15:53:39+00:00\",\"description\":\"Tyylikk\u00e4\u00e4t Papillon-perhoskorvakorut valkokullasta ja laboradiamanteista (0,49 ct). Ilmainen toimitus Suomeen. Tilaa laadukkaat korut verkosta.\",\"breadcrumb\":{\"@id\":\"https:\/\/colibri-jewels.eu\/fi\/tuote\/papillon-perhoskorvakorut-valkokullasta-laboradiamanteilla\/#breadcrumb\"},\"inLanguage\":\"fi\",\"potentialAction\":[{\"@type\":\"ReadAction\",\"target\":[\"https:\/\/colibri-jewels.eu\/fi\/tuote\/papillon-perhoskorvakorut-valkokullasta-laboradiamanteilla\/\"]}]},{\"@type\":\"ImageObject\",\"inLanguage\":\"fi\",\"@id\":\"https:\/\/colibri-jewels.eu\/fi\/tuote\/papillon-perhoskorvakorut-valkokullasta-laboradiamanteilla\/#primaryimage\",\"url\":\"https:\/\/colibri-jewels.eu\/wp-content\/uploads\/2025\/06\/Butterfly-earrings-in-white-gold-with-lab-grown-diamonds.jpg\",\"contentUrl\":\"https:\/\/colibri-jewels.eu\/wp-content\/uploads\/2025\/06\/Butterfly-earrings-in-white-gold-with-lab-grown-diamonds.jpg\",\"width\":1000,\"height\":1000},{\"@type\":\"BreadcrumbList\",\"@id\":\"https:\/\/colibri-jewels.eu\/fi\/tuote\/papillon-perhoskorvakorut-valkokullasta-laboradiamanteilla\/#breadcrumb\",\"itemListElement\":[{\"@type\":\"ListItem\",\"position\":1,\"name\":\"\u0413\u043b\u0430\u0432\u043d\u0430\u044f \u0441\u0442\u0440\u0430\u043d\u0438\u0446\u0430\",\"item\":\"https:\/\/colibri-jewels.eu\/fi\/\"},{\"@type\":\"ListItem\",\"position\":2,\"name\":\"Kauppa\",\"item\":\"https:\/\/colibri-jewels.eu\/fi\/kauppa\/\"},{\"@type\":\"ListItem\",\"position\":3,\"name\":\"&#8220;Papillon&#8221; \u2013 perhoskorvakorut valkokullasta laboradiamanteilla\"}]},{\"@type\":\"WebSite\",\"@id\":\"https:\/\/colibri-jewels.eu\/fi\/#website\",\"url\":\"https:\/\/colibri-jewels.eu\/fi\/\",\"name\":\"Colibri jewels\",\"description\":\"jewelry shop\",\"publisher\":{\"@id\":\"https:\/\/colibri-jewels.eu\/fi\/#organization\"},\"potentialAction\":[{\"@type\":\"SearchAction\",\"target\":{\"@type\":\"EntryPoint\",\"urlTemplate\":\"https:\/\/colibri-jewels.eu\/fi\/?s={search_term_string}\"},\"query-input\":{\"@type\":\"PropertyValueSpecification\",\"valueRequired\":true,\"valueName\":\"search_term_string\"}}],\"inLanguage\":\"fi\"},{\"@type\":\"Organization\",\"@id\":\"https:\/\/colibri-jewels.eu\/fi\/#organization\",\"name\":\"O\u00dc Colibri\",\"url\":\"https:\/\/colibri-jewels.eu\/fi\/\",\"logo\":{\"@type\":\"ImageObject\",\"inLanguage\":\"fi\",\"@id\":\"https:\/\/colibri-jewels.eu\/fi\/#\/schema\/logo\/image\/\",\"url\":\"https:\/\/dev.colibri-jewels.eu\/wp-content\/uploads\/2021\/03\/colibri.png\",\"contentUrl\":\"https:\/\/dev.colibri-jewels.eu\/wp-content\/uploads\/2021\/03\/colibri.png\",\"width\":227,\"height\":130,\"caption\":\"O\u00dc Colibri\"},\"image\":{\"@id\":\"https:\/\/colibri-jewels.eu\/fi\/#\/schema\/logo\/image\/\"},\"sameAs\":[\"https:\/\/www.facebook.com\/colibri.jewels\",\"https:\/\/www.instagram.com\/colibri.jewels\",\"https:\/\/www.tiktok.com\/colibri.jewels\"]}]}<\/script>\n<!-- \/ Yoast SEO Premium plugin. -->","yoast_head_json":{"title":"Papillon-korvakorut \u2013 Perhosnapit valkokullasta ja laboradiamanteilla | Colibri Jewels","description":"Tyylikk\u00e4\u00e4t Papillon-perhoskorvakorut valkokullasta ja laboradiamanteista (0,49 ct). Ilmainen toimitus Suomeen. Tilaa laadukkaat korut verkosta.","robots":{"index":"index","follow":"follow","max-snippet":"max-snippet:-1","max-image-preview":"max-image-preview:large","max-video-preview":"max-video-preview:-1"},"canonical":"https:\/\/colibri-jewels.eu\/fi\/tuote\/papillon-perhoskorvakorut-valkokullasta-laboradiamanteilla\/","og_locale":"fi_FI","og_type":"article","og_title":"\"Papillon\" \u2013 perhoskorvakorut valkokullasta laboradiamanteilla","og_description":"Tyylikk\u00e4\u00e4t Papillon-perhoskorvakorut valkokullasta ja laboradiamanteista (0,49 ct). Ilmainen toimitus Suomeen. Tilaa laadukkaat korut verkosta.","og_url":"https:\/\/colibri-jewels.eu\/fi\/tuote\/papillon-perhoskorvakorut-valkokullasta-laboradiamanteilla\/","og_site_name":"Colibri jewels","article_publisher":"https:\/\/www.facebook.com\/colibri.jewels","article_modified_time":"2025-06-17T15:53:39+00:00","og_image":[{"width":1000,"height":1000,"url":"https:\/\/colibri-jewels.eu\/wp-content\/uploads\/2025\/06\/Butterfly-earrings-in-white-gold-with-lab-grown-diamonds.jpg","type":"image\/jpeg"}],"twitter_card":"summary_large_image","twitter_misc":{"Arvioitu lukuaika":"1 minuutti"},"schema":{"@context":"https:\/\/schema.org","@graph":[{"@type":"WebPage","@id":"https:\/\/colibri-jewels.eu\/fi\/tuote\/papillon-perhoskorvakorut-valkokullasta-laboradiamanteilla\/","url":"https:\/\/colibri-jewels.eu\/fi\/tuote\/papillon-perhoskorvakorut-valkokullasta-laboradiamanteilla\/","name":"Papillon-korvakorut \u2013 Perhosnapit valkokullasta ja laboradiamanteilla | Colibri Jewels","isPartOf":{"@id":"https:\/\/colibri-jewels.eu\/fi\/#website"},"primaryImageOfPage":{"@id":"https:\/\/colibri-jewels.eu\/fi\/tuote\/papillon-perhoskorvakorut-valkokullasta-laboradiamanteilla\/#primaryimage"},"image":{"@id":"https:\/\/colibri-jewels.eu\/fi\/tuote\/papillon-perhoskorvakorut-valkokullasta-laboradiamanteilla\/#primaryimage"},"thumbnailUrl":"https:\/\/colibri-jewels.eu\/wp-content\/uploads\/2025\/06\/Butterfly-earrings-in-white-gold-with-lab-grown-diamonds.jpg","datePublished":"2025-06-17T15:31:19+00:00","dateModified":"2025-06-17T15:53:39+00:00","description":"Tyylikk\u00e4\u00e4t Papillon-perhoskorvakorut valkokullasta ja laboradiamanteista (0,49 ct). Ilmainen toimitus Suomeen. Tilaa laadukkaat korut verkosta.","breadcrumb":{"@id":"https:\/\/colibri-jewels.eu\/fi\/tuote\/papillon-perhoskorvakorut-valkokullasta-laboradiamanteilla\/#breadcrumb"},"inLanguage":"fi","potentialAction":[{"@type":"ReadAction","target":["https:\/\/colibri-jewels.eu\/fi\/tuote\/papillon-perhoskorvakorut-valkokullasta-laboradiamanteilla\/"]}]},{"@type":"ImageObject","inLanguage":"fi","@id":"https:\/\/colibri-jewels.eu\/fi\/tuote\/papillon-perhoskorvakorut-valkokullasta-laboradiamanteilla\/#primaryimage","url":"https:\/\/colibri-jewels.eu\/wp-content\/uploads\/2025\/06\/Butterfly-earrings-in-white-gold-with-lab-grown-diamonds.jpg","contentUrl":"https:\/\/colibri-jewels.eu\/wp-content\/uploads\/2025\/06\/Butterfly-earrings-in-white-gold-with-lab-grown-diamonds.jpg","width":1000,"height":1000},{"@type":"BreadcrumbList","@id":"https:\/\/colibri-jewels.eu\/fi\/tuote\/papillon-perhoskorvakorut-valkokullasta-laboradiamanteilla\/#breadcrumb","itemListElement":[{"@type":"ListItem","position":1,"name":"\u0413\u043b\u0430\u0432\u043d\u0430\u044f \u0441\u0442\u0440\u0430\u043d\u0438\u0446\u0430","item":"https:\/\/colibri-jewels.eu\/fi\/"},{"@type":"ListItem","position":2,"name":"Kauppa","item":"https:\/\/colibri-jewels.eu\/fi\/kauppa\/"},{"@type":"ListItem","position":3,"name":"&#8220;Papillon&#8221; \u2013 perhoskorvakorut valkokullasta laboradiamanteilla"}]},{"@type":"WebSite","@id":"https:\/\/colibri-jewels.eu\/fi\/#website","url":"https:\/\/colibri-jewels.eu\/fi\/","name":"Colibri jewels","description":"jewelry shop","publisher":{"@id":"https:\/\/colibri-jewels.eu\/fi\/#organization"},"potentialAction":[{"@type":"SearchAction","target":{"@type":"EntryPoint","urlTemplate":"https:\/\/colibri-jewels.eu\/fi\/?s={search_term_string}"},"query-input":{"@type":"PropertyValueSpecification","valueRequired":true,"valueName":"search_term_string"}}],"inLanguage":"fi"},{"@type":"Organization","@id":"https:\/\/colibri-jewels.eu\/fi\/#organization","name":"O\u00dc Colibri","url":"https:\/\/colibri-jewels.eu\/fi\/","logo":{"@type":"ImageObject","inLanguage":"fi","@id":"https:\/\/colibri-jewels.eu\/fi\/#\/schema\/logo\/image\/","url":"https:\/\/dev.colibri-jewels.eu\/wp-content\/uploads\/2021\/03\/colibri.png","contentUrl":"https:\/\/dev.colibri-jewels.eu\/wp-content\/uploads\/2021\/03\/colibri.png","width":227,"height":130,"caption":"O\u00dc Colibri"},"image":{"@id":"https:\/\/colibri-jewels.eu\/fi\/#\/schema\/logo\/image\/"},"sameAs":["https:\/\/www.facebook.com\/colibri.jewels","https:\/\/www.instagram.com\/colibri.jewels","https:\/\/www.tiktok.com\/colibri.jewels"]}]}},"_links":{"self":[{"href":"https:\/\/colibri-jewels.eu\/fi\/wp-json\/wp\/v2\/product\/54101","targetHints":{"allow":["GET"]}}],"collection":[{"href":"https:\/\/colibri-jewels.eu\/fi\/wp-json\/wp\/v2\/product"}],"about":[{"href":"https:\/\/colibri-jewels.eu\/fi\/wp-json\/wp\/v2\/types\/product"}],"replies":[{"embeddable":true,"href":"https:\/\/colibri-jewels.eu\/fi\/wp-json\/wp\/v2\/comments?post=54101"}],"version-history":[{"count":0,"href":"https:\/\/colibri-jewels.eu\/fi\/wp-json\/wp\/v2\/product\/54101\/revisions"}],"wp:featuredmedia":[{"embeddable":true,"href":"https:\/\/colibri-jewels.eu\/fi\/wp-json\/wp\/v2\/media\/54091"}],"wp:attachment":[{"href":"https:\/\/colibri-jewels.eu\/fi\/wp-json\/wp\/v2\/media?parent=54101"}],"wp:term":[{"taxonomy":"brand","embeddable":true,"href":"https:\/\/colibri-jewels.eu\/fi\/wp-json\/wp\/v2\/etheme_brands?post=54101"},{"taxonomy":"product_brand","embeddable":true,"href":"https:\/\/colibri-jewels.eu\/fi\/wp-json\/wp\/v2\/product_brand?post=54101"},{"taxonomy":"product_cat","embeddable":true,"href":"https:\/\/colibri-jewels.eu\/fi\/wp-json\/wp\/v2\/product_cat?post=54101"},{"taxonomy":"product_tag","embeddable":true,"href":"https:\/\/colibri-jewels.eu\/fi\/wp-json\/wp\/v2\/product_tag?post=54101"}],"curies":[{"name":"wp","href":"https:\/\/api.w.org\/{rel}","templated":true}]}}