{"id":55044,"date":"2025-07-06T17:08:47","date_gmt":"2025-07-06T14:08:47","guid":{"rendered":"https:\/\/colibri-jewels.eu\/?post_type=product&#038;p=55044"},"modified":"2025-10-02T22:33:40","modified_gmt":"2025-10-02T19:33:40","slug":"ikuisuus-timanttisormus-platinasta-tai-kullasta","status":"publish","type":"product","link":"https:\/\/colibri-jewels.eu\/fi\/tuote\/ikuisuus-timanttisormus-platinasta-tai-kullasta\/","title":{"rendered":"&#8221;Ikuisuus&#8221; timanttisormus platinasta tai kullasta"},"content":{"rendered":"<p>Hieno &#8221;Ikuisuus&#8221;-sormus on ikuisen rakkauden ja omistautumisen symboli. T\u00e4m\u00e4 sormus, joka on koristeltu kimaltelevilla timanteilla koko keh\u00e4ns\u00e4 ymp\u00e4ri, on ihanteellinen valinta kihlasormukseksi, vuosip\u00e4iv\u00e4lahjaksi tai vain erityiseksi lahjaksi. Jokainen sormus valmistetaan mittatilausty\u00f6n\u00e4 sopimaan sinulle t\u00e4ydellisesti.  <\/p>\n<p><b>Ominaisuudet:<\/b><\/p>\n<ul>\n<li><b>Materiaali:<\/b>\n<ul>\n<li>Platina 950<\/li>\n<li>Valko-, kelta- tai ruusukulta 585<\/li>\n<\/ul>\n<\/li>\n<li><b>Upotteet<\/b>: Luonnolliset py\u00f6r\u00f6hiotut timantit.<\/li>\n<li><b>Timanttien halkaisija<\/b>: 2,5 mm<\/li>\n<li><b>Erityisominaisuudet<\/b>: Timantit on istutettu koko sormuksen ymp\u00e4ri.<\/li>\n<\/ul>\n<p><b>T\u00e4rke\u00e4\u00e4 tietoa:<\/b><\/p>\n<p>Timanttien m\u00e4\u00e4r\u00e4 ja niiden kokonaiskaraattipaino riippuvat sormuksen koosta. Esimerkiksi kuvassa n\u00e4kyv\u00e4ss\u00e4, koon 15,5 sormuksessa on k\u00e4ytetty 21 timanttia, joiden kokonaispaino on 1,27 karaattia. Sinun kokoasi varten kivien m\u00e4\u00e4r\u00e4 ja niiden paino lasketaan uudelleen, ja tarkka hinta m\u00e4\u00e4ritell\u00e4\u00e4n yksil\u00f6llisesti koon vahvistamisen j\u00e4lkeen.  <\/p>\n<p><b>Valmistusaika<\/b>: Sormuksen valmistus kest\u00e4\u00e4 4-5 viikkoa. Pyyd\u00e4mme huomioimaan t\u00e4m\u00e4n tilausta tehdess\u00e4si. <\/p>\n<p><b>Hoito-ohjeet:<\/b> Timanttien ja metallin kiillon s\u00e4ilytt\u00e4miseksi suositellaan s\u00e4\u00e4nn\u00f6llist\u00e4 ammattimaista puhdistusta.<\/p>\n","protected":false},"excerpt":{"rendered":"<ul>\n<li><b>Ominaisuudet:<\/b>\n<ul>\n<li><b>Materiaali:<\/b>\n<ul>\n<li>Platina 950<\/li>\n<li>Valko-, kelta- tai ruusukulta 585<\/li>\n<\/ul>\n<\/li>\n<li><b>Upotteet<\/b>: Luonnolliset py\u00f6r\u00f6hiotut timantit.<\/li>\n<li><b>Timanttien halkaisija<\/b>: 2,5 mm<\/li>\n<li><b>Erityisominaisuudet<\/b>: Timantit on istutettu koko sormuksen ymp\u00e4ri.<\/li>\n<\/ul>\n<\/li>\n<\/ul>\n","protected":false},"featured_media":55031,"comment_status":"open","ping_status":"closed","template":"","meta":[],"etheme_brands":[],"product_brand":[],"product_cat":[990],"product_tag":[997,994,1256,1011,999],"class_list":{"0":"post-55044","1":"product","2":"type-product","3":"status-publish","4":"has-post-thumbnail","6":"product_cat-sormukset","7":"product_tag-kihlaus","8":"product_tag-klassiset","9":"product_tag-lab-timantit","10":"product_tag-vihkisormukset","11":"product_tag-yksinoikeudella","13":"first","14":"onbackorder","15":"shipping-taxable","16":"purchasable","17":"product-type-variable"},"acf":[],"yoast_head":"<!-- This site is optimized with the Yoast SEO Premium plugin v26.5 (Yoast SEO v26.8) - https:\/\/yoast.com\/product\/yoast-seo-premium-wordpress\/ -->\n<title>&quot;Ikuisuus&quot; timanttisormus Platina\/Kulta \u2013 Mittatilaus<\/title>\n<meta name=\"description\" content=\"Ainutlaatuinen &quot;Infinity&quot;-sormus, jossa luonnontimantteja ymp\u00e4riins\u00e4. Mittatilausty\u00f6n\u00e4 valmistettu platinasta tai kullasta. Pyyd\u00e4 tarjous koostasi. Valmistusaika 4-5 viikkoa.\" \/>\n<meta name=\"robots\" content=\"index, follow, max-snippet:-1, max-image-preview:large, max-video-preview:-1\" \/>\n<link rel=\"canonical\" href=\"https:\/\/colibri-jewels.eu\/fi\/tuote\/ikuisuus-timanttisormus-platinasta-tai-kullasta\/\" \/>\n<meta property=\"og:locale\" content=\"fi_FI\" \/>\n<meta property=\"og:type\" content=\"article\" \/>\n<meta property=\"og:title\" content=\"&quot;Ikuisuus&quot; timanttisormus platinasta tai kullasta\" \/>\n<meta property=\"og:description\" content=\"Ainutlaatuinen &quot;Infinity&quot;-sormus, jossa luonnontimantteja ymp\u00e4riins\u00e4. Mittatilausty\u00f6n\u00e4 valmistettu platinasta tai kullasta. Pyyd\u00e4 tarjous koostasi. Valmistusaika 4-5 viikkoa.\" \/>\n<meta property=\"og:url\" content=\"https:\/\/colibri-jewels.eu\/fi\/tuote\/ikuisuus-timanttisormus-platinasta-tai-kullasta\/\" \/>\n<meta property=\"og:site_name\" content=\"Colibri jewels\" \/>\n<meta property=\"article:publisher\" content=\"https:\/\/www.facebook.com\/colibri.jewels\" \/>\n<meta property=\"article:modified_time\" content=\"2025-10-02T19:33:40+00:00\" \/>\n<meta property=\"og:image\" content=\"https:\/\/colibri-jewels.eu\/wp-content\/uploads\/2025\/07\/platinum-eternity-wedding-diamond-ring.jpg\" \/>\n\t<meta property=\"og:image:width\" content=\"1000\" \/>\n\t<meta property=\"og:image:height\" content=\"1000\" \/>\n\t<meta property=\"og:image:type\" content=\"image\/jpeg\" \/>\n<meta name=\"twitter:card\" content=\"summary_large_image\" \/>\n<meta name=\"twitter:label1\" content=\"Arvioitu lukuaika\" \/>\n\t<meta name=\"twitter:data1\" content=\"1 minuutti\" \/>\n<script type=\"application\/ld+json\" class=\"yoast-schema-graph\">{\"@context\":\"https:\/\/schema.org\",\"@graph\":[{\"@type\":\"WebPage\",\"@id\":\"https:\/\/colibri-jewels.eu\/fi\/tuote\/ikuisuus-timanttisormus-platinasta-tai-kullasta\/\",\"url\":\"https:\/\/colibri-jewels.eu\/fi\/tuote\/ikuisuus-timanttisormus-platinasta-tai-kullasta\/\",\"name\":\"\\\"Ikuisuus\\\" timanttisormus Platina\/Kulta \u2013 Mittatilaus\",\"isPartOf\":{\"@id\":\"https:\/\/colibri-jewels.eu\/fi\/#website\"},\"primaryImageOfPage\":{\"@id\":\"https:\/\/colibri-jewels.eu\/fi\/tuote\/ikuisuus-timanttisormus-platinasta-tai-kullasta\/#primaryimage\"},\"image\":{\"@id\":\"https:\/\/colibri-jewels.eu\/fi\/tuote\/ikuisuus-timanttisormus-platinasta-tai-kullasta\/#primaryimage\"},\"thumbnailUrl\":\"https:\/\/colibri-jewels.eu\/wp-content\/uploads\/2025\/07\/platinum-eternity-wedding-diamond-ring.jpg\",\"datePublished\":\"2025-07-06T14:08:47+00:00\",\"dateModified\":\"2025-10-02T19:33:40+00:00\",\"description\":\"Ainutlaatuinen \\\"Infinity\\\"-sormus, jossa luonnontimantteja ymp\u00e4riins\u00e4. Mittatilausty\u00f6n\u00e4 valmistettu platinasta tai kullasta. Pyyd\u00e4 tarjous koostasi. Valmistusaika 4-5 viikkoa.\",\"breadcrumb\":{\"@id\":\"https:\/\/colibri-jewels.eu\/fi\/tuote\/ikuisuus-timanttisormus-platinasta-tai-kullasta\/#breadcrumb\"},\"inLanguage\":\"fi\",\"potentialAction\":[{\"@type\":\"ReadAction\",\"target\":[\"https:\/\/colibri-jewels.eu\/fi\/tuote\/ikuisuus-timanttisormus-platinasta-tai-kullasta\/\"]}]},{\"@type\":\"ImageObject\",\"inLanguage\":\"fi\",\"@id\":\"https:\/\/colibri-jewels.eu\/fi\/tuote\/ikuisuus-timanttisormus-platinasta-tai-kullasta\/#primaryimage\",\"url\":\"https:\/\/colibri-jewels.eu\/wp-content\/uploads\/2025\/07\/platinum-eternity-wedding-diamond-ring.jpg\",\"contentUrl\":\"https:\/\/colibri-jewels.eu\/wp-content\/uploads\/2025\/07\/platinum-eternity-wedding-diamond-ring.jpg\",\"width\":1000,\"height\":1000},{\"@type\":\"BreadcrumbList\",\"@id\":\"https:\/\/colibri-jewels.eu\/fi\/tuote\/ikuisuus-timanttisormus-platinasta-tai-kullasta\/#breadcrumb\",\"itemListElement\":[{\"@type\":\"ListItem\",\"position\":1,\"name\":\"\u0413\u043b\u0430\u0432\u043d\u0430\u044f \u0441\u0442\u0440\u0430\u043d\u0438\u0446\u0430\",\"item\":\"https:\/\/colibri-jewels.eu\/fi\/\"},{\"@type\":\"ListItem\",\"position\":2,\"name\":\"Kauppa\",\"item\":\"https:\/\/colibri-jewels.eu\/fi\/kauppa\/\"},{\"@type\":\"ListItem\",\"position\":3,\"name\":\"&#8220;Ikuisuus&#8221; timanttisormus platinasta tai kullasta\"}]},{\"@type\":\"WebSite\",\"@id\":\"https:\/\/colibri-jewels.eu\/fi\/#website\",\"url\":\"https:\/\/colibri-jewels.eu\/fi\/\",\"name\":\"Colibri jewels\",\"description\":\"jewelry shop\",\"publisher\":{\"@id\":\"https:\/\/colibri-jewels.eu\/fi\/#organization\"},\"potentialAction\":[{\"@type\":\"SearchAction\",\"target\":{\"@type\":\"EntryPoint\",\"urlTemplate\":\"https:\/\/colibri-jewels.eu\/fi\/?s={search_term_string}\"},\"query-input\":{\"@type\":\"PropertyValueSpecification\",\"valueRequired\":true,\"valueName\":\"search_term_string\"}}],\"inLanguage\":\"fi\"},{\"@type\":\"Organization\",\"@id\":\"https:\/\/colibri-jewels.eu\/fi\/#organization\",\"name\":\"O\u00dc Colibri\",\"url\":\"https:\/\/colibri-jewels.eu\/fi\/\",\"logo\":{\"@type\":\"ImageObject\",\"inLanguage\":\"fi\",\"@id\":\"https:\/\/colibri-jewels.eu\/fi\/#\/schema\/logo\/image\/\",\"url\":\"https:\/\/dev.colibri-jewels.eu\/wp-content\/uploads\/2021\/03\/colibri.png\",\"contentUrl\":\"https:\/\/dev.colibri-jewels.eu\/wp-content\/uploads\/2021\/03\/colibri.png\",\"width\":227,\"height\":130,\"caption\":\"O\u00dc Colibri\"},\"image\":{\"@id\":\"https:\/\/colibri-jewels.eu\/fi\/#\/schema\/logo\/image\/\"},\"sameAs\":[\"https:\/\/www.facebook.com\/colibri.jewels\",\"https:\/\/www.instagram.com\/colibri.jewels\",\"https:\/\/www.tiktok.com\/colibri.jewels\"]}]}<\/script>\n<!-- \/ Yoast SEO Premium plugin. -->","yoast_head_json":{"title":"\"Ikuisuus\" timanttisormus Platina\/Kulta \u2013 Mittatilaus","description":"Ainutlaatuinen \"Infinity\"-sormus, jossa luonnontimantteja ymp\u00e4riins\u00e4. Mittatilausty\u00f6n\u00e4 valmistettu platinasta tai kullasta. Pyyd\u00e4 tarjous koostasi. Valmistusaika 4-5 viikkoa.","robots":{"index":"index","follow":"follow","max-snippet":"max-snippet:-1","max-image-preview":"max-image-preview:large","max-video-preview":"max-video-preview:-1"},"canonical":"https:\/\/colibri-jewels.eu\/fi\/tuote\/ikuisuus-timanttisormus-platinasta-tai-kullasta\/","og_locale":"fi_FI","og_type":"article","og_title":"\"Ikuisuus\" timanttisormus platinasta tai kullasta","og_description":"Ainutlaatuinen \"Infinity\"-sormus, jossa luonnontimantteja ymp\u00e4riins\u00e4. Mittatilausty\u00f6n\u00e4 valmistettu platinasta tai kullasta. Pyyd\u00e4 tarjous koostasi. Valmistusaika 4-5 viikkoa.","og_url":"https:\/\/colibri-jewels.eu\/fi\/tuote\/ikuisuus-timanttisormus-platinasta-tai-kullasta\/","og_site_name":"Colibri jewels","article_publisher":"https:\/\/www.facebook.com\/colibri.jewels","article_modified_time":"2025-10-02T19:33:40+00:00","og_image":[{"width":1000,"height":1000,"url":"https:\/\/colibri-jewels.eu\/wp-content\/uploads\/2025\/07\/platinum-eternity-wedding-diamond-ring.jpg","type":"image\/jpeg"}],"twitter_card":"summary_large_image","twitter_misc":{"Arvioitu lukuaika":"1 minuutti"},"schema":{"@context":"https:\/\/schema.org","@graph":[{"@type":"WebPage","@id":"https:\/\/colibri-jewels.eu\/fi\/tuote\/ikuisuus-timanttisormus-platinasta-tai-kullasta\/","url":"https:\/\/colibri-jewels.eu\/fi\/tuote\/ikuisuus-timanttisormus-platinasta-tai-kullasta\/","name":"\"Ikuisuus\" timanttisormus Platina\/Kulta \u2013 Mittatilaus","isPartOf":{"@id":"https:\/\/colibri-jewels.eu\/fi\/#website"},"primaryImageOfPage":{"@id":"https:\/\/colibri-jewels.eu\/fi\/tuote\/ikuisuus-timanttisormus-platinasta-tai-kullasta\/#primaryimage"},"image":{"@id":"https:\/\/colibri-jewels.eu\/fi\/tuote\/ikuisuus-timanttisormus-platinasta-tai-kullasta\/#primaryimage"},"thumbnailUrl":"https:\/\/colibri-jewels.eu\/wp-content\/uploads\/2025\/07\/platinum-eternity-wedding-diamond-ring.jpg","datePublished":"2025-07-06T14:08:47+00:00","dateModified":"2025-10-02T19:33:40+00:00","description":"Ainutlaatuinen \"Infinity\"-sormus, jossa luonnontimantteja ymp\u00e4riins\u00e4. Mittatilausty\u00f6n\u00e4 valmistettu platinasta tai kullasta. Pyyd\u00e4 tarjous koostasi. Valmistusaika 4-5 viikkoa.","breadcrumb":{"@id":"https:\/\/colibri-jewels.eu\/fi\/tuote\/ikuisuus-timanttisormus-platinasta-tai-kullasta\/#breadcrumb"},"inLanguage":"fi","potentialAction":[{"@type":"ReadAction","target":["https:\/\/colibri-jewels.eu\/fi\/tuote\/ikuisuus-timanttisormus-platinasta-tai-kullasta\/"]}]},{"@type":"ImageObject","inLanguage":"fi","@id":"https:\/\/colibri-jewels.eu\/fi\/tuote\/ikuisuus-timanttisormus-platinasta-tai-kullasta\/#primaryimage","url":"https:\/\/colibri-jewels.eu\/wp-content\/uploads\/2025\/07\/platinum-eternity-wedding-diamond-ring.jpg","contentUrl":"https:\/\/colibri-jewels.eu\/wp-content\/uploads\/2025\/07\/platinum-eternity-wedding-diamond-ring.jpg","width":1000,"height":1000},{"@type":"BreadcrumbList","@id":"https:\/\/colibri-jewels.eu\/fi\/tuote\/ikuisuus-timanttisormus-platinasta-tai-kullasta\/#breadcrumb","itemListElement":[{"@type":"ListItem","position":1,"name":"\u0413\u043b\u0430\u0432\u043d\u0430\u044f \u0441\u0442\u0440\u0430\u043d\u0438\u0446\u0430","item":"https:\/\/colibri-jewels.eu\/fi\/"},{"@type":"ListItem","position":2,"name":"Kauppa","item":"https:\/\/colibri-jewels.eu\/fi\/kauppa\/"},{"@type":"ListItem","position":3,"name":"&#8220;Ikuisuus&#8221; timanttisormus platinasta tai kullasta"}]},{"@type":"WebSite","@id":"https:\/\/colibri-jewels.eu\/fi\/#website","url":"https:\/\/colibri-jewels.eu\/fi\/","name":"Colibri jewels","description":"jewelry shop","publisher":{"@id":"https:\/\/colibri-jewels.eu\/fi\/#organization"},"potentialAction":[{"@type":"SearchAction","target":{"@type":"EntryPoint","urlTemplate":"https:\/\/colibri-jewels.eu\/fi\/?s={search_term_string}"},"query-input":{"@type":"PropertyValueSpecification","valueRequired":true,"valueName":"search_term_string"}}],"inLanguage":"fi"},{"@type":"Organization","@id":"https:\/\/colibri-jewels.eu\/fi\/#organization","name":"O\u00dc Colibri","url":"https:\/\/colibri-jewels.eu\/fi\/","logo":{"@type":"ImageObject","inLanguage":"fi","@id":"https:\/\/colibri-jewels.eu\/fi\/#\/schema\/logo\/image\/","url":"https:\/\/dev.colibri-jewels.eu\/wp-content\/uploads\/2021\/03\/colibri.png","contentUrl":"https:\/\/dev.colibri-jewels.eu\/wp-content\/uploads\/2021\/03\/colibri.png","width":227,"height":130,"caption":"O\u00dc Colibri"},"image":{"@id":"https:\/\/colibri-jewels.eu\/fi\/#\/schema\/logo\/image\/"},"sameAs":["https:\/\/www.facebook.com\/colibri.jewels","https:\/\/www.instagram.com\/colibri.jewels","https:\/\/www.tiktok.com\/colibri.jewels"]}]}},"_links":{"self":[{"href":"https:\/\/colibri-jewels.eu\/fi\/wp-json\/wp\/v2\/product\/55044","targetHints":{"allow":["GET"]}}],"collection":[{"href":"https:\/\/colibri-jewels.eu\/fi\/wp-json\/wp\/v2\/product"}],"about":[{"href":"https:\/\/colibri-jewels.eu\/fi\/wp-json\/wp\/v2\/types\/product"}],"replies":[{"embeddable":true,"href":"https:\/\/colibri-jewels.eu\/fi\/wp-json\/wp\/v2\/comments?post=55044"}],"version-history":[{"count":1,"href":"https:\/\/colibri-jewels.eu\/fi\/wp-json\/wp\/v2\/product\/55044\/revisions"}],"predecessor-version":[{"id":57242,"href":"https:\/\/colibri-jewels.eu\/fi\/wp-json\/wp\/v2\/product\/55044\/revisions\/57242"}],"wp:featuredmedia":[{"embeddable":true,"href":"https:\/\/colibri-jewels.eu\/fi\/wp-json\/wp\/v2\/media\/55031"}],"wp:attachment":[{"href":"https:\/\/colibri-jewels.eu\/fi\/wp-json\/wp\/v2\/media?parent=55044"}],"wp:term":[{"taxonomy":"brand","embeddable":true,"href":"https:\/\/colibri-jewels.eu\/fi\/wp-json\/wp\/v2\/etheme_brands?post=55044"},{"taxonomy":"product_brand","embeddable":true,"href":"https:\/\/colibri-jewels.eu\/fi\/wp-json\/wp\/v2\/product_brand?post=55044"},{"taxonomy":"product_cat","embeddable":true,"href":"https:\/\/colibri-jewels.eu\/fi\/wp-json\/wp\/v2\/product_cat?post=55044"},{"taxonomy":"product_tag","embeddable":true,"href":"https:\/\/colibri-jewels.eu\/fi\/wp-json\/wp\/v2\/product_tag?post=55044"}],"curies":[{"name":"wp","href":"https:\/\/api.w.org\/{rel}","templated":true}]}}