{"id":55416,"date":"2025-09-24T12:12:01","date_gmt":"2025-09-24T09:12:01","guid":{"rendered":"https:\/\/colibri-jewels.eu\/?post_type=product&#038;p=55416"},"modified":"2025-08-14T12:32:06","modified_gmt":"2025-08-14T09:32:06","slug":"ruusukultasormus-safiirilla-ja-timanteilla-leila","status":"publish","type":"product","link":"https:\/\/colibri-jewels.eu\/fi\/tuote\/ruusukultasormus-safiirilla-ja-timanteilla-leila\/","title":{"rendered":"Ruusukultasormus safiirilla ja timanteilla &#8221;Leila&#8221;"},"content":{"rendered":"<p>T\u00e4m\u00e4 elegantti sormus on hillityn ylellisyyden ja moitteettoman maun ilmentym\u00e4. Kokonaisuuden keskipisteen\u00e4 on loistava sininen safiiri, joka on tukevasti istutettu l\u00e4mpim\u00e4\u00e4n ruusukultakehykseen, ja sen kauneutta korostaa 14 kimaltelevan timantin rivi. Sormus on ihanteellinen lis\u00e4 asiallisempaan tai arkiseen tyyliin. Erinomainen valinta niille, jotka arvostavat klassista eleganssia ja hienostuneisuutta.<\/p>\n<p>&nbsp;<\/p>\n","protected":false},"excerpt":{"rendered":"<ul>\n<li><b>Tuotteen tyyppi<\/b>: Sormus<\/li>\n<li><b>Metalli<\/b>: Kulta<\/li>\n<li><b>Pitoisuus:<\/b> 585 (14 kt)<\/li>\n<li><b>Metallin v\u00e4ri:<\/b> Roosa<\/li>\n<li><b>Kivi 1:<\/b> Safiiri (luonnollinen)\n<ul>\n<li><b>M\u00e4\u00e4r\u00e4<\/b>: 1<\/li>\n<li><b>Hionta<\/b>: Py\u00f6re\u00e4<\/li>\n<li><b>Paino<\/b>: 0,50 ct<\/li>\n<\/ul>\n<\/li>\n<li><b>Kivi 2:<\/b> Timantti (luonnollinen)\n<ul>\n<li><b>M\u00e4\u00e4r\u00e4<\/b>: 14<\/li>\n<li><b>Hionta:<\/b> Py\u00f6re\u00e4 (57 tahkoa)<\/li>\n<li><b>Kokonaispaino:<\/b> 0,22 ct<\/li>\n<\/ul>\n<\/li>\n<li><b>Koko<\/b>: 16,5<\/li>\n<li><b>US Ring Size:<\/b> 6<\/li>\n<\/ul>\n","protected":false},"featured_media":55389,"comment_status":"open","ping_status":"closed","template":"","meta":[],"etheme_brands":[],"product_brand":[],"product_cat":[990],"product_tag":[997,994,1002],"class_list":{"0":"post-55416","1":"product","2":"type-product","3":"status-publish","4":"has-post-thumbnail","6":"product_cat-sormukset","7":"product_tag-kihlaus","8":"product_tag-klassiset","9":"product_tag-lakoniset","11":"first","12":"instock","13":"shipping-taxable","14":"purchasable","15":"product-type-simple"},"acf":[],"yoast_head":"<!-- This site is optimized with the Yoast SEO Premium plugin v26.5 (Yoast SEO v26.8) - https:\/\/yoast.com\/product\/yoast-seo-premium-wordpress\/ -->\n<title>Ruusukultasormus safiirilla ja timanteilla &quot;Leila&quot; - Colibri jewels<\/title>\n<meta name=\"description\" content=\"Osta elegantti 585 ruusukultasormus luonnollisella safiirilla ja timanteilla. T\u00e4ydellinen koru bisnestyyliin ja arkik\u00e4ytt\u00f6\u00f6n. Toimitus Viroon.\" \/>\n<meta name=\"robots\" content=\"index, follow, max-snippet:-1, max-image-preview:large, max-video-preview:-1\" \/>\n<link rel=\"canonical\" href=\"https:\/\/colibri-jewels.eu\/fi\/tuote\/ruusukultasormus-safiirilla-ja-timanteilla-leila\/\" \/>\n<meta property=\"og:locale\" content=\"fi_FI\" \/>\n<meta property=\"og:type\" content=\"article\" \/>\n<meta property=\"og:title\" content=\"Ruusukultasormus safiirilla ja timanteilla &quot;Leila&quot;\" \/>\n<meta property=\"og:description\" content=\"Osta elegantti 585 ruusukultasormus luonnollisella safiirilla ja timanteilla. T\u00e4ydellinen koru bisnestyyliin ja arkik\u00e4ytt\u00f6\u00f6n. Toimitus Viroon.\" \/>\n<meta property=\"og:url\" content=\"https:\/\/colibri-jewels.eu\/fi\/tuote\/ruusukultasormus-safiirilla-ja-timanteilla-leila\/\" \/>\n<meta property=\"og:site_name\" content=\"Colibri jewels\" \/>\n<meta property=\"article:publisher\" content=\"https:\/\/www.facebook.com\/colibri.jewels\" \/>\n<meta property=\"og:image\" content=\"https:\/\/colibri-jewels.eu\/wp-content\/uploads\/2025\/08\/RS-6567-1.jpg\" \/>\n\t<meta property=\"og:image:width\" content=\"669\" \/>\n\t<meta property=\"og:image:height\" content=\"669\" \/>\n\t<meta property=\"og:image:type\" content=\"image\/jpeg\" \/>\n<meta name=\"twitter:card\" content=\"summary_large_image\" \/>\n<script type=\"application\/ld+json\" class=\"yoast-schema-graph\">{\"@context\":\"https:\/\/schema.org\",\"@graph\":[{\"@type\":\"WebPage\",\"@id\":\"https:\/\/colibri-jewels.eu\/fi\/tuote\/ruusukultasormus-safiirilla-ja-timanteilla-leila\/\",\"url\":\"https:\/\/colibri-jewels.eu\/fi\/tuote\/ruusukultasormus-safiirilla-ja-timanteilla-leila\/\",\"name\":\"Ruusukultasormus safiirilla ja timanteilla \\\"Leila\\\" - Colibri jewels\",\"isPartOf\":{\"@id\":\"https:\/\/colibri-jewels.eu\/fi\/#website\"},\"primaryImageOfPage\":{\"@id\":\"https:\/\/colibri-jewels.eu\/fi\/tuote\/ruusukultasormus-safiirilla-ja-timanteilla-leila\/#primaryimage\"},\"image\":{\"@id\":\"https:\/\/colibri-jewels.eu\/fi\/tuote\/ruusukultasormus-safiirilla-ja-timanteilla-leila\/#primaryimage\"},\"thumbnailUrl\":\"https:\/\/colibri-jewels.eu\/wp-content\/uploads\/2025\/08\/RS-6567-1.jpg\",\"datePublished\":\"2025-09-24T09:12:01+00:00\",\"description\":\"Osta elegantti 585 ruusukultasormus luonnollisella safiirilla ja timanteilla. T\u00e4ydellinen koru bisnestyyliin ja arkik\u00e4ytt\u00f6\u00f6n. Toimitus Viroon.\",\"breadcrumb\":{\"@id\":\"https:\/\/colibri-jewels.eu\/fi\/tuote\/ruusukultasormus-safiirilla-ja-timanteilla-leila\/#breadcrumb\"},\"inLanguage\":\"fi\",\"potentialAction\":[{\"@type\":\"ReadAction\",\"target\":[\"https:\/\/colibri-jewels.eu\/fi\/tuote\/ruusukultasormus-safiirilla-ja-timanteilla-leila\/\"]}]},{\"@type\":\"ImageObject\",\"inLanguage\":\"fi\",\"@id\":\"https:\/\/colibri-jewels.eu\/fi\/tuote\/ruusukultasormus-safiirilla-ja-timanteilla-leila\/#primaryimage\",\"url\":\"https:\/\/colibri-jewels.eu\/wp-content\/uploads\/2025\/08\/RS-6567-1.jpg\",\"contentUrl\":\"https:\/\/colibri-jewels.eu\/wp-content\/uploads\/2025\/08\/RS-6567-1.jpg\",\"width\":669,\"height\":669},{\"@type\":\"BreadcrumbList\",\"@id\":\"https:\/\/colibri-jewels.eu\/fi\/tuote\/ruusukultasormus-safiirilla-ja-timanteilla-leila\/#breadcrumb\",\"itemListElement\":[{\"@type\":\"ListItem\",\"position\":1,\"name\":\"\u0413\u043b\u0430\u0432\u043d\u0430\u044f \u0441\u0442\u0440\u0430\u043d\u0438\u0446\u0430\",\"item\":\"https:\/\/colibri-jewels.eu\/fi\/\"},{\"@type\":\"ListItem\",\"position\":2,\"name\":\"Kauppa\",\"item\":\"https:\/\/colibri-jewels.eu\/fi\/kauppa\/\"},{\"@type\":\"ListItem\",\"position\":3,\"name\":\"Ruusukultasormus safiirilla ja timanteilla &#8220;Leila&#8221;\"}]},{\"@type\":\"WebSite\",\"@id\":\"https:\/\/colibri-jewels.eu\/fi\/#website\",\"url\":\"https:\/\/colibri-jewels.eu\/fi\/\",\"name\":\"Colibri jewels\",\"description\":\"jewelry shop\",\"publisher\":{\"@id\":\"https:\/\/colibri-jewels.eu\/fi\/#organization\"},\"potentialAction\":[{\"@type\":\"SearchAction\",\"target\":{\"@type\":\"EntryPoint\",\"urlTemplate\":\"https:\/\/colibri-jewels.eu\/fi\/?s={search_term_string}\"},\"query-input\":{\"@type\":\"PropertyValueSpecification\",\"valueRequired\":true,\"valueName\":\"search_term_string\"}}],\"inLanguage\":\"fi\"},{\"@type\":\"Organization\",\"@id\":\"https:\/\/colibri-jewels.eu\/fi\/#organization\",\"name\":\"O\u00dc Colibri\",\"url\":\"https:\/\/colibri-jewels.eu\/fi\/\",\"logo\":{\"@type\":\"ImageObject\",\"inLanguage\":\"fi\",\"@id\":\"https:\/\/colibri-jewels.eu\/fi\/#\/schema\/logo\/image\/\",\"url\":\"https:\/\/dev.colibri-jewels.eu\/wp-content\/uploads\/2021\/03\/colibri.png\",\"contentUrl\":\"https:\/\/dev.colibri-jewels.eu\/wp-content\/uploads\/2021\/03\/colibri.png\",\"width\":227,\"height\":130,\"caption\":\"O\u00dc Colibri\"},\"image\":{\"@id\":\"https:\/\/colibri-jewels.eu\/fi\/#\/schema\/logo\/image\/\"},\"sameAs\":[\"https:\/\/www.facebook.com\/colibri.jewels\",\"https:\/\/www.instagram.com\/colibri.jewels\",\"https:\/\/www.tiktok.com\/colibri.jewels\"]}]}<\/script>\n<!-- \/ Yoast SEO Premium plugin. -->","yoast_head_json":{"title":"Ruusukultasormus safiirilla ja timanteilla \"Leila\" - Colibri jewels","description":"Osta elegantti 585 ruusukultasormus luonnollisella safiirilla ja timanteilla. T\u00e4ydellinen koru bisnestyyliin ja arkik\u00e4ytt\u00f6\u00f6n. Toimitus Viroon.","robots":{"index":"index","follow":"follow","max-snippet":"max-snippet:-1","max-image-preview":"max-image-preview:large","max-video-preview":"max-video-preview:-1"},"canonical":"https:\/\/colibri-jewels.eu\/fi\/tuote\/ruusukultasormus-safiirilla-ja-timanteilla-leila\/","og_locale":"fi_FI","og_type":"article","og_title":"Ruusukultasormus safiirilla ja timanteilla \"Leila\"","og_description":"Osta elegantti 585 ruusukultasormus luonnollisella safiirilla ja timanteilla. T\u00e4ydellinen koru bisnestyyliin ja arkik\u00e4ytt\u00f6\u00f6n. Toimitus Viroon.","og_url":"https:\/\/colibri-jewels.eu\/fi\/tuote\/ruusukultasormus-safiirilla-ja-timanteilla-leila\/","og_site_name":"Colibri jewels","article_publisher":"https:\/\/www.facebook.com\/colibri.jewels","og_image":[{"width":669,"height":669,"url":"https:\/\/colibri-jewels.eu\/wp-content\/uploads\/2025\/08\/RS-6567-1.jpg","type":"image\/jpeg"}],"twitter_card":"summary_large_image","schema":{"@context":"https:\/\/schema.org","@graph":[{"@type":"WebPage","@id":"https:\/\/colibri-jewels.eu\/fi\/tuote\/ruusukultasormus-safiirilla-ja-timanteilla-leila\/","url":"https:\/\/colibri-jewels.eu\/fi\/tuote\/ruusukultasormus-safiirilla-ja-timanteilla-leila\/","name":"Ruusukultasormus safiirilla ja timanteilla \"Leila\" - Colibri jewels","isPartOf":{"@id":"https:\/\/colibri-jewels.eu\/fi\/#website"},"primaryImageOfPage":{"@id":"https:\/\/colibri-jewels.eu\/fi\/tuote\/ruusukultasormus-safiirilla-ja-timanteilla-leila\/#primaryimage"},"image":{"@id":"https:\/\/colibri-jewels.eu\/fi\/tuote\/ruusukultasormus-safiirilla-ja-timanteilla-leila\/#primaryimage"},"thumbnailUrl":"https:\/\/colibri-jewels.eu\/wp-content\/uploads\/2025\/08\/RS-6567-1.jpg","datePublished":"2025-09-24T09:12:01+00:00","description":"Osta elegantti 585 ruusukultasormus luonnollisella safiirilla ja timanteilla. T\u00e4ydellinen koru bisnestyyliin ja arkik\u00e4ytt\u00f6\u00f6n. Toimitus Viroon.","breadcrumb":{"@id":"https:\/\/colibri-jewels.eu\/fi\/tuote\/ruusukultasormus-safiirilla-ja-timanteilla-leila\/#breadcrumb"},"inLanguage":"fi","potentialAction":[{"@type":"ReadAction","target":["https:\/\/colibri-jewels.eu\/fi\/tuote\/ruusukultasormus-safiirilla-ja-timanteilla-leila\/"]}]},{"@type":"ImageObject","inLanguage":"fi","@id":"https:\/\/colibri-jewels.eu\/fi\/tuote\/ruusukultasormus-safiirilla-ja-timanteilla-leila\/#primaryimage","url":"https:\/\/colibri-jewels.eu\/wp-content\/uploads\/2025\/08\/RS-6567-1.jpg","contentUrl":"https:\/\/colibri-jewels.eu\/wp-content\/uploads\/2025\/08\/RS-6567-1.jpg","width":669,"height":669},{"@type":"BreadcrumbList","@id":"https:\/\/colibri-jewels.eu\/fi\/tuote\/ruusukultasormus-safiirilla-ja-timanteilla-leila\/#breadcrumb","itemListElement":[{"@type":"ListItem","position":1,"name":"\u0413\u043b\u0430\u0432\u043d\u0430\u044f \u0441\u0442\u0440\u0430\u043d\u0438\u0446\u0430","item":"https:\/\/colibri-jewels.eu\/fi\/"},{"@type":"ListItem","position":2,"name":"Kauppa","item":"https:\/\/colibri-jewels.eu\/fi\/kauppa\/"},{"@type":"ListItem","position":3,"name":"Ruusukultasormus safiirilla ja timanteilla &#8220;Leila&#8221;"}]},{"@type":"WebSite","@id":"https:\/\/colibri-jewels.eu\/fi\/#website","url":"https:\/\/colibri-jewels.eu\/fi\/","name":"Colibri jewels","description":"jewelry shop","publisher":{"@id":"https:\/\/colibri-jewels.eu\/fi\/#organization"},"potentialAction":[{"@type":"SearchAction","target":{"@type":"EntryPoint","urlTemplate":"https:\/\/colibri-jewels.eu\/fi\/?s={search_term_string}"},"query-input":{"@type":"PropertyValueSpecification","valueRequired":true,"valueName":"search_term_string"}}],"inLanguage":"fi"},{"@type":"Organization","@id":"https:\/\/colibri-jewels.eu\/fi\/#organization","name":"O\u00dc Colibri","url":"https:\/\/colibri-jewels.eu\/fi\/","logo":{"@type":"ImageObject","inLanguage":"fi","@id":"https:\/\/colibri-jewels.eu\/fi\/#\/schema\/logo\/image\/","url":"https:\/\/dev.colibri-jewels.eu\/wp-content\/uploads\/2021\/03\/colibri.png","contentUrl":"https:\/\/dev.colibri-jewels.eu\/wp-content\/uploads\/2021\/03\/colibri.png","width":227,"height":130,"caption":"O\u00dc Colibri"},"image":{"@id":"https:\/\/colibri-jewels.eu\/fi\/#\/schema\/logo\/image\/"},"sameAs":["https:\/\/www.facebook.com\/colibri.jewels","https:\/\/www.instagram.com\/colibri.jewels","https:\/\/www.tiktok.com\/colibri.jewels"]}]}},"_links":{"self":[{"href":"https:\/\/colibri-jewels.eu\/fi\/wp-json\/wp\/v2\/product\/55416","targetHints":{"allow":["GET"]}}],"collection":[{"href":"https:\/\/colibri-jewels.eu\/fi\/wp-json\/wp\/v2\/product"}],"about":[{"href":"https:\/\/colibri-jewels.eu\/fi\/wp-json\/wp\/v2\/types\/product"}],"replies":[{"embeddable":true,"href":"https:\/\/colibri-jewels.eu\/fi\/wp-json\/wp\/v2\/comments?post=55416"}],"version-history":[{"count":0,"href":"https:\/\/colibri-jewels.eu\/fi\/wp-json\/wp\/v2\/product\/55416\/revisions"}],"wp:featuredmedia":[{"embeddable":true,"href":"https:\/\/colibri-jewels.eu\/fi\/wp-json\/wp\/v2\/media\/55389"}],"wp:attachment":[{"href":"https:\/\/colibri-jewels.eu\/fi\/wp-json\/wp\/v2\/media?parent=55416"}],"wp:term":[{"taxonomy":"brand","embeddable":true,"href":"https:\/\/colibri-jewels.eu\/fi\/wp-json\/wp\/v2\/etheme_brands?post=55416"},{"taxonomy":"product_brand","embeddable":true,"href":"https:\/\/colibri-jewels.eu\/fi\/wp-json\/wp\/v2\/product_brand?post=55416"},{"taxonomy":"product_cat","embeddable":true,"href":"https:\/\/colibri-jewels.eu\/fi\/wp-json\/wp\/v2\/product_cat?post=55416"},{"taxonomy":"product_tag","embeddable":true,"href":"https:\/\/colibri-jewels.eu\/fi\/wp-json\/wp\/v2\/product_tag?post=55416"}],"curies":[{"name":"wp","href":"https:\/\/api.w.org\/{rel}","templated":true}]}}