{"id":55889,"date":"2025-08-22T12:06:55","date_gmt":"2025-08-22T09:06:55","guid":{"rendered":"https:\/\/colibri-jewels.eu\/?post_type=product&#038;p=55889"},"modified":"2025-08-22T12:21:01","modified_gmt":"2025-08-22T09:21:01","slug":"hopeiset-korvakorut-firenze-copy","status":"publish","type":"product","link":"https:\/\/colibri-jewels.eu\/fi\/tuote\/hopeiset-korvakorut-firenze-copy\/","title":{"rendered":"Hopeiset korvakorut &#8221;Firenze&#8221;"},"content":{"rendered":"<p>N\u00e4m\u00e4 tyylikk\u00e4\u00e4t &#8221;Firenze&#8221; -korvakorut &#8221;Italian lomat&#8221; -kokoelmasta ovat klassisen tyylin ruumiillistuma. Korvakorut on valmistettu mustalla rodiumilla pinnoitetusta hopeasta ja koristeltu viljellyill\u00e4 mustilla helmilla. Selke\u00e4t linjat ja kimaltelevat kiteet korostavat korun hienostuneisuutta. Luotettavat katalaaniset lukot takaavat mukavuuden ja turvallisuuden k\u00e4yt\u00f6ss\u00e4.<\/p>\n","protected":false},"excerpt":{"rendered":"<p>N\u00e4m\u00e4 tyylikk\u00e4\u00e4t &#8221;Firenze&#8221; -korvakorut &#8221;Italian lomat&#8221; -kokoelmasta ovat klassisen tyylin ruumiillistuma. Korvakorut on valmistettu mustalla rodiumilla pinnoitetusta hopeasta ja koristeltu viljellyill\u00e4 mustilla helmilla. Selke\u00e4t linjat&#8230;<\/p>\n","protected":false},"featured_media":55704,"comment_status":"open","ping_status":"closed","template":"","meta":[],"etheme_brands":[],"product_brand":[],"product_cat":[987],"product_tag":[],"class_list":{"0":"post-55889","1":"product","2":"type-product","3":"status-publish","4":"has-post-thumbnail","6":"product_cat-korvakorut","8":"first","9":"instock","10":"shipping-taxable","11":"purchasable","12":"product-type-simple"},"acf":[],"yoast_head":"<!-- This site is optimized with the Yoast SEO Premium plugin v26.5 (Yoast SEO v26.8) - https:\/\/yoast.com\/product\/yoast-seo-premium-wordpress\/ -->\n<title>Hopeiset korvakorut &quot;Firenze&quot; - Colibri jewels<\/title>\n<meta name=\"description\" content=\"Osta mustalla rodiumilla pinnoitetut hopeiset &quot;Firenze&quot; -korvakorut mustalla viljellyll\u00e4 helmell\u00e4. Tyylikk\u00e4\u00e4t roikkuvat korvakorut &quot;Italian lomat&quot; -kokoelmasta.\" \/>\n<meta name=\"robots\" content=\"index, follow, max-snippet:-1, max-image-preview:large, max-video-preview:-1\" \/>\n<link rel=\"canonical\" href=\"https:\/\/colibri-jewels.eu\/fi\/tuote\/hopeiset-korvakorut-firenze-copy\/\" \/>\n<meta property=\"og:locale\" content=\"fi_FI\" \/>\n<meta property=\"og:type\" content=\"article\" \/>\n<meta property=\"og:title\" content=\"Hopeiset korvakorut &quot;Firenze&quot;\" \/>\n<meta property=\"og:description\" content=\"Osta mustalla rodiumilla pinnoitetut hopeiset &quot;Firenze&quot; -korvakorut mustalla viljellyll\u00e4 helmell\u00e4. Tyylikk\u00e4\u00e4t roikkuvat korvakorut &quot;Italian lomat&quot; -kokoelmasta.\" \/>\n<meta property=\"og:url\" content=\"https:\/\/colibri-jewels.eu\/fi\/tuote\/hopeiset-korvakorut-firenze-copy\/\" \/>\n<meta property=\"og:site_name\" content=\"Colibri jewels\" \/>\n<meta property=\"article:publisher\" content=\"https:\/\/www.facebook.com\/colibri.jewels\" \/>\n<meta property=\"article:modified_time\" content=\"2025-08-22T09:21:01+00:00\" \/>\n<meta property=\"og:image\" content=\"https:\/\/colibri-jewels.eu\/wp-content\/uploads\/2025\/08\/silver-earrings-with-black-drop-pearl.jpg\" \/>\n\t<meta property=\"og:image:width\" content=\"1000\" \/>\n\t<meta property=\"og:image:height\" content=\"1000\" \/>\n\t<meta property=\"og:image:type\" content=\"image\/jpeg\" \/>\n<meta name=\"twitter:card\" content=\"summary_large_image\" \/>\n<script type=\"application\/ld+json\" class=\"yoast-schema-graph\">{\"@context\":\"https:\/\/schema.org\",\"@graph\":[{\"@type\":\"WebPage\",\"@id\":\"https:\/\/colibri-jewels.eu\/fi\/tuote\/hopeiset-korvakorut-firenze-copy\/\",\"url\":\"https:\/\/colibri-jewels.eu\/fi\/tuote\/hopeiset-korvakorut-firenze-copy\/\",\"name\":\"Hopeiset korvakorut \\\"Firenze\\\" - Colibri jewels\",\"isPartOf\":{\"@id\":\"https:\/\/colibri-jewels.eu\/fi\/#website\"},\"primaryImageOfPage\":{\"@id\":\"https:\/\/colibri-jewels.eu\/fi\/tuote\/hopeiset-korvakorut-firenze-copy\/#primaryimage\"},\"image\":{\"@id\":\"https:\/\/colibri-jewels.eu\/fi\/tuote\/hopeiset-korvakorut-firenze-copy\/#primaryimage\"},\"thumbnailUrl\":\"https:\/\/colibri-jewels.eu\/wp-content\/uploads\/2025\/08\/silver-earrings-with-black-drop-pearl.jpg\",\"datePublished\":\"2025-08-22T09:06:55+00:00\",\"dateModified\":\"2025-08-22T09:21:01+00:00\",\"description\":\"Osta mustalla rodiumilla pinnoitetut hopeiset \\\"Firenze\\\" -korvakorut mustalla viljellyll\u00e4 helmell\u00e4. Tyylikk\u00e4\u00e4t roikkuvat korvakorut \\\"Italian lomat\\\" -kokoelmasta.\",\"breadcrumb\":{\"@id\":\"https:\/\/colibri-jewels.eu\/fi\/tuote\/hopeiset-korvakorut-firenze-copy\/#breadcrumb\"},\"inLanguage\":\"fi\",\"potentialAction\":[{\"@type\":\"ReadAction\",\"target\":[\"https:\/\/colibri-jewels.eu\/fi\/tuote\/hopeiset-korvakorut-firenze-copy\/\"]}]},{\"@type\":\"ImageObject\",\"inLanguage\":\"fi\",\"@id\":\"https:\/\/colibri-jewels.eu\/fi\/tuote\/hopeiset-korvakorut-firenze-copy\/#primaryimage\",\"url\":\"https:\/\/colibri-jewels.eu\/wp-content\/uploads\/2025\/08\/silver-earrings-with-black-drop-pearl.jpg\",\"contentUrl\":\"https:\/\/colibri-jewels.eu\/wp-content\/uploads\/2025\/08\/silver-earrings-with-black-drop-pearl.jpg\",\"width\":1000,\"height\":1000},{\"@type\":\"BreadcrumbList\",\"@id\":\"https:\/\/colibri-jewels.eu\/fi\/tuote\/hopeiset-korvakorut-firenze-copy\/#breadcrumb\",\"itemListElement\":[{\"@type\":\"ListItem\",\"position\":1,\"name\":\"\u0413\u043b\u0430\u0432\u043d\u0430\u044f \u0441\u0442\u0440\u0430\u043d\u0438\u0446\u0430\",\"item\":\"https:\/\/colibri-jewels.eu\/fi\/\"},{\"@type\":\"ListItem\",\"position\":2,\"name\":\"Kauppa\",\"item\":\"https:\/\/colibri-jewels.eu\/fi\/kauppa\/\"},{\"@type\":\"ListItem\",\"position\":3,\"name\":\"Hopeiset korvakorut &#8220;Firenze&#8221;\"}]},{\"@type\":\"WebSite\",\"@id\":\"https:\/\/colibri-jewels.eu\/fi\/#website\",\"url\":\"https:\/\/colibri-jewels.eu\/fi\/\",\"name\":\"Colibri jewels\",\"description\":\"jewelry shop\",\"publisher\":{\"@id\":\"https:\/\/colibri-jewels.eu\/fi\/#organization\"},\"potentialAction\":[{\"@type\":\"SearchAction\",\"target\":{\"@type\":\"EntryPoint\",\"urlTemplate\":\"https:\/\/colibri-jewels.eu\/fi\/?s={search_term_string}\"},\"query-input\":{\"@type\":\"PropertyValueSpecification\",\"valueRequired\":true,\"valueName\":\"search_term_string\"}}],\"inLanguage\":\"fi\"},{\"@type\":\"Organization\",\"@id\":\"https:\/\/colibri-jewels.eu\/fi\/#organization\",\"name\":\"O\u00dc Colibri\",\"url\":\"https:\/\/colibri-jewels.eu\/fi\/\",\"logo\":{\"@type\":\"ImageObject\",\"inLanguage\":\"fi\",\"@id\":\"https:\/\/colibri-jewels.eu\/fi\/#\/schema\/logo\/image\/\",\"url\":\"https:\/\/dev.colibri-jewels.eu\/wp-content\/uploads\/2021\/03\/colibri.png\",\"contentUrl\":\"https:\/\/dev.colibri-jewels.eu\/wp-content\/uploads\/2021\/03\/colibri.png\",\"width\":227,\"height\":130,\"caption\":\"O\u00dc Colibri\"},\"image\":{\"@id\":\"https:\/\/colibri-jewels.eu\/fi\/#\/schema\/logo\/image\/\"},\"sameAs\":[\"https:\/\/www.facebook.com\/colibri.jewels\",\"https:\/\/www.instagram.com\/colibri.jewels\",\"https:\/\/www.tiktok.com\/colibri.jewels\"]}]}<\/script>\n<!-- \/ Yoast SEO Premium plugin. -->","yoast_head_json":{"title":"Hopeiset korvakorut \"Firenze\" - Colibri jewels","description":"Osta mustalla rodiumilla pinnoitetut hopeiset \"Firenze\" -korvakorut mustalla viljellyll\u00e4 helmell\u00e4. Tyylikk\u00e4\u00e4t roikkuvat korvakorut \"Italian lomat\" -kokoelmasta.","robots":{"index":"index","follow":"follow","max-snippet":"max-snippet:-1","max-image-preview":"max-image-preview:large","max-video-preview":"max-video-preview:-1"},"canonical":"https:\/\/colibri-jewels.eu\/fi\/tuote\/hopeiset-korvakorut-firenze-copy\/","og_locale":"fi_FI","og_type":"article","og_title":"Hopeiset korvakorut \"Firenze\"","og_description":"Osta mustalla rodiumilla pinnoitetut hopeiset \"Firenze\" -korvakorut mustalla viljellyll\u00e4 helmell\u00e4. Tyylikk\u00e4\u00e4t roikkuvat korvakorut \"Italian lomat\" -kokoelmasta.","og_url":"https:\/\/colibri-jewels.eu\/fi\/tuote\/hopeiset-korvakorut-firenze-copy\/","og_site_name":"Colibri jewels","article_publisher":"https:\/\/www.facebook.com\/colibri.jewels","article_modified_time":"2025-08-22T09:21:01+00:00","og_image":[{"width":1000,"height":1000,"url":"https:\/\/colibri-jewels.eu\/wp-content\/uploads\/2025\/08\/silver-earrings-with-black-drop-pearl.jpg","type":"image\/jpeg"}],"twitter_card":"summary_large_image","schema":{"@context":"https:\/\/schema.org","@graph":[{"@type":"WebPage","@id":"https:\/\/colibri-jewels.eu\/fi\/tuote\/hopeiset-korvakorut-firenze-copy\/","url":"https:\/\/colibri-jewels.eu\/fi\/tuote\/hopeiset-korvakorut-firenze-copy\/","name":"Hopeiset korvakorut \"Firenze\" - Colibri jewels","isPartOf":{"@id":"https:\/\/colibri-jewels.eu\/fi\/#website"},"primaryImageOfPage":{"@id":"https:\/\/colibri-jewels.eu\/fi\/tuote\/hopeiset-korvakorut-firenze-copy\/#primaryimage"},"image":{"@id":"https:\/\/colibri-jewels.eu\/fi\/tuote\/hopeiset-korvakorut-firenze-copy\/#primaryimage"},"thumbnailUrl":"https:\/\/colibri-jewels.eu\/wp-content\/uploads\/2025\/08\/silver-earrings-with-black-drop-pearl.jpg","datePublished":"2025-08-22T09:06:55+00:00","dateModified":"2025-08-22T09:21:01+00:00","description":"Osta mustalla rodiumilla pinnoitetut hopeiset \"Firenze\" -korvakorut mustalla viljellyll\u00e4 helmell\u00e4. Tyylikk\u00e4\u00e4t roikkuvat korvakorut \"Italian lomat\" -kokoelmasta.","breadcrumb":{"@id":"https:\/\/colibri-jewels.eu\/fi\/tuote\/hopeiset-korvakorut-firenze-copy\/#breadcrumb"},"inLanguage":"fi","potentialAction":[{"@type":"ReadAction","target":["https:\/\/colibri-jewels.eu\/fi\/tuote\/hopeiset-korvakorut-firenze-copy\/"]}]},{"@type":"ImageObject","inLanguage":"fi","@id":"https:\/\/colibri-jewels.eu\/fi\/tuote\/hopeiset-korvakorut-firenze-copy\/#primaryimage","url":"https:\/\/colibri-jewels.eu\/wp-content\/uploads\/2025\/08\/silver-earrings-with-black-drop-pearl.jpg","contentUrl":"https:\/\/colibri-jewels.eu\/wp-content\/uploads\/2025\/08\/silver-earrings-with-black-drop-pearl.jpg","width":1000,"height":1000},{"@type":"BreadcrumbList","@id":"https:\/\/colibri-jewels.eu\/fi\/tuote\/hopeiset-korvakorut-firenze-copy\/#breadcrumb","itemListElement":[{"@type":"ListItem","position":1,"name":"\u0413\u043b\u0430\u0432\u043d\u0430\u044f \u0441\u0442\u0440\u0430\u043d\u0438\u0446\u0430","item":"https:\/\/colibri-jewels.eu\/fi\/"},{"@type":"ListItem","position":2,"name":"Kauppa","item":"https:\/\/colibri-jewels.eu\/fi\/kauppa\/"},{"@type":"ListItem","position":3,"name":"Hopeiset korvakorut &#8220;Firenze&#8221;"}]},{"@type":"WebSite","@id":"https:\/\/colibri-jewels.eu\/fi\/#website","url":"https:\/\/colibri-jewels.eu\/fi\/","name":"Colibri jewels","description":"jewelry shop","publisher":{"@id":"https:\/\/colibri-jewels.eu\/fi\/#organization"},"potentialAction":[{"@type":"SearchAction","target":{"@type":"EntryPoint","urlTemplate":"https:\/\/colibri-jewels.eu\/fi\/?s={search_term_string}"},"query-input":{"@type":"PropertyValueSpecification","valueRequired":true,"valueName":"search_term_string"}}],"inLanguage":"fi"},{"@type":"Organization","@id":"https:\/\/colibri-jewels.eu\/fi\/#organization","name":"O\u00dc Colibri","url":"https:\/\/colibri-jewels.eu\/fi\/","logo":{"@type":"ImageObject","inLanguage":"fi","@id":"https:\/\/colibri-jewels.eu\/fi\/#\/schema\/logo\/image\/","url":"https:\/\/dev.colibri-jewels.eu\/wp-content\/uploads\/2021\/03\/colibri.png","contentUrl":"https:\/\/dev.colibri-jewels.eu\/wp-content\/uploads\/2021\/03\/colibri.png","width":227,"height":130,"caption":"O\u00dc Colibri"},"image":{"@id":"https:\/\/colibri-jewels.eu\/fi\/#\/schema\/logo\/image\/"},"sameAs":["https:\/\/www.facebook.com\/colibri.jewels","https:\/\/www.instagram.com\/colibri.jewels","https:\/\/www.tiktok.com\/colibri.jewels"]}]}},"_links":{"self":[{"href":"https:\/\/colibri-jewels.eu\/fi\/wp-json\/wp\/v2\/product\/55889","targetHints":{"allow":["GET"]}}],"collection":[{"href":"https:\/\/colibri-jewels.eu\/fi\/wp-json\/wp\/v2\/product"}],"about":[{"href":"https:\/\/colibri-jewels.eu\/fi\/wp-json\/wp\/v2\/types\/product"}],"replies":[{"embeddable":true,"href":"https:\/\/colibri-jewels.eu\/fi\/wp-json\/wp\/v2\/comments?post=55889"}],"version-history":[{"count":0,"href":"https:\/\/colibri-jewels.eu\/fi\/wp-json\/wp\/v2\/product\/55889\/revisions"}],"wp:featuredmedia":[{"embeddable":true,"href":"https:\/\/colibri-jewels.eu\/fi\/wp-json\/wp\/v2\/media\/55704"}],"wp:attachment":[{"href":"https:\/\/colibri-jewels.eu\/fi\/wp-json\/wp\/v2\/media?parent=55889"}],"wp:term":[{"taxonomy":"brand","embeddable":true,"href":"https:\/\/colibri-jewels.eu\/fi\/wp-json\/wp\/v2\/etheme_brands?post=55889"},{"taxonomy":"product_brand","embeddable":true,"href":"https:\/\/colibri-jewels.eu\/fi\/wp-json\/wp\/v2\/product_brand?post=55889"},{"taxonomy":"product_cat","embeddable":true,"href":"https:\/\/colibri-jewels.eu\/fi\/wp-json\/wp\/v2\/product_cat?post=55889"},{"taxonomy":"product_tag","embeddable":true,"href":"https:\/\/colibri-jewels.eu\/fi\/wp-json\/wp\/v2\/product_tag?post=55889"}],"curies":[{"name":"wp","href":"https:\/\/api.w.org\/{rel}","templated":true}]}}