{"id":55926,"date":"2025-08-22T22:29:37","date_gmt":"2025-08-22T19:29:37","guid":{"rendered":"https:\/\/colibri-jewels.eu\/?post_type=product&#038;p=55926"},"modified":"2025-08-23T17:12:46","modified_gmt":"2025-08-23T14:12:46","slug":"hopeinen-sormus-positano-copy","status":"publish","type":"product","link":"https:\/\/colibri-jewels.eu\/fi\/tuote\/hopeinen-sormus-positano-copy\/","title":{"rendered":"Hopeinen sormus &#8221;Gioia&#8221;"},"content":{"rendered":"<p>T\u00e4m\u00e4 &#8221;Gioia&#8221; -sormus &#8221;Italian lomat&#8221; -kokoelmasta on t\u00e4ydellinen asuste luomaan eloisan ja mieleenpainuvan ilmeen. Sormus on valmistettu kullatusta hopeasta ja v\u00e4rilliset zirkonit, jotka on asetettu keh\u00e4istutukseen, luovat elegantin ja tyylikk\u00e4\u00e4n aksentin. T\u00e4m\u00e4n tyyppinen istutus on yksi luotettavimmista. Koru korostaa yksil\u00f6llisyytt\u00e4si ja lis\u00e4\u00e4 v\u00e4ri\u00e4 jokap\u00e4iv\u00e4iseen tyyliisi.<\/p>\n","protected":false},"excerpt":{"rendered":"<p>T\u00e4m\u00e4 &#8221;Gioia&#8221; -sormus &#8221;Italian lomat&#8221; -kokoelmasta on t\u00e4ydellinen asuste luomaan eloisan ja mieleenpainuvan ilmeen. Sormus on valmistettu kullatusta hopeasta ja v\u00e4rilliset zirkonit, jotka on asetettu&#8230;<\/p>\n","protected":false},"featured_media":55764,"comment_status":"open","ping_status":"closed","template":"","meta":[],"etheme_brands":[],"product_brand":[],"product_cat":[990],"product_tag":[],"class_list":{"0":"post-55926","1":"product","2":"type-product","3":"status-publish","4":"has-post-thumbnail","6":"product_cat-sormukset","8":"first","9":"instock","10":"shipping-taxable","11":"purchasable","12":"product-type-variable"},"acf":[],"yoast_head":"<!-- This site is optimized with the Yoast SEO Premium plugin v26.5 (Yoast SEO v26.8) - https:\/\/yoast.com\/product\/yoast-seo-premium-wordpress\/ -->\n<title>Hopeinen sormus &quot;Gioia&quot; - Colibri jewels<\/title>\n<meta name=\"description\" content=\"Osta kullattu hopeasormus &quot;Gioia&quot;. Tyylik\u00e4s sormus zirkoneilla keh\u00e4istutuksessa &quot;Italian lomat&quot; -kokoelmasta\" \/>\n<meta name=\"robots\" content=\"index, follow, max-snippet:-1, max-image-preview:large, max-video-preview:-1\" \/>\n<link rel=\"canonical\" href=\"https:\/\/colibri-jewels.eu\/fi\/tuote\/hopeinen-sormus-positano-copy\/\" \/>\n<meta property=\"og:locale\" content=\"fi_FI\" \/>\n<meta property=\"og:type\" content=\"article\" \/>\n<meta property=\"og:title\" content=\"Hopeinen sormus &quot;Gioia&quot;\" \/>\n<meta property=\"og:description\" content=\"Osta kullattu hopeasormus &quot;Gioia&quot;. Tyylik\u00e4s sormus zirkoneilla keh\u00e4istutuksessa &quot;Italian lomat&quot; -kokoelmasta\" \/>\n<meta property=\"og:url\" content=\"https:\/\/colibri-jewels.eu\/fi\/tuote\/hopeinen-sormus-positano-copy\/\" \/>\n<meta property=\"og:site_name\" content=\"Colibri jewels\" \/>\n<meta property=\"article:publisher\" content=\"https:\/\/www.facebook.com\/colibri.jewels\" \/>\n<meta property=\"article:modified_time\" content=\"2025-08-23T14:12:46+00:00\" \/>\n<meta property=\"og:image\" content=\"https:\/\/colibri-jewels.eu\/wp-content\/uploads\/2025\/08\/silver-ring-gold-plated-bezel-set-color-cz.jpg\" \/>\n\t<meta property=\"og:image:width\" content=\"1000\" \/>\n\t<meta property=\"og:image:height\" content=\"1000\" \/>\n\t<meta property=\"og:image:type\" content=\"image\/jpeg\" \/>\n<meta name=\"twitter:card\" content=\"summary_large_image\" \/>\n<script type=\"application\/ld+json\" class=\"yoast-schema-graph\">{\"@context\":\"https:\/\/schema.org\",\"@graph\":[{\"@type\":\"WebPage\",\"@id\":\"https:\/\/colibri-jewels.eu\/fi\/tuote\/hopeinen-sormus-positano-copy\/\",\"url\":\"https:\/\/colibri-jewels.eu\/fi\/tuote\/hopeinen-sormus-positano-copy\/\",\"name\":\"Hopeinen sormus \\\"Gioia\\\" - Colibri jewels\",\"isPartOf\":{\"@id\":\"https:\/\/colibri-jewels.eu\/fi\/#website\"},\"primaryImageOfPage\":{\"@id\":\"https:\/\/colibri-jewels.eu\/fi\/tuote\/hopeinen-sormus-positano-copy\/#primaryimage\"},\"image\":{\"@id\":\"https:\/\/colibri-jewels.eu\/fi\/tuote\/hopeinen-sormus-positano-copy\/#primaryimage\"},\"thumbnailUrl\":\"https:\/\/colibri-jewels.eu\/wp-content\/uploads\/2025\/08\/silver-ring-gold-plated-bezel-set-color-cz.jpg\",\"datePublished\":\"2025-08-22T19:29:37+00:00\",\"dateModified\":\"2025-08-23T14:12:46+00:00\",\"description\":\"Osta kullattu hopeasormus \\\"Gioia\\\". Tyylik\u00e4s sormus zirkoneilla keh\u00e4istutuksessa \\\"Italian lomat\\\" -kokoelmasta\",\"breadcrumb\":{\"@id\":\"https:\/\/colibri-jewels.eu\/fi\/tuote\/hopeinen-sormus-positano-copy\/#breadcrumb\"},\"inLanguage\":\"fi\",\"potentialAction\":[{\"@type\":\"ReadAction\",\"target\":[\"https:\/\/colibri-jewels.eu\/fi\/tuote\/hopeinen-sormus-positano-copy\/\"]}]},{\"@type\":\"ImageObject\",\"inLanguage\":\"fi\",\"@id\":\"https:\/\/colibri-jewels.eu\/fi\/tuote\/hopeinen-sormus-positano-copy\/#primaryimage\",\"url\":\"https:\/\/colibri-jewels.eu\/wp-content\/uploads\/2025\/08\/silver-ring-gold-plated-bezel-set-color-cz.jpg\",\"contentUrl\":\"https:\/\/colibri-jewels.eu\/wp-content\/uploads\/2025\/08\/silver-ring-gold-plated-bezel-set-color-cz.jpg\",\"width\":1000,\"height\":1000},{\"@type\":\"BreadcrumbList\",\"@id\":\"https:\/\/colibri-jewels.eu\/fi\/tuote\/hopeinen-sormus-positano-copy\/#breadcrumb\",\"itemListElement\":[{\"@type\":\"ListItem\",\"position\":1,\"name\":\"\u0413\u043b\u0430\u0432\u043d\u0430\u044f \u0441\u0442\u0440\u0430\u043d\u0438\u0446\u0430\",\"item\":\"https:\/\/colibri-jewels.eu\/fi\/\"},{\"@type\":\"ListItem\",\"position\":2,\"name\":\"Kauppa\",\"item\":\"https:\/\/colibri-jewels.eu\/fi\/kauppa\/\"},{\"@type\":\"ListItem\",\"position\":3,\"name\":\"Hopeinen sormus &#8220;Gioia&#8221;\"}]},{\"@type\":\"WebSite\",\"@id\":\"https:\/\/colibri-jewels.eu\/fi\/#website\",\"url\":\"https:\/\/colibri-jewels.eu\/fi\/\",\"name\":\"Colibri jewels\",\"description\":\"jewelry shop\",\"publisher\":{\"@id\":\"https:\/\/colibri-jewels.eu\/fi\/#organization\"},\"potentialAction\":[{\"@type\":\"SearchAction\",\"target\":{\"@type\":\"EntryPoint\",\"urlTemplate\":\"https:\/\/colibri-jewels.eu\/fi\/?s={search_term_string}\"},\"query-input\":{\"@type\":\"PropertyValueSpecification\",\"valueRequired\":true,\"valueName\":\"search_term_string\"}}],\"inLanguage\":\"fi\"},{\"@type\":\"Organization\",\"@id\":\"https:\/\/colibri-jewels.eu\/fi\/#organization\",\"name\":\"O\u00dc Colibri\",\"url\":\"https:\/\/colibri-jewels.eu\/fi\/\",\"logo\":{\"@type\":\"ImageObject\",\"inLanguage\":\"fi\",\"@id\":\"https:\/\/colibri-jewels.eu\/fi\/#\/schema\/logo\/image\/\",\"url\":\"https:\/\/dev.colibri-jewels.eu\/wp-content\/uploads\/2021\/03\/colibri.png\",\"contentUrl\":\"https:\/\/dev.colibri-jewels.eu\/wp-content\/uploads\/2021\/03\/colibri.png\",\"width\":227,\"height\":130,\"caption\":\"O\u00dc Colibri\"},\"image\":{\"@id\":\"https:\/\/colibri-jewels.eu\/fi\/#\/schema\/logo\/image\/\"},\"sameAs\":[\"https:\/\/www.facebook.com\/colibri.jewels\",\"https:\/\/www.instagram.com\/colibri.jewels\",\"https:\/\/www.tiktok.com\/colibri.jewels\"]}]}<\/script>\n<!-- \/ Yoast SEO Premium plugin. -->","yoast_head_json":{"title":"Hopeinen sormus \"Gioia\" - Colibri jewels","description":"Osta kullattu hopeasormus \"Gioia\". Tyylik\u00e4s sormus zirkoneilla keh\u00e4istutuksessa \"Italian lomat\" -kokoelmasta","robots":{"index":"index","follow":"follow","max-snippet":"max-snippet:-1","max-image-preview":"max-image-preview:large","max-video-preview":"max-video-preview:-1"},"canonical":"https:\/\/colibri-jewels.eu\/fi\/tuote\/hopeinen-sormus-positano-copy\/","og_locale":"fi_FI","og_type":"article","og_title":"Hopeinen sormus \"Gioia\"","og_description":"Osta kullattu hopeasormus \"Gioia\". Tyylik\u00e4s sormus zirkoneilla keh\u00e4istutuksessa \"Italian lomat\" -kokoelmasta","og_url":"https:\/\/colibri-jewels.eu\/fi\/tuote\/hopeinen-sormus-positano-copy\/","og_site_name":"Colibri jewels","article_publisher":"https:\/\/www.facebook.com\/colibri.jewels","article_modified_time":"2025-08-23T14:12:46+00:00","og_image":[{"width":1000,"height":1000,"url":"https:\/\/colibri-jewels.eu\/wp-content\/uploads\/2025\/08\/silver-ring-gold-plated-bezel-set-color-cz.jpg","type":"image\/jpeg"}],"twitter_card":"summary_large_image","schema":{"@context":"https:\/\/schema.org","@graph":[{"@type":"WebPage","@id":"https:\/\/colibri-jewels.eu\/fi\/tuote\/hopeinen-sormus-positano-copy\/","url":"https:\/\/colibri-jewels.eu\/fi\/tuote\/hopeinen-sormus-positano-copy\/","name":"Hopeinen sormus \"Gioia\" - Colibri jewels","isPartOf":{"@id":"https:\/\/colibri-jewels.eu\/fi\/#website"},"primaryImageOfPage":{"@id":"https:\/\/colibri-jewels.eu\/fi\/tuote\/hopeinen-sormus-positano-copy\/#primaryimage"},"image":{"@id":"https:\/\/colibri-jewels.eu\/fi\/tuote\/hopeinen-sormus-positano-copy\/#primaryimage"},"thumbnailUrl":"https:\/\/colibri-jewels.eu\/wp-content\/uploads\/2025\/08\/silver-ring-gold-plated-bezel-set-color-cz.jpg","datePublished":"2025-08-22T19:29:37+00:00","dateModified":"2025-08-23T14:12:46+00:00","description":"Osta kullattu hopeasormus \"Gioia\". Tyylik\u00e4s sormus zirkoneilla keh\u00e4istutuksessa \"Italian lomat\" -kokoelmasta","breadcrumb":{"@id":"https:\/\/colibri-jewels.eu\/fi\/tuote\/hopeinen-sormus-positano-copy\/#breadcrumb"},"inLanguage":"fi","potentialAction":[{"@type":"ReadAction","target":["https:\/\/colibri-jewels.eu\/fi\/tuote\/hopeinen-sormus-positano-copy\/"]}]},{"@type":"ImageObject","inLanguage":"fi","@id":"https:\/\/colibri-jewels.eu\/fi\/tuote\/hopeinen-sormus-positano-copy\/#primaryimage","url":"https:\/\/colibri-jewels.eu\/wp-content\/uploads\/2025\/08\/silver-ring-gold-plated-bezel-set-color-cz.jpg","contentUrl":"https:\/\/colibri-jewels.eu\/wp-content\/uploads\/2025\/08\/silver-ring-gold-plated-bezel-set-color-cz.jpg","width":1000,"height":1000},{"@type":"BreadcrumbList","@id":"https:\/\/colibri-jewels.eu\/fi\/tuote\/hopeinen-sormus-positano-copy\/#breadcrumb","itemListElement":[{"@type":"ListItem","position":1,"name":"\u0413\u043b\u0430\u0432\u043d\u0430\u044f \u0441\u0442\u0440\u0430\u043d\u0438\u0446\u0430","item":"https:\/\/colibri-jewels.eu\/fi\/"},{"@type":"ListItem","position":2,"name":"Kauppa","item":"https:\/\/colibri-jewels.eu\/fi\/kauppa\/"},{"@type":"ListItem","position":3,"name":"Hopeinen sormus &#8220;Gioia&#8221;"}]},{"@type":"WebSite","@id":"https:\/\/colibri-jewels.eu\/fi\/#website","url":"https:\/\/colibri-jewels.eu\/fi\/","name":"Colibri jewels","description":"jewelry shop","publisher":{"@id":"https:\/\/colibri-jewels.eu\/fi\/#organization"},"potentialAction":[{"@type":"SearchAction","target":{"@type":"EntryPoint","urlTemplate":"https:\/\/colibri-jewels.eu\/fi\/?s={search_term_string}"},"query-input":{"@type":"PropertyValueSpecification","valueRequired":true,"valueName":"search_term_string"}}],"inLanguage":"fi"},{"@type":"Organization","@id":"https:\/\/colibri-jewels.eu\/fi\/#organization","name":"O\u00dc Colibri","url":"https:\/\/colibri-jewels.eu\/fi\/","logo":{"@type":"ImageObject","inLanguage":"fi","@id":"https:\/\/colibri-jewels.eu\/fi\/#\/schema\/logo\/image\/","url":"https:\/\/dev.colibri-jewels.eu\/wp-content\/uploads\/2021\/03\/colibri.png","contentUrl":"https:\/\/dev.colibri-jewels.eu\/wp-content\/uploads\/2021\/03\/colibri.png","width":227,"height":130,"caption":"O\u00dc Colibri"},"image":{"@id":"https:\/\/colibri-jewels.eu\/fi\/#\/schema\/logo\/image\/"},"sameAs":["https:\/\/www.facebook.com\/colibri.jewels","https:\/\/www.instagram.com\/colibri.jewels","https:\/\/www.tiktok.com\/colibri.jewels"]}]}},"_links":{"self":[{"href":"https:\/\/colibri-jewels.eu\/fi\/wp-json\/wp\/v2\/product\/55926","targetHints":{"allow":["GET"]}}],"collection":[{"href":"https:\/\/colibri-jewels.eu\/fi\/wp-json\/wp\/v2\/product"}],"about":[{"href":"https:\/\/colibri-jewels.eu\/fi\/wp-json\/wp\/v2\/types\/product"}],"replies":[{"embeddable":true,"href":"https:\/\/colibri-jewels.eu\/fi\/wp-json\/wp\/v2\/comments?post=55926"}],"version-history":[{"count":0,"href":"https:\/\/colibri-jewels.eu\/fi\/wp-json\/wp\/v2\/product\/55926\/revisions"}],"wp:featuredmedia":[{"embeddable":true,"href":"https:\/\/colibri-jewels.eu\/fi\/wp-json\/wp\/v2\/media\/55764"}],"wp:attachment":[{"href":"https:\/\/colibri-jewels.eu\/fi\/wp-json\/wp\/v2\/media?parent=55926"}],"wp:term":[{"taxonomy":"brand","embeddable":true,"href":"https:\/\/colibri-jewels.eu\/fi\/wp-json\/wp\/v2\/etheme_brands?post=55926"},{"taxonomy":"product_brand","embeddable":true,"href":"https:\/\/colibri-jewels.eu\/fi\/wp-json\/wp\/v2\/product_brand?post=55926"},{"taxonomy":"product_cat","embeddable":true,"href":"https:\/\/colibri-jewels.eu\/fi\/wp-json\/wp\/v2\/product_cat?post=55926"},{"taxonomy":"product_tag","embeddable":true,"href":"https:\/\/colibri-jewels.eu\/fi\/wp-json\/wp\/v2\/product_tag?post=55926"}],"curies":[{"name":"wp","href":"https:\/\/api.w.org\/{rel}","templated":true}]}}