{"id":56498,"date":"2025-09-16T22:36:32","date_gmt":"2025-09-16T19:36:32","guid":{"rendered":"https:\/\/colibri-jewels.eu\/?post_type=product&#038;p=56498"},"modified":"2025-09-16T22:54:44","modified_gmt":"2025-09-16T19:54:44","slug":"solana-hopeasormus-sinisella-topaasilla-copy-2","status":"publish","type":"product","link":"https:\/\/colibri-jewels.eu\/fi\/tuote\/solana-hopeasormus-sinisella-topaasilla-copy-2\/","title":{"rendered":"&#8221;Solana&#8221;-hopeasormus sinisell\u00e4 topaasilla"},"content":{"rendered":"<p><b>Solana s\u00f5rmus<\/b> on igavese s\u00e4ra ja minimalistliku elegantsi kehastus. Ehte s\u00fcdameks on eluj\u00f5uline, rikkaliku v\u00e4rviga <b>sinine topaas<\/b>, mis on paigaldatud rangelt ja stiilselt bezel-kinnitusse. See s\u00f5rmus on loodud neile, kes hindavad joonte puhtust ja looduse ilu.<\/p>\n<p>Jokainen <b>Solana<\/b>-koru on ainutlaatuinen. <b>Umpikiinnitys<\/b> on monimutkainen korutekniikka, joka vaatii korkeinta k\u00e4sity\u00f6taitoa. Luomme jokaisen istutuksen k\u00e4sin, sovittaen sen tarkasti kunkin yksitt\u00e4isen kiven mittoihin ja muotoon, sill\u00e4 luonnossa ei ole kahta t\u00e4ysin samanlaista jalokive\u00e4. T\u00e4m\u00e4 takaa t\u00e4ydellisen istuvuuden ja luotettavan suojan kivelle, tehden korustasi todella erityisen.<\/p>\n<ul>\n<li><b>Kokoelman nimi: <\/b>Solana<\/li>\n<li><b>Tuotteen tyyppi<\/b>: Sormus<\/li>\n<li><b>Metalli:<\/b> Hopea (rodinoimaton)<\/li>\n<li><b>Kivi:<\/b> Luonnollinen sininen topaasi<\/li>\n<li><b>Kiven koko:<\/b> 8 mm<\/li>\n<li><b>Kiven hionta:<\/b> Py\u00f6r\u00f6hioma<\/li>\n<li><b>Ominaisuus:<\/b> K\u00e4sintehty, ainutlaatuinen umpikiinnitys<\/li>\n<\/ul>\n<p>Tilauksen yhteydess\u00e4 voit valita <b>lis\u00e4maksullisen rodinoinnin<\/b>, joka antaa korulle kirkkaamman kiillon ja lis\u00e4suojan tummumista vastaan.<\/p>\n","protected":false},"excerpt":{"rendered":"<p>Solana-sormus kirkkaalla sinisell\u00e4 topaasilla tiukassa bezel-istukassa. K\u00e4sintehty ja minimalistinen muotoilu niille, jotka arvostavat ajattomia klassikoita.<\/p>\n","protected":false},"featured_media":56511,"comment_status":"open","ping_status":"closed","template":"","meta":[],"etheme_brands":[],"product_brand":[],"product_cat":[990],"product_tag":[],"class_list":{"0":"post-56498","1":"product","2":"type-product","3":"status-publish","4":"has-post-thumbnail","6":"product_cat-sormukset","8":"first","9":"instock","10":"shipping-taxable","11":"purchasable","12":"product-type-variable"},"acf":[],"yoast_head":"<!-- This site is optimized with the Yoast SEO Premium plugin v26.5 (Yoast SEO v26.8) - https:\/\/yoast.com\/product\/yoast-seo-premium-wordpress\/ -->\n<title>&quot;Solana&quot;-hopeasormus sinisell\u00e4 topaasilla - Colibri jewels<\/title>\n<meta name=\"robots\" content=\"index, follow, max-snippet:-1, max-image-preview:large, max-video-preview:-1\" \/>\n<link rel=\"canonical\" href=\"https:\/\/colibri-jewels.eu\/fi\/tuote\/solana-hopeasormus-sinisella-topaasilla-copy-2\/\" \/>\n<meta property=\"og:locale\" content=\"fi_FI\" \/>\n<meta property=\"og:type\" content=\"article\" \/>\n<meta property=\"og:title\" content=\"&quot;Solana&quot;-hopeasormus sinisell\u00e4 topaasilla\" \/>\n<meta property=\"og:description\" content=\"Solana-sormus kirkkaalla sinisell\u00e4 topaasilla tiukassa bezel-istukassa. K\u00e4sintehty ja minimalistinen muotoilu niille, jotka arvostavat ajattomia klassikoita.\" \/>\n<meta property=\"og:url\" content=\"https:\/\/colibri-jewels.eu\/fi\/tuote\/solana-hopeasormus-sinisella-topaasilla-copy-2\/\" \/>\n<meta property=\"og:site_name\" content=\"Colibri jewels\" \/>\n<meta property=\"article:publisher\" content=\"https:\/\/www.facebook.com\/colibri.jewels\" \/>\n<meta property=\"article:modified_time\" content=\"2025-09-16T19:54:44+00:00\" \/>\n<meta property=\"og:image\" content=\"https:\/\/colibri-jewels.eu\/wp-content\/uploads\/2025\/09\/PXL_20250915_122652718-\u043a\u043e\u043f\u0438\u044f.jpg\" \/>\n\t<meta property=\"og:image:width\" content=\"1000\" \/>\n\t<meta property=\"og:image:height\" content=\"1000\" \/>\n\t<meta property=\"og:image:type\" content=\"image\/jpeg\" \/>\n<meta name=\"twitter:card\" content=\"summary_large_image\" \/>\n<meta name=\"twitter:label1\" content=\"Arvioitu lukuaika\" \/>\n\t<meta name=\"twitter:data1\" content=\"1 minuutti\" \/>\n<script type=\"application\/ld+json\" class=\"yoast-schema-graph\">{\"@context\":\"https:\/\/schema.org\",\"@graph\":[{\"@type\":\"WebPage\",\"@id\":\"https:\/\/colibri-jewels.eu\/fi\/tuote\/solana-hopeasormus-sinisella-topaasilla-copy-2\/\",\"url\":\"https:\/\/colibri-jewels.eu\/fi\/tuote\/solana-hopeasormus-sinisella-topaasilla-copy-2\/\",\"name\":\"\\\"Solana\\\"-hopeasormus sinisell\u00e4 topaasilla - Colibri jewels\",\"isPartOf\":{\"@id\":\"https:\/\/colibri-jewels.eu\/fi\/#website\"},\"primaryImageOfPage\":{\"@id\":\"https:\/\/colibri-jewels.eu\/fi\/tuote\/solana-hopeasormus-sinisella-topaasilla-copy-2\/#primaryimage\"},\"image\":{\"@id\":\"https:\/\/colibri-jewels.eu\/fi\/tuote\/solana-hopeasormus-sinisella-topaasilla-copy-2\/#primaryimage\"},\"thumbnailUrl\":\"https:\/\/colibri-jewels.eu\/wp-content\/uploads\/2025\/09\/PXL_20250915_122652718-\u043a\u043e\u043f\u0438\u044f.jpg\",\"datePublished\":\"2025-09-16T19:36:32+00:00\",\"dateModified\":\"2025-09-16T19:54:44+00:00\",\"breadcrumb\":{\"@id\":\"https:\/\/colibri-jewels.eu\/fi\/tuote\/solana-hopeasormus-sinisella-topaasilla-copy-2\/#breadcrumb\"},\"inLanguage\":\"fi\",\"potentialAction\":[{\"@type\":\"ReadAction\",\"target\":[\"https:\/\/colibri-jewels.eu\/fi\/tuote\/solana-hopeasormus-sinisella-topaasilla-copy-2\/\"]}]},{\"@type\":\"ImageObject\",\"inLanguage\":\"fi\",\"@id\":\"https:\/\/colibri-jewels.eu\/fi\/tuote\/solana-hopeasormus-sinisella-topaasilla-copy-2\/#primaryimage\",\"url\":\"https:\/\/colibri-jewels.eu\/wp-content\/uploads\/2025\/09\/PXL_20250915_122652718-\u043a\u043e\u043f\u0438\u044f.jpg\",\"contentUrl\":\"https:\/\/colibri-jewels.eu\/wp-content\/uploads\/2025\/09\/PXL_20250915_122652718-\u043a\u043e\u043f\u0438\u044f.jpg\",\"width\":1000,\"height\":1000},{\"@type\":\"BreadcrumbList\",\"@id\":\"https:\/\/colibri-jewels.eu\/fi\/tuote\/solana-hopeasormus-sinisella-topaasilla-copy-2\/#breadcrumb\",\"itemListElement\":[{\"@type\":\"ListItem\",\"position\":1,\"name\":\"\u0413\u043b\u0430\u0432\u043d\u0430\u044f \u0441\u0442\u0440\u0430\u043d\u0438\u0446\u0430\",\"item\":\"https:\/\/colibri-jewels.eu\/fi\/\"},{\"@type\":\"ListItem\",\"position\":2,\"name\":\"Kauppa\",\"item\":\"https:\/\/colibri-jewels.eu\/fi\/kauppa\/\"},{\"@type\":\"ListItem\",\"position\":3,\"name\":\"&#8220;Solana&#8221;-hopeasormus sinisell\u00e4 topaasilla\"}]},{\"@type\":\"WebSite\",\"@id\":\"https:\/\/colibri-jewels.eu\/fi\/#website\",\"url\":\"https:\/\/colibri-jewels.eu\/fi\/\",\"name\":\"Colibri jewels\",\"description\":\"jewelry shop\",\"publisher\":{\"@id\":\"https:\/\/colibri-jewels.eu\/fi\/#organization\"},\"potentialAction\":[{\"@type\":\"SearchAction\",\"target\":{\"@type\":\"EntryPoint\",\"urlTemplate\":\"https:\/\/colibri-jewels.eu\/fi\/?s={search_term_string}\"},\"query-input\":{\"@type\":\"PropertyValueSpecification\",\"valueRequired\":true,\"valueName\":\"search_term_string\"}}],\"inLanguage\":\"fi\"},{\"@type\":\"Organization\",\"@id\":\"https:\/\/colibri-jewels.eu\/fi\/#organization\",\"name\":\"O\u00dc Colibri\",\"url\":\"https:\/\/colibri-jewels.eu\/fi\/\",\"logo\":{\"@type\":\"ImageObject\",\"inLanguage\":\"fi\",\"@id\":\"https:\/\/colibri-jewels.eu\/fi\/#\/schema\/logo\/image\/\",\"url\":\"https:\/\/dev.colibri-jewels.eu\/wp-content\/uploads\/2021\/03\/colibri.png\",\"contentUrl\":\"https:\/\/dev.colibri-jewels.eu\/wp-content\/uploads\/2021\/03\/colibri.png\",\"width\":227,\"height\":130,\"caption\":\"O\u00dc Colibri\"},\"image\":{\"@id\":\"https:\/\/colibri-jewels.eu\/fi\/#\/schema\/logo\/image\/\"},\"sameAs\":[\"https:\/\/www.facebook.com\/colibri.jewels\",\"https:\/\/www.instagram.com\/colibri.jewels\",\"https:\/\/www.tiktok.com\/colibri.jewels\"]}]}<\/script>\n<!-- \/ Yoast SEO Premium plugin. -->","yoast_head_json":{"title":"\"Solana\"-hopeasormus sinisell\u00e4 topaasilla - Colibri jewels","robots":{"index":"index","follow":"follow","max-snippet":"max-snippet:-1","max-image-preview":"max-image-preview:large","max-video-preview":"max-video-preview:-1"},"canonical":"https:\/\/colibri-jewels.eu\/fi\/tuote\/solana-hopeasormus-sinisella-topaasilla-copy-2\/","og_locale":"fi_FI","og_type":"article","og_title":"\"Solana\"-hopeasormus sinisell\u00e4 topaasilla","og_description":"Solana-sormus kirkkaalla sinisell\u00e4 topaasilla tiukassa bezel-istukassa. K\u00e4sintehty ja minimalistinen muotoilu niille, jotka arvostavat ajattomia klassikoita.","og_url":"https:\/\/colibri-jewels.eu\/fi\/tuote\/solana-hopeasormus-sinisella-topaasilla-copy-2\/","og_site_name":"Colibri jewels","article_publisher":"https:\/\/www.facebook.com\/colibri.jewels","article_modified_time":"2025-09-16T19:54:44+00:00","og_image":[{"width":1000,"height":1000,"url":"https:\/\/colibri-jewels.eu\/wp-content\/uploads\/2025\/09\/PXL_20250915_122652718-\u043a\u043e\u043f\u0438\u044f.jpg","type":"image\/jpeg"}],"twitter_card":"summary_large_image","twitter_misc":{"Arvioitu lukuaika":"1 minuutti"},"schema":{"@context":"https:\/\/schema.org","@graph":[{"@type":"WebPage","@id":"https:\/\/colibri-jewels.eu\/fi\/tuote\/solana-hopeasormus-sinisella-topaasilla-copy-2\/","url":"https:\/\/colibri-jewels.eu\/fi\/tuote\/solana-hopeasormus-sinisella-topaasilla-copy-2\/","name":"\"Solana\"-hopeasormus sinisell\u00e4 topaasilla - Colibri jewels","isPartOf":{"@id":"https:\/\/colibri-jewels.eu\/fi\/#website"},"primaryImageOfPage":{"@id":"https:\/\/colibri-jewels.eu\/fi\/tuote\/solana-hopeasormus-sinisella-topaasilla-copy-2\/#primaryimage"},"image":{"@id":"https:\/\/colibri-jewels.eu\/fi\/tuote\/solana-hopeasormus-sinisella-topaasilla-copy-2\/#primaryimage"},"thumbnailUrl":"https:\/\/colibri-jewels.eu\/wp-content\/uploads\/2025\/09\/PXL_20250915_122652718-\u043a\u043e\u043f\u0438\u044f.jpg","datePublished":"2025-09-16T19:36:32+00:00","dateModified":"2025-09-16T19:54:44+00:00","breadcrumb":{"@id":"https:\/\/colibri-jewels.eu\/fi\/tuote\/solana-hopeasormus-sinisella-topaasilla-copy-2\/#breadcrumb"},"inLanguage":"fi","potentialAction":[{"@type":"ReadAction","target":["https:\/\/colibri-jewels.eu\/fi\/tuote\/solana-hopeasormus-sinisella-topaasilla-copy-2\/"]}]},{"@type":"ImageObject","inLanguage":"fi","@id":"https:\/\/colibri-jewels.eu\/fi\/tuote\/solana-hopeasormus-sinisella-topaasilla-copy-2\/#primaryimage","url":"https:\/\/colibri-jewels.eu\/wp-content\/uploads\/2025\/09\/PXL_20250915_122652718-\u043a\u043e\u043f\u0438\u044f.jpg","contentUrl":"https:\/\/colibri-jewels.eu\/wp-content\/uploads\/2025\/09\/PXL_20250915_122652718-\u043a\u043e\u043f\u0438\u044f.jpg","width":1000,"height":1000},{"@type":"BreadcrumbList","@id":"https:\/\/colibri-jewels.eu\/fi\/tuote\/solana-hopeasormus-sinisella-topaasilla-copy-2\/#breadcrumb","itemListElement":[{"@type":"ListItem","position":1,"name":"\u0413\u043b\u0430\u0432\u043d\u0430\u044f \u0441\u0442\u0440\u0430\u043d\u0438\u0446\u0430","item":"https:\/\/colibri-jewels.eu\/fi\/"},{"@type":"ListItem","position":2,"name":"Kauppa","item":"https:\/\/colibri-jewels.eu\/fi\/kauppa\/"},{"@type":"ListItem","position":3,"name":"&#8220;Solana&#8221;-hopeasormus sinisell\u00e4 topaasilla"}]},{"@type":"WebSite","@id":"https:\/\/colibri-jewels.eu\/fi\/#website","url":"https:\/\/colibri-jewels.eu\/fi\/","name":"Colibri jewels","description":"jewelry shop","publisher":{"@id":"https:\/\/colibri-jewels.eu\/fi\/#organization"},"potentialAction":[{"@type":"SearchAction","target":{"@type":"EntryPoint","urlTemplate":"https:\/\/colibri-jewels.eu\/fi\/?s={search_term_string}"},"query-input":{"@type":"PropertyValueSpecification","valueRequired":true,"valueName":"search_term_string"}}],"inLanguage":"fi"},{"@type":"Organization","@id":"https:\/\/colibri-jewels.eu\/fi\/#organization","name":"O\u00dc Colibri","url":"https:\/\/colibri-jewels.eu\/fi\/","logo":{"@type":"ImageObject","inLanguage":"fi","@id":"https:\/\/colibri-jewels.eu\/fi\/#\/schema\/logo\/image\/","url":"https:\/\/dev.colibri-jewels.eu\/wp-content\/uploads\/2021\/03\/colibri.png","contentUrl":"https:\/\/dev.colibri-jewels.eu\/wp-content\/uploads\/2021\/03\/colibri.png","width":227,"height":130,"caption":"O\u00dc Colibri"},"image":{"@id":"https:\/\/colibri-jewels.eu\/fi\/#\/schema\/logo\/image\/"},"sameAs":["https:\/\/www.facebook.com\/colibri.jewels","https:\/\/www.instagram.com\/colibri.jewels","https:\/\/www.tiktok.com\/colibri.jewels"]}]}},"_links":{"self":[{"href":"https:\/\/colibri-jewels.eu\/fi\/wp-json\/wp\/v2\/product\/56498","targetHints":{"allow":["GET"]}}],"collection":[{"href":"https:\/\/colibri-jewels.eu\/fi\/wp-json\/wp\/v2\/product"}],"about":[{"href":"https:\/\/colibri-jewels.eu\/fi\/wp-json\/wp\/v2\/types\/product"}],"replies":[{"embeddable":true,"href":"https:\/\/colibri-jewels.eu\/fi\/wp-json\/wp\/v2\/comments?post=56498"}],"version-history":[{"count":0,"href":"https:\/\/colibri-jewels.eu\/fi\/wp-json\/wp\/v2\/product\/56498\/revisions"}],"wp:featuredmedia":[{"embeddable":true,"href":"https:\/\/colibri-jewels.eu\/fi\/wp-json\/wp\/v2\/media\/56511"}],"wp:attachment":[{"href":"https:\/\/colibri-jewels.eu\/fi\/wp-json\/wp\/v2\/media?parent=56498"}],"wp:term":[{"taxonomy":"brand","embeddable":true,"href":"https:\/\/colibri-jewels.eu\/fi\/wp-json\/wp\/v2\/etheme_brands?post=56498"},{"taxonomy":"product_brand","embeddable":true,"href":"https:\/\/colibri-jewels.eu\/fi\/wp-json\/wp\/v2\/product_brand?post=56498"},{"taxonomy":"product_cat","embeddable":true,"href":"https:\/\/colibri-jewels.eu\/fi\/wp-json\/wp\/v2\/product_cat?post=56498"},{"taxonomy":"product_tag","embeddable":true,"href":"https:\/\/colibri-jewels.eu\/fi\/wp-json\/wp\/v2\/product_tag?post=56498"}],"curies":[{"name":"wp","href":"https:\/\/api.w.org\/{rel}","templated":true}]}}