{"id":57213,"date":"2025-09-24T11:29:03","date_gmt":"2025-09-24T08:29:03","guid":{"rendered":"https:\/\/colibri-jewels.eu\/?post_type=product&#038;p=57213"},"modified":"2025-09-24T11:54:59","modified_gmt":"2025-09-24T08:54:59","slug":"kultaiset-korvakorut-keltaisilla-timanteilla-liora","status":"publish","type":"product","link":"https:\/\/colibri-jewels.eu\/fi\/tuote\/kultaiset-korvakorut-keltaisilla-timanteilla-liora\/","title":{"rendered":"Kultaiset korvakorut keltaisilla timanteilla &#8221;Liora&#8221;"},"content":{"rendered":"<p data-start=\"157\" data-end=\"501\">Korvakorut <strong data-start=\"161\" data-end=\"170\">Liora<\/strong> ovat kuin auringons\u00e4de, joka on vangittu jalokiveen. Keskell\u00e4 loistavat kaksi kirkkaan keltaista cushion-hiontaista timanttia, Fancy Vivid, puhtaus <strong data-start=\"323\" data-end=\"331\">VVS2<\/strong> \u2014 hieman yli karaatin kummassakin, yhteispaino <strong data-start=\"387\" data-end=\"398\">2,13 ct<\/strong>. Niiden l\u00e4mmin s\u00e4vy korostuu keltaisen kullan istutuksissa, aivan kuin aurinko olisi l\u00f6yt\u00e4nyt kotinsa.<\/p>\n<p data-start=\"503\" data-end=\"773\">Korvakorujen runko on valmistettu valkokullasta ja koristeltu timanteilla: elegantit p\u00e4\u00e4ryn\u00e4hiontaiset kivet yhteispainoltaan <strong data-start=\"628\" data-end=\"639\">0,24 ct<\/strong> sek\u00e4 18 py\u00f6re\u00e4\u00e4 kive\u00e4 (<strong data-start=\"680\" data-end=\"691\">0,22 ct<\/strong>) muodostavat s\u00e4ihkyv\u00e4n valoketjun. Kokonaispaino \u2014 <strong data-start=\"760\" data-end=\"770\">4,03 g.<\/strong><\/p>\n<p data-start=\"775\" data-end=\"935\">Liora on tarina valosta ja ilosta, jotka kulkevat aina mukanasi. Ne on luotu naiselle, jonka l\u00e4sn\u00e4olo tuo l\u00e4mp\u00f6\u00e4 ja vetovoimaa.<\/p>\n<p data-start=\"937\" data-end=\"1076\">Korvakoruihin on saatavilla my\u00f6s <strong data-start=\"973\" data-end=\"982\">Liora<\/strong>-sormus, jonka keskell\u00e4 loistaa 2 karaatin keltainen timantti \u2014 t\u00e4ydellinen korusetti erityisiin hetkiin.<\/p>\n<p>&nbsp;<\/p>\n<p data-start=\"1078\" data-end=\"1206\">Kaikki timantit ovat laboratorioper\u00e4isi\u00e4, joten Liora on sek\u00e4 ylellisyyden symboli ett\u00e4 modernin korutaiteen edustaja.<\/p>\n<h3 data-start=\"1208\" data-end=\"1229\">Tekniset tiedot<\/h3>\n<ul data-start=\"1230\" data-end=\"1535\">\n<li data-start=\"1230\" data-end=\"1266\">\n<p data-start=\"1232\" data-end=\"1266\"><strong data-start=\"1232\" data-end=\"1242\">Materiaali<\/strong>: valkokulta ja keltakulta<\/p>\n<\/li>\n<li data-start=\"1267\" data-end=\"1295\">\n<p data-start=\"1269\" data-end=\"1295\"><strong data-start=\"1269\" data-end=\"1286\">Kokonaispaino:<\/strong> 4,03 g<\/p>\n<\/li>\n<li data-start=\"1296\" data-end=\"1392\">\n<p data-start=\"1298\" data-end=\"1392\"><strong data-start=\"1298\" data-end=\"1314\">P\u00e4\u00e4kivet:<\/strong> 2 keltaista cushion-hiontaista timanttia, Fancy Vivid, VVS2, yhteens\u00e4 2,13 ct (\u22481,06 ct per kivi)<\/p>\n<\/li>\n<li data-start=\"1393\" data-end=\"1501\">\n<p data-start=\"1395\" data-end=\"1419\"><strong data-start=\"1395\" data-end=\"1417\">Lis\u00e4kivet:<\/strong><\/p>\n<ul data-start=\"1422\" data-end=\"1501\">\n<li data-start=\"1422\" data-end=\"1461\">\n<p data-start=\"1424\" data-end=\"1461\">2 p\u00e4\u00e4ryn\u00e4hiontaista timanttia \u2014 0,24 ct<\/p>\n<\/li>\n<li data-start=\"1464\" data-end=\"1501\">\n<p data-start=\"1466\" data-end=\"1501\">18 py\u00f6re\u00e4\u00e4 timanttia \u2014 0,22 ct<\/p>\n<\/li>\n<\/ul>\n<\/li>\n<li data-start=\"1502\" data-end=\"1535\">\n<p data-start=\"1504\" data-end=\"1535\"><strong data-start=\"1504\" data-end=\"1523\">Timanttien alkuper\u00e4:<\/strong> laboratoriokasvatetut<\/p>\n<\/li>\n<\/ul>\n","protected":false},"excerpt":{"rendered":"<p>Elegantit <strong data-start=\"415\" data-end=\"424\">Liora<\/strong>-korvakorut valko- ja keltakullasta, kirkkailla keltaisilla timanteilla (2,13 ct) ja valkoisten kivien s\u00e4ihkeell\u00e4. Eksklusiivinen koru, saatavilla my\u00f6s sormuksena.<\/p>\n","protected":false},"featured_media":57209,"comment_status":"open","ping_status":"closed","template":"","meta":[],"etheme_brands":[],"product_brand":[],"product_cat":[987],"product_tag":[1256,1004,1007,999],"class_list":{"0":"post-57213","1":"product","2":"type-product","3":"status-publish","4":"has-post-thumbnail","6":"product_cat-korvakorut","7":"product_tag-lab-timantit","8":"product_tag-romanttiset","9":"product_tag-solitaire-sormus","10":"product_tag-yksinoikeudella","12":"first","13":"onbackorder","14":"shipping-taxable","15":"purchasable","16":"product-type-simple"},"acf":[],"yoast_head":"<!-- This site is optimized with the Yoast SEO Premium plugin v26.5 (Yoast SEO v26.8) - https:\/\/yoast.com\/product\/yoast-seo-premium-wordpress\/ -->\n<title>Kultaiset korvakorut keltaisilla timanteilla &quot;Liora&quot; - Colibri jewels<\/title>\n<meta name=\"description\" content=\"Eksklusiiviset Liora-kultakorvakorut keltaisilla cushion-timanteilla ja valkoisten kivien s\u00e4ihkeell\u00e4. Laboratoriotimantit, valko- ja keltakulta. Saatavilla my\u00f6s Liora-sormus.\" \/>\n<meta name=\"robots\" content=\"index, follow, max-snippet:-1, max-image-preview:large, max-video-preview:-1\" \/>\n<link rel=\"canonical\" href=\"https:\/\/colibri-jewels.eu\/fi\/tuote\/kultaiset-korvakorut-keltaisilla-timanteilla-liora\/\" \/>\n<meta property=\"og:locale\" content=\"fi_FI\" \/>\n<meta property=\"og:type\" content=\"article\" \/>\n<meta property=\"og:title\" content=\"Kultaiset korvakorut keltaisilla timanteilla &quot;Liora&quot;\" \/>\n<meta property=\"og:description\" content=\"Eksklusiiviset Liora-kultakorvakorut keltaisilla cushion-timanteilla ja valkoisten kivien s\u00e4ihkeell\u00e4. Laboratoriotimantit, valko- ja keltakulta. Saatavilla my\u00f6s Liora-sormus.\" \/>\n<meta property=\"og:url\" content=\"https:\/\/colibri-jewels.eu\/fi\/tuote\/kultaiset-korvakorut-keltaisilla-timanteilla-liora\/\" \/>\n<meta property=\"og:site_name\" content=\"Colibri jewels\" \/>\n<meta property=\"article:publisher\" content=\"https:\/\/www.facebook.com\/colibri.jewels\" \/>\n<meta property=\"article:modified_time\" content=\"2025-09-24T08:54:59+00:00\" \/>\n<meta property=\"og:image\" content=\"https:\/\/colibri-jewels.eu\/wp-content\/uploads\/2025\/09\/yellow-cushion-diamond-earrings-Arianna-00867.jpg\" \/>\n\t<meta property=\"og:image:width\" content=\"1000\" \/>\n\t<meta property=\"og:image:height\" content=\"1000\" \/>\n\t<meta property=\"og:image:type\" content=\"image\/jpeg\" \/>\n<meta name=\"twitter:card\" content=\"summary_large_image\" \/>\n<meta name=\"twitter:label1\" content=\"Arvioitu lukuaika\" \/>\n\t<meta name=\"twitter:data1\" content=\"1 minuutti\" \/>\n<script type=\"application\/ld+json\" class=\"yoast-schema-graph\">{\"@context\":\"https:\/\/schema.org\",\"@graph\":[{\"@type\":\"WebPage\",\"@id\":\"https:\/\/colibri-jewels.eu\/fi\/tuote\/kultaiset-korvakorut-keltaisilla-timanteilla-liora\/\",\"url\":\"https:\/\/colibri-jewels.eu\/fi\/tuote\/kultaiset-korvakorut-keltaisilla-timanteilla-liora\/\",\"name\":\"Kultaiset korvakorut keltaisilla timanteilla \\\"Liora\\\" - Colibri jewels\",\"isPartOf\":{\"@id\":\"https:\/\/colibri-jewels.eu\/fi\/#website\"},\"primaryImageOfPage\":{\"@id\":\"https:\/\/colibri-jewels.eu\/fi\/tuote\/kultaiset-korvakorut-keltaisilla-timanteilla-liora\/#primaryimage\"},\"image\":{\"@id\":\"https:\/\/colibri-jewels.eu\/fi\/tuote\/kultaiset-korvakorut-keltaisilla-timanteilla-liora\/#primaryimage\"},\"thumbnailUrl\":\"https:\/\/colibri-jewels.eu\/wp-content\/uploads\/2025\/09\/yellow-cushion-diamond-earrings-Arianna-00867.jpg\",\"datePublished\":\"2025-09-24T08:29:03+00:00\",\"dateModified\":\"2025-09-24T08:54:59+00:00\",\"description\":\"Eksklusiiviset Liora-kultakorvakorut keltaisilla cushion-timanteilla ja valkoisten kivien s\u00e4ihkeell\u00e4. Laboratoriotimantit, valko- ja keltakulta. Saatavilla my\u00f6s Liora-sormus.\",\"breadcrumb\":{\"@id\":\"https:\/\/colibri-jewels.eu\/fi\/tuote\/kultaiset-korvakorut-keltaisilla-timanteilla-liora\/#breadcrumb\"},\"inLanguage\":\"fi\",\"potentialAction\":[{\"@type\":\"ReadAction\",\"target\":[\"https:\/\/colibri-jewels.eu\/fi\/tuote\/kultaiset-korvakorut-keltaisilla-timanteilla-liora\/\"]}]},{\"@type\":\"ImageObject\",\"inLanguage\":\"fi\",\"@id\":\"https:\/\/colibri-jewels.eu\/fi\/tuote\/kultaiset-korvakorut-keltaisilla-timanteilla-liora\/#primaryimage\",\"url\":\"https:\/\/colibri-jewels.eu\/wp-content\/uploads\/2025\/09\/yellow-cushion-diamond-earrings-Arianna-00867.jpg\",\"contentUrl\":\"https:\/\/colibri-jewels.eu\/wp-content\/uploads\/2025\/09\/yellow-cushion-diamond-earrings-Arianna-00867.jpg\",\"width\":1000,\"height\":1000},{\"@type\":\"BreadcrumbList\",\"@id\":\"https:\/\/colibri-jewels.eu\/fi\/tuote\/kultaiset-korvakorut-keltaisilla-timanteilla-liora\/#breadcrumb\",\"itemListElement\":[{\"@type\":\"ListItem\",\"position\":1,\"name\":\"\u0413\u043b\u0430\u0432\u043d\u0430\u044f \u0441\u0442\u0440\u0430\u043d\u0438\u0446\u0430\",\"item\":\"https:\/\/colibri-jewels.eu\/fi\/\"},{\"@type\":\"ListItem\",\"position\":2,\"name\":\"Kauppa\",\"item\":\"https:\/\/colibri-jewels.eu\/fi\/kauppa\/\"},{\"@type\":\"ListItem\",\"position\":3,\"name\":\"Kultaiset korvakorut keltaisilla timanteilla &#8220;Liora&#8221;\"}]},{\"@type\":\"WebSite\",\"@id\":\"https:\/\/colibri-jewels.eu\/fi\/#website\",\"url\":\"https:\/\/colibri-jewels.eu\/fi\/\",\"name\":\"Colibri jewels\",\"description\":\"jewelry shop\",\"publisher\":{\"@id\":\"https:\/\/colibri-jewels.eu\/fi\/#organization\"},\"potentialAction\":[{\"@type\":\"SearchAction\",\"target\":{\"@type\":\"EntryPoint\",\"urlTemplate\":\"https:\/\/colibri-jewels.eu\/fi\/?s={search_term_string}\"},\"query-input\":{\"@type\":\"PropertyValueSpecification\",\"valueRequired\":true,\"valueName\":\"search_term_string\"}}],\"inLanguage\":\"fi\"},{\"@type\":\"Organization\",\"@id\":\"https:\/\/colibri-jewels.eu\/fi\/#organization\",\"name\":\"O\u00dc Colibri\",\"url\":\"https:\/\/colibri-jewels.eu\/fi\/\",\"logo\":{\"@type\":\"ImageObject\",\"inLanguage\":\"fi\",\"@id\":\"https:\/\/colibri-jewels.eu\/fi\/#\/schema\/logo\/image\/\",\"url\":\"https:\/\/dev.colibri-jewels.eu\/wp-content\/uploads\/2021\/03\/colibri.png\",\"contentUrl\":\"https:\/\/dev.colibri-jewels.eu\/wp-content\/uploads\/2021\/03\/colibri.png\",\"width\":227,\"height\":130,\"caption\":\"O\u00dc Colibri\"},\"image\":{\"@id\":\"https:\/\/colibri-jewels.eu\/fi\/#\/schema\/logo\/image\/\"},\"sameAs\":[\"https:\/\/www.facebook.com\/colibri.jewels\",\"https:\/\/www.instagram.com\/colibri.jewels\",\"https:\/\/www.tiktok.com\/colibri.jewels\"]}]}<\/script>\n<!-- \/ Yoast SEO Premium plugin. -->","yoast_head_json":{"title":"Kultaiset korvakorut keltaisilla timanteilla \"Liora\" - Colibri jewels","description":"Eksklusiiviset Liora-kultakorvakorut keltaisilla cushion-timanteilla ja valkoisten kivien s\u00e4ihkeell\u00e4. Laboratoriotimantit, valko- ja keltakulta. Saatavilla my\u00f6s Liora-sormus.","robots":{"index":"index","follow":"follow","max-snippet":"max-snippet:-1","max-image-preview":"max-image-preview:large","max-video-preview":"max-video-preview:-1"},"canonical":"https:\/\/colibri-jewels.eu\/fi\/tuote\/kultaiset-korvakorut-keltaisilla-timanteilla-liora\/","og_locale":"fi_FI","og_type":"article","og_title":"Kultaiset korvakorut keltaisilla timanteilla \"Liora\"","og_description":"Eksklusiiviset Liora-kultakorvakorut keltaisilla cushion-timanteilla ja valkoisten kivien s\u00e4ihkeell\u00e4. Laboratoriotimantit, valko- ja keltakulta. Saatavilla my\u00f6s Liora-sormus.","og_url":"https:\/\/colibri-jewels.eu\/fi\/tuote\/kultaiset-korvakorut-keltaisilla-timanteilla-liora\/","og_site_name":"Colibri jewels","article_publisher":"https:\/\/www.facebook.com\/colibri.jewels","article_modified_time":"2025-09-24T08:54:59+00:00","og_image":[{"width":1000,"height":1000,"url":"https:\/\/colibri-jewels.eu\/wp-content\/uploads\/2025\/09\/yellow-cushion-diamond-earrings-Arianna-00867.jpg","type":"image\/jpeg"}],"twitter_card":"summary_large_image","twitter_misc":{"Arvioitu lukuaika":"1 minuutti"},"schema":{"@context":"https:\/\/schema.org","@graph":[{"@type":"WebPage","@id":"https:\/\/colibri-jewels.eu\/fi\/tuote\/kultaiset-korvakorut-keltaisilla-timanteilla-liora\/","url":"https:\/\/colibri-jewels.eu\/fi\/tuote\/kultaiset-korvakorut-keltaisilla-timanteilla-liora\/","name":"Kultaiset korvakorut keltaisilla timanteilla \"Liora\" - Colibri jewels","isPartOf":{"@id":"https:\/\/colibri-jewels.eu\/fi\/#website"},"primaryImageOfPage":{"@id":"https:\/\/colibri-jewels.eu\/fi\/tuote\/kultaiset-korvakorut-keltaisilla-timanteilla-liora\/#primaryimage"},"image":{"@id":"https:\/\/colibri-jewels.eu\/fi\/tuote\/kultaiset-korvakorut-keltaisilla-timanteilla-liora\/#primaryimage"},"thumbnailUrl":"https:\/\/colibri-jewels.eu\/wp-content\/uploads\/2025\/09\/yellow-cushion-diamond-earrings-Arianna-00867.jpg","datePublished":"2025-09-24T08:29:03+00:00","dateModified":"2025-09-24T08:54:59+00:00","description":"Eksklusiiviset Liora-kultakorvakorut keltaisilla cushion-timanteilla ja valkoisten kivien s\u00e4ihkeell\u00e4. Laboratoriotimantit, valko- ja keltakulta. Saatavilla my\u00f6s Liora-sormus.","breadcrumb":{"@id":"https:\/\/colibri-jewels.eu\/fi\/tuote\/kultaiset-korvakorut-keltaisilla-timanteilla-liora\/#breadcrumb"},"inLanguage":"fi","potentialAction":[{"@type":"ReadAction","target":["https:\/\/colibri-jewels.eu\/fi\/tuote\/kultaiset-korvakorut-keltaisilla-timanteilla-liora\/"]}]},{"@type":"ImageObject","inLanguage":"fi","@id":"https:\/\/colibri-jewels.eu\/fi\/tuote\/kultaiset-korvakorut-keltaisilla-timanteilla-liora\/#primaryimage","url":"https:\/\/colibri-jewels.eu\/wp-content\/uploads\/2025\/09\/yellow-cushion-diamond-earrings-Arianna-00867.jpg","contentUrl":"https:\/\/colibri-jewels.eu\/wp-content\/uploads\/2025\/09\/yellow-cushion-diamond-earrings-Arianna-00867.jpg","width":1000,"height":1000},{"@type":"BreadcrumbList","@id":"https:\/\/colibri-jewels.eu\/fi\/tuote\/kultaiset-korvakorut-keltaisilla-timanteilla-liora\/#breadcrumb","itemListElement":[{"@type":"ListItem","position":1,"name":"\u0413\u043b\u0430\u0432\u043d\u0430\u044f \u0441\u0442\u0440\u0430\u043d\u0438\u0446\u0430","item":"https:\/\/colibri-jewels.eu\/fi\/"},{"@type":"ListItem","position":2,"name":"Kauppa","item":"https:\/\/colibri-jewels.eu\/fi\/kauppa\/"},{"@type":"ListItem","position":3,"name":"Kultaiset korvakorut keltaisilla timanteilla &#8220;Liora&#8221;"}]},{"@type":"WebSite","@id":"https:\/\/colibri-jewels.eu\/fi\/#website","url":"https:\/\/colibri-jewels.eu\/fi\/","name":"Colibri jewels","description":"jewelry shop","publisher":{"@id":"https:\/\/colibri-jewels.eu\/fi\/#organization"},"potentialAction":[{"@type":"SearchAction","target":{"@type":"EntryPoint","urlTemplate":"https:\/\/colibri-jewels.eu\/fi\/?s={search_term_string}"},"query-input":{"@type":"PropertyValueSpecification","valueRequired":true,"valueName":"search_term_string"}}],"inLanguage":"fi"},{"@type":"Organization","@id":"https:\/\/colibri-jewels.eu\/fi\/#organization","name":"O\u00dc Colibri","url":"https:\/\/colibri-jewels.eu\/fi\/","logo":{"@type":"ImageObject","inLanguage":"fi","@id":"https:\/\/colibri-jewels.eu\/fi\/#\/schema\/logo\/image\/","url":"https:\/\/dev.colibri-jewels.eu\/wp-content\/uploads\/2021\/03\/colibri.png","contentUrl":"https:\/\/dev.colibri-jewels.eu\/wp-content\/uploads\/2021\/03\/colibri.png","width":227,"height":130,"caption":"O\u00dc Colibri"},"image":{"@id":"https:\/\/colibri-jewels.eu\/fi\/#\/schema\/logo\/image\/"},"sameAs":["https:\/\/www.facebook.com\/colibri.jewels","https:\/\/www.instagram.com\/colibri.jewels","https:\/\/www.tiktok.com\/colibri.jewels"]}]}},"_links":{"self":[{"href":"https:\/\/colibri-jewels.eu\/fi\/wp-json\/wp\/v2\/product\/57213","targetHints":{"allow":["GET"]}}],"collection":[{"href":"https:\/\/colibri-jewels.eu\/fi\/wp-json\/wp\/v2\/product"}],"about":[{"href":"https:\/\/colibri-jewels.eu\/fi\/wp-json\/wp\/v2\/types\/product"}],"replies":[{"embeddable":true,"href":"https:\/\/colibri-jewels.eu\/fi\/wp-json\/wp\/v2\/comments?post=57213"}],"version-history":[{"count":0,"href":"https:\/\/colibri-jewels.eu\/fi\/wp-json\/wp\/v2\/product\/57213\/revisions"}],"wp:featuredmedia":[{"embeddable":true,"href":"https:\/\/colibri-jewels.eu\/fi\/wp-json\/wp\/v2\/media\/57209"}],"wp:attachment":[{"href":"https:\/\/colibri-jewels.eu\/fi\/wp-json\/wp\/v2\/media?parent=57213"}],"wp:term":[{"taxonomy":"brand","embeddable":true,"href":"https:\/\/colibri-jewels.eu\/fi\/wp-json\/wp\/v2\/etheme_brands?post=57213"},{"taxonomy":"product_brand","embeddable":true,"href":"https:\/\/colibri-jewels.eu\/fi\/wp-json\/wp\/v2\/product_brand?post=57213"},{"taxonomy":"product_cat","embeddable":true,"href":"https:\/\/colibri-jewels.eu\/fi\/wp-json\/wp\/v2\/product_cat?post=57213"},{"taxonomy":"product_tag","embeddable":true,"href":"https:\/\/colibri-jewels.eu\/fi\/wp-json\/wp\/v2\/product_tag?post=57213"}],"curies":[{"name":"wp","href":"https:\/\/api.w.org\/{rel}","templated":true}]}}