{"id":57465,"date":"2025-05-03T11:02:18","date_gmt":"2025-05-03T08:02:18","guid":{"rendered":"https:\/\/colibri-jewels.eu\/?post_type=product&#038;p=57465"},"modified":"2025-10-21T12:18:22","modified_gmt":"2025-10-21T09:18:22","slug":"hopeasormus-kultalevyilla-ja-mustalla-emalilla-edelweiss","status":"publish","type":"product","link":"https:\/\/colibri-jewels.eu\/fi\/tuote\/hopeasormus-kultalevyilla-ja-mustalla-emalilla-edelweiss\/","title":{"rendered":"Hopeasormus kultalevyill\u00e4 ja mustalla emalilla &#8221;Edelweiss&#8221;"},"content":{"rendered":"<p>Hieno korusetti &#8221;Edelweiss&#8221; sis\u00e4lt\u00e4\u00e4 tyylikk\u00e4\u00e4t korvakorut ja hienostuneen sormuksen, joissa molemmissa on sama upea muotoilu. Hopean, syv\u00e4n mustan emalin, kimaltelevan zirkonian (tai: kuutiollisen zirkonian) ja herk\u00e4n 14 karaatin kullan (585-leima) yhdistelm\u00e4 luo ainutlaatuisen kukkateeman. T\u00e4m\u00e4 setti on upea valinta naisille, jotka arvostavat eleganssia ja omaper\u00e4isyytt\u00e4 jokaisessa yksityiskohdassa. K\u00e4yt\u00e4 niit\u00e4 yhdess\u00e4 tai erikseen korostaaksesi henkil\u00f6kohtaista tyyli\u00e4si ja hyv\u00e4\u00e4 makuasi.<\/p>\n<p>&#8221;Edelweiss&#8221;-sormus on suunniteltu sopimaan t\u00e4ydellisesti korvakoruihin, luoden harmonisen setin. Kaunis hopea on taidokkaasti yhdistetty syv\u00e4\u00e4n mustaan emaliin tyylikk\u00e4\u00e4ss\u00e4 kukkakuviossa. Keskell\u00e4 oleva kimalteleva zirkonia (tai: kuutiollinen zirkonia) ja herk\u00e4t 14 karaatin kullan (585-leima) yksityiskohdat antavat t\u00e4lle sormukselle erityist\u00e4 vieh\u00e4tyst\u00e4 ja hienostuneisuutta. Se on upea lis\u00e4 korukokoelmaasi, joka korostaa moitteetonta makuasi.<\/p>\n","protected":false},"excerpt":{"rendered":"<p>Materiaali: Sterling-hopea, kultalevyosat, musta emali, zirkonia (CZ)<\/p>\n<p>Sormuksen keskim\u00e4\u00e4r\u00e4inen paino: 4,12 g<\/p>\n<p>Kultalevyjen paino (14 K): 0,04 g<\/p>\n","protected":false},"featured_media":57464,"comment_status":"open","ping_status":"closed","template":"","meta":[],"etheme_brands":[],"product_brand":[],"product_cat":[990],"product_tag":[1000],"class_list":{"0":"post-57465","1":"product","2":"type-product","3":"status-publish","4":"has-post-thumbnail","6":"product_cat-sormukset","7":"product_tag-kukka-aiheiset","9":"first","10":"instock","11":"shipping-taxable","12":"purchasable","13":"product-type-simple"},"acf":[],"yoast_head":"<!-- This site is optimized with the Yoast SEO Premium plugin v26.5 (Yoast SEO v26.8) - https:\/\/yoast.com\/product\/yoast-seo-premium-wordpress\/ -->\n<title>Hopeasormus kultalevyill\u00e4 ja mustalla emalilla &quot;Edelweiss&quot; - Colibri jewels<\/title>\n<meta name=\"robots\" content=\"index, follow, max-snippet:-1, max-image-preview:large, max-video-preview:-1\" \/>\n<link rel=\"canonical\" href=\"https:\/\/colibri-jewels.eu\/fi\/tuote\/hopeasormus-kultalevyilla-ja-mustalla-emalilla-edelweiss\/\" \/>\n<meta property=\"og:locale\" content=\"fi_FI\" \/>\n<meta property=\"og:type\" content=\"article\" \/>\n<meta property=\"og:title\" content=\"Hopeasormus kultalevyill\u00e4 ja mustalla emalilla &quot;Edelweiss&quot;\" \/>\n<meta property=\"og:description\" content=\"Materiaali: Sterling-hopea, kultalevyosat, musta emali, zirkonia (CZ)  Sormuksen keskim\u00e4\u00e4r\u00e4inen paino: 4,12 g  Kultalevyjen paino (14 K): 0,04 g\" \/>\n<meta property=\"og:url\" content=\"https:\/\/colibri-jewels.eu\/fi\/tuote\/hopeasormus-kultalevyilla-ja-mustalla-emalilla-edelweiss\/\" \/>\n<meta property=\"og:site_name\" content=\"Colibri jewels\" \/>\n<meta property=\"article:publisher\" content=\"https:\/\/www.facebook.com\/colibri.jewels\" \/>\n<meta property=\"article:modified_time\" content=\"2025-10-21T09:18:22+00:00\" \/>\n<meta property=\"og:image\" content=\"https:\/\/colibri-jewels.eu\/wp-content\/uploads\/2025\/04\/silver-ring-with-black-agate-and-golden-inserts-Edelweiss.jpg\" \/>\n\t<meta property=\"og:image:width\" content=\"1000\" \/>\n\t<meta property=\"og:image:height\" content=\"1000\" \/>\n\t<meta property=\"og:image:type\" content=\"image\/jpeg\" \/>\n<meta name=\"twitter:card\" content=\"summary_large_image\" \/>\n<meta name=\"twitter:label1\" content=\"Arvioitu lukuaika\" \/>\n\t<meta name=\"twitter:data1\" content=\"1 minuutti\" \/>\n<script type=\"application\/ld+json\" class=\"yoast-schema-graph\">{\"@context\":\"https:\/\/schema.org\",\"@graph\":[{\"@type\":\"WebPage\",\"@id\":\"https:\/\/colibri-jewels.eu\/fi\/tuote\/hopeasormus-kultalevyilla-ja-mustalla-emalilla-edelweiss\/\",\"url\":\"https:\/\/colibri-jewels.eu\/fi\/tuote\/hopeasormus-kultalevyilla-ja-mustalla-emalilla-edelweiss\/\",\"name\":\"Hopeasormus kultalevyill\u00e4 ja mustalla emalilla \\\"Edelweiss\\\" - Colibri jewels\",\"isPartOf\":{\"@id\":\"https:\/\/colibri-jewels.eu\/fi\/#website\"},\"primaryImageOfPage\":{\"@id\":\"https:\/\/colibri-jewels.eu\/fi\/tuote\/hopeasormus-kultalevyilla-ja-mustalla-emalilla-edelweiss\/#primaryimage\"},\"image\":{\"@id\":\"https:\/\/colibri-jewels.eu\/fi\/tuote\/hopeasormus-kultalevyilla-ja-mustalla-emalilla-edelweiss\/#primaryimage\"},\"thumbnailUrl\":\"https:\/\/colibri-jewels.eu\/wp-content\/uploads\/2025\/04\/silver-ring-with-black-agate-and-golden-inserts-Edelweiss.jpg\",\"datePublished\":\"2025-05-03T08:02:18+00:00\",\"dateModified\":\"2025-10-21T09:18:22+00:00\",\"breadcrumb\":{\"@id\":\"https:\/\/colibri-jewels.eu\/fi\/tuote\/hopeasormus-kultalevyilla-ja-mustalla-emalilla-edelweiss\/#breadcrumb\"},\"inLanguage\":\"fi\",\"potentialAction\":[{\"@type\":\"ReadAction\",\"target\":[\"https:\/\/colibri-jewels.eu\/fi\/tuote\/hopeasormus-kultalevyilla-ja-mustalla-emalilla-edelweiss\/\"]}]},{\"@type\":\"ImageObject\",\"inLanguage\":\"fi\",\"@id\":\"https:\/\/colibri-jewels.eu\/fi\/tuote\/hopeasormus-kultalevyilla-ja-mustalla-emalilla-edelweiss\/#primaryimage\",\"url\":\"https:\/\/colibri-jewels.eu\/wp-content\/uploads\/2025\/04\/silver-ring-with-black-agate-and-golden-inserts-Edelweiss.jpg\",\"contentUrl\":\"https:\/\/colibri-jewels.eu\/wp-content\/uploads\/2025\/04\/silver-ring-with-black-agate-and-golden-inserts-Edelweiss.jpg\",\"width\":1000,\"height\":1000},{\"@type\":\"BreadcrumbList\",\"@id\":\"https:\/\/colibri-jewels.eu\/fi\/tuote\/hopeasormus-kultalevyilla-ja-mustalla-emalilla-edelweiss\/#breadcrumb\",\"itemListElement\":[{\"@type\":\"ListItem\",\"position\":1,\"name\":\"\u0413\u043b\u0430\u0432\u043d\u0430\u044f \u0441\u0442\u0440\u0430\u043d\u0438\u0446\u0430\",\"item\":\"https:\/\/colibri-jewels.eu\/fi\/\"},{\"@type\":\"ListItem\",\"position\":2,\"name\":\"Kauppa\",\"item\":\"https:\/\/colibri-jewels.eu\/fi\/kauppa\/\"},{\"@type\":\"ListItem\",\"position\":3,\"name\":\"Hopeasormus kultalevyill\u00e4 ja mustalla emalilla &#8220;Edelweiss&#8221;\"}]},{\"@type\":\"WebSite\",\"@id\":\"https:\/\/colibri-jewels.eu\/fi\/#website\",\"url\":\"https:\/\/colibri-jewels.eu\/fi\/\",\"name\":\"Colibri jewels\",\"description\":\"jewelry shop\",\"publisher\":{\"@id\":\"https:\/\/colibri-jewels.eu\/fi\/#organization\"},\"potentialAction\":[{\"@type\":\"SearchAction\",\"target\":{\"@type\":\"EntryPoint\",\"urlTemplate\":\"https:\/\/colibri-jewels.eu\/fi\/?s={search_term_string}\"},\"query-input\":{\"@type\":\"PropertyValueSpecification\",\"valueRequired\":true,\"valueName\":\"search_term_string\"}}],\"inLanguage\":\"fi\"},{\"@type\":\"Organization\",\"@id\":\"https:\/\/colibri-jewels.eu\/fi\/#organization\",\"name\":\"O\u00dc Colibri\",\"url\":\"https:\/\/colibri-jewels.eu\/fi\/\",\"logo\":{\"@type\":\"ImageObject\",\"inLanguage\":\"fi\",\"@id\":\"https:\/\/colibri-jewels.eu\/fi\/#\/schema\/logo\/image\/\",\"url\":\"https:\/\/dev.colibri-jewels.eu\/wp-content\/uploads\/2021\/03\/colibri.png\",\"contentUrl\":\"https:\/\/dev.colibri-jewels.eu\/wp-content\/uploads\/2021\/03\/colibri.png\",\"width\":227,\"height\":130,\"caption\":\"O\u00dc Colibri\"},\"image\":{\"@id\":\"https:\/\/colibri-jewels.eu\/fi\/#\/schema\/logo\/image\/\"},\"sameAs\":[\"https:\/\/www.facebook.com\/colibri.jewels\",\"https:\/\/www.instagram.com\/colibri.jewels\",\"https:\/\/www.tiktok.com\/colibri.jewels\"]}]}<\/script>\n<!-- \/ Yoast SEO Premium plugin. -->","yoast_head_json":{"title":"Hopeasormus kultalevyill\u00e4 ja mustalla emalilla \"Edelweiss\" - Colibri jewels","robots":{"index":"index","follow":"follow","max-snippet":"max-snippet:-1","max-image-preview":"max-image-preview:large","max-video-preview":"max-video-preview:-1"},"canonical":"https:\/\/colibri-jewels.eu\/fi\/tuote\/hopeasormus-kultalevyilla-ja-mustalla-emalilla-edelweiss\/","og_locale":"fi_FI","og_type":"article","og_title":"Hopeasormus kultalevyill\u00e4 ja mustalla emalilla \"Edelweiss\"","og_description":"Materiaali: Sterling-hopea, kultalevyosat, musta emali, zirkonia (CZ)  Sormuksen keskim\u00e4\u00e4r\u00e4inen paino: 4,12 g  Kultalevyjen paino (14 K): 0,04 g","og_url":"https:\/\/colibri-jewels.eu\/fi\/tuote\/hopeasormus-kultalevyilla-ja-mustalla-emalilla-edelweiss\/","og_site_name":"Colibri jewels","article_publisher":"https:\/\/www.facebook.com\/colibri.jewels","article_modified_time":"2025-10-21T09:18:22+00:00","og_image":[{"width":1000,"height":1000,"url":"https:\/\/colibri-jewels.eu\/wp-content\/uploads\/2025\/04\/silver-ring-with-black-agate-and-golden-inserts-Edelweiss.jpg","type":"image\/jpeg"}],"twitter_card":"summary_large_image","twitter_misc":{"Arvioitu lukuaika":"1 minuutti"},"schema":{"@context":"https:\/\/schema.org","@graph":[{"@type":"WebPage","@id":"https:\/\/colibri-jewels.eu\/fi\/tuote\/hopeasormus-kultalevyilla-ja-mustalla-emalilla-edelweiss\/","url":"https:\/\/colibri-jewels.eu\/fi\/tuote\/hopeasormus-kultalevyilla-ja-mustalla-emalilla-edelweiss\/","name":"Hopeasormus kultalevyill\u00e4 ja mustalla emalilla \"Edelweiss\" - Colibri jewels","isPartOf":{"@id":"https:\/\/colibri-jewels.eu\/fi\/#website"},"primaryImageOfPage":{"@id":"https:\/\/colibri-jewels.eu\/fi\/tuote\/hopeasormus-kultalevyilla-ja-mustalla-emalilla-edelweiss\/#primaryimage"},"image":{"@id":"https:\/\/colibri-jewels.eu\/fi\/tuote\/hopeasormus-kultalevyilla-ja-mustalla-emalilla-edelweiss\/#primaryimage"},"thumbnailUrl":"https:\/\/colibri-jewels.eu\/wp-content\/uploads\/2025\/04\/silver-ring-with-black-agate-and-golden-inserts-Edelweiss.jpg","datePublished":"2025-05-03T08:02:18+00:00","dateModified":"2025-10-21T09:18:22+00:00","breadcrumb":{"@id":"https:\/\/colibri-jewels.eu\/fi\/tuote\/hopeasormus-kultalevyilla-ja-mustalla-emalilla-edelweiss\/#breadcrumb"},"inLanguage":"fi","potentialAction":[{"@type":"ReadAction","target":["https:\/\/colibri-jewels.eu\/fi\/tuote\/hopeasormus-kultalevyilla-ja-mustalla-emalilla-edelweiss\/"]}]},{"@type":"ImageObject","inLanguage":"fi","@id":"https:\/\/colibri-jewels.eu\/fi\/tuote\/hopeasormus-kultalevyilla-ja-mustalla-emalilla-edelweiss\/#primaryimage","url":"https:\/\/colibri-jewels.eu\/wp-content\/uploads\/2025\/04\/silver-ring-with-black-agate-and-golden-inserts-Edelweiss.jpg","contentUrl":"https:\/\/colibri-jewels.eu\/wp-content\/uploads\/2025\/04\/silver-ring-with-black-agate-and-golden-inserts-Edelweiss.jpg","width":1000,"height":1000},{"@type":"BreadcrumbList","@id":"https:\/\/colibri-jewels.eu\/fi\/tuote\/hopeasormus-kultalevyilla-ja-mustalla-emalilla-edelweiss\/#breadcrumb","itemListElement":[{"@type":"ListItem","position":1,"name":"\u0413\u043b\u0430\u0432\u043d\u0430\u044f \u0441\u0442\u0440\u0430\u043d\u0438\u0446\u0430","item":"https:\/\/colibri-jewels.eu\/fi\/"},{"@type":"ListItem","position":2,"name":"Kauppa","item":"https:\/\/colibri-jewels.eu\/fi\/kauppa\/"},{"@type":"ListItem","position":3,"name":"Hopeasormus kultalevyill\u00e4 ja mustalla emalilla &#8220;Edelweiss&#8221;"}]},{"@type":"WebSite","@id":"https:\/\/colibri-jewels.eu\/fi\/#website","url":"https:\/\/colibri-jewels.eu\/fi\/","name":"Colibri jewels","description":"jewelry shop","publisher":{"@id":"https:\/\/colibri-jewels.eu\/fi\/#organization"},"potentialAction":[{"@type":"SearchAction","target":{"@type":"EntryPoint","urlTemplate":"https:\/\/colibri-jewels.eu\/fi\/?s={search_term_string}"},"query-input":{"@type":"PropertyValueSpecification","valueRequired":true,"valueName":"search_term_string"}}],"inLanguage":"fi"},{"@type":"Organization","@id":"https:\/\/colibri-jewels.eu\/fi\/#organization","name":"O\u00dc Colibri","url":"https:\/\/colibri-jewels.eu\/fi\/","logo":{"@type":"ImageObject","inLanguage":"fi","@id":"https:\/\/colibri-jewels.eu\/fi\/#\/schema\/logo\/image\/","url":"https:\/\/dev.colibri-jewels.eu\/wp-content\/uploads\/2021\/03\/colibri.png","contentUrl":"https:\/\/dev.colibri-jewels.eu\/wp-content\/uploads\/2021\/03\/colibri.png","width":227,"height":130,"caption":"O\u00dc Colibri"},"image":{"@id":"https:\/\/colibri-jewels.eu\/fi\/#\/schema\/logo\/image\/"},"sameAs":["https:\/\/www.facebook.com\/colibri.jewels","https:\/\/www.instagram.com\/colibri.jewels","https:\/\/www.tiktok.com\/colibri.jewels"]}]}},"_links":{"self":[{"href":"https:\/\/colibri-jewels.eu\/fi\/wp-json\/wp\/v2\/product\/57465","targetHints":{"allow":["GET"]}}],"collection":[{"href":"https:\/\/colibri-jewels.eu\/fi\/wp-json\/wp\/v2\/product"}],"about":[{"href":"https:\/\/colibri-jewels.eu\/fi\/wp-json\/wp\/v2\/types\/product"}],"replies":[{"embeddable":true,"href":"https:\/\/colibri-jewels.eu\/fi\/wp-json\/wp\/v2\/comments?post=57465"}],"version-history":[{"count":1,"href":"https:\/\/colibri-jewels.eu\/fi\/wp-json\/wp\/v2\/product\/57465\/revisions"}],"predecessor-version":[{"id":57529,"href":"https:\/\/colibri-jewels.eu\/fi\/wp-json\/wp\/v2\/product\/57465\/revisions\/57529"}],"wp:featuredmedia":[{"embeddable":true,"href":"https:\/\/colibri-jewels.eu\/fi\/wp-json\/wp\/v2\/media\/57464"}],"wp:attachment":[{"href":"https:\/\/colibri-jewels.eu\/fi\/wp-json\/wp\/v2\/media?parent=57465"}],"wp:term":[{"taxonomy":"brand","embeddable":true,"href":"https:\/\/colibri-jewels.eu\/fi\/wp-json\/wp\/v2\/etheme_brands?post=57465"},{"taxonomy":"product_brand","embeddable":true,"href":"https:\/\/colibri-jewels.eu\/fi\/wp-json\/wp\/v2\/product_brand?post=57465"},{"taxonomy":"product_cat","embeddable":true,"href":"https:\/\/colibri-jewels.eu\/fi\/wp-json\/wp\/v2\/product_cat?post=57465"},{"taxonomy":"product_tag","embeddable":true,"href":"https:\/\/colibri-jewels.eu\/fi\/wp-json\/wp\/v2\/product_tag?post=57465"}],"curies":[{"name":"wp","href":"https:\/\/api.w.org\/{rel}","templated":true}]}}