{"id":57504,"date":"2025-10-21T11:36:54","date_gmt":"2025-10-21T08:36:54","guid":{"rendered":"https:\/\/colibri-jewels.eu\/?post_type=product&#038;p=57504"},"modified":"2025-10-21T12:15:35","modified_gmt":"2025-10-21T09:15:35","slug":"hopea-amuletti-ladan-puu-perheen-sydan","status":"publish","type":"product","link":"https:\/\/colibri-jewels.eu\/fi\/tuote\/hopea-amuletti-ladan-puu-perheen-sydan\/","title":{"rendered":"Hopea-amuletti &#8221;Ladan puu \u2013 Perheen syd\u00e4n&#8221;"},"content":{"rendered":"<p>Riipus on El\u00e4m\u00e4npuu-symbolin ja sulokkaan naishahmon taidokas kietoutuminen. Sommitelma on saanut inspiraationsa slaavilaisen jumalattaren Lada \u2014 suuren Ro\u017eanitsan (Syntym\u00e4n\/Synnytt\u00e4jien Suojelija), joka antaa perheelle rauhan ja sopusoinnun \u2014 kuvasta. Naisfiguuri, joka on sommitelman keskipiste ja Puun &#8221;runko&#8221;, ilment\u00e4\u00e4 Suvun Perustajaa. H\u00e4n symboloi s\u00e4rkym\u00e4t\u00f6nt\u00e4 yhteytt\u00e4 esi-isiin (juuret) ja hedelm\u00e4llist\u00e4 voimaa, joka t\u00e4ht\u00e4\u00e4 j\u00e4lkel\u00e4isten menestykseen (oksat). Riipus on voimallinen amuletti, joka edist\u00e4\u00e4:<\/p>\n<ul>\n<li><span class=\"\">Perheen onnea ja harmonian suhteissa.<\/span><\/li>\n<li><span class=\"\">Suojelusta \u00e4itiydess\u00e4 ja synnytyksess\u00e4.<\/span><\/li>\n<li><span class=\"\">Suvun siteiden vahvistamista ja naisellisen viisauden v\u00e4litt\u00e4mist\u00e4.<\/span><\/li>\n<\/ul>\n<p>T\u00e4m\u00e4 ei ole vain koru, se on Lada \u2014 slaavilaisen rakkauden ja perheen sopusoinnun jumalatar \u2014 talismaani. Sulokas hahmo, josta on tullut Puun vahva runko, henkil\u00f6i sen, joka pit\u00e4\u00e4 perheen tulisijaa ja antaa Suvulle rakkautta ja harmoniaa.<\/p>\n<p>K\u00e4yt\u00e4 t\u00e4t\u00e4 riipusta amulettina, joka vet\u00e4\u00e4 ladin (sopua) kotiin, suojelee avioliittoa ja edist\u00e4\u00e4 Suvun jatkumista. Antakoon se olla sinun henkil\u00f6kohtainen Ro\u017eanitsan ilmentym\u00e4si, joka antaa \u00e4itiyden voiman ja onnen, ja muistuttaa sinun keskeisest\u00e4, el\u00e4m\u00e4\u00e4 antavasta roolistasi perheesi historiassa.<\/p>\n","protected":false},"excerpt":{"rendered":"<p>Symbolinen hopeariipus &#8221;El\u00e4m\u00e4npuu&#8221; naishahmolla. Amuletti, joka ilment\u00e4\u00e4 slaavilaista jumalatarta Ladaa \u2014 rakkauden, avioliiton ja suvun jatkumisen suojelijaa. Naisvoiman, harmonian ja s\u00e4rkym\u00e4tt\u00f6m\u00e4n perhesiteen symboli. Upea lahja naiselle, joka on Suvun syd\u00e4n.<\/p>\n","protected":false},"featured_media":57502,"comment_status":"open","ping_status":"closed","template":"","meta":[],"etheme_brands":[],"product_brand":[],"product_cat":[989],"product_tag":[1005],"class_list":{"0":"post-57504","1":"product","2":"type-product","3":"status-publish","4":"has-post-thumbnail","6":"product_cat-kaulakorut-ja-riipukset","7":"product_tag-riimukorut","9":"first","10":"outofstock","11":"shipping-taxable","12":"purchasable","13":"product-type-simple"},"acf":[],"yoast_head":"<!-- This site is optimized with the Yoast SEO Premium plugin v26.5 (Yoast SEO v26.8) - https:\/\/yoast.com\/product\/yoast-seo-premium-wordpress\/ -->\n<title>Hopea-amuletti &quot;Ladan puu \u2013 Perheen syd\u00e4n&quot; - Colibri jewels<\/title>\n<meta name=\"robots\" content=\"index, follow, max-snippet:-1, max-image-preview:large, max-video-preview:-1\" \/>\n<link rel=\"canonical\" href=\"https:\/\/colibri-jewels.eu\/fi\/tuote\/hopea-amuletti-ladan-puu-perheen-sydan\/\" \/>\n<meta property=\"og:locale\" content=\"fi_FI\" \/>\n<meta property=\"og:type\" content=\"article\" \/>\n<meta property=\"og:title\" content=\"Hopea-amuletti &quot;Ladan puu \u2013 Perheen syd\u00e4n&quot;\" \/>\n<meta property=\"og:description\" content=\"Symbolinen hopeariipus &quot;El\u00e4m\u00e4npuu&quot; naishahmolla. Amuletti, joka ilment\u00e4\u00e4 slaavilaista jumalatarta Ladaa \u2014 rakkauden, avioliiton ja suvun jatkumisen suojelijaa. Naisvoiman, harmonian ja s\u00e4rkym\u00e4tt\u00f6m\u00e4n perhesiteen symboli. Upea lahja naiselle, joka on Suvun syd\u00e4n.\" \/>\n<meta property=\"og:url\" content=\"https:\/\/colibri-jewels.eu\/fi\/tuote\/hopea-amuletti-ladan-puu-perheen-sydan\/\" \/>\n<meta property=\"og:site_name\" content=\"Colibri jewels\" \/>\n<meta property=\"article:publisher\" content=\"https:\/\/www.facebook.com\/colibri.jewels\" \/>\n<meta property=\"article:modified_time\" content=\"2025-10-21T09:15:35+00:00\" \/>\n<meta property=\"og:image\" content=\"https:\/\/colibri-jewels.eu\/wp-content\/uploads\/2025\/10\/2381-full.jpg\" \/>\n\t<meta property=\"og:image:width\" content=\"1000\" \/>\n\t<meta property=\"og:image:height\" content=\"1000\" \/>\n\t<meta property=\"og:image:type\" content=\"image\/jpeg\" \/>\n<meta name=\"twitter:card\" content=\"summary_large_image\" \/>\n<meta name=\"twitter:label1\" content=\"Arvioitu lukuaika\" \/>\n\t<meta name=\"twitter:data1\" content=\"1 minuutti\" \/>\n<script type=\"application\/ld+json\" class=\"yoast-schema-graph\">{\"@context\":\"https:\/\/schema.org\",\"@graph\":[{\"@type\":\"WebPage\",\"@id\":\"https:\/\/colibri-jewels.eu\/fi\/tuote\/hopea-amuletti-ladan-puu-perheen-sydan\/\",\"url\":\"https:\/\/colibri-jewels.eu\/fi\/tuote\/hopea-amuletti-ladan-puu-perheen-sydan\/\",\"name\":\"Hopea-amuletti \\\"Ladan puu \u2013 Perheen syd\u00e4n\\\" - Colibri jewels\",\"isPartOf\":{\"@id\":\"https:\/\/colibri-jewels.eu\/fi\/#website\"},\"primaryImageOfPage\":{\"@id\":\"https:\/\/colibri-jewels.eu\/fi\/tuote\/hopea-amuletti-ladan-puu-perheen-sydan\/#primaryimage\"},\"image\":{\"@id\":\"https:\/\/colibri-jewels.eu\/fi\/tuote\/hopea-amuletti-ladan-puu-perheen-sydan\/#primaryimage\"},\"thumbnailUrl\":\"https:\/\/colibri-jewels.eu\/wp-content\/uploads\/2025\/10\/2381-full.jpg\",\"datePublished\":\"2025-10-21T08:36:54+00:00\",\"dateModified\":\"2025-10-21T09:15:35+00:00\",\"breadcrumb\":{\"@id\":\"https:\/\/colibri-jewels.eu\/fi\/tuote\/hopea-amuletti-ladan-puu-perheen-sydan\/#breadcrumb\"},\"inLanguage\":\"fi\",\"potentialAction\":[{\"@type\":\"ReadAction\",\"target\":[\"https:\/\/colibri-jewels.eu\/fi\/tuote\/hopea-amuletti-ladan-puu-perheen-sydan\/\"]}]},{\"@type\":\"ImageObject\",\"inLanguage\":\"fi\",\"@id\":\"https:\/\/colibri-jewels.eu\/fi\/tuote\/hopea-amuletti-ladan-puu-perheen-sydan\/#primaryimage\",\"url\":\"https:\/\/colibri-jewels.eu\/wp-content\/uploads\/2025\/10\/2381-full.jpg\",\"contentUrl\":\"https:\/\/colibri-jewels.eu\/wp-content\/uploads\/2025\/10\/2381-full.jpg\",\"width\":1000,\"height\":1000},{\"@type\":\"BreadcrumbList\",\"@id\":\"https:\/\/colibri-jewels.eu\/fi\/tuote\/hopea-amuletti-ladan-puu-perheen-sydan\/#breadcrumb\",\"itemListElement\":[{\"@type\":\"ListItem\",\"position\":1,\"name\":\"\u0413\u043b\u0430\u0432\u043d\u0430\u044f \u0441\u0442\u0440\u0430\u043d\u0438\u0446\u0430\",\"item\":\"https:\/\/colibri-jewels.eu\/fi\/\"},{\"@type\":\"ListItem\",\"position\":2,\"name\":\"Kauppa\",\"item\":\"https:\/\/colibri-jewels.eu\/fi\/kauppa\/\"},{\"@type\":\"ListItem\",\"position\":3,\"name\":\"Hopea-amuletti &#8220;Ladan puu \u2013 Perheen syd\u00e4n&#8221;\"}]},{\"@type\":\"WebSite\",\"@id\":\"https:\/\/colibri-jewels.eu\/fi\/#website\",\"url\":\"https:\/\/colibri-jewels.eu\/fi\/\",\"name\":\"Colibri jewels\",\"description\":\"jewelry shop\",\"publisher\":{\"@id\":\"https:\/\/colibri-jewels.eu\/fi\/#organization\"},\"potentialAction\":[{\"@type\":\"SearchAction\",\"target\":{\"@type\":\"EntryPoint\",\"urlTemplate\":\"https:\/\/colibri-jewels.eu\/fi\/?s={search_term_string}\"},\"query-input\":{\"@type\":\"PropertyValueSpecification\",\"valueRequired\":true,\"valueName\":\"search_term_string\"}}],\"inLanguage\":\"fi\"},{\"@type\":\"Organization\",\"@id\":\"https:\/\/colibri-jewels.eu\/fi\/#organization\",\"name\":\"O\u00dc Colibri\",\"url\":\"https:\/\/colibri-jewels.eu\/fi\/\",\"logo\":{\"@type\":\"ImageObject\",\"inLanguage\":\"fi\",\"@id\":\"https:\/\/colibri-jewels.eu\/fi\/#\/schema\/logo\/image\/\",\"url\":\"https:\/\/dev.colibri-jewels.eu\/wp-content\/uploads\/2021\/03\/colibri.png\",\"contentUrl\":\"https:\/\/dev.colibri-jewels.eu\/wp-content\/uploads\/2021\/03\/colibri.png\",\"width\":227,\"height\":130,\"caption\":\"O\u00dc Colibri\"},\"image\":{\"@id\":\"https:\/\/colibri-jewels.eu\/fi\/#\/schema\/logo\/image\/\"},\"sameAs\":[\"https:\/\/www.facebook.com\/colibri.jewels\",\"https:\/\/www.instagram.com\/colibri.jewels\",\"https:\/\/www.tiktok.com\/colibri.jewels\"]}]}<\/script>\n<!-- \/ Yoast SEO Premium plugin. -->","yoast_head_json":{"title":"Hopea-amuletti \"Ladan puu \u2013 Perheen syd\u00e4n\" - Colibri jewels","robots":{"index":"index","follow":"follow","max-snippet":"max-snippet:-1","max-image-preview":"max-image-preview:large","max-video-preview":"max-video-preview:-1"},"canonical":"https:\/\/colibri-jewels.eu\/fi\/tuote\/hopea-amuletti-ladan-puu-perheen-sydan\/","og_locale":"fi_FI","og_type":"article","og_title":"Hopea-amuletti \"Ladan puu \u2013 Perheen syd\u00e4n\"","og_description":"Symbolinen hopeariipus \"El\u00e4m\u00e4npuu\" naishahmolla. Amuletti, joka ilment\u00e4\u00e4 slaavilaista jumalatarta Ladaa \u2014 rakkauden, avioliiton ja suvun jatkumisen suojelijaa. Naisvoiman, harmonian ja s\u00e4rkym\u00e4tt\u00f6m\u00e4n perhesiteen symboli. Upea lahja naiselle, joka on Suvun syd\u00e4n.","og_url":"https:\/\/colibri-jewels.eu\/fi\/tuote\/hopea-amuletti-ladan-puu-perheen-sydan\/","og_site_name":"Colibri jewels","article_publisher":"https:\/\/www.facebook.com\/colibri.jewels","article_modified_time":"2025-10-21T09:15:35+00:00","og_image":[{"width":1000,"height":1000,"url":"https:\/\/colibri-jewels.eu\/wp-content\/uploads\/2025\/10\/2381-full.jpg","type":"image\/jpeg"}],"twitter_card":"summary_large_image","twitter_misc":{"Arvioitu lukuaika":"1 minuutti"},"schema":{"@context":"https:\/\/schema.org","@graph":[{"@type":"WebPage","@id":"https:\/\/colibri-jewels.eu\/fi\/tuote\/hopea-amuletti-ladan-puu-perheen-sydan\/","url":"https:\/\/colibri-jewels.eu\/fi\/tuote\/hopea-amuletti-ladan-puu-perheen-sydan\/","name":"Hopea-amuletti \"Ladan puu \u2013 Perheen syd\u00e4n\" - Colibri jewels","isPartOf":{"@id":"https:\/\/colibri-jewels.eu\/fi\/#website"},"primaryImageOfPage":{"@id":"https:\/\/colibri-jewels.eu\/fi\/tuote\/hopea-amuletti-ladan-puu-perheen-sydan\/#primaryimage"},"image":{"@id":"https:\/\/colibri-jewels.eu\/fi\/tuote\/hopea-amuletti-ladan-puu-perheen-sydan\/#primaryimage"},"thumbnailUrl":"https:\/\/colibri-jewels.eu\/wp-content\/uploads\/2025\/10\/2381-full.jpg","datePublished":"2025-10-21T08:36:54+00:00","dateModified":"2025-10-21T09:15:35+00:00","breadcrumb":{"@id":"https:\/\/colibri-jewels.eu\/fi\/tuote\/hopea-amuletti-ladan-puu-perheen-sydan\/#breadcrumb"},"inLanguage":"fi","potentialAction":[{"@type":"ReadAction","target":["https:\/\/colibri-jewels.eu\/fi\/tuote\/hopea-amuletti-ladan-puu-perheen-sydan\/"]}]},{"@type":"ImageObject","inLanguage":"fi","@id":"https:\/\/colibri-jewels.eu\/fi\/tuote\/hopea-amuletti-ladan-puu-perheen-sydan\/#primaryimage","url":"https:\/\/colibri-jewels.eu\/wp-content\/uploads\/2025\/10\/2381-full.jpg","contentUrl":"https:\/\/colibri-jewels.eu\/wp-content\/uploads\/2025\/10\/2381-full.jpg","width":1000,"height":1000},{"@type":"BreadcrumbList","@id":"https:\/\/colibri-jewels.eu\/fi\/tuote\/hopea-amuletti-ladan-puu-perheen-sydan\/#breadcrumb","itemListElement":[{"@type":"ListItem","position":1,"name":"\u0413\u043b\u0430\u0432\u043d\u0430\u044f \u0441\u0442\u0440\u0430\u043d\u0438\u0446\u0430","item":"https:\/\/colibri-jewels.eu\/fi\/"},{"@type":"ListItem","position":2,"name":"Kauppa","item":"https:\/\/colibri-jewels.eu\/fi\/kauppa\/"},{"@type":"ListItem","position":3,"name":"Hopea-amuletti &#8220;Ladan puu \u2013 Perheen syd\u00e4n&#8221;"}]},{"@type":"WebSite","@id":"https:\/\/colibri-jewels.eu\/fi\/#website","url":"https:\/\/colibri-jewels.eu\/fi\/","name":"Colibri jewels","description":"jewelry shop","publisher":{"@id":"https:\/\/colibri-jewels.eu\/fi\/#organization"},"potentialAction":[{"@type":"SearchAction","target":{"@type":"EntryPoint","urlTemplate":"https:\/\/colibri-jewels.eu\/fi\/?s={search_term_string}"},"query-input":{"@type":"PropertyValueSpecification","valueRequired":true,"valueName":"search_term_string"}}],"inLanguage":"fi"},{"@type":"Organization","@id":"https:\/\/colibri-jewels.eu\/fi\/#organization","name":"O\u00dc Colibri","url":"https:\/\/colibri-jewels.eu\/fi\/","logo":{"@type":"ImageObject","inLanguage":"fi","@id":"https:\/\/colibri-jewels.eu\/fi\/#\/schema\/logo\/image\/","url":"https:\/\/dev.colibri-jewels.eu\/wp-content\/uploads\/2021\/03\/colibri.png","contentUrl":"https:\/\/dev.colibri-jewels.eu\/wp-content\/uploads\/2021\/03\/colibri.png","width":227,"height":130,"caption":"O\u00dc Colibri"},"image":{"@id":"https:\/\/colibri-jewels.eu\/fi\/#\/schema\/logo\/image\/"},"sameAs":["https:\/\/www.facebook.com\/colibri.jewels","https:\/\/www.instagram.com\/colibri.jewels","https:\/\/www.tiktok.com\/colibri.jewels"]}]}},"_links":{"self":[{"href":"https:\/\/colibri-jewels.eu\/fi\/wp-json\/wp\/v2\/product\/57504","targetHints":{"allow":["GET"]}}],"collection":[{"href":"https:\/\/colibri-jewels.eu\/fi\/wp-json\/wp\/v2\/product"}],"about":[{"href":"https:\/\/colibri-jewels.eu\/fi\/wp-json\/wp\/v2\/types\/product"}],"replies":[{"embeddable":true,"href":"https:\/\/colibri-jewels.eu\/fi\/wp-json\/wp\/v2\/comments?post=57504"}],"version-history":[{"count":1,"href":"https:\/\/colibri-jewels.eu\/fi\/wp-json\/wp\/v2\/product\/57504\/revisions"}],"predecessor-version":[{"id":57521,"href":"https:\/\/colibri-jewels.eu\/fi\/wp-json\/wp\/v2\/product\/57504\/revisions\/57521"}],"wp:featuredmedia":[{"embeddable":true,"href":"https:\/\/colibri-jewels.eu\/fi\/wp-json\/wp\/v2\/media\/57502"}],"wp:attachment":[{"href":"https:\/\/colibri-jewels.eu\/fi\/wp-json\/wp\/v2\/media?parent=57504"}],"wp:term":[{"taxonomy":"brand","embeddable":true,"href":"https:\/\/colibri-jewels.eu\/fi\/wp-json\/wp\/v2\/etheme_brands?post=57504"},{"taxonomy":"product_brand","embeddable":true,"href":"https:\/\/colibri-jewels.eu\/fi\/wp-json\/wp\/v2\/product_brand?post=57504"},{"taxonomy":"product_cat","embeddable":true,"href":"https:\/\/colibri-jewels.eu\/fi\/wp-json\/wp\/v2\/product_cat?post=57504"},{"taxonomy":"product_tag","embeddable":true,"href":"https:\/\/colibri-jewels.eu\/fi\/wp-json\/wp\/v2\/product_tag?post=57504"}],"curies":[{"name":"wp","href":"https:\/\/api.w.org\/{rel}","templated":true}]}}