{"id":57569,"date":"2025-10-25T21:25:36","date_gmt":"2025-10-25T18:25:36","guid":{"rendered":"https:\/\/colibri-jewels.eu\/?post_type=product&#038;p=57569"},"modified":"2025-10-25T22:08:22","modified_gmt":"2025-10-25T19:08:22","slug":"kultainen-lab-timanttisormus-tiana-radiant-hionnalla-tiana","status":"publish","type":"product","link":"https:\/\/colibri-jewels.eu\/fi\/tuote\/kultainen-lab-timanttisormus-tiana-radiant-hionnalla-tiana\/","title":{"rendered":"Kultainen lab timanttisormus &#8221;Tiana&#8221; radiant-hionnalla &#8221;Tiana&#8221;"},"content":{"rendered":"<p><b>Tiana<\/b>-sormus on eleganssin ja ylellisyyden ruumiillistuma. 585 valkokullasta valmistettu siro muotoilu korostaa p\u00e4\u00e4kiven kauneutta \u2014 upeaa 1.70 karaatin lab timanttia, Radiant-hionnalla ja poikkeuksellisilla D\/VVS2-ominaisuuksilla. Sormuksen runkoon istutettu 14 sivu-lab timantin rivi, joiden yhteispaino on 0.40 karaattia, antaa korulle lis\u00e4s\u00e4ihkett\u00e4 ja hienostuneisuutta. Lab timantit ovat kemialliselta, fysikaaliselta ja optiselta koostumukseltaan identtisi\u00e4 luonnon timanttien kanssa, taaten saman loiston ja kest\u00e4vyyden. Samalla ne ovat luonnon vastineisiin verrattuna merkitt\u00e4v\u00e4sti edullisempi valinta, mik\u00e4 antaa Sinulle mahdollisuuden valita suuremman kiven tai monimutkaisemman muotoilun.<\/p>\n<p><b>Edut<\/b><\/p>\n<ul>\n<li>Ylellinen lab timantti Radiant-hionnalla (1.70 ct).<\/li>\n<li>Kiven korkeimmat ominaisuudet: V\u00e4ri D (v\u00e4rit\u00f6n), Puhtaus VVS2.<\/li>\n<li>Lab timanttien rivi sormuksen varressa lis\u00e4s\u00e4ihkett\u00e4 varten.<\/li>\n<li>Klassinen ja elegantti muotoilu.<\/li>\n<\/ul>\n<p><b>Yksil\u00f6llinen tilaus<\/b><\/p>\n<ul>\n<li>Voimme valmistaa <b>Tiana<\/b>-sormuksen lab timantilla miss\u00e4 tahansa muussa karaattipainossa, v\u00e4riss\u00e4 tai puhtaudessa yksil\u00f6llisen pyynt\u00f6si mukaan.<\/li>\n<li>Mahdollisuus valmistaa 585 keltakullasta tai ruusukullasta, sek\u00e4 platinasta.<\/li>\n<\/ul>\n<p><b>Valmistusaika:<\/b> 4\u20135 viikkoa. <b>Sis\u00e4ltyy:<\/b> Sertifikaatti keski-lab timantille.<\/p>\n","protected":false},"excerpt":{"rendered":"<p><b>Tiana<\/b>-Sormus. Hieno kihlasormus 585 valkokullasta. Keski-lab timantti Radiant-hionnalla 1.70 ct (D\/VVS2) timanttirivin ymp\u00e4r\u00f6im\u00e4n\u00e4 (0.40 ct). Ylellisyytt\u00e4 ilman kompromisseja: lab timantit ovat identtisi\u00e4 luonnon timanttien kanssa, mutta merkitt\u00e4v\u00e4sti edullisempia. Tilattavissa miss\u00e4 tahansa karaattipainossa.<\/p>\n","protected":false},"featured_media":57565,"comment_status":"open","ping_status":"closed","template":"","meta":[],"etheme_brands":[],"product_brand":[],"product_cat":[990],"product_tag":[997,1256,1007],"class_list":{"0":"post-57569","1":"product","2":"type-product","3":"status-publish","4":"has-post-thumbnail","6":"product_cat-sormukset","7":"product_tag-kihlaus","8":"product_tag-lab-timantit","9":"product_tag-solitaire-sormus","11":"first","12":"onbackorder","13":"shipping-taxable","14":"purchasable","15":"product-type-simple"},"acf":[],"yoast_head":"<!-- This site is optimized with the Yoast SEO Premium plugin v26.5 (Yoast SEO v26.8) - https:\/\/yoast.com\/product\/yoast-seo-premium-wordpress\/ -->\n<title>Kultainen lab timanttisormus &quot;Tiana&quot; radiant-hionnalla &quot;Tiana&quot; - Colibri jewels<\/title>\n<meta name=\"description\" content=\"Tiana kihlasormus. Lab timantti Radiant-hionnalla 1.70 karaattia D\/VVS2. Ylellinen muotoilu, valkokulta, timanttirivi.\" \/>\n<meta name=\"robots\" content=\"index, follow, max-snippet:-1, max-image-preview:large, max-video-preview:-1\" \/>\n<link rel=\"canonical\" href=\"https:\/\/colibri-jewels.eu\/fi\/tuote\/kultainen-lab-timanttisormus-tiana-radiant-hionnalla-tiana\/\" \/>\n<meta property=\"og:locale\" content=\"fi_FI\" \/>\n<meta property=\"og:type\" content=\"article\" \/>\n<meta property=\"og:title\" content=\"Kultainen lab timanttisormus &quot;Tiana&quot; radiant-hionnalla &quot;Tiana&quot;\" \/>\n<meta property=\"og:description\" content=\"Tiana kihlasormus. Lab timantti Radiant-hionnalla 1.70 karaattia D\/VVS2. Ylellinen muotoilu, valkokulta, timanttirivi.\" \/>\n<meta property=\"og:url\" content=\"https:\/\/colibri-jewels.eu\/fi\/tuote\/kultainen-lab-timanttisormus-tiana-radiant-hionnalla-tiana\/\" \/>\n<meta property=\"og:site_name\" content=\"Colibri jewels\" \/>\n<meta property=\"article:publisher\" content=\"https:\/\/www.facebook.com\/colibri.jewels\" \/>\n<meta property=\"article:modified_time\" content=\"2025-10-25T19:08:22+00:00\" \/>\n<meta property=\"og:image\" content=\"https:\/\/colibri-jewels.eu\/wp-content\/uploads\/2025\/10\/golden-ring-with-lab-diamond-radiant-cut-R-00869w.jpg\" \/>\n\t<meta property=\"og:image:width\" content=\"1000\" \/>\n\t<meta property=\"og:image:height\" content=\"1000\" \/>\n\t<meta property=\"og:image:type\" content=\"image\/jpeg\" \/>\n<meta name=\"twitter:card\" content=\"summary_large_image\" \/>\n<meta name=\"twitter:label1\" content=\"Arvioitu lukuaika\" \/>\n\t<meta name=\"twitter:data1\" content=\"1 minuutti\" \/>\n<script type=\"application\/ld+json\" class=\"yoast-schema-graph\">{\"@context\":\"https:\/\/schema.org\",\"@graph\":[{\"@type\":\"WebPage\",\"@id\":\"https:\/\/colibri-jewels.eu\/fi\/tuote\/kultainen-lab-timanttisormus-tiana-radiant-hionnalla-tiana\/\",\"url\":\"https:\/\/colibri-jewels.eu\/fi\/tuote\/kultainen-lab-timanttisormus-tiana-radiant-hionnalla-tiana\/\",\"name\":\"Kultainen lab timanttisormus \\\"Tiana\\\" radiant-hionnalla \\\"Tiana\\\" - Colibri jewels\",\"isPartOf\":{\"@id\":\"https:\/\/colibri-jewels.eu\/fi\/#website\"},\"primaryImageOfPage\":{\"@id\":\"https:\/\/colibri-jewels.eu\/fi\/tuote\/kultainen-lab-timanttisormus-tiana-radiant-hionnalla-tiana\/#primaryimage\"},\"image\":{\"@id\":\"https:\/\/colibri-jewels.eu\/fi\/tuote\/kultainen-lab-timanttisormus-tiana-radiant-hionnalla-tiana\/#primaryimage\"},\"thumbnailUrl\":\"https:\/\/colibri-jewels.eu\/wp-content\/uploads\/2025\/10\/golden-ring-with-lab-diamond-radiant-cut-R-00869w.jpg\",\"datePublished\":\"2025-10-25T18:25:36+00:00\",\"dateModified\":\"2025-10-25T19:08:22+00:00\",\"description\":\"Tiana kihlasormus. Lab timantti Radiant-hionnalla 1.70 karaattia D\/VVS2. Ylellinen muotoilu, valkokulta, timanttirivi.\",\"breadcrumb\":{\"@id\":\"https:\/\/colibri-jewels.eu\/fi\/tuote\/kultainen-lab-timanttisormus-tiana-radiant-hionnalla-tiana\/#breadcrumb\"},\"inLanguage\":\"fi\",\"potentialAction\":[{\"@type\":\"ReadAction\",\"target\":[\"https:\/\/colibri-jewels.eu\/fi\/tuote\/kultainen-lab-timanttisormus-tiana-radiant-hionnalla-tiana\/\"]}]},{\"@type\":\"ImageObject\",\"inLanguage\":\"fi\",\"@id\":\"https:\/\/colibri-jewels.eu\/fi\/tuote\/kultainen-lab-timanttisormus-tiana-radiant-hionnalla-tiana\/#primaryimage\",\"url\":\"https:\/\/colibri-jewels.eu\/wp-content\/uploads\/2025\/10\/golden-ring-with-lab-diamond-radiant-cut-R-00869w.jpg\",\"contentUrl\":\"https:\/\/colibri-jewels.eu\/wp-content\/uploads\/2025\/10\/golden-ring-with-lab-diamond-radiant-cut-R-00869w.jpg\",\"width\":1000,\"height\":1000},{\"@type\":\"BreadcrumbList\",\"@id\":\"https:\/\/colibri-jewels.eu\/fi\/tuote\/kultainen-lab-timanttisormus-tiana-radiant-hionnalla-tiana\/#breadcrumb\",\"itemListElement\":[{\"@type\":\"ListItem\",\"position\":1,\"name\":\"\u0413\u043b\u0430\u0432\u043d\u0430\u044f \u0441\u0442\u0440\u0430\u043d\u0438\u0446\u0430\",\"item\":\"https:\/\/colibri-jewels.eu\/fi\/\"},{\"@type\":\"ListItem\",\"position\":2,\"name\":\"Kauppa\",\"item\":\"https:\/\/colibri-jewels.eu\/fi\/kauppa\/\"},{\"@type\":\"ListItem\",\"position\":3,\"name\":\"Kultainen lab timanttisormus &#8220;Tiana&#8221; radiant-hionnalla &#8220;Tiana&#8221;\"}]},{\"@type\":\"WebSite\",\"@id\":\"https:\/\/colibri-jewels.eu\/fi\/#website\",\"url\":\"https:\/\/colibri-jewels.eu\/fi\/\",\"name\":\"Colibri jewels\",\"description\":\"jewelry shop\",\"publisher\":{\"@id\":\"https:\/\/colibri-jewels.eu\/fi\/#organization\"},\"potentialAction\":[{\"@type\":\"SearchAction\",\"target\":{\"@type\":\"EntryPoint\",\"urlTemplate\":\"https:\/\/colibri-jewels.eu\/fi\/?s={search_term_string}\"},\"query-input\":{\"@type\":\"PropertyValueSpecification\",\"valueRequired\":true,\"valueName\":\"search_term_string\"}}],\"inLanguage\":\"fi\"},{\"@type\":\"Organization\",\"@id\":\"https:\/\/colibri-jewels.eu\/fi\/#organization\",\"name\":\"O\u00dc Colibri\",\"url\":\"https:\/\/colibri-jewels.eu\/fi\/\",\"logo\":{\"@type\":\"ImageObject\",\"inLanguage\":\"fi\",\"@id\":\"https:\/\/colibri-jewels.eu\/fi\/#\/schema\/logo\/image\/\",\"url\":\"https:\/\/dev.colibri-jewels.eu\/wp-content\/uploads\/2021\/03\/colibri.png\",\"contentUrl\":\"https:\/\/dev.colibri-jewels.eu\/wp-content\/uploads\/2021\/03\/colibri.png\",\"width\":227,\"height\":130,\"caption\":\"O\u00dc Colibri\"},\"image\":{\"@id\":\"https:\/\/colibri-jewels.eu\/fi\/#\/schema\/logo\/image\/\"},\"sameAs\":[\"https:\/\/www.facebook.com\/colibri.jewels\",\"https:\/\/www.instagram.com\/colibri.jewels\",\"https:\/\/www.tiktok.com\/colibri.jewels\"]}]}<\/script>\n<!-- \/ Yoast SEO Premium plugin. -->","yoast_head_json":{"title":"Kultainen lab timanttisormus \"Tiana\" radiant-hionnalla \"Tiana\" - Colibri jewels","description":"Tiana kihlasormus. Lab timantti Radiant-hionnalla 1.70 karaattia D\/VVS2. Ylellinen muotoilu, valkokulta, timanttirivi.","robots":{"index":"index","follow":"follow","max-snippet":"max-snippet:-1","max-image-preview":"max-image-preview:large","max-video-preview":"max-video-preview:-1"},"canonical":"https:\/\/colibri-jewels.eu\/fi\/tuote\/kultainen-lab-timanttisormus-tiana-radiant-hionnalla-tiana\/","og_locale":"fi_FI","og_type":"article","og_title":"Kultainen lab timanttisormus \"Tiana\" radiant-hionnalla \"Tiana\"","og_description":"Tiana kihlasormus. Lab timantti Radiant-hionnalla 1.70 karaattia D\/VVS2. Ylellinen muotoilu, valkokulta, timanttirivi.","og_url":"https:\/\/colibri-jewels.eu\/fi\/tuote\/kultainen-lab-timanttisormus-tiana-radiant-hionnalla-tiana\/","og_site_name":"Colibri jewels","article_publisher":"https:\/\/www.facebook.com\/colibri.jewels","article_modified_time":"2025-10-25T19:08:22+00:00","og_image":[{"width":1000,"height":1000,"url":"https:\/\/colibri-jewels.eu\/wp-content\/uploads\/2025\/10\/golden-ring-with-lab-diamond-radiant-cut-R-00869w.jpg","type":"image\/jpeg"}],"twitter_card":"summary_large_image","twitter_misc":{"Arvioitu lukuaika":"1 minuutti"},"schema":{"@context":"https:\/\/schema.org","@graph":[{"@type":"WebPage","@id":"https:\/\/colibri-jewels.eu\/fi\/tuote\/kultainen-lab-timanttisormus-tiana-radiant-hionnalla-tiana\/","url":"https:\/\/colibri-jewels.eu\/fi\/tuote\/kultainen-lab-timanttisormus-tiana-radiant-hionnalla-tiana\/","name":"Kultainen lab timanttisormus \"Tiana\" radiant-hionnalla \"Tiana\" - Colibri jewels","isPartOf":{"@id":"https:\/\/colibri-jewels.eu\/fi\/#website"},"primaryImageOfPage":{"@id":"https:\/\/colibri-jewels.eu\/fi\/tuote\/kultainen-lab-timanttisormus-tiana-radiant-hionnalla-tiana\/#primaryimage"},"image":{"@id":"https:\/\/colibri-jewels.eu\/fi\/tuote\/kultainen-lab-timanttisormus-tiana-radiant-hionnalla-tiana\/#primaryimage"},"thumbnailUrl":"https:\/\/colibri-jewels.eu\/wp-content\/uploads\/2025\/10\/golden-ring-with-lab-diamond-radiant-cut-R-00869w.jpg","datePublished":"2025-10-25T18:25:36+00:00","dateModified":"2025-10-25T19:08:22+00:00","description":"Tiana kihlasormus. Lab timantti Radiant-hionnalla 1.70 karaattia D\/VVS2. Ylellinen muotoilu, valkokulta, timanttirivi.","breadcrumb":{"@id":"https:\/\/colibri-jewels.eu\/fi\/tuote\/kultainen-lab-timanttisormus-tiana-radiant-hionnalla-tiana\/#breadcrumb"},"inLanguage":"fi","potentialAction":[{"@type":"ReadAction","target":["https:\/\/colibri-jewels.eu\/fi\/tuote\/kultainen-lab-timanttisormus-tiana-radiant-hionnalla-tiana\/"]}]},{"@type":"ImageObject","inLanguage":"fi","@id":"https:\/\/colibri-jewels.eu\/fi\/tuote\/kultainen-lab-timanttisormus-tiana-radiant-hionnalla-tiana\/#primaryimage","url":"https:\/\/colibri-jewels.eu\/wp-content\/uploads\/2025\/10\/golden-ring-with-lab-diamond-radiant-cut-R-00869w.jpg","contentUrl":"https:\/\/colibri-jewels.eu\/wp-content\/uploads\/2025\/10\/golden-ring-with-lab-diamond-radiant-cut-R-00869w.jpg","width":1000,"height":1000},{"@type":"BreadcrumbList","@id":"https:\/\/colibri-jewels.eu\/fi\/tuote\/kultainen-lab-timanttisormus-tiana-radiant-hionnalla-tiana\/#breadcrumb","itemListElement":[{"@type":"ListItem","position":1,"name":"\u0413\u043b\u0430\u0432\u043d\u0430\u044f \u0441\u0442\u0440\u0430\u043d\u0438\u0446\u0430","item":"https:\/\/colibri-jewels.eu\/fi\/"},{"@type":"ListItem","position":2,"name":"Kauppa","item":"https:\/\/colibri-jewels.eu\/fi\/kauppa\/"},{"@type":"ListItem","position":3,"name":"Kultainen lab timanttisormus &#8220;Tiana&#8221; radiant-hionnalla &#8220;Tiana&#8221;"}]},{"@type":"WebSite","@id":"https:\/\/colibri-jewels.eu\/fi\/#website","url":"https:\/\/colibri-jewels.eu\/fi\/","name":"Colibri jewels","description":"jewelry shop","publisher":{"@id":"https:\/\/colibri-jewels.eu\/fi\/#organization"},"potentialAction":[{"@type":"SearchAction","target":{"@type":"EntryPoint","urlTemplate":"https:\/\/colibri-jewels.eu\/fi\/?s={search_term_string}"},"query-input":{"@type":"PropertyValueSpecification","valueRequired":true,"valueName":"search_term_string"}}],"inLanguage":"fi"},{"@type":"Organization","@id":"https:\/\/colibri-jewels.eu\/fi\/#organization","name":"O\u00dc Colibri","url":"https:\/\/colibri-jewels.eu\/fi\/","logo":{"@type":"ImageObject","inLanguage":"fi","@id":"https:\/\/colibri-jewels.eu\/fi\/#\/schema\/logo\/image\/","url":"https:\/\/dev.colibri-jewels.eu\/wp-content\/uploads\/2021\/03\/colibri.png","contentUrl":"https:\/\/dev.colibri-jewels.eu\/wp-content\/uploads\/2021\/03\/colibri.png","width":227,"height":130,"caption":"O\u00dc Colibri"},"image":{"@id":"https:\/\/colibri-jewels.eu\/fi\/#\/schema\/logo\/image\/"},"sameAs":["https:\/\/www.facebook.com\/colibri.jewels","https:\/\/www.instagram.com\/colibri.jewels","https:\/\/www.tiktok.com\/colibri.jewels"]}]}},"_links":{"self":[{"href":"https:\/\/colibri-jewels.eu\/fi\/wp-json\/wp\/v2\/product\/57569","targetHints":{"allow":["GET"]}}],"collection":[{"href":"https:\/\/colibri-jewels.eu\/fi\/wp-json\/wp\/v2\/product"}],"about":[{"href":"https:\/\/colibri-jewels.eu\/fi\/wp-json\/wp\/v2\/types\/product"}],"replies":[{"embeddable":true,"href":"https:\/\/colibri-jewels.eu\/fi\/wp-json\/wp\/v2\/comments?post=57569"}],"version-history":[{"count":1,"href":"https:\/\/colibri-jewels.eu\/fi\/wp-json\/wp\/v2\/product\/57569\/revisions"}],"predecessor-version":[{"id":57572,"href":"https:\/\/colibri-jewels.eu\/fi\/wp-json\/wp\/v2\/product\/57569\/revisions\/57572"}],"wp:featuredmedia":[{"embeddable":true,"href":"https:\/\/colibri-jewels.eu\/fi\/wp-json\/wp\/v2\/media\/57565"}],"wp:attachment":[{"href":"https:\/\/colibri-jewels.eu\/fi\/wp-json\/wp\/v2\/media?parent=57569"}],"wp:term":[{"taxonomy":"brand","embeddable":true,"href":"https:\/\/colibri-jewels.eu\/fi\/wp-json\/wp\/v2\/etheme_brands?post=57569"},{"taxonomy":"product_brand","embeddable":true,"href":"https:\/\/colibri-jewels.eu\/fi\/wp-json\/wp\/v2\/product_brand?post=57569"},{"taxonomy":"product_cat","embeddable":true,"href":"https:\/\/colibri-jewels.eu\/fi\/wp-json\/wp\/v2\/product_cat?post=57569"},{"taxonomy":"product_tag","embeddable":true,"href":"https:\/\/colibri-jewels.eu\/fi\/wp-json\/wp\/v2\/product_tag?post=57569"}],"curies":[{"name":"wp","href":"https:\/\/api.w.org\/{rel}","templated":true}]}}