{"id":57801,"date":"2025-11-12T22:27:53","date_gmt":"2025-11-12T20:27:53","guid":{"rendered":"https:\/\/colibri-jewels.eu\/?post_type=product&#038;p=57801"},"modified":"2025-11-12T22:42:20","modified_gmt":"2025-11-12T20:42:20","slug":"ainutlaatuinen-kultainen-sormus-35-karaatin-laboratoriotimantilla-elizabeth","status":"publish","type":"product","link":"https:\/\/colibri-jewels.eu\/fi\/tuote\/ainutlaatuinen-kultainen-sormus-35-karaatin-laboratoriotimantilla-elizabeth\/","title":{"rendered":"Ainutlaatuinen kultainen sormus 3,5 karaatin laboratoriotimantilla &#8221;Elizabeth&#8221;"},"content":{"rendered":"<p data-start=\"1911\" data-end=\"2221\"><em data-start=\"1955\" data-end=\"1966\">Elizabeth<\/em>-sormus edustaa kuninkaallista eleganssia ja ajattoman kauneuden voimaa.<br data-start=\"2011\" data-end=\"2014\" \/>Keskell\u00e4 loistaa <strong data-start=\"2033\" data-end=\"2061\">3,55 karaatin p\u00e4\u00e4ryn\u00e4nmuotoinen timantti <\/strong>(E\/VVS2), jota korostavat kaksi<strong data-start=\"2107\" data-end=\"2118\"> 0,45 karaatin<\/strong> sivutimanttia. Erinomainen kirkkaus ja heijastus luovat loiston, joka vangitsee katseen jokaisesta kulmasta.<\/p>\n<p data-start=\"2223\" data-end=\"2436\">Valmistettu <strong data-start=\"2234\" data-end=\"2252\">750 valkokullasta<\/strong>, yhdist\u00e4en perinteisen k\u00e4sity\u00f6n ja modernin teknologian.<br data-start=\"2316\" data-end=\"2319\" \/>Kaikilla timanteilla on <strong data-start=\"2335\" data-end=\"2348\">sertifikaatti<\/strong>, joka takaa niiden laadun ja eettisen alkuper\u00e4n.<\/p>\n<p>&nbsp;<\/p>\n<p data-start=\"2438\" data-end=\"2504\">T\u00e4m\u00e4 sormus on itsevarmuuden ja hienostuneisuuden symboli.<\/p>\n<p data-start=\"2438\" data-end=\"2504\">Valkokultainen (750) sormus lab timanteilla.<br data-start=\"2593\" data-end=\"2596\" \/>Keskimm\u00e4inen p\u00e4\u00e4ryn\u00e4nmuotoinen timantti \u2014 3,55 ct, E\/VVS2.<br data-start=\"2639\" data-end=\"2642\" \/>Kaksi sivutimanttia \u2014 0,45 ct kumpikin, E\/VVS2.<br data-start=\"2693\" data-end=\"2696\" \/>Timanttien kokonaispaino \u2014 4,45 ct.<br data-start=\"2727\" data-end=\"2730\" \/>Kolmikivinen muotoilu, avoin istutus, sertifioidut kivet.<\/p>\n","protected":false},"excerpt":{"rendered":"<p><em data-start=\"2821\" data-end=\"2832\">Elizabeth<\/em>-sormus valkokullasta, keskell\u00e4 3,55 ct timantti ja kaksi 0,45 ct sivukive\u00e4 \u2014 kuninkaallisen loiston ja ajattoman tyylin symboli.<\/p>\n","protected":false},"featured_media":57797,"comment_status":"open","ping_status":"closed","template":"","meta":[],"etheme_brands":[],"product_brand":[],"product_cat":[990],"product_tag":[997,994,999],"class_list":{"0":"post-57801","1":"product","2":"type-product","3":"status-publish","4":"has-post-thumbnail","6":"product_cat-sormukset","7":"product_tag-kihlaus","8":"product_tag-klassiset","9":"product_tag-yksinoikeudella","11":"first","12":"onbackorder","13":"shipping-taxable","14":"purchasable","15":"product-type-simple"},"acf":[],"yoast_head":"<!-- This site is optimized with the Yoast SEO Premium plugin v26.5 (Yoast SEO v26.8) - https:\/\/yoast.com\/product\/yoast-seo-premium-wordpress\/ -->\n<title>Ainutlaatuinen kultainen sormus 3,5 karaatin laboratoriotimantilla &quot;Elizabeth&quot; - Colibri jewels<\/title>\n<meta name=\"description\" content=\"Valkokultainen Elizabeth-sormus, lab timantit 4,45 ct \u2014 keskikivi 3,55 ct, loistoa ja kuninkaallista eleganssia.\" \/>\n<meta name=\"robots\" content=\"index, follow, max-snippet:-1, max-image-preview:large, max-video-preview:-1\" \/>\n<link rel=\"canonical\" href=\"https:\/\/colibri-jewels.eu\/fi\/tuote\/ainutlaatuinen-kultainen-sormus-35-karaatin-laboratoriotimantilla-elizabeth\/\" \/>\n<meta property=\"og:locale\" content=\"fi_FI\" \/>\n<meta property=\"og:type\" content=\"article\" \/>\n<meta property=\"og:title\" content=\"Ainutlaatuinen kultainen sormus 3,5 karaatin laboratoriotimantilla &quot;Elizabeth&quot;\" \/>\n<meta property=\"og:description\" content=\"Valkokultainen Elizabeth-sormus, lab timantit 4,45 ct \u2014 keskikivi 3,55 ct, loistoa ja kuninkaallista eleganssia.\" \/>\n<meta property=\"og:url\" content=\"https:\/\/colibri-jewels.eu\/fi\/tuote\/ainutlaatuinen-kultainen-sormus-35-karaatin-laboratoriotimantilla-elizabeth\/\" \/>\n<meta property=\"og:site_name\" content=\"Colibri jewels\" \/>\n<meta property=\"article:publisher\" content=\"https:\/\/www.facebook.com\/colibri.jewels\" \/>\n<meta property=\"article:modified_time\" content=\"2025-11-12T20:42:20+00:00\" \/>\n<meta property=\"og:image\" content=\"https:\/\/colibri-jewels.eu\/wp-content\/uploads\/2025\/11\/golden-ring-with-lab-diamonds-3-pears-3-ct-RD-00873.jpg\" \/>\n\t<meta property=\"og:image:width\" content=\"1000\" \/>\n\t<meta property=\"og:image:height\" content=\"1000\" \/>\n\t<meta property=\"og:image:type\" content=\"image\/jpeg\" \/>\n<meta name=\"twitter:card\" content=\"summary_large_image\" \/>\n<script type=\"application\/ld+json\" class=\"yoast-schema-graph\">{\"@context\":\"https:\/\/schema.org\",\"@graph\":[{\"@type\":\"WebPage\",\"@id\":\"https:\/\/colibri-jewels.eu\/fi\/tuote\/ainutlaatuinen-kultainen-sormus-35-karaatin-laboratoriotimantilla-elizabeth\/\",\"url\":\"https:\/\/colibri-jewels.eu\/fi\/tuote\/ainutlaatuinen-kultainen-sormus-35-karaatin-laboratoriotimantilla-elizabeth\/\",\"name\":\"Ainutlaatuinen kultainen sormus 3,5 karaatin laboratoriotimantilla \\\"Elizabeth\\\" - Colibri jewels\",\"isPartOf\":{\"@id\":\"https:\/\/colibri-jewels.eu\/fi\/#website\"},\"primaryImageOfPage\":{\"@id\":\"https:\/\/colibri-jewels.eu\/fi\/tuote\/ainutlaatuinen-kultainen-sormus-35-karaatin-laboratoriotimantilla-elizabeth\/#primaryimage\"},\"image\":{\"@id\":\"https:\/\/colibri-jewels.eu\/fi\/tuote\/ainutlaatuinen-kultainen-sormus-35-karaatin-laboratoriotimantilla-elizabeth\/#primaryimage\"},\"thumbnailUrl\":\"https:\/\/colibri-jewels.eu\/wp-content\/uploads\/2025\/11\/golden-ring-with-lab-diamonds-3-pears-3-ct-RD-00873.jpg\",\"datePublished\":\"2025-11-12T20:27:53+00:00\",\"dateModified\":\"2025-11-12T20:42:20+00:00\",\"description\":\"Valkokultainen Elizabeth-sormus, lab timantit 4,45 ct \u2014 keskikivi 3,55 ct, loistoa ja kuninkaallista eleganssia.\",\"breadcrumb\":{\"@id\":\"https:\/\/colibri-jewels.eu\/fi\/tuote\/ainutlaatuinen-kultainen-sormus-35-karaatin-laboratoriotimantilla-elizabeth\/#breadcrumb\"},\"inLanguage\":\"fi\",\"potentialAction\":[{\"@type\":\"ReadAction\",\"target\":[\"https:\/\/colibri-jewels.eu\/fi\/tuote\/ainutlaatuinen-kultainen-sormus-35-karaatin-laboratoriotimantilla-elizabeth\/\"]}]},{\"@type\":\"ImageObject\",\"inLanguage\":\"fi\",\"@id\":\"https:\/\/colibri-jewels.eu\/fi\/tuote\/ainutlaatuinen-kultainen-sormus-35-karaatin-laboratoriotimantilla-elizabeth\/#primaryimage\",\"url\":\"https:\/\/colibri-jewels.eu\/wp-content\/uploads\/2025\/11\/golden-ring-with-lab-diamonds-3-pears-3-ct-RD-00873.jpg\",\"contentUrl\":\"https:\/\/colibri-jewels.eu\/wp-content\/uploads\/2025\/11\/golden-ring-with-lab-diamonds-3-pears-3-ct-RD-00873.jpg\",\"width\":1000,\"height\":1000},{\"@type\":\"BreadcrumbList\",\"@id\":\"https:\/\/colibri-jewels.eu\/fi\/tuote\/ainutlaatuinen-kultainen-sormus-35-karaatin-laboratoriotimantilla-elizabeth\/#breadcrumb\",\"itemListElement\":[{\"@type\":\"ListItem\",\"position\":1,\"name\":\"\u0413\u043b\u0430\u0432\u043d\u0430\u044f \u0441\u0442\u0440\u0430\u043d\u0438\u0446\u0430\",\"item\":\"https:\/\/colibri-jewels.eu\/fi\/\"},{\"@type\":\"ListItem\",\"position\":2,\"name\":\"Kauppa\",\"item\":\"https:\/\/colibri-jewels.eu\/fi\/kauppa\/\"},{\"@type\":\"ListItem\",\"position\":3,\"name\":\"Ainutlaatuinen kultainen sormus 3,5 karaatin laboratoriotimantilla &#8220;Elizabeth&#8221;\"}]},{\"@type\":\"WebSite\",\"@id\":\"https:\/\/colibri-jewels.eu\/fi\/#website\",\"url\":\"https:\/\/colibri-jewels.eu\/fi\/\",\"name\":\"Colibri jewels\",\"description\":\"jewelry shop\",\"publisher\":{\"@id\":\"https:\/\/colibri-jewels.eu\/fi\/#organization\"},\"potentialAction\":[{\"@type\":\"SearchAction\",\"target\":{\"@type\":\"EntryPoint\",\"urlTemplate\":\"https:\/\/colibri-jewels.eu\/fi\/?s={search_term_string}\"},\"query-input\":{\"@type\":\"PropertyValueSpecification\",\"valueRequired\":true,\"valueName\":\"search_term_string\"}}],\"inLanguage\":\"fi\"},{\"@type\":\"Organization\",\"@id\":\"https:\/\/colibri-jewels.eu\/fi\/#organization\",\"name\":\"O\u00dc Colibri\",\"url\":\"https:\/\/colibri-jewels.eu\/fi\/\",\"logo\":{\"@type\":\"ImageObject\",\"inLanguage\":\"fi\",\"@id\":\"https:\/\/colibri-jewels.eu\/fi\/#\/schema\/logo\/image\/\",\"url\":\"https:\/\/dev.colibri-jewels.eu\/wp-content\/uploads\/2021\/03\/colibri.png\",\"contentUrl\":\"https:\/\/dev.colibri-jewels.eu\/wp-content\/uploads\/2021\/03\/colibri.png\",\"width\":227,\"height\":130,\"caption\":\"O\u00dc Colibri\"},\"image\":{\"@id\":\"https:\/\/colibri-jewels.eu\/fi\/#\/schema\/logo\/image\/\"},\"sameAs\":[\"https:\/\/www.facebook.com\/colibri.jewels\",\"https:\/\/www.instagram.com\/colibri.jewels\",\"https:\/\/www.tiktok.com\/colibri.jewels\"]}]}<\/script>\n<!-- \/ Yoast SEO Premium plugin. -->","yoast_head_json":{"title":"Ainutlaatuinen kultainen sormus 3,5 karaatin laboratoriotimantilla \"Elizabeth\" - Colibri jewels","description":"Valkokultainen Elizabeth-sormus, lab timantit 4,45 ct \u2014 keskikivi 3,55 ct, loistoa ja kuninkaallista eleganssia.","robots":{"index":"index","follow":"follow","max-snippet":"max-snippet:-1","max-image-preview":"max-image-preview:large","max-video-preview":"max-video-preview:-1"},"canonical":"https:\/\/colibri-jewels.eu\/fi\/tuote\/ainutlaatuinen-kultainen-sormus-35-karaatin-laboratoriotimantilla-elizabeth\/","og_locale":"fi_FI","og_type":"article","og_title":"Ainutlaatuinen kultainen sormus 3,5 karaatin laboratoriotimantilla \"Elizabeth\"","og_description":"Valkokultainen Elizabeth-sormus, lab timantit 4,45 ct \u2014 keskikivi 3,55 ct, loistoa ja kuninkaallista eleganssia.","og_url":"https:\/\/colibri-jewels.eu\/fi\/tuote\/ainutlaatuinen-kultainen-sormus-35-karaatin-laboratoriotimantilla-elizabeth\/","og_site_name":"Colibri jewels","article_publisher":"https:\/\/www.facebook.com\/colibri.jewels","article_modified_time":"2025-11-12T20:42:20+00:00","og_image":[{"width":1000,"height":1000,"url":"https:\/\/colibri-jewels.eu\/wp-content\/uploads\/2025\/11\/golden-ring-with-lab-diamonds-3-pears-3-ct-RD-00873.jpg","type":"image\/jpeg"}],"twitter_card":"summary_large_image","schema":{"@context":"https:\/\/schema.org","@graph":[{"@type":"WebPage","@id":"https:\/\/colibri-jewels.eu\/fi\/tuote\/ainutlaatuinen-kultainen-sormus-35-karaatin-laboratoriotimantilla-elizabeth\/","url":"https:\/\/colibri-jewels.eu\/fi\/tuote\/ainutlaatuinen-kultainen-sormus-35-karaatin-laboratoriotimantilla-elizabeth\/","name":"Ainutlaatuinen kultainen sormus 3,5 karaatin laboratoriotimantilla \"Elizabeth\" - Colibri jewels","isPartOf":{"@id":"https:\/\/colibri-jewels.eu\/fi\/#website"},"primaryImageOfPage":{"@id":"https:\/\/colibri-jewels.eu\/fi\/tuote\/ainutlaatuinen-kultainen-sormus-35-karaatin-laboratoriotimantilla-elizabeth\/#primaryimage"},"image":{"@id":"https:\/\/colibri-jewels.eu\/fi\/tuote\/ainutlaatuinen-kultainen-sormus-35-karaatin-laboratoriotimantilla-elizabeth\/#primaryimage"},"thumbnailUrl":"https:\/\/colibri-jewels.eu\/wp-content\/uploads\/2025\/11\/golden-ring-with-lab-diamonds-3-pears-3-ct-RD-00873.jpg","datePublished":"2025-11-12T20:27:53+00:00","dateModified":"2025-11-12T20:42:20+00:00","description":"Valkokultainen Elizabeth-sormus, lab timantit 4,45 ct \u2014 keskikivi 3,55 ct, loistoa ja kuninkaallista eleganssia.","breadcrumb":{"@id":"https:\/\/colibri-jewels.eu\/fi\/tuote\/ainutlaatuinen-kultainen-sormus-35-karaatin-laboratoriotimantilla-elizabeth\/#breadcrumb"},"inLanguage":"fi","potentialAction":[{"@type":"ReadAction","target":["https:\/\/colibri-jewels.eu\/fi\/tuote\/ainutlaatuinen-kultainen-sormus-35-karaatin-laboratoriotimantilla-elizabeth\/"]}]},{"@type":"ImageObject","inLanguage":"fi","@id":"https:\/\/colibri-jewels.eu\/fi\/tuote\/ainutlaatuinen-kultainen-sormus-35-karaatin-laboratoriotimantilla-elizabeth\/#primaryimage","url":"https:\/\/colibri-jewels.eu\/wp-content\/uploads\/2025\/11\/golden-ring-with-lab-diamonds-3-pears-3-ct-RD-00873.jpg","contentUrl":"https:\/\/colibri-jewels.eu\/wp-content\/uploads\/2025\/11\/golden-ring-with-lab-diamonds-3-pears-3-ct-RD-00873.jpg","width":1000,"height":1000},{"@type":"BreadcrumbList","@id":"https:\/\/colibri-jewels.eu\/fi\/tuote\/ainutlaatuinen-kultainen-sormus-35-karaatin-laboratoriotimantilla-elizabeth\/#breadcrumb","itemListElement":[{"@type":"ListItem","position":1,"name":"\u0413\u043b\u0430\u0432\u043d\u0430\u044f \u0441\u0442\u0440\u0430\u043d\u0438\u0446\u0430","item":"https:\/\/colibri-jewels.eu\/fi\/"},{"@type":"ListItem","position":2,"name":"Kauppa","item":"https:\/\/colibri-jewels.eu\/fi\/kauppa\/"},{"@type":"ListItem","position":3,"name":"Ainutlaatuinen kultainen sormus 3,5 karaatin laboratoriotimantilla &#8220;Elizabeth&#8221;"}]},{"@type":"WebSite","@id":"https:\/\/colibri-jewels.eu\/fi\/#website","url":"https:\/\/colibri-jewels.eu\/fi\/","name":"Colibri jewels","description":"jewelry shop","publisher":{"@id":"https:\/\/colibri-jewels.eu\/fi\/#organization"},"potentialAction":[{"@type":"SearchAction","target":{"@type":"EntryPoint","urlTemplate":"https:\/\/colibri-jewels.eu\/fi\/?s={search_term_string}"},"query-input":{"@type":"PropertyValueSpecification","valueRequired":true,"valueName":"search_term_string"}}],"inLanguage":"fi"},{"@type":"Organization","@id":"https:\/\/colibri-jewels.eu\/fi\/#organization","name":"O\u00dc Colibri","url":"https:\/\/colibri-jewels.eu\/fi\/","logo":{"@type":"ImageObject","inLanguage":"fi","@id":"https:\/\/colibri-jewels.eu\/fi\/#\/schema\/logo\/image\/","url":"https:\/\/dev.colibri-jewels.eu\/wp-content\/uploads\/2021\/03\/colibri.png","contentUrl":"https:\/\/dev.colibri-jewels.eu\/wp-content\/uploads\/2021\/03\/colibri.png","width":227,"height":130,"caption":"O\u00dc Colibri"},"image":{"@id":"https:\/\/colibri-jewels.eu\/fi\/#\/schema\/logo\/image\/"},"sameAs":["https:\/\/www.facebook.com\/colibri.jewels","https:\/\/www.instagram.com\/colibri.jewels","https:\/\/www.tiktok.com\/colibri.jewels"]}]}},"_links":{"self":[{"href":"https:\/\/colibri-jewels.eu\/fi\/wp-json\/wp\/v2\/product\/57801","targetHints":{"allow":["GET"]}}],"collection":[{"href":"https:\/\/colibri-jewels.eu\/fi\/wp-json\/wp\/v2\/product"}],"about":[{"href":"https:\/\/colibri-jewels.eu\/fi\/wp-json\/wp\/v2\/types\/product"}],"replies":[{"embeddable":true,"href":"https:\/\/colibri-jewels.eu\/fi\/wp-json\/wp\/v2\/comments?post=57801"}],"version-history":[{"count":2,"href":"https:\/\/colibri-jewels.eu\/fi\/wp-json\/wp\/v2\/product\/57801\/revisions"}],"predecessor-version":[{"id":57808,"href":"https:\/\/colibri-jewels.eu\/fi\/wp-json\/wp\/v2\/product\/57801\/revisions\/57808"}],"wp:featuredmedia":[{"embeddable":true,"href":"https:\/\/colibri-jewels.eu\/fi\/wp-json\/wp\/v2\/media\/57797"}],"wp:attachment":[{"href":"https:\/\/colibri-jewels.eu\/fi\/wp-json\/wp\/v2\/media?parent=57801"}],"wp:term":[{"taxonomy":"brand","embeddable":true,"href":"https:\/\/colibri-jewels.eu\/fi\/wp-json\/wp\/v2\/etheme_brands?post=57801"},{"taxonomy":"product_brand","embeddable":true,"href":"https:\/\/colibri-jewels.eu\/fi\/wp-json\/wp\/v2\/product_brand?post=57801"},{"taxonomy":"product_cat","embeddable":true,"href":"https:\/\/colibri-jewels.eu\/fi\/wp-json\/wp\/v2\/product_cat?post=57801"},{"taxonomy":"product_tag","embeddable":true,"href":"https:\/\/colibri-jewels.eu\/fi\/wp-json\/wp\/v2\/product_tag?post=57801"}],"curies":[{"name":"wp","href":"https:\/\/api.w.org\/{rel}","templated":true}]}}