{"id":62914,"date":"2026-03-04T17:53:20","date_gmt":"2026-03-04T15:53:20","guid":{"rendered":"https:\/\/colibri-jewels.eu\/?post_type=product&#038;p=62914"},"modified":"2026-03-04T18:57:17","modified_gmt":"2026-03-04T16:57:17","slug":"valkokultainen-liitosrengas-7-asscher-luokitellulla-lab-timantilla-azare","status":"publish","type":"product","link":"https:\/\/colibri-jewels.eu\/fi\/tuote\/valkokultainen-liitosrengas-7-asscher-luokitellulla-lab-timantilla-azare\/","title":{"rendered":"Valkokultainen liitosrengas 7 Asscher-luokitellulla lab-timantilla &#8221;Azar\u00e9&#8221;"},"content":{"rendered":"<p data-start=\"235\" data-end=\"284\">Valkokulta. Kylm\u00e4 geometria. Valon arkkitehtuuri.<\/p>\n<p data-start=\"286\" data-end=\"456\">Seitsem\u00e4n suurta Asscher-luokiteltua timanttia \u2014 kukin 4,3 \u00d7 4,3 mm.<br data-start=\"343\" data-end=\"346\" \/>Askelleikkaus paljastaa syvyyden ja peilim\u00e4iset fasetit \u2014 ei v\u00e4l\u00e4hdyksin\u00e4, vaan rauhallisena, arvokkuutta heijastavana loisteena.<\/p>\n<p data-start=\"458\" data-end=\"627\">7 kive\u00e4 \u2014 erityinen valinta.<br data-start=\"490\" data-end=\"493\" \/>Seitsem\u00e4n symboloi onnea, harmoniaa ja t\u00e4ydellisyytt\u00e4.<br data-start=\"542\" data-end=\"545\" \/>Timanttiradoissa sit\u00e4 arvostetaan erityisesti tasapainon vuoksi: ilmeik\u00e4s, mutta hillitty.<\/p>\n<p data-start=\"629\" data-end=\"664\">Timanttien kokonaispaino \u2014 3,23 ct.<\/p>\n<p data-start=\"666\" data-end=\"931\">Asscher-timanteista koostuva rivi on harvinainen.<br data-start=\"693\" data-end=\"696\" \/>T\u00e4m\u00e4 on ei-standardi leikkaus: kivien kulmat, mittasuhteet ja p\u00f6yd\u00e4n leveys vaihtelevat.<br data-start=\"782\" data-end=\"785\" \/>T\u00e4ydellisen linjan aikaansaamiseksi jokainen timantti valitaan yksitellen \u2014 geometrian, syvyyden ja valon luonteen mukaan. T\u00e4m\u00e4 on tarkkaa ja ty\u00f6intensiivist\u00e4 ty\u00f6t\u00e4.<\/p>\n<p data-start=\"933\" data-end=\"1043\">On paljon helpompaa koota rivi py\u00f6reist\u00e4 timanteista \u2014 ne ovat tuttuja, standardoituja ja helpommin yhdistelt\u00e4vi\u00e4.<\/p>\n<p data-start=\"1045\" data-end=\"1154\">Asscherit valitaan eri tavalla.<br data-start=\"1077\" data-end=\"1080\" \/>Ei tavanomaisen kimalluksen vuoksi \u2014 vaan muodon, syvyyden ja valon arkkitehtuurin vuoksi.<\/p>\n<p data-start=\"1156\" data-end=\"1242\">Azar\u00e9 \u2014 niille, jotka eiv\u00e4t valitse n\u00e4yteikkunasta.<br data-start=\"1211\" data-end=\"1214\" \/>He valitsevat poikkeuksellisen.<\/p>\n","protected":false},"excerpt":{"rendered":"<p>Tuotetyyppi: Timanttinen liitosrengas \/ Timanttivanne<br data-start=\"1064\" data-end=\"1067\" \/>Metalli: 14K valkokulta<br data-start=\"1092\" data-end=\"1095\" \/>Timantti: lab-timantit<br data-start=\"1131\" data-end=\"1134\" \/>Leikkaus: Asscher<br data-start=\"1162\" data-end=\"1165\" \/>Timanttien m\u00e4\u00e4r\u00e4: 7<br data-start=\"1190\" data-end=\"1193\" \/>Timanttien koko: 4,3 \u00d7 4,3 mm (kpl)<br data-start=\"1230\" data-end=\"1233\" \/>Total Carat Weight: 3.23 ct<br data-start=\"1264\" data-end=\"1267\" \/>Kiinnitystapa: Suora linja<br data-start=\"1306\" data-end=\"1309\" \/>Tyyli: Arkkitehtoninen, geometrinen, ylellinen statement<br data-start=\"1362\" data-end=\"1365\" \/>Tarkoitus: Vuosip\u00e4iv\u00e4, vihkisormus, statement-rengas<\/p>\n","protected":false},"featured_media":62910,"comment_status":"open","ping_status":"closed","template":"","meta":[],"etheme_brands":[],"product_brand":[],"product_cat":[990],"product_tag":[991,994,1256,999],"class_list":{"0":"post-62914","1":"product","2":"type-product","3":"status-publish","4":"has-post-thumbnail","6":"product_cat-sormukset","7":"product_tag-allianssisormus","8":"product_tag-klassiset","9":"product_tag-lab-timantit","10":"product_tag-yksinoikeudella","12":"first","13":"onbackorder","14":"shipping-taxable","15":"purchasable","16":"product-type-simple"},"acf":[],"yoast_head":"<!-- This site is optimized with the Yoast SEO Premium plugin v26.5 (Yoast SEO v26.8) - https:\/\/yoast.com\/product\/yoast-seo-premium-wordpress\/ -->\n<title>Azar\u00e9 \u2013 7 Asscher Lab Diamond Ring 3.23 ct | White Gold<\/title>\n<meta name=\"description\" content=\"14K valkokultainen liitosrengas 7 lab-timantilla Asscher-luokiteltuna (3,23 ct). Harvinainen, arkkitehtoninen timanttirivi niille, jotka valitsevat poikkeuksellisen.\" \/>\n<meta name=\"robots\" content=\"index, follow, max-snippet:-1, max-image-preview:large, max-video-preview:-1\" \/>\n<link rel=\"canonical\" href=\"https:\/\/colibri-jewels.eu\/fi\/tuote\/valkokultainen-liitosrengas-7-asscher-luokitellulla-lab-timantilla-azare\/\" \/>\n<meta property=\"og:locale\" content=\"fi_FI\" \/>\n<meta property=\"og:type\" content=\"article\" \/>\n<meta property=\"og:title\" content=\"Valkokultainen liitosrengas 7 Asscher-luokitellulla lab-timantilla &quot;Azar\u00e9&quot;\" \/>\n<meta property=\"og:description\" content=\"14K valkokultainen liitosrengas 7 lab-timantilla Asscher-luokiteltuna (3,23 ct). Harvinainen, arkkitehtoninen timanttirivi niille, jotka valitsevat poikkeuksellisen.\" \/>\n<meta property=\"og:url\" content=\"https:\/\/colibri-jewels.eu\/fi\/tuote\/valkokultainen-liitosrengas-7-asscher-luokitellulla-lab-timantilla-azare\/\" \/>\n<meta property=\"og:site_name\" content=\"Colibri jewels\" \/>\n<meta property=\"article:publisher\" content=\"https:\/\/www.facebook.com\/colibri.jewels\" \/>\n<meta property=\"article:modified_time\" content=\"2026-03-04T16:57:17+00:00\" \/>\n<meta property=\"og:image\" content=\"https:\/\/colibri-jewels.eu\/wp-content\/uploads\/2026\/03\/white-gold-alliance-with-7-diamonds-assher-cut.jpg\" \/>\n\t<meta property=\"og:image:width\" content=\"1000\" \/>\n\t<meta property=\"og:image:height\" content=\"1000\" \/>\n\t<meta property=\"og:image:type\" content=\"image\/jpeg\" \/>\n<meta name=\"twitter:card\" content=\"summary_large_image\" \/>\n<meta name=\"twitter:label1\" content=\"Arvioitu lukuaika\" \/>\n\t<meta name=\"twitter:data1\" content=\"1 minuutti\" \/>\n<script type=\"application\/ld+json\" class=\"yoast-schema-graph\">{\"@context\":\"https:\/\/schema.org\",\"@graph\":[{\"@type\":\"WebPage\",\"@id\":\"https:\/\/colibri-jewels.eu\/fi\/tuote\/valkokultainen-liitosrengas-7-asscher-luokitellulla-lab-timantilla-azare\/\",\"url\":\"https:\/\/colibri-jewels.eu\/fi\/tuote\/valkokultainen-liitosrengas-7-asscher-luokitellulla-lab-timantilla-azare\/\",\"name\":\"Azar\u00e9 \u2013 7 Asscher Lab Diamond Ring 3.23 ct | White Gold\",\"isPartOf\":{\"@id\":\"https:\/\/colibri-jewels.eu\/fi\/#website\"},\"primaryImageOfPage\":{\"@id\":\"https:\/\/colibri-jewels.eu\/fi\/tuote\/valkokultainen-liitosrengas-7-asscher-luokitellulla-lab-timantilla-azare\/#primaryimage\"},\"image\":{\"@id\":\"https:\/\/colibri-jewels.eu\/fi\/tuote\/valkokultainen-liitosrengas-7-asscher-luokitellulla-lab-timantilla-azare\/#primaryimage\"},\"thumbnailUrl\":\"https:\/\/colibri-jewels.eu\/wp-content\/uploads\/2026\/03\/white-gold-alliance-with-7-diamonds-assher-cut.jpg\",\"datePublished\":\"2026-03-04T15:53:20+00:00\",\"dateModified\":\"2026-03-04T16:57:17+00:00\",\"description\":\"14K valkokultainen liitosrengas 7 lab-timantilla Asscher-luokiteltuna (3,23 ct). Harvinainen, arkkitehtoninen timanttirivi niille, jotka valitsevat poikkeuksellisen.\",\"breadcrumb\":{\"@id\":\"https:\/\/colibri-jewels.eu\/fi\/tuote\/valkokultainen-liitosrengas-7-asscher-luokitellulla-lab-timantilla-azare\/#breadcrumb\"},\"inLanguage\":\"fi\",\"potentialAction\":[{\"@type\":\"ReadAction\",\"target\":[\"https:\/\/colibri-jewels.eu\/fi\/tuote\/valkokultainen-liitosrengas-7-asscher-luokitellulla-lab-timantilla-azare\/\"]}]},{\"@type\":\"ImageObject\",\"inLanguage\":\"fi\",\"@id\":\"https:\/\/colibri-jewels.eu\/fi\/tuote\/valkokultainen-liitosrengas-7-asscher-luokitellulla-lab-timantilla-azare\/#primaryimage\",\"url\":\"https:\/\/colibri-jewels.eu\/wp-content\/uploads\/2026\/03\/white-gold-alliance-with-7-diamonds-assher-cut.jpg\",\"contentUrl\":\"https:\/\/colibri-jewels.eu\/wp-content\/uploads\/2026\/03\/white-gold-alliance-with-7-diamonds-assher-cut.jpg\",\"width\":1000,\"height\":1000},{\"@type\":\"BreadcrumbList\",\"@id\":\"https:\/\/colibri-jewels.eu\/fi\/tuote\/valkokultainen-liitosrengas-7-asscher-luokitellulla-lab-timantilla-azare\/#breadcrumb\",\"itemListElement\":[{\"@type\":\"ListItem\",\"position\":1,\"name\":\"\u0413\u043b\u0430\u0432\u043d\u0430\u044f \u0441\u0442\u0440\u0430\u043d\u0438\u0446\u0430\",\"item\":\"https:\/\/colibri-jewels.eu\/fi\/\"},{\"@type\":\"ListItem\",\"position\":2,\"name\":\"Kauppa\",\"item\":\"https:\/\/colibri-jewels.eu\/fi\/kauppa\/\"},{\"@type\":\"ListItem\",\"position\":3,\"name\":\"Valkokultainen liitosrengas 7 Asscher-luokitellulla lab-timantilla &#8221;Azar\u00e9&#8221;\"}]},{\"@type\":\"WebSite\",\"@id\":\"https:\/\/colibri-jewels.eu\/fi\/#website\",\"url\":\"https:\/\/colibri-jewels.eu\/fi\/\",\"name\":\"Colibri jewels\",\"description\":\"jewelry shop\",\"publisher\":{\"@id\":\"https:\/\/colibri-jewels.eu\/fi\/#organization\"},\"potentialAction\":[{\"@type\":\"SearchAction\",\"target\":{\"@type\":\"EntryPoint\",\"urlTemplate\":\"https:\/\/colibri-jewels.eu\/fi\/?s={search_term_string}\"},\"query-input\":{\"@type\":\"PropertyValueSpecification\",\"valueRequired\":true,\"valueName\":\"search_term_string\"}}],\"inLanguage\":\"fi\"},{\"@type\":\"Organization\",\"@id\":\"https:\/\/colibri-jewels.eu\/fi\/#organization\",\"name\":\"O\u00dc Colibri\",\"url\":\"https:\/\/colibri-jewels.eu\/fi\/\",\"logo\":{\"@type\":\"ImageObject\",\"inLanguage\":\"fi\",\"@id\":\"https:\/\/colibri-jewels.eu\/fi\/#\/schema\/logo\/image\/\",\"url\":\"https:\/\/dev.colibri-jewels.eu\/wp-content\/uploads\/2021\/03\/colibri.png\",\"contentUrl\":\"https:\/\/dev.colibri-jewels.eu\/wp-content\/uploads\/2021\/03\/colibri.png\",\"width\":227,\"height\":130,\"caption\":\"O\u00dc Colibri\"},\"image\":{\"@id\":\"https:\/\/colibri-jewels.eu\/fi\/#\/schema\/logo\/image\/\"},\"sameAs\":[\"https:\/\/www.facebook.com\/colibri.jewels\",\"https:\/\/www.instagram.com\/colibri.jewels\",\"https:\/\/www.tiktok.com\/colibri.jewels\"]}]}<\/script>\n<!-- \/ Yoast SEO Premium plugin. -->","yoast_head_json":{"title":"Azar\u00e9 \u2013 7 Asscher Lab Diamond Ring 3.23 ct | White Gold","description":"14K valkokultainen liitosrengas 7 lab-timantilla Asscher-luokiteltuna (3,23 ct). Harvinainen, arkkitehtoninen timanttirivi niille, jotka valitsevat poikkeuksellisen.","robots":{"index":"index","follow":"follow","max-snippet":"max-snippet:-1","max-image-preview":"max-image-preview:large","max-video-preview":"max-video-preview:-1"},"canonical":"https:\/\/colibri-jewels.eu\/fi\/tuote\/valkokultainen-liitosrengas-7-asscher-luokitellulla-lab-timantilla-azare\/","og_locale":"fi_FI","og_type":"article","og_title":"Valkokultainen liitosrengas 7 Asscher-luokitellulla lab-timantilla \"Azar\u00e9\"","og_description":"14K valkokultainen liitosrengas 7 lab-timantilla Asscher-luokiteltuna (3,23 ct). Harvinainen, arkkitehtoninen timanttirivi niille, jotka valitsevat poikkeuksellisen.","og_url":"https:\/\/colibri-jewels.eu\/fi\/tuote\/valkokultainen-liitosrengas-7-asscher-luokitellulla-lab-timantilla-azare\/","og_site_name":"Colibri jewels","article_publisher":"https:\/\/www.facebook.com\/colibri.jewels","article_modified_time":"2026-03-04T16:57:17+00:00","og_image":[{"width":1000,"height":1000,"url":"https:\/\/colibri-jewels.eu\/wp-content\/uploads\/2026\/03\/white-gold-alliance-with-7-diamonds-assher-cut.jpg","type":"image\/jpeg"}],"twitter_card":"summary_large_image","twitter_misc":{"Arvioitu lukuaika":"1 minuutti"},"schema":{"@context":"https:\/\/schema.org","@graph":[{"@type":"WebPage","@id":"https:\/\/colibri-jewels.eu\/fi\/tuote\/valkokultainen-liitosrengas-7-asscher-luokitellulla-lab-timantilla-azare\/","url":"https:\/\/colibri-jewels.eu\/fi\/tuote\/valkokultainen-liitosrengas-7-asscher-luokitellulla-lab-timantilla-azare\/","name":"Azar\u00e9 \u2013 7 Asscher Lab Diamond Ring 3.23 ct | White Gold","isPartOf":{"@id":"https:\/\/colibri-jewels.eu\/fi\/#website"},"primaryImageOfPage":{"@id":"https:\/\/colibri-jewels.eu\/fi\/tuote\/valkokultainen-liitosrengas-7-asscher-luokitellulla-lab-timantilla-azare\/#primaryimage"},"image":{"@id":"https:\/\/colibri-jewels.eu\/fi\/tuote\/valkokultainen-liitosrengas-7-asscher-luokitellulla-lab-timantilla-azare\/#primaryimage"},"thumbnailUrl":"https:\/\/colibri-jewels.eu\/wp-content\/uploads\/2026\/03\/white-gold-alliance-with-7-diamonds-assher-cut.jpg","datePublished":"2026-03-04T15:53:20+00:00","dateModified":"2026-03-04T16:57:17+00:00","description":"14K valkokultainen liitosrengas 7 lab-timantilla Asscher-luokiteltuna (3,23 ct). Harvinainen, arkkitehtoninen timanttirivi niille, jotka valitsevat poikkeuksellisen.","breadcrumb":{"@id":"https:\/\/colibri-jewels.eu\/fi\/tuote\/valkokultainen-liitosrengas-7-asscher-luokitellulla-lab-timantilla-azare\/#breadcrumb"},"inLanguage":"fi","potentialAction":[{"@type":"ReadAction","target":["https:\/\/colibri-jewels.eu\/fi\/tuote\/valkokultainen-liitosrengas-7-asscher-luokitellulla-lab-timantilla-azare\/"]}]},{"@type":"ImageObject","inLanguage":"fi","@id":"https:\/\/colibri-jewels.eu\/fi\/tuote\/valkokultainen-liitosrengas-7-asscher-luokitellulla-lab-timantilla-azare\/#primaryimage","url":"https:\/\/colibri-jewels.eu\/wp-content\/uploads\/2026\/03\/white-gold-alliance-with-7-diamonds-assher-cut.jpg","contentUrl":"https:\/\/colibri-jewels.eu\/wp-content\/uploads\/2026\/03\/white-gold-alliance-with-7-diamonds-assher-cut.jpg","width":1000,"height":1000},{"@type":"BreadcrumbList","@id":"https:\/\/colibri-jewels.eu\/fi\/tuote\/valkokultainen-liitosrengas-7-asscher-luokitellulla-lab-timantilla-azare\/#breadcrumb","itemListElement":[{"@type":"ListItem","position":1,"name":"\u0413\u043b\u0430\u0432\u043d\u0430\u044f \u0441\u0442\u0440\u0430\u043d\u0438\u0446\u0430","item":"https:\/\/colibri-jewels.eu\/fi\/"},{"@type":"ListItem","position":2,"name":"Kauppa","item":"https:\/\/colibri-jewels.eu\/fi\/kauppa\/"},{"@type":"ListItem","position":3,"name":"Valkokultainen liitosrengas 7 Asscher-luokitellulla lab-timantilla &#8221;Azar\u00e9&#8221;"}]},{"@type":"WebSite","@id":"https:\/\/colibri-jewels.eu\/fi\/#website","url":"https:\/\/colibri-jewels.eu\/fi\/","name":"Colibri jewels","description":"jewelry shop","publisher":{"@id":"https:\/\/colibri-jewels.eu\/fi\/#organization"},"potentialAction":[{"@type":"SearchAction","target":{"@type":"EntryPoint","urlTemplate":"https:\/\/colibri-jewels.eu\/fi\/?s={search_term_string}"},"query-input":{"@type":"PropertyValueSpecification","valueRequired":true,"valueName":"search_term_string"}}],"inLanguage":"fi"},{"@type":"Organization","@id":"https:\/\/colibri-jewels.eu\/fi\/#organization","name":"O\u00dc Colibri","url":"https:\/\/colibri-jewels.eu\/fi\/","logo":{"@type":"ImageObject","inLanguage":"fi","@id":"https:\/\/colibri-jewels.eu\/fi\/#\/schema\/logo\/image\/","url":"https:\/\/dev.colibri-jewels.eu\/wp-content\/uploads\/2021\/03\/colibri.png","contentUrl":"https:\/\/dev.colibri-jewels.eu\/wp-content\/uploads\/2021\/03\/colibri.png","width":227,"height":130,"caption":"O\u00dc Colibri"},"image":{"@id":"https:\/\/colibri-jewels.eu\/fi\/#\/schema\/logo\/image\/"},"sameAs":["https:\/\/www.facebook.com\/colibri.jewels","https:\/\/www.instagram.com\/colibri.jewels","https:\/\/www.tiktok.com\/colibri.jewels"]}]}},"_links":{"self":[{"href":"https:\/\/colibri-jewels.eu\/fi\/wp-json\/wp\/v2\/product\/62914","targetHints":{"allow":["GET"]}}],"collection":[{"href":"https:\/\/colibri-jewels.eu\/fi\/wp-json\/wp\/v2\/product"}],"about":[{"href":"https:\/\/colibri-jewels.eu\/fi\/wp-json\/wp\/v2\/types\/product"}],"replies":[{"embeddable":true,"href":"https:\/\/colibri-jewels.eu\/fi\/wp-json\/wp\/v2\/comments?post=62914"}],"version-history":[{"count":2,"href":"https:\/\/colibri-jewels.eu\/fi\/wp-json\/wp\/v2\/product\/62914\/revisions"}],"predecessor-version":[{"id":62920,"href":"https:\/\/colibri-jewels.eu\/fi\/wp-json\/wp\/v2\/product\/62914\/revisions\/62920"}],"wp:featuredmedia":[{"embeddable":true,"href":"https:\/\/colibri-jewels.eu\/fi\/wp-json\/wp\/v2\/media\/62910"}],"wp:attachment":[{"href":"https:\/\/colibri-jewels.eu\/fi\/wp-json\/wp\/v2\/media?parent=62914"}],"wp:term":[{"taxonomy":"brand","embeddable":true,"href":"https:\/\/colibri-jewels.eu\/fi\/wp-json\/wp\/v2\/etheme_brands?post=62914"},{"taxonomy":"product_brand","embeddable":true,"href":"https:\/\/colibri-jewels.eu\/fi\/wp-json\/wp\/v2\/product_brand?post=62914"},{"taxonomy":"product_cat","embeddable":true,"href":"https:\/\/colibri-jewels.eu\/fi\/wp-json\/wp\/v2\/product_cat?post=62914"},{"taxonomy":"product_tag","embeddable":true,"href":"https:\/\/colibri-jewels.eu\/fi\/wp-json\/wp\/v2\/product_tag?post=62914"}],"curies":[{"name":"wp","href":"https:\/\/api.w.org\/{rel}","templated":true}]}}