{"id":62953,"date":"2026-03-04T19:32:29","date_gmt":"2026-03-04T17:32:29","guid":{"rendered":"https:\/\/colibri-jewels.eu\/?post_type=product&#038;p=62953"},"modified":"2026-03-04T21:54:53","modified_gmt":"2026-03-04T19:54:53","slug":"liitosrengas-7-lab-timantilla-pyorea-leikkaus-elysee","status":"publish","type":"product","link":"https:\/\/colibri-jewels.eu\/fi\/tuote\/liitosrengas-7-lab-timantilla-pyorea-leikkaus-elysee\/","title":{"rendered":"Liitosrengas 7 lab-timantilla, py\u00f6re\u00e4 leikkaus &#8221;\u00c9lys\u00e9e&#8221;"},"content":{"rendered":"<p data-start=\"184\" data-end=\"225\">Valkokulta. Klassinen. Hienostunut loiste.<\/p>\n<p data-start=\"227\" data-end=\"395\">Seitsem\u00e4n py\u00f6re\u00e4\u00e4 lab-timanttia \u2014 kukin 3 mm.<br data-start=\"270\" data-end=\"273\" \/>Kokopaino \u2014 0,77 ct.<br data-start=\"300\" data-end=\"303\" \/>T\u00e4ydellinen rivi niille, jotka arvostavat eleganttia klassikkoa, mutta haluavat, ett\u00e4 sormus on huomattava.<\/p>\n<p>&nbsp;<\/p>\n<p data-start=\"397\" data-end=\"460\">\u00c9lys\u00e9e \u2014 yksinkertaista, hienostunutta luksusta, ilman liiallisia koristuksia, mutta luonteella.<\/p>\n<p data-start=\"617\" data-end=\"645\"><strong data-start=\"617\" data-end=\"643\">Tuotespesifikaatiot<\/strong><\/p>\n<p data-start=\"647\" data-end=\"1055\">Tuotenimi: \u00c9lys\u00e9e<br data-start=\"671\" data-end=\"674\" \/>Tuotetyyppi: Timanttinen liitosrengas \/ Timanttivanne<br data-start=\"728\" data-end=\"731\" \/>Metalli: 14K valkokulta<br data-start=\"756\" data-end=\"759\" \/>Timantti: lab-timantit<br data-start=\"795\" data-end=\"798\" \/>Leikkaus: Py\u00f6re\u00e4<br data-start=\"820\" data-end=\"823\" \/>Timanttien m\u00e4\u00e4r\u00e4: 7<br data-start=\"848\" data-end=\"851\" \/>Timanttien koko: 3 mm<br data-start=\"873\" data-end=\"876\" \/>Kokopaino: 0,77 ct<br data-start=\"907\" data-end=\"910\" \/>Kiinnitystapa: Suora linja<br data-start=\"949\" data-end=\"952\" \/>Tyyli: Klassinen, hienostunut, huomattava<br data-start=\"991\" data-end=\"994\" \/>Tarkoitus: Lahja, vuosip\u00e4iv\u00e4, arkip\u00e4iv\u00e4n elegantti asuste<\/p>\n","protected":false},"excerpt":{"rendered":"<p>\u00c9lys\u00e9e \u2014 14K valkokultainen liitosrengas 7 py\u00f6re\u00e4ll\u00e4 lab-timantilla (0,77 ct). Klassinen, elegantti ja hienostuneesti huomattava.<\/p>\n","protected":false},"featured_media":62948,"comment_status":"open","ping_status":"closed","template":"","meta":[],"etheme_brands":[],"product_brand":[],"product_cat":[990],"product_tag":[991,994,1256],"class_list":{"0":"post-62953","1":"product","2":"type-product","3":"status-publish","4":"has-post-thumbnail","6":"product_cat-sormukset","7":"product_tag-allianssisormus","8":"product_tag-klassiset","9":"product_tag-lab-timantit","11":"first","12":"onbackorder","13":"shipping-taxable","14":"purchasable","15":"product-type-simple"},"acf":[],"yoast_head":"<!-- This site is optimized with the Yoast SEO Premium plugin v26.5 (Yoast SEO v26.8) - https:\/\/yoast.com\/product\/yoast-seo-premium-wordpress\/ -->\n<title>\u00c9lys\u00e9e \u2013 7 py\u00f6re\u00e4\u00e4 lab-timanttia 0,77 ct | Valkokulta<\/title>\n<meta name=\"description\" content=\"\u00c9lys\u00e9e - 14K valkokultainen liitosrengas 7 py\u00f6re\u00e4ll\u00e4 lab-timantilla (0,77 ct). Klassinen, elegantti ja hienostuneesti huomattava.\" \/>\n<meta name=\"robots\" content=\"index, follow, max-snippet:-1, max-image-preview:large, max-video-preview:-1\" \/>\n<link rel=\"canonical\" href=\"https:\/\/colibri-jewels.eu\/fi\/tuote\/liitosrengas-7-lab-timantilla-pyorea-leikkaus-elysee\/\" \/>\n<meta property=\"og:locale\" content=\"fi_FI\" \/>\n<meta property=\"og:type\" content=\"article\" \/>\n<meta property=\"og:title\" content=\"Liitosrengas 7 lab-timantilla, py\u00f6re\u00e4 leikkaus &quot;\u00c9lys\u00e9e&quot;\" \/>\n<meta property=\"og:description\" content=\"\u00c9lys\u00e9e - 14K valkokultainen liitosrengas 7 py\u00f6re\u00e4ll\u00e4 lab-timantilla (0,77 ct). Klassinen, elegantti ja hienostuneesti huomattava.\" \/>\n<meta property=\"og:url\" content=\"https:\/\/colibri-jewels.eu\/fi\/tuote\/liitosrengas-7-lab-timantilla-pyorea-leikkaus-elysee\/\" \/>\n<meta property=\"og:site_name\" content=\"Colibri jewels\" \/>\n<meta property=\"article:publisher\" content=\"https:\/\/www.facebook.com\/colibri.jewels\" \/>\n<meta property=\"article:modified_time\" content=\"2026-03-04T19:54:53+00:00\" \/>\n<meta property=\"og:image\" content=\"https:\/\/colibri-jewels.eu\/wp-content\/uploads\/2026\/03\/white-gold-lab-diamond-alliance-ring-Elysee_R-00880.jpg\" \/>\n\t<meta property=\"og:image:width\" content=\"1000\" \/>\n\t<meta property=\"og:image:height\" content=\"1000\" \/>\n\t<meta property=\"og:image:type\" content=\"image\/jpeg\" \/>\n<meta name=\"twitter:card\" content=\"summary_large_image\" \/>\n<script type=\"application\/ld+json\" class=\"yoast-schema-graph\">{\"@context\":\"https:\/\/schema.org\",\"@graph\":[{\"@type\":\"WebPage\",\"@id\":\"https:\/\/colibri-jewels.eu\/fi\/tuote\/liitosrengas-7-lab-timantilla-pyorea-leikkaus-elysee\/\",\"url\":\"https:\/\/colibri-jewels.eu\/fi\/tuote\/liitosrengas-7-lab-timantilla-pyorea-leikkaus-elysee\/\",\"name\":\"\u00c9lys\u00e9e \u2013 7 py\u00f6re\u00e4\u00e4 lab-timanttia 0,77 ct | Valkokulta\",\"isPartOf\":{\"@id\":\"https:\/\/colibri-jewels.eu\/fi\/#website\"},\"primaryImageOfPage\":{\"@id\":\"https:\/\/colibri-jewels.eu\/fi\/tuote\/liitosrengas-7-lab-timantilla-pyorea-leikkaus-elysee\/#primaryimage\"},\"image\":{\"@id\":\"https:\/\/colibri-jewels.eu\/fi\/tuote\/liitosrengas-7-lab-timantilla-pyorea-leikkaus-elysee\/#primaryimage\"},\"thumbnailUrl\":\"https:\/\/colibri-jewels.eu\/wp-content\/uploads\/2026\/03\/white-gold-lab-diamond-alliance-ring-Elysee_R-00880.jpg\",\"datePublished\":\"2026-03-04T17:32:29+00:00\",\"dateModified\":\"2026-03-04T19:54:53+00:00\",\"description\":\"\u00c9lys\u00e9e - 14K valkokultainen liitosrengas 7 py\u00f6re\u00e4ll\u00e4 lab-timantilla (0,77 ct). Klassinen, elegantti ja hienostuneesti huomattava.\",\"breadcrumb\":{\"@id\":\"https:\/\/colibri-jewels.eu\/fi\/tuote\/liitosrengas-7-lab-timantilla-pyorea-leikkaus-elysee\/#breadcrumb\"},\"inLanguage\":\"fi\",\"potentialAction\":[{\"@type\":\"ReadAction\",\"target\":[\"https:\/\/colibri-jewels.eu\/fi\/tuote\/liitosrengas-7-lab-timantilla-pyorea-leikkaus-elysee\/\"]}]},{\"@type\":\"ImageObject\",\"inLanguage\":\"fi\",\"@id\":\"https:\/\/colibri-jewels.eu\/fi\/tuote\/liitosrengas-7-lab-timantilla-pyorea-leikkaus-elysee\/#primaryimage\",\"url\":\"https:\/\/colibri-jewels.eu\/wp-content\/uploads\/2026\/03\/white-gold-lab-diamond-alliance-ring-Elysee_R-00880.jpg\",\"contentUrl\":\"https:\/\/colibri-jewels.eu\/wp-content\/uploads\/2026\/03\/white-gold-lab-diamond-alliance-ring-Elysee_R-00880.jpg\",\"width\":1000,\"height\":1000},{\"@type\":\"BreadcrumbList\",\"@id\":\"https:\/\/colibri-jewels.eu\/fi\/tuote\/liitosrengas-7-lab-timantilla-pyorea-leikkaus-elysee\/#breadcrumb\",\"itemListElement\":[{\"@type\":\"ListItem\",\"position\":1,\"name\":\"\u0413\u043b\u0430\u0432\u043d\u0430\u044f \u0441\u0442\u0440\u0430\u043d\u0438\u0446\u0430\",\"item\":\"https:\/\/colibri-jewels.eu\/fi\/\"},{\"@type\":\"ListItem\",\"position\":2,\"name\":\"Kauppa\",\"item\":\"https:\/\/colibri-jewels.eu\/fi\/kauppa\/\"},{\"@type\":\"ListItem\",\"position\":3,\"name\":\"Liitosrengas 7 lab-timantilla, py\u00f6re\u00e4 leikkaus &#8221;\u00c9lys\u00e9e&#8221;\"}]},{\"@type\":\"WebSite\",\"@id\":\"https:\/\/colibri-jewels.eu\/fi\/#website\",\"url\":\"https:\/\/colibri-jewels.eu\/fi\/\",\"name\":\"Colibri jewels\",\"description\":\"jewelry shop\",\"publisher\":{\"@id\":\"https:\/\/colibri-jewels.eu\/fi\/#organization\"},\"potentialAction\":[{\"@type\":\"SearchAction\",\"target\":{\"@type\":\"EntryPoint\",\"urlTemplate\":\"https:\/\/colibri-jewels.eu\/fi\/?s={search_term_string}\"},\"query-input\":{\"@type\":\"PropertyValueSpecification\",\"valueRequired\":true,\"valueName\":\"search_term_string\"}}],\"inLanguage\":\"fi\"},{\"@type\":\"Organization\",\"@id\":\"https:\/\/colibri-jewels.eu\/fi\/#organization\",\"name\":\"O\u00dc Colibri\",\"url\":\"https:\/\/colibri-jewels.eu\/fi\/\",\"logo\":{\"@type\":\"ImageObject\",\"inLanguage\":\"fi\",\"@id\":\"https:\/\/colibri-jewels.eu\/fi\/#\/schema\/logo\/image\/\",\"url\":\"https:\/\/dev.colibri-jewels.eu\/wp-content\/uploads\/2021\/03\/colibri.png\",\"contentUrl\":\"https:\/\/dev.colibri-jewels.eu\/wp-content\/uploads\/2021\/03\/colibri.png\",\"width\":227,\"height\":130,\"caption\":\"O\u00dc Colibri\"},\"image\":{\"@id\":\"https:\/\/colibri-jewels.eu\/fi\/#\/schema\/logo\/image\/\"},\"sameAs\":[\"https:\/\/www.facebook.com\/colibri.jewels\",\"https:\/\/www.instagram.com\/colibri.jewels\",\"https:\/\/www.tiktok.com\/colibri.jewels\"]}]}<\/script>\n<!-- \/ Yoast SEO Premium plugin. -->","yoast_head_json":{"title":"\u00c9lys\u00e9e \u2013 7 py\u00f6re\u00e4\u00e4 lab-timanttia 0,77 ct | Valkokulta","description":"\u00c9lys\u00e9e - 14K valkokultainen liitosrengas 7 py\u00f6re\u00e4ll\u00e4 lab-timantilla (0,77 ct). Klassinen, elegantti ja hienostuneesti huomattava.","robots":{"index":"index","follow":"follow","max-snippet":"max-snippet:-1","max-image-preview":"max-image-preview:large","max-video-preview":"max-video-preview:-1"},"canonical":"https:\/\/colibri-jewels.eu\/fi\/tuote\/liitosrengas-7-lab-timantilla-pyorea-leikkaus-elysee\/","og_locale":"fi_FI","og_type":"article","og_title":"Liitosrengas 7 lab-timantilla, py\u00f6re\u00e4 leikkaus \"\u00c9lys\u00e9e\"","og_description":"\u00c9lys\u00e9e - 14K valkokultainen liitosrengas 7 py\u00f6re\u00e4ll\u00e4 lab-timantilla (0,77 ct). Klassinen, elegantti ja hienostuneesti huomattava.","og_url":"https:\/\/colibri-jewels.eu\/fi\/tuote\/liitosrengas-7-lab-timantilla-pyorea-leikkaus-elysee\/","og_site_name":"Colibri jewels","article_publisher":"https:\/\/www.facebook.com\/colibri.jewels","article_modified_time":"2026-03-04T19:54:53+00:00","og_image":[{"width":1000,"height":1000,"url":"https:\/\/colibri-jewels.eu\/wp-content\/uploads\/2026\/03\/white-gold-lab-diamond-alliance-ring-Elysee_R-00880.jpg","type":"image\/jpeg"}],"twitter_card":"summary_large_image","schema":{"@context":"https:\/\/schema.org","@graph":[{"@type":"WebPage","@id":"https:\/\/colibri-jewels.eu\/fi\/tuote\/liitosrengas-7-lab-timantilla-pyorea-leikkaus-elysee\/","url":"https:\/\/colibri-jewels.eu\/fi\/tuote\/liitosrengas-7-lab-timantilla-pyorea-leikkaus-elysee\/","name":"\u00c9lys\u00e9e \u2013 7 py\u00f6re\u00e4\u00e4 lab-timanttia 0,77 ct | Valkokulta","isPartOf":{"@id":"https:\/\/colibri-jewels.eu\/fi\/#website"},"primaryImageOfPage":{"@id":"https:\/\/colibri-jewels.eu\/fi\/tuote\/liitosrengas-7-lab-timantilla-pyorea-leikkaus-elysee\/#primaryimage"},"image":{"@id":"https:\/\/colibri-jewels.eu\/fi\/tuote\/liitosrengas-7-lab-timantilla-pyorea-leikkaus-elysee\/#primaryimage"},"thumbnailUrl":"https:\/\/colibri-jewels.eu\/wp-content\/uploads\/2026\/03\/white-gold-lab-diamond-alliance-ring-Elysee_R-00880.jpg","datePublished":"2026-03-04T17:32:29+00:00","dateModified":"2026-03-04T19:54:53+00:00","description":"\u00c9lys\u00e9e - 14K valkokultainen liitosrengas 7 py\u00f6re\u00e4ll\u00e4 lab-timantilla (0,77 ct). Klassinen, elegantti ja hienostuneesti huomattava.","breadcrumb":{"@id":"https:\/\/colibri-jewels.eu\/fi\/tuote\/liitosrengas-7-lab-timantilla-pyorea-leikkaus-elysee\/#breadcrumb"},"inLanguage":"fi","potentialAction":[{"@type":"ReadAction","target":["https:\/\/colibri-jewels.eu\/fi\/tuote\/liitosrengas-7-lab-timantilla-pyorea-leikkaus-elysee\/"]}]},{"@type":"ImageObject","inLanguage":"fi","@id":"https:\/\/colibri-jewels.eu\/fi\/tuote\/liitosrengas-7-lab-timantilla-pyorea-leikkaus-elysee\/#primaryimage","url":"https:\/\/colibri-jewels.eu\/wp-content\/uploads\/2026\/03\/white-gold-lab-diamond-alliance-ring-Elysee_R-00880.jpg","contentUrl":"https:\/\/colibri-jewels.eu\/wp-content\/uploads\/2026\/03\/white-gold-lab-diamond-alliance-ring-Elysee_R-00880.jpg","width":1000,"height":1000},{"@type":"BreadcrumbList","@id":"https:\/\/colibri-jewels.eu\/fi\/tuote\/liitosrengas-7-lab-timantilla-pyorea-leikkaus-elysee\/#breadcrumb","itemListElement":[{"@type":"ListItem","position":1,"name":"\u0413\u043b\u0430\u0432\u043d\u0430\u044f \u0441\u0442\u0440\u0430\u043d\u0438\u0446\u0430","item":"https:\/\/colibri-jewels.eu\/fi\/"},{"@type":"ListItem","position":2,"name":"Kauppa","item":"https:\/\/colibri-jewels.eu\/fi\/kauppa\/"},{"@type":"ListItem","position":3,"name":"Liitosrengas 7 lab-timantilla, py\u00f6re\u00e4 leikkaus &#8221;\u00c9lys\u00e9e&#8221;"}]},{"@type":"WebSite","@id":"https:\/\/colibri-jewels.eu\/fi\/#website","url":"https:\/\/colibri-jewels.eu\/fi\/","name":"Colibri jewels","description":"jewelry shop","publisher":{"@id":"https:\/\/colibri-jewels.eu\/fi\/#organization"},"potentialAction":[{"@type":"SearchAction","target":{"@type":"EntryPoint","urlTemplate":"https:\/\/colibri-jewels.eu\/fi\/?s={search_term_string}"},"query-input":{"@type":"PropertyValueSpecification","valueRequired":true,"valueName":"search_term_string"}}],"inLanguage":"fi"},{"@type":"Organization","@id":"https:\/\/colibri-jewels.eu\/fi\/#organization","name":"O\u00dc Colibri","url":"https:\/\/colibri-jewels.eu\/fi\/","logo":{"@type":"ImageObject","inLanguage":"fi","@id":"https:\/\/colibri-jewels.eu\/fi\/#\/schema\/logo\/image\/","url":"https:\/\/dev.colibri-jewels.eu\/wp-content\/uploads\/2021\/03\/colibri.png","contentUrl":"https:\/\/dev.colibri-jewels.eu\/wp-content\/uploads\/2021\/03\/colibri.png","width":227,"height":130,"caption":"O\u00dc Colibri"},"image":{"@id":"https:\/\/colibri-jewels.eu\/fi\/#\/schema\/logo\/image\/"},"sameAs":["https:\/\/www.facebook.com\/colibri.jewels","https:\/\/www.instagram.com\/colibri.jewels","https:\/\/www.tiktok.com\/colibri.jewels"]}]}},"_links":{"self":[{"href":"https:\/\/colibri-jewels.eu\/fi\/wp-json\/wp\/v2\/product\/62953","targetHints":{"allow":["GET"]}}],"collection":[{"href":"https:\/\/colibri-jewels.eu\/fi\/wp-json\/wp\/v2\/product"}],"about":[{"href":"https:\/\/colibri-jewels.eu\/fi\/wp-json\/wp\/v2\/types\/product"}],"replies":[{"embeddable":true,"href":"https:\/\/colibri-jewels.eu\/fi\/wp-json\/wp\/v2\/comments?post=62953"}],"version-history":[{"count":1,"href":"https:\/\/colibri-jewels.eu\/fi\/wp-json\/wp\/v2\/product\/62953\/revisions"}],"predecessor-version":[{"id":62978,"href":"https:\/\/colibri-jewels.eu\/fi\/wp-json\/wp\/v2\/product\/62953\/revisions\/62978"}],"wp:featuredmedia":[{"embeddable":true,"href":"https:\/\/colibri-jewels.eu\/fi\/wp-json\/wp\/v2\/media\/62948"}],"wp:attachment":[{"href":"https:\/\/colibri-jewels.eu\/fi\/wp-json\/wp\/v2\/media?parent=62953"}],"wp:term":[{"taxonomy":"brand","embeddable":true,"href":"https:\/\/colibri-jewels.eu\/fi\/wp-json\/wp\/v2\/etheme_brands?post=62953"},{"taxonomy":"product_brand","embeddable":true,"href":"https:\/\/colibri-jewels.eu\/fi\/wp-json\/wp\/v2\/product_brand?post=62953"},{"taxonomy":"product_cat","embeddable":true,"href":"https:\/\/colibri-jewels.eu\/fi\/wp-json\/wp\/v2\/product_cat?post=62953"},{"taxonomy":"product_tag","embeddable":true,"href":"https:\/\/colibri-jewels.eu\/fi\/wp-json\/wp\/v2\/product_tag?post=62953"}],"curies":[{"name":"wp","href":"https:\/\/api.w.org\/{rel}","templated":true}]}}