{"id":63005,"date":"2026-03-23T18:25:38","date_gmt":"2026-03-23T16:25:38","guid":{"rendered":"https:\/\/colibri-jewels.eu\/?post_type=product&#038;p=63005"},"modified":"2026-03-18T19:23:32","modified_gmt":"2026-03-18T17:23:32","slug":"thalia-kultainen-kaulakoru-cushion-hiotulla-laborantilla","status":"publish","type":"product","link":"https:\/\/colibri-jewels.eu\/fi\/tuote\/thalia-kultainen-kaulakoru-cushion-hiotulla-laborantilla\/","title":{"rendered":"Thalia \u2013 kultainen kaulakoru cushion-hiotulla laborantilla"},"content":{"rendered":"<p data-start=\"382\" data-end=\"620\">Elegantti kultainen kaulakoru cushion-hiotulla laboratoriotimantilla \u2013 pieni valon kipin\u00e4, joka kiinnitt\u00e4\u00e4 katseen. 0,70 karaatin timantti on istutettu pelkistettyyn kehykseen, jotta mik\u00e4\u00e4n ei vie huomiota sen s\u00e4ihkeelt\u00e4. <\/p>\n<p data-start=\"622\" data-end=\"772\">Hento 40 cm ankkuriketju laskeutuu kauniisti solisluiden v\u00e4liin, korostaen kaulan linjaa ja luoden kevyen ja luonnollisen eleganssin.<\/p>\n<p data-start=\"774\" data-end=\"856\">Timantti on laboratoriossa kasvatettu ja IGI-sertifioitu, v\u00e4ri E, puhtaus VVS2.<\/p>\n<p>&nbsp;<\/p>\n<p data-start=\"858\" data-end=\"922\">Joskus yksi ainoa s\u00e4de riitt\u00e4\u00e4 muuttamaan koko ilmeen.<\/p>\n<h2 data-section-id=\"189qedo\" data-start=\"929\" data-end=\"947\">Tuotetiedot<\/h2>\n<p data-start=\"949\" data-end=\"1007\"><strong data-start=\"949\" data-end=\"961\">Tuote:<\/strong> Thalia-kaulakoru<br data-start=\"977\" data-end=\"980\"><strong data-start=\"980\" data-end=\"995\">Mallisto:<\/strong> The Muses<\/p>\n<p data-start=\"1009\" data-end=\"1063\"><strong data-start=\"1009\" data-end=\"1026\">Korutyyppi:<\/strong> timanttikaulakoru<br data-start=\"1043\" data-end=\"1046\"><strong data-start=\"1046\" data-end=\"1056\">Metalli:<\/strong> kulta<\/p>\n<p data-start=\"1065\" data-end=\"1121\"><strong data-start=\"1065\" data-end=\"1080\">Ketjun tyyppi:<\/strong> ankkuriketju<br data-start=\"1093\" data-end=\"1096\">Ketjun pituus: 40 cm<\/p>\n<p data-start=\"1123\" data-end=\"1267\"><strong data-start=\"1123\" data-end=\"1140\">Keskikivi:<\/strong> laboratoriotimantti<br data-start=\"1158\" data-end=\"1161\"><strong data-start=\"1161\" data-end=\"1169\">Hionta:<\/strong> cushion<br data-start=\"1177\" data-end=\"1180\"><strong data-start=\"1180\" data-end=\"1197\">Paino:<\/strong> 0,70 ct<br data-start=\"1205\" data-end=\"1208\"><strong data-start=\"1208\" data-end=\"1218\">V\u00e4ri:<\/strong> E<br data-start=\"1220\" data-end=\"1223\"><strong data-start=\"1223\" data-end=\"1235\">Puhtaus:<\/strong> VVS2<br data-start=\"1240\" data-end=\"1243\"><strong data-start=\"1243\" data-end=\"1261\">Sertifikaatti:<\/strong> IGI<\/p>\n<p data-start=\"1269\" data-end=\"1329\"><strong data-start=\"1269\" data-end=\"1281\">Istutus: <\/strong>minimalistinen kehysistutus<\/p>\n<p data-start=\"1331\" data-end=\"1441\"><strong data-start=\"1331\" data-end=\"1341\">Tyyli:<\/strong> minimalistinen ja elegantti fine jewelry<br data-start=\"1382\" data-end=\"1385\"><strong data-start=\"1385\" data-end=\"1399\">Sijoittuu:<\/strong> solisluiden v\u00e4liin<\/p>\n<p data-start=\"1443\" data-end=\"1512\"><strong data-start=\"1443\" data-end=\"1460\">Sopii:<\/strong> jokap\u00e4iv\u00e4iseen k\u00e4ytt\u00f6\u00f6n, kerrostettavaksi muiden korujen kanssa, minimalistisen tyylin yst\u00e4ville.<\/p>\n<h2 data-section-id=\"19x8d55\" data-start=\"1519\" data-end=\"1540\"><strong style=\"font-size: 16px;\" data-start=\"1443\" data-end=\"1460\">Keywords \/ tags<\/strong><\/h2>\n<p data-start=\"1542\" data-end=\"1802\">minimalistinen timanttikaulakoru, tyynyhiottu timanttikaulakoru, laboratoriossa kasvatettu timanttiriipus, 0,70 karaatin timanttikaulakoru, IGI-sertifioitu laboratoriotimanttikoru, kultainen minimalistinen timanttikaulakoru, arkip\u00e4iv\u00e4n timanttikaulakoru, moderni hienokorukaulakoru, solisluukaulakoru<\/p>\n","protected":false},"excerpt":{"rendered":"<p>Minimalistinen kultainen kaulakoru, jossa 0,70 ct cushion-hiottu laboratoriotimantti (E\/VVS2) ja IGI-sertifikaatti.<br data-start=\"272\" data-end=\"275\">Hienovarainen 40 cm ankkuriketju asettuu kauniisti solisluiden v\u00e4liin.<\/p>\n","protected":false},"featured_media":63003,"comment_status":"open","ping_status":"closed","template":"","meta":[],"etheme_brands":[],"product_brand":[],"product_cat":[989],"product_tag":[994,1256,1002,1004,1007],"class_list":{"0":"post-63005","1":"product","2":"type-product","3":"status-publish","4":"has-post-thumbnail","6":"product_cat-kaulakorut-ja-riipukset","7":"product_tag-klassiset","8":"product_tag-lab-timantit","9":"product_tag-lakoniset","10":"product_tag-romanttiset","11":"product_tag-solitaire-sormus","13":"first","14":"instock","15":"shipping-taxable","16":"purchasable","17":"product-type-simple"},"acf":[],"yoast_head":"<!-- This site is optimized with the Yoast SEO Premium plugin v26.5 (Yoast SEO v26.8) - https:\/\/yoast.com\/product\/yoast-seo-premium-wordpress\/ -->\n<title>Thalia \u2013 kultainen kaulakoru cushion-hiotulla laborantilla - Colibri jewels<\/title>\n<meta name=\"description\" content=\"Minimalistinen kultainen Thalia-kaulakoru 0,70 ct cushion-hiotulla laboratoriotimantilla, IGI-sertifioitu. Hieno 40 cm ankkuriketju, joka asettuu kauniisti solisluiden v\u00e4liin.\" \/>\n<meta name=\"robots\" content=\"index, follow, max-snippet:-1, max-image-preview:large, max-video-preview:-1\" \/>\n<link rel=\"canonical\" href=\"https:\/\/colibri-jewels.eu\/fi\/tuote\/thalia-kultainen-kaulakoru-cushion-hiotulla-laborantilla\/\" \/>\n<meta property=\"og:locale\" content=\"fi_FI\" \/>\n<meta property=\"og:type\" content=\"article\" \/>\n<meta property=\"og:title\" content=\"Thalia \u2013 kultainen kaulakoru cushion-hiotulla laborantilla\" \/>\n<meta property=\"og:description\" content=\"Minimalistinen kultainen Thalia-kaulakoru 0,70 ct cushion-hiotulla laboratoriotimantilla, IGI-sertifioitu. Hieno 40 cm ankkuriketju, joka asettuu kauniisti solisluiden v\u00e4liin.\" \/>\n<meta property=\"og:url\" content=\"https:\/\/colibri-jewels.eu\/fi\/tuote\/thalia-kultainen-kaulakoru-cushion-hiotulla-laborantilla\/\" \/>\n<meta property=\"og:site_name\" content=\"Colibri jewels\" \/>\n<meta property=\"article:publisher\" content=\"https:\/\/www.facebook.com\/colibri.jewels\" \/>\n<meta property=\"og:image\" content=\"https:\/\/colibri-jewels.eu\/wp-content\/uploads\/2026\/03\/Thalia-\u2013-Gold-Necklace-with-Cushion-Lab-Diamond_N00884.jpg\" \/>\n\t<meta property=\"og:image:width\" content=\"1000\" \/>\n\t<meta property=\"og:image:height\" content=\"1000\" \/>\n\t<meta property=\"og:image:type\" content=\"image\/jpeg\" \/>\n<meta name=\"twitter:card\" content=\"summary_large_image\" \/>\n<meta name=\"twitter:label1\" content=\"Arvioitu lukuaika\" \/>\n\t<meta name=\"twitter:data1\" content=\"1 minuutti\" \/>\n<script type=\"application\/ld+json\" class=\"yoast-schema-graph\">{\"@context\":\"https:\/\/schema.org\",\"@graph\":[{\"@type\":\"WebPage\",\"@id\":\"https:\/\/colibri-jewels.eu\/fi\/tuote\/thalia-kultainen-kaulakoru-cushion-hiotulla-laborantilla\/\",\"url\":\"https:\/\/colibri-jewels.eu\/fi\/tuote\/thalia-kultainen-kaulakoru-cushion-hiotulla-laborantilla\/\",\"name\":\"Thalia \u2013 kultainen kaulakoru cushion-hiotulla laborantilla - Colibri jewels\",\"isPartOf\":{\"@id\":\"https:\/\/colibri-jewels.eu\/fi\/#website\"},\"primaryImageOfPage\":{\"@id\":\"https:\/\/colibri-jewels.eu\/fi\/tuote\/thalia-kultainen-kaulakoru-cushion-hiotulla-laborantilla\/#primaryimage\"},\"image\":{\"@id\":\"https:\/\/colibri-jewels.eu\/fi\/tuote\/thalia-kultainen-kaulakoru-cushion-hiotulla-laborantilla\/#primaryimage\"},\"thumbnailUrl\":\"https:\/\/colibri-jewels.eu\/wp-content\/uploads\/2026\/03\/Thalia-\u2013-Gold-Necklace-with-Cushion-Lab-Diamond_N00884.jpg\",\"datePublished\":\"2026-03-23T16:25:38+00:00\",\"description\":\"Minimalistinen kultainen Thalia-kaulakoru 0,70 ct cushion-hiotulla laboratoriotimantilla, IGI-sertifioitu. Hieno 40 cm ankkuriketju, joka asettuu kauniisti solisluiden v\u00e4liin.\",\"breadcrumb\":{\"@id\":\"https:\/\/colibri-jewels.eu\/fi\/tuote\/thalia-kultainen-kaulakoru-cushion-hiotulla-laborantilla\/#breadcrumb\"},\"inLanguage\":\"fi\",\"potentialAction\":[{\"@type\":\"ReadAction\",\"target\":[\"https:\/\/colibri-jewels.eu\/fi\/tuote\/thalia-kultainen-kaulakoru-cushion-hiotulla-laborantilla\/\"]}]},{\"@type\":\"ImageObject\",\"inLanguage\":\"fi\",\"@id\":\"https:\/\/colibri-jewels.eu\/fi\/tuote\/thalia-kultainen-kaulakoru-cushion-hiotulla-laborantilla\/#primaryimage\",\"url\":\"https:\/\/colibri-jewels.eu\/wp-content\/uploads\/2026\/03\/Thalia-\u2013-Gold-Necklace-with-Cushion-Lab-Diamond_N00884.jpg\",\"contentUrl\":\"https:\/\/colibri-jewels.eu\/wp-content\/uploads\/2026\/03\/Thalia-\u2013-Gold-Necklace-with-Cushion-Lab-Diamond_N00884.jpg\",\"width\":1000,\"height\":1000},{\"@type\":\"BreadcrumbList\",\"@id\":\"https:\/\/colibri-jewels.eu\/fi\/tuote\/thalia-kultainen-kaulakoru-cushion-hiotulla-laborantilla\/#breadcrumb\",\"itemListElement\":[{\"@type\":\"ListItem\",\"position\":1,\"name\":\"\u0413\u043b\u0430\u0432\u043d\u0430\u044f \u0441\u0442\u0440\u0430\u043d\u0438\u0446\u0430\",\"item\":\"https:\/\/colibri-jewels.eu\/fi\/\"},{\"@type\":\"ListItem\",\"position\":2,\"name\":\"Kauppa\",\"item\":\"https:\/\/colibri-jewels.eu\/fi\/kauppa\/\"},{\"@type\":\"ListItem\",\"position\":3,\"name\":\"Thalia \u2013 kultainen kaulakoru cushion-hiotulla laborantilla\"}]},{\"@type\":\"WebSite\",\"@id\":\"https:\/\/colibri-jewels.eu\/fi\/#website\",\"url\":\"https:\/\/colibri-jewels.eu\/fi\/\",\"name\":\"Colibri jewels\",\"description\":\"jewelry shop\",\"publisher\":{\"@id\":\"https:\/\/colibri-jewels.eu\/fi\/#organization\"},\"potentialAction\":[{\"@type\":\"SearchAction\",\"target\":{\"@type\":\"EntryPoint\",\"urlTemplate\":\"https:\/\/colibri-jewels.eu\/fi\/?s={search_term_string}\"},\"query-input\":{\"@type\":\"PropertyValueSpecification\",\"valueRequired\":true,\"valueName\":\"search_term_string\"}}],\"inLanguage\":\"fi\"},{\"@type\":\"Organization\",\"@id\":\"https:\/\/colibri-jewels.eu\/fi\/#organization\",\"name\":\"O\u00dc Colibri\",\"url\":\"https:\/\/colibri-jewels.eu\/fi\/\",\"logo\":{\"@type\":\"ImageObject\",\"inLanguage\":\"fi\",\"@id\":\"https:\/\/colibri-jewels.eu\/fi\/#\/schema\/logo\/image\/\",\"url\":\"https:\/\/dev.colibri-jewels.eu\/wp-content\/uploads\/2021\/03\/colibri.png\",\"contentUrl\":\"https:\/\/dev.colibri-jewels.eu\/wp-content\/uploads\/2021\/03\/colibri.png\",\"width\":227,\"height\":130,\"caption\":\"O\u00dc Colibri\"},\"image\":{\"@id\":\"https:\/\/colibri-jewels.eu\/fi\/#\/schema\/logo\/image\/\"},\"sameAs\":[\"https:\/\/www.facebook.com\/colibri.jewels\",\"https:\/\/www.instagram.com\/colibri.jewels\",\"https:\/\/www.tiktok.com\/colibri.jewels\"]}]}<\/script>\n<!-- \/ Yoast SEO Premium plugin. -->","yoast_head_json":{"title":"Thalia \u2013 kultainen kaulakoru cushion-hiotulla laborantilla - Colibri jewels","description":"Minimalistinen kultainen Thalia-kaulakoru 0,70 ct cushion-hiotulla laboratoriotimantilla, IGI-sertifioitu. Hieno 40 cm ankkuriketju, joka asettuu kauniisti solisluiden v\u00e4liin.","robots":{"index":"index","follow":"follow","max-snippet":"max-snippet:-1","max-image-preview":"max-image-preview:large","max-video-preview":"max-video-preview:-1"},"canonical":"https:\/\/colibri-jewels.eu\/fi\/tuote\/thalia-kultainen-kaulakoru-cushion-hiotulla-laborantilla\/","og_locale":"fi_FI","og_type":"article","og_title":"Thalia \u2013 kultainen kaulakoru cushion-hiotulla laborantilla","og_description":"Minimalistinen kultainen Thalia-kaulakoru 0,70 ct cushion-hiotulla laboratoriotimantilla, IGI-sertifioitu. Hieno 40 cm ankkuriketju, joka asettuu kauniisti solisluiden v\u00e4liin.","og_url":"https:\/\/colibri-jewels.eu\/fi\/tuote\/thalia-kultainen-kaulakoru-cushion-hiotulla-laborantilla\/","og_site_name":"Colibri jewels","article_publisher":"https:\/\/www.facebook.com\/colibri.jewels","og_image":[{"width":1000,"height":1000,"url":"https:\/\/colibri-jewels.eu\/wp-content\/uploads\/2026\/03\/Thalia-\u2013-Gold-Necklace-with-Cushion-Lab-Diamond_N00884.jpg","type":"image\/jpeg"}],"twitter_card":"summary_large_image","twitter_misc":{"Arvioitu lukuaika":"1 minuutti"},"schema":{"@context":"https:\/\/schema.org","@graph":[{"@type":"WebPage","@id":"https:\/\/colibri-jewels.eu\/fi\/tuote\/thalia-kultainen-kaulakoru-cushion-hiotulla-laborantilla\/","url":"https:\/\/colibri-jewels.eu\/fi\/tuote\/thalia-kultainen-kaulakoru-cushion-hiotulla-laborantilla\/","name":"Thalia \u2013 kultainen kaulakoru cushion-hiotulla laborantilla - Colibri jewels","isPartOf":{"@id":"https:\/\/colibri-jewels.eu\/fi\/#website"},"primaryImageOfPage":{"@id":"https:\/\/colibri-jewels.eu\/fi\/tuote\/thalia-kultainen-kaulakoru-cushion-hiotulla-laborantilla\/#primaryimage"},"image":{"@id":"https:\/\/colibri-jewels.eu\/fi\/tuote\/thalia-kultainen-kaulakoru-cushion-hiotulla-laborantilla\/#primaryimage"},"thumbnailUrl":"https:\/\/colibri-jewels.eu\/wp-content\/uploads\/2026\/03\/Thalia-\u2013-Gold-Necklace-with-Cushion-Lab-Diamond_N00884.jpg","datePublished":"2026-03-23T16:25:38+00:00","description":"Minimalistinen kultainen Thalia-kaulakoru 0,70 ct cushion-hiotulla laboratoriotimantilla, IGI-sertifioitu. Hieno 40 cm ankkuriketju, joka asettuu kauniisti solisluiden v\u00e4liin.","breadcrumb":{"@id":"https:\/\/colibri-jewels.eu\/fi\/tuote\/thalia-kultainen-kaulakoru-cushion-hiotulla-laborantilla\/#breadcrumb"},"inLanguage":"fi","potentialAction":[{"@type":"ReadAction","target":["https:\/\/colibri-jewels.eu\/fi\/tuote\/thalia-kultainen-kaulakoru-cushion-hiotulla-laborantilla\/"]}]},{"@type":"ImageObject","inLanguage":"fi","@id":"https:\/\/colibri-jewels.eu\/fi\/tuote\/thalia-kultainen-kaulakoru-cushion-hiotulla-laborantilla\/#primaryimage","url":"https:\/\/colibri-jewels.eu\/wp-content\/uploads\/2026\/03\/Thalia-\u2013-Gold-Necklace-with-Cushion-Lab-Diamond_N00884.jpg","contentUrl":"https:\/\/colibri-jewels.eu\/wp-content\/uploads\/2026\/03\/Thalia-\u2013-Gold-Necklace-with-Cushion-Lab-Diamond_N00884.jpg","width":1000,"height":1000},{"@type":"BreadcrumbList","@id":"https:\/\/colibri-jewels.eu\/fi\/tuote\/thalia-kultainen-kaulakoru-cushion-hiotulla-laborantilla\/#breadcrumb","itemListElement":[{"@type":"ListItem","position":1,"name":"\u0413\u043b\u0430\u0432\u043d\u0430\u044f \u0441\u0442\u0440\u0430\u043d\u0438\u0446\u0430","item":"https:\/\/colibri-jewels.eu\/fi\/"},{"@type":"ListItem","position":2,"name":"Kauppa","item":"https:\/\/colibri-jewels.eu\/fi\/kauppa\/"},{"@type":"ListItem","position":3,"name":"Thalia \u2013 kultainen kaulakoru cushion-hiotulla laborantilla"}]},{"@type":"WebSite","@id":"https:\/\/colibri-jewels.eu\/fi\/#website","url":"https:\/\/colibri-jewels.eu\/fi\/","name":"Colibri jewels","description":"jewelry shop","publisher":{"@id":"https:\/\/colibri-jewels.eu\/fi\/#organization"},"potentialAction":[{"@type":"SearchAction","target":{"@type":"EntryPoint","urlTemplate":"https:\/\/colibri-jewels.eu\/fi\/?s={search_term_string}"},"query-input":{"@type":"PropertyValueSpecification","valueRequired":true,"valueName":"search_term_string"}}],"inLanguage":"fi"},{"@type":"Organization","@id":"https:\/\/colibri-jewels.eu\/fi\/#organization","name":"O\u00dc Colibri","url":"https:\/\/colibri-jewels.eu\/fi\/","logo":{"@type":"ImageObject","inLanguage":"fi","@id":"https:\/\/colibri-jewels.eu\/fi\/#\/schema\/logo\/image\/","url":"https:\/\/dev.colibri-jewels.eu\/wp-content\/uploads\/2021\/03\/colibri.png","contentUrl":"https:\/\/dev.colibri-jewels.eu\/wp-content\/uploads\/2021\/03\/colibri.png","width":227,"height":130,"caption":"O\u00dc Colibri"},"image":{"@id":"https:\/\/colibri-jewels.eu\/fi\/#\/schema\/logo\/image\/"},"sameAs":["https:\/\/www.facebook.com\/colibri.jewels","https:\/\/www.instagram.com\/colibri.jewels","https:\/\/www.tiktok.com\/colibri.jewels"]}]}},"_links":{"self":[{"href":"https:\/\/colibri-jewels.eu\/fi\/wp-json\/wp\/v2\/product\/63005","targetHints":{"allow":["GET"]}}],"collection":[{"href":"https:\/\/colibri-jewels.eu\/fi\/wp-json\/wp\/v2\/product"}],"about":[{"href":"https:\/\/colibri-jewels.eu\/fi\/wp-json\/wp\/v2\/types\/product"}],"replies":[{"embeddable":true,"href":"https:\/\/colibri-jewels.eu\/fi\/wp-json\/wp\/v2\/comments?post=63005"}],"version-history":[{"count":2,"href":"https:\/\/colibri-jewels.eu\/fi\/wp-json\/wp\/v2\/product\/63005\/revisions"}],"predecessor-version":[{"id":63108,"href":"https:\/\/colibri-jewels.eu\/fi\/wp-json\/wp\/v2\/product\/63005\/revisions\/63108"}],"wp:featuredmedia":[{"embeddable":true,"href":"https:\/\/colibri-jewels.eu\/fi\/wp-json\/wp\/v2\/media\/63003"}],"wp:attachment":[{"href":"https:\/\/colibri-jewels.eu\/fi\/wp-json\/wp\/v2\/media?parent=63005"}],"wp:term":[{"taxonomy":"brand","embeddable":true,"href":"https:\/\/colibri-jewels.eu\/fi\/wp-json\/wp\/v2\/etheme_brands?post=63005"},{"taxonomy":"product_brand","embeddable":true,"href":"https:\/\/colibri-jewels.eu\/fi\/wp-json\/wp\/v2\/product_brand?post=63005"},{"taxonomy":"product_cat","embeddable":true,"href":"https:\/\/colibri-jewels.eu\/fi\/wp-json\/wp\/v2\/product_cat?post=63005"},{"taxonomy":"product_tag","embeddable":true,"href":"https:\/\/colibri-jewels.eu\/fi\/wp-json\/wp\/v2\/product_tag?post=63005"}],"curies":[{"name":"wp","href":"https:\/\/api.w.org\/{rel}","templated":true}]}}